{"id":3270,"date":"2026-02-28T01:11:19","date_gmt":"2026-02-28T04:11:19","guid":{"rendered":"https:\/\/bibliotecajuridicavirtual.cl\/?post_type=product&#038;p=3270"},"modified":"2026-02-28T01:12:08","modified_gmt":"2026-02-28T04:12:08","slug":"derecho-civil-sucesion-por-causa-de-muerte-y-donaciones-entre-vivos-ano-2024-361-pag-autor-abraham-kiverstein-hoijman","status":"publish","type":"product","link":"https:\/\/bibliotecajuridicavirtual.cl\/index.php\/product\/derecho-civil-sucesion-por-causa-de-muerte-y-donaciones-entre-vivos-ano-2024-361-pag-autor-abraham-kiverstein-hoijman\/","title":{"rendered":"Derecho Civil &#8211; Sucesi\u00f3n por Causa de Muerte y Donaciones entre vivos. A\u00f1o 2024 \/ 361 P\u00e1g. Autor  Abraham Kiverstein Hoijman"},"content":{"rendered":"<p style=\"font-weight: 400;\">El presente manual, elaborado con meticulosidad, se presenta con una redacci\u00f3n di\u00e1fana que conducir\u00e1 al lector a trav\u00e9s de los intrincados vericuetos de la sucesi\u00f3n testamentaria e intestada, brindando una visi\u00f3n completa y detallada de conceptos clave, teor\u00edas fundamentales y pr\u00e1cticas legales aplicables. Estructurado en cap\u00edtulos tem\u00e1ticos, el texto aborda desde nociones b\u00e1sicas hasta pormenores de la partici\u00f3n, culminando con las fonaciones entre vivos.<\/p>\n<p style=\"font-weight: 400;\">No s\u00f3lo aspira a transmitir conocimientos t\u00e9cnicos, sino tambi\u00e9n a facilitar el acercamiento de los estudiantes a esta \u00e1rea del Derecho, fomentando el pensamiento cr\u00edtico y la comprensi\u00f3n profunda de los principios que rigen la sucesi\u00f3n y las donaciones en el \u00e1mbito jur\u00eddico. A trav\u00e9s de ejemplos pr\u00e1cticos, an\u00e1lisis comparativos y casos ilustrativos, busca constituir una herramienta valiosa para aquellos que buscan sumergirse en este fascinante y vital campo del derecho.<\/p>\n<p style=\"font-weight: 400;\">Consideraciones previas<\/p>\n<ol>\n<li style=\"font-weight: 400;\">Reforma a las Leyes N\u00b0 19.585 y N\u00b0 19.620<br \/>\n2. El caso de la Ley N\u00b0 19.253, Ley Ind\u00edgena<br \/>\n3. Legislaci\u00f3n especial para los casos de desaparici\u00f3n forzada de personas<\/li>\n<\/ol>\n<p style=\"font-weight: 400;\"><b><strong>CAP\u00cdTULO PRIMERO<\/strong><\/b><br \/>\n<b><strong>GENERALIDADES<\/strong><\/b><\/p>\n<p style=\"font-weight: 400;\">Secci\u00f3n Primera<br \/>\nNociones fundamentales<\/p>\n<p style=\"font-weight: 400;\">Secci\u00f3n Segunda<br \/>\nApertura de la sucesi\u00f3n<\/p>\n<p style=\"font-weight: 400;\">Secci\u00f3n Tercera<br \/>\nLa herencia<\/p>\n<p style=\"font-weight: 400;\">Secci\u00f3n Cuarta<br \/>\nTeor\u00eda de los acervos<\/p>\n<p style=\"font-weight: 400;\">Secci\u00f3n Quinta<br \/>\nCondiciones requeridas para suceder<\/p>\n<ol>\n<li style=\"font-weight: 400;\">Capacidad para suceder<br \/>\nII. Dignidad para suceder<br \/>\nIII. Diferencias entre la incapacidad y la indignidad<\/li>\n<\/ol>\n<p style=\"font-weight: 400;\">Secci\u00f3n Sexta<br \/>\nDerecho de transmisi\u00f3n<\/p>\n<p style=\"font-weight: 400;\"><b><strong>CAP\u00cdTULO SEGUNDO<\/strong><\/b><br \/>\n<b><strong>DE LA SUCESI\u00d3N INTESTADA<\/strong><\/b><\/p>\n<p style=\"font-weight: 400;\">Secci\u00f3n Primera<br \/>\nGeneralidades<\/p>\n<p style=\"font-weight: 400;\">Secci\u00f3n Segunda<br \/>\nDerecho de representaci\u00f3n<\/p>\n<p style=\"font-weight: 400;\">Secci\u00f3n Tercera<br \/>\n\u00d3rdenes de sucesi\u00f3n<\/p>\n<p style=\"font-weight: 400;\">Secci\u00f3n Cuarta<br \/>\nLa sucesi\u00f3n y los extranjeros<\/p>\n<p style=\"font-weight: 400;\">Secci\u00f3n Quinta<br \/>\nSucesi\u00f3n parte testada y parte intestada<\/p>\n<p style=\"font-weight: 400;\"><b><strong>CAP\u00cdTULO TERCERO<\/strong><\/b><br \/>\n<b><strong>DE LA SUCESI\u00d3N TESTADA<\/strong><\/b><\/p>\n<p style=\"font-weight: 400;\">Secci\u00f3n Primera<br \/>\nGeneralidades<\/p>\n<p style=\"font-weight: 400;\">Secci\u00f3n Segunda<br \/>\nElementos del testamento<\/p>\n<p style=\"font-weight: 400;\">P\u00e1rrafo 1\u00b0<br \/>\nRequisitos internos<\/p>\n<p style=\"font-weight: 400;\">P\u00e1rrafo 2\u00b0<br \/>\nRequisitos externos o formalidades<\/p>\n<p style=\"font-weight: 400;\">Secci\u00f3n Tercera<br \/>\nLos testamentos otorgados en Chile<\/p>\n<p style=\"font-weight: 400;\">P\u00e1rrafo 1\u00b0<br \/>\nEl testamento solemne abierto<\/p>\n<p style=\"font-weight: 400;\">P\u00e1rrafo 2\u00b0<br \/>\nEl testamento solemne cerrado<\/p>\n<p style=\"font-weight: 400;\">Secci\u00f3n Cuarta<br \/>\nLos testamentos solemnes otorgados en el extranjero<\/p>\n<p style=\"font-weight: 400;\">Secci\u00f3n Quinta<br \/>\nLos testamentos privilegiados<\/p>\n<p style=\"font-weight: 400;\">P\u00e1rrafo 1\u00b0<br \/>\nEl testamento verbal<\/p>\n<p style=\"font-weight: 400;\">P\u00e1rrafo 2\u00b0<br \/>\nEl testamento militar<\/p>\n<p style=\"font-weight: 400;\">P\u00e1rrafo 3\u00b0<br \/>\nEl testamento mar\u00edtimo<\/p>\n<p style=\"font-weight: 400;\">Secci\u00f3n Sexta<br \/>\nInterpretaci\u00f3n de las disposiciones testamentarias<\/p>\n<p style=\"font-weight: 400;\"><b><strong>CAP\u00cdTULO CUARTO<\/strong><\/b><br \/>\n<b><strong>DE LAS ASIGNACIONES TESTAMENTARIAS<\/strong><\/b><\/p>\n<p style=\"font-weight: 400;\">Secci\u00f3n Primera<br \/>\nGeneralidades<\/p>\n<p style=\"font-weight: 400;\">P\u00e1rrafo 1\u00b0<br \/>\nCondiciones subjetivas<\/p>\n<p style=\"font-weight: 400;\">P\u00e1rrafo 2\u00b0<br \/>\nCondiciones objetivas<\/p>\n<p style=\"font-weight: 400;\">Secci\u00f3n Segunda<br \/>\nDiversas clases de asignaciones<\/p>\n<p style=\"font-weight: 400;\">P\u00e1rrafo 1\u00b0<br \/>\nAsignaciones condicionales<\/p>\n<p style=\"font-weight: 400;\">P\u00e1rrafo 2\u00b0<br \/>\nAsignaciones a plazo o d\u00eda<\/p>\n<p style=\"font-weight: 400;\">P\u00e1rrafo 3\u00b0<br \/>\nAsignaciones modales<\/p>\n<p style=\"font-weight: 400;\">P\u00e1rrafo 4\u00b0<br \/>\nAsignaciones a t\u00edtulo universal<\/p>\n<p style=\"font-weight: 400;\">P\u00e1rrafo 5\u00b0<br \/>\nAsignaciones a t\u00edtulo singular<\/p>\n<p style=\"font-weight: 400;\">Secci\u00f3n Tercera<br \/>\nLas donaciones recovables<\/p>\n<p style=\"font-weight: 400;\">Secci\u00f3n Cuarta<br \/>\nEl derecho de acrecer<\/p>\n<p style=\"font-weight: 400;\">Secci\u00f3n Quinta<br \/>\nLa substituci\u00f3n<\/p>\n<p style=\"font-weight: 400;\">Secci\u00f3n Sexta<br \/>\nEstudio comparativo entre la transmisi\u00f3n, representaci\u00f3n, acrecimiento y substituci\u00f3n<\/p>\n<p style=\"font-weight: 400;\"><b><strong>CAP\u00cdTULO QUINTO<\/strong><\/b><br \/>\n<b><strong>DE LAS ASIGNACIONES FORZOSAS<\/strong><\/b><\/p>\n<p style=\"font-weight: 400;\">Secci\u00f3n Primera<br \/>\nGeneralidades<\/p>\n<p style=\"font-weight: 400;\">Secci\u00f3n Segunda<br \/>\nAsignaciones alimenticias forzosas<\/p>\n<p style=\"font-weight: 400;\">Secci\u00f3n Tercera<br \/>\nLas leg\u00edtimas<\/p>\n<p style=\"font-weight: 400;\">Acervos imaginarios<\/p>\n<p style=\"font-weight: 400;\">Secci\u00f3n Cuarta<br \/>\nLa cuarta de mejoras<\/p>\n<p style=\"font-weight: 400;\">Secci\u00f3n Quinta<br \/>\nEl desheredamiento<\/p>\n<p style=\"font-weight: 400;\"><b><strong>CAP\u00cdTULO SEXTO<\/strong><\/b><br \/>\n<b><strong>LA REVOCACI\u00d3N Y REFORMA DEL TESTAMENTO<\/strong><\/b><\/p>\n<p style=\"font-weight: 400;\"><b><strong>CAP\u00cdTULO S\u00c9PTIMO<\/strong><\/b><br \/>\n<b><strong>DE LA APERTURA DE LA SUCESI\u00d3N, Y DE SU ACEPTACI\u00d3N, REPUDACI\u00d3N E INVENTARIO<\/strong><\/b><\/p>\n<p style=\"font-weight: 400;\">Secci\u00f3n Primera<br \/>\nReglas generales<\/p>\n<p style=\"font-weight: 400;\">Secci\u00f3n Segunda<br \/>\nLa aceptaci\u00f3n y repudiaci\u00f3n de las asignaciones<\/p>\n<p style=\"font-weight: 400;\">Secci\u00f3n Tercera<br \/>\nLa herencia yacente<\/p>\n<p style=\"font-weight: 400;\">Secci\u00f3n Cuarta<br \/>\nEl beneficio de inventario<\/p>\n<p style=\"font-weight: 400;\"><b><strong>CAP\u00cdTULO OCTAVO<\/strong><\/b><br \/>\n<b><strong>DE LA ACCI\u00d3N DE PETICI\u00d3N DE HERENCIA<\/strong><\/b><\/p>\n<p style=\"font-weight: 400;\"><b><strong>CAP\u00cdTULO NOVENO<\/strong><\/b><br \/>\n<b><strong>DE LOS ALBACEAS O EJECUTORES TESTAMENTARIOS<\/strong><\/b><\/p>\n<p style=\"font-weight: 400;\">Secci\u00f3n Primera<br \/>\nGeneralidades<\/p>\n<p style=\"font-weight: 400;\">Secci\u00f3n Segunda<br \/>\nFacultades y obligaciones del albacea sin tenencia de bienes<\/p>\n<p style=\"font-weight: 400;\">Secci\u00f3n Tercera<br \/>\nAtribuciones del albacea con tenencia de bienes<\/p>\n<p style=\"font-weight: 400;\">Secci\u00f3n Cuarta<br \/>\nLos albaceas fiduciarios<\/p>\n<p style=\"font-weight: 400;\"><b><strong>CAP\u00cdTULO D\u00c9CIMO<\/strong><\/b><br \/>\n<b><strong>DE LA PARTICI\u00d3N DE BIENES<\/strong><\/b><\/p>\n<p style=\"font-weight: 400;\">Secci\u00f3n Primera<br \/>\nGeneralidades<\/p>\n<p style=\"font-weight: 400;\">Secci\u00f3n Segunda<br \/>\nTr\u00e1mites previos a la partici\u00f3n<\/p>\n<p style=\"font-weight: 400;\">Secci\u00f3n Tercera<br \/>\nFormas de hacer la partici\u00f3n<\/p>\n<p style=\"font-weight: 400;\">Secci\u00f3n Cuarta<br \/>\nCompetencia del partidor<\/p>\n<p style=\"font-weight: 400;\">Secci\u00f3n Quinta<br \/>\nTramitaci\u00f3n del juicio de partici\u00f3n<\/p>\n<p style=\"font-weight: 400;\">Secci\u00f3n Sexta<br \/>\nDe las adjudicaciones<\/p>\n<p style=\"font-weight: 400;\">Secci\u00f3n S\u00e9ptima<br \/>\nEl laudo y la ordenata<\/p>\n<p style=\"font-weight: 400;\">Secci\u00f3n Octava<br \/>\nAcciones y recursos contra las particiones<\/p>\n<p style=\"font-weight: 400;\"><b><strong>CAP\u00cdTULO UND\u00c9CIMO<\/strong><\/b><br \/>\n<b><strong>DEL PAGO DE LAS DEUDAS HEREDITARIAS Y TESTAMENTARIAS<\/strong><\/b><\/p>\n<p style=\"font-weight: 400;\">Secci\u00f3n Primera<br \/>\nGeneralidades<\/p>\n<p style=\"font-weight: 400;\">Secci\u00f3n Segunda<br \/>\nPago de las deudas hereditarias<\/p>\n<p style=\"font-weight: 400;\">Secci\u00f3n Tercera<br \/>\nPago de las cargas testamentarias<\/p>\n<p style=\"font-weight: 400;\"><b><strong>CAP\u00cdTULO DUOD\u00c9CIMO<br \/>\nDEL BENEFICIO DE SEPARACI\u00d3N<\/strong><\/b><\/p>\n<p style=\"font-weight: 400;\"><b><strong>CAP\u00cdTULO DECIMOTERCERO<\/strong><\/b><br \/>\n<b><strong>DE LAS DONACIONES ENTRE VIVOS<\/strong><\/b><\/p>\n<p style=\"font-weight: 400;\">Secci\u00f3n Primera<br \/>\nNormas generales<\/p>\n<p style=\"font-weight: 400;\">Secci\u00f3n Segunda<br \/>\nEstudio de cada una de las clases de donaciones<\/p>\n<p style=\"font-weight: 400;\">Secci\u00f3n Tercero<br \/>\nC\u00f3mo terminan las donaciones entre vivos<\/p>\n","protected":false},"excerpt":{"rendered":"<p>EDICI\u00d3N ACTUALIZADA. A\u00d1O 2024<\/p>\n","protected":false},"featured_media":3326,"comment_status":"open","ping_status":"closed","template":"","meta":{"inline_featured_image":false,"_joinchat":[]},"product_brand":[],"product_cat":[27,26,29],"product_tag":[],"class_list":{"0":"post-3270","1":"product","2":"type-product","3":"status-publish","4":"has-post-thumbnail","6":"product_cat-civil","7":"product_cat-derecho","8":"product_cat-familia-y-del-menor","9":"product_shipping_class-a-convenir","11":"first","12":"instock","13":"shipping-taxable","14":"purchasable","15":"product-type-simple"},"_links":{"self":[{"href":"https:\/\/bibliotecajuridicavirtual.cl\/index.php\/wp-json\/wp\/v2\/product\/3270","targetHints":{"allow":["GET"]}}],"collection":[{"href":"https:\/\/bibliotecajuridicavirtual.cl\/index.php\/wp-json\/wp\/v2\/product"}],"about":[{"href":"https:\/\/bibliotecajuridicavirtual.cl\/index.php\/wp-json\/wp\/v2\/types\/product"}],"replies":[{"embeddable":true,"href":"https:\/\/bibliotecajuridicavirtual.cl\/index.php\/wp-json\/wp\/v2\/comments?post=3270"}],"wp:featuredmedia":[{"embeddable":true,"href":"https:\/\/bibliotecajuridicavirtual.cl\/index.php\/wp-json\/wp\/v2\/media\/3326"}],"wp:attachment":[{"href":"https:\/\/bibliotecajuridicavirtual.cl\/index.php\/wp-json\/wp\/v2\/media?parent=3270"}],"wp:term":[{"taxonomy":"product_brand","embeddable":true,"href":"https:\/\/bibliotecajuridicavirtual.cl\/index.php\/wp-json\/wp\/v2\/product_brand?post=3270"},{"taxonomy":"product_cat","embeddable":true,"href":"https:\/\/bibliotecajuridicavirtual.cl\/index.php\/wp-json\/wp\/v2\/product_cat?post=3270"},{"taxonomy":"product_tag","embeddable":true,"href":"https:\/\/bibliotecajuridicavirtual.cl\/index.php\/wp-json\/wp\/v2\/product_tag?post=3270"}],"curies":[{"name":"wp","href":"https:\/\/api.w.org\/{rel}","templated":true}]}}