{"id":3271,"date":"2026-02-28T01:11:19","date_gmt":"2026-02-28T04:11:19","guid":{"rendered":"https:\/\/bibliotecajuridicavirtual.cl\/?post_type=product&#038;p=3271"},"modified":"2026-02-28T01:12:09","modified_gmt":"2026-02-28T04:12:09","slug":"feminismo-y-derecho-penal-edicion-actualizada-ano-2024-350-pag-autor-jose-angel-fernandez-y-cruz-rocio-lorca-ferreccio","status":"publish","type":"product","link":"https:\/\/bibliotecajuridicavirtual.cl\/index.php\/product\/feminismo-y-derecho-penal-edicion-actualizada-ano-2024-350-pag-autor-jose-angel-fernandez-y-cruz-rocio-lorca-ferreccio\/","title":{"rendered":"Feminismo y Derecho Penal, Edici\u00f3n Actualizada. A\u00f1o  2024\/ 350 P\u00e1g. Autor Jos\u00e9 Angel Fernandez  y Cruz Roc\u00edo Lorca Ferreccio"},"content":{"rendered":"<p>Los cap\u00edtulos que componen esta obra ofrecen una cartograf\u00eda y evaluaci\u00f3n de la influencia de la teor\u00eda feminista en las ciencias penales. En concreto, dan cuenta de su impacto en disciplinas normativas tales como el derecho penal, el derecho penitenciario o el derecho probatorio; o en m\u00e9todos jur\u00eddicos tales como la dogm\u00e1tica penal y la ense\u00f1anza del derecho penal.<br \/>\nTodas las secciones de este libro tienen como objetivo com\u00fan abrir debates y no cerrarlos. La mayor\u00eda de ellos se caracteriza por un intento de incluir matices y resistir generalizaciones y simplificaciones, que impiden el desarrollo de una conversaci\u00f3n constructiva sobre las maneras en las que el derecho penal debe acoger los desaf\u00edos de una agenda feminista. Todas las secciones tambi\u00e9n tienen en com\u00fan un reconocimiento, impl\u00edcito o expl\u00edcito, de las demandas feministas en el derecho penal. Algunas demandas han sido reconocidas y reguladas por los sistemas jur\u00eddico penales, otras deber\u00e1n serlo, y unas pocas ser\u00e1n siempre resistidas por quienes creemos que el derecho penal debe cumplir un rol m\u00e1s bien modesto y marginal en la superaci\u00f3n de los problemas sociales.<br \/>\nEn conclusi\u00f3n, el lector tiene en sus manos una obra que le permitir\u00e1 entender y valorar muchos de los cambios que el feminismo ha impulsado en las ciencias penales, algunos de los cuales han llegado incluso a poner en cuesti\u00f3n la comprensi\u00f3n cl\u00e1sica del derecho penal.<\/p>\n<p>Introducci\u00f3n<br \/>\nPrologo. \u00a0Yanira Z\u00fa\u00f1iga Orozco, Universidad Austral de Chile<br \/>\nPrimera parte: Feminismo y Pol\u00edtica Criminal<br \/>\n1. Una cr\u00edtica al feminismo securitario. Jos\u00e9 \u00c1ngel Fern\u00e1ndez Cruz, Universidad Austral de Chile.<br \/>\n2. Ideolog\u00edas feministas sobre el derecho penal: entre punitivismo y abolici\u00f3n. Roc\u00edo Lorca Ferreccio, Universidad de Chile.<br \/>\n3. Violencia de g\u00e9nero y Justicia restaurativa. Ra\u00fal Carnevali, Universidad de Talca.<br \/>\n4. Un intento fallido de limitar el derecho penal. Gustavo A. Beade, Universidad Austral de Chile.<br \/>\nSegunda parte: Feminismo y Dogm\u00e1tica Penal<br \/>\n5. La agresi\u00f3n permanente en VIF y su repercusi\u00f3n en el \u00e1mbito del injusto. Myrna Villegas D\u00edaz, Universidad de Chile.<br \/>\n6. El homicidio del marido maltratador en chile y la justicia con perspectiva de g\u00e9nero. Javier Wilenmann, Universidad Diego Portales.<br \/>\n7. Problemas en la criminalizaci\u00f3n de mujeres por delitos de drogas. Mar\u00eda Lina Carrera, Universidad de Buenos Aires<br \/>\nTercera Parte: Feminismo y C\u00e1rcel<br \/>\n8. Las consecuencias colaterales de un castigo sin perspectiva de g\u00e9nero: la situaci\u00f3n de las mujeres privadas de libertad. Hugo Villalobos. investigador en ONG Leasur.<br \/>\n9. Est\u00e1ndares de tratamiento de las adolescentes privadas de libertad en Chile: un an\u00e1lisis desde la perspectiva de g\u00e9nero y derechos humanos. Marcela Aedo, Universidad de Valpara\u00edso; Patricia Varela Pino, Universidad de Valpara\u00edso. Laura Romero Rojas, Universidad de Valpara\u00edso.<br \/>\n10. \u00bfLa pena mixta debe incorporar la perspectiva de g\u00e9nero? Estudio exploratorio de su aplicaci\u00f3n en la Regi\u00f3n de Valpara\u00edso. Macarena Mart\u00ednez Pacheco, Pontificia Universidad Cat\u00f3lica de Valpara\u00edso; Roc\u00edo S\u00e1nchez P\u00e9rez, Universidad Andr\u00e9s Bello; \u00a0y Mar\u00eda Patricia Tapia Palma, Universidad de Valpara\u00edso.<br \/>\nCuarta Parte: Feminismo, Prueba y Proceso Penal<br \/>\n11. Reflexiones probatorias en torno a los delitos de g\u00e9nero con especial \u00e9nfasis en el femicidio en Chile. Marcela Araya, Universidad de Atacama.<br \/>\n12. Mujeres v\u00edctimas y sesgos infundados: los riesgos de la Teor\u00eda persuasiva de la prueba para la determinaci\u00f3n judicial de la pena exacta. Isabel Ruiz-Esquide, Universidad Austral de Chile.<br \/>\n13. El sistema de jurados frente a mujeres que matan a su pareja violenta. El litigio en el centro del debate. Cecilia Gonz\u00e1lez, Universidad de Palermo.<br \/>\nQuinta parte: Feminismo, Populismo y \u201cFunas\u201d<br \/>\n14. Sobre las funas feministas y el delito de injurias. Catherine R\u00edos Ram\u00edrez. Universidad Andr\u00e9s Bello.<br \/>\n15. Punitivismo, feminismo y populismo, \u00bfun disparo en los pies a la equidad de g\u00e9nero? Alejandra Castillo Ara. Universidad Diego Portales.<br \/>\n16. Derecho penal y grupos de presi\u00f3n feministas: una aproximaci\u00f3n a la reciente legislaci\u00f3n espa\u00f1ola. Deborah Garc\u00eda Magna, Universidad de M\u00e1laga.<br \/>\n17. Breve ensayo sobre la ense\u00f1anza de los delitos sexuales en el Chile post<\/p>\n","protected":false},"excerpt":{"rendered":"<p>EDICI\u00d3N ACTUALIZADA MARZO A\u00d1O 2024<\/p>\n","protected":false},"featured_media":3327,"comment_status":"open","ping_status":"closed","template":"","meta":{"inline_featured_image":false,"_joinchat":[]},"product_brand":[],"product_cat":[26,30],"product_tag":[],"class_list":{"0":"post-3271","1":"product","2":"type-product","3":"status-publish","4":"has-post-thumbnail","6":"product_cat-derecho","7":"product_cat-penal","8":"product_shipping_class-a-convenir","10":"first","11":"instock","12":"shipping-taxable","13":"purchasable","14":"product-type-simple"},"_links":{"self":[{"href":"https:\/\/bibliotecajuridicavirtual.cl\/index.php\/wp-json\/wp\/v2\/product\/3271","targetHints":{"allow":["GET"]}}],"collection":[{"href":"https:\/\/bibliotecajuridicavirtual.cl\/index.php\/wp-json\/wp\/v2\/product"}],"about":[{"href":"https:\/\/bibliotecajuridicavirtual.cl\/index.php\/wp-json\/wp\/v2\/types\/product"}],"replies":[{"embeddable":true,"href":"https:\/\/bibliotecajuridicavirtual.cl\/index.php\/wp-json\/wp\/v2\/comments?post=3271"}],"wp:featuredmedia":[{"embeddable":true,"href":"https:\/\/bibliotecajuridicavirtual.cl\/index.php\/wp-json\/wp\/v2\/media\/3327"}],"wp:attachment":[{"href":"https:\/\/bibliotecajuridicavirtual.cl\/index.php\/wp-json\/wp\/v2\/media?parent=3271"}],"wp:term":[{"taxonomy":"product_brand","embeddable":true,"href":"https:\/\/bibliotecajuridicavirtual.cl\/index.php\/wp-json\/wp\/v2\/product_brand?post=3271"},{"taxonomy":"product_cat","embeddable":true,"href":"https:\/\/bibliotecajuridicavirtual.cl\/index.php\/wp-json\/wp\/v2\/product_cat?post=3271"},{"taxonomy":"product_tag","embeddable":true,"href":"https:\/\/bibliotecajuridicavirtual.cl\/index.php\/wp-json\/wp\/v2\/product_tag?post=3271"}],"curies":[{"name":"wp","href":"https:\/\/api.w.org\/{rel}","templated":true}]}}