{"id":3272,"date":"2026-02-28T01:11:19","date_gmt":"2026-02-28T04:11:19","guid":{"rendered":"https:\/\/bibliotecajuridicavirtual.cl\/?post_type=product&#038;p=3272"},"modified":"2026-03-28T00:04:38","modified_gmt":"2026-03-28T03:04:38","slug":"codigo-de-comercio-de-chile-4ta-edicion-con-apendice-legislativo-indices-tematico-y-analitico-ano-2025-924-pag-autor-manuel-bernet-paez","status":"publish","type":"product","link":"https:\/\/bibliotecajuridicavirtual.cl\/index.php\/product\/codigo-de-comercio-de-chile-4ta-edicion-con-apendice-legislativo-indices-tematico-y-analitico-ano-2025-924-pag-autor-manuel-bernet-paez\/","title":{"rendered":"C\u00f3digo de Comercio de Chile 4ta. Edici\u00f3n con Ap\u00e9ndice Legislativo &#8211; \u00cdndices Tem\u00e1tico y Anal\u00edtico. A\u00f1o 2025\/ 924 P\u00e1g. Autor  Manuel Bernet P\u00e1ez"},"content":{"rendered":"<p>C\u00f3digo de Comercio de Chile<\/p>\n<p>4\u00aa Edici\u00f3n con ap\u00e9ndice legislativo<\/p>\n<p>\u00cdndices tem\u00e1tico y anal\u00edtico<\/p>\n<p>Actualizado a febrero 2025<\/p>\n<p>Ley N\u00ba 20.720. Sustituye el r\u00e9gimen concursal vigente por una ley de reorganizaci\u00f3n y liquidaci\u00f3n de empresas y personas, y perfecciona el rol de la superintendencia del ramo<br \/>\nReglamento para el Registro de Comercio<br \/>\nT\u00edtulo XXXVIII del Libro IV del C\u00f3digo Civil<br \/>\nLey N\u00ba 3.918. Ley sobre sociedades de responsabilidad limitada<br \/>\nLey N\u00ba 19.499. Establece normas sobre saneamiento de vicios de nulidad de sociedades y modifica C\u00f3digo de Comercio y otros cuerpos legales<br \/>\nLey N\u00ba 20.659. Simplifica el r\u00e9gimen de constituci\u00f3n, modificaci\u00f3n y disoluci\u00f3n de las sociedades comerciales<br \/>\nDecreto N\u00ba 83. Aprueba nuevo Reglamento de la Ley n\u00ba 20.659, que simplifica el r\u00e9gimen de constituci\u00f3n, modificaci\u00f3n y disoluci\u00f3n de las sociedades comerciales<br \/>\nLey N\u00ba 19.857. Autoriza el establecimiento de empresas individuales de responsabilidad limitada<br \/>\nLey N\u00ba 18.046. Ley sobre sociedades an\u00f3nimas<\/p>\n<p>Decreto Supremo N\u00ba 702. Aprueba nuevo Reglamento de sociedades an\u00f3nimas<br \/>\nLey N\u00ba 18.045. Ley de mercado de valores<br \/>\nLey N\u00ba 21.521. Promueve la competencia e inclusi\u00f3n financiera a trav\u00e9s de la innovaci\u00f3n y tecnolog\u00eda en la prestaci\u00f3n de servicios financieros, ley FINTEC<br \/>\nLey N\u00ba 18.092. Dicta nuevas normas sobre letra de cambio y pagar\u00e9 y deroga disposiciones del C\u00f3digo de Comercio<br \/>\nDecreto con Fuerza de Ley N\u00ba 707. Fija texto refundido, coordinado y sistematizado de la ley sobre cuentas corrientes bancarias y cheques<br \/>\nLey N\u00ba 19.983. Regula la transferencia y otorga merito ejecutivo a copia de la factura<br \/>\nDecreto N\u00ba 93. Aprueba Reglamento para la aplicaci\u00f3n del art\u00edculo noveno de la Ley n\u00ba 19.983, Respecto de la cesi\u00f3n de los cr\u00e9ditos contenidos en una factura electr\u00f3nica<br \/>\nDecreto con Fuerza de Ley N\u00ba 251. Compa\u00f1\u00edas de seguros, sociedades an\u00f3nimas y bolsas de comercio<\/p>\n","protected":false},"excerpt":{"rendered":"<p>Buscas un libro Jur\u00eddico.? Lo puedes encontrar en nuestra tienda virtual.<br \/>\nContamos con prestigiosos autores y muchas alternativas en sus diferentes materias al igual que grandes descuentos.! Vis\u00edtanos en <a class=\"QtjEaunlPPuRnXMyAbuKnIeQkZnVqnzhvEqqI \" tabindex=\"0\" href=\"https:\/\/lnkd.in\/eiAG7jdZ\" target=\"_blank\" rel=\"noopener\" data-test-app-aware-link=\"\">https:\/\/lnkd.in\/eiAG7jdZ<\/a><br \/>\nEscr\u00edbenos al +56930565235 \/ <a class=\"QtjEaunlPPuRnXMyAbuKnIeQkZnVqnzhvEqqI \" tabindex=\"0\" href=\"mailto:ventaslegallexglobal@gmail.com\" target=\"_self\" data-test-app-aware-link=\"\">ventaslegallexglobal@gmail.com<\/a><br \/>\nHacemos env\u00edos a todo Chile \u2013 Starken o Correos Chile \/ Te esperamos<\/p>\n","protected":false},"featured_media":5346,"comment_status":"open","ping_status":"closed","template":"","meta":{"inline_featured_image":false,"_joinchat":[]},"product_brand":[],"product_cat":[51,48],"product_tag":[],"class_list":{"0":"post-3272","1":"product","2":"type-product","3":"status-publish","4":"has-post-thumbnail","6":"product_cat-codigos-de-la-republica-de-chile-ano-2025","7":"product_cat-comercial","8":"product_shipping_class-a-convenir","10":"first","11":"instock","12":"shipping-taxable","13":"purchasable","14":"product-type-simple"},"_links":{"self":[{"href":"https:\/\/bibliotecajuridicavirtual.cl\/index.php\/wp-json\/wp\/v2\/product\/3272","targetHints":{"allow":["GET"]}}],"collection":[{"href":"https:\/\/bibliotecajuridicavirtual.cl\/index.php\/wp-json\/wp\/v2\/product"}],"about":[{"href":"https:\/\/bibliotecajuridicavirtual.cl\/index.php\/wp-json\/wp\/v2\/types\/product"}],"replies":[{"embeddable":true,"href":"https:\/\/bibliotecajuridicavirtual.cl\/index.php\/wp-json\/wp\/v2\/comments?post=3272"}],"wp:featuredmedia":[{"embeddable":true,"href":"https:\/\/bibliotecajuridicavirtual.cl\/index.php\/wp-json\/wp\/v2\/media\/5346"}],"wp:attachment":[{"href":"https:\/\/bibliotecajuridicavirtual.cl\/index.php\/wp-json\/wp\/v2\/media?parent=3272"}],"wp:term":[{"taxonomy":"product_brand","embeddable":true,"href":"https:\/\/bibliotecajuridicavirtual.cl\/index.php\/wp-json\/wp\/v2\/product_brand?post=3272"},{"taxonomy":"product_cat","embeddable":true,"href":"https:\/\/bibliotecajuridicavirtual.cl\/index.php\/wp-json\/wp\/v2\/product_cat?post=3272"},{"taxonomy":"product_tag","embeddable":true,"href":"https:\/\/bibliotecajuridicavirtual.cl\/index.php\/wp-json\/wp\/v2\/product_tag?post=3272"}],"curies":[{"name":"wp","href":"https:\/\/api.w.org\/{rel}","templated":true}]}}