{"id":3273,"date":"2026-02-28T01:11:19","date_gmt":"2026-02-28T04:11:19","guid":{"rendered":"https:\/\/bibliotecajuridicavirtual.cl\/?post_type=product&#038;p=3273"},"modified":"2026-02-28T01:12:10","modified_gmt":"2026-02-28T04:12:10","slug":"elementos-del-sistema-de-responsabilidad-en-el-proceso-ambiental-una-propuesta-de-armonizacion-jairo-enrique-lucero-pantoja-ano-2024-412-pag","status":"publish","type":"product","link":"https:\/\/bibliotecajuridicavirtual.cl\/index.php\/product\/elementos-del-sistema-de-responsabilidad-en-el-proceso-ambiental-una-propuesta-de-armonizacion-jairo-enrique-lucero-pantoja-ano-2024-412-pag\/","title":{"rendered":"Elementos del Sistema de Responsabilidad en el Proceso Ambiental. Una Propuesta de Armonizaci\u00f3n * Jairo Enrique Lucero Pantoja &#8211; A\u00f1o 2024\/ 412 P\u00e1g."},"content":{"rendered":"<p>El derecho ambiental ha generado una transformaci\u00f3n transversal en las instituciones jur\u00eddico-procesales, no estando exenta aquella que determina la ocurrencia de la responsabilidad. En efecto, siendo el da\u00f1o ambiental un acontecimiento decodificante, cuya manifestaci\u00f3n no siempre se puede observar en el presente, pudiendo generar efectos permanentes e irreparables, derivarse de actos acumulativos, y ante todo, generar perjuicios para un indeterminado grupo de personas (inclusive futuras), se hace indispensable transformar su tratamiento sustancial, procesal y probatorio, a uno en el que compatibilice la garant\u00eda de los derechos afectados (o potencialmente afectados) con la naturaleza de este da\u00f1o (as\u00ed como a los riesgos o amenazas de su ocurrencia).<br \/>\nEn tal medida, lo que se propone en el presente trabajo no son conclusiones pac\u00edficas, siempre que hemos dise\u00f1ado, a partir de las teor\u00edas contempor\u00e1neas de la publicitaci\u00f3n del proceso y el mandato del actuar jur\u00eddico-procesal pro ambiental, la deconstruccion de los elementos de la responsabilidad cuando un proceso aborde derechos o servicios ecosist\u00e9micos. De esta manera, a trav\u00e9s de cinco cap\u00edtulos, propondremos los l\u00edmites de la intervenci\u00f3n jurisdiccional del Estado en procesos ambientales, y sobre esta base delinearemos las transformaciones que deben realizarse al entendimiento del da\u00f1o, el nexo causal y la atribuci\u00f3n de responsabilidad.<br \/>\nEste libro forma parte del proyecto Fondecyt iniciaci\u00f3n N\u00ba. 11241049, a\u00f1o 2024, financiado por la Agencia Nacional de Investigaci\u00f3n y Desarrollo de Chile (ANID), denominado &#8220;Valoraci\u00f3n y est\u00e1ndar probatorio en el proceso ambiental en Chile. Una propuesta te\u00f3rica probatoria hacia la justicia ambiental&#8221;, del que el autor es investigador responsable.<\/p>\n<p>\u00cdndice<br \/>\nAbreviaturas\u00a0\u00a0 \u00a0\u00a0\u00a0 \u00a015<br \/>\nPr\u00f3logo\u00a0\u00a0 \u00a0\u00a0\u00a0 \u00a017<br \/>\nDr. Iv\u00e1n Hunter Ampuero<br \/>\nNota previa del autor\u00a0\u00a0 \u00a0\u00a0\u00a0 \u00a025<br \/>\nIntroducci\u00f3n\u00a0\u00a0 \u00a0\u00a0\u00a0 \u00a027<br \/>\n1. CIMENTANDO EL SALTO COPERNICANO. EL FAVOR VICTIMAE COMO N\u00daCLEO VAL\u00d3RICO DE LA RESPONSABILIDAD Y LOS L\u00cdMITES DE LA HABILITACI\u00d3N DE INTERVENCI\u00d3N JURISDICCIONAL AMBIENTAL\u00a0\u00a0 \u00a0\u00a0\u00a0 \u00a035<br \/>\n2. DA\u00d1O COMO ELEMENTO INSUFICIENTE DE LA RESPONSABILIDAD AMBIENTAL\u00a0\u00a0 \u00a0\u00a0\u00a0 \u00a071<br \/>\n3. DECONSTRUCCI\u00d3N DEL NEXO CAUSAL COMO ELEMENTO DE LA RESPONSABILIDAD AMBIENTAL\u00a0\u00a0 \u00a0\u00a0\u00a0 \u00a0115<br \/>\n3.1. Respuestas primarias (imputabilidad y funci\u00f3n)\u00a0\u00a0 \u00a0\u00a0\u00a0 \u00a0116<br \/>\n3.2. Nexo de causalidad cl\u00e1sico y la naturaleza cocausal y concausal del da\u00f1o ambiental\u00a0\u00a0 \u00a0\u00a0\u00a0 \u00a0119<br \/>\n3.3. Propuestas de causalidad en la modernidad\u00a0\u00a0 \u00a0\u00a0\u00a0 \u00a0139<br \/>\n3.4. Causalidad probabil\u00edstica ambiental\u00a0\u00a0 \u00a0\u00a0\u00a0 \u00a0171<br \/>\n3.4.1. \u00c1ngulo complementario i\u00a0\u00a0 \u00a0\u00a0\u00a0 \u00a0178<br \/>\n3.4.1.1. Aclaraciones del \u00e1ngulo complementario i\u00a0\u00a0 \u00a0\u00a0\u00a0 \u00a0202<br \/>\n3.4.2. \u00c1ngulo complementario ii\u00a0\u00a0 \u00a0\u00a0\u00a0 \u00a0223<br \/>\n3.4.3. A modo de corolario\u00a0\u00a0 \u00a0\u00a0\u00a0 \u00a0228<br \/>\n4. ATRIBUCI\u00d3N DE RESPONSABILIDAD. DE LA ATRIBUCI\u00d3N OBJETIVA DE RESPONSABILIDAD, AL SISTEMA DE RESPONSABILIDAD OBJETIVO\u00a0\u00a0 \u00a0\u00a0\u00a0 \u00a0233<br \/>\n5. NECESARIAS ACLARACIONES DEL PROPUESTO SISTEMA DE RESPONSABILIDAD AMBIENTAL\u00a0\u00a0 \u00a0\u00a0\u00a0 \u00a0279<br \/>\n5.1. De la subjetividad como reproche atributivo y como valoraci\u00f3n judicial\u00a0\u00a0 \u00a0\u00a0\u00a0 \u00a0279<br \/>\n5.2. De la inimputabilidad e interrupci\u00f3n de la causalidad ambiental\u00a0\u00a0 \u00a0\u00a0\u00a0 \u00a0284<br \/>\n5.3. Exclusi\u00f3n de responsabilidad derivado de los riesgos del desarrollo\u00a0\u00a0 \u00a0\u00a0\u00a0 \u00a0306<br \/>\n5.4. \u00bfResponsabilidad sin sanci\u00f3n?, de la prevenci\u00f3n y precauci\u00f3n en el sistema de responsabilidad ambiental\u00a0\u00a0 \u00a0\u00a0\u00a0 \u00a0325<br \/>\nConclusiones\u00a0\u00a0 \u00a0\u00a0\u00a0 \u00a0343<br \/>\nBibliograf\u00eda citada\u00a0\u00a0 \u00a0\u00a0\u00a0 \u00a0355<\/p>\n","protected":false},"excerpt":{"rendered":"<p>Buscas un libro Jur\u00eddico.? Lo puedes encontrar en nuestra tienda virtual.<br \/>\nContamos con prestigiosos autores y muchas alternativas en sus diferentes materias al igual que grandes descuentos.! Vis\u00edtanos en <a class=\"eETATgYTipaVsmrBChiBJJvFsdPhNpulhPZUVLHLo \" tabindex=\"0\" href=\"https:\/\/lnkd.in\/eiAG7jdZ\" target=\"_blank\" rel=\"noopener\" data-test-app-aware-link=\"\">https:\/\/lnkd.in\/eiAG7jdZ<\/a><br \/>\nEscr\u00edbenos al +56930565235 \/ <a class=\"eETATgYTipaVsmrBChiBJJvFsdPhNpulhPZUVLHLo \" tabindex=\"0\" href=\"mailto:ventaslegallexglobal@gmail.com\" target=\"_self\" data-test-app-aware-link=\"\">ventaslegallexglobal@gmail.com<\/a><br \/>\nHacemos env\u00edos a todo Chile \u2013 Starken o Correos Chile \/ Te esperamos<\/p>\n","protected":false},"featured_media":3329,"comment_status":"open","ping_status":"closed","template":"","meta":{"inline_featured_image":false,"_joinchat":[]},"product_brand":[],"product_cat":[45,31],"product_tag":[],"class_list":{"0":"post-3273","1":"product","2":"type-product","3":"status-publish","4":"has-post-thumbnail","6":"product_cat-administrativo","7":"product_cat-derecho-ambiental","8":"product_shipping_class-a-convenir","10":"first","11":"instock","12":"shipping-taxable","13":"purchasable","14":"product-type-simple"},"_links":{"self":[{"href":"https:\/\/bibliotecajuridicavirtual.cl\/index.php\/wp-json\/wp\/v2\/product\/3273","targetHints":{"allow":["GET"]}}],"collection":[{"href":"https:\/\/bibliotecajuridicavirtual.cl\/index.php\/wp-json\/wp\/v2\/product"}],"about":[{"href":"https:\/\/bibliotecajuridicavirtual.cl\/index.php\/wp-json\/wp\/v2\/types\/product"}],"replies":[{"embeddable":true,"href":"https:\/\/bibliotecajuridicavirtual.cl\/index.php\/wp-json\/wp\/v2\/comments?post=3273"}],"wp:featuredmedia":[{"embeddable":true,"href":"https:\/\/bibliotecajuridicavirtual.cl\/index.php\/wp-json\/wp\/v2\/media\/3329"}],"wp:attachment":[{"href":"https:\/\/bibliotecajuridicavirtual.cl\/index.php\/wp-json\/wp\/v2\/media?parent=3273"}],"wp:term":[{"taxonomy":"product_brand","embeddable":true,"href":"https:\/\/bibliotecajuridicavirtual.cl\/index.php\/wp-json\/wp\/v2\/product_brand?post=3273"},{"taxonomy":"product_cat","embeddable":true,"href":"https:\/\/bibliotecajuridicavirtual.cl\/index.php\/wp-json\/wp\/v2\/product_cat?post=3273"},{"taxonomy":"product_tag","embeddable":true,"href":"https:\/\/bibliotecajuridicavirtual.cl\/index.php\/wp-json\/wp\/v2\/product_tag?post=3273"}],"curies":[{"name":"wp","href":"https:\/\/api.w.org\/{rel}","templated":true}]}}