{"id":3274,"date":"2026-02-28T01:11:19","date_gmt":"2026-02-28T04:11:19","guid":{"rendered":"https:\/\/bibliotecajuridicavirtual.cl\/?post_type=product&#038;p=3274"},"modified":"2026-03-28T00:01:36","modified_gmt":"2026-03-28T03:01:36","slug":"constitucion-politica-de-chile-4ta-edicion-con-estudio-preliminar-incluye-leyes-decretos-y-auto-acordados-complementarios-ano-2025-varios-autores","status":"publish","type":"product","link":"https:\/\/bibliotecajuridicavirtual.cl\/index.php\/product\/constitucion-politica-de-chile-4ta-edicion-con-estudio-preliminar-incluye-leyes-decretos-y-auto-acordados-complementarios-ano-2025-varios-autores\/","title":{"rendered":"Constituci\u00f3n Pol\u00edtica de Chile 5ta. edici\u00f3n actualizada * Incluye leyes, Decretos y Auto acordados complementarios. Febrero a\u00f1o 2026"},"content":{"rendered":"<p style=\"font-weight: 400;\">Actualizado a febrero a\u00f1o 2026<\/p>\n<p style=\"font-weight: 400;\">Incluye leyes, decretos y auto acordados complementarios<br \/>\n\u00cdndices tem\u00e1tico y anal\u00edtico<br \/>\nTexto a dos colores indicando los \u00faltimos cambios legislativos<\/p>\n<p style=\"font-weight: 400;\">Incluye:<\/p>\n<ul style=\"font-weight: 400;\">\n<li>\n<p style=\"font-weight: 400;\">\u00cdndice<\/p>\n<p style=\"font-weight: 400;\">Breve estudio Preliminar<\/p>\n<p style=\"font-weight: 400;\">Constituci\u00f3n Pol\u00edtica de la Rep\u00fablica de Chile<\/p>\n<p style=\"font-weight: 400;\">Cap\u00edtulo I. BASES DE LA INSTITUCIONALIDAD<\/p>\n<p style=\"font-weight: 400;\">Cap\u00edtulo II. NACIONALIDAD Y CIUDADAN\u00cdA<\/p>\n<p style=\"font-weight: 400;\">Cap\u00edtulo III. DE LOS DERECHOS Y DEBERES CONSTITUCIONALES<\/p>\n<p style=\"font-weight: 400;\">Cap\u00edtulo IV. GOBIERNO<\/p>\n<p style=\"font-weight: 400;\">Presidente de la Rep\u00fablica<\/p>\n<p style=\"font-weight: 400;\">Ministros de Estado<\/p>\n<p style=\"font-weight: 400;\">Bases generales de la Administraci\u00f3n del Estado<\/p>\n<p style=\"font-weight: 400;\">Estados de excepci\u00f3n constitucional<\/p>\n<p style=\"font-weight: 400;\">Cap\u00edtulo V. CONGRESO NACIONAL<\/p>\n<p style=\"font-weight: 400;\">Composici\u00f3n y generaci\u00f3n de la C\u00e1mara de Diputados y del Senado<\/p>\n<p style=\"font-weight: 400;\">Atribuciones exclusivas de la C\u00e1mara de Diputados<\/p>\n<p style=\"font-weight: 400;\">Atribuciones exclusivas del Senado<\/p>\n<p style=\"font-weight: 400;\">Atribuciones exclusivas del Congreso<\/p>\n<p style=\"font-weight: 400;\">Funcionamiento del Congreso<\/p>\n<p style=\"font-weight: 400;\">Normas comunes para los diputados y senadores<\/p>\n<p style=\"font-weight: 400;\">Materias de Ley<\/p>\n<p style=\"font-weight: 400;\">Formaci\u00f3n de la ley<\/p>\n<p style=\"font-weight: 400;\">Cap\u00edtulo VI. PODER JUDICIAL<\/p>\n<p style=\"font-weight: 400;\">Cap\u00edtulo VII. MINISTERIO P\u00daBLICO<\/p>\n<p style=\"font-weight: 400;\">Cap\u00edtulo VIII. TRIBUNAL CONSTITUCIONAL<\/p>\n<p style=\"font-weight: 400;\">Cap\u00edtulo IX. SERVICIO ELECTORAL Y JUSTICIA ELECTORAL<\/p>\n<p style=\"font-weight: 400;\">Cap\u00edtulo X. CONTRALOR\u00cdA GENERAL DE LA REP\u00daBLICA<\/p>\n<p style=\"font-weight: 400;\">Cap\u00edtulo XI. FUERZAS ARMADAS, DE ORDEN Y SEGURIDAD P\u00daBLICA<\/p>\n<p style=\"font-weight: 400;\">Cap\u00edtulo XII. CONSEJO DE SEGURIDAD NACIONAL<\/p>\n<p style=\"font-weight: 400;\">Cap\u00edtulo XIII. BANCO CENTRAL<\/p>\n<p style=\"font-weight: 400;\">Cap\u00edtulo XIV. GOBIERNO Y ADMINISTRACI\u00d3N INTERIOR DEL ESTADO<\/p>\n<p style=\"font-weight: 400;\">Gobierno y Administraci\u00f3n Regional<\/p>\n<p style=\"font-weight: 400;\">Gobierno y Administraci\u00f3n Provincial<\/p>\n<p style=\"font-weight: 400;\">Administraci\u00f3n Comunal<\/p>\n<p style=\"font-weight: 400;\">Disposiciones Generales<\/p>\n<p style=\"font-weight: 400;\">Disposiciones Especiales<\/p>\n<p style=\"font-weight: 400;\">Cap\u00edtulo XV. REFORMA DE LA CONSTITUCI\u00d3N Y DEL PROCEDIMIENTO PARA ELABORAR UNA NUEVA CONSTITUCI\u00d3N DE LA REP\u00daBLICA<\/p>\n<p style=\"font-weight: 400;\">Del procedimiento para elaborar una nueva constituci\u00f3n pol\u00edtica de la rep\u00fablica<\/p>\n<p style=\"font-weight: 400;\">DEL NUEVO PROCEDIMIENTO PARA ELABORAR UNA CONSTITUCI\u00d3N POL\u00cdTICA DE LA REP\u00daBLICA<\/p>\n<p style=\"font-weight: 400;\">Del Consejo Constitucional<\/p>\n<p style=\"font-weight: 400;\">De la Comisi\u00f3n Experta<\/p>\n<p style=\"font-weight: 400;\">Del Comit\u00e9 T\u00e9cnico de Admisibilidad<\/p>\n<p style=\"font-weight: 400;\">Reglas aplicables a los integrantes del Consejo Constitucional, Comisi\u00f3n Experta y Comit\u00e9 T\u00e9cnico de Admisibilidad<\/p>\n<p style=\"font-weight: 400;\">Del procedimiento<\/p>\n<p style=\"font-weight: 400;\">Del requerimiento ante el Comit\u00e9 T\u00e9cnico de Admisibilidad<\/p>\n<p style=\"font-weight: 400;\">Del funcionamiento y disoluci\u00f3n del Consejo Constitucional, la Comisi\u00f3n Experta y el Comit\u00e9 T\u00e9cnico de Admisibilidad<\/p>\n<p style=\"font-weight: 400;\">Del plebiscito constitucional<\/p>\n<p style=\"font-weight: 400;\">DISPOSICIONES TRANSITORIAS<\/p>\n<p style=\"font-weight: 400;\">\u00cdNDICE ANAL\u00cdTICO DE LA CONSTITUCI\u00d3N POL\u00cdTICA<\/p>\n<p style=\"font-weight: 400;\">Leyes y Normas complementarias<\/p>\n<ol>\n<li style=\"font-weight: 400;\">Ley Org\u00e1nica Constitucional del Tribunal Constitucional<br \/>\n2. Ley Org\u00e1nica Constitucional del Congreso Nacional<br \/>\n3. Ley Org\u00e1nica Constitucional de Bases de la Administraci\u00f3n del Estado<br \/>\n4. Ley Org\u00e1nica Constitucional de Partidos Pol\u00edticos<br \/>\n5. Ley Org\u00e1nica Constitucional de Votaciones Populares y Escrutinios<br \/>\n6. Ley sobre libertades de opini\u00f3n y de informaci\u00f3n y ejercicio del periodismo<br \/>\n7.\u00a0Ley Org\u00e1nica Constitucional de los Estados de Excepci\u00f3n<br \/>\n8. Ley que determina conductas terroristas, fija su penalidad y deroga la Ley 18.314<br \/>\n9. Ley de Seguridad del Estado<br \/>\n10. Decreto 1086, del 16 de septiembre de 1983, del Ministerio del Interior, sobre reuniones p\u00fablicas<br \/>\n11. Ley que tipifica nuevos delitos de des\u00f3rdenes p\u00fablicos, hurto y robo, y agrava la pena de saqueo<br \/>\n12. Auto Acordado sobre Recurso de Protecci\u00f3n<br \/>\n13. Auto Acordado sobre Recurso de Amparo<br \/>\n14. Auto Acordado 105 de la Corte Suprema (Acta N.\u00ba 5-2024)<br \/>\n15. Auto Acordado sobre Recurso de Reclamaci\u00f3n por p\u00e9rdida de la nacionalidad<br \/>\n16. Auto Acordado para obtener declaraci\u00f3n previa sobre indemnizaci\u00f3n por error judicial\u00cdNDICE ANAL\u00cdTICO DE LAS LEYES, DECRETOS Y AUTO ACORDADOS<\/li>\n<\/ol>\n<\/li>\n<\/ul>\n<p>&nbsp;<\/p>\n<p>&nbsp;<\/p>\n","protected":false},"excerpt":{"rendered":"<p>Autor: Julio Alvear T\u00e9llez<\/p>\n<p>Buscas un libro Jur\u00eddico.? Lo puedes encontrar en nuestra tienda virtual.<br \/>\nContamos con prestigiosos autores y muchas alternativas en sus diferentes materias al igual que grandes descuentos.! Vis\u00edtanos en <a class=\"uBRuLksiXRXJNxzCdmDLlNvbeHoNnTVInTsbWCI \" href=\"https:\/\/lnkd.in\/eiAG7jdZ\" target=\"_blank\" rel=\"noopener\" data-test-app-aware-link=\"\">https:\/\/lnkd.in\/eiAG7jdZ<\/a><br \/>\nEscr\u00edbenos al +56930565235 \/ <a class=\"uBRuLksiXRXJNxzCdmDLlNvbeHoNnTVInTsbWCI \" href=\"mailto:ventaslegallexglobal@gmail.com\" target=\"_self\" rel=\"noopener\" data-test-app-aware-link=\"\">ventaslegallexglobal@gmail.com<\/a><br \/>\nHacemos env\u00edos a todo Chile &#8211; Starken o Correos Chile \/ Te esperamos<\/p>\n<p>&nbsp;<\/p>\n<p>&nbsp;<\/p>\n","protected":false},"featured_media":5345,"comment_status":"open","ping_status":"closed","template":"","meta":{"inline_featured_image":false,"_joinchat":[]},"product_brand":[],"product_cat":[32,33],"product_tag":[],"class_list":{"0":"post-3274","1":"product","2":"type-product","3":"status-publish","4":"has-post-thumbnail","6":"product_cat-codigos-de-la-republica-de-chile-ano-2026","7":"product_cat-constitucional","8":"product_shipping_class-a-convenir","10":"first","11":"instock","12":"shipping-taxable","13":"purchasable","14":"product-type-simple"},"_links":{"self":[{"href":"https:\/\/bibliotecajuridicavirtual.cl\/index.php\/wp-json\/wp\/v2\/product\/3274","targetHints":{"allow":["GET"]}}],"collection":[{"href":"https:\/\/bibliotecajuridicavirtual.cl\/index.php\/wp-json\/wp\/v2\/product"}],"about":[{"href":"https:\/\/bibliotecajuridicavirtual.cl\/index.php\/wp-json\/wp\/v2\/types\/product"}],"replies":[{"embeddable":true,"href":"https:\/\/bibliotecajuridicavirtual.cl\/index.php\/wp-json\/wp\/v2\/comments?post=3274"}],"wp:featuredmedia":[{"embeddable":true,"href":"https:\/\/bibliotecajuridicavirtual.cl\/index.php\/wp-json\/wp\/v2\/media\/5345"}],"wp:attachment":[{"href":"https:\/\/bibliotecajuridicavirtual.cl\/index.php\/wp-json\/wp\/v2\/media?parent=3274"}],"wp:term":[{"taxonomy":"product_brand","embeddable":true,"href":"https:\/\/bibliotecajuridicavirtual.cl\/index.php\/wp-json\/wp\/v2\/product_brand?post=3274"},{"taxonomy":"product_cat","embeddable":true,"href":"https:\/\/bibliotecajuridicavirtual.cl\/index.php\/wp-json\/wp\/v2\/product_cat?post=3274"},{"taxonomy":"product_tag","embeddable":true,"href":"https:\/\/bibliotecajuridicavirtual.cl\/index.php\/wp-json\/wp\/v2\/product_tag?post=3274"}],"curies":[{"name":"wp","href":"https:\/\/api.w.org\/{rel}","templated":true}]}}