{"id":3290,"date":"2026-02-28T01:11:41","date_gmt":"2026-02-28T04:11:41","guid":{"rendered":"https:\/\/bibliotecajuridicavirtual.cl\/?post_type=product&#038;p=3290"},"modified":"2026-02-28T01:12:13","modified_gmt":"2026-02-28T04:12:13","slug":"ley-sobre-proteccion-de-los-derechos-de-los-consumidores-3era-edicion-ano-2024-512-pag-autor-alfredo-ferrante","status":"publish","type":"product","link":"https:\/\/bibliotecajuridicavirtual.cl\/index.php\/product\/ley-sobre-proteccion-de-los-derechos-de-los-consumidores-3era-edicion-ano-2024-512-pag-autor-alfredo-ferrante\/","title":{"rendered":"Ley Sobre Protecci\u00f3n de los Derechos de los Consumidores 3era Edici\u00f3n. A\u00f1o 2024\/512 P\u00e1g. Autor  Alfredo Ferrante"},"content":{"rendered":"<p><strong>Incluye el informe de la Corte Suprema sobre el proyecto &#8220;SERNAC TE PROTEGE&#8221;<\/strong><\/p>\n<p>Edici\u00f3n actualizada y ampliada.<br \/>\nEdici\u00f3n anotada, concordada, \u00edndice anal\u00edtico y nota preliminar.<br \/>\nCon tablas y cuadros sin\u00f3pticos.<br \/>\nTexto a dos colores resaltando las \u00faltimas modificaciones.<\/p>\n<p>Informe Corte Suprema sobre Proyecto &#8220;SERNAC TE PROTEGE&#8221;<br \/>\nTexto de la Ley N\u00ba 19.496 a dos colores resaltando los art\u00edculos modificados por la LEY PROCONSUMIDOR<br \/>\nLey sobre responsabilidad por tarjetas de pago<br \/>\nLey sobre portabilidad financiera y su reglamento<br \/>\nLey que regula la competencia desleal<br \/>\nLey que fija normas especiales para las PYMEs<br \/>\nReglamento sobre Derecho de retracto en las ventas y servicios<br \/>\nReglamento sobre procedimientos voluntarios<br \/>\nReglamento sobre mediaci\u00f3n, conciliaci\u00f3n y arbitraje<br \/>\nReglamento sobre an\u00e1lisis de solvencia econ\u00f3mica.<\/p>\n<p>&nbsp;<\/p>\n<p>\u00cdndice<br \/>\nPrefacio a la tercera edici\u00f3n\u00a0\u00a0 \u00a0\u00a0\u00a0 \u00a013<br \/>\nPrefacio a la segunda edici\u00f3n\u00a0\u00a0 \u00a0\u00a0\u00a0 \u00a015<br \/>\nAbreviaturas\u00a0\u00a0 \u00a0\u00a0\u00a0 \u00a019<br \/>\nTextos jur\u00eddicos citados\u00a0\u00a0 \u00a0\u00a0\u00a0 \u00a021<br \/>\nNota preliminar a la primera edici\u00f3n\u00a0\u00a0 \u00a0\u00a0\u00a0 \u00a053<br \/>\nI. Estructura de la obra\u00a0\u00a0 \u00a0\u00a0\u00a0 \u00a053<br \/>\nII. El recorrido hacia la Ley N\u00ba 19.496\u00a0\u00a0 \u00a0\u00a0\u00a0 \u00a054<br \/>\nIII. Las principales reformas de la Ley 19.496\u00a0\u00a0 \u00a0\u00a0\u00a0 \u00a055<br \/>\nIV. Una Ley poli sem\u00e1ntica, descuidada y ca\u00f3tica\u00a0\u00a0 \u00a0\u00a0\u00a0 \u00a057<br \/>\nV. El importante rol del Sernac y de las asociaciones de Consumidores\u00a0\u00a0 \u00a0\u00a0\u00a0 \u00a059<br \/>\nVI. El futuro c\u00f3digo de consumo\u00a0\u00a0 \u00a0\u00a0\u00a0 \u00a059<br \/>\nESTUDIO PRELIMINAR. Ley Pro consumidor, garant\u00eda legal y modelo europeo: una muestra del fracaso del trasplante legal por razones de prestigio en fase de lege ferenda\u00a0\u00a0 \u00a0\u00a0\u00a0 \u00a061<br \/>\nI. Introducci\u00f3n y enfoque\u00a0\u00a0 \u00a0\u00a0\u00a0 \u00a061<br \/>\nII. Concomitancia de los procedimientos de lege ferenda y accesibilidad de la informaci\u00f3n jur\u00eddica\u00a0\u00a0 \u00a0\u00a0\u00a0 \u00a064<br \/>\nIII. Contextualizaci\u00f3n de la legislaci\u00f3n sobre consumo\u00a0\u00a0 \u00a0\u00a0\u00a0 \u00a068<br \/>\nIV. Principales tem\u00e1ticas abarcados por la reforma llevada a cabo por la Directiva n\u00ba 2019\/771\u00a0\u00a0 \u00a0\u00a0\u00a0 \u00a071<br \/>\nV. Principales tem\u00e1ticas tratadas por la reforma llevada a cabo por Ley Pro consumidor\u00a0\u00a0 \u00a0\u00a0\u00a0 \u00a075<br \/>\nVI. Diferencia de perspectiva entre normativa europea y chilena\u00a0\u00a0 \u00a0\u00a0\u00a0 \u00a080<br \/>\nVI.1. Irrenunciabilidad de los derechos\u00a0\u00a0 \u00a0\u00a0\u00a0 \u00a081<br \/>\nVI.2. Abanico de remedios relativos a la garant\u00eda legal\u00a0\u00a0 \u00a0\u00a0\u00a0 \u00a083<br \/>\nVI.3. Per\u00edodo de ejercicio de los derechos\u00a0\u00a0 \u00a0\u00a0\u00a0 \u00a090<br \/>\nVI.4. Garant\u00eda voluntaria\u00a0\u00a0 \u00a0\u00a0\u00a0 \u00a093<br \/>\nVI.5. Durabilidad\u00a0\u00a0 \u00a0\u00a0\u00a0 \u00a094<br \/>\nVII. Conclusiones\u00a0\u00a0 \u00a0\u00a0\u00a0 \u00a098<\/p>\n<p>PARTE PRIMERA<br \/>\nOFICIO N\u00b0 289-2023. INFORME DE LA CORTE SUPREMA SOBRE PROYECTO DE LEY \u201cSERNAC PROTEGE\u201d\u00a0\u00a0 \u00a0\u00a0\u00a0 \u00a0101<br \/>\nLEY DE PROTECCI\u00d3N DE LOS DERECHOS DE LOS CONSUMIDORES\u00a0\u00a0 \u00a0\u00a0\u00a0 \u00a0125<br \/>\nT\u00edtulo I. \u00c1mbito de aplicaci\u00f3n y definiciones b\u00e1sicas\u00a0\u00a0 \u00a0\u00a0\u00a0 \u00a0125<br \/>\nT\u00cdTULO II. DISPOSICIONES GENERALES\u00a0\u00a0 \u00a0\u00a0\u00a0 \u00a0131<br \/>\n\u00a7 1\u00ba Los derechos y deberes del consumidor\u00a0\u00a0 \u00a0\u00a0\u00a0 \u00a0131<br \/>\n\u00a7 2\u00ba De las organizaciones para la defensa de los derechos de los consumidores\u00a0\u00a0 \u00a0\u00a0\u00a0 \u00a0138<br \/>\n\u00a7 3\u00ba Obligaciones del proveedor\u00a0\u00a0 \u00a0\u00a0\u00a0 \u00a0145<br \/>\n\u00a7 4\u00ba Normas de equidad en las estipulaciones y en el cumplimiento de los contratos de adhesi\u00f3n\u00a0\u00a0 \u00a0\u00a0\u00a0 \u00a0151<br \/>\n\u00a7 5\u00ba Responsabilidad por incumplimiento\u00a0\u00a0 \u00a0\u00a0\u00a0 \u00a0171<br \/>\nT\u00cdTULO III. DISPOSICIONES ESPECIALES\u00a0\u00a0 \u00a0\u00a0\u00a0 \u00a0184<br \/>\n\u00a7 1\u00ba Informaci\u00f3n y publicidad\u00a0\u00a0 \u00a0\u00a0\u00a0 \u00a0184<br \/>\n\u00a7 2\u00ba Promociones y ofertas\u00a0\u00a0 \u00a0\u00a0\u00a0 \u00a0189<br \/>\n\u00a7 3\u00ba Del cr\u00e9dito al consumidor\u00a0\u00a0 \u00a0\u00a0\u00a0 \u00a0190<br \/>\n\u00a7 4\u00ba Normas especiales en materia de prestaci\u00f3n de servicios\u00a0\u00a0 \u00a0\u00a0\u00a0 \u00a0197<br \/>\n\u00a7 5\u00ba Disposiciones relativas a la seguridad de los productos y servicios\u00a0\u00a0 \u00a0\u00a0\u00a0 \u00a0199<br \/>\nT\u00cdTULO IV. DE LOS PROCEDIMIENTOS A QUE DA LUGAR LA APLICACI\u00d3N DE ESTA LEY\u00a0\u00a0 \u00a0\u00a0\u00a0 \u00a0202<br \/>\n\u00a7 1\u00ba Normas generales\u00a0\u00a0 \u00a0\u00a0\u00a0 \u00a0202<br \/>\n\u00a7 2\u00ba Del Procedimiento ante los Juzgados de Polic\u00eda Local\u00a0\u00a0 \u00a0\u00a0\u00a0 \u00a0207<br \/>\n\u00a7 3\u00ba Del Procedimiento Especial para la Protecci\u00f3n del Inter\u00e9s Colectivo o Difuso de los Consumidores\u00a0\u00a0 \u00a0\u00a0\u00a0 \u00a0209<br \/>\n\u00a7 4\u00ba Del Procedimiento voluntario para la protecci\u00f3n del inter\u00e9s colectivo o difuso de los Consumidores\u00a0\u00a0 \u00a0\u00a0\u00a0 \u00a0227<br \/>\nT\u00edtulo V. DEL SELLO SERNAC, DEL SERVICIO DE ATENCI\u00d3N AL CLIENTE Y DEL SISTEMA DE SOLUCI\u00d3N DE CONTROVERSIAS\u00a0\u00a0 \u00a0\u00a0\u00a0 \u00a0235<br \/>\nT\u00edtulo VI. DEL SERVICIO NACIONAL DEL CONSUMIDOR\u00a0\u00a0 \u00a0\u00a0\u00a0 \u00a0250<br \/>\nT\u00edtulo FINAL\u00a0\u00a0 \u00a0\u00a0\u00a0 \u00a0263<br \/>\nDISPOSICIONES TRANSITORIAS\u00a0\u00a0 \u00a0\u00a0\u00a0 \u00a0265<br \/>\n\u00cdndice anal\u00edtico\u00a0\u00a0 \u00a0\u00a0\u00a0 \u00a0269<\/p>\n<p>PARTE SEGUNDA<br \/>\nREGLAMENTO SOBRE DERECHO DE RETRACTO EN LAS VENTAS Y SERVICIOS\u00a0\u00a0 \u00a0\u00a0\u00a0 \u00a0279<br \/>\nT\u00cdTULO I. DISPOSICIONES GENERALES\u00a0\u00a0 \u00a0\u00a0\u00a0 \u00a0281<br \/>\nT\u00cdTULO II. EXCLUSIONES AL EJERCICIO DEL DERECHO DE RETRACTO\u00a0\u00a0 \u00a0\u00a0\u00a0 \u00a0282<br \/>\nREGLAMENTO QUE ESTABLECE EL PROCEDIMIENTO VOLUNTARIO PARA LA PROTECCI\u00d3N DEL INTER\u00c9S COLECTIVO O DIFUSO DE LOS CONSUMIDORES\u00a0\u00a0 \u00a0\u00a0\u00a0 \u00a0285<br \/>\nT\u00cdTULO I. DISPOSICIONES GENERALES\u00a0\u00a0 \u00a0\u00a0\u00a0 \u00a0287<br \/>\nART\u00cdCULOS TRANSITORIOS\u00a0\u00a0 \u00a0\u00a0\u00a0 \u00a0299<br \/>\nREGLAMENTO QUE REGULA LA MEDIACI\u00d3N, CONCILIACI\u00d3N Y ARBITRAJE EN MATERIAS DE CONSUMO\u00a0\u00a0 \u00a0\u00a0\u00a0 \u00a0301<br \/>\nREGLAMENTO \u201cArt. 17 N\u201d, SOBRE AN\u00c1LISIS DE SOLVENCIA ECON\u00d3MICA E INFORMACI\u00d3N A LOS CONSUMIDORES\u00a0\u00a0 \u00a0\u00a0\u00a0 \u00a0309<br \/>\nT\u00cdTULO I. DISPOSICIONES GENERALES\u00a0\u00a0 \u00a0\u00a0\u00a0 \u00a0311<br \/>\nT\u00cdTULO II. AN\u00c1LISIS DE SOLVENCIA ECON\u00d3MICA DE LOS CONSUMIDORES E INFORMACI\u00d3N DE LOS RESULTADOS DE DICHO AN\u00c1LISIS\u00a0\u00a0 \u00a0\u00a0\u00a0 \u00a0313<br \/>\nT\u00cdTULO III. OFERTA Y PUBLICIDAD DE OPERACIONES DE CR\u00c9DITO DE DINERO EN LAS INSTITUCIONES DE EDUCACI\u00d3N SUPERIOR\u00a0\u00a0 \u00a0\u00a0\u00a0 \u00a0318<br \/>\nT\u00cdTULO IV. DEBER DE INFORMACI\u00d3N A LOS CONSUMIDORES\u00a0\u00a0 \u00a0\u00a0\u00a0 \u00a0319<br \/>\nT\u00cdTULO V. DISPOSICIONES FINALES\u00a0\u00a0 \u00a0\u00a0\u00a0 \u00a0320<br \/>\nPARTE tercera<br \/>\nLEY QUE ESTABLECE UN R\u00c9GIMEN DE LIMITACI\u00d3N DE RESPONSABILIDAD PARA TITULARES O USUARIOS DE TARJETAS DE PAGO Y TRANSACCIONES ELECTR\u00d3NICAS EN CASO DE EXTRAV\u00cdO, HURTO, ROBO O FRAUDE\u00a0\u00a0 \u00a0\u00a0\u00a0 \u00a0323<br \/>\nT\u00edtulo I. DEL \u00e1mbito de aplicaci\u00f3n GENERAL\u00a0\u00a0 \u00a0\u00a0\u00a0 \u00a0323<br \/>\nT\u00edtulo II. DE LA CANCELACI\u00d3N DE CARGOS O RESTITUCI\u00d3N DE FONDOS\u00a0\u00a0 \u00a0\u00a0\u00a0 \u00a0326<br \/>\nT\u00edtulo III. DE LA responsaBilidad por fraude en tarjetas de pago y transacciones electr\u00f3nicas\u00a0\u00a0 \u00a0\u00a0\u00a0 \u00a0328<br \/>\nT\u00edtulo IV. DE LA INVESTIGACI\u00d3N Y SANCI\u00d3N DE LOS DELITOS\u00a0\u00a0 \u00a0\u00a0\u00a0 \u00a0329<br \/>\nDISPOSICIONES FINALES\u00a0\u00a0 \u00a0\u00a0\u00a0 \u00a0330<br \/>\nT\u00edtulo I. \u00e1mbito de aplicaci\u00f3n y definiciones b\u00e1sicas\u00a0\u00a0 \u00a0\u00a0\u00a0 \u00a0331<br \/>\nT\u00edtulo II. PROCESO DE PORTABILIDAD FINANCIERA\u00a0\u00a0 \u00a0\u00a0\u00a0 \u00a0333<br \/>\nT\u00edtulo III. DEL PROCESO DE PORTABILIDAD FINANCIERA CON SUBROGACI\u00d3N\u00a0\u00a0 \u00a0\u00a0\u00a0 \u00a0340<br \/>\nT\u00edtulo IV. Disposiciones varias\u00a0\u00a0 \u00a0\u00a0\u00a0 \u00a0344<br \/>\nT\u00edtulo V. modificaciones a otros cuerpos normativos\u00a0\u00a0 \u00a0\u00a0\u00a0 \u00a0347<br \/>\nART\u00cdCULOS TRANSITORIOS\u00a0\u00a0 \u00a0\u00a0\u00a0 \u00a0351<br \/>\nREGLAMENTO DE LA LEY N\u00ba 21.236, QUE REGULA LA PORTABILIDAD FINANCIERA\u00a0\u00a0 \u00a0\u00a0\u00a0 \u00a0353<br \/>\nT\u00edtulo I. DEL OBJETO DEL REGLAMENTO\u00a0\u00a0 \u00a0\u00a0\u00a0 \u00a0354<br \/>\nT\u00edtulo II. DE LA SOLICITUD DE PORTABILIDAD Y REQUERIMIENTO DEL CERTIFICADO DE LIQUIDACI\u00d3N\u00a0\u00a0 \u00a0\u00a0\u00a0 \u00a0354<br \/>\nT\u00edtulo III. DE LA OFERTA DE PORTABILIDAD\u00a0\u00a0 \u00a0\u00a0\u00a0 \u00a0359<br \/>\nT\u00edtulo IV. DE LA ACEPTACI\u00d3N Y MANDATO DE T\u00c9RMINO\u00a0\u00a0 \u00a0\u00a0\u00a0 \u00a0372<br \/>\nT\u00edtulo V. DEL BLOQUEO DE PRODUCTOS Y LA ACTUALIZACI\u00d3N DE DEUDAS\u00a0\u00a0 \u00a0\u00a0\u00a0 \u00a0376<br \/>\nT\u00edtulo VI. DE LA ENTREGA DE SALDOS, CARGOS PENDIENTES Y NOTIFICACIONES DE CIERRE\u00a0\u00a0 \u00a0\u00a0\u00a0 \u00a0379<br \/>\nT\u00edtulo VII. DEL PROCESO DE PORTABILIDAD FINANCIERA CON SUBROGACI\u00d3N\u00a0\u00a0 \u00a0\u00a0\u00a0 \u00a0382<br \/>\nT\u00edtulo VIII. DE La notificaci\u00f3n y comprobantes de pago\u00a0\u00a0 \u00a0\u00a0\u00a0 \u00a0388<br \/>\nT\u00edtulo IX. DE LA COMUNICACI\u00d3N ENTRE EL PROVEEDOR INICIAL Y EL NUEVO PROVEEDOR\u00a0\u00a0 \u00a0\u00a0\u00a0 \u00a0390<br \/>\nT\u00edtulo X. NORMAS DE PUBLICIDAD\u00a0\u00a0 \u00a0\u00a0\u00a0 \u00a0391<br \/>\nT\u00edtulo XI. DE LOS CARGOS O DERECHOS\u00a0\u00a0 \u00a0\u00a0\u00a0 \u00a0392<br \/>\nT\u00edtulo XII. DISPOSICIONES VARIAS\u00a0\u00a0 \u00a0\u00a0\u00a0 \u00a0392<br \/>\nART\u00cdCULO transitoriO\u00a0\u00a0 \u00a0\u00a0\u00a0 \u00a0395<br \/>\nCursa con alcance el decreto N\u00ba 1.154, de 2020, del Ministerio de Hacienda\u00a0\u00a0 \u00a0\u00a0\u00a0 \u00a0396<\/p>\n<p>PARTE CUARTA<br \/>\nLEY QUE REGULA LA COMPETENCIA DESLEAL\u00a0\u00a0 \u00a0\u00a0\u00a0 \u00a0397<br \/>\nCAP\u00cdTULO I. NORMAS GENERALES\u00a0\u00a0 \u00a0\u00a0\u00a0 \u00a0397<br \/>\nCAP\u00cdTULO II. DE LA COMPETENCIA DESLEAL\u00a0\u00a0 \u00a0\u00a0\u00a0 \u00a0398<br \/>\nCAP\u00cdTULO III. DE LAS ACCIONES, PROCEDIMIENTO, TRIBUNAL COMPETENTE Y SANCIONES\u00a0\u00a0 \u00a0\u00a0\u00a0 \u00a0400<br \/>\nLEY QUE FIJA NORMAS ESPECIALES PARA LAS EMPRESAS DE MENOR TAMA\u00d1O\u00a0\u00a0 \u00a0\u00a0\u00a0 \u00a0405<br \/>\nT\u00cdTULO I. DISPOSICIONES GENERALES\u00a0\u00a0 \u00a0\u00a0\u00a0 \u00a0421<br \/>\nT\u00cdTULO II. DE LOS ASESORES ECON\u00d3MICOS DE INSOLVENCIAS\u00a0\u00a0 \u00a0\u00a0\u00a0 \u00a0422<br \/>\nT\u00cdTULO III. DEL PROCEDIMIENTO\u00a0\u00a0 \u00a0\u00a0\u00a0 \u00a0430<br \/>\nArt\u00edculo Transitorio\u00a0\u00a0 \u00a0\u00a0\u00a0 \u00a0442<br \/>\nPARTE QUINTA<br \/>\nCuadro sin\u00f3ptico relativo a las infracciones y multas (Ley 19.496)\u00a0\u00a0 \u00a0\u00a0\u00a0 \u00a0445<br \/>\nCuadro sin\u00f3ptico de los topes y variaciones porcentuales de las infracciones y multas\u00a0\u00a0 \u00a0\u00a0\u00a0 \u00a0449<br \/>\nLeyes citadas por la Ley N\u00ba 19.496\u00a0\u00a0 \u00a0\u00a0\u00a0 \u00a0451<br \/>\nCorrelaci\u00f3n disposiciones Ley N\u00ba 19.496 con reglamentos\u00a0\u00a0 \u00a0\u00a0\u00a0 \u00a0457<br \/>\nLeyes modificadoras de la L. 19.496\u00a0\u00a0 \u00a0\u00a0\u00a0 \u00a0461<br \/>\nProcedimiento voluntario colectivo (arts. 54H-54S Ley N\u00ba 19.496, Decreto Supremo 56 de 2019)\u00a0\u00a0 \u00a0\u00a0\u00a0 \u00a0463<br \/>\nCuadros sin\u00f3pticos de casos jurisprudenciales en materia colusi\u00f3n (Ley N\u00ba 19.496 y DFL 1 de 2004)\u00a0\u00a0 \u00a0\u00a0\u00a0 \u00a0465<br \/>\nCaso \u201cfarmacias\u201d\u00a0\u00a0 \u00a0\u00a0\u00a0 \u00a0465<br \/>\nCaso \u201cbuses\u201d\u00a0\u00a0 \u00a0\u00a0\u00a0 \u00a0467<br \/>\nCaso \u201cpollos\u201d\u00a0\u00a0 \u00a0\u00a0\u00a0 \u00a0469<br \/>\nCaso \u201cpapeles\/pa\u00f1ales\u201d\u00a0\u00a0 \u00a0\u00a0\u00a0 \u00a0471<br \/>\nCaso \u201csupermercados\u201d\u00a0\u00a0 \u00a0\u00a0\u00a0 \u00a0473<br \/>\nCaso \u201cnavieras\u201d\u00a0\u00a0 \u00a0\u00a0\u00a0 \u00a0475<br \/>\nCuadro sin\u00f3ptico de los principales dict\u00e1menes del SERNAC (art. 58 L. 19.496)\u00a0\u00a0 \u00a0\u00a0\u00a0 \u00a0477<br \/>\nLEY QUE ESTABLECE NORMAS DE PROTECCI\u00d3N AL CONSUMIDOR Y DEROGA DECRETO LEY N\u00b0 280, DE 1974 (L. 18.223)\u00a0\u00a0 \u00a0\u00a0\u00a0 \u00a0483<br \/>\nT\u00edtulo I. De las infracciones en perjuicios del consumidor\u00a0\u00a0 \u00a0\u00a0\u00a0 \u00a0483<br \/>\nT\u00edtulo II. Disposiciones varias\u00a0\u00a0 \u00a0\u00a0\u00a0 \u00a0485<br \/>\nLEY N\u00ba 19.496 que establece normas sobre protecci\u00f3n de los derechos de los consumidores\u00a0\u00a0 \u00a0\u00a0\u00a0 \u00a0487<br \/>\nT\u00edtulo I. \u00e1mbito de aplicaci\u00f3n y nociones b\u00e1sicas\u00a0\u00a0 \u00a0\u00a0\u00a0 \u00a0487<br \/>\nT\u00edtulo II. disposiciones generales\u00a0\u00a0 \u00a0\u00a0\u00a0 \u00a0488<br \/>\n\u00a7 1\u00ba Los derechos y deberes de los consumidores\u00a0\u00a0 \u00a0\u00a0\u00a0 \u00a0488<br \/>\n\u00a7 2\u00ba De las organizaciones para la defensa de los derechos de los consumidores\u00a0\u00a0 \u00a0\u00a0\u00a0 \u00a0489<br \/>\n\u00a7 3\u00ba Obligaciones del proveedor\u00a0\u00a0 \u00a0\u00a0\u00a0 \u00a0491<br \/>\n\u00a7 4\u00ba Normas de equidad en las estipulaciones y en el cumplimiento de los contratos de adhesi\u00f3n\u00a0\u00a0 \u00a0\u00a0\u00a0 \u00a0492<br \/>\n\u00a7 5\u00ba Responsabilidad por incumplimiento\u00a0\u00a0 \u00a0\u00a0\u00a0 \u00a0494<br \/>\nT\u00edtulo III. disposiciones especiales\u00a0\u00a0 \u00a0\u00a0\u00a0 \u00a0499<br \/>\n\u00a7 1\u00ba Informaci\u00f3n y publicidad\u00a0\u00a0 \u00a0\u00a0\u00a0 \u00a0499<br \/>\n\u00a7 2\u00ba Promociones y ofertas\u00a0\u00a0 \u00a0\u00a0\u00a0 \u00a0501<br \/>\n\u00a7 3\u00ba Del cr\u00e9dito al consumidor\u00a0\u00a0 \u00a0\u00a0\u00a0 \u00a0501<br \/>\n\u00a7 4\u00ba Normas especiales en materia de prestaci\u00f3n de servicios\u00a0\u00a0 \u00a0\u00a0\u00a0 \u00a0502<br \/>\n\u00a7 5\u00ba Disposiciones relativas a la seguridad de los productos y servicios\u00a0\u00a0 \u00a0\u00a0\u00a0 \u00a0504<br \/>\nT\u00edtulo IV. Del procedimiento a que da lugar la aplicaci\u00f3n de esta ley\u00a0\u00a0 \u00a0\u00a0\u00a0 \u00a0505<br \/>\nT\u00edtulo IV. Del servicio nacional del consumidor\u00a0\u00a0 \u00a0\u00a0\u00a0 \u00a0507<br \/>\nT\u00edtulo final\u00a0\u00a0 \u00a0\u00a0\u00a0 \u00a0509<br \/>\nDisposiciones Transitorias\u00a0\u00a0 \u00a0\u00a0\u00a0 \u00a0509<\/p>\n","protected":false},"excerpt":{"rendered":"<h5 style=\"text-align: center;\"><span style=\"color: #99cc00;\">HAZ TU RESERVA<\/span><\/h5>\n","protected":false},"featured_media":3333,"comment_status":"open","ping_status":"closed","template":"","meta":{"inline_featured_image":false,"_joinchat":[]},"product_brand":[],"product_cat":[27],"product_tag":[],"class_list":{"0":"post-3290","1":"product","2":"type-product","3":"status-publish","4":"has-post-thumbnail","6":"product_cat-civil","7":"product_shipping_class-a-convenir","9":"first","10":"instock","11":"shipping-taxable","12":"purchasable","13":"product-type-simple"},"_links":{"self":[{"href":"https:\/\/bibliotecajuridicavirtual.cl\/index.php\/wp-json\/wp\/v2\/product\/3290","targetHints":{"allow":["GET"]}}],"collection":[{"href":"https:\/\/bibliotecajuridicavirtual.cl\/index.php\/wp-json\/wp\/v2\/product"}],"about":[{"href":"https:\/\/bibliotecajuridicavirtual.cl\/index.php\/wp-json\/wp\/v2\/types\/product"}],"replies":[{"embeddable":true,"href":"https:\/\/bibliotecajuridicavirtual.cl\/index.php\/wp-json\/wp\/v2\/comments?post=3290"}],"wp:featuredmedia":[{"embeddable":true,"href":"https:\/\/bibliotecajuridicavirtual.cl\/index.php\/wp-json\/wp\/v2\/media\/3333"}],"wp:attachment":[{"href":"https:\/\/bibliotecajuridicavirtual.cl\/index.php\/wp-json\/wp\/v2\/media?parent=3290"}],"wp:term":[{"taxonomy":"product_brand","embeddable":true,"href":"https:\/\/bibliotecajuridicavirtual.cl\/index.php\/wp-json\/wp\/v2\/product_brand?post=3290"},{"taxonomy":"product_cat","embeddable":true,"href":"https:\/\/bibliotecajuridicavirtual.cl\/index.php\/wp-json\/wp\/v2\/product_cat?post=3290"},{"taxonomy":"product_tag","embeddable":true,"href":"https:\/\/bibliotecajuridicavirtual.cl\/index.php\/wp-json\/wp\/v2\/product_tag?post=3290"}],"curies":[{"name":"wp","href":"https:\/\/api.w.org\/{rel}","templated":true}]}}