{"id":3291,"date":"2026-02-28T01:11:41","date_gmt":"2026-02-28T04:11:41","guid":{"rendered":"https:\/\/bibliotecajuridicavirtual.cl\/?post_type=product&#038;p=3291"},"modified":"2026-02-28T01:12:15","modified_gmt":"2026-02-28T04:12:15","slug":"manual-de-derecho-y-procedimiento-de-familia-ano-2024-283-pag-autor-susan-turner-saelzer","status":"publish","type":"product","link":"https:\/\/bibliotecajuridicavirtual.cl\/index.php\/product\/manual-de-derecho-y-procedimiento-de-familia-ano-2024-283-pag-autor-susan-turner-saelzer\/","title":{"rendered":"Manual de Derecho y Procedimiento de Familia. A\u00f1o 2024\/ 283 P\u00e1g. Autor Susan Turner Saelzer"},"content":{"rendered":"<p style=\"font-weight: 400;\"><b><strong>CAP\u00cdTULO 1<\/strong><\/b><br \/>\n<b><strong>EL OBJETO DE ESTUDIO: EL DERECHO DE FAMILIA<\/strong><\/b><\/p>\n<ol>\n<li style=\"font-weight: 400;\"><b><strong> LA RAMA DEL DERECHO CIVIL DENOMINADA DERECHO DE FAMILIA<\/strong><\/b><\/li>\n<li style=\"font-weight: 400;\">Sistematizaci\u00f3n del derecho de familia en una clasificaci\u00f3n dualista\n<p>2. Contenido de esta rama del Derecho<\/p>\n<p>3. Principios inspiradores de esta rama del Derecho<br \/>\na. Principios de igualdad<br \/>\nb. Principios de libertad manifestado en el reconocimiento de la autonom\u00eda de la voluntad<br \/>\nc. Principio de protecci\u00f3n de la familia y de sus integrantes m\u00e1s d\u00e9biles<\/li>\n<li style=\"font-weight: 400;\">La constitucionalizaci\u00f3n del derecho de familia<\/li>\n<li style=\"font-weight: 400;\"><b><strong> LOS DERECHOS QUE SURGEN DE LAS RELACIONES DE FAMILIA<\/strong><\/b><\/li>\n<li style=\"font-weight: 400;\"><b><strong> LOS CONCEPTOS FUNDAMENTALES DEL DERECHO DE FAMILIA<\/strong><\/b><\/li>\n<li style=\"font-weight: 400;\">La familia<br \/>\na. Marco constitucional de la familia en Chile<br \/>\nb. Marco legal de la familia en Chile<\/li>\n<li style=\"font-weight: 400;\">El parentesco<br \/>\na. Clasificaci\u00f3n del parentesco<br \/>\nb. Determinaci\u00f3n del parentesco<\/li>\n<li style=\"font-weight: 400;\"><b><strong> LA JURISDICCI\u00d3N NACIONAL DE FAMILIA: LOS TRIBUNALES DE FAMILIA<\/strong><\/b><\/li>\n<li style=\"font-weight: 400;\">Caracter\u00edsticas de los tribunales de familia<\/li>\n<li style=\"font-weight: 400;\">Principios del procedimiento<\/li>\n<li style=\"font-weight: 400;\">Disposiciones generales v\u00e1lidas para todos los procedimientos<br \/>\na. Comparecencia en juicio<br \/>\nb. Potestad cautelar<br \/>\nc. Notificaciones<\/li>\n<li style=\"font-weight: 400;\">Disposiciones sobre prueba<br \/>\na. Hechos que no requieren prueba<br \/>\nb. Medios de prueba aceptados<br \/>\nc. Carga de la prueba<br \/>\nd. Valoraci\u00f3n de la prueba<\/li>\n<li style=\"font-weight: 400;\">Disposiciones sobre la etapa previa al juicio<\/li>\n<li style=\"font-weight: 400;\">Procedimientos regulados en la Ley de Tribunales de Familia<\/li>\n<li style=\"font-weight: 400;\">La mediaci\u00f3n como forma colaborativa de soluci\u00f3n de conflicto de familia<\/li>\n<li style=\"font-weight: 400;\">Las audiencias de juicios<br \/>\na. Audiencia preparatoria<br \/>\nb. Audiencia de juicio<\/li>\n<li style=\"font-weight: 400;\">Jurisdicci\u00f3n internacional en asuntos de familia<\/li>\n<\/ol>\n<p style=\"font-weight: 400;\"><b><strong>CAP\u00cdTULO 2<\/strong><\/b><br \/>\n<b><strong>UNIONES CONVIVENCIALES FUNDAMENTALES DE UNA FAMILIA: UNIONES MATRIMONIALES, NO MATRIMONIALES Y DE HECHO<\/strong><\/b><\/p>\n<ol>\n<li style=\"font-weight: 400;\"><b><strong> LA UNI\u00d3N MATRIMONIAL Y SU R\u00c9GIMEN LEGAL: C\u00d3DIGO CIVIL Y LEY DE MATRIMONIO CIVIL<\/strong><\/b>\n<p>1. Evoluci\u00f3n hist\u00f3rica del r\u00e9gimen legal del matrimonio en Chile<\/li>\n<li style=\"font-weight: 400;\">Elementos del concepto legal de matrimonio<br \/>\na. V\u00ednculo<br \/>\nb. Partes<br \/>\nc. Efectos<br \/>\nd. Fines<\/li>\n<li style=\"font-weight: 400;\">Requisitos del matrimonio celebrado en Chile<br \/>\na. Requisitos de existencia<br \/>\nb. Requisitos de validez<br \/>\nc. Prohibiciones<\/li>\n<li style=\"font-weight: 400;\">Requisitos de existencia y validez de los matrimonios celebrados en el extranjero<\/li>\n<li style=\"font-weight: 400;\">La celebraci\u00f3n del matrimonio<br \/>\na. Matrimonio en una fase o matrimonio civil<br \/>\nb. Matrimonio celebrado en doble fase o matrimonio religioso<\/li>\n<li style=\"font-weight: 400;\"><b><strong> EFECTOS DEL MATRIMONIO<\/strong><\/b><\/li>\n<li style=\"font-weight: 400;\">Efectos del matrimonio mientras la comunidad conyugal est\u00e1 intacta<br \/>\na. Efectos entre los c\u00f3nyuges de car\u00e1cter personal o extrapatrimonial<\/li>\n<li style=\"font-weight: 400;\">Efectos del matrimonio cuando la comunidad de vida ha cesado<br \/>\na. Derecho a demandar la separaci\u00f3n judicial<br \/>\nb. Derecho a demandar la declaraci\u00f3n de bien familiar<br \/>\nc. Derecho de alimentos entre c\u00f3nyuges<\/li>\n<\/ol>\n<p style=\"font-weight: 400;\"><b><strong>III. EXTINCI\u00d3N DEL MATRIMONIO<\/strong><\/b><\/p>\n<ol>\n<li style=\"font-weight: 400;\">Muerte de uno de los c\u00f3nyuges<\/li>\n<li style=\"font-weight: 400;\">Sentencia de nulidad del matrimonio<br \/>\na. Causales de nulidad<br \/>\nb. Titulares de la acci\u00f3n de nulidad<br \/>\nc. Tiempo en que se ejerce la acci\u00f3n<br \/>\nd. Efectos de la declaraci\u00f3n de nulidad del matrimonio<br \/>\ne. El matrimonio putativo<\/li>\n<li style=\"font-weight: 400;\">Sentencia de divorcio<br \/>\na. El divorcio por culpa<br \/>\nb. El divorcio por cese de la convivencia<br \/>\nc. Titulares de la acci\u00f3n de divorcio<br \/>\nd. Efectos del divorcio<br \/>\ne. El juicio de divorcio y sus particularidades<\/li>\n<li style=\"font-weight: 400;\">Por voluntad del c\u00f3nyuge de la persona que ha obtenido la rectificaci\u00f3n de su sexo registral por identidad de g\u00e9nero, seg\u00fan el art\u00edculo 19 de la Ley 21.120<\/li>\n<li style=\"font-weight: 400;\">Derecho a solicitar compensaci\u00f3n econ\u00f3mica<br \/>\na. Fijaci\u00f3n del monto de la compensaci\u00f3n econ\u00f3mica<br \/>\nb. Pago de la compensaci\u00f3n econ\u00f3mica<\/li>\n<li style=\"font-weight: 400;\"><b><strong> EL ACUERDO DE UNI\u00d3N CIVIL<\/strong><\/b><\/li>\n<li style=\"font-weight: 400;\">Explicaci\u00f3n general<br \/>\n2. La constituci\u00f3n del Acuerdo de Uni\u00f3n Civil<br \/>\n3. Requisitos de validez del Acuerdo de Uni\u00f3n Civil<br \/>\n4. La celebraci\u00f3n del Acuerdo de Uni\u00f3n Civil<br \/>\n5. Efectos del Acuerdo de Uni\u00f3n Civil<br \/>\n6. La terminaci\u00f3n del Acuerdo de Uni\u00f3n Civil<br \/>\n7. Competencia sobre las cuestiones que surjan del Acuerdo de Uni\u00f3n Civil<\/li>\n<li style=\"font-weight: 400;\"><b><strong> PARALELO ENTRE EL MATRIMONIO Y EL ACUERDO DE UNI\u00d3N CIVIL<\/strong><\/b><\/li>\n<li style=\"font-weight: 400;\"><b><strong> LAS ACTUALES UNIONES DE HECHO NO MATRIMONIALES<\/strong><\/b><\/li>\n<\/ol>\n<p style=\"font-weight: 400;\"><b><strong>CAP\u00cdTULO 3<\/strong><\/b><br \/>\n<b><strong>REG\u00cdMENES DE BIENES DEL MATRIMONIO Y DEL ACUERDO DE UNI\u00d3N CIVIL<\/strong><\/b><\/p>\n<ol>\n<li style=\"font-weight: 400;\"><b><strong> EXPLICACI\u00d3N GENERAL<\/strong><\/b><\/li>\n<li style=\"font-weight: 400;\">Principales tipos de reg\u00edmenes de bienes<br \/>\na. De comunidad de bienes<br \/>\nb. De separaci\u00f3n de bienes<br \/>\nc. De participaci\u00f3n en los gananciales<\/li>\n<li style=\"font-weight: 400;\">Evoluci\u00f3n hist\u00f3rica de los reg\u00edmenes de bienes en el C\u00f3digo Civil y Ley de Acuerdo de Uni\u00f3n Civil<\/li>\n<li style=\"font-weight: 400;\">Las capitulaciones matrimoniales<br \/>\na. Caracter\u00edsticas<br \/>\nb. Clases<br \/>\nc. Pacto durante la vigencia del matrimonio<\/li>\n<li style=\"font-weight: 400;\">Los pactos patrimoniales anexos al Acuerdo de Uni\u00f3n Civil<\/li>\n<li style=\"font-weight: 400;\"><b><strong> REG\u00cdMEN DE BIENES SUPLETORIO DEL MATRIMONIO HETEROSEXUAL: SOCIEDAD CONYUGAL<\/strong><\/b><\/li>\n<li style=\"font-weight: 400;\">Explicaci\u00f3n general sobre el funcionamiento del r\u00e9gimen<\/li>\n<li style=\"font-weight: 400;\">Naturaleza jur\u00eddica de la sociedad conyugal<\/li>\n<li style=\"font-weight: 400;\">Conformaci\u00f3n del patrimonio de la sociedad conyugal<br \/>\na. Activo de la sociedad conyugal<br \/>\nb. Pasivo de la sociedad conyugal<br \/>\nc. Las recompensas<\/li>\n<li style=\"font-weight: 400;\">Administraci\u00f3n de la sociedad conyugal<br \/>\na. Administraci\u00f3n ordinaria de la sociedad conyugal<br \/>\nb. Administraci\u00f3n de los bienes propios de la mujer<br \/>\nc. Administraci\u00f3n extraordinaria de la sociedad conyugal<\/li>\n<li style=\"font-weight: 400;\">Patrimonio reservado de la mujer casada en sociedad conyugal<br \/>\na. Explicaci\u00f3n general<br \/>\nb. Noci\u00f3n y caracter\u00edsticas del patrimonio reservado<br \/>\nc. Presupuestos de formaci\u00f3n<br \/>\nd. Activo del patrimonio reservado<br \/>\ne. Pasivo del patrimonio reservado<br \/>\nf. Administraci\u00f3n del patrimonio reservado<br \/>\ng. Prueba del patrimonio reservado<br \/>\nh. Destino del patrimonio reservado a la disoluci\u00f3n de la sociedad conyugal<\/p>\n<p>6. Disoluci\u00f3n y liquidaci\u00f3n de la sociedad conyugal<br \/>\na. Explicaci\u00f3n general<br \/>\nb. Disoluci\u00f3n de la sociedad conyugal<br \/>\nc. La liquidaci\u00f3n de la sociedad conyugal<\/li>\n<li style=\"font-weight: 400;\">La renuncia de los gananciales por parte de la mujer<br \/>\na. Momentos para renunciar<br \/>\nb. Caracter\u00edsticas<br \/>\nc. Efectos de la renuncia<\/li>\n<\/ol>\n<p style=\"font-weight: 400;\"><b><strong>III. R\u00c9GIMEN DE BIENES CONVENCIONAL DEL MATRIMONIO: PARTICIPACI\u00d3N EN LOS GANANCIALES<\/strong><\/b><\/p>\n<ol>\n<li style=\"font-weight: 400;\">Explicaci\u00f3n general\n<p>2. Funcionamiento del r\u00e9gimen de participaci\u00f3n en los gananciales<br \/>\na. Conformaci\u00f3n de los patrimonios originarios y finales<br \/>\nb. Segundo paso: comparaci\u00f3n de los patrimonios<br \/>\nc. Tercer paso: pago del cr\u00e9dito de participaci\u00f3n en los gananciales<\/li>\n<li style=\"font-weight: 400;\">Extinci\u00f3n del r\u00e9gimen de participaci\u00f3n en los gananciales<\/li>\n<li style=\"font-weight: 400;\"><b><strong> R\u00c9GIMEN CONVENCIONAL DEL MATRIMONIO Y LEGAL DEL AUCUERDO DE SEPARACI\u00d3N DE BIENES<\/strong><\/b><\/li>\n<li style=\"font-weight: 400;\">Explicaci\u00f3n general<\/li>\n<li style=\"font-weight: 400;\">Clases de separaci\u00f3n de bienes<br \/>\na. Separaci\u00f3n de bienes legal<br \/>\nb. Separaci\u00f3n de bienes judicial<br \/>\nc. Separaci\u00f3n de bienes convencional<\/li>\n<\/ol>\n<p style=\"font-weight: 400;\"><b><strong>CAP\u00cdTULO 4<\/strong><\/b><br \/>\n<b><strong>LA FILIACI\u00d3N<\/strong><\/b><\/p>\n<ol>\n<li style=\"font-weight: 400;\"><b><strong> EVOLUCI\u00d3N HIST\u00d3RICA DEL R\u00c9GIMEN LEGAL DE FILIACI\u00d3N<\/strong><\/b><\/li>\n<li style=\"font-weight: 400;\"><b><strong> PRINCIPIOS INSPIRADORES DE LA NUEVA LEY DE FILIACI\u00d3N<\/strong><\/b><\/li>\n<li style=\"font-weight: 400;\">Derecho de igualdad<br \/>\n2. Derecho a conocer su origen o derecho a la identidad<br \/>\n3. Inter\u00e9s superior del ni\u00f1o<\/li>\n<\/ol>\n<p style=\"font-weight: 400;\"><b><strong>III. CLASIFICACI\u00d3N DE LA FIIACI\u00d3N<\/strong><\/b><\/p>\n<ol>\n<li style=\"font-weight: 400;\">Por naturaleza<br \/>\n2. Por adopci\u00f3n<br \/>\n3. Por t\u00e9cnicas de reproducci\u00f3n asistida<\/li>\n<li style=\"font-weight: 400;\"><b><strong> DETERMINACI\u00d3N DE LA FILIACI\u00d3N<\/strong><\/b><\/li>\n<li style=\"font-weight: 400;\">Efectos de la determinaci\u00f3n de la filiaci\u00f3n\n<p>2. El objeto de la determinaci\u00f3n: maternidad y paternidad<br \/>\na. Determinaci\u00f3n de la maternidad<br \/>\nb. Determinaci\u00f3n de la paternidad<\/li>\n<li style=\"font-weight: 400;\"><b><strong> ACCIONES DE FILIACI\u00d3N<\/strong><\/b><\/li>\n<li style=\"font-weight: 400;\">Caracter\u00edsticas\n<p>2. La prueba en los juicios de filiaci\u00f3n<br \/>\na. Presunci\u00f3n basada en la negativa a someterse a la prueba pericial biol\u00f3gica<br \/>\nb. Posesi\u00f3n notoria del estado civil de hijo<br \/>\nc. Concubinato de los padres durante la \u00e9poca de concepci\u00f3n<\/li>\n<li style=\"font-weight: 400;\">Clasificaci\u00f3n<br \/>\na. Acciones de reclamaci\u00f3n de la filiaci\u00f3n<br \/>\nb. Acciones de impugnaci\u00f3n de la filiaci\u00f3n<br \/>\nc. Otras acciones de estado<\/li>\n<li style=\"font-weight: 400;\"><b><strong> EFECTOS DE LA FILIACI\u00d3N<\/strong><\/b><\/li>\n<li style=\"font-weight: 400;\">Explicaci\u00f3n general<\/li>\n<li style=\"font-weight: 400;\">Efectos extrapatrimoniales de la filiaci\u00f3n o autoridad paterna<br \/>\na. Deberes de los hijos con respecto a sus progenitores<br \/>\nb. Deberes de los progenitores respecto de su hijo<\/li>\n<li style=\"font-weight: 400;\">Efectos patrimoniales o patria potestad<br \/>\na. Titular y ejercicio de la patria potestad<br \/>\nb. Facultades que otorga la patria potestad<br \/>\nc. Suspensi\u00f3n o t\u00e9rmino de la patria potestad<\/li>\n<\/ol>\n<p style=\"font-weight: 400;\"><b><strong>VII. LA FILIACI\u00d3N POR T\u00c9CNICAS DE REPRODUCCI\u00d3N ASISTIDA<\/strong><\/b><\/p>\n<ol>\n<li style=\"font-weight: 400;\">Campo de aplicaci\u00f3n del art\u00edculo 182 C\u00f3digo Civil<br \/>\n2. Determinaci\u00f3n de la filiaci\u00f3n por t\u00e9cnicas de reproducci\u00f3n asistida<\/li>\n<\/ol>\n<p style=\"font-weight: 400;\"><b><strong>VIII. LA FILIACI\u00d3N ADOPTIVA<\/strong><\/b><\/p>\n<ol>\n<li style=\"font-weight: 400;\">R\u00e9gimen legal de la adopci\u00f3n<br \/>\na. Caracter\u00edsticas<br \/>\nb. La persona del adoptado<br \/>\nc. La persona de los adoptantes<\/li>\n<li style=\"font-weight: 400;\">El procedimiento de adopci\u00f3n<\/li>\n<li style=\"font-weight: 400;\">Efectos de la adopci\u00f3n<\/li>\n<\/ol>\n<p style=\"font-weight: 400;\"><b><strong>CAP\u00cdTULO 5<\/strong><\/b><br \/>\n<b><strong>DERECHOS QUE AMPARAN A LA FAMILIA: BIEN FAMILIAR Y ALIMENTOS<\/strong><\/b><\/p>\n<ol>\n<li style=\"font-weight: 400;\"><b><strong> EL BIEN FAMILIAR<\/strong><\/b><\/li>\n<li style=\"font-weight: 400;\">Fundamento del bien familiar<\/li>\n<li style=\"font-weight: 400;\">\u00c1mbito de aplicaci\u00f3n del bien familiar<\/li>\n<li style=\"font-weight: 400;\">Bienes susceptibles de ser declarados bien familiar<br \/>\na. Inmuebles<br \/>\nb. Muebles<br \/>\nc. Los derechos y acciones que los c\u00f3nyuges o los convivientes civiles tengan en sociedad propietaria de un inmueble que sea residencia principal de la familia<\/li>\n<li style=\"font-weight: 400;\">Constituci\u00f3n de un bien familiar<br \/>\na. Constituci\u00f3n mediante resoluci\u00f3n judicial<br \/>\nb. Constituci\u00f3n mediante declaraci\u00f3n unilateral solemne<\/li>\n<li style=\"font-weight: 400;\">Efectos de la declaraci\u00f3n de un bien como familiar<br \/>\na. Efectos entre los c\u00f3nyuges o convivientes civiles<br \/>\nb. Efectos de la afectaci\u00f3n del bien respecto de terceros<\/li>\n<li style=\"font-weight: 400;\">Desafectaci\u00f3n de un bien como familiar<br \/>\nA. Desafectaci\u00f3n convencional<br \/>\nb. Desafectaci\u00f3n judicial<br \/>\nc. Por enajenaci\u00f3n forzosa o voluntaria del bien familiar<\/li>\n<li style=\"font-weight: 400;\">El juicio de bien familiar y sus particularidades<\/li>\n<li style=\"font-weight: 400;\"><b><strong> EL DERECHO DE ALIMENTOS<\/strong><\/b><\/li>\n<li style=\"font-weight: 400;\">Caracter\u00edsticas<br \/>\na. De orden p\u00fablico<br \/>\nb. Inembargable<br \/>\nc. No se puede someter a compromiso<br \/>\nd. Aprobaci\u00f3n judicial de la transacci\u00f3n de alimentos<br \/>\ne. Permanente<\/li>\n<li style=\"font-weight: 400;\">Clasificaciones de los alimentos<br \/>\na. Alimentos voluntarios y forzosos<br \/>\nb. Alimentos provisorios y definitivos<br \/>\nc. Alimentos futuros y devengados<\/li>\n<li style=\"font-weight: 400;\">Requisitos del derecho de alimentos<br \/>\na. T\u00edtulo legal del que los demanda<br \/>\nb. Necesidad del alimentario<br \/>\nc. Capacidad econ\u00f3mica del alimentante<\/li>\n<li style=\"font-weight: 400;\">Monto de los alimentos<\/li>\n<li style=\"font-weight: 400;\">Formas de pago de la pensi\u00f3n de alimentos<\/li>\n<li style=\"font-weight: 400;\">Duraci\u00f3n de la obligaci\u00f3n alimenticia<\/li>\n<li style=\"font-weight: 400;\">El juicio de alimentos y sus particularidades<\/li>\n<li style=\"font-weight: 400;\">Medidas protectoras del pago de la pensi\u00f3n alimenticia<\/li>\n<li style=\"font-weight: 400;\">El Registro Nacional de Deudores de Pensiones de Alimentos<\/li>\n<\/ol>\n","protected":false},"excerpt":{"rendered":"<p>CAP\u00cdTULO 1 EL OBJETO DE ESTUDIO: EL DERECHO DE FAMILIA LA RAMA DEL DERECHO CIVIL DENOMINADA DERECHO DE FAMILIA Sistematizaci\u00f3n del derecho de familia en una clasificaci\u00f3n dualista 2. Contenido de esta rama del Derecho 3. Principios inspiradores de esta rama del Derecho a. Principios de igualdad b. Principios de libertad manifestado en el reconocimiento de la autonom\u00eda de la voluntad c. Principio de protecci\u00f3n de la familia y de sus integrantes m\u00e1s d\u00e9biles La constitucionalizaci\u00f3n del derecho de familia LOS DERECHOS QUE SURGEN DE LAS RELACIONES DE FAMILIA LOS CONCEPTOS FUNDAMENTALES DEL DERECHO DE FAMILIA La familia a. Marco constitucional de la familia en Chile b. Marco legal de la familia en Chile El parentesco a. Clasificaci\u00f3n del parentesco b. Determinaci\u00f3n del parentesco LA JURISDICCI\u00d3N NACIONAL DE FAMILIA: LOS TRIBUNALES DE FAMILIA Caracter\u00edsticas de los tribunales de familia Principios del procedimiento Disposiciones generales v\u00e1lidas para todos los procedimientos a. Comparecencia en juicio b. Potestad cautelar c. Notificaciones Disposiciones sobre prueba a. Hechos que no requieren prueba b. Medios de prueba aceptados c. Carga de la prueba d. Valoraci\u00f3n de la prueba Disposiciones sobre la etapa previa al juicio Procedimientos regulados en la Ley de Tribunales de Familia La mediaci\u00f3n como forma colaborativa de soluci\u00f3n de conflicto de familia Las audiencias de juicios a. Audiencia preparatoria b. Audiencia de juicio Jurisdicci\u00f3n internacional en asuntos de familia CAP\u00cdTULO 2 UNIONES CONVIVENCIALES FUNDAMENTALES DE UNA FAMILIA: UNIONES MATRIMONIALES, NO MATRIMONIALES Y DE HECHO LA UNI\u00d3N MATRIMONIAL Y SU R\u00c9GIMEN LEGAL: C\u00d3DIGO CIVIL Y LEY DE MATRIMONIO CIVIL 1. Evoluci\u00f3n hist\u00f3rica del r\u00e9gimen legal del matrimonio en Chile Elementos del concepto legal de matrimonio a. V\u00ednculo b. Partes c. Efectos d. Fines Requisitos del matrimonio celebrado en Chile a. Requisitos de existencia b. Requisitos de validez c. Prohibiciones Requisitos de existencia y validez de los matrimonios celebrados en el extranjero La celebraci\u00f3n del matrimonio a. Matrimonio en una fase o matrimonio civil b. Matrimonio celebrado en doble fase o matrimonio religioso EFECTOS DEL MATRIMONIO Efectos del matrimonio mientras la comunidad conyugal est\u00e1 intacta a. Efectos entre los c\u00f3nyuges de car\u00e1cter personal o extrapatrimonial Efectos del matrimonio cuando la comunidad de vida ha cesado a. Derecho a demandar la separaci\u00f3n judicial b. Derecho a demandar la declaraci\u00f3n de bien familiar c. Derecho de alimentos entre c\u00f3nyuges III. EXTINCI\u00d3N DEL MATRIMONIO Muerte de uno de los c\u00f3nyuges Sentencia de nulidad del matrimonio a. Causales de nulidad b. Titulares de la acci\u00f3n de nulidad c. Tiempo en que se ejerce la acci\u00f3n d. Efectos de la declaraci\u00f3n de nulidad del matrimonio e. El matrimonio putativo Sentencia de divorcio a. El divorcio por culpa b. El divorcio por cese de la convivencia c. Titulares de la acci\u00f3n de divorcio d. Efectos del divorcio e. El juicio de divorcio y sus particularidades Por voluntad del c\u00f3nyuge de la persona que ha obtenido la rectificaci\u00f3n de su sexo registral por identidad de g\u00e9nero, seg\u00fan el art\u00edculo 19 de la Ley 21.120 Derecho a solicitar compensaci\u00f3n econ\u00f3mica a. Fijaci\u00f3n del monto de la compensaci\u00f3n econ\u00f3mica b. Pago de la compensaci\u00f3n econ\u00f3mica EL ACUERDO DE UNI\u00d3N CIVIL Explicaci\u00f3n general 2. La constituci\u00f3n del Acuerdo de Uni\u00f3n Civil 3. Requisitos de validez del Acuerdo de Uni\u00f3n Civil 4. La celebraci\u00f3n del Acuerdo de Uni\u00f3n Civil 5. Efectos del Acuerdo de Uni\u00f3n Civil 6. La terminaci\u00f3n del Acuerdo de Uni\u00f3n Civil 7. Competencia sobre las cuestiones que surjan del Acuerdo de Uni\u00f3n Civil PARALELO ENTRE EL MATRIMONIO Y EL ACUERDO DE UNI\u00d3N CIVIL LAS ACTUALES UNIONES DE HECHO NO MATRIMONIALES CAP\u00cdTULO 3 REG\u00cdMENES DE BIENES DEL MATRIMONIO Y DEL ACUERDO DE UNI\u00d3N CIVIL EXPLICACI\u00d3N GENERAL Principales tipos de reg\u00edmenes de bienes a. De comunidad de bienes b. De separaci\u00f3n de bienes c. De participaci\u00f3n en los gananciales Evoluci\u00f3n hist\u00f3rica de los reg\u00edmenes de bienes en el C\u00f3digo Civil y Ley de Acuerdo de Uni\u00f3n Civil Las capitulaciones matrimoniales a. Caracter\u00edsticas b. Clases c. Pacto durante la vigencia del matrimonio Los pactos patrimoniales anexos al Acuerdo de Uni\u00f3n Civil REG\u00cdMEN DE BIENES SUPLETORIO DEL MATRIMONIO HETEROSEXUAL: SOCIEDAD CONYUGAL Explicaci\u00f3n general sobre el funcionamiento del r\u00e9gimen Naturaleza jur\u00eddica de la sociedad conyugal Conformaci\u00f3n del patrimonio de la sociedad conyugal a. Activo de la sociedad conyugal b. Pasivo de la sociedad conyugal c. Las recompensas Administraci\u00f3n de la sociedad conyugal a. Administraci\u00f3n ordinaria de la sociedad conyugal b. Administraci\u00f3n de los bienes propios de la mujer c. Administraci\u00f3n extraordinaria de la sociedad conyugal Patrimonio reservado de la mujer casada en sociedad conyugal a. Explicaci\u00f3n general b. Noci\u00f3n y caracter\u00edsticas del patrimonio reservado c. Presupuestos de formaci\u00f3n d. Activo del patrimonio reservado e. Pasivo del patrimonio reservado f. Administraci\u00f3n del patrimonio reservado g. Prueba del patrimonio reservado h. Destino del patrimonio reservado a la disoluci\u00f3n de la sociedad conyugal 6. Disoluci\u00f3n y liquidaci\u00f3n de la sociedad conyugal a. Explicaci\u00f3n general b. Disoluci\u00f3n de la sociedad conyugal c. La liquidaci\u00f3n de la sociedad conyugal La renuncia de los gananciales por parte de la mujer a. Momentos para renunciar b. Caracter\u00edsticas c. Efectos de la renuncia III. R\u00c9GIMEN DE BIENES CONVENCIONAL DEL MATRIMONIO: PARTICIPACI\u00d3N EN LOS GANANCIALES Explicaci\u00f3n general 2. Funcionamiento del r\u00e9gimen de participaci\u00f3n en los gananciales a. Conformaci\u00f3n de los patrimonios originarios y finales b. Segundo paso: comparaci\u00f3n de los patrimonios c. Tercer paso: pago del cr\u00e9dito de participaci\u00f3n en los gananciales Extinci\u00f3n del r\u00e9gimen de participaci\u00f3n en los gananciales R\u00c9GIMEN CONVENCIONAL DEL MATRIMONIO Y LEGAL DEL AUCUERDO DE SEPARACI\u00d3N DE BIENES Explicaci\u00f3n general Clases de separaci\u00f3n de bienes a. Separaci\u00f3n de bienes legal b. Separaci\u00f3n de bienes judicial c. Separaci\u00f3n de bienes convencional CAP\u00cdTULO 4 LA FILIACI\u00d3N EVOLUCI\u00d3N HIST\u00d3RICA DEL R\u00c9GIMEN LEGAL DE FILIACI\u00d3N PRINCIPIOS INSPIRADORES DE LA NUEVA LEY DE FILIACI\u00d3N Derecho de igualdad 2. Derecho a conocer su origen o derecho a la identidad 3. Inter\u00e9s superior del ni\u00f1o III. CLASIFICACI\u00d3N DE LA FIIACI\u00d3N Por naturaleza 2. Por adopci\u00f3n 3. Por t\u00e9cnicas de reproducci\u00f3n asistida DETERMINACI\u00d3N DE LA FILIACI\u00d3N Efectos de la determinaci\u00f3n de la filiaci\u00f3n 2. El objeto de la determinaci\u00f3n: maternidad<\/p>\n","protected":false},"featured_media":3334,"comment_status":"open","ping_status":"closed","template":"","meta":{"inline_featured_image":false,"_joinchat":[]},"product_brand":[],"product_cat":[29],"product_tag":[],"class_list":{"0":"post-3291","1":"product","2":"type-product","3":"status-publish","4":"has-post-thumbnail","6":"product_cat-familia-y-del-menor","7":"product_shipping_class-a-convenir","9":"first","10":"instock","11":"shipping-taxable","12":"purchasable","13":"product-type-simple"},"_links":{"self":[{"href":"https:\/\/bibliotecajuridicavirtual.cl\/index.php\/wp-json\/wp\/v2\/product\/3291","targetHints":{"allow":["GET"]}}],"collection":[{"href":"https:\/\/bibliotecajuridicavirtual.cl\/index.php\/wp-json\/wp\/v2\/product"}],"about":[{"href":"https:\/\/bibliotecajuridicavirtual.cl\/index.php\/wp-json\/wp\/v2\/types\/product"}],"replies":[{"embeddable":true,"href":"https:\/\/bibliotecajuridicavirtual.cl\/index.php\/wp-json\/wp\/v2\/comments?post=3291"}],"wp:featuredmedia":[{"embeddable":true,"href":"https:\/\/bibliotecajuridicavirtual.cl\/index.php\/wp-json\/wp\/v2\/media\/3334"}],"wp:attachment":[{"href":"https:\/\/bibliotecajuridicavirtual.cl\/index.php\/wp-json\/wp\/v2\/media?parent=3291"}],"wp:term":[{"taxonomy":"product_brand","embeddable":true,"href":"https:\/\/bibliotecajuridicavirtual.cl\/index.php\/wp-json\/wp\/v2\/product_brand?post=3291"},{"taxonomy":"product_cat","embeddable":true,"href":"https:\/\/bibliotecajuridicavirtual.cl\/index.php\/wp-json\/wp\/v2\/product_cat?post=3291"},{"taxonomy":"product_tag","embeddable":true,"href":"https:\/\/bibliotecajuridicavirtual.cl\/index.php\/wp-json\/wp\/v2\/product_tag?post=3291"}],"curies":[{"name":"wp","href":"https:\/\/api.w.org\/{rel}","templated":true}]}}