{"id":3292,"date":"2026-02-28T01:11:41","date_gmt":"2026-02-28T04:11:41","guid":{"rendered":"https:\/\/bibliotecajuridicavirtual.cl\/?post_type=product&#038;p=3292"},"modified":"2026-02-28T01:12:17","modified_gmt":"2026-02-28T04:12:17","slug":"vision-jurisprudencial-hipotecas-ano-2024-180-pag-autor-editorial-hammurabi","status":"publish","type":"product","link":"https:\/\/bibliotecajuridicavirtual.cl\/index.php\/product\/vision-jurisprudencial-hipotecas-ano-2024-180-pag-autor-editorial-hammurabi\/","title":{"rendered":"Vision Jurisprudencial Hipotecas. A\u00f1o 2024\/ 180 P\u00e1g. Autor Editorial Hammurabi"},"content":{"rendered":"<ol>\n<li style=\"font-weight: 400;\"><b><strong> FICHAS DE HIPOTECAS<\/strong><\/b><\/li>\n<\/ol>\n<p style=\"font-weight: 400;\">Ficha N\u00ba 1: Demanda ordinaria de desposeimiento. Desposeimiento hipotecario. Garante hipotecario. Voto de prevenci\u00f3n.<\/p>\n<p style=\"font-weight: 400;\">An\u00e1lisis de la pretensi\u00f3n y defensa<br \/>\n1. S\u00edntesis de los fallos<br \/>\n2. Monto solicitado y concedido<\/p>\n<p style=\"font-weight: 400;\">Ficha N\u00ba 2: Escritura p\u00fablica de compraventa, mutuo e hipoteca. Cl\u00e1usula de aceleraci\u00f3n. Mutuos. Excepci\u00f3n perentoria de prescripci\u00f3n de la acci\u00f3n ordinaria. Excepci\u00f3n de prescripci\u00f3n.<\/p>\n<p style=\"font-weight: 400;\">An\u00e1lisis de la pretensi\u00f3n y defensa<br \/>\n1. S\u00edntesis de los fallos<br \/>\n2. Monto solicitado y concedido<\/p>\n<p style=\"font-weight: 400;\">Ficha N\u00ba 3: Demanda de cobro de pesos, en procedimiento ordinario de mayor cuant\u00eda. Mutuo hipotecario. Cosa juzgada.<\/p>\n<p style=\"font-weight: 400;\">An\u00e1lisis de la pretensi\u00f3n y defensa<br \/>\n1. S\u00edntesis de los fallos<br \/>\n2. Monto solicitado y concedido<\/p>\n<p style=\"font-weight: 400;\">Ficha N\u00ba 4: Juicio ejecutivo de cobro de mutuo hipotecario y pagar\u00e9s. Cl\u00e1usula de aceleraci\u00f3n. Pagar\u00e9s.<\/p>\n<p style=\"font-weight: 400;\">An\u00e1lisis de la pretensi\u00f3n y defensa<br \/>\n1. S\u00edntesis de los fallos<br \/>\n2. Monto solicitado y concedido<\/p>\n<p style=\"font-weight: 400;\">Ficha N\u00ba 5: Demanda de requerimiento de pago. Desposeimiento de la finca hipotecada. Derecho de persecuci\u00f3n.<\/p>\n<p style=\"font-weight: 400;\">An\u00e1lisis de la pretensi\u00f3n y defensa<br \/>\n1. S\u00edntesis de los fallos<br \/>\n2. Monto solicitado y concedido<\/p>\n<p style=\"font-weight: 400;\">Ficha N\u00ba 6: Demanda de cobro de pesos y subsidiaria de reembolso. Mutuo hipotecario.<\/p>\n<p>An\u00e1lisis de la pretensi\u00f3n y defensa<br \/>\n1. S\u00edntesis de los fallos<br \/>\n2. Monto solicitado y concedido<\/p>\n<p style=\"font-weight: 400;\">Ficha N\u00ba 7: Demanda en juicio ordinario por responsabilidad extracontractual. Contrato de compraventa, hipoteca y novaci\u00f3n. Proceso especial hipotecario. Subasta.<\/p>\n<p style=\"font-weight: 400;\">An\u00e1lisis de la pretensi\u00f3n y defensa<br \/>\n1. S\u00edntesis de los fallos<br \/>\n2. Monto solicitado y concedido<\/p>\n<p>Ficha N\u00ba 8: Recurso de protecci\u00f3n. Alzamiento de hipotecas y prohibici\u00f3n. Mutuo hipotecario. Cr\u00e9dito hipotecario.<\/p>\n<p style=\"font-weight: 400;\">An\u00e1lisis de la pretensi\u00f3n y defensa<br \/>\n1. S\u00edntesis de los fallos<br \/>\n2. Monto solicitado y concedido<\/p>\n<p>Ficha N\u00ba 9: Recurso de casaci\u00f3n en el fondo. Demanda de inoponibilidad de contrato de compraventa y acci\u00f3n reivindicatoria. R\u00e9gimen de sociedad conyugal. Cancelaci\u00f3n de hipoteca.<\/p>\n<p style=\"font-weight: 400;\">An\u00e1lisis de la pretensi\u00f3n y defensa<br \/>\n1. S\u00edntesis de los fallos<br \/>\n2. Monto solicitado y concedido<\/p>\n<p>Ficha N\u00ba 10: Demanda ejecutiva. Mutuo hipotecario. Fiadores y codeudores solidarios.<\/p>\n<p style=\"font-weight: 400;\">An\u00e1lisis de la pretensi\u00f3n y defensa<br \/>\n1. S\u00edntesis de los fallos<br \/>\n2. Monto solicitado y concedido<\/p>\n<p>Ficha N\u00ba 11: Juicio ejecutivo de desposeimiento hipotecario. calidad de tercera poseedora del inmueble hipotecado. hipoteca.<\/p>\n<p style=\"font-weight: 400;\">An\u00e1lisis de la pretensi\u00f3n y defensa<br \/>\n1. S\u00edntesis de los fallos<br \/>\n2. Monto solicitado y concedido<\/p>\n<p>Ficha N\u00ba 12: Demanda ejecutiva de desposeimiento. Cheques protestados. Acci\u00f3n hipotecaria contra el tercer poseedor.<\/p>\n<p style=\"font-weight: 400;\">An\u00e1lisis de la pretensi\u00f3n y defensa<br \/>\n1. S\u00edntesis de los fallos<br \/>\n2. Monto solicitado y concedido<\/p>\n<p><b><strong>II. SENTENCIAS DE LA CORTE SUPREMA \u2013 HIPOTECAS<\/strong><\/b><\/p>\n<p style=\"font-weight: 400;\">Sentencia 1. Banco de Chile contra Inmobiliaria Mi Shangrila SpA.<br \/>\nSentencia 2. Banco Falabella, en contra de Ruth Eliana Daure Saralegui.<br \/>\nSentencia 3. Banco de Chile contra Ra\u00fal Enrique Sep\u00falveda Herrera.<br \/>\nSentencia 4. Scotiabank Chile contra Luis Marco Guerrero Araya<br \/>\nSentencia 5. Renta Nacional C\u00eda. de Seguros de Vida S.A. contra Servicios Consultora e Inversiones Rio Tapihue Limitada.<br \/>\nSentencia 6. Ana Diva Huilcam\u00e1n Tralma contra No\u00e9 Maximiliano Curin Mill\u00e1n.<br \/>\nSentencia 7. Greeslend Ivonne Vald\u00e9s Hevia contra Ohio National Seguros de Vida S.A.<br \/>\nSentencia 8. Zrinka Gerad Gotsch contra Banco Santander-Chile.<br \/>\nSentencia 9. Luisa del Carmen Guzm\u00e1n Ovando contra Banco Ita\u00fa chile.<br \/>\nSentencia 10. Banco de Cr\u00e9dito e Inversiones contra Pangal S.A.<br \/>\nSentencia 11. Interfactor S.A. contra Santa Elvira S.A.<br \/>\nSentencia 12. Compa\u00f1\u00eda de Petr\u00f3leos de Chile Copec contra Nora Eugenia Peralta Baeza y otros.<\/p>\n","protected":false},"excerpt":{"rendered":"<p>FICHAS DE HIPOTECAS Ficha N\u00ba 1: Demanda ordinaria de desposeimiento. Desposeimiento hipotecario. Garante hipotecario. Voto de prevenci\u00f3n. An\u00e1lisis de la pretensi\u00f3n y defensa 1. S\u00edntesis de los fallos 2. Monto solicitado y concedido Ficha N\u00ba 2: Escritura p\u00fablica de compraventa, mutuo e hipoteca. Cl\u00e1usula de aceleraci\u00f3n. Mutuos. Excepci\u00f3n perentoria de prescripci\u00f3n de la acci\u00f3n ordinaria. Excepci\u00f3n de prescripci\u00f3n. An\u00e1lisis de la pretensi\u00f3n y defensa 1. S\u00edntesis de los fallos 2. Monto solicitado y concedido Ficha N\u00ba 3: Demanda de cobro de pesos, en procedimiento ordinario de mayor cuant\u00eda. Mutuo hipotecario. Cosa juzgada. An\u00e1lisis de la pretensi\u00f3n y defensa 1. S\u00edntesis de los fallos 2. Monto solicitado y concedido Ficha N\u00ba 4: Juicio ejecutivo de cobro de mutuo hipotecario y pagar\u00e9s. Cl\u00e1usula de aceleraci\u00f3n. Pagar\u00e9s. An\u00e1lisis de la pretensi\u00f3n y defensa 1. S\u00edntesis de los fallos 2. Monto solicitado y concedido Ficha N\u00ba 5: Demanda de requerimiento de pago. Desposeimiento de la finca hipotecada. Derecho de persecuci\u00f3n. An\u00e1lisis de la pretensi\u00f3n y defensa 1. S\u00edntesis de los fallos 2. Monto solicitado y concedido Ficha N\u00ba 6: Demanda de cobro de pesos y subsidiaria de reembolso. Mutuo hipotecario. An\u00e1lisis de la pretensi\u00f3n y defensa 1. S\u00edntesis de los fallos 2. Monto solicitado y concedido Ficha N\u00ba 7: Demanda en juicio ordinario por responsabilidad extracontractual. Contrato de compraventa, hipoteca y novaci\u00f3n. Proceso especial hipotecario. Subasta. An\u00e1lisis de la pretensi\u00f3n y defensa 1. S\u00edntesis de los fallos 2. Monto solicitado y concedido Ficha N\u00ba 8: Recurso de protecci\u00f3n. Alzamiento de hipotecas y prohibici\u00f3n. Mutuo hipotecario. Cr\u00e9dito hipotecario. An\u00e1lisis de la pretensi\u00f3n y defensa 1. S\u00edntesis de los fallos 2. Monto solicitado y concedido Ficha N\u00ba 9: Recurso de casaci\u00f3n en el fondo. Demanda de inoponibilidad de contrato de compraventa y acci\u00f3n reivindicatoria. R\u00e9gimen de sociedad conyugal. Cancelaci\u00f3n de hipoteca. An\u00e1lisis de la pretensi\u00f3n y defensa 1. S\u00edntesis de los fallos 2. Monto solicitado y concedido Ficha N\u00ba 10: Demanda ejecutiva. Mutuo hipotecario. Fiadores y codeudores solidarios. An\u00e1lisis de la pretensi\u00f3n y defensa 1. S\u00edntesis de los fallos 2. Monto solicitado y concedido Ficha N\u00ba 11: Juicio ejecutivo de desposeimiento hipotecario. calidad de tercera poseedora del inmueble hipotecado. hipoteca. An\u00e1lisis de la pretensi\u00f3n y defensa 1. S\u00edntesis de los fallos 2. Monto solicitado y concedido Ficha N\u00ba 12: Demanda ejecutiva de desposeimiento. Cheques protestados. Acci\u00f3n hipotecaria contra el tercer poseedor. An\u00e1lisis de la pretensi\u00f3n y defensa 1. S\u00edntesis de los fallos 2. Monto solicitado y concedido II. SENTENCIAS DE LA CORTE SUPREMA \u2013 HIPOTECAS Sentencia 1. Banco de Chile contra Inmobiliaria Mi Shangrila SpA. Sentencia 2. Banco Falabella, en contra de Ruth Eliana Daure Saralegui. Sentencia 3. Banco de Chile contra Ra\u00fal Enrique Sep\u00falveda Herrera. Sentencia 4. Scotiabank Chile contra Luis Marco Guerrero Araya Sentencia 5. Renta Nacional C\u00eda. de Seguros de Vida S.A. contra Servicios Consultora e Inversiones Rio Tapihue Limitada. Sentencia 6. Ana Diva Huilcam\u00e1n Tralma contra No\u00e9 Maximiliano Curin Mill\u00e1n. Sentencia 7. Greeslend Ivonne Vald\u00e9s Hevia contra Ohio National Seguros de Vida S.A. Sentencia 8. Zrinka Gerad Gotsch contra Banco Santander-Chile. Sentencia 9. Luisa del Carmen Guzm\u00e1n Ovando contra Banco Ita\u00fa chile. Sentencia 10. Banco de Cr\u00e9dito e Inversiones contra Pangal S.A. Sentencia 11. Interfactor S.A. contra Santa Elvira S.A. Sentencia 12. Compa\u00f1\u00eda de Petr\u00f3leos de Chile Copec contra Nora Eugenia Peralta Baeza y otros.<\/p>\n","protected":false},"featured_media":3335,"comment_status":"open","ping_status":"closed","template":"","meta":{"inline_featured_image":false,"_joinchat":[]},"product_brand":[],"product_cat":[27],"product_tag":[],"class_list":{"0":"post-3292","1":"product","2":"type-product","3":"status-publish","4":"has-post-thumbnail","6":"product_cat-civil","7":"product_shipping_class-a-convenir","9":"first","10":"instock","11":"shipping-taxable","12":"purchasable","13":"product-type-simple"},"_links":{"self":[{"href":"https:\/\/bibliotecajuridicavirtual.cl\/index.php\/wp-json\/wp\/v2\/product\/3292","targetHints":{"allow":["GET"]}}],"collection":[{"href":"https:\/\/bibliotecajuridicavirtual.cl\/index.php\/wp-json\/wp\/v2\/product"}],"about":[{"href":"https:\/\/bibliotecajuridicavirtual.cl\/index.php\/wp-json\/wp\/v2\/types\/product"}],"replies":[{"embeddable":true,"href":"https:\/\/bibliotecajuridicavirtual.cl\/index.php\/wp-json\/wp\/v2\/comments?post=3292"}],"wp:featuredmedia":[{"embeddable":true,"href":"https:\/\/bibliotecajuridicavirtual.cl\/index.php\/wp-json\/wp\/v2\/media\/3335"}],"wp:attachment":[{"href":"https:\/\/bibliotecajuridicavirtual.cl\/index.php\/wp-json\/wp\/v2\/media?parent=3292"}],"wp:term":[{"taxonomy":"product_brand","embeddable":true,"href":"https:\/\/bibliotecajuridicavirtual.cl\/index.php\/wp-json\/wp\/v2\/product_brand?post=3292"},{"taxonomy":"product_cat","embeddable":true,"href":"https:\/\/bibliotecajuridicavirtual.cl\/index.php\/wp-json\/wp\/v2\/product_cat?post=3292"},{"taxonomy":"product_tag","embeddable":true,"href":"https:\/\/bibliotecajuridicavirtual.cl\/index.php\/wp-json\/wp\/v2\/product_tag?post=3292"}],"curies":[{"name":"wp","href":"https:\/\/api.w.org\/{rel}","templated":true}]}}