{"id":3293,"date":"2026-02-28T01:11:41","date_gmt":"2026-02-28T04:11:41","guid":{"rendered":"https:\/\/bibliotecajuridicavirtual.cl\/?post_type=product&#038;p=3293"},"modified":"2026-02-28T01:12:20","modified_gmt":"2026-02-28T04:12:20","slug":"curso-de-derecho-romano-5-ta-edicion-ano-2024-247-pag-autor-bracey-wilson-volochinsky","status":"publish","type":"product","link":"https:\/\/bibliotecajuridicavirtual.cl\/index.php\/product\/curso-de-derecho-romano-5-ta-edicion-ano-2024-247-pag-autor-bracey-wilson-volochinsky\/","title":{"rendered":"Curso de Derecho Romano -5 ta Edici\u00f3n. A\u00f1o 2024\/247 P\u00e1g. Autor Bracey Wilson Volochinsky"},"content":{"rendered":"<p style=\"font-weight: 400;\">La finalidad del presente libro es dotar al estudiante universitario que cursa la materia de Derecho Romano de una nueva herramienta para el mejor conocimiento de la misma, respetando a otros autores que ya han escrito sobre estos t\u00f3picos.<\/p>\n<p style=\"font-weight: 400;\">Los temas se han distribuido con todo acierto y la metodolog\u00eda empleada es moderna y acertada. De igual modo se ha sabido conservar la esencia del pensamiento jur\u00eddico romano.<\/p>\n<p style=\"font-weight: 400;\">\n<p style=\"font-weight: 400;\"><b><strong>CAP\u00cdTULO PRIMERO<br \/>\nHISTORIA POL\u00cdTICA DE ROMA<\/strong><\/b><\/p>\n<p style=\"font-weight: 400;\"><b><strong>CAP\u00cdTULO SEGUNDO<br \/>\nLAS FUENTES DEL DERECHO ROMANO<\/strong><\/b><\/p>\n<p style=\"font-weight: 400;\"><b><strong>CAP\u00cdTULO TERCERO<br \/>\nDE LAS PERSONAS<\/strong><\/b><\/p>\n<p style=\"font-weight: 400;\"><b><strong>CAP\u00cdTULO CUARTO<br \/>\nDERECHO PROCESAL ROMANO<\/strong><\/b><\/p>\n<p style=\"font-weight: 400;\"><b><strong>CAP\u00cdTULO QUINTO<br \/>\nDERECHOS REALES<\/strong><\/b><\/p>\n<p style=\"font-weight: 400;\"><b><strong>CAP\u00cdTULO SEXTO<br \/>\nDERECHOS PERSONALES U OBLIGACIONES<\/strong><\/b><\/p>\n<p style=\"font-weight: 400;\"><b><strong>CAP\u00cdTULO S\u00c9PTIMO<\/strong><\/b><br \/>\n<b><strong>DE LA SUCESI\u00d3N POR CAUSA DE MUERTE<\/strong><\/b><\/p>\n","protected":false},"excerpt":{"rendered":"<p>La finalidad del presente libro es dotar al estudiante universitario que cursa la materia de Derecho Romano de una nueva herramienta para el mejor conocimiento de la misma, respetando a otros autores que ya han escrito sobre estos t\u00f3picos. Los temas se han distribuido con todo acierto y la metodolog\u00eda empleada es moderna y acertada. De igual modo se ha sabido conservar la esencia del pensamiento jur\u00eddico romano. CAP\u00cdTULO PRIMERO HISTORIA POL\u00cdTICA DE ROMA CAP\u00cdTULO SEGUNDO LAS FUENTES DEL DERECHO ROMANO CAP\u00cdTULO TERCERO DE LAS PERSONAS CAP\u00cdTULO CUARTO DERECHO PROCESAL ROMANO CAP\u00cdTULO QUINTO DERECHOS REALES CAP\u00cdTULO SEXTO DERECHOS PERSONALES U OBLIGACIONES CAP\u00cdTULO S\u00c9PTIMO DE LA SUCESI\u00d3N POR CAUSA DE MUERTE<\/p>\n","protected":false},"featured_media":3336,"comment_status":"open","ping_status":"closed","template":"","meta":{"inline_featured_image":false,"_joinchat":[]},"product_brand":[],"product_cat":[44],"product_tag":[],"class_list":{"0":"post-3293","1":"product","2":"type-product","3":"status-publish","4":"has-post-thumbnail","6":"product_cat-filosofia-del-derecho-y-introduccion","7":"product_shipping_class-a-convenir","9":"first","10":"instock","11":"shipping-taxable","12":"purchasable","13":"product-type-simple"},"_links":{"self":[{"href":"https:\/\/bibliotecajuridicavirtual.cl\/index.php\/wp-json\/wp\/v2\/product\/3293","targetHints":{"allow":["GET"]}}],"collection":[{"href":"https:\/\/bibliotecajuridicavirtual.cl\/index.php\/wp-json\/wp\/v2\/product"}],"about":[{"href":"https:\/\/bibliotecajuridicavirtual.cl\/index.php\/wp-json\/wp\/v2\/types\/product"}],"replies":[{"embeddable":true,"href":"https:\/\/bibliotecajuridicavirtual.cl\/index.php\/wp-json\/wp\/v2\/comments?post=3293"}],"wp:featuredmedia":[{"embeddable":true,"href":"https:\/\/bibliotecajuridicavirtual.cl\/index.php\/wp-json\/wp\/v2\/media\/3336"}],"wp:attachment":[{"href":"https:\/\/bibliotecajuridicavirtual.cl\/index.php\/wp-json\/wp\/v2\/media?parent=3293"}],"wp:term":[{"taxonomy":"product_brand","embeddable":true,"href":"https:\/\/bibliotecajuridicavirtual.cl\/index.php\/wp-json\/wp\/v2\/product_brand?post=3293"},{"taxonomy":"product_cat","embeddable":true,"href":"https:\/\/bibliotecajuridicavirtual.cl\/index.php\/wp-json\/wp\/v2\/product_cat?post=3293"},{"taxonomy":"product_tag","embeddable":true,"href":"https:\/\/bibliotecajuridicavirtual.cl\/index.php\/wp-json\/wp\/v2\/product_tag?post=3293"}],"curies":[{"name":"wp","href":"https:\/\/api.w.org\/{rel}","templated":true}]}}