{"id":3295,"date":"2026-02-28T01:11:41","date_gmt":"2026-02-28T04:11:41","guid":{"rendered":"https:\/\/bibliotecajuridicavirtual.cl\/?post_type=product&#038;p=3295"},"modified":"2026-02-28T01:12:22","modified_gmt":"2026-02-28T04:12:22","slug":"compendio-tributario-at-2024-ano-2024-695-pag-autor-german-pinto-perry","status":"publish","type":"product","link":"https:\/\/bibliotecajuridicavirtual.cl\/index.php\/product\/compendio-tributario-at-2024-ano-2024-695-pag-autor-german-pinto-perry\/","title":{"rendered":"Compendio Tributario AT 2024. A\u00f1o 2024\/ 695 P\u00e1g. Autor Germ\u00e1n Pinto Perry"},"content":{"rendered":"<p style=\"font-weight: 400;\">Este libro contiene una recopilaci\u00f3n de las principales leyes tributarias necesarias para estudio de la especialidad, adem\u00e1s de un importante apoyo para todos aquellos profesionales que se enfrentar\u00e1n al exigente proceso de operaci\u00f3n renta 2024. El Compendio Tributario 2024 quiere ser adem\u00e1s un apoyo fundamental en la formaci\u00f3n de quienes cursar\u00e1n estudios de tributaci\u00f3n, tanto a nivel de pregrado como de Mag\u00edster y diplomas, as\u00ed como tambi\u00e9n servir de apoyo en el desarrollo de la profesi\u00f3n y sirviendo como un material de consulta permanente.<\/p>\n<p style=\"font-weight: 400;\">Detalle de normas contenidas:<\/p>\n<ul style=\"font-weight: 400;\">\n<li>\u00a0Decreto Ley N\u00b0 830 C\u00f3digo Tributario<\/li>\n<li>\u00a0Decreto Ley N\u00b0 824 sobre impuesto a la Renta<\/li>\n<li>\u00a0Decreto Ley N\u00b0 825 Sobre Impuesto a las Ventas y Servicios<\/li>\n<li>Decreto Ley N\u2019 3.475 sobre Impuesto de Timbres y Estampillas<\/li>\n<li>Ley N\u00b0 16.271 sobre impuesto a las Herencias, Asignaciones y Donaciones<\/li>\n<li>Decreto Ley N\u00b017.235 sobre Impuesto Territorial<\/li>\n<li>Ley N\u00b020.712 Ley \u00fanica de Fondos<\/li>\n<li>Ley N\u00b0 20.544 que regula el tratamiento tributario de los Instrumentos derivados<\/li>\n<li>Reglamento IVA Exportador<\/li>\n<li>Ley 20.675 Modifica ley sobre donaciones con fines culturales contenida en el art\u00edculo 8 de la Ley 18.985<\/li>\n<li>Ley 20.316 Modifica ley 19.885 en materia de donaciones con beneficios tributarios<\/li>\n<li>Ley 21.440 Crea un r\u00e9gimen de donaciones con beneficios tributarios en apoyo a las entidades sin fines de lucro<\/li>\n<li>\u00a0Entre otras<\/li>\n<li>Ejercicios Pr\u00e1cticos<\/li>\n<\/ul>\n<p style=\"font-weight: 400;\">Los\u00a0<b><strong>ejercicios pr\u00e1cticos\u00a0<\/strong><\/b>contenidos en la presente publicaci\u00f3n est\u00e1n preparados cuidadosamente, en ellos, encontraremos 9 casos, en donde se podr\u00e1n visualizar y analizar diversos registros tributarios que deben presentar los contribuyentes seg\u00fan las normas a las que se encuentren sujetos. En dichos registros que se analizan se encuentra la Renta L\u00edquida Imponible en base devengada, Base Imponible en base percibida, Capital Propio Tributario Simplificado, Rentas Afectas a Impuestos, Registro de Rentas empresariales y el traspaso de dichos registros a Declaraciones Juradas 1926, 1947 y 1948.\u00a0<b><strong>Al inicio de cada ejercicio podr\u00e1 acceder mediante c\u00f3digo QR a un link con la grabaci\u00f3n de la explicaci\u00f3n paso a paso.<\/strong><\/b><\/p>\n<p style=\"font-weight: 400;\">\n","protected":false},"excerpt":{"rendered":"<p>Este libro contiene una recopilaci\u00f3n de las principales leyes tributarias necesarias para estudio de la especialidad, adem\u00e1s de un importante apoyo para todos aquellos profesionales que se enfrentar\u00e1n al exigente proceso de operaci\u00f3n renta 2024. El Compendio Tributario 2024 quiere ser adem\u00e1s un apoyo fundamental en la formaci\u00f3n de quienes cursar\u00e1n estudios de tributaci\u00f3n, tanto a nivel de pregrado como de Mag\u00edster y diplomas, as\u00ed como tambi\u00e9n servir de apoyo en el desarrollo de la profesi\u00f3n y sirviendo como un material de consulta permanente. Detalle de normas contenidas: \u00a0Decreto Ley N\u00b0 830 C\u00f3digo Tributario \u00a0Decreto Ley N\u00b0 824 sobre impuesto a la Renta \u00a0Decreto Ley N\u00b0 825 Sobre Impuesto a las Ventas y Servicios Decreto Ley N\u2019 3.475 sobre Impuesto de Timbres y Estampillas Ley N\u00b0 16.271 sobre impuesto a las Herencias, Asignaciones y Donaciones Decreto Ley N\u00b017.235 sobre Impuesto Territorial Ley N\u00b020.712 Ley \u00fanica de Fondos Ley N\u00b0 20.544 que regula el tratamiento tributario de los Instrumentos derivados Reglamento IVA Exportador Ley 20.675 Modifica ley sobre donaciones con fines culturales contenida en el art\u00edculo 8 de la Ley 18.985 Ley 20.316 Modifica ley 19.885 en materia de donaciones con beneficios tributarios Ley 21.440 Crea un r\u00e9gimen de donaciones con beneficios tributarios en apoyo a las entidades sin fines de lucro \u00a0Entre otras Ejercicios Pr\u00e1cticos Los\u00a0ejercicios pr\u00e1cticos\u00a0contenidos en la presente publicaci\u00f3n est\u00e1n preparados cuidadosamente, en ellos, encontraremos 9 casos, en donde se podr\u00e1n visualizar y analizar diversos registros tributarios que deben presentar los contribuyentes seg\u00fan las normas a las que se encuentren sujetos. En dichos registros que se analizan se encuentra la Renta L\u00edquida Imponible en base devengada, Base Imponible en base percibida, Capital Propio Tributario Simplificado, Rentas Afectas a Impuestos, Registro de Rentas empresariales y el traspaso de dichos registros a Declaraciones Juradas 1926, 1947 y 1948.\u00a0Al inicio de cada ejercicio podr\u00e1 acceder mediante c\u00f3digo QR a un link con la grabaci\u00f3n de la explicaci\u00f3n paso a paso.<\/p>\n","protected":false},"featured_media":3338,"comment_status":"open","ping_status":"closed","template":"","meta":{"inline_featured_image":false,"_joinchat":[]},"product_brand":[],"product_cat":[28],"product_tag":[],"class_list":{"0":"post-3295","1":"product","2":"type-product","3":"status-publish","4":"has-post-thumbnail","6":"product_cat-tributario","7":"product_shipping_class-a-convenir","9":"first","10":"instock","11":"shipping-taxable","12":"purchasable","13":"product-type-simple"},"_links":{"self":[{"href":"https:\/\/bibliotecajuridicavirtual.cl\/index.php\/wp-json\/wp\/v2\/product\/3295","targetHints":{"allow":["GET"]}}],"collection":[{"href":"https:\/\/bibliotecajuridicavirtual.cl\/index.php\/wp-json\/wp\/v2\/product"}],"about":[{"href":"https:\/\/bibliotecajuridicavirtual.cl\/index.php\/wp-json\/wp\/v2\/types\/product"}],"replies":[{"embeddable":true,"href":"https:\/\/bibliotecajuridicavirtual.cl\/index.php\/wp-json\/wp\/v2\/comments?post=3295"}],"wp:featuredmedia":[{"embeddable":true,"href":"https:\/\/bibliotecajuridicavirtual.cl\/index.php\/wp-json\/wp\/v2\/media\/3338"}],"wp:attachment":[{"href":"https:\/\/bibliotecajuridicavirtual.cl\/index.php\/wp-json\/wp\/v2\/media?parent=3295"}],"wp:term":[{"taxonomy":"product_brand","embeddable":true,"href":"https:\/\/bibliotecajuridicavirtual.cl\/index.php\/wp-json\/wp\/v2\/product_brand?post=3295"},{"taxonomy":"product_cat","embeddable":true,"href":"https:\/\/bibliotecajuridicavirtual.cl\/index.php\/wp-json\/wp\/v2\/product_cat?post=3295"},{"taxonomy":"product_tag","embeddable":true,"href":"https:\/\/bibliotecajuridicavirtual.cl\/index.php\/wp-json\/wp\/v2\/product_tag?post=3295"}],"curies":[{"name":"wp","href":"https:\/\/api.w.org\/{rel}","templated":true}]}}