{"id":3296,"date":"2026-02-28T01:11:41","date_gmt":"2026-02-28T04:11:41","guid":{"rendered":"https:\/\/bibliotecajuridicavirtual.cl\/?post_type=product&#038;p=3296"},"modified":"2026-02-28T01:12:25","modified_gmt":"2026-02-28T04:12:25","slug":"circunstancias-atenuantes-y-agravantes-genericas-en-el-codigo-penal-chileno-2da-edicion-ano-2024-573-pag-autor-varios-autores","status":"publish","type":"product","link":"https:\/\/bibliotecajuridicavirtual.cl\/index.php\/product\/circunstancias-atenuantes-y-agravantes-genericas-en-el-codigo-penal-chileno-2da-edicion-ano-2024-573-pag-autor-varios-autores\/","title":{"rendered":"Circunstancias Atenuantes y Agravantes Gen\u00e9ricas en el C\u00f3digo Penal Chileno &#8211; 2da Edici\u00f3n. A\u00f1o 2024\/573 P\u00e1g. Autor Varios Autores"},"content":{"rendered":"<p>Las circunstancias modificatorias de responsabilidad penal constituyen herramientas de las que se vale el juzgador al concretar la m\u00e1s delicada de sus funciones: aplicar la pena luego de adquirir convicci\u00f3n condenatoria.<\/p>\n<p>Esta obra corresponde a una segunda edici\u00f3n, en parte revisada y corregida por algunos de los autores que aportaron a la primera edici\u00f3n de la misma, puesta en circulaci\u00f3n ha ya casi un lustro.<\/p>\n<p>A este texto remozado se agregan nuevas contribuciones que corresponden a las circunstancias\u00a0 agravantes 22\u00b0 y 23\u00b0 del art\u00edculo 12 del C\u00f3digo Penal, incorporadas por las leyes 21. 483 y 21.577, respectivamente.<\/p>\n<p>El texto conserva su prop\u00f3sito inicial: servir a los operadores del foro, esto es, abogados defensores y querellantes, fiscales del Ministerio P\u00fablico y jueces. Por lo mismo, y con la finalidad de facilitar su uso, las distintas\u00a0 disposiciones se abordan en el orden que las recoge el C\u00f3digo, prescindiendo de las agrupaciones sistem\u00e1ticas que se hacen en los tratados y manuales en uso en el medio nacional.<\/p>\n<p>Lo anterior no es obst\u00e1culo para el acabado tratamiento\u00a0 que, de los preceptos correspondientes, hace la pl\u00e9yade de acad\u00e9micas y acad\u00e9micos que colaboran en este libro, quienes desarrollan a fondo el estado de la discusi\u00f3n doctrinaria respecto de las circunstancias gen\u00e9ticas legisladas, lo que refuerzan con fallos de nuestros tribunales de justicia.<\/p>\n","protected":false},"excerpt":{"rendered":"<p>Las circunstancias modificatorias de responsabilidad penal constituyen herramientas de las que se vale el juzgador al concretar la m\u00e1s delicada de sus funciones: aplicar la pena luego de adquirir convicci\u00f3n condenatoria. Esta obra corresponde a una segunda edici\u00f3n, en parte revisada y corregida por algunos de los autores que aportaron a la primera edici\u00f3n de la misma, puesta en circulaci\u00f3n ha ya casi un lustro. A este texto remozado se agregan nuevas contribuciones que corresponden a las circunstancias\u00a0 agravantes 22\u00b0 y 23\u00b0 del art\u00edculo 12 del C\u00f3digo Penal, incorporadas por las leyes 21. 483 y 21.577, respectivamente. El texto conserva su prop\u00f3sito inicial: servir a los operadores del foro, esto es, abogados defensores y querellantes, fiscales del Ministerio P\u00fablico y jueces. Por lo mismo, y con la finalidad de facilitar su uso, las distintas\u00a0 disposiciones se abordan en el orden que las recoge el C\u00f3digo, prescindiendo de las agrupaciones sistem\u00e1ticas que se hacen en los tratados y manuales en uso en el medio nacional. Lo anterior no es obst\u00e1culo para el acabado tratamiento\u00a0 que, de los preceptos correspondientes, hace la pl\u00e9yade de acad\u00e9micas y acad\u00e9micos que colaboran en este libro, quienes desarrollan a fondo el estado de la discusi\u00f3n doctrinaria respecto de las circunstancias gen\u00e9ticas legisladas, lo que refuerzan con fallos de nuestros tribunales de justicia.<\/p>\n","protected":false},"featured_media":3339,"comment_status":"open","ping_status":"closed","template":"","meta":{"inline_featured_image":false,"_joinchat":[]},"product_brand":[],"product_cat":[40,30],"product_tag":[],"class_list":{"0":"post-3296","1":"product","2":"type-product","3":"status-publish","4":"has-post-thumbnail","6":"product_cat-ediciones-juridica-de-santiago","7":"product_cat-penal","8":"product_shipping_class-a-convenir","10":"first","11":"instock","12":"shipping-taxable","13":"purchasable","14":"product-type-simple"},"_links":{"self":[{"href":"https:\/\/bibliotecajuridicavirtual.cl\/index.php\/wp-json\/wp\/v2\/product\/3296","targetHints":{"allow":["GET"]}}],"collection":[{"href":"https:\/\/bibliotecajuridicavirtual.cl\/index.php\/wp-json\/wp\/v2\/product"}],"about":[{"href":"https:\/\/bibliotecajuridicavirtual.cl\/index.php\/wp-json\/wp\/v2\/types\/product"}],"replies":[{"embeddable":true,"href":"https:\/\/bibliotecajuridicavirtual.cl\/index.php\/wp-json\/wp\/v2\/comments?post=3296"}],"wp:featuredmedia":[{"embeddable":true,"href":"https:\/\/bibliotecajuridicavirtual.cl\/index.php\/wp-json\/wp\/v2\/media\/3339"}],"wp:attachment":[{"href":"https:\/\/bibliotecajuridicavirtual.cl\/index.php\/wp-json\/wp\/v2\/media?parent=3296"}],"wp:term":[{"taxonomy":"product_brand","embeddable":true,"href":"https:\/\/bibliotecajuridicavirtual.cl\/index.php\/wp-json\/wp\/v2\/product_brand?post=3296"},{"taxonomy":"product_cat","embeddable":true,"href":"https:\/\/bibliotecajuridicavirtual.cl\/index.php\/wp-json\/wp\/v2\/product_cat?post=3296"},{"taxonomy":"product_tag","embeddable":true,"href":"https:\/\/bibliotecajuridicavirtual.cl\/index.php\/wp-json\/wp\/v2\/product_tag?post=3296"}],"curies":[{"name":"wp","href":"https:\/\/api.w.org\/{rel}","templated":true}]}}