{"id":3297,"date":"2026-02-28T01:11:41","date_gmt":"2026-02-28T04:11:41","guid":{"rendered":"https:\/\/bibliotecajuridicavirtual.cl\/?post_type=product&#038;p=3297"},"modified":"2026-02-28T01:12:27","modified_gmt":"2026-02-28T04:12:27","slug":"instituciones-y-principios-de-derecho-romano-ano-2024-469-pag-autor-andres-bello","status":"publish","type":"product","link":"https:\/\/bibliotecajuridicavirtual.cl\/index.php\/product\/instituciones-y-principios-de-derecho-romano-ano-2024-469-pag-autor-andres-bello\/","title":{"rendered":"Instituciones y Principios de Derecho Romano. A\u00f1o 2024\/469 P\u00e1g. Autor Andr\u00e9s Bello"},"content":{"rendered":"<p style=\"font-weight: 400;\">El presente libro corresponde b\u00e1sicamente al tomo XVII de las Obras Completas de Andr\u00e9s Bello de la segunda edici\u00f3n de 1981, publicada en Caracas por la Fundaci\u00f3n La Casa de Bello.<\/p>\n<p style=\"font-weight: 400;\">Como bien indica nuestro romanista Alejandro Guzm\u00e1n Brito, Bello lleg\u00f3 al Derecho Romano a trav\u00e9s de las Siete Partidas. Para mejor entenderlas, ley\u00f3 algunos tratados modernos de Derecho romano que gozaban de gran prestigio en Europa. Como fuere, el punto es que Bello conoc\u00eda bien el Derecho Romano y lo ense\u00f1aba con un inmejorable m\u00e9todo.<\/p>\n<p style=\"font-weight: 400;\">La obra no es un mero resumen, sino que si se analiza en el contexto de la docencia en Espa\u00f1a y Am\u00e9rica obedece a la necesidad que encontr\u00f3 Bello de formar un texto capaz de dar a los alumnos un material s\u00f3lido y de orientar a los profesores de su \u00e9poca en la manera como deb\u00eda presentarse el estudio del Derecho Romano de un modo \u00fatil para la formaci\u00f3n de los futuros abogados.<\/p>\n<ol>\n<li style=\"font-weight: 400;\"><b><strong> INSTITUCIONES DE DERECHO ROMANO<\/strong><\/b><\/li>\n<\/ol>\n<p style=\"font-weight: 400;\">PROEMIO<\/p>\n<p style=\"font-weight: 400;\">Libro Primero<br \/>\nLibro Segundo<br \/>\nLibro Tercero<br \/>\nLibro Cuarto<\/p>\n<ol>\n<li style=\"font-weight: 400;\"><b><strong> PROGRAMA DE DERECHO ROMANO<\/strong><\/b><\/li>\n<\/ol>\n<p style=\"font-weight: 400;\">Libro Primero<br \/>\nLibro Segundo<br \/>\nLibro Tercero<br \/>\nLibro Cuarto<\/p>\n<p style=\"font-weight: 400;\"><b><strong>III. PRINCIPIOS DE DERECHO ROMANO<\/strong><\/b><\/p>\n<p style=\"font-weight: 400;\">PROEMIO<\/p>\n<p style=\"font-weight: 400;\">Libro Primero<\/p>\n<ol>\n<li style=\"font-weight: 400;\"><b><strong> AP\u00c9NDICE<\/strong><\/b><\/li>\n<\/ol>\n","protected":false},"excerpt":{"rendered":"<p>El presente libro corresponde b\u00e1sicamente al tomo XVII de las Obras Completas de Andr\u00e9s Bello de la segunda edici\u00f3n de 1981, publicada en Caracas por la Fundaci\u00f3n La Casa de Bello. Como bien indica nuestro romanista Alejandro Guzm\u00e1n Brito, Bello lleg\u00f3 al Derecho Romano a trav\u00e9s de las Siete Partidas. Para mejor entenderlas, ley\u00f3 algunos tratados modernos de Derecho romano que gozaban de gran prestigio en Europa. Como fuere, el punto es que Bello conoc\u00eda bien el Derecho Romano y lo ense\u00f1aba con un inmejorable m\u00e9todo. La obra no es un mero resumen, sino que si se analiza en el contexto de la docencia en Espa\u00f1a y Am\u00e9rica obedece a la necesidad que encontr\u00f3 Bello de formar un texto capaz de dar a los alumnos un material s\u00f3lido y de orientar a los profesores de su \u00e9poca en la manera como deb\u00eda presentarse el estudio del Derecho Romano de un modo \u00fatil para la formaci\u00f3n de los futuros abogados. INSTITUCIONES DE DERECHO ROMANO PROEMIO Libro Primero Libro Segundo Libro Tercero Libro Cuarto PROGRAMA DE DERECHO ROMANO Libro Primero Libro Segundo Libro Tercero Libro Cuarto III. PRINCIPIOS DE DERECHO ROMANO PROEMIO Libro Primero AP\u00c9NDICE<\/p>\n","protected":false},"featured_media":3340,"comment_status":"open","ping_status":"closed","template":"","meta":{"inline_featured_image":false,"_joinchat":[]},"product_brand":[],"product_cat":[44],"product_tag":[],"class_list":{"0":"post-3297","1":"product","2":"type-product","3":"status-publish","4":"has-post-thumbnail","6":"product_cat-filosofia-del-derecho-y-introduccion","7":"product_shipping_class-a-convenir","9":"first","10":"instock","11":"shipping-taxable","12":"purchasable","13":"product-type-simple"},"_links":{"self":[{"href":"https:\/\/bibliotecajuridicavirtual.cl\/index.php\/wp-json\/wp\/v2\/product\/3297","targetHints":{"allow":["GET"]}}],"collection":[{"href":"https:\/\/bibliotecajuridicavirtual.cl\/index.php\/wp-json\/wp\/v2\/product"}],"about":[{"href":"https:\/\/bibliotecajuridicavirtual.cl\/index.php\/wp-json\/wp\/v2\/types\/product"}],"replies":[{"embeddable":true,"href":"https:\/\/bibliotecajuridicavirtual.cl\/index.php\/wp-json\/wp\/v2\/comments?post=3297"}],"wp:featuredmedia":[{"embeddable":true,"href":"https:\/\/bibliotecajuridicavirtual.cl\/index.php\/wp-json\/wp\/v2\/media\/3340"}],"wp:attachment":[{"href":"https:\/\/bibliotecajuridicavirtual.cl\/index.php\/wp-json\/wp\/v2\/media?parent=3297"}],"wp:term":[{"taxonomy":"product_brand","embeddable":true,"href":"https:\/\/bibliotecajuridicavirtual.cl\/index.php\/wp-json\/wp\/v2\/product_brand?post=3297"},{"taxonomy":"product_cat","embeddable":true,"href":"https:\/\/bibliotecajuridicavirtual.cl\/index.php\/wp-json\/wp\/v2\/product_cat?post=3297"},{"taxonomy":"product_tag","embeddable":true,"href":"https:\/\/bibliotecajuridicavirtual.cl\/index.php\/wp-json\/wp\/v2\/product_tag?post=3297"}],"curies":[{"name":"wp","href":"https:\/\/api.w.org\/{rel}","templated":true}]}}