{"id":3300,"date":"2026-02-28T01:11:42","date_gmt":"2026-02-28T04:11:42","guid":{"rendered":"https:\/\/bibliotecajuridicavirtual.cl\/?post_type=product&#038;p=3300"},"modified":"2026-02-28T01:12:34","modified_gmt":"2026-02-28T04:12:34","slug":"codigo-del-trabajo-24-va-edicion-ano-2024-570-pag-autor-eduardo-caamano-rojo","status":"publish","type":"product","link":"https:\/\/bibliotecajuridicavirtual.cl\/index.php\/product\/codigo-del-trabajo-24-va-edicion-ano-2024-570-pag-autor-eduardo-caamano-rojo\/","title":{"rendered":"C\u00f3digo del Trabajo -24 va Edici\u00f3n. A\u00f1o 2024 \/ 570 P\u00e1g. Autor Eduardo Caama\u00f1o Rojo"},"content":{"rendered":"<p style=\"font-weight: 400;\"><b><strong>Actualizado al 3 de enero de 2024.<\/strong><\/b><\/p>\n<p>El equipo de Thomson Reuters lleva d\u00e9cadas realizando este trabajo de actualizaci\u00f3n, con un nivel de excelencia dif\u00edcil de igualar y ampliamente reconocido por los profesionales del derecho.<\/p>\n<p style=\"font-weight: 400;\">Todo el valor diferencial de la edici\u00f3n impresa tambi\u00e9n la tienes en su versi\u00f3n digital, a trav\u00e9s de Proview.<\/p>\n<p style=\"font-weight: 400;\"><u><br \/>\nCaracter\u00edsticas<\/u><\/p>\n<p style=\"font-weight: 400;\"><b><strong>&#8211;\u00a0Respaldo de un Director<\/strong><\/b><br \/>\nCada c\u00f3digo cuenta con la supervisi\u00f3n de un abogado destacado en la materia, encargado de revisar anualmente las normas que componen el ap\u00e9ndice, concordancias, t\u00edtulos de art\u00edculos e \u00edndice tem\u00e1tico.<br \/>\n<b><strong><br \/>\n&#8211;\u00a0Ap\u00e9ndice normativo<\/strong><\/b><br \/>\nCompilaci\u00f3n y sistematizaci\u00f3n de normas complementarias al c\u00f3digo, indispensables para el ejercicio profesional.<\/p>\n<p style=\"font-weight: 400;\"><b><strong>&#8211;\u00a0T\u00edtulos en art\u00edculos del c\u00f3digo y del ap\u00e9ndice<\/strong><\/b><br \/>\nEn cada art\u00edculo del c\u00f3digo y en las normas del ap\u00e9ndice, se presenta una breve descripci\u00f3n de su contenido.<\/p>\n<p><b><strong>&#8211;\u00a0Concordancias<\/strong><\/b><br \/>\nMuestra la relaci\u00f3n entre art\u00edculos del mismo c\u00f3digo o con otras normas, cuando tratan sobre materias similares.<br \/>\n<b><strong><br \/>\n&#8211;\u00a0\u00cdndice tem\u00e1tico<\/strong><\/b><br \/>\nEsta secci\u00f3n, ubicada al final de cada c\u00f3digo, incluye diversos t\u00e9rminos jur\u00eddicos, contenidos en el mismo cuerpo legal, con referencia al n\u00famero del art\u00edculo en que se encuentra tratado el concepto.<br \/>\n<b><strong><br \/>\n&#8211;\u00a0Articulado y ap\u00e9ndice actualizados<\/strong><\/b><br \/>\nTodos los art\u00edculos est\u00e1n actualizados hasta la fecha de cierre de la edici\u00f3n de este c\u00f3digo.<\/p>\n<p style=\"font-weight: 400;\"><u><br \/>\nContenido<\/u><\/p>\n<p style=\"font-weight: 400;\"><b><strong>&#8211; C\u00d3DIGO DEL TRABAJO<\/strong><\/b><\/p>\n<p style=\"font-weight: 400;\"><b><strong>&#8211; AP\u00c9NDICE CON LAS SIGUIENTES LEYES:<\/strong><\/b><\/p>\n<p style=\"font-weight: 400;\">\u2013 D.F.L. N\u00ba 2. Dispone la reestructuraci\u00f3n y fija las funciones de la Direcci\u00f3n del Trabajo (D.O. de 29 de septiembre de 1967)<\/p>\n<p style=\"font-weight: 400;\">\u2013 Ley N\u00ba 17.322. Normas para la cobranza judicial de cotizaciones, aportes y multas de las instituciones de seguridad social (D.O. de 19 de agosto de 1970)<\/p>\n<p style=\"font-weight: 400;\">\u2013 Ley N\u00ba 16.744. Seguro social contra riesgos de accidentes del trabajo y enfermedades profesionales (D.O. de 1 de febrero de 1968)<\/p>\n<p style=\"font-weight: 400;\">\u2013 Decreto con Fuerza de Ley N\u00ba 44. Establece normas comunes para subsidios por incapacidad laboral de los trabajadores dependientes del sector privado (D.O. de 24 de julio de 1978)<\/p>\n<p style=\"font-weight: 400;\">\u2013 Decreto Ley N\u00ba 2.757. Establece normas sobre asociaciones gremiales (D.O. de 4 de julio de 1979)<\/p>\n<p style=\"font-weight: 400;\">\u2013 Ley N\u00ba 19.728. Establece un seguro de desempleo (D.O. de 14 de mayo de 2001)<\/p>\n<p style=\"font-weight: 400;\">\u2013 Ley N\u00ba 19.345. Dispone aplicaci\u00f3n de la Ley N\u00ba 16.744, sobre Seguro Social contra Riesgos de Accidentes del Trabajo y Enfermedades Profesionales, a Trabajadores del Sector P\u00fablico que se\u00f1ala (D.O. de 7 de noviembre de 1994)<\/p>\n<p style=\"font-weight: 400;\">\u2013 Decreto N\u00ba 64. Aprueba Reglamento del Cap\u00edtulo II De la Inclusi\u00f3n Laboral de Personas con Discapacidad, del T\u00edtulo III del Libro I del C\u00f3digo del Trabajo, incorporado por la Ley N\u00ba 21.015, que incentiva la inclusi\u00f3n de personas con discapacidad al mundo laboral (D.O. de 1 de febrero de 2018)<\/p>\n<p style=\"font-weight: 400;\">\u2013 Decreto N\u00ba 18. Aprueba Reglamento del Art\u00edculo 152 Qu\u00e1ter M del C\u00f3digo del Trabajo, que establece condiciones espec\u00edficas de seguridad y salud en el trabajo a que deber\u00e1n sujetarse los trabajadores que prestan servicios en las modalidades de Trabajo a Distancia o Teletrabajo, de acuerdo con los principios y condiciones de la Ley N\u00ba 16.744 (D.O. de 3 de julio de 2020)<\/p>\n<p style=\"font-weight: 400;\">\u2013 Decreto N\u00ba 16. Aprueba Reglamento de Arbitraje Laboral (D.O. de 26 de abril de 2017)<\/p>\n<p style=\"font-weight: 400;\">\n<p style=\"font-weight: 400;\"><b><strong>MODIFICACIONES INCORPORADAS A ESTA EDICI\u00d3N<\/strong><\/b><\/p>\n<p style=\"font-weight: 400;\">Modificaciones introducidas en el per\u00edodo comprendido entre el 1 de febrero de 2002 y el 3 de enero de 2024:<\/p>\n<p style=\"font-weight: 400;\"><span style=\"font-weight: inherit;\">\u2013 El art\u00edculo \u00fanico de la Ley N\u00ba 21.645, publicada en el Diario Oficial de 29 de diciembre de 2023, modifica los art\u00edculos 67, 76 bis, 152 qu\u00e1ter O bis, 152 qu\u00e1ter O ter, Libro II T\u00edtulo II, 194 y 376 del C\u00f3digo del Trabajo.<\/span><\/p>\n<p style=\"font-weight: 400;\"><span style=\"font-weight: inherit;\">\u2013 El art\u00edculo 1\u00ba de la Ley N\u00ba 21.628, publicada en el Diario Oficial de 31 de octubre de 2023, modifica los art\u00edculos 12, 15, 24, 25, 25 bis, 26 bis, 58 A, 58 B, T\u00edtulo IV, 66, 67, 68, 69, 70, 71, 72, 73, 74, sexto transitorio y s\u00e9ptimo transitorio de la Ley N\u00ba 19.728, que Establece un seguro de desempleo.<\/span><\/p>\n<p style=\"font-weight: 400;\"><span style=\"font-weight: inherit;\">\u2013 El art\u00edculo 2\u00ba de la Ley N\u00ba 21.628, publicada en el Diario Oficial de 31 de octubre de 2023, modifica el art\u00edculo 9\u00ba bis del C\u00f3digo del Trabajo.<\/span><\/p>\n<p style=\"font-weight: 400;\"><span style=\"font-weight: inherit;\">\u2013 El art\u00edculo 22 de la Ley N\u00ba 21.592, publicada en el Diario Oficial de 21 de agosto de 2023, modifica el art\u00edculo 485 del C\u00f3digo del Trabajo.<\/span><\/p>\n<p style=\"font-weight: 400;\"><span style=\"font-weight: inherit;\">\u2013 El art\u00edculo 55 de la Ley N\u00ba 21.595, publicada en el Diario Oficial de 17 de agosto de 2023, agrega el art\u00edculo 13 bis a Ley N\u00ba 17.322, que establece normas para la cobranza judicial de imposiciones, aportes y multas de las instituciones de previsi\u00f3n.<\/span><\/p>\n<p style=\"font-weight: 400;\"><span style=\"font-weight: inherit;\">\u2013 El\u00a0art\u00edculo\u00a01\u00ba de la Ley N\u00ba 21.561, publicada en el Diario Oficial de 26 de abril de 2023, modifica los\u00a0art\u00edculos 22, 22, 23, 25, 25 bis, 25 ter, 26 bis, 27, 28, 31, 32, 33, 34 bis, 38, 40 bis, 88, 106, 109, 149, 150, 152 ter D, 152 qu\u00e1ter J, 152 qu\u00e1ter Y y 375 del C\u00f3digo del Trabajo.<\/span><\/p>\n<p style=\"font-weight: 400;\"><span style=\"font-weight: inherit;\">\u2013 El\u00a0art\u00edculo\u00a025 de la Ley N\u00ba 21.545, publicada en el Diario Oficial de 10 de marzo de 2023, agrega el\u00a0art\u00edculo\u00a066 quinquies al C\u00f3digo del Trabajo.<\/span><\/p>\n<p style=\"font-weight: 400;\"><span style=\"font-weight: inherit;\">\u2013 El art\u00edculo \u00fanico de la Ley N\u00ba 21.498, publicada en el Diario Oficial de 15 de noviembre de 2022, modifica el art\u00edculo 202 del C\u00f3digo del Trabajo.<\/span><\/p>\n<p style=\"font-weight: 400;\"><span style=\"font-weight: inherit;\">\u2013 El art\u00edculo \u00fanico de la Ley N\u00ba 21.476, publicada en el Diario Oficial de 2 de agosto de 2022, modifica el art\u00edculo 38 del C\u00f3digo del Trabajo.<\/span><\/p>\n<p style=\"font-weight: 400;\"><span style=\"font-weight: inherit;\">\u2013 El art\u00edculo \u00fanico de la Ley N\u00ba 21.441, publicada en el Diario Oficial de 9 de mayo de 2022, modifica el art\u00edculo 66 del C\u00f3digo del Trabajo.<\/span><\/p>\n<p style=\"font-weight: 400;\"><span style=\"font-weight: inherit;\">\u2013 El art\u00edculo 2\u00ba de la Ley N\u00ba 21.436, publicada en el Diario Oficial de 9 de abril de 2022, modifica los art\u00edculos 22, 38, Cap\u00edtulo VI del T\u00edtulo II del Libro I, 152 bis A, 152 bis B\u00b8152 bis C, 152 bis D, 152 bis E, 152 bis F, 152 bis I, 152 bis J y 152 bis K del C\u00f3digo del Trabajo.<\/span><\/p>\n<p style=\"font-weight: 400;\"><span style=\"font-weight: inherit;\">\u2013 El art\u00edculo \u00fanico de la Ley N\u00ba 21.431, publicada en el Diario Oficial de 11 de marzo de 2022, modifica el art\u00edculo 38 e incorpora un nuevo Cap\u00edtulo X, en el T\u00edtulo II del Libro I del C\u00f3digo del Trabajo (art\u00edculos 152 qu\u00e1ter P a 152 quinquies I).<\/span><\/p>\n<p style=\"font-weight: 400;\"><span style=\"font-weight: inherit;\">\u2013 El art\u00edculo 5\u00ba de la Ley N\u00ba 21.400, publicada en el Diario Oficial de 10 de diciembre de 2021, modifica los art\u00edculos 59 y 207 ter del C\u00f3digo del Trabajo.<\/span><\/p>\n<p style=\"font-weight: 400;\"><span style=\"font-weight: inherit;\">\u2013 El art\u00edculo 6\u00ba de la Ley N\u00ba 21.400, publicada en el Diario Oficial de 10 de diciembre de 2021, modifica los art\u00edculos 44, 46 y 93 de la Ley N\u00ba 16.744, sobre Seguro Social contra Riesgos de Accidentes del Trabajo y Enfermedades Profesionales.<\/span><\/p>\n<p style=\"font-weight: 400;\"><span style=\"font-weight: inherit;\">\u2013 El art\u00edculo 5\u00ba de la Ley N\u00ba 21.394, publicada en el Diario Oficial de 30 de noviembre de 2021, modifica los art\u00edculos 3\u00ba, 427, 440, 442 y 496 del C\u00f3digo del Trabajo.<\/span><\/p>\n<p style=\"font-weight: 400;\"><span style=\"font-weight: inherit;\">\u2013 El art\u00edculo \u00fanico de la Ley N\u00ba 21.391, publicada en el Diario Oficial de 24 de noviembre de 2021, agrega el art\u00edculo 206 bis del C\u00f3digo del Trabajo.<\/span><\/p>\n<p style=\"font-weight: 400;\"><span style=\"font-weight: inherit;\">\u2013 El art\u00edculo \u00fanico de la Ley N\u00ba 21.382, publicada en el Diario Oficial de 21 de octubre de 2021, modifica el art\u00edculo 66 bis del C\u00f3digo del Trabajo.<\/span><\/p>\n<p style=\"font-weight: 400;\"><span style=\"font-weight: inherit;\">\u2013 El art\u00edculo \u00fanico de la Ley N\u00ba 21.376, publicada en el Diario Oficial de 1 de octubre de 2021, modifica los art\u00edculos 97, 103, 106, 115, 116 y 128 del C\u00f3digo del Trabajo.<\/span><\/p>\n<p style=\"font-weight: 400;\"><span style=\"font-weight: inherit;\">\u2013 El art\u00edculo 2\u00ba de la Ley N\u00ba 21.371, publicada en el Diario Oficial de 29 de septiembre de 2021, modifica el art\u00edculo 66 del C\u00f3digo del Trabajo.<\/span><\/p>\n<p style=\"font-weight: 400;\"><span style=\"font-weight: inherit;\">\u2013 El art\u00edculo \u00fanico de la Ley N\u00ba 21.361, publicada en el Diario Oficial de 27 de julio de 2021, modifica los art\u00edculos 162 y 177 del C\u00f3digo del Trabajo.<\/span><\/p>\n<p style=\"font-weight: 400;\"><span style=\"font-weight: inherit;\">\u2013 El art\u00edculo \u00fanico de la Ley N\u00ba 21.347, publicada en el Diario Oficial de 27 de julio de 2021, agrega el art\u00edculo 66 ter y modifica el 66 qu\u00e1ter del C\u00f3digo del Trabajo.<\/span><\/p>\n<p style=\"font-weight: 400;\"><span style=\"font-weight: inherit;\">\u2013 El art\u00edculo 1\u00ba de la Ley N\u00ba 21.327, publicada en el Diario Oficial de 30 de abril de 2021, modifica los art\u00edculos 9\u00ba bis, 10, 54, 152 bis L, 183 A, 292, 377 bis, 378, 379, 406, 454, 505, 505 A, 506, 506 qu\u00e1ter, 507, 508, 511, 512, 514, 515, 516, 517, 518 y 519 del C\u00f3digo del Trabajo.<\/span><\/p>\n<p style=\"font-weight: 400;\"><span style=\"font-weight: inherit;\">\u2013 El art\u00edculo 14 de la Ley N\u00ba 21.327, publicada en el Diario Oficial de 30 de abril de 2021, modifica el art\u00edculo 5\u00ba del Decreto con Fuerza de Ley N\u00ba 2, que Dispone la reestructuraci\u00f3n y fija funciones de la Direcci\u00f3n del Trabajo.<\/span><\/p>\n<p style=\"font-weight: 400;\">\u00a0 \u00a0 \u00a0 \u2013 El art\u00edculo 1\u00ba de la Ley N\u00ba 21.280, publicada en el Diario Oficial de 9 de noviembre de 2020, interpreta el inciso 1\u00ba del\u00a0 art\u00edculo 485 del C\u00f3digo del Trabajo.<\/p>\n<p style=\"font-weight: 400;\">\u00a0 \u00a0 \u00a0 \u2013 El art\u00edculo 2\u00ba de la Ley N\u00ba 21.280, publicada en el Diario Oficial de 9 de noviembre de 2020, modifica los art\u00edculos 486 y 489 del C\u00f3digo del Trabajo.<\/p>\n<p style=\"font-weight: 400;\">\u00a0 \u00a0 \u00a0 \u2013 El art\u00edculo \u00fanico de la Ley N\u00ba 21.275, publicada en el Diario Oficial de 21 de octubre de 2020, agrega el nuevo art\u00edculo 157 qu\u00e1ter al C\u00f3digo del Trabajo.<\/p>\n<p style=\"font-weight: 400;\"><span style=\"font-weight: inherit;\">\u2013 El art\u00edculo \u00fanico de la Ley N\u00ba 21.271, publicada en el Diario Oficial de 6 de octubre de 2020, reemplaza el ep\u00edgrafe del cap\u00edtulo II del T\u00edtulo I del Libro I, modifica los art\u00edculos 13, 14, 15, 15 bis, 16, 17 y 18; y agrega los nuevos art\u00edculos 18 bis, 18 ter, 18 qu\u00e1ter y 18 quinquies al C\u00f3digo del Trabajo.\u00a0<\/span>[&#8230;]<\/p>\n<p style=\"font-weight: 400;\">\n","protected":false},"excerpt":{"rendered":"<p>Actualizado al 3 de enero de 2024. El equipo de Thomson Reuters lleva d\u00e9cadas realizando este trabajo de actualizaci\u00f3n, con un nivel de excelencia dif\u00edcil de igualar y ampliamente reconocido por los profesionales del derecho. Todo el valor diferencial de la edici\u00f3n impresa tambi\u00e9n la tienes en su versi\u00f3n digital, a trav\u00e9s de Proview. Caracter\u00edsticas &#8211;\u00a0Respaldo de un Director Cada c\u00f3digo cuenta con la supervisi\u00f3n de un abogado destacado en la materia, encargado de revisar anualmente las normas que componen el ap\u00e9ndice, concordancias, t\u00edtulos de art\u00edculos e \u00edndice tem\u00e1tico. &#8211;\u00a0Ap\u00e9ndice normativo Compilaci\u00f3n y sistematizaci\u00f3n de normas complementarias al c\u00f3digo, indispensables para el ejercicio profesional. &#8211;\u00a0T\u00edtulos en art\u00edculos del c\u00f3digo y del ap\u00e9ndice En cada art\u00edculo del c\u00f3digo y en las normas del ap\u00e9ndice, se presenta una breve descripci\u00f3n de su contenido. &#8211;\u00a0Concordancias Muestra la relaci\u00f3n entre art\u00edculos del mismo c\u00f3digo o con otras normas, cuando tratan sobre materias similares. &#8211;\u00a0\u00cdndice tem\u00e1tico Esta secci\u00f3n, ubicada al final de cada c\u00f3digo, incluye diversos t\u00e9rminos jur\u00eddicos, contenidos en el mismo cuerpo legal, con referencia al n\u00famero del art\u00edculo en que se encuentra tratado el concepto. &#8211;\u00a0Articulado y ap\u00e9ndice actualizados Todos los art\u00edculos est\u00e1n actualizados hasta la fecha de cierre de la edici\u00f3n de este c\u00f3digo. Contenido &#8211; C\u00d3DIGO DEL TRABAJO &#8211; AP\u00c9NDICE CON LAS SIGUIENTES LEYES: \u2013 D.F.L. N\u00ba 2. Dispone la reestructuraci\u00f3n y fija las funciones de la Direcci\u00f3n del Trabajo (D.O. de 29 de septiembre de 1967) \u2013 Ley N\u00ba 17.322. Normas para la cobranza judicial de cotizaciones, aportes y multas de las instituciones de seguridad social (D.O. de 19 de agosto de 1970) \u2013 Ley N\u00ba 16.744. Seguro social contra riesgos de accidentes del trabajo y enfermedades profesionales (D.O. de 1 de febrero de 1968) \u2013 Decreto con Fuerza de Ley N\u00ba 44. Establece normas comunes para subsidios por incapacidad laboral de los trabajadores dependientes del sector privado (D.O. de 24 de julio de 1978) \u2013 Decreto Ley N\u00ba 2.757. Establece normas sobre asociaciones gremiales (D.O. de 4 de julio de 1979) \u2013 Ley N\u00ba 19.728. Establece un seguro de desempleo (D.O. de 14 de mayo de 2001) \u2013 Ley N\u00ba 19.345. Dispone aplicaci\u00f3n de la Ley N\u00ba 16.744, sobre Seguro Social contra Riesgos de Accidentes del Trabajo y Enfermedades Profesionales, a Trabajadores del Sector P\u00fablico que se\u00f1ala (D.O. de 7 de noviembre de 1994) \u2013 Decreto N\u00ba 64. Aprueba Reglamento del Cap\u00edtulo II De la Inclusi\u00f3n Laboral de Personas con Discapacidad, del T\u00edtulo III del Libro I del C\u00f3digo del Trabajo, incorporado por la Ley N\u00ba 21.015, que incentiva la inclusi\u00f3n de personas con discapacidad al mundo laboral (D.O. de 1 de febrero de 2018) \u2013 Decreto N\u00ba 18. Aprueba Reglamento del Art\u00edculo 152 Qu\u00e1ter M del C\u00f3digo del Trabajo, que establece condiciones espec\u00edficas de seguridad y salud en el trabajo a que deber\u00e1n sujetarse los trabajadores que prestan servicios en las modalidades de Trabajo a Distancia o Teletrabajo, de acuerdo con los principios y condiciones de la Ley N\u00ba 16.744 (D.O. de 3 de julio de 2020) \u2013 Decreto N\u00ba 16. Aprueba Reglamento de Arbitraje Laboral (D.O. de 26 de abril de 2017) MODIFICACIONES INCORPORADAS A ESTA EDICI\u00d3N Modificaciones introducidas en el per\u00edodo comprendido entre el 1 de febrero de 2002 y el 3 de enero de 2024: \u2013 El art\u00edculo \u00fanico de la Ley N\u00ba 21.645, publicada en el Diario Oficial de 29 de diciembre de 2023, modifica los art\u00edculos 67, 76 bis, 152 qu\u00e1ter O bis, 152 qu\u00e1ter O ter, Libro II T\u00edtulo II, 194 y 376 del C\u00f3digo del Trabajo. \u2013 El art\u00edculo 1\u00ba de la Ley N\u00ba 21.628, publicada en el Diario Oficial de 31 de octubre de 2023, modifica los art\u00edculos 12, 15, 24, 25, 25 bis, 26 bis, 58 A, 58 B, T\u00edtulo IV, 66, 67, 68, 69, 70, 71, 72, 73, 74, sexto transitorio y s\u00e9ptimo transitorio de la Ley N\u00ba 19.728, que Establece un seguro de desempleo. \u2013 El art\u00edculo 2\u00ba de la Ley N\u00ba 21.628, publicada en el Diario Oficial de 31 de octubre de 2023, modifica el art\u00edculo 9\u00ba bis del C\u00f3digo del Trabajo. \u2013 El art\u00edculo 22 de la Ley N\u00ba 21.592, publicada en el Diario Oficial de 21 de agosto de 2023, modifica el art\u00edculo 485 del C\u00f3digo del Trabajo. \u2013 El art\u00edculo 55 de la Ley N\u00ba 21.595, publicada en el Diario Oficial de 17 de agosto de 2023, agrega el art\u00edculo 13 bis a Ley N\u00ba 17.322, que establece normas para la cobranza judicial de imposiciones, aportes y multas de las instituciones de previsi\u00f3n. \u2013 El\u00a0art\u00edculo\u00a01\u00ba de la Ley N\u00ba 21.561, publicada en el Diario Oficial de 26 de abril de 2023, modifica los\u00a0art\u00edculos 22, 22, 23, 25, 25 bis, 25 ter, 26 bis, 27, 28, 31, 32, 33, 34 bis, 38, 40 bis, 88, 106, 109, 149, 150, 152 ter D, 152 qu\u00e1ter J, 152 qu\u00e1ter Y y 375 del C\u00f3digo del Trabajo. \u2013 El\u00a0art\u00edculo\u00a025 de la Ley N\u00ba 21.545, publicada en el Diario Oficial de 10 de marzo de 2023, agrega el\u00a0art\u00edculo\u00a066 quinquies al C\u00f3digo del Trabajo. \u2013 El art\u00edculo \u00fanico de la Ley N\u00ba 21.498, publicada en el Diario Oficial de 15 de noviembre de 2022, modifica el art\u00edculo 202 del C\u00f3digo del Trabajo. \u2013 El art\u00edculo \u00fanico de la Ley N\u00ba 21.476, publicada en el Diario Oficial de 2 de agosto de 2022, modifica el art\u00edculo 38 del C\u00f3digo del Trabajo. \u2013 El art\u00edculo \u00fanico de la Ley N\u00ba 21.441, publicada en el Diario Oficial de 9 de mayo de 2022, modifica el art\u00edculo 66 del C\u00f3digo del Trabajo. \u2013 El art\u00edculo 2\u00ba de la Ley N\u00ba 21.436, publicada en el Diario Oficial de 9 de abril de 2022, modifica los art\u00edculos 22, 38, Cap\u00edtulo VI del T\u00edtulo II del Libro I, 152 bis A, 152 bis B\u00b8152 bis C, 152 bis D, 152 bis E, 152 bis F, 152 bis I, 152 bis J y 152 bis K del C\u00f3digo del Trabajo. \u2013 El art\u00edculo \u00fanico de la Ley N\u00ba 21.431, publicada en el Diario Oficial de 11<\/p>\n","protected":false},"featured_media":3358,"comment_status":"open","ping_status":"closed","template":"","meta":{"inline_featured_image":false,"_joinchat":[]},"product_brand":[],"product_cat":[41,42],"product_tag":[],"class_list":{"0":"post-3300","1":"product","2":"type-product","3":"status-publish","4":"has-post-thumbnail","6":"product_cat-laboral","7":"product_cat-thomson-reuters","8":"product_shipping_class-a-convenir","10":"first","11":"instock","12":"shipping-taxable","13":"purchasable","14":"product-type-simple"},"_links":{"self":[{"href":"https:\/\/bibliotecajuridicavirtual.cl\/index.php\/wp-json\/wp\/v2\/product\/3300","targetHints":{"allow":["GET"]}}],"collection":[{"href":"https:\/\/bibliotecajuridicavirtual.cl\/index.php\/wp-json\/wp\/v2\/product"}],"about":[{"href":"https:\/\/bibliotecajuridicavirtual.cl\/index.php\/wp-json\/wp\/v2\/types\/product"}],"replies":[{"embeddable":true,"href":"https:\/\/bibliotecajuridicavirtual.cl\/index.php\/wp-json\/wp\/v2\/comments?post=3300"}],"wp:featuredmedia":[{"embeddable":true,"href":"https:\/\/bibliotecajuridicavirtual.cl\/index.php\/wp-json\/wp\/v2\/media\/3358"}],"wp:attachment":[{"href":"https:\/\/bibliotecajuridicavirtual.cl\/index.php\/wp-json\/wp\/v2\/media?parent=3300"}],"wp:term":[{"taxonomy":"product_brand","embeddable":true,"href":"https:\/\/bibliotecajuridicavirtual.cl\/index.php\/wp-json\/wp\/v2\/product_brand?post=3300"},{"taxonomy":"product_cat","embeddable":true,"href":"https:\/\/bibliotecajuridicavirtual.cl\/index.php\/wp-json\/wp\/v2\/product_cat?post=3300"},{"taxonomy":"product_tag","embeddable":true,"href":"https:\/\/bibliotecajuridicavirtual.cl\/index.php\/wp-json\/wp\/v2\/product_tag?post=3300"}],"curies":[{"name":"wp","href":"https:\/\/api.w.org\/{rel}","templated":true}]}}