{"id":3315,"date":"2026-02-28T01:12:06","date_gmt":"2026-02-28T04:12:06","guid":{"rendered":"https:\/\/bibliotecajuridicavirtual.cl\/?post_type=product&#038;p=3315"},"modified":"2026-02-28T01:12:35","modified_gmt":"2026-02-28T04:12:35","slug":"deuda-externa-chilena-y-negociacion-1983-1989-aspectos-juridicos-economicos-ano-2024-200-pag-autor-crispulo-marmolejo-gonzalez","status":"publish","type":"product","link":"https:\/\/bibliotecajuridicavirtual.cl\/index.php\/product\/deuda-externa-chilena-y-negociacion-1983-1989-aspectos-juridicos-economicos-ano-2024-200-pag-autor-crispulo-marmolejo-gonzalez\/","title":{"rendered":"Deuda Externa Chilena y Negociaci\u00f3n (1983-1989) Aspectos Jur\u00eddicos Econ\u00f3micos. A\u00f1o 2024\/ 200 P\u00e1g. Autor  Cr\u00edspulo Marmolejo Gonz\u00e1lez"},"content":{"rendered":"<div class=\"row row-detalle-libro\">\n<div class=\"col-md-8 col-sm-8\">\n<div id=\"bookmiscSinopsisValoraciones\" class=\"book-misc tabcontainer\">\n<div class=\"tab-content\">\n<div id=\"sinopsis\" class=\"tab-pane fade in active\" role=\"tabpanel\">\n<p>La literatura especializada ense\u00f1a que los a\u00f1os 80 fueron la d\u00e9cada de la crisis de deuda latinoamericana. Este fen\u00f3meno se gener\u00f3 a partir de la impresionante expansi\u00f3n del cr\u00e9dito proveniente de los pa\u00edses exportadores de petr\u00f3leo, y que vieron en esta parte del mundo un mercado atractivo para el destino de esos capitales, en forma de deuda.<\/p>\n<p>La crisis de la deuda latinoamericana trajo consigo grandes dudas y desaf\u00edos; gener\u00f3 dolores, decepciones y un alt\u00edsimo costo social y econ\u00f3mico. Desde luego, Chile no fue la excepci\u00f3n a esa experiencia. El relato de la g\u00e9nesis, los efectos econ\u00f3micos y pol\u00edticos, y la reestructuraci\u00f3n de la deuda externa chilena, en el periodo 1983 ? 1989 constituye un cap\u00edtulo digno de inter\u00e9s y estudio. El equipo negociador de Chile consigui\u00f3, entre varias gestiones, ampliaciones de periodos de pago, revalorizaci\u00f3n de viejos y nuevos cr\u00e9ditos, compromisos de financiamiento adicional (New Money) para cubrir las brechas de pago, y la reprogramaci\u00f3n del pago de intereses. A cuatro d\u00e9cadas del inicio de esa negociaci\u00f3n y de la implementaci\u00f3n de un conjunto de mecanismos y remedios para mitigar los efectos de la deuda externa que experiment\u00f3 Chile en esos a\u00f1os, este \u00a0texto propone una breve revisi\u00f3n de los aspectos jur\u00eddico ? econ\u00f3micos m\u00e1s relevantes de dicho proceso.\n<\/p><\/div>\n<\/div>\n<\/div>\n<\/div>\n<\/div>\n<div class=\"row\">\n<div class=\"row row-detalle-libro\">\n<div class=\"col-md-8 col-sm-8\">\n<div id=\"bookmiscSinopsisValoraciones\" class=\"book-misc tabcontainer\">\n<div class=\"tab-content\">\n<div id=\"indice\" class=\"tab-pane fade active in\" role=\"tabpanel\">\n<div id=\"indiceContainer\" class=\"indice-nowrap\">\n<p>\u00cdndice<br \/>\nAbreviaturas\u00a0\u00a0 \u00a0\u00a0\u00a0 \u00a013<br \/>\nIntroducci\u00f3n\u00a0\u00a0 \u00a0\u00a0\u00a0 \u00a015<br \/>\nCap\u00edtulo I. Deuda Externa. Evoluci\u00f3n y Conceptos b\u00e1sicos\u00a0\u00a0 \u00a0\u00a0\u00a0 \u00a019<br \/>\n1. Generalidades\u00a0\u00a0 \u00a0\u00a0\u00a0 \u00a019<br \/>\n1.1.\u00a0\u00a0 \u00a0La noci\u00f3n de \u201cdeuda externa\u00a0\u00a0 \u00a0\u00a0\u00a0 \u00a019<br \/>\n1.2.\u00a0\u00a0 \u00a0Deuda soberana\u00a0\u00a0 \u00a0\u00a0\u00a0 \u00a023<br \/>\n1.3.\u00a0\u00a0 \u00a0Crisis de deuda externa\u00a0\u00a0 \u00a0\u00a0\u00a0 \u00a025<br \/>\n2. Algunas disciplinas que se ocupan del problema de la Deuda Externa\u00a0\u00a0 \u00a0\u00a0\u00a0 \u00a026<br \/>\n2.1.\u00a0\u00a0 \u00a0El Derecho\u00a0\u00a0 \u00a0\u00a0\u00a0 \u00a026<br \/>\n2.2.\u00a0\u00a0 \u00a0La econom\u00eda pol\u00edtica de la deuda externa\u00a0\u00a0 \u00a0\u00a0\u00a0 \u00a030<br \/>\n2.2.1.\u00a0\u00a0 \u00a0Cuestiones generales\u00a0\u00a0 \u00a0\u00a0\u00a0 \u00a030<br \/>\n3. Breves notas sobre el origen y evoluci\u00f3n de las crisis de deuda internacional\u00a0\u00a0 \u00a0\u00a0\u00a0 \u00a032<br \/>\n3.1.\u00a0\u00a0 \u00a0Europa y Am\u00e9rica Latina\u00a0\u00a0 \u00a0\u00a0\u00a0 \u00a032<br \/>\n3.2.\u00a0\u00a0 \u00a0Chile\u00a0\u00a0 \u00a0\u00a0\u00a0 \u00a036<br \/>\nCapitulo II. La crisis financiera chilena de 1982 \u2013 1983\u00a0\u00a0 \u00a0\u00a0\u00a0 \u00a053<br \/>\n1. Aspectos generales y las crisis financieras en un contexto global\u00a0\u00a0 \u00a0\u00a0\u00a0 \u00a053<br \/>\n2. Factores\u00a0\u00a0 \u00a0\u00a0\u00a0 \u00a057<br \/>\n2.1.\u00a0\u00a0 \u00a0Factores internacionales: \u201cDefender\u00e9 el peso como un perro\u201d\u00a0\u00a0 \u00a0\u00a0\u00a0 \u00a057<br \/>\n2.2.\u00a0\u00a0 \u00a0Factores internos. \u201cSe aproxima la tormenta\u2026\u201d\u00a0\u00a0 \u00a0\u00a0\u00a0 \u00a062<br \/>\n3. Los d\u00edas oscuros\u00a0\u00a0 \u00a0\u00a0\u00a0 \u00a066<br \/>\n3.1.\u00a0\u00a0 \u00a0La crisis y su impacto\u00a0\u00a0 \u00a0\u00a0\u00a0 \u00a066<br \/>\n3.2.\u00a0\u00a0 \u00a0La intervenci\u00f3n estatal de la banca\u00a0\u00a0 \u00a0\u00a0\u00a0 \u00a071<br \/>\n3.2.1.\u00a0\u00a0 \u00a0Aspectos generales\u00a0\u00a0 \u00a0\u00a0\u00a0 \u00a071<br \/>\n3.2.2.\u00a0\u00a0 \u00a0Or\u00edgenes de la intervenci\u00f3n bancaria\u00a0\u00a0 \u00a0\u00a0\u00a0 \u00a074<br \/>\n3.2.3.\u00a0\u00a0 \u00a0C\u00f3mo se implement\u00f3 la intervenci\u00f3n bancaria y sus herramientas\u00a0\u00a0 \u00a0\u00a0\u00a0 \u00a077<br \/>\nCap\u00edtulo III. La negociaci\u00f3n de la deuda externa chilena (1983 \u2013 1989)\u00a0\u00a0 \u00a0\u00a0\u00a0 \u00a081<br \/>\n1. Cuestiones generales\u00a0\u00a0 \u00a0\u00a0\u00a0 \u00a081<br \/>\n2. Conceptos necesarios: Default, Negociar, renegociar, reestructurar\u00a0\u00a0 \u00a0\u00a0\u00a0 \u00a081<br \/>\n2.1.\u00a0\u00a0 \u00a0Default\u00a0\u00a0 \u00a0\u00a0\u00a0 \u00a082<br \/>\n2.2.\u00a0\u00a0 \u00a0Negociaci\u00f3n y renegociaci\u00f3n\u00a0\u00a0 \u00a0\u00a0\u00a0 \u00a083<br \/>\n2.3.\u00a0\u00a0 \u00a0Reestructuraci\u00f3n\u00a0\u00a0 \u00a0\u00a0\u00a0 \u00a083<br \/>\n3. Los Estados frente a las crisis de deuda\u00a0\u00a0 \u00a0\u00a0\u00a0 \u00a085<br \/>\n4. Baker y Brady\u00a0\u00a0 \u00a0\u00a0\u00a0 \u00a087<br \/>\n5. Mecanismos de reestructuraci\u00f3n de deuda externa: \u201cHay que actuar\u201d\u00a0\u00a0 \u00a0\u00a0\u00a0 \u00a092<br \/>\n5.1.\u00a0\u00a0 \u00a0Cuestiones generales\u00a0\u00a0 \u00a0\u00a0\u00a0 \u00a092<br \/>\n5.2.\u00a0\u00a0 \u00a0El caso de Chile y el periodo 1983 \u2013 1989\u00a0\u00a0 \u00a0\u00a0\u00a0 \u00a093<br \/>\n5.2.1.\u00a0\u00a0 \u00a0Generalidades\u00a0\u00a0 \u00a0\u00a0\u00a0 \u00a093<br \/>\n5.2.2.\u00a0\u00a0 \u00a0Una propuesta cronol\u00f3gica\u00a0\u00a0 \u00a0\u00a0\u00a0 \u00a094<br \/>\n5.2.3.\u00a0\u00a0 \u00a0La conformaci\u00f3n del equipo negociador de la deuda externa\u00a0\u00a0 \u00a0\u00a0\u00a0 \u00a099<br \/>\n5.2.3.1.\u00a0\u00a0 \u00a0Equipo 1\u00a0\u00a0 \u00a0\u00a0\u00a0 \u00a099<br \/>\n5.2.3.2.\u00a0\u00a0 \u00a0Equipo 2\u00a0\u00a0 \u00a0\u00a0\u00a0 \u00a0102<br \/>\n5.2.4.\u00a0\u00a0 \u00a0La condici\u00f3n de Chile como deudor y las etapas\u00a0\u00a0 \u00a0\u00a0\u00a0 \u00a0107<br \/>\n6. Los acreedores\u00a0\u00a0 \u00a0\u00a0\u00a0 \u00a0110<br \/>\n6.1.\u00a0\u00a0 \u00a0El Comit\u00e9 de Bancos acreedores\u00a0\u00a0 \u00a0\u00a0\u00a0 \u00a0110<br \/>\n6.2.\u00a0\u00a0 \u00a0El rol de Susan Segal\u00a0\u00a0 \u00a0\u00a0\u00a0 \u00a0111<br \/>\n6.3.\u00a0\u00a0 \u00a0Los organismos internacionales: Club de Paris y el FMI\u00a0\u00a0 \u00a0\u00a0\u00a0 \u00a0112<br \/>\n6.3.1.\u00a0\u00a0 \u00a0El Club de Par\u00eds\u00a0\u00a0 \u00a0\u00a0\u00a0 \u00a0112<br \/>\n6.3.2.\u00a0\u00a0 \u00a0El Fondo Monetario Internacional\u00a0\u00a0 \u00a0\u00a0\u00a0 \u00a0115<br \/>\n6.4.\u00a0\u00a0 \u00a0Caracter\u00edsticas del proceso de negociaci\u00f3n\u00a0\u00a0 \u00a0\u00a0\u00a0 \u00a0116<br \/>\n6.4.1.\u00a0\u00a0 \u00a0Lo general, con la perspectiva actual\u00a0\u00a0 \u00a0\u00a0\u00a0 \u00a0116<br \/>\n6.4.2.\u00a0\u00a0 \u00a0Lo particular, mirando hacia atr\u00e1s\u00a0\u00a0 \u00a0\u00a0\u00a0 \u00a0118<br \/>\n6.4.2.1.\u00a0\u00a0 \u00a0Caracter\u00edsticas del proceso chileno de negociaci\u00f3n 1983\u20131989\u00a0\u00a0 \u00a0\u00a0\u00a0 \u00a0121<br \/>\n6.4.2.1.1.\u00a0\u00a0 \u00a0N\u00famero reducido de integrantes\u00a0\u00a0 \u00a0\u00a0\u00a0 \u00a0121<br \/>\n6.4.2.1.2.\u00a0\u00a0 \u00a0Asesor\u00eda legal\u00a0\u00a0 \u00a0\u00a0\u00a0 \u00a0121<br \/>\n6.4.2.1.3.\u00a0\u00a0 \u00a0Especializaci\u00f3n y conocimiento\u00a0\u00a0 \u00a0\u00a0\u00a0 \u00a0122<br \/>\n6.4.2.1.4.\u00a0\u00a0 \u00a0Dedicaci\u00f3n exclusiva y credibilidad\u00a0\u00a0 \u00a0\u00a0\u00a0 \u00a0122<br \/>\n6.4.2.1.5.\u00a0\u00a0 \u00a0Reputaci\u00f3n y confianza de los ministros de Hacienda\u00a0\u00a0 \u00a0\u00a0\u00a0 \u00a0123<br \/>\n6.5.\u00a0\u00a0 \u00a0Modelos de negociaci\u00f3n\u00a0\u00a0 \u00a0\u00a0\u00a0 \u00a0123<br \/>\n6.6.\u00a0\u00a0 \u00a0Procedimiento de discusi\u00f3n\u00a0\u00a0 \u00a0\u00a0\u00a0 \u00a0124<br \/>\n7. Instrumentos y mecanismos jur\u00eddicos creados a partir de la negociaci\u00f3n\u00a0\u00a0 \u00a0\u00a0\u00a0 \u00a0124<br \/>\n7.1.\u00a0\u00a0 \u00a0Generalidades\u00a0\u00a0 \u00a0\u00a0\u00a0 \u00a0124<br \/>\n7.2.\u00a0\u00a0 \u00a0El mecanismo de garant\u00eda estatal\u00a0\u00a0 \u00a0\u00a0\u00a0 \u00a0125<br \/>\n7.2.1.\u00a0\u00a0 \u00a0Evoluci\u00f3n normativa de las garant\u00edas durante el proceso\u00a0\u00a0 \u00a0\u00a0\u00a0 \u00a0125<br \/>\n7.3.\u00a0\u00a0 \u00a0Retiming y Repricing\u00a0\u00a0 \u00a0\u00a0\u00a0 \u00a0135<br \/>\n7.4.\u00a0\u00a0 \u00a0Mecanismos de conversi\u00f3n\u00a0\u00a0 \u00a0\u00a0\u00a0 \u00a0136<br \/>\n7.4.1.\u00a0\u00a0 \u00a0Generalidades y contexto\u00a0\u00a0 \u00a0\u00a0\u00a0 \u00a0136<br \/>\n7.4.2.\u00a0\u00a0 \u00a0\u00bfQu\u00e9 ocurri\u00f3 en el caso chileno?\u00a0\u00a0 \u00a0\u00a0\u00a0 \u00a0138<br \/>\n7.4.3.\u00a0\u00a0 \u00a0Cap\u00edtulos XVIII y XIX del Compendio de Normas de cambios internacionales del Banco Central\u00a0\u00a0 \u00a0\u00a0\u00a0 \u00a0139<br \/>\n8. R\u00e9gimen normativo en la actualidad\u00a0\u00a0 \u00a0\u00a0\u00a0 \u00a0141<br \/>\n8.1.\u00a0\u00a0 \u00a0El modelo de la UNCTAD. Los principios\u00a0\u00a0 \u00a0\u00a0\u00a0 \u00a0141<br \/>\n8.2.\u00a0\u00a0 \u00a0Bases normativas del endeudamiento p\u00fablico externo en Chile\u00a0\u00a0 \u00a0\u00a0\u00a0 \u00a0147<br \/>\n8.2.1.\u00a0\u00a0 \u00a0Normas constitucionales\u00a0\u00a0 \u00a0\u00a0\u00a0 \u00a0147<br \/>\n8.2.2.\u00a0\u00a0 \u00a0Normas legales\u00a0\u00a0 \u00a0\u00a0\u00a0 \u00a0148<br \/>\n8.2.2.1.\u00a0\u00a0 \u00a0Banco Central\u00a0\u00a0 \u00a0\u00a0\u00a0 \u00a0148<br \/>\n9. Conclusiones\u00a0\u00a0 \u00a0\u00a0\u00a0 \u00a0150<br \/>\nAnexo I. Algunos p\u00e1rrafos del discurso del Secretario del Tesoro de Estados Unidos James Baker ante la Junta anual conjunta del Fondo Monetario Internacional y el Banco Mundial, 8 de Octubre de 1985. (Bases del Plan Baker)\u00a0\u00a0 \u00a0\u00a0\u00a0 \u00a0153<br \/>\nAnexo II. Tabla Cronol\u00f3gica de las etapas de negociaci\u00f3n de la Deuda externa (1983 \u2013 1989) EN: Sommerville, Hern\u00e1n ( 1990) Negociar en Tiempos Dif\u00edciles. Zigzag, Santiago)\u00a0\u00a0 \u00a0\u00a0\u00a0 \u00a0159<br \/>\nAnexo III. Cap\u00edtulo XVIII del Compendio de Normas de Cambios Internacionales del Banco Central\u00a0\u00a0 \u00a0\u00a0\u00a0 \u00a0175<br \/>\nReferencias bibliogr\u00e1ficas\u00a0\u00a0 \u00a0\u00a0\u00a0 \u00a0187<\/p>\n<\/div>\n<\/div>\n<\/div>\n<\/div>\n<\/div>\n<\/div>\n<div class=\"row\"><\/div>\n<\/div>\n","protected":false},"excerpt":{"rendered":"<p>La literatura especializada ense\u00f1a que los a\u00f1os 80 fueron la d\u00e9cada de la crisis de deuda latinoamericana. Este fen\u00f3meno se gener\u00f3 a partir de la impresionante expansi\u00f3n del cr\u00e9dito proveniente de los pa\u00edses exportadores de petr\u00f3leo, y que vieron en esta parte del mundo un mercado atractivo para el destino de esos capitales, en forma de deuda. La crisis de la deuda latinoamericana trajo consigo grandes dudas y desaf\u00edos; gener\u00f3 dolores, decepciones y un alt\u00edsimo costo social y econ\u00f3mico. Desde luego, Chile no fue la excepci\u00f3n a esa experiencia. El relato de la g\u00e9nesis, los efectos econ\u00f3micos y pol\u00edticos, y la reestructuraci\u00f3n de la deuda externa chilena, en el periodo 1983 ? 1989 constituye un cap\u00edtulo digno de inter\u00e9s y estudio. El equipo negociador de Chile consigui\u00f3, entre varias gestiones, ampliaciones de periodos de pago, revalorizaci\u00f3n de viejos y nuevos cr\u00e9ditos, compromisos de financiamiento adicional (New Money) para cubrir las brechas de pago, y la reprogramaci\u00f3n del pago de intereses. A cuatro d\u00e9cadas del inicio de esa negociaci\u00f3n y de la implementaci\u00f3n de un conjunto de mecanismos y remedios para mitigar los efectos de la deuda externa que experiment\u00f3 Chile en esos a\u00f1os, este \u00a0texto propone una breve revisi\u00f3n de los aspectos jur\u00eddico ? econ\u00f3micos m\u00e1s relevantes de dicho proceso. \u00cdndice Abreviaturas\u00a0\u00a0 \u00a0\u00a0\u00a0 \u00a013 Introducci\u00f3n\u00a0\u00a0 \u00a0\u00a0\u00a0 \u00a015 Cap\u00edtulo I. Deuda Externa. Evoluci\u00f3n y Conceptos b\u00e1sicos\u00a0\u00a0 \u00a0\u00a0\u00a0 \u00a019 1. Generalidades\u00a0\u00a0 \u00a0\u00a0\u00a0 \u00a019 1.1.\u00a0\u00a0 \u00a0La noci\u00f3n de \u201cdeuda externa\u00a0\u00a0 \u00a0\u00a0\u00a0 \u00a019 1.2.\u00a0\u00a0 \u00a0Deuda soberana\u00a0\u00a0 \u00a0\u00a0\u00a0 \u00a023 1.3.\u00a0\u00a0 \u00a0Crisis de deuda externa\u00a0\u00a0 \u00a0\u00a0\u00a0 \u00a025 2. Algunas disciplinas que se ocupan del problema de la Deuda Externa\u00a0\u00a0 \u00a0\u00a0\u00a0 \u00a026 2.1.\u00a0\u00a0 \u00a0El Derecho\u00a0\u00a0 \u00a0\u00a0\u00a0 \u00a026 2.2.\u00a0\u00a0 \u00a0La econom\u00eda pol\u00edtica de la deuda externa\u00a0\u00a0 \u00a0\u00a0\u00a0 \u00a030 2.2.1.\u00a0\u00a0 \u00a0Cuestiones generales\u00a0\u00a0 \u00a0\u00a0\u00a0 \u00a030 3. Breves notas sobre el origen y evoluci\u00f3n de las crisis de deuda internacional\u00a0\u00a0 \u00a0\u00a0\u00a0 \u00a032 3.1.\u00a0\u00a0 \u00a0Europa y Am\u00e9rica Latina\u00a0\u00a0 \u00a0\u00a0\u00a0 \u00a032 3.2.\u00a0\u00a0 \u00a0Chile\u00a0\u00a0 \u00a0\u00a0\u00a0 \u00a036 Capitulo II. La crisis financiera chilena de 1982 \u2013 1983\u00a0\u00a0 \u00a0\u00a0\u00a0 \u00a053 1. Aspectos generales y las crisis financieras en un contexto global\u00a0\u00a0 \u00a0\u00a0\u00a0 \u00a053 2. Factores\u00a0\u00a0 \u00a0\u00a0\u00a0 \u00a057 2.1.\u00a0\u00a0 \u00a0Factores internacionales: \u201cDefender\u00e9 el peso como un perro\u201d\u00a0\u00a0 \u00a0\u00a0\u00a0 \u00a057 2.2.\u00a0\u00a0 \u00a0Factores internos. \u201cSe aproxima la tormenta\u2026\u201d\u00a0\u00a0 \u00a0\u00a0\u00a0 \u00a062 3. Los d\u00edas oscuros\u00a0\u00a0 \u00a0\u00a0\u00a0 \u00a066 3.1.\u00a0\u00a0 \u00a0La crisis y su impacto\u00a0\u00a0 \u00a0\u00a0\u00a0 \u00a066 3.2.\u00a0\u00a0 \u00a0La intervenci\u00f3n estatal de la banca\u00a0\u00a0 \u00a0\u00a0\u00a0 \u00a071 3.2.1.\u00a0\u00a0 \u00a0Aspectos generales\u00a0\u00a0 \u00a0\u00a0\u00a0 \u00a071 3.2.2.\u00a0\u00a0 \u00a0Or\u00edgenes de la intervenci\u00f3n bancaria\u00a0\u00a0 \u00a0\u00a0\u00a0 \u00a074 3.2.3.\u00a0\u00a0 \u00a0C\u00f3mo se implement\u00f3 la intervenci\u00f3n bancaria y sus herramientas\u00a0\u00a0 \u00a0\u00a0\u00a0 \u00a077 Cap\u00edtulo III. La negociaci\u00f3n de la deuda externa chilena (1983 \u2013 1989)\u00a0\u00a0 \u00a0\u00a0\u00a0 \u00a081 1. Cuestiones generales\u00a0\u00a0 \u00a0\u00a0\u00a0 \u00a081 2. Conceptos necesarios: Default, Negociar, renegociar, reestructurar\u00a0\u00a0 \u00a0\u00a0\u00a0 \u00a081 2.1.\u00a0\u00a0 \u00a0Default\u00a0\u00a0 \u00a0\u00a0\u00a0 \u00a082 2.2.\u00a0\u00a0 \u00a0Negociaci\u00f3n y renegociaci\u00f3n\u00a0\u00a0 \u00a0\u00a0\u00a0 \u00a083 2.3.\u00a0\u00a0 \u00a0Reestructuraci\u00f3n\u00a0\u00a0 \u00a0\u00a0\u00a0 \u00a083 3. Los Estados frente a las crisis de deuda\u00a0\u00a0 \u00a0\u00a0\u00a0 \u00a085 4. Baker y Brady\u00a0\u00a0 \u00a0\u00a0\u00a0 \u00a087 5. Mecanismos de reestructuraci\u00f3n de deuda externa: \u201cHay que actuar\u201d\u00a0\u00a0 \u00a0\u00a0\u00a0 \u00a092 5.1.\u00a0\u00a0 \u00a0Cuestiones generales\u00a0\u00a0 \u00a0\u00a0\u00a0 \u00a092 5.2.\u00a0\u00a0 \u00a0El caso de Chile y el periodo 1983 \u2013 1989\u00a0\u00a0 \u00a0\u00a0\u00a0 \u00a093 5.2.1.\u00a0\u00a0 \u00a0Generalidades\u00a0\u00a0 \u00a0\u00a0\u00a0 \u00a093 5.2.2.\u00a0\u00a0 \u00a0Una propuesta cronol\u00f3gica\u00a0\u00a0 \u00a0\u00a0\u00a0 \u00a094 5.2.3.\u00a0\u00a0 \u00a0La conformaci\u00f3n del equipo negociador de la deuda externa\u00a0\u00a0 \u00a0\u00a0\u00a0 \u00a099 5.2.3.1.\u00a0\u00a0 \u00a0Equipo 1\u00a0\u00a0 \u00a0\u00a0\u00a0 \u00a099 5.2.3.2.\u00a0\u00a0 \u00a0Equipo 2\u00a0\u00a0 \u00a0\u00a0\u00a0 \u00a0102 5.2.4.\u00a0\u00a0 \u00a0La condici\u00f3n de Chile como deudor y las etapas\u00a0\u00a0 \u00a0\u00a0\u00a0 \u00a0107 6. Los acreedores\u00a0\u00a0 \u00a0\u00a0\u00a0 \u00a0110 6.1.\u00a0\u00a0 \u00a0El Comit\u00e9 de Bancos acreedores\u00a0\u00a0 \u00a0\u00a0\u00a0 \u00a0110 6.2.\u00a0\u00a0 \u00a0El rol de Susan Segal\u00a0\u00a0 \u00a0\u00a0\u00a0 \u00a0111 6.3.\u00a0\u00a0 \u00a0Los organismos internacionales: Club de Paris y el FMI\u00a0\u00a0 \u00a0\u00a0\u00a0 \u00a0112 6.3.1.\u00a0\u00a0 \u00a0El Club de Par\u00eds\u00a0\u00a0 \u00a0\u00a0\u00a0 \u00a0112 6.3.2.\u00a0\u00a0 \u00a0El Fondo Monetario Internacional\u00a0\u00a0 \u00a0\u00a0\u00a0 \u00a0115 6.4.\u00a0\u00a0 \u00a0Caracter\u00edsticas del proceso de negociaci\u00f3n\u00a0\u00a0 \u00a0\u00a0\u00a0 \u00a0116 6.4.1.\u00a0\u00a0 \u00a0Lo general, con la perspectiva actual\u00a0\u00a0 \u00a0\u00a0\u00a0 \u00a0116 6.4.2.\u00a0\u00a0 \u00a0Lo particular, mirando hacia atr\u00e1s\u00a0\u00a0 \u00a0\u00a0\u00a0 \u00a0118 6.4.2.1.\u00a0\u00a0 \u00a0Caracter\u00edsticas del proceso chileno de negociaci\u00f3n 1983\u20131989\u00a0\u00a0 \u00a0\u00a0\u00a0 \u00a0121 6.4.2.1.1.\u00a0\u00a0 \u00a0N\u00famero reducido de integrantes\u00a0\u00a0 \u00a0\u00a0\u00a0 \u00a0121 6.4.2.1.2.\u00a0\u00a0 \u00a0Asesor\u00eda legal\u00a0\u00a0 \u00a0\u00a0\u00a0 \u00a0121 6.4.2.1.3.\u00a0\u00a0 \u00a0Especializaci\u00f3n y conocimiento\u00a0\u00a0 \u00a0\u00a0\u00a0 \u00a0122 6.4.2.1.4.\u00a0\u00a0 \u00a0Dedicaci\u00f3n exclusiva y credibilidad\u00a0\u00a0 \u00a0\u00a0\u00a0 \u00a0122 6.4.2.1.5.\u00a0\u00a0 \u00a0Reputaci\u00f3n y confianza de los ministros de Hacienda\u00a0\u00a0 \u00a0\u00a0\u00a0 \u00a0123 6.5.\u00a0\u00a0 \u00a0Modelos de negociaci\u00f3n\u00a0\u00a0 \u00a0\u00a0\u00a0 \u00a0123 6.6.\u00a0\u00a0 \u00a0Procedimiento de discusi\u00f3n\u00a0\u00a0 \u00a0\u00a0\u00a0 \u00a0124 7. Instrumentos y mecanismos jur\u00eddicos creados a partir de la negociaci\u00f3n\u00a0\u00a0 \u00a0\u00a0\u00a0 \u00a0124 7.1.\u00a0\u00a0 \u00a0Generalidades\u00a0\u00a0 \u00a0\u00a0\u00a0 \u00a0124 7.2.\u00a0\u00a0 \u00a0El mecanismo de garant\u00eda estatal\u00a0\u00a0 \u00a0\u00a0\u00a0 \u00a0125 7.2.1.\u00a0\u00a0 \u00a0Evoluci\u00f3n normativa de las garant\u00edas durante el proceso\u00a0\u00a0 \u00a0\u00a0\u00a0 \u00a0125 7.3.\u00a0\u00a0 \u00a0Retiming y Repricing\u00a0\u00a0 \u00a0\u00a0\u00a0 \u00a0135 7.4.\u00a0\u00a0 \u00a0Mecanismos de conversi\u00f3n\u00a0\u00a0 \u00a0\u00a0\u00a0 \u00a0136 7.4.1.\u00a0\u00a0 \u00a0Generalidades y contexto\u00a0\u00a0 \u00a0\u00a0\u00a0 \u00a0136 7.4.2.\u00a0\u00a0 \u00a0\u00bfQu\u00e9 ocurri\u00f3 en el caso chileno?\u00a0\u00a0 \u00a0\u00a0\u00a0 \u00a0138 7.4.3.\u00a0\u00a0 \u00a0Cap\u00edtulos XVIII y XIX del Compendio de Normas de cambios internacionales del Banco Central\u00a0\u00a0 \u00a0\u00a0\u00a0 \u00a0139 8. R\u00e9gimen normativo en la actualidad\u00a0\u00a0 \u00a0\u00a0\u00a0 \u00a0141 8.1.\u00a0\u00a0 \u00a0El modelo de la UNCTAD. Los principios\u00a0\u00a0 \u00a0\u00a0\u00a0 \u00a0141 8.2.\u00a0\u00a0 \u00a0Bases normativas del endeudamiento p\u00fablico externo en Chile\u00a0\u00a0 \u00a0\u00a0\u00a0 \u00a0147 8.2.1.\u00a0\u00a0 \u00a0Normas constitucionales\u00a0\u00a0 \u00a0\u00a0\u00a0 \u00a0147 8.2.2.\u00a0\u00a0 \u00a0Normas legales\u00a0\u00a0 \u00a0\u00a0\u00a0 \u00a0148 8.2.2.1.\u00a0\u00a0 \u00a0Banco Central\u00a0\u00a0 \u00a0\u00a0\u00a0 \u00a0148 9. Conclusiones\u00a0\u00a0 \u00a0\u00a0\u00a0 \u00a0150 Anexo I. Algunos p\u00e1rrafos del discurso del Secretario del Tesoro de Estados Unidos James Baker ante la Junta anual conjunta del Fondo Monetario Internacional y el Banco Mundial, 8 de Octubre de 1985. (Bases del Plan Baker)\u00a0\u00a0 \u00a0\u00a0\u00a0 \u00a0153 Anexo II. Tabla Cronol\u00f3gica de las etapas de negociaci\u00f3n de la Deuda externa (1983 \u2013 1989) EN: Sommerville, Hern\u00e1n ( 1990) Negociar en Tiempos Dif\u00edciles. Zigzag, Santiago)\u00a0\u00a0 \u00a0\u00a0\u00a0 \u00a0159 Anexo III. Cap\u00edtulo XVIII del Compendio de Normas de Cambios Internacionales del Banco Central\u00a0\u00a0 \u00a0\u00a0\u00a0 \u00a0175 Referencias bibliogr\u00e1ficas\u00a0\u00a0 \u00a0\u00a0\u00a0 \u00a0187<\/p>\n","protected":false},"featured_media":3360,"comment_status":"open","ping_status":"closed","template":"","meta":{"inline_featured_image":false,"_joinchat":[]},"product_brand":[],"product_cat":[27],"product_tag":[],"class_list":{"0":"post-3315","1":"product","2":"type-product","3":"status-publish","4":"has-post-thumbnail","6":"product_cat-civil","7":"product_shipping_class-a-convenir","9":"first","10":"instock","11":"shipping-taxable","12":"purchasable","13":"product-type-simple"},"_links":{"self":[{"href":"https:\/\/bibliotecajuridicavirtual.cl\/index.php\/wp-json\/wp\/v2\/product\/3315","targetHints":{"allow":["GET"]}}],"collection":[{"href":"https:\/\/bibliotecajuridicavirtual.cl\/index.php\/wp-json\/wp\/v2\/product"}],"about":[{"href":"https:\/\/bibliotecajuridicavirtual.cl\/index.php\/wp-json\/wp\/v2\/types\/product"}],"replies":[{"embeddable":true,"href":"https:\/\/bibliotecajuridicavirtual.cl\/index.php\/wp-json\/wp\/v2\/comments?post=3315"}],"wp:featuredmedia":[{"embeddable":true,"href":"https:\/\/bibliotecajuridicavirtual.cl\/index.php\/wp-json\/wp\/v2\/media\/3360"}],"wp:attachment":[{"href":"https:\/\/bibliotecajuridicavirtual.cl\/index.php\/wp-json\/wp\/v2\/media?parent=3315"}],"wp:term":[{"taxonomy":"product_brand","embeddable":true,"href":"https:\/\/bibliotecajuridicavirtual.cl\/index.php\/wp-json\/wp\/v2\/product_brand?post=3315"},{"taxonomy":"product_cat","embeddable":true,"href":"https:\/\/bibliotecajuridicavirtual.cl\/index.php\/wp-json\/wp\/v2\/product_cat?post=3315"},{"taxonomy":"product_tag","embeddable":true,"href":"https:\/\/bibliotecajuridicavirtual.cl\/index.php\/wp-json\/wp\/v2\/product_tag?post=3315"}],"curies":[{"name":"wp","href":"https:\/\/api.w.org\/{rel}","templated":true}]}}