{"id":3322,"date":"2026-02-28T01:12:06","date_gmt":"2026-02-28T04:12:06","guid":{"rendered":"https:\/\/bibliotecajuridicavirtual.cl\/?post_type=product&#038;p=3322"},"modified":"2026-02-28T01:12:50","modified_gmt":"2026-02-28T04:12:50","slug":"constitucionalismo-pasado-presente-y-futuro-ano-marzo-2024-396-pag-autor-francisco-zuniga-urbina","status":"publish","type":"product","link":"https:\/\/bibliotecajuridicavirtual.cl\/index.php\/product\/constitucionalismo-pasado-presente-y-futuro-ano-marzo-2024-396-pag-autor-francisco-zuniga-urbina\/","title":{"rendered":"Constitucionalismo &#8211; Pasado, Presente y  Futuro. A\u00f1o Marzo 2024\/ 396 P\u00e1g. Autor  Francisco Z\u00fa\u00f1iga Urbina"},"content":{"rendered":"<p style=\"font-weight: 400;\">Este libro se compone de tres partes \u2013\u201cPasado\u201d, \u201cPresente\u201d y \u201cFuturo\u201d- y tiene como eje el constitucionalismo en nuestro pa\u00eds; es decir, la doctrina acerca de la Constituci\u00f3n y la democracia, siendo redactado entre septiembre de 2022 y diciembre de 2023, en el intervalo entre dos plebiscitos -o refer\u00e9ndums- de salida referidos al proceso constituyente \u201c2.0\u201d (2019-2022) y al proceso constitucional \u201c3.0\u201d (2023).<\/p>\n<p style=\"font-weight: 400;\">Lo anterior sucede en un trasfondo en que la Constituci\u00f3n \u201cvieja\/nueva\u201d de 1980, despu\u00e9s de d\u00e9cadas de reformas (sesenta y nueve en total), es una Carta anticuada y rancia, sin legitimidad de ejercicio actual desde el minuto que no fija las bases de un amplio sistema de protecci\u00f3n social (derechos sociales), que le d\u00e9 sost\u00e9n efectivo a un Estado social y democr\u00e1tico de derecho, y a un r\u00e9gimen pol\u00edtico que fije el arreglo institucional del futuro.<\/p>\n<p style=\"font-weight: 400;\">Una \u201ccuesti\u00f3n constitucional\u201d que, dos procesos constituyentes y un proceso constitucional fallidos despu\u00e9s en el marco de una d\u00e9cada, est\u00e1 lejos a\u00fan de tener fin.<\/p>\n<p style=\"font-weight: 400;\">\n<p><b><strong>PASADO: R\u00c9GIMEN POL\u00cdTICO AUTORITARIO EN LA CONSTITUCI\u00d3N \u201cOTORGADA\u201d DE 1980<\/strong><\/b><\/p>\n<ol>\n<li style=\"font-weight: 400;\">Eterno retorno de una Carta \u201cotorgada\u201d<\/li>\n<li style=\"font-weight: 400;\">Etapas del \u201cblindaje\u201d constitucional<br \/>\n2.1. Primer \u201cblindaje\u201d: contra la democracia \u201cingenua\u201d, la democracia \u201corg\u00e1nica\u201d<br \/>\n2.1.1. El derecho frente a la dictadura y la dictadura contra el derecho<br \/>\n2.1.2. \u201cMetas u objetivos fundamentales para la nueva Constituci\u00f3n Pol\u00edtica de la Rep\u00fablica\u201d<br \/>\n2.1.3. \u201cDeclaraci\u00f3n de Principios del Gobierno de Chile\u201d<br \/>\n2.2. Segundo \u201cblindaje\u201d: la \u201cnueva\u201d democracia del discurso de Chacarillas<br \/>\n2.2.1. Contexto de base: \u201clas siete modernizaciones\u201d<br \/>\n2.2.2. La idea de democracia en la Comisi\u00f3n Ort\u00fazar<br \/>\n2.2.3. La \u201cnueva\u201d democracia se muestra en p\u00fablico<br \/>\n2.3. Tercer \u201cblindaje\u201d: los cerrojos institucionales<br \/>\n2.3.1. Fase final de la construcci\u00f3n dogm\u00e1tica<br \/>\n2.3.2. Consejo de Estado<br \/>\n2.3.3. Grupo de Trabajo de la Junta de Gobierno<\/li>\n<li style=\"font-weight: 400;\">Deriva de la \u201cConstituci\u00f3n acorazada\u201d<br \/>\n3.1. La defensa ideol\u00f3gica, pol\u00edtica y jur\u00eddica de la Constituci\u00f3n \u201cotorgada\u201d: la postura de los profesores de Derecho UC<br \/>\n3.2. Una transici\u00f3n \u201cprotegida\u201d para una democracia \u201cprotegida\u201d<br \/>\n3.3. El fraude plebiscitario<\/li>\n<li style=\"font-weight: 400;\">Vigencia del art\u00edculo 8\u00ba original de la Carta de 1980<br \/>\n4.1. Jurisprudencia del Tribunal Constitucional sobre el art\u00edculo 8\u00ba (1980-1989)<br \/>\n4.1.1. Rol N\u00ba 16-83 &#8211; Sentencia de 2 de junio de 1983<br \/>\n4.1.2. Rol N\u00ba 19-83 &#8211; Sentencia de 27 de octubre de 1983<br \/>\n4.1.3. Rol N\u00ba 21-83 &#8211; Sentencia de 31 de enero de 1985<br \/>\n4.1.4. Rol N\u00ba 46-87 &#8211; Sentencia de 21 de diciembre de 1987<br \/>\n4.2. Alcances del plebiscito del 5 de octubre de 1988 y de la reforma constitucional de 1989<\/li>\n<li style=\"font-weight: 400;\">Democracia \u201cprotegida\u201d como r\u00e9gimen autoritario<\/li>\n<li style=\"font-weight: 400;\">Reflexi\u00f3n de presente ante el pasado<\/li>\n<li style=\"font-weight: 400;\">Bibliograf\u00eda<\/li>\n<\/ol>\n<p style=\"font-weight: 400;\">\n<b><strong>PRESENTE: PRIMERA PARTE: AUGE Y CA\u00cdDA DEL PROCESO CONSTITUYENTE \u201c2.0\u201d<\/strong><\/b><\/p>\n<ol>\n<li style=\"font-weight: 400;\">Sobre el fracaso de la pol\u00edtica en la Convenci\u00f3n Constitucional<\/li>\n<li style=\"font-weight: 400;\">\u00cdter post-Rechazo<br \/>\n2.1. Hip\u00f3tesis \u201cdiab\u00f3lica\u201d: art\u00edculo 142 inciso final de la C.P.R. como regla de cierre del proceso constituyente<br \/>\n2.2. La hip\u00f3tesis \u2013no tan\u2013 \u201cangelical\u201d: antesala del proceso constitucional \u201c3.0\u201d<br \/>\n2.2.1. Acuerdo de la oposici\u00f3n acerca de una reforma a la nueva Constituci\u00f3n (\u201cUna Nueva Constituci\u00f3n para Chile &#8211; Compromiso de Chile Vamos con una Casa para Todos\u201d)<br \/>\n2.2.2. Acuerdo de las coaliciones de gobierno y la Democracia Cristiana sobre un nuevo proceso constituyente (\u201cPropuesta para una Nueva Constituci\u00f3n Democr\u00e1tica y de Derechos\u201d)<br \/>\n2.3. \u201cAcuerdo por Chile\u201d y proceso constitucional \u201c3.0\u201d<br \/>\n2.4. Chile en la trampa de los pa\u00edses de ingreso medio<\/li>\n<\/ol>\n<p style=\"font-weight: 400;\">\n<b><strong>SEGUNDA PARTE: PROCESO CONSTITUCIONAL \u201c3.0\u201d<\/strong><\/b><\/p>\n<ol start=\"3\">\n<li style=\"font-weight: 400;\">El lenguaje del Anteproyecto y de la Propuesta de Constituci\u00f3n: una discusi\u00f3n errada<br \/>\n3.1. Constituci\u00f3n extensa v\/s Constituci\u00f3n m\u00ednima<br \/>\n3.2. Las dos caras de la hiperconstitucionalizaci\u00f3n<br \/>\n3.3. Tiempo extra: la imposibilidad de remontar la inercia<br \/>\n3.4. Constituci\u00f3n \u201csectaria\u201d (no \u201cpartisana\u201d) versus Constituci\u00f3n \u201chabilitante\u201d<\/li>\n<li style=\"font-weight: 400;\">Conclusiones: hacia la verdadera operatividad de un Estado social y democr\u00e1tico de derecho<br \/>\n4.1. La \u201ccuesti\u00f3n constitucional\u201d sine die<br \/>\n4.2. Constitucionalismo \u201cconservador-neoliberal y populista\u201d<br \/>\n4.2.1. Horizonte ideol\u00f3gico-pol\u00edtico de corto plazo<br \/>\n4.2.2. Maximalismo constitucional de \u201cderecha\u201d (program\u00e1tico)<br \/>\n4.2.3. Hiperrigidez de la Constituci\u00f3n y rigidizaci\u00f3n del ordenamiento jur\u00eddico: hip\u00f3tesis de riesgo<br \/>\n4.2.4. Hip\u00f3tesis \u201cdiab\u00f3lica\u201d post-plebiscito<br \/>\n4.3. Promesas incumplidas del constitucionalismo \u201cconservador-neoliberal y populista\u201d<br \/>\n4.3.1. Promesas de las Bases del \u201cAcuerdo por Chile\u201d<br \/>\n4.3.2. Promesas incumplidas o deformadas en la Propuesta de Constituci\u00f3n del Consejo Constitucional<br \/>\n4.4. Prospectiva<\/li>\n<li style=\"font-weight: 400;\">Bibliograf\u00eda<\/li>\n<\/ol>\n<p style=\"font-weight: 400;\"><b><strong><br \/>\nFUTURO: LA COSECHA DE LOS PROCESOS \u201c2.0\u201d Y \u201c3.0\u201d: EL ESTADO SOCIAL Y DEMOCR\u00c1TICO DE DERECHO Y LAS CL\u00c1USULAS ECON\u00d3MICO-SOCIALES<\/strong><\/b><\/p>\n<ol>\n<li style=\"font-weight: 400;\">Proemio: sobre el rol del derecho constitucional positivo en las \u201ccl\u00e1usulas econ\u00f3micas y sociales\u201d<\/li>\n<li style=\"font-weight: 400;\">Estado social y democr\u00e1tico de derecho. Genealog\u00eda te\u00f3rica de esta forma jur\u00eddico-pol\u00edtica de Estado<\/li>\n<li style=\"font-weight: 400;\">DESCA (no) prestacionales en un cat\u00e1logo m\u00ednimo de garant\u00edas<\/li>\n<li style=\"font-weight: 400;\">Estado social y democr\u00e1tico de derecho en el proceso constitucional \u201c3.0\u201d<br \/>\n4.1. El consenso posible: Anteproyecto de la Comisi\u00f3n Experta<br \/>\n4.2. Contraposici\u00f3n: DESCA en la Comisi\u00f3n Experta y en el Consejo Constitucional<br \/>\n4.2.1. Cap\u00edtulo I &#8211; Fundamentos del orden constitucional: sobre el rol de promoci\u00f3n del Estado<br \/>\n4.2.2. Cat\u00e1logo de DESCA en el cap\u00edtulo IV, de \u201cDerechos Fundamentales, Libertades, Garant\u00edas y Deberes Constitucionales\u201d<br \/>\nArt\u00edculo 16 &#8211; \u201cLa Constituci\u00f3n asegura a todas las personas: [&#8230;]\u201d:<br \/>\nN\u00ba 21 (Derecho a un medio ambiente sano)<br \/>\nN\u00ba 22 (Derecho a la protecci\u00f3n de la salud)<br \/>\nN\u00ba 23 (Derecho a la educaci\u00f3n)<br \/>\nN\u00ba 24 (Libertad de ense\u00f1anza)<br \/>\nN\u00ba 25 (Derecho a la cultura)<br \/>\nN\u00ba 26 (Derecho al trabajo decente)<br \/>\nN\u00ba 27 (Libertad sindical)<br \/>\nN\u00ba 28 (Derecho a la seguridad social)<br \/>\nN\u00ba 29 (Derecho a la vivienda adecuada)<br \/>\nN\u00ba 30 (Derecho al agua)<br \/>\nN\u00ba 31 (Igual repartici\u00f3n de los tributos)<br \/>\nN\u00ba 32 (Libertad econ\u00f3mica y Estado empresario)<br \/>\nN\u00ba 33 (Derecho a la no discriminaci\u00f3n arbitraria en materia econ\u00f3mica)<br \/>\nN\u00ba 34 (Libertad de adquirir bienes)<br \/>\nN\u00ba 35 (Derecho de propiedad)<br \/>\nN\u00ba 36 (Derecho de autor)<br \/>\nN\u00ba 37 (Derecho de los consumidores)<br \/>\nSituaci\u00f3n particular del sistema de cuidados<br \/>\n4.3.\u201cDe las Garant\u00edas de los Derechos y Libertades\u201d &#8211; Subcomisi\u00f3n de Principios, Derechos Civiles y Pol\u00edticos<br \/>\nArt\u00edculo 23 (Regulaci\u00f3n de los DDFF)<br \/>\nArt\u00edculo 24 (Derechos de car\u00e1cter progresivo)<br \/>\nArt\u00edculo 25 (Pol\u00edticas p\u00fablicas sobre DDFF)<br \/>\nArt\u00edculo 26 (Acci\u00f3n de protecci\u00f3n)<br \/>\n4.4. Disposiciones transitorias<br \/>\n4.4.1. Redacci\u00f3n de la Comisi\u00f3n Experta<br \/>\n4.4.2. Texto enmendado por el Consejo Constitucional<br \/>\n4.4.3. Disposiciones transitorias en el texto final<br \/>\n4.4.4. Comentario al texto enmendado y definitivo<\/p>\n<p>5. Bibliograf\u00eda<\/li>\n<\/ol>\n","protected":false},"excerpt":{"rendered":"<p>Este libro se compone de tres partes \u2013\u201cPasado\u201d, \u201cPresente\u201d y \u201cFuturo\u201d- y tiene como eje el constitucionalismo en nuestro pa\u00eds; es decir, la doctrina acerca de la Constituci\u00f3n y la democracia, siendo redactado entre septiembre de 2022 y diciembre de 2023, en el intervalo entre dos plebiscitos -o refer\u00e9ndums- de salida referidos al proceso constituyente \u201c2.0\u201d (2019-2022) y al proceso constitucional \u201c3.0\u201d (2023). Lo anterior sucede en un trasfondo en que la Constituci\u00f3n \u201cvieja\/nueva\u201d de 1980, despu\u00e9s de d\u00e9cadas de reformas (sesenta y nueve en total), es una Carta anticuada y rancia, sin legitimidad de ejercicio actual desde el minuto que no fija las bases de un amplio sistema de protecci\u00f3n social (derechos sociales), que le d\u00e9 sost\u00e9n efectivo a un Estado social y democr\u00e1tico de derecho, y a un r\u00e9gimen pol\u00edtico que fije el arreglo institucional del futuro. Una \u201ccuesti\u00f3n constitucional\u201d que, dos procesos constituyentes y un proceso constitucional fallidos despu\u00e9s en el marco de una d\u00e9cada, est\u00e1 lejos a\u00fan de tener fin. PASADO: R\u00c9GIMEN POL\u00cdTICO AUTORITARIO EN LA CONSTITUCI\u00d3N \u201cOTORGADA\u201d DE 1980 Eterno retorno de una Carta \u201cotorgada\u201d Etapas del \u201cblindaje\u201d constitucional 2.1. Primer \u201cblindaje\u201d: contra la democracia \u201cingenua\u201d, la democracia \u201corg\u00e1nica\u201d 2.1.1. El derecho frente a la dictadura y la dictadura contra el derecho 2.1.2. \u201cMetas u objetivos fundamentales para la nueva Constituci\u00f3n Pol\u00edtica de la Rep\u00fablica\u201d 2.1.3. \u201cDeclaraci\u00f3n de Principios del Gobierno de Chile\u201d 2.2. Segundo \u201cblindaje\u201d: la \u201cnueva\u201d democracia del discurso de Chacarillas 2.2.1. Contexto de base: \u201clas siete modernizaciones\u201d 2.2.2. La idea de democracia en la Comisi\u00f3n Ort\u00fazar 2.2.3. La \u201cnueva\u201d democracia se muestra en p\u00fablico 2.3. Tercer \u201cblindaje\u201d: los cerrojos institucionales 2.3.1. Fase final de la construcci\u00f3n dogm\u00e1tica 2.3.2. Consejo de Estado 2.3.3. Grupo de Trabajo de la Junta de Gobierno Deriva de la \u201cConstituci\u00f3n acorazada\u201d 3.1. La defensa ideol\u00f3gica, pol\u00edtica y jur\u00eddica de la Constituci\u00f3n \u201cotorgada\u201d: la postura de los profesores de Derecho UC 3.2. Una transici\u00f3n \u201cprotegida\u201d para una democracia \u201cprotegida\u201d 3.3. El fraude plebiscitario Vigencia del art\u00edculo 8\u00ba original de la Carta de 1980 4.1. Jurisprudencia del Tribunal Constitucional sobre el art\u00edculo 8\u00ba (1980-1989) 4.1.1. Rol N\u00ba 16-83 &#8211; Sentencia de 2 de junio de 1983 4.1.2. Rol N\u00ba 19-83 &#8211; Sentencia de 27 de octubre de 1983 4.1.3. Rol N\u00ba 21-83 &#8211; Sentencia de 31 de enero de 1985 4.1.4. Rol N\u00ba 46-87 &#8211; Sentencia de 21 de diciembre de 1987 4.2. Alcances del plebiscito del 5 de octubre de 1988 y de la reforma constitucional de 1989 Democracia \u201cprotegida\u201d como r\u00e9gimen autoritario Reflexi\u00f3n de presente ante el pasado Bibliograf\u00eda PRESENTE: PRIMERA PARTE: AUGE Y CA\u00cdDA DEL PROCESO CONSTITUYENTE \u201c2.0\u201d Sobre el fracaso de la pol\u00edtica en la Convenci\u00f3n Constitucional \u00cdter post-Rechazo 2.1. Hip\u00f3tesis \u201cdiab\u00f3lica\u201d: art\u00edculo 142 inciso final de la C.P.R. como regla de cierre del proceso constituyente 2.2. La hip\u00f3tesis \u2013no tan\u2013 \u201cangelical\u201d: antesala del proceso constitucional \u201c3.0\u201d 2.2.1. Acuerdo de la oposici\u00f3n acerca de una reforma a la nueva Constituci\u00f3n (\u201cUna Nueva Constituci\u00f3n para Chile &#8211; Compromiso de Chile Vamos con una Casa para Todos\u201d) 2.2.2. Acuerdo de las coaliciones de gobierno y la Democracia Cristiana sobre un nuevo proceso constituyente (\u201cPropuesta para una Nueva Constituci\u00f3n Democr\u00e1tica y de Derechos\u201d) 2.3. \u201cAcuerdo por Chile\u201d y proceso constitucional \u201c3.0\u201d 2.4. Chile en la trampa de los pa\u00edses de ingreso medio SEGUNDA PARTE: PROCESO CONSTITUCIONAL \u201c3.0\u201d El lenguaje del Anteproyecto y de la Propuesta de Constituci\u00f3n: una discusi\u00f3n errada 3.1. Constituci\u00f3n extensa v\/s Constituci\u00f3n m\u00ednima 3.2. Las dos caras de la hiperconstitucionalizaci\u00f3n 3.3. Tiempo extra: la imposibilidad de remontar la inercia 3.4. Constituci\u00f3n \u201csectaria\u201d (no \u201cpartisana\u201d) versus Constituci\u00f3n \u201chabilitante\u201d Conclusiones: hacia la verdadera operatividad de un Estado social y democr\u00e1tico de derecho 4.1. La \u201ccuesti\u00f3n constitucional\u201d sine die 4.2. Constitucionalismo \u201cconservador-neoliberal y populista\u201d 4.2.1. Horizonte ideol\u00f3gico-pol\u00edtico de corto plazo 4.2.2. Maximalismo constitucional de \u201cderecha\u201d (program\u00e1tico) 4.2.3. Hiperrigidez de la Constituci\u00f3n y rigidizaci\u00f3n del ordenamiento jur\u00eddico: hip\u00f3tesis de riesgo 4.2.4. Hip\u00f3tesis \u201cdiab\u00f3lica\u201d post-plebiscito 4.3. Promesas incumplidas del constitucionalismo \u201cconservador-neoliberal y populista\u201d 4.3.1. Promesas de las Bases del \u201cAcuerdo por Chile\u201d 4.3.2. Promesas incumplidas o deformadas en la Propuesta de Constituci\u00f3n del Consejo Constitucional 4.4. Prospectiva Bibliograf\u00eda FUTURO: LA COSECHA DE LOS PROCESOS \u201c2.0\u201d Y \u201c3.0\u201d: EL ESTADO SOCIAL Y DEMOCR\u00c1TICO DE DERECHO Y LAS CL\u00c1USULAS ECON\u00d3MICO-SOCIALES Proemio: sobre el rol del derecho constitucional positivo en las \u201ccl\u00e1usulas econ\u00f3micas y sociales\u201d Estado social y democr\u00e1tico de derecho. Genealog\u00eda te\u00f3rica de esta forma jur\u00eddico-pol\u00edtica de Estado DESCA (no) prestacionales en un cat\u00e1logo m\u00ednimo de garant\u00edas Estado social y democr\u00e1tico de derecho en el proceso constitucional \u201c3.0\u201d 4.1. El consenso posible: Anteproyecto de la Comisi\u00f3n Experta 4.2. Contraposici\u00f3n: DESCA en la Comisi\u00f3n Experta y en el Consejo Constitucional 4.2.1. Cap\u00edtulo I &#8211; Fundamentos del orden constitucional: sobre el rol de promoci\u00f3n del Estado 4.2.2. Cat\u00e1logo de DESCA en el cap\u00edtulo IV, de \u201cDerechos Fundamentales, Libertades, Garant\u00edas y Deberes Constitucionales\u201d Art\u00edculo 16 &#8211; \u201cLa Constituci\u00f3n asegura a todas las personas: [&#8230;]\u201d: N\u00ba 21 (Derecho a un medio ambiente sano) N\u00ba 22 (Derecho a la protecci\u00f3n de la salud) N\u00ba 23 (Derecho a la educaci\u00f3n) N\u00ba 24 (Libertad de ense\u00f1anza) N\u00ba 25 (Derecho a la cultura) N\u00ba 26 (Derecho al trabajo decente) N\u00ba 27 (Libertad sindical) N\u00ba 28 (Derecho a la seguridad social) N\u00ba 29 (Derecho a la vivienda adecuada) N\u00ba 30 (Derecho al agua) N\u00ba 31 (Igual repartici\u00f3n de los tributos) N\u00ba 32 (Libertad econ\u00f3mica y Estado empresario) N\u00ba 33 (Derecho a la no discriminaci\u00f3n arbitraria en materia econ\u00f3mica) N\u00ba 34 (Libertad de adquirir bienes) N\u00ba 35 (Derecho de propiedad) N\u00ba 36 (Derecho de autor) N\u00ba 37 (Derecho de los consumidores) Situaci\u00f3n particular del sistema de cuidados 4.3.\u201cDe las Garant\u00edas de los Derechos y Libertades\u201d &#8211; Subcomisi\u00f3n de Principios, Derechos Civiles y Pol\u00edticos Art\u00edculo 23 (Regulaci\u00f3n de los DDFF) Art\u00edculo 24 (Derechos de car\u00e1cter progresivo) Art\u00edculo 25 (Pol\u00edticas p\u00fablicas sobre DDFF) Art\u00edculo 26 (Acci\u00f3n de protecci\u00f3n) 4.4. Disposiciones transitorias 4.4.1. Redacci\u00f3n de la Comisi\u00f3n Experta 4.4.2. Texto enmendado por el Consejo Constitucional 4.4.3. Disposiciones transitorias en el texto final 4.4.4. Comentario al texto enmendado y definitivo 5. Bibliograf\u00eda<\/p>\n","protected":false},"featured_media":3367,"comment_status":"open","ping_status":"closed","template":"","meta":{"inline_featured_image":false,"_joinchat":[]},"product_brand":[],"product_cat":[33,42],"product_tag":[],"class_list":{"0":"post-3322","1":"product","2":"type-product","3":"status-publish","4":"has-post-thumbnail","6":"product_cat-constitucional","7":"product_cat-thomson-reuters","8":"product_shipping_class-a-convenir","10":"first","11":"instock","12":"shipping-taxable","13":"purchasable","14":"product-type-simple"},"_links":{"self":[{"href":"https:\/\/bibliotecajuridicavirtual.cl\/index.php\/wp-json\/wp\/v2\/product\/3322","targetHints":{"allow":["GET"]}}],"collection":[{"href":"https:\/\/bibliotecajuridicavirtual.cl\/index.php\/wp-json\/wp\/v2\/product"}],"about":[{"href":"https:\/\/bibliotecajuridicavirtual.cl\/index.php\/wp-json\/wp\/v2\/types\/product"}],"replies":[{"embeddable":true,"href":"https:\/\/bibliotecajuridicavirtual.cl\/index.php\/wp-json\/wp\/v2\/comments?post=3322"}],"wp:featuredmedia":[{"embeddable":true,"href":"https:\/\/bibliotecajuridicavirtual.cl\/index.php\/wp-json\/wp\/v2\/media\/3367"}],"wp:attachment":[{"href":"https:\/\/bibliotecajuridicavirtual.cl\/index.php\/wp-json\/wp\/v2\/media?parent=3322"}],"wp:term":[{"taxonomy":"product_brand","embeddable":true,"href":"https:\/\/bibliotecajuridicavirtual.cl\/index.php\/wp-json\/wp\/v2\/product_brand?post=3322"},{"taxonomy":"product_cat","embeddable":true,"href":"https:\/\/bibliotecajuridicavirtual.cl\/index.php\/wp-json\/wp\/v2\/product_cat?post=3322"},{"taxonomy":"product_tag","embeddable":true,"href":"https:\/\/bibliotecajuridicavirtual.cl\/index.php\/wp-json\/wp\/v2\/product_tag?post=3322"}],"curies":[{"name":"wp","href":"https:\/\/api.w.org\/{rel}","templated":true}]}}