{"id":3323,"date":"2026-02-28T01:12:06","date_gmt":"2026-02-28T04:12:06","guid":{"rendered":"https:\/\/bibliotecajuridicavirtual.cl\/?post_type=product&#038;p=3323"},"modified":"2026-02-28T01:12:54","modified_gmt":"2026-02-28T04:12:54","slug":"operacion-renta-at-2024-manual-de-consultas-tributarias-ano-febrero-2024-500-pag-autor-thomson-reuters","status":"publish","type":"product","link":"https:\/\/bibliotecajuridicavirtual.cl\/index.php\/product\/operacion-renta-at-2024-manual-de-consultas-tributarias-ano-febrero-2024-500-pag-autor-thomson-reuters\/","title":{"rendered":"Operacion Renta AT 2024 &#8211; Manual de Consultas Tributarias. A\u00f1o Febrero 2024\/500 P\u00e1g. Autor Thomson Reuters"},"content":{"rendered":"<p style=\"font-weight: 400;\">El editor de contenidos presenta dos temas de contingencia: primero, \u201cRecuadro N\u00b014 sobre Razonabilidad del CPT\u201d para las empresas del art. 14 letra A) o G) de la LIR, cuyo autor Ra\u00fal Sade C. aborda qu\u00e9 es y por qu\u00e9 es importante lograr su cuadratura en el F22 y, segundo, \u201cFundamentos tributarios del Leasing\u201d de la autora Katia Villalobos V., que analiza especialmente- entre otros- los efectos en el impuesto a la renta del arrendatario, incluyendo un taller. Y, el tema de fondo: las \u201cInstrucciones Formulario 22 Renta 2024\u201d publicadas por el SII para esta Operaci\u00f3n Renta, juntoa\u00a0\u00a0un set de ejercicios pr\u00e1cticos ligados a los reg\u00edmenes vigentes.<\/p>\n<p style=\"font-weight: 400;\">TIPS:<\/p>\n<ul>\n<li style=\"font-weight: 400;\">\u00a0F22 con 119 l\u00edneas y 24 recuadros de c\u00e1lculos<br \/>\n\u00b7\u00a0\u00a0\u00a0\u00a0\u00a0\u00a0\u00a0\u00a0\u00a1Nuevas l\u00edneas en el F22! Entre ellas: mayor valor en la enajenaci\u00f3n de bienes ra\u00edces situados en Chile (l\u00ednea 11); deducci\u00f3n de impuesto por tasas rebajadas en virtud de CDTI (l\u00ednea 105), y cr\u00e9dito por la compra de viviendas nuevas adquiridas con cr\u00e9ditos con garant\u00eda hipotecaria, seg\u00fan Ley N\u00b0 21.631 (l\u00ednea 106).<br \/>\n\u00b7\u00a0\u00a0\u00a0\u00a0\u00a0\u00a0\u00a0\u00a0Ejercicios resueltos sobre reg\u00edmenes RTRE, DDJJ y llenado del F22 AT 2024 disponibles en Checkpoint Tributario.<br \/>\n\u00b7\u00a0\u00a0\u00a0\u00a0\u00a0\u00a0\u00a0\u00a0Algunas de las l\u00edneas del F22, AT 2024 para empresas y sus propietarios<\/li>\n<\/ul>\n<p style=\"font-weight: 400;\">EMPRESAS<\/p>\n<p style=\"font-weight: 400;\">L\u00ednea 54: IDPC Pro Pyme General (14 D) N\u00b0 3 LIR<br \/>\nL\u00ednea 55: IDPC Imputaci\u00f3n Parcial de Cr\u00e9ditos (14 A) LIR)<br \/>\nL\u00ednea 57: IDPC Rentas Presuntas (14 B) N\u00b01 LIR) y letras a), b), c), d)<br \/>\nL\u00ednea 58: IDPC Renta Efectiva sin C.C (14 B) N\u00b01 LIR) y letras a), b), c) o d)<br \/>\nL\u00ednea 84: PPM y remanente del IEAM, seg\u00fan c\u00f3d. 36 y letras a), b), c) o d)<\/p>\n<p style=\"font-weight: 400;\">PROPIETARIOS<\/p>\n<p>L\u00ednea 6: Renta asignada Propietarios Pro Pyme Transparente (14 D) N\u00b08 LIR<br \/>\nL\u00ednea 100 PPM a disposici\u00f3n Propietarios Pro Pyme Transparente (14 D) N\u00b08 LIR)<\/p>\n<p style=\"font-weight: 400;\">Y \u00a1mucho m\u00e1s\u2026!<\/p>\n<p style=\"font-weight: 400;\">\n<p style=\"font-weight: 400;\"><b><strong>TEMA N\u00ba 1. Recuadro N\u00ba 14 sobre Razonabilidad del CPT<\/strong><\/b><br \/>\nPor Ra\u00fal Sade Celpa<\/p>\n<ul>\n<li style=\"font-weight: 400;\">Aspectos conceptuales, contables y tributarios; conciliaci\u00f3n desde el CPTI hasta el CPTF.<\/li>\n<\/ul>\n<p style=\"font-weight: 400;\">TIPS<\/p>\n<p style=\"font-weight: 400;\">CAP\u00cdTULO I &#8211; Capital Propio Tributario (CPT)<br \/>\nCAP\u00cdTULO II &#8211; Razonabilidad del CPT<br \/>\nCAP\u00cdTULO III &#8211; Recuadro N\u00ba 14 formulario 22 sobre \u201cRazonabilidad capital propio tributario (art. 14 letra A) o G) LIR)\u201d<\/p>\n<p style=\"font-weight: 400;\"><b><strong>TEMA N\u00ba 2. Fundamentos tributarios del Leasing<\/strong><\/b><br \/>\nPor Katia Villalobos Valenzuela<\/p>\n<ul>\n<li style=\"font-weight: 400;\">Efectos tributarios y pr\u00e1ctica para el arrendador y arrendatario.<\/li>\n<\/ul>\n<p style=\"font-weight: 400;\">TIPS<\/p>\n<p style=\"font-weight: 400;\">CAP\u00cdTULO I &#8211; Fundamentos tributarios del Leasing<br \/>\nCAP\u00cdTULO II &#8211; Impuesto a la renta en operaciones de Leasing<br \/>\nCAP\u00cdTULO III &#8211; Ejercicio de la opci\u00f3n de compra<br \/>\nCAP\u00cdTULO IV &#8211; Tratamiento tributario del cr\u00e9dito especial del art. 33 bis de la LIR<br \/>\nCAP\u00cdTULO V &#8211; Cr\u00e9ditos especiales a imputar contra el IDPC<br \/>\nCAP\u00cdTULO VI &#8211; Derogaci\u00f3n del art. 37 bis de la LIR y sus efectos a partir del 1.01.2023<br \/>\nCAP\u00cdTULO VII &#8211; Comentarios de jurisprudencia emitida por el SII<br \/>\nCAP\u00cdTULO VIII &#8211; Taller<\/p>\n<p style=\"font-weight: 400;\"><b><strong>TEMA N\u00ba 3. Instrucciones Formulario 22 Renta 2024<\/strong><\/b><\/p>\n<p style=\"font-weight: 400;\">3.1. Formulario 22 A\u00f1o Tributario 2024. Impuestos Anuales a la Renta<br \/>\n3.2. Instrucciones del SII para efectuar la Declaraci\u00f3n de los Impuestos Anuales a la Renta correspondientes al A\u00f1o Tributario 2024 y sus ejercicios pr\u00e1cticos<br \/>\n3.3. Informaci\u00f3n tributaria para la Operaci\u00f3n Renta A\u00f1o Tributario 2024<br \/>\nA. Aplicaci\u00f3n de las normas de Correcci\u00f3n Monetaria (art. 41 de la LIR) con respecto al ejercicio comercial finalizado al 31.12.2023<br \/>\n1. Cotizaci\u00f3n de monedas extranjeras y su variaci\u00f3n porcentual<br \/>\n2. Cotizaci\u00f3n de monedas nacionales de oro al 31.12.2023<br \/>\n3. Costo de reposici\u00f3n al 31.12.2023 de las mercader\u00edas nacionales (art. 41 N\u00ba 3 de la LIR)<br \/>\n4. Costo de reposici\u00f3n al 31.12.2023 de las mercader\u00edas adquiridas en el extranjero (art. 41 N\u00ba 3 de la LIR)<br \/>\n5. Reajuste del Capital Propio Inicial (CPI)<br \/>\n6. Porcentajes y factores de actualizaci\u00f3n directos<br \/>\nB. Reajuste de los saldos de los Registros de Rentas Empresariales (RRE), del registro FUR y de los Excesos de Retiros no imputados, todos existentes al 31.12.2022<br \/>\nC. Tabla para el c\u00e1lculo del Impuesto Global Complementario (IGC) A.T. 2024, establecida en el art. 52 de la LIR<br \/>\nD. Tabla para el c\u00e1lculo del Impuesto Global Complementario (IGC) A.T. 2024, establecida en la letra b), del art. 52 bis de la LIR, para el Presidente de la Rep\u00fablica, ministros de Estado, subsecretarios, senadores y diputados<br \/>\n3.4. Otros datos de inter\u00e9s tributario<br \/>\nA. Unidad de Fomento (UF) a\u00f1os 2020, 2021, 2022, 2023 y 2024<br \/>\nB. Correcci\u00f3n Monetaria mensual (UTM, UTA, IPC)<br \/>\nC. Correcci\u00f3n Monetaria mensual a\u00f1os 2020, 2021, 2022, 2023 y 2024<br \/>\nD. Reajuste Impuestos Anuales a la Renta a declarar y pagar, seg\u00fan el art. 72 de la LIR<br \/>\nE. D\u00f3lar Observado a\u00f1os 2020, 2021, 2022, 2023 y 2024<\/p>\n","protected":false},"excerpt":{"rendered":"<p>El editor de contenidos presenta dos temas de contingencia: primero, \u201cRecuadro N\u00b014 sobre Razonabilidad del CPT\u201d para las empresas del art. 14 letra A) o G) de la LIR, cuyo autor Ra\u00fal Sade C. aborda qu\u00e9 es y por qu\u00e9 es importante lograr su cuadratura en el F22 y, segundo, \u201cFundamentos tributarios del Leasing\u201d de la autora Katia Villalobos V., que analiza especialmente- entre otros- los efectos en el impuesto a la renta del arrendatario, incluyendo un taller. Y, el tema de fondo: las \u201cInstrucciones Formulario 22 Renta 2024\u201d publicadas por el SII para esta Operaci\u00f3n Renta, juntoa\u00a0\u00a0un set de ejercicios pr\u00e1cticos ligados a los reg\u00edmenes vigentes. TIPS: \u00a0F22 con 119 l\u00edneas y 24 recuadros de c\u00e1lculos \u00b7\u00a0\u00a0\u00a0\u00a0\u00a0\u00a0\u00a0\u00a0\u00a1Nuevas l\u00edneas en el F22! Entre ellas: mayor valor en la enajenaci\u00f3n de bienes ra\u00edces situados en Chile (l\u00ednea 11); deducci\u00f3n de impuesto por tasas rebajadas en virtud de CDTI (l\u00ednea 105), y cr\u00e9dito por la compra de viviendas nuevas adquiridas con cr\u00e9ditos con garant\u00eda hipotecaria, seg\u00fan Ley N\u00b0 21.631 (l\u00ednea 106). \u00b7\u00a0\u00a0\u00a0\u00a0\u00a0\u00a0\u00a0\u00a0Ejercicios resueltos sobre reg\u00edmenes RTRE, DDJJ y llenado del F22 AT 2024 disponibles en Checkpoint Tributario. \u00b7\u00a0\u00a0\u00a0\u00a0\u00a0\u00a0\u00a0\u00a0Algunas de las l\u00edneas del F22, AT 2024 para empresas y sus propietarios EMPRESAS L\u00ednea 54: IDPC Pro Pyme General (14 D) N\u00b0 3 LIR L\u00ednea 55: IDPC Imputaci\u00f3n Parcial de Cr\u00e9ditos (14 A) LIR) L\u00ednea 57: IDPC Rentas Presuntas (14 B) N\u00b01 LIR) y letras a), b), c), d) L\u00ednea 58: IDPC Renta Efectiva sin C.C (14 B) N\u00b01 LIR) y letras a), b), c) o d) L\u00ednea 84: PPM y remanente del IEAM, seg\u00fan c\u00f3d. 36 y letras a), b), c) o d) PROPIETARIOS L\u00ednea 6: Renta asignada Propietarios Pro Pyme Transparente (14 D) N\u00b08 LIR L\u00ednea 100 PPM a disposici\u00f3n Propietarios Pro Pyme Transparente (14 D) N\u00b08 LIR) Y \u00a1mucho m\u00e1s\u2026! TEMA N\u00ba 1. Recuadro N\u00ba 14 sobre Razonabilidad del CPT Por Ra\u00fal Sade Celpa Aspectos conceptuales, contables y tributarios; conciliaci\u00f3n desde el CPTI hasta el CPTF. TIPS CAP\u00cdTULO I &#8211; Capital Propio Tributario (CPT) CAP\u00cdTULO II &#8211; Razonabilidad del CPT CAP\u00cdTULO III &#8211; Recuadro N\u00ba 14 formulario 22 sobre \u201cRazonabilidad capital propio tributario (art. 14 letra A) o G) LIR)\u201d TEMA N\u00ba 2. Fundamentos tributarios del Leasing Por Katia Villalobos Valenzuela Efectos tributarios y pr\u00e1ctica para el arrendador y arrendatario. TIPS CAP\u00cdTULO I &#8211; Fundamentos tributarios del Leasing CAP\u00cdTULO II &#8211; Impuesto a la renta en operaciones de Leasing CAP\u00cdTULO III &#8211; Ejercicio de la opci\u00f3n de compra CAP\u00cdTULO IV &#8211; Tratamiento tributario del cr\u00e9dito especial del art. 33 bis de la LIR CAP\u00cdTULO V &#8211; Cr\u00e9ditos especiales a imputar contra el IDPC CAP\u00cdTULO VI &#8211; Derogaci\u00f3n del art. 37 bis de la LIR y sus efectos a partir del 1.01.2023 CAP\u00cdTULO VII &#8211; Comentarios de jurisprudencia emitida por el SII CAP\u00cdTULO VIII &#8211; Taller TEMA N\u00ba 3. Instrucciones Formulario 22 Renta 2024 3.1. Formulario 22 A\u00f1o Tributario 2024. Impuestos Anuales a la Renta 3.2. Instrucciones del SII para efectuar la Declaraci\u00f3n de los Impuestos Anuales a la Renta correspondientes al A\u00f1o Tributario 2024 y sus ejercicios pr\u00e1cticos 3.3. Informaci\u00f3n tributaria para la Operaci\u00f3n Renta A\u00f1o Tributario 2024 A. Aplicaci\u00f3n de las normas de Correcci\u00f3n Monetaria (art. 41 de la LIR) con respecto al ejercicio comercial finalizado al 31.12.2023 1. Cotizaci\u00f3n de monedas extranjeras y su variaci\u00f3n porcentual 2. Cotizaci\u00f3n de monedas nacionales de oro al 31.12.2023 3. Costo de reposici\u00f3n al 31.12.2023 de las mercader\u00edas nacionales (art. 41 N\u00ba 3 de la LIR) 4. Costo de reposici\u00f3n al 31.12.2023 de las mercader\u00edas adquiridas en el extranjero (art. 41 N\u00ba 3 de la LIR) 5. Reajuste del Capital Propio Inicial (CPI) 6. Porcentajes y factores de actualizaci\u00f3n directos B. Reajuste de los saldos de los Registros de Rentas Empresariales (RRE), del registro FUR y de los Excesos de Retiros no imputados, todos existentes al 31.12.2022 C. Tabla para el c\u00e1lculo del Impuesto Global Complementario (IGC) A.T. 2024, establecida en el art. 52 de la LIR D. Tabla para el c\u00e1lculo del Impuesto Global Complementario (IGC) A.T. 2024, establecida en la letra b), del art. 52 bis de la LIR, para el Presidente de la Rep\u00fablica, ministros de Estado, subsecretarios, senadores y diputados 3.4. Otros datos de inter\u00e9s tributario A. Unidad de Fomento (UF) a\u00f1os 2020, 2021, 2022, 2023 y 2024 B. Correcci\u00f3n Monetaria mensual (UTM, UTA, IPC) C. Correcci\u00f3n Monetaria mensual a\u00f1os 2020, 2021, 2022, 2023 y 2024 D. Reajuste Impuestos Anuales a la Renta a declarar y pagar, seg\u00fan el art. 72 de la LIR E. D\u00f3lar Observado a\u00f1os 2020, 2021, 2022, 2023 y 2024<\/p>\n","protected":false},"featured_media":3380,"comment_status":"open","ping_status":"closed","template":"","meta":{"inline_featured_image":false,"_joinchat":[]},"product_brand":[],"product_cat":[42,28],"product_tag":[],"class_list":{"0":"post-3323","1":"product","2":"type-product","3":"status-publish","4":"has-post-thumbnail","6":"product_cat-thomson-reuters","7":"product_cat-tributario","8":"product_shipping_class-a-convenir","10":"first","11":"instock","12":"shipping-taxable","13":"purchasable","14":"product-type-simple"},"_links":{"self":[{"href":"https:\/\/bibliotecajuridicavirtual.cl\/index.php\/wp-json\/wp\/v2\/product\/3323","targetHints":{"allow":["GET"]}}],"collection":[{"href":"https:\/\/bibliotecajuridicavirtual.cl\/index.php\/wp-json\/wp\/v2\/product"}],"about":[{"href":"https:\/\/bibliotecajuridicavirtual.cl\/index.php\/wp-json\/wp\/v2\/types\/product"}],"replies":[{"embeddable":true,"href":"https:\/\/bibliotecajuridicavirtual.cl\/index.php\/wp-json\/wp\/v2\/comments?post=3323"}],"wp:featuredmedia":[{"embeddable":true,"href":"https:\/\/bibliotecajuridicavirtual.cl\/index.php\/wp-json\/wp\/v2\/media\/3380"}],"wp:attachment":[{"href":"https:\/\/bibliotecajuridicavirtual.cl\/index.php\/wp-json\/wp\/v2\/media?parent=3323"}],"wp:term":[{"taxonomy":"product_brand","embeddable":true,"href":"https:\/\/bibliotecajuridicavirtual.cl\/index.php\/wp-json\/wp\/v2\/product_brand?post=3323"},{"taxonomy":"product_cat","embeddable":true,"href":"https:\/\/bibliotecajuridicavirtual.cl\/index.php\/wp-json\/wp\/v2\/product_cat?post=3323"},{"taxonomy":"product_tag","embeddable":true,"href":"https:\/\/bibliotecajuridicavirtual.cl\/index.php\/wp-json\/wp\/v2\/product_tag?post=3323"}],"curies":[{"name":"wp","href":"https:\/\/api.w.org\/{rel}","templated":true}]}}