{"id":3324,"date":"2026-02-28T01:12:06","date_gmt":"2026-02-28T04:12:06","guid":{"rendered":"https:\/\/bibliotecajuridicavirtual.cl\/?post_type=product&#038;p=3324"},"modified":"2026-02-28T01:12:57","modified_gmt":"2026-02-28T04:12:57","slug":"la-insolvencia-de-la-empresa-de-menor-tamano-y-de-la-persona-deudora-ii-jornadas-chilenas-de-derecho-concursal-ano-marzo-2024-384-pag-autor-diego-rodriguez-gutierrez","status":"publish","type":"product","link":"https:\/\/bibliotecajuridicavirtual.cl\/index.php\/product\/la-insolvencia-de-la-empresa-de-menor-tamano-y-de-la-persona-deudora-ii-jornadas-chilenas-de-derecho-concursal-ano-marzo-2024-384-pag-autor-diego-rodriguez-gutierrez\/","title":{"rendered":"La Insolvencia de la Empresa de menor tama\u00f1o y de la persona deudora &#8211; II Jornadas Chilenas de Derecho Concursal. A\u00f1o Marzo 2024\/384 P\u00e1g. Autor  Diego Rodr\u00edguez Guti\u00e9rrez"},"content":{"rendered":"<p style=\"font-weight: 400;\">El a\u00f1o 2022 se realizaron las II Jornadas Chilenas de Derecho Concursal, siendo su tema central \u201cla Insolvencia de la Empresa de Menor Tama\u00f1o y la Persona Deudora\u201d por dos motivos: acercar el an\u00e1lisis dogm\u00e1tico a la realidad regional y nacional y marcar el inicio de la superaci\u00f3n, desde lo acad\u00e9mico, de la pandemia, fijando el punto de mira en el porvenir y la nueva institucionalidad concursal de las MIPES y no en los efectos perniciosos por ella causado. Continuadamente, la convocatoria motiv\u00f3 la presentaci\u00f3n y discusi\u00f3n de m\u00e1s de 20 trabajos, de acad\u00e9micos nacionales e internacionales, litigantes en material de insolvencia y funcionarios p\u00fablicos, incluyendo un panel exclusivo de estudiantes de distintas escuelas de derecho de nuestro pa\u00eds.<\/p>\n<p style=\"font-weight: 400;\">Esta obra cuenta con m\u00e1s de 20 trabajos, reunidos en los siguientes paneles program\u00e1ticas: i) Personas Deudoras, ii) Problemas en la aplicaci\u00f3n de la legislaci\u00f3n concursal aplicable a peque\u00f1os concursos, iii) Aspectos generales del concurso en materia societaria y laboral, iv) Empresas de menor tama\u00f1o, y v) Aspectos procesales.<\/p>\n<p style=\"font-weight: 400;\">\n<p style=\"font-weight: 400;\">\n<p style=\"font-weight: 400;\"><em><b><strong>Denegaci\u00f3n al acceso de los sistemas concursales y relaci\u00f3n de juicios pendientes. Comentario de jurisprudencia<\/strong><\/b><\/em><br \/>\nIsmael Antonio Gonz\u00e1lez Cerda<\/p>\n<p style=\"font-weight: 400;\"><em><b><strong>El cr\u00e9dito con aval del estado, \u00bfuna ausente de la reforma al estatuto concursal?<\/strong><\/b><\/em><br \/>\nEmilio Jos\u00e9 B\u00e9car Labra\u00f1a<\/p>\n<p style=\"font-weight: 400;\"><em><b><strong>Reflexiones en torno a la inclusi\u00f3n de personas naturales en el concepto concursal de empresa deudora: su relaci\u00f3n con el fen\u00f3meno empresarial<\/strong><\/b><\/em><br \/>\nCamila Quijano Escobar<\/p>\n<p style=\"font-weight: 400;\"><em><b><strong>El estigma del deudor fallido<\/strong><\/b><\/em><br \/>\nMelanie Muriel Freres Hellebaut<\/p>\n<p style=\"font-weight: 400;\"><em><b><strong>La configuraci\u00f3n de la preconcursalidad para los supuestos de refinanciamientos: un intento de acercar el derecho concursal con el derecho de consumo<\/strong><\/b><\/em><br \/>\nFrancisca Barrientos Camus<\/p>\n<p style=\"font-weight: 400;\"><em><b><strong>Propuesta de funci\u00f3n definitoria de la eficiencia en el procedimiento de liquidaci\u00f3n en Chile<\/strong><\/b><\/em><br \/>\nDiego Rodr\u00edguez Guti\u00e9rrez<\/p>\n<p style=\"font-weight: 400;\"><em><b><strong>El rechazo de Liquidaciones Reflejas derivadas de procedimientos concursales de Renegociaci\u00f3n: an\u00e1lisis y cr\u00edtica de sus fundamentos<\/strong><\/b><\/em><br \/>\nAndr\u00e9s Paniagua Ram\u00edrez<\/p>\n<p style=\"font-weight: 400;\"><em><b><strong>An\u00e1lisis del asesor econ\u00f3mico de insolvencia en clave de administrador de un prepack. Bases para un an\u00e1lisis de la instituci\u00f3n con miras a la prevenci\u00f3n de la insolvencia en la pyme<\/strong><\/b><\/em><br \/>\nCrisna Valentina Vera Toro &#8211; Miguel \u00c1ngel Alarc\u00f3n Ca\u00f1uta<\/p>\n<p style=\"font-weight: 400;\"><em><b><strong>Los efectos de la resoluci\u00f3n por incumplimiento del comprador en liquidaci\u00f3n concursal \u00bfvulneran la par condictio creditorum?<\/strong><\/b><\/em><br \/>\nMauricio Aguirre Miranda<\/p>\n<p><em><b><strong>Deberes fiduciarios de los directores en sociedades insolventes<\/strong><\/b><\/em><br \/>\nRoberto Villaseca Vial &#8211; Nicol\u00e1s Vald\u00e9s Irarr\u00e1zaval &#8211; Francisco Torm Metz<\/p>\n<p style=\"font-weight: 400;\"><em><b><strong>Aplicaci\u00f3n del r\u00e9gimen de responsabilidad de la subcontrataci\u00f3n y de la unidad econ\u00f3mica ante la insolvencia del empleador<\/strong><\/b><\/em><br \/>\nRodrigo Az\u00f3car Simonet<\/p>\n<p style=\"font-weight: 400;\"><em><b><strong>Disoluci\u00f3n, liquidaci\u00f3n y el descargue de las deudas de una sociedad de responsabilidad limitada: concordancias e incoherencias<\/strong><\/b><\/em><br \/>\nRoc\u00edo \u00c1vila Vergara &#8211; Guillermo Caballero Germain<\/p>\n<p style=\"font-weight: 400;\"><em><b><strong>Acciones revocatorias concursales por modificaciones de pactos sociales<\/strong><\/b><\/em><br \/>\nDiego Galindo Manr\u00edquez<\/p>\n<p style=\"font-weight: 400;\"><em><b><strong>El problema de la pasividad de los acreedores en los peque\u00f1os concursos<\/strong><\/b><\/em><br \/>\nJuan Luis Goldenberg Serrano<\/p>\n<p style=\"font-weight: 400;\"><em><b><strong>La liberaci\u00f3n de las deudas \u201cesdebitazione\u201d en la empresa menor o peque\u00f1a empresa a la luz del derecho de la crisis italiano<\/strong><\/b><\/em><br \/>\nLuz Karime Angel &#8211; M\u00f3nica Mar\u00eda Fuentes Mancipe<\/p>\n<p style=\"font-weight: 400;\"><em><b><strong>La insolvencia de la empresa de menor tama\u00f1o y de la persona deudora en derecho espa\u00f1ol<\/strong><\/b><\/em><br \/>\nLeopoldo-E. L\u00f3pez M\u00e1\u00f1ez<\/p>\n<p style=\"font-weight: 400;\"><em><b><strong>Notas sobre la \u201cacumulaci\u00f3n\u201d de juicios al procedimiento concursal de liquidaci\u00f3n<\/strong><\/b><\/em><br \/>\nJaime Alcalde Silva<\/p>\n<p style=\"font-weight: 400;\"><em><b><strong>Sobre la necesidad de aplicar las reglas de la vis attractiva en los procedimientos de reorganizaci\u00f3n concursal \u2013Integraci\u00f3n jur\u00eddica como protecci\u00f3n de la par condictio creditorum\u2013<\/strong><\/b><\/em><br \/>\nAn\u00edbal Korn Agusti<\/p>\n","protected":false},"excerpt":{"rendered":"<p>El a\u00f1o 2022 se realizaron las II Jornadas Chilenas de Derecho Concursal, siendo su tema central \u201cla Insolvencia de la Empresa de Menor Tama\u00f1o y la Persona Deudora\u201d por dos motivos: acercar el an\u00e1lisis dogm\u00e1tico a la realidad regional y nacional y marcar el inicio de la superaci\u00f3n, desde lo acad\u00e9mico, de la pandemia, fijando el punto de mira en el porvenir y la nueva institucionalidad concursal de las MIPES y no en los efectos perniciosos por ella causado. Continuadamente, la convocatoria motiv\u00f3 la presentaci\u00f3n y discusi\u00f3n de m\u00e1s de 20 trabajos, de acad\u00e9micos nacionales e internacionales, litigantes en material de insolvencia y funcionarios p\u00fablicos, incluyendo un panel exclusivo de estudiantes de distintas escuelas de derecho de nuestro pa\u00eds. Esta obra cuenta con m\u00e1s de 20 trabajos, reunidos en los siguientes paneles program\u00e1ticas: i) Personas Deudoras, ii) Problemas en la aplicaci\u00f3n de la legislaci\u00f3n concursal aplicable a peque\u00f1os concursos, iii) Aspectos generales del concurso en materia societaria y laboral, iv) Empresas de menor tama\u00f1o, y v) Aspectos procesales. Denegaci\u00f3n al acceso de los sistemas concursales y relaci\u00f3n de juicios pendientes. Comentario de jurisprudencia Ismael Antonio Gonz\u00e1lez Cerda El cr\u00e9dito con aval del estado, \u00bfuna ausente de la reforma al estatuto concursal? Emilio Jos\u00e9 B\u00e9car Labra\u00f1a Reflexiones en torno a la inclusi\u00f3n de personas naturales en el concepto concursal de empresa deudora: su relaci\u00f3n con el fen\u00f3meno empresarial Camila Quijano Escobar El estigma del deudor fallido Melanie Muriel Freres Hellebaut La configuraci\u00f3n de la preconcursalidad para los supuestos de refinanciamientos: un intento de acercar el derecho concursal con el derecho de consumo Francisca Barrientos Camus Propuesta de funci\u00f3n definitoria de la eficiencia en el procedimiento de liquidaci\u00f3n en Chile Diego Rodr\u00edguez Guti\u00e9rrez El rechazo de Liquidaciones Reflejas derivadas de procedimientos concursales de Renegociaci\u00f3n: an\u00e1lisis y cr\u00edtica de sus fundamentos Andr\u00e9s Paniagua Ram\u00edrez An\u00e1lisis del asesor econ\u00f3mico de insolvencia en clave de administrador de un prepack. Bases para un an\u00e1lisis de la instituci\u00f3n con miras a la prevenci\u00f3n de la insolvencia en la pyme Crisna Valentina Vera Toro &#8211; Miguel \u00c1ngel Alarc\u00f3n Ca\u00f1uta Los efectos de la resoluci\u00f3n por incumplimiento del comprador en liquidaci\u00f3n concursal \u00bfvulneran la par condictio creditorum? Mauricio Aguirre Miranda Deberes fiduciarios de los directores en sociedades insolventes Roberto Villaseca Vial &#8211; Nicol\u00e1s Vald\u00e9s Irarr\u00e1zaval &#8211; Francisco Torm Metz Aplicaci\u00f3n del r\u00e9gimen de responsabilidad de la subcontrataci\u00f3n y de la unidad econ\u00f3mica ante la insolvencia del empleador Rodrigo Az\u00f3car Simonet Disoluci\u00f3n, liquidaci\u00f3n y el descargue de las deudas de una sociedad de responsabilidad limitada: concordancias e incoherencias Roc\u00edo \u00c1vila Vergara &#8211; Guillermo Caballero Germain Acciones revocatorias concursales por modificaciones de pactos sociales Diego Galindo Manr\u00edquez El problema de la pasividad de los acreedores en los peque\u00f1os concursos Juan Luis Goldenberg Serrano La liberaci\u00f3n de las deudas \u201cesdebitazione\u201d en la empresa menor o peque\u00f1a empresa a la luz del derecho de la crisis italiano Luz Karime Angel &#8211; M\u00f3nica Mar\u00eda Fuentes Mancipe La insolvencia de la empresa de menor tama\u00f1o y de la persona deudora en derecho espa\u00f1ol Leopoldo-E. L\u00f3pez M\u00e1\u00f1ez Notas sobre la \u201cacumulaci\u00f3n\u201d de juicios al procedimiento concursal de liquidaci\u00f3n Jaime Alcalde Silva Sobre la necesidad de aplicar las reglas de la vis attractiva en los procedimientos de reorganizaci\u00f3n concursal \u2013Integraci\u00f3n jur\u00eddica como protecci\u00f3n de la par condictio creditorum\u2013 An\u00edbal Korn Agusti<\/p>\n","protected":false},"featured_media":3381,"comment_status":"open","ping_status":"closed","template":"","meta":{"inline_featured_image":false,"_joinchat":[]},"product_brand":[],"product_cat":[27,42],"product_tag":[],"class_list":{"0":"post-3324","1":"product","2":"type-product","3":"status-publish","4":"has-post-thumbnail","6":"product_cat-civil","7":"product_cat-thomson-reuters","8":"product_shipping_class-a-convenir","10":"first","11":"instock","12":"shipping-taxable","13":"purchasable","14":"product-type-simple"},"_links":{"self":[{"href":"https:\/\/bibliotecajuridicavirtual.cl\/index.php\/wp-json\/wp\/v2\/product\/3324","targetHints":{"allow":["GET"]}}],"collection":[{"href":"https:\/\/bibliotecajuridicavirtual.cl\/index.php\/wp-json\/wp\/v2\/product"}],"about":[{"href":"https:\/\/bibliotecajuridicavirtual.cl\/index.php\/wp-json\/wp\/v2\/types\/product"}],"replies":[{"embeddable":true,"href":"https:\/\/bibliotecajuridicavirtual.cl\/index.php\/wp-json\/wp\/v2\/comments?post=3324"}],"wp:featuredmedia":[{"embeddable":true,"href":"https:\/\/bibliotecajuridicavirtual.cl\/index.php\/wp-json\/wp\/v2\/media\/3381"}],"wp:attachment":[{"href":"https:\/\/bibliotecajuridicavirtual.cl\/index.php\/wp-json\/wp\/v2\/media?parent=3324"}],"wp:term":[{"taxonomy":"product_brand","embeddable":true,"href":"https:\/\/bibliotecajuridicavirtual.cl\/index.php\/wp-json\/wp\/v2\/product_brand?post=3324"},{"taxonomy":"product_cat","embeddable":true,"href":"https:\/\/bibliotecajuridicavirtual.cl\/index.php\/wp-json\/wp\/v2\/product_cat?post=3324"},{"taxonomy":"product_tag","embeddable":true,"href":"https:\/\/bibliotecajuridicavirtual.cl\/index.php\/wp-json\/wp\/v2\/product_tag?post=3324"}],"curies":[{"name":"wp","href":"https:\/\/api.w.org\/{rel}","templated":true}]}}