{"id":3341,"date":"2026-02-28T01:12:28","date_gmt":"2026-02-28T04:12:28","guid":{"rendered":"https:\/\/bibliotecajuridicavirtual.cl\/?post_type=product&#038;p=3341"},"modified":"2026-02-28T01:13:00","modified_gmt":"2026-02-28T04:13:00","slug":"la-proteccion-de-los-derechos-de-los-consumidores-2da-edicion-iii-tomos-ano-marzo-2024-3-500-pag-autor-francisca-barrientos-camus-inigo-de-la-maza-gazmuri-carlos-pizarro-wilson","status":"publish","type":"product","link":"https:\/\/bibliotecajuridicavirtual.cl\/index.php\/product\/la-proteccion-de-los-derechos-de-los-consumidores-2da-edicion-iii-tomos-ano-marzo-2024-3-500-pag-autor-francisca-barrientos-camus-inigo-de-la-maza-gazmuri-carlos-pizarro-wilson\/","title":{"rendered":"La Protecci\u00f3n de los Derechos de los Consumidores -2da Edici\u00f3n, III Tomos . A\u00f1o Marzo 2024\/  3.500 P\u00e1g. Autor Francisca Barrientos Camus &#8211; \u00cd\u00f1igo de la Maza Gazmuri &#8211; Carlos Pizarro Wilson"},"content":{"rendered":"<p style=\"font-weight: 400;\">La presente obra es fruto de un trabajo coordinado de destacados acad\u00e9micos de las principales facultades de Derecho Chileno. Se trata de una obra colectiva, coordinada por los investigadores de la Fundaci\u00f3n Fernando Fueyo Laneri de la Universidad Diego Portales.<\/p>\n<p style=\"font-weight: 400;\">La t\u00e9cnica empleada, frecuente en el \u00e1mbito europeo, pero m\u00e1s bien in\u00e9dita en el medio nacional consiste en comentarios exeg\u00e9ticos de la Ley N\u00ba19.496 sobre protecci\u00f3n de los derechos de los consumidores, incluyendo todas las reformas que ha experimentado hasta la fecha, incluida la incorporada por la ley 21.398 conocida como \u201cproconsumidor\u201d. La obra ofrece, por segunda vez, un an\u00e1lisis pormenorizado y exhaustivo de los distintos preceptos que conforman la ley, prestando atenci\u00f3n, de una parte, a la opini\u00f3n de la doctrina nacional como extranjera cuando corresponde y, de otra parte, a las decisiones de los tribunales de justicia.<\/p>\n<p style=\"font-weight: 400;\">Se trata, entonces, de la primera obra -en su segunda edici\u00f3n ampliada y actualizada- que examina de manera sistem\u00e1tica y completa la ley 19.496. Teniendo en cuenta la creciente importancia que ha ido adquiriendo la regulaci\u00f3n de las relaciones de consumo, deber\u00eda resultar particularmente \u00fatil tanto a abogados de ejercicio como jueces, acad\u00e9micos y estudiantes de derecho.<\/p>\n","protected":false},"excerpt":{"rendered":"<p>La presente obra es fruto de un trabajo coordinado de destacados acad\u00e9micos de las principales facultades de Derecho Chileno. Se trata de una obra colectiva, coordinada por los investigadores de la Fundaci\u00f3n Fernando Fueyo Laneri de la Universidad Diego Portales. La t\u00e9cnica empleada, frecuente en el \u00e1mbito europeo, pero m\u00e1s bien in\u00e9dita en el medio nacional consiste en comentarios exeg\u00e9ticos de la Ley N\u00ba19.496 sobre protecci\u00f3n de los derechos de los consumidores, incluyendo todas las reformas que ha experimentado hasta la fecha, incluida la incorporada por la ley 21.398 conocida como \u201cproconsumidor\u201d. La obra ofrece, por segunda vez, un an\u00e1lisis pormenorizado y exhaustivo de los distintos preceptos que conforman la ley, prestando atenci\u00f3n, de una parte, a la opini\u00f3n de la doctrina nacional como extranjera cuando corresponde y, de otra parte, a las decisiones de los tribunales de justicia. Se trata, entonces, de la primera obra -en su segunda edici\u00f3n ampliada y actualizada- que examina de manera sistem\u00e1tica y completa la ley 19.496. Teniendo en cuenta la creciente importancia que ha ido adquiriendo la regulaci\u00f3n de las relaciones de consumo, deber\u00eda resultar particularmente \u00fatil tanto a abogados de ejercicio como jueces, acad\u00e9micos y estudiantes de derecho.<\/p>\n","protected":false},"featured_media":3383,"comment_status":"open","ping_status":"closed","template":"","meta":{"inline_featured_image":false,"_joinchat":[]},"product_brand":[],"product_cat":[27,48,42],"product_tag":[],"class_list":{"0":"post-3341","1":"product","2":"type-product","3":"status-publish","4":"has-post-thumbnail","6":"product_cat-civil","7":"product_cat-comercial","8":"product_cat-thomson-reuters","9":"product_shipping_class-a-convenir","11":"first","12":"instock","13":"shipping-taxable","14":"purchasable","15":"product-type-simple"},"_links":{"self":[{"href":"https:\/\/bibliotecajuridicavirtual.cl\/index.php\/wp-json\/wp\/v2\/product\/3341","targetHints":{"allow":["GET"]}}],"collection":[{"href":"https:\/\/bibliotecajuridicavirtual.cl\/index.php\/wp-json\/wp\/v2\/product"}],"about":[{"href":"https:\/\/bibliotecajuridicavirtual.cl\/index.php\/wp-json\/wp\/v2\/types\/product"}],"replies":[{"embeddable":true,"href":"https:\/\/bibliotecajuridicavirtual.cl\/index.php\/wp-json\/wp\/v2\/comments?post=3341"}],"wp:featuredmedia":[{"embeddable":true,"href":"https:\/\/bibliotecajuridicavirtual.cl\/index.php\/wp-json\/wp\/v2\/media\/3383"}],"wp:attachment":[{"href":"https:\/\/bibliotecajuridicavirtual.cl\/index.php\/wp-json\/wp\/v2\/media?parent=3341"}],"wp:term":[{"taxonomy":"product_brand","embeddable":true,"href":"https:\/\/bibliotecajuridicavirtual.cl\/index.php\/wp-json\/wp\/v2\/product_brand?post=3341"},{"taxonomy":"product_cat","embeddable":true,"href":"https:\/\/bibliotecajuridicavirtual.cl\/index.php\/wp-json\/wp\/v2\/product_cat?post=3341"},{"taxonomy":"product_tag","embeddable":true,"href":"https:\/\/bibliotecajuridicavirtual.cl\/index.php\/wp-json\/wp\/v2\/product_tag?post=3341"}],"curies":[{"name":"wp","href":"https:\/\/api.w.org\/{rel}","templated":true}]}}