{"id":3342,"date":"2026-02-28T01:12:28","date_gmt":"2026-02-28T04:12:28","guid":{"rendered":"https:\/\/bibliotecajuridicavirtual.cl\/?post_type=product&#038;p=3342"},"modified":"2026-02-28T01:13:03","modified_gmt":"2026-02-28T04:13:03","slug":"manual-de-las-herencias-entendiendo-y-planificando-la-muerte-desde-un-punto-de-vista-legal-ano-marzo-2024-204-pag-autor-carlos-lopez-diaz","status":"publish","type":"product","link":"https:\/\/bibliotecajuridicavirtual.cl\/index.php\/product\/manual-de-las-herencias-entendiendo-y-planificando-la-muerte-desde-un-punto-de-vista-legal-ano-marzo-2024-204-pag-autor-carlos-lopez-diaz\/","title":{"rendered":"Manual de las Herencias &#8211; Entendiendo y Planificando la Muerte desde un punto de vista Legal. A\u00f1o Marzo 2024\/ 204 P\u00e1g. Autor   Carlos L\u00f3pez D\u00edaz"},"content":{"rendered":"<p style=\"font-weight: 400;\">El presente texto entrega un sint\u00e9tico panorama del derecho sucesorio chileno, esto es, la situaci\u00f3n de los bienes que quedan cuando fallece una persona. Este texto ofrece en un lenguaje de f\u00e1cil comprensi\u00f3n para el lector lego los diversos aspectos relacionados con la muerte, tales como la posesi\u00f3n efectiva, el testamento, y la forma de distribuci\u00f3n de los bienes, entre otros numerosos temas. En su anexo, se entregan en forma integra los principales textos legales que regulan las herencias en Chile.<\/p>\n<p style=\"font-weight: 400;\">El autor, profesor por m\u00e1s de veinte a\u00f1os de la c\u00e1tedra de Derecho Civil, expone aqu\u00ed sus conocimientos legales y pr\u00e1cticos de una de las materias m\u00e1s consultadas por la gente.<\/p>\n<p style=\"font-weight: 400;\"><b><strong>CAP\u00cdTULO I<br \/>\nEL SISTEMA CHILENO<\/strong><\/b><\/p>\n<p style=\"font-weight: 400;\"><b><strong>CAP\u00cdTULO II<\/strong><\/b><br \/>\n<b><strong>EL FALLECIDO<\/strong><\/b><\/p>\n<p style=\"font-weight: 400;\">C\u00f3mo se acredita la muerte<br \/>\nC\u00f3mo saber si una persona ha fallecido<br \/>\nEl caso del que est\u00e1 por nacer<br \/>\nCaso de la persona que ha desaparecido y no se sabe si vive o no<br \/>\nLa muerte de la persona jur\u00eddica<br \/>\nLa muerte y la donaci\u00f3n de \u00f3rganos<br \/>\nMuerte, matrimonio y patria potestad<br \/>\nMuerte del trabajador<br \/>\nEl suicidio<br \/>\nLa muerte violenta<br \/>\nLa muerte por negligencia m\u00e9dica<br \/>\nLa muerte del animal<br \/>\nEl rito funerario<br \/>\nLa cuota mortuoria<br \/>\nLa demencia del fallecido<\/p>\n<p style=\"font-weight: 400;\"><b><strong>CAP\u00cdTULO III<\/strong><\/b><br \/>\n<b><strong>LOS BIENES DEL FALLECIDO<\/strong><\/b><\/p>\n<p style=\"font-weight: 400;\">Qu\u00e9 se hereda y qu\u00e9 noEl problema de los diversos matrimonios y diversos hijos<br \/>\nEl problema de los bienes en diversos pa\u00edses<br \/>\nEl problema de las donaciones<br \/>\nC\u00f3mo se protege el patrimonio<br \/>\nC\u00f3mo se protege el patrimonio (I): el derecho real de herencia<br \/>\nC\u00f3mo se protege el patrimonio (II): la delaci\u00f3n y la aceptaci\u00f3n<br \/>\nC\u00f3mo se protege el patrimonio (III): las diversas posesiones de la herencia<br \/>\nC\u00f3mo se protege el patrimonio (IV): se suspenden las prescripciones<br \/>\nC\u00f3mo se protege el patrimonio (V): la guarda y aposici\u00f3n de sellos<br \/>\nC\u00f3mo se protege el patrimonio (VI): la herencia yacente<\/p>\n<p style=\"font-weight: 400;\">C\u00f3mo se protege el patrimonio (VII): las acciones protectoras<br \/>\nLas demandas y querellas iniciadas contra el fallecido<br \/>\nEl caso especial de las armas<\/p>\n<p style=\"font-weight: 400;\"><b><strong>CAP\u00cdTULO IV<\/strong><\/b><br \/>\n<b><strong>LOS HEREDEROS DEL FALLECIDO<\/strong><\/b><\/p>\n<p style=\"font-weight: 400;\">Qui\u00e9n hereda<br \/>\nQui\u00e9n no hereda<br \/>\nEl problema del desheredamiento y de la preterici\u00f3n<br \/>\nCalidad de hijo leg\u00edtimo, ileg\u00edtimo y natural y su vigencia actual<br \/>\nEn qu\u00e9 calidad se hereda: herencias y legados<br \/>\nLa situaci\u00f3n de las deudas de los familiares fallecidos<\/p>\n<p style=\"font-weight: 400;\"><b><strong>CAP\u00cdTULO V<\/strong><\/b><br \/>\n<b><strong>LA DISTRIBUCI\u00d3N DE LOS BIENES<\/strong><\/b><\/p>\n<p style=\"font-weight: 400;\">Distribuci\u00f3n sin testamento: los \u00f3rdenes de sucesi\u00f3n<br \/>\nPersonas excluidas de la sucesi\u00f3n<br \/>\nEl divorciado y los padres en ciertos casos<br \/>\nDistribuci\u00f3n que puede haber con testamento: las asignaciones forzosas<br \/>\nManual de las Herencias<br \/>\nBeneficiando a un legitimario. El usufructo vitalicio<br \/>\nLa donaci\u00f3n entre vivos y la donaci\u00f3n por causa de muerte<br \/>\nLa posesi\u00f3n efectiva<br \/>\nCaso de herencia intestada<br \/>\nCaso de herencia testada<br \/>\nProblemas que pueden presentarse con la posesi\u00f3n efectiva<br \/>\nEn qu\u00e9 calidad hereda: herencias y legados<br \/>\nVendiendo cuotas o bienes<br \/>\nFondos de pensiones y su herencia<\/p>\n<p style=\"font-weight: 400;\"><b><strong>CAP\u00cdTULO VI<\/strong><\/b><br \/>\n<b><strong>LA PARTICI\u00d3N DE BIENES<\/strong><\/b><\/p>\n<p style=\"font-weight: 400;\">La comunidad<br \/>\nLa terminaci\u00f3n de la comunidad<br \/>\nLa partici\u00f3n de viene<br \/>\nTramitaci\u00f3n del juicio arbitral<br \/>\nLa vivienda familiar en la sucesi\u00f3n del c\u00f3nyuge<\/p>\n<p style=\"font-weight: 400;\"><b><strong>CAP\u00cdTULO VII<\/strong><\/b><br \/>\n<b><strong>PLANIFICACI\u00d3N HEREDITARIA<\/strong><\/b><\/p>\n<p style=\"font-weight: 400;\">Esbozo de una planificaci\u00f3n hereditaria<br \/>\nEstablecimiento en vida de figuras de administraci\u00f3n por terceros: mandatos y fideicomisos<br \/>\nEl testamento y qu\u00e9 se puede hacer con \u00e9l<br \/>\nDeclaraciones y disposiciones en el testamento<br \/>\nTipos de testamento<br \/>\nInvalidaci\u00f3n de un testamento<br \/>\nEl certificado de lucidez, y cr\u00edticas a este certificado<br \/>\nCl\u00e1usulas de uso com\u00fan<br \/>\nEl testamento vital y las instrucciones anticipadas de no resucitaci\u00f3n<\/p>\n<p style=\"font-weight: 400;\"><b><strong>CAP\u00cdTULO VIII<\/strong><\/b><br \/>\n<b><strong>LISTADO DE PLAZOS EN MATERIA<\/strong><\/b><\/p>\n<p style=\"font-weight: 400;\">Hereditaria y de Partici\u00f3n de Bienes<br \/>\nHerencias y sucesiones<br \/>\nPartici\u00f3n de bienes<\/p>\n<p style=\"font-weight: 400;\"><b><strong>CAP\u00cdTULO IX<\/strong><\/b><br \/>\n<b><strong>PLANIFICANDO EN VIDA<\/strong><\/b><\/p>\n<p style=\"font-weight: 400;\"><b><strong>ANEXOS LEGALES<\/strong><\/b><\/p>\n<p style=\"font-weight: 400;\">C\u00f3digo Civil. Libro Tercero de la Sucesi\u00f3n por<br \/>\nCausa de Muerte, y de las Donaciones entre Vivos<br \/>\nC\u00f3digo de Procedimiento Civil<br \/>\nLibro Tercero, de los Juicios Especiales. T\u00edtulo IX.<br \/>\nDe los Juicios sobre Partici\u00f3n de Bienes<br \/>\nLibro Cuarto, de los Actos Judiciales no Contenciosos.<br \/>\nT\u00edtulo VIII, de los Procedimientos a que da lugar la sucesi\u00f3n por causa de muerte<br \/>\nLey 19.903 sobre Procedimiento para el otorgamiento de la posesi\u00f3n efectiva de la herencia y adecuaciones de la normativa procesal, civil y tributaria sobre la materia<\/p>\n","protected":false},"excerpt":{"rendered":"<p>El presente texto entrega un sint\u00e9tico panorama del derecho sucesorio chileno, esto es, la situaci\u00f3n de los bienes que quedan cuando fallece una persona. Este texto ofrece en un lenguaje de f\u00e1cil comprensi\u00f3n para el lector lego los diversos aspectos relacionados con la muerte, tales como la posesi\u00f3n efectiva, el testamento, y la forma de distribuci\u00f3n de los bienes, entre otros numerosos temas. En su anexo, se entregan en forma integra los principales textos legales que regulan las herencias en Chile. El autor, profesor por m\u00e1s de veinte a\u00f1os de la c\u00e1tedra de Derecho Civil, expone aqu\u00ed sus conocimientos legales y pr\u00e1cticos de una de las materias m\u00e1s consultadas por la gente. CAP\u00cdTULO I EL SISTEMA CHILENO CAP\u00cdTULO II EL FALLECIDO C\u00f3mo se acredita la muerte C\u00f3mo saber si una persona ha fallecido El caso del que est\u00e1 por nacer Caso de la persona que ha desaparecido y no se sabe si vive o no La muerte de la persona jur\u00eddica La muerte y la donaci\u00f3n de \u00f3rganos Muerte, matrimonio y patria potestad Muerte del trabajador El suicidio La muerte violenta La muerte por negligencia m\u00e9dica La muerte del animal El rito funerario La cuota mortuoria La demencia del fallecido CAP\u00cdTULO III LOS BIENES DEL FALLECIDO Qu\u00e9 se hereda y qu\u00e9 noEl problema de los diversos matrimonios y diversos hijos El problema de los bienes en diversos pa\u00edses El problema de las donaciones C\u00f3mo se protege el patrimonio C\u00f3mo se protege el patrimonio (I): el derecho real de herencia C\u00f3mo se protege el patrimonio (II): la delaci\u00f3n y la aceptaci\u00f3n C\u00f3mo se protege el patrimonio (III): las diversas posesiones de la herencia C\u00f3mo se protege el patrimonio (IV): se suspenden las prescripciones C\u00f3mo se protege el patrimonio (V): la guarda y aposici\u00f3n de sellos C\u00f3mo se protege el patrimonio (VI): la herencia yacente C\u00f3mo se protege el patrimonio (VII): las acciones protectoras Las demandas y querellas iniciadas contra el fallecido El caso especial de las armas CAP\u00cdTULO IV LOS HEREDEROS DEL FALLECIDO Qui\u00e9n hereda Qui\u00e9n no hereda El problema del desheredamiento y de la preterici\u00f3n Calidad de hijo leg\u00edtimo, ileg\u00edtimo y natural y su vigencia actual En qu\u00e9 calidad se hereda: herencias y legados La situaci\u00f3n de las deudas de los familiares fallecidos CAP\u00cdTULO V LA DISTRIBUCI\u00d3N DE LOS BIENES Distribuci\u00f3n sin testamento: los \u00f3rdenes de sucesi\u00f3n Personas excluidas de la sucesi\u00f3n El divorciado y los padres en ciertos casos Distribuci\u00f3n que puede haber con testamento: las asignaciones forzosas Manual de las Herencias Beneficiando a un legitimario. El usufructo vitalicio La donaci\u00f3n entre vivos y la donaci\u00f3n por causa de muerte La posesi\u00f3n efectiva Caso de herencia intestada Caso de herencia testada Problemas que pueden presentarse con la posesi\u00f3n efectiva En qu\u00e9 calidad hereda: herencias y legados Vendiendo cuotas o bienes Fondos de pensiones y su herencia CAP\u00cdTULO VI LA PARTICI\u00d3N DE BIENES La comunidad La terminaci\u00f3n de la comunidad La partici\u00f3n de viene Tramitaci\u00f3n del juicio arbitral La vivienda familiar en la sucesi\u00f3n del c\u00f3nyuge CAP\u00cdTULO VII PLANIFICACI\u00d3N HEREDITARIA Esbozo de una planificaci\u00f3n hereditaria Establecimiento en vida de figuras de administraci\u00f3n por terceros: mandatos y fideicomisos El testamento y qu\u00e9 se puede hacer con \u00e9l Declaraciones y disposiciones en el testamento Tipos de testamento Invalidaci\u00f3n de un testamento El certificado de lucidez, y cr\u00edticas a este certificado Cl\u00e1usulas de uso com\u00fan El testamento vital y las instrucciones anticipadas de no resucitaci\u00f3n CAP\u00cdTULO VIII LISTADO DE PLAZOS EN MATERIA Hereditaria y de Partici\u00f3n de Bienes Herencias y sucesiones Partici\u00f3n de bienes CAP\u00cdTULO IX PLANIFICANDO EN VIDA ANEXOS LEGALES C\u00f3digo Civil. Libro Tercero de la Sucesi\u00f3n por Causa de Muerte, y de las Donaciones entre Vivos C\u00f3digo de Procedimiento Civil Libro Tercero, de los Juicios Especiales. T\u00edtulo IX. De los Juicios sobre Partici\u00f3n de Bienes Libro Cuarto, de los Actos Judiciales no Contenciosos. T\u00edtulo VIII, de los Procedimientos a que da lugar la sucesi\u00f3n por causa de muerte Ley 19.903 sobre Procedimiento para el otorgamiento de la posesi\u00f3n efectiva de la herencia y adecuaciones de la normativa procesal, civil y tributaria sobre la materia<\/p>\n","protected":false},"featured_media":3384,"comment_status":"open","ping_status":"closed","template":"","meta":{"inline_featured_image":false,"_joinchat":[]},"product_brand":[],"product_cat":[27],"product_tag":[],"class_list":{"0":"post-3342","1":"product","2":"type-product","3":"status-publish","4":"has-post-thumbnail","6":"product_cat-civil","7":"product_shipping_class-a-convenir","9":"first","10":"instock","11":"shipping-taxable","12":"purchasable","13":"product-type-simple"},"_links":{"self":[{"href":"https:\/\/bibliotecajuridicavirtual.cl\/index.php\/wp-json\/wp\/v2\/product\/3342","targetHints":{"allow":["GET"]}}],"collection":[{"href":"https:\/\/bibliotecajuridicavirtual.cl\/index.php\/wp-json\/wp\/v2\/product"}],"about":[{"href":"https:\/\/bibliotecajuridicavirtual.cl\/index.php\/wp-json\/wp\/v2\/types\/product"}],"replies":[{"embeddable":true,"href":"https:\/\/bibliotecajuridicavirtual.cl\/index.php\/wp-json\/wp\/v2\/comments?post=3342"}],"wp:featuredmedia":[{"embeddable":true,"href":"https:\/\/bibliotecajuridicavirtual.cl\/index.php\/wp-json\/wp\/v2\/media\/3384"}],"wp:attachment":[{"href":"https:\/\/bibliotecajuridicavirtual.cl\/index.php\/wp-json\/wp\/v2\/media?parent=3342"}],"wp:term":[{"taxonomy":"product_brand","embeddable":true,"href":"https:\/\/bibliotecajuridicavirtual.cl\/index.php\/wp-json\/wp\/v2\/product_brand?post=3342"},{"taxonomy":"product_cat","embeddable":true,"href":"https:\/\/bibliotecajuridicavirtual.cl\/index.php\/wp-json\/wp\/v2\/product_cat?post=3342"},{"taxonomy":"product_tag","embeddable":true,"href":"https:\/\/bibliotecajuridicavirtual.cl\/index.php\/wp-json\/wp\/v2\/product_tag?post=3342"}],"curies":[{"name":"wp","href":"https:\/\/api.w.org\/{rel}","templated":true}]}}