{"id":3345,"date":"2026-02-28T01:12:28","date_gmt":"2026-02-28T04:12:28","guid":{"rendered":"https:\/\/bibliotecajuridicavirtual.cl\/?post_type=product&#038;p=3345"},"modified":"2026-02-28T01:13:09","modified_gmt":"2026-02-28T04:13:09","slug":"curso-de-derecho-procesal-civil-tomo-i-la-accion-y-proteccion-de-los-derechos-4ta-edicion-ano-2024-159-pag-autor-alejandro-romero-seguel","status":"publish","type":"product","link":"https:\/\/bibliotecajuridicavirtual.cl\/index.php\/product\/curso-de-derecho-procesal-civil-tomo-i-la-accion-y-proteccion-de-los-derechos-4ta-edicion-ano-2024-159-pag-autor-alejandro-romero-seguel\/","title":{"rendered":"Curso de Derecho Procesal Civil &#8211; Tomo I &#8211; La Acci\u00f3n y Protecci\u00f3n de los Derechos- 4ta Edici\u00f3n. A\u00f1o 2024\/ 159 P\u00e1g. Autor Alejandro Romero Seguel"},"content":{"rendered":"<p style=\"font-weight: 400;\"><b><strong>CAP\u00cdTULO I<\/strong><\/b><br \/>\n<b><strong>EL CONTENIDO DEL DERECHO DE ACCI\u00d3N<\/strong><\/b><\/p>\n<ol>\n<li style=\"font-weight: 400;\">Introducci\u00f3n2. La acci\u00f3n como derecho p\u00fablico subjetivo\n<p>3. Acci\u00f3n y tutela del derecho<\/p>\n<p>4. Elementos constitutivos del derecho de acci\u00f3n<\/p>\n<p>5. La causa de pedir<\/p>\n<p>6. Elementos que componen la causa de pedir<\/p>\n<p>7. La fijaci\u00f3n procesal de la causa de pedir y su control<\/p>\n<p>8. La legitimaci\u00f3n<\/p>\n<p>9. La accionabilidad<\/p>\n<p>10. La demanda y el derecho de acci\u00f3n<br \/>\n10.1. Descripci\u00f3n general<br \/>\n10.2. El petitorio de la demanda<\/li>\n<\/ol>\n<p style=\"font-weight: 400;\"><b><strong>CAP\u00cdTULO II<\/strong><\/b><br \/>\n<b><strong>LAS ACCIONES Y EL TIPO DE TUTELA JUR\u00cdDICA QUE PERSIGUEN<\/strong><\/b><\/p>\n<ol>\n<li style=\"font-weight: 400;\">Explicaci\u00f3n preliminar<\/li>\n<li style=\"font-weight: 400;\">La acci\u00f3n de condena<\/li>\n<li style=\"font-weight: 400;\">La acci\u00f3n de condena gen\u00e9rica o con reserva<br \/>\n3.1. La plena aceptaci\u00f3n de la condena con reserva<br \/>\n3.2. Efectos procesales de la condena gen\u00e9rica o con reserva<\/li>\n<li style=\"font-weight: 400;\">La acci\u00f3n declarativa o de mera-declaraci\u00f3n<br \/>\n4.1. Descripci\u00f3n general<br \/>\n4.2. S\u00edntesis jurisprudencial<\/li>\n<li style=\"font-weight: 400;\">La acci\u00f3n de jactancia<\/li>\n<li style=\"font-weight: 400;\">La acci\u00f3n constitutiva<br \/>\n6.1. Explicaci\u00f3n general<br \/>\n6.2. Requisitos de la acci\u00f3n constitutiva<br \/>\n6.3. Reconocimiento jurisprudencial<\/li>\n<\/ol>\n<p style=\"font-weight: 400;\"><b><strong>CAP\u00cdTULO III<\/strong><\/b><br \/>\n<b><strong>LA TUTELA ANTICIPADA Y LA TUTELA DE URGENCIA<\/strong><\/b><\/p>\n<ol>\n<li style=\"font-weight: 400;\">Conceptos previos<br \/>\n1.1. Descripci\u00f3n general<br \/>\n1.2. Problemas para su aceptaci\u00f3n<\/li>\n<li style=\"font-weight: 400;\">La tutela anticipada en el derecho chileno<br \/>\n2.1. La ejecuci\u00f3n provisional de la sentencia<br \/>\n2.2. La concesi\u00f3n de los alimentos provisionales<br \/>\n2.3. La orden de pago respecto de la cantidad no disputada<br \/>\n2.4. La utilizaci\u00f3n anticipada de una servidumbre<br \/>\n2.5. La entrega anticipada del predio arrendado<br \/>\n2.6. La ejecuci\u00f3n provisional de la demanda<br \/>\n2.7. Medidas precautorias que pueden satisfacer anticipadamente<br \/>\n2.7.1. En la protecci\u00f3n del derecho a la vida<br \/>\n2.7.2. En la protecci\u00f3n del derecho a la honra y privacidad de las personas<br \/>\n2.7.3. En la protecci\u00f3n de la integridad ps\u00edquica y de las personas<br \/>\n2.7.4. La p\u00e9rdida del inter\u00e9s sobrevenido en el objeto del proceso<\/li>\n<li style=\"font-weight: 400;\">La tutela preventiva<\/li>\n<li style=\"font-weight: 400;\">Algunas acciones de tutela preventiva aut\u00f3nomas<br \/>\n4.1. La acci\u00f3n de tutela preventiva para proteger la vida del que est\u00e1 por nacer<br \/>\n4.2. La acci\u00f3n para evitar un da\u00f1o contingente<\/li>\n<li style=\"font-weight: 400;\">Las condenas de futuro<br \/>\n5.1. Contenido de la figura<br \/>\n5.2. Algunas hip\u00f3tesis de condenas de futuro<br \/>\n5.2.1. La condena de ejecuci\u00f3n continuada<br \/>\n5.2.2. La acci\u00f3n de desahucio<\/li>\n<\/ol>\n<p style=\"font-weight: 400;\"><b><strong>CAP\u00cdTULO IV<\/strong><\/b><br \/>\n<b><strong>LA LEGITIMACI\u00d3N COMO ELEMENTO DE LA ACCI\u00d3N<\/strong><\/b><\/p>\n<ol>\n<li style=\"font-weight: 400;\">Presentaci\u00f3n del tema<\/li>\n<li style=\"font-weight: 400;\">Las situaciones legitimantes3. Tratamiento procesal de la legitimaci\u00f3n<\/li>\n<\/ol>\n<p style=\"font-weight: 400;\">3.1. La falta de legitimaci\u00f3n es un tema de fondo<br \/>\n3.2. El cumplimiento de la legitimaci\u00f3n no est\u00e1 sujeta a la utilizaci\u00f3n de f\u00f3rmulas sacramentales<br \/>\n3.3. La legitimaci\u00f3n es el primer elemento a considerar en el examen de la acci\u00f3n<\/p>\n<ol start=\"4\">\n<li style=\"font-weight: 400;\">Legitimaci\u00f3n y buena fe<\/li>\n<li style=\"font-weight: 400;\">La calidad de parte y la legitimaci\u00f3n<\/li>\n<li style=\"font-weight: 400;\">Legitimaci\u00f3n y representaci\u00f3n procesal<\/li>\n<li style=\"font-weight: 400;\">Clasificaci\u00f3n de la legitimaci\u00f3n<\/li>\n<li style=\"font-weight: 400;\">Legitimaci\u00f3n ordinaria<\/li>\n<li style=\"font-weight: 400;\">La legitimaci\u00f3n extraordinaria<br \/>\n9.1. La legitimaci\u00f3n extraordinaria por sustituci\u00f3n<br \/>\n9.1.1. La acci\u00f3n subrogatoria, oblicua o indirecta<br \/>\n9.1.2. La acci\u00f3n derivativa<br \/>\n9.1.3. La acci\u00f3n directa<\/li>\n<li style=\"font-weight: 400;\">La acci\u00f3n popular<\/li>\n<\/ol>\n<p style=\"font-weight: 400;\"><b><strong>CAP\u00cdTULO V<\/strong><\/b><br \/>\n<b><strong>RELACIONES ENTRE LAS ACCIONES<\/strong><\/b><\/p>\n<ol>\n<li style=\"font-weight: 400;\">Explicaci\u00f3n previa<br \/>\n2. La identidad<br \/>\n3. La conexi\u00f3n<br \/>\n4. La prejudicialidad<br \/>\n5. La accesoriedad<br \/>\n6. La incompatibilidad<br \/>\n7. El concurso de acciones<br \/>\n8. El concurso de normas<\/li>\n<li style=\"font-weight: 400;\">La acumulaci\u00f3n de acciones: breve descripci\u00f3n<\/li>\n<\/ol>\n<p style=\"font-weight: 400;\"><b><strong>CAP\u00cdTULO VI<\/strong><\/b><br \/>\n<b><strong>EL DERECHO DE DEFENSA DEL DEMANDADO<\/strong><\/b><\/p>\n<ol>\n<li style=\"font-weight: 400;\">El contenido del derecho de defensa<\/li>\n<li style=\"font-weight: 400;\">El objeto del proceso<\/li>\n<li style=\"font-weight: 400;\">La excepci\u00f3n y derecho de defensa<br \/>\n3.1. Las excepciones procesales<br \/>\n3.2. Las excepciones materiales<br \/>\n3.3. Las excepciones reconvencionales<\/li>\n<li style=\"font-weight: 400;\">Los \u00f3bices procesales<\/li>\n<li style=\"font-weight: 400;\">La regla \u201cEl juez de la acci\u00f3n es el juez de la excepci\u00f3n\u201d<\/li>\n<li style=\"font-weight: 400;\">La reconvenci\u00f3n<br \/>\n6.1. Descripci\u00f3n general<br \/>\n6.2. Aspectos procesales<br \/>\n6.3. Efectos de la reconvenci\u00f3n<br \/>\n6.4. Problemas procesales de la reconvenci\u00f3n<\/li>\n<\/ol>\n<p style=\"font-weight: 400;\"><b><strong>CAP\u00cdTULO VII<\/strong><\/b><br \/>\n<b><strong>LA TUTELA CAUTELAR<\/strong><\/b><\/p>\n<ol>\n<li style=\"font-weight: 400;\">Mecanismos para asegurar el resultado de la acci\u00f3n<\/li>\n<li style=\"font-weight: 400;\">La tutela cautelar en el proceso civil<\/li>\n<li style=\"font-weight: 400;\">La pretendida autonom\u00eda del proceso cautelar<\/li>\n<li style=\"font-weight: 400;\">La necesidad de la tutela cautelar<\/li>\n<li style=\"font-weight: 400;\">Elementos esenciales que configuran el sistema cautelar<\/li>\n<li style=\"font-weight: 400;\">El contenido de la tutela cautelar<\/li>\n<li style=\"font-weight: 400;\">Elementos distintivos de las medidas precautorias<br \/>\n7.1. El efecto asegurativo de la medida<br \/>\n7.2. La medida cautelar est\u00e1 preordenada a un proceso pendiente<br \/>\n7.3. La exhibici\u00f3n del t\u00edtulo<br \/>\n7.4. La medida cautelar no puede satisfacer anticipadamente<br \/>\n7.5. El car\u00e1cter provisional de las medidas cautelares<br \/>\n7.6. La medida cautelar debe ser id\u00f3nea para su fin<br \/>\n7.7. Las medidas cautelares deben limitarse a los bienes necesarios8. Medidas precautorias nominadas e innominadas<br \/>\n8.1. Explicaci\u00f3n general<br \/>\n8.2. Las medidas precautorias innominadas o indeterminadas<br \/>\n8.2.1. R\u00e9gimen general<br \/>\n8.2.2. Requisitos de procedencia<\/li>\n<li style=\"font-weight: 400;\">La contracautela<\/li>\n<li style=\"font-weight: 400;\">Manifestaciones de la contracautela<br \/>\n10.1. La fianza o garant\u00eda suficiente<br \/>\n10.2. El alzamiento, cesaci\u00f3n o reducci\u00f3n de la medida<br \/>\n10.3. La indemnizaci\u00f3n de perjuicios<\/li>\n<li style=\"font-weight: 400;\">Estudio de algunas medidas precautorias<br \/>\n11.1. La orden de no innovar<br \/>\n11.2. El secuestro de la cosa que es objeto de la demanda<br \/>\n11.3. El nombramiento de uno o m\u00e1s interventores<br \/>\n11.4. La retenci\u00f3n de bienes determinados<br \/>\n11.5. La prohibici\u00f3n de celebrar actos o contratos sobre bienes determinados<br \/>\n11.6. La anotaci\u00f3n de la litis como precautoria innominada<\/li>\n<li style=\"font-weight: 400;\">Aspectos procedimentales<\/li>\n<\/ol>\n<p style=\"font-weight: 400;\"><b><strong>CAP\u00cdTULO VIII<\/strong><\/b><br \/>\n<b><strong>L\u00cdMITES EN EL EJERCICIO DE LA ACCI\u00d3N<\/strong><\/b><\/p>\n<ol>\n<li style=\"font-weight: 400;\">planteamiento del problema<\/li>\n<li style=\"font-weight: 400;\">La condena en costas como l\u00edmite natural<\/li>\n<li style=\"font-weight: 400;\">El abuso del derecho<br \/>\n3.1. Planteamiento doctrinal<br \/>\n3.2. Referencia jurisprudencial<\/li>\n<li style=\"font-weight: 400;\">El juez natural en el control del ejercicio abusivo<\/li>\n<li style=\"font-weight: 400;\">La doctrina de los actos propios como l\u00edmite<\/li>\n<li style=\"font-weight: 400;\">La litigaci\u00f3n abusiva<\/li>\n<\/ol>\n","protected":false},"excerpt":{"rendered":"<p>CAP\u00cdTULO I EL CONTENIDO DEL DERECHO DE ACCI\u00d3N Introducci\u00f3n2. La acci\u00f3n como derecho p\u00fablico subjetivo 3. Acci\u00f3n y tutela del derecho 4. Elementos constitutivos del derecho de acci\u00f3n 5. La causa de pedir 6. Elementos que componen la causa de pedir 7. La fijaci\u00f3n procesal de la causa de pedir y su control 8. La legitimaci\u00f3n 9. La accionabilidad 10. La demanda y el derecho de acci\u00f3n 10.1. Descripci\u00f3n general 10.2. El petitorio de la demanda CAP\u00cdTULO II LAS ACCIONES Y EL TIPO DE TUTELA JUR\u00cdDICA QUE PERSIGUEN Explicaci\u00f3n preliminar La acci\u00f3n de condena La acci\u00f3n de condena gen\u00e9rica o con reserva 3.1. La plena aceptaci\u00f3n de la condena con reserva 3.2. Efectos procesales de la condena gen\u00e9rica o con reserva La acci\u00f3n declarativa o de mera-declaraci\u00f3n 4.1. Descripci\u00f3n general 4.2. S\u00edntesis jurisprudencial La acci\u00f3n de jactancia La acci\u00f3n constitutiva 6.1. Explicaci\u00f3n general 6.2. Requisitos de la acci\u00f3n constitutiva 6.3. Reconocimiento jurisprudencial CAP\u00cdTULO III LA TUTELA ANTICIPADA Y LA TUTELA DE URGENCIA Conceptos previos 1.1. Descripci\u00f3n general 1.2. Problemas para su aceptaci\u00f3n La tutela anticipada en el derecho chileno 2.1. La ejecuci\u00f3n provisional de la sentencia 2.2. La concesi\u00f3n de los alimentos provisionales 2.3. La orden de pago respecto de la cantidad no disputada 2.4. La utilizaci\u00f3n anticipada de una servidumbre 2.5. La entrega anticipada del predio arrendado 2.6. La ejecuci\u00f3n provisional de la demanda 2.7. Medidas precautorias que pueden satisfacer anticipadamente 2.7.1. En la protecci\u00f3n del derecho a la vida 2.7.2. En la protecci\u00f3n del derecho a la honra y privacidad de las personas 2.7.3. En la protecci\u00f3n de la integridad ps\u00edquica y de las personas 2.7.4. La p\u00e9rdida del inter\u00e9s sobrevenido en el objeto del proceso La tutela preventiva Algunas acciones de tutela preventiva aut\u00f3nomas 4.1. La acci\u00f3n de tutela preventiva para proteger la vida del que est\u00e1 por nacer 4.2. La acci\u00f3n para evitar un da\u00f1o contingente Las condenas de futuro 5.1. Contenido de la figura 5.2. Algunas hip\u00f3tesis de condenas de futuro 5.2.1. La condena de ejecuci\u00f3n continuada 5.2.2. La acci\u00f3n de desahucio CAP\u00cdTULO IV LA LEGITIMACI\u00d3N COMO ELEMENTO DE LA ACCI\u00d3N Presentaci\u00f3n del tema Las situaciones legitimantes3. Tratamiento procesal de la legitimaci\u00f3n 3.1. La falta de legitimaci\u00f3n es un tema de fondo 3.2. El cumplimiento de la legitimaci\u00f3n no est\u00e1 sujeta a la utilizaci\u00f3n de f\u00f3rmulas sacramentales 3.3. La legitimaci\u00f3n es el primer elemento a considerar en el examen de la acci\u00f3n Legitimaci\u00f3n y buena fe La calidad de parte y la legitimaci\u00f3n Legitimaci\u00f3n y representaci\u00f3n procesal Clasificaci\u00f3n de la legitimaci\u00f3n Legitimaci\u00f3n ordinaria La legitimaci\u00f3n extraordinaria 9.1. La legitimaci\u00f3n extraordinaria por sustituci\u00f3n 9.1.1. La acci\u00f3n subrogatoria, oblicua o indirecta 9.1.2. La acci\u00f3n derivativa 9.1.3. La acci\u00f3n directa La acci\u00f3n popular CAP\u00cdTULO V RELACIONES ENTRE LAS ACCIONES Explicaci\u00f3n previa 2. La identidad 3. La conexi\u00f3n 4. La prejudicialidad 5. La accesoriedad 6. La incompatibilidad 7. El concurso de acciones 8. El concurso de normas La acumulaci\u00f3n de acciones: breve descripci\u00f3n CAP\u00cdTULO VI EL DERECHO DE DEFENSA DEL DEMANDADO El contenido del derecho de defensa El objeto del proceso La excepci\u00f3n y derecho de defensa 3.1. Las excepciones procesales 3.2. Las excepciones materiales 3.3. Las excepciones reconvencionales Los \u00f3bices procesales La regla \u201cEl juez de la acci\u00f3n es el juez de la excepci\u00f3n\u201d La reconvenci\u00f3n 6.1. Descripci\u00f3n general 6.2. Aspectos procesales 6.3. Efectos de la reconvenci\u00f3n 6.4. Problemas procesales de la reconvenci\u00f3n CAP\u00cdTULO VII LA TUTELA CAUTELAR Mecanismos para asegurar el resultado de la acci\u00f3n La tutela cautelar en el proceso civil La pretendida autonom\u00eda del proceso cautelar La necesidad de la tutela cautelar Elementos esenciales que configuran el sistema cautelar El contenido de la tutela cautelar Elementos distintivos de las medidas precautorias 7.1. El efecto asegurativo de la medida 7.2. La medida cautelar est\u00e1 preordenada a un proceso pendiente 7.3. La exhibici\u00f3n del t\u00edtulo 7.4. La medida cautelar no puede satisfacer anticipadamente 7.5. El car\u00e1cter provisional de las medidas cautelares 7.6. La medida cautelar debe ser id\u00f3nea para su fin 7.7. Las medidas cautelares deben limitarse a los bienes necesarios8. Medidas precautorias nominadas e innominadas 8.1. Explicaci\u00f3n general 8.2. Las medidas precautorias innominadas o indeterminadas 8.2.1. R\u00e9gimen general 8.2.2. Requisitos de procedencia La contracautela Manifestaciones de la contracautela 10.1. La fianza o garant\u00eda suficiente 10.2. El alzamiento, cesaci\u00f3n o reducci\u00f3n de la medida 10.3. La indemnizaci\u00f3n de perjuicios Estudio de algunas medidas precautorias 11.1. La orden de no innovar 11.2. El secuestro de la cosa que es objeto de la demanda 11.3. El nombramiento de uno o m\u00e1s interventores 11.4. La retenci\u00f3n de bienes determinados 11.5. La prohibici\u00f3n de celebrar actos o contratos sobre bienes determinados 11.6. La anotaci\u00f3n de la litis como precautoria innominada Aspectos procedimentales CAP\u00cdTULO VIII L\u00cdMITES EN EL EJERCICIO DE LA ACCI\u00d3N planteamiento del problema La condena en costas como l\u00edmite natural El abuso del derecho 3.1. Planteamiento doctrinal 3.2. Referencia jurisprudencial El juez natural en el control del ejercicio abusivo La doctrina de los actos propios como l\u00edmite La litigaci\u00f3n abusiva<\/p>\n","protected":false},"featured_media":3387,"comment_status":"open","ping_status":"closed","template":"","meta":{"inline_featured_image":false,"_joinchat":[]},"product_brand":[],"product_cat":[27,39],"product_tag":[],"class_list":{"0":"post-3345","1":"product","2":"type-product","3":"status-publish","4":"has-post-thumbnail","6":"product_cat-civil","7":"product_cat-procesal-civil","8":"product_shipping_class-a-convenir","10":"first","11":"instock","12":"shipping-taxable","13":"purchasable","14":"product-type-simple"},"_links":{"self":[{"href":"https:\/\/bibliotecajuridicavirtual.cl\/index.php\/wp-json\/wp\/v2\/product\/3345","targetHints":{"allow":["GET"]}}],"collection":[{"href":"https:\/\/bibliotecajuridicavirtual.cl\/index.php\/wp-json\/wp\/v2\/product"}],"about":[{"href":"https:\/\/bibliotecajuridicavirtual.cl\/index.php\/wp-json\/wp\/v2\/types\/product"}],"replies":[{"embeddable":true,"href":"https:\/\/bibliotecajuridicavirtual.cl\/index.php\/wp-json\/wp\/v2\/comments?post=3345"}],"wp:featuredmedia":[{"embeddable":true,"href":"https:\/\/bibliotecajuridicavirtual.cl\/index.php\/wp-json\/wp\/v2\/media\/3387"}],"wp:attachment":[{"href":"https:\/\/bibliotecajuridicavirtual.cl\/index.php\/wp-json\/wp\/v2\/media?parent=3345"}],"wp:term":[{"taxonomy":"product_brand","embeddable":true,"href":"https:\/\/bibliotecajuridicavirtual.cl\/index.php\/wp-json\/wp\/v2\/product_brand?post=3345"},{"taxonomy":"product_cat","embeddable":true,"href":"https:\/\/bibliotecajuridicavirtual.cl\/index.php\/wp-json\/wp\/v2\/product_cat?post=3345"},{"taxonomy":"product_tag","embeddable":true,"href":"https:\/\/bibliotecajuridicavirtual.cl\/index.php\/wp-json\/wp\/v2\/product_tag?post=3345"}],"curies":[{"name":"wp","href":"https:\/\/api.w.org\/{rel}","templated":true}]}}