{"id":3347,"date":"2026-02-28T01:12:28","date_gmt":"2026-02-28T04:12:28","guid":{"rendered":"https:\/\/bibliotecajuridicavirtual.cl\/?post_type=product&#038;p=3347"},"modified":"2026-02-28T01:13:16","modified_gmt":"2026-02-28T04:13:16","slug":"curso-de-derecho-procesal-civil-los-presupuestos-procesales-relativos-al-procedimiento-tomo-iii-2da-edicion-ano-2024-185-pag-autor-alejandro-romero-seguel","status":"publish","type":"product","link":"https:\/\/bibliotecajuridicavirtual.cl\/index.php\/product\/curso-de-derecho-procesal-civil-los-presupuestos-procesales-relativos-al-procedimiento-tomo-iii-2da-edicion-ano-2024-185-pag-autor-alejandro-romero-seguel\/","title":{"rendered":"Curso de Derecho Procesal Civil &#8211; Los Presupuestos Procesales Relativos al Procedimiento &#8211; Tomo III &#8211; 2da Edici\u00f3n. A\u00f1o 2024\/ 185 P\u00e1g. Autor Alejandro Romero Seguel"},"content":{"rendered":"<p style=\"font-weight: 400;\"><b><strong>CAP\u00cdTULO I<\/strong><\/b><br \/>\n<b><strong>EL PROCESO COMO INSTRUMENTO DE LA FUNCI\u00d3N JURISDICCIONAL<\/strong><\/b><\/p>\n<ol>\n<li style=\"font-weight: 400;\">Explicaci\u00f3n general<\/li>\n<li style=\"font-weight: 400;\">Delimitaci\u00f3n jur\u00eddica del proceso<\/li>\n<li style=\"font-weight: 400;\">Las teor\u00edas contractualitas y cuasicontractualistas<\/li>\n<li style=\"font-weight: 400;\">Las teor\u00edas procesales sobre la naturaleza del proceso<br \/>\n4.1. El proceso como una relaci\u00f3n jur\u00eddica<br \/>\n4.2. El proceso como una situaci\u00f3n jur\u00eddica<br \/>\n4.3. El proceso como instituci\u00f3n jur\u00eddica<\/li>\n<li style=\"font-weight: 400;\">Derechos subjetivos, deberes y cargas<\/li>\n<li style=\"font-weight: 400;\">Los deberes y poderes del juez en la relaci\u00f3n procesal<br \/>\n6.1. Explicaci\u00f3n general<br \/>\n6.2. La discrecionalidad judicial<\/li>\n<\/ol>\n<p style=\"font-weight: 400;\"><b><strong>CAP\u00cdTULO II<\/strong><\/b><br \/>\n<b><strong>DEBIDO PROCESO PRINCIPIOS INFORMATIVOS Y REGLAS T\u00c9CNICAS<\/strong><\/b><\/p>\n<ol>\n<li style=\"font-weight: 400;\">Explicaci\u00f3n general<\/li>\n<li style=\"font-weight: 400;\">El principio de la bilateralidad<br \/>\n2.1. Contenido b\u00e1sico<br \/>\n2.2. Situaciones que comprometen la bilateralidad<\/li>\n<li style=\"font-weight: 400;\">El principio de la igualdad procesal<br \/>\n3.1. Contenido esencial<br \/>\n3.2. Medidas para garantizar la igualdad procesal<br \/>\n3.3. Los privilegios procesales<\/li>\n<li style=\"font-weight: 400;\">El principio dispositivo<br \/>\n4.1. Explicaci\u00f3n general<br \/>\n4.2. Proyecciones del principio dispositivo<br \/>\n4.3. La voluntad de las partes en el proceso<br \/>\n4.4. Excepciones al principio dispositivo<\/li>\n<li style=\"font-weight: 400;\">El principio de buena fe procesal<br \/>\n5.1. Explicaci\u00f3n te\u00f3rica<br \/>\n5.2. La protecci\u00f3n de la buena fe procesal<\/li>\n<li style=\"font-weight: 400;\">El principio de preclusi\u00f3n procesal<br \/>\n6.1. Explicaci\u00f3n general<br \/>\n6.2. Reconocimiento jurisprudencial<\/li>\n<li style=\"font-weight: 400;\">El principio de eventualidad<\/li>\n<li style=\"font-weight: 400;\">El principio de econom\u00eda procesal<\/li>\n<li style=\"font-weight: 400;\">El principio de inmediaci\u00f3n procesal<\/li>\n<li style=\"font-weight: 400;\">El principio de publicidad<\/li>\n<\/ol>\n<p style=\"font-weight: 400;\"><b><strong>CAP\u00cdTULO III<\/strong><\/b><br \/>\n<b><strong>EL PRESUPUESTO PROCESAL DE LA APTITUD FORMAL DE LA DEMANDA<\/strong><\/b><\/p>\n<ol>\n<li style=\"font-weight: 400;\">La demanda como acto procesal<\/li>\n<li style=\"font-weight: 400;\">Requisitos formales de la demanda<br \/>\n2.1. Explicaci\u00f3n de la descripci\u00f3n de los hechos desde la teor\u00eda del discurso<br \/>\n2.2. La justificaci\u00f3n jur\u00eddica de la demanda<br \/>\n2.3. El principio del iura novt curiae<br \/>\n2.4. El petitorio de la demanda<br \/>\n2.5. Requisitos adjetivos de la demanda<\/li>\n<li style=\"font-weight: 400;\">La admisibilidad de la demanda<\/li>\n<li style=\"font-weight: 400;\">Defectos de que puede adolecer una demanda y los instrumentos para su control<\/li>\n<li style=\"font-weight: 400;\">La prohibici\u00f3n de modificaci\u00f3n de la demanda<\/li>\n<li style=\"font-weight: 400;\">El retiro y desistimiento de la demanda<\/li>\n<li style=\"font-weight: 400;\">Contenido del derecho de defensa del demandado. Remisi\u00f3n<\/li>\n<li style=\"font-weight: 400;\">Gestiones preparatorias prejudiciales para que la demanda sea eficaz<br \/>\n8.1. Las medidas prejudiciales o preliminares<br \/>\n8.2. Caracter\u00edsticas de las medidas prejudiciales<br \/>\n8.3. Sistematizaci\u00f3n general de las medidas<br \/>\n8.3.1. Las medidas prejudiciales preparatorias<br \/>\n8.3.2. Las medidas prejudiciales probatorias<br \/>\n8.4. Algunos problemas de la exhibici\u00f3n de documentos<br \/>\n8.5. Aspectos procesales de las medidas prejudiciales<\/li>\n<\/ol>\n<p style=\"font-weight: 400;\"><b><strong>CAP\u00cdTULO IV<\/strong><\/b><br \/>\n<b><strong>LA ACUMULACI\u00d3N INICIAL DE ACCIONES<\/strong><\/b><\/p>\n<ol>\n<li style=\"font-weight: 400;\">Explicaci\u00f3n preliminar<\/li>\n<li style=\"font-weight: 400;\">La demanda y acumulaci\u00f3n inicial de acciones<br \/>\n2.1. La pluralidad de acciones<br \/>\n2.2. La incompatibilidad entre las acciones<br \/>\n2.3. Que todas las acciones se tramiten en un mismo procedimiento<\/li>\n<li style=\"font-weight: 400;\">Efectos de la acumulaci\u00f3n inicial simple<\/li>\n<li style=\"font-weight: 400;\">La desacumulaci\u00f3n de acciones<\/li>\n<li style=\"font-weight: 400;\">La acumulaci\u00f3n inicial condicional de acciones<br \/>\n5.1. Descripci\u00f3n general<br \/>\n5.2. La acumulaci\u00f3n eventual de acciones<br \/>\n5.2.1. Delimitaci\u00f3n de la figura<br \/>\n5.2.2. Utilidad pr\u00e1ctica<br \/>\n5.2.3. L\u00edmites de la acumulaci\u00f3n eventual<br \/>\n5.2.4. Acumulaci\u00f3n eventual y litisconsorcio voluntario<br \/>\n5.2.5. Aceptaci\u00f3n jurisprudencial<br \/>\n5.2.6. Efectos procesales de la acumulaci\u00f3n eventual<br \/>\n5.2.7. Acumulaci\u00f3n eventual y congruencia<br \/>\n5.3. La acumulaci\u00f3n sucesiva o accesoria<br \/>\n5.3.1. Explicaci\u00f3n general<br \/>\n5.3.2. Requisitos y efectos de la acumulaci\u00f3n sucesiva<br \/>\n5.3.3. Acumulaci\u00f3n sucesiva y litisconsorcio sucesivo<br \/>\n5.4. La acumulaci\u00f3n alternativa de acciones<br \/>\n5.4.1. Descripci\u00f3n de la instituci\u00f3n<br \/>\n5.4.2. Acumulaci\u00f3n alternativa y litisconsorcio<br \/>\n5.5. La indebida acumulaci\u00f3n de acciones<br \/>\n5.5.1. Delimitaci\u00f3n del fen\u00f3meno<br \/>\n5.5.2. El control de la indebida acumulaci\u00f3n de acciones<\/li>\n<\/ol>\n<p style=\"font-weight: 400;\"><b><strong>CAP\u00cdTULO V<\/strong><\/b><br \/>\n<b><strong>EL EMPLAZAMIENTO LEGAL DEL DEMANDADO COMO PRESUPUESTO PROCESAL<\/strong><\/b><\/p>\n<ol>\n<li style=\"font-weight: 400;\">El emplazamiento legal del demandado<\/li>\n<li style=\"font-weight: 400;\">Garant\u00edas procesales para practicar el emplazamiento<\/li>\n<li style=\"font-weight: 400;\">La litispendencia<br \/>\n3.1. Sistemas de producci\u00f3n de este estado<br \/>\n3.2. Efectos de la litispendencia<br \/>\n3.3. Efectos materiales y procesales de la litispendencia<br \/>\n3.4. Efectos internos de la litispendencia<br \/>\n3.4.1. Efectos excluyentes de la litispendencia por identidad o por conexi\u00f3n<br \/>\n3.4.2. La vis atractiva entre procesos conexos o id\u00e9nticos<\/li>\n<li style=\"font-weight: 400;\">Prejudicialidad civil y litispendencia<\/li>\n<li style=\"font-weight: 400;\">La rebeld\u00eda del demandado<br \/>\n5.1. Explicaci\u00f3n general<br \/>\n5.2. La tutela de los derechos del rebelde<\/li>\n<\/ol>\n<p style=\"font-weight: 400;\"><b><strong>CAP\u00cdTULO VI<\/strong><\/b><br \/>\n<b><strong>LA ADECUACI\u00d3N DEL PROCEDIMIENTO A LA ACCI\u00d3N QUE ES OBJETO DEL PROCESO<\/strong><\/b><\/p>\n<ol>\n<li style=\"font-weight: 400;\">Explicaci\u00f3n general<\/li>\n<li style=\"font-weight: 400;\">Clasificaci\u00f3n de los procedimientos<\/li>\n<li style=\"font-weight: 400;\">Proceso de declaraci\u00f3n y ejecutivos<\/li>\n<li style=\"font-weight: 400;\">La cuant\u00eda del litigio como factor de determinaci\u00f3n del procedimiento<\/li>\n<li style=\"font-weight: 400;\">La especial protecci\u00f3n para un determinado derecho o materia por su relevancia econ\u00f3mica o social<\/li>\n<li style=\"font-weight: 400;\">La creaci\u00f3n de estatutos de privilegio para un determinado grupo de justiciables<br \/>\n6.1. El Estado como parte<br \/>\n6.2. Los Minusv\u00e1lidos<br \/>\n6.3. Protecci\u00f3n de personas con capacidad disminuida<br \/>\n6.4. Los arrendatarios<br \/>\n6.5. La protecci\u00f3n de los pueblos originarios<br \/>\n6.5.1. Marco normativo<br \/>\n6.5.2. Soluciones particulares<\/li>\n<li style=\"font-weight: 400;\">Procesos singulares, universales y colectivos<br \/>\n7.1. Descripci\u00f3n general<br \/>\n7.2. El juicio de partici\u00f3n de bienes<br \/>\n7.3. La protecci\u00f3n de los consumidores como grupo<\/li>\n<li style=\"font-weight: 400;\">Procedimientos de lato conocimiento, sumarios y sumar\u00edsimos<\/li>\n<li style=\"font-weight: 400;\">El procedimiento sumario<br \/>\n9.1. Antecedentes hist\u00f3ricos<br \/>\n9.2. El juicio sumario ordinario o de aplicaci\u00f3n general<br \/>\n9.2.1. Caracter\u00edsticas del juicio sumario<br \/>\n9.2.2. Tramitaci\u00f3n del juicio sumario<br \/>\n9.2.3. La prueba en el juicio sumario<br \/>\n9.2.4. Otras cuestiones en la tramitaci\u00f3n del juicio sumario<\/li>\n<li style=\"font-weight: 400;\">El juicio de cuentas<br \/>\n10.1. Explicaci\u00f3n general<br \/>\n10.2. La legitimaci\u00f3n<br \/>\n10.3. Contenido del derecho de defensa del legitimado pasivo a rendir la cuenta<\/li>\n<li style=\"font-weight: 400;\">La tutela diferenciada del derecho<br \/>\n11.1. Los acuerdos extrajudiciales en libre competencia, como medida cautelar aut\u00f3noma<br \/>\n11.2. Los procesos monitorios<\/li>\n<\/ol>\n<p style=\"font-weight: 400;\"><b><strong>CAP\u00cdTULO VII<\/strong><\/b><br \/>\n<b><strong>EL PRESUPUESTO PROCESAL DEL AGOTAMIENTO DE LA V\u00cdA ADMINISTRATIVA PREVIA<\/strong><\/b><\/p>\n<ol>\n<li style=\"font-weight: 400;\">Explicaci\u00f3n preliminar<br \/>\n2. Su admisi\u00f3n en nuestro sistema<\/li>\n<\/ol>\n","protected":false},"excerpt":{"rendered":"<p>CAP\u00cdTULO I EL PROCESO COMO INSTRUMENTO DE LA FUNCI\u00d3N JURISDICCIONAL Explicaci\u00f3n general Delimitaci\u00f3n jur\u00eddica del proceso Las teor\u00edas contractualitas y cuasicontractualistas Las teor\u00edas procesales sobre la naturaleza del proceso 4.1. El proceso como una relaci\u00f3n jur\u00eddica 4.2. El proceso como una situaci\u00f3n jur\u00eddica 4.3. El proceso como instituci\u00f3n jur\u00eddica Derechos subjetivos, deberes y cargas Los deberes y poderes del juez en la relaci\u00f3n procesal 6.1. Explicaci\u00f3n general 6.2. La discrecionalidad judicial CAP\u00cdTULO II DEBIDO PROCESO PRINCIPIOS INFORMATIVOS Y REGLAS T\u00c9CNICAS Explicaci\u00f3n general El principio de la bilateralidad 2.1. Contenido b\u00e1sico 2.2. Situaciones que comprometen la bilateralidad El principio de la igualdad procesal 3.1. Contenido esencial 3.2. Medidas para garantizar la igualdad procesal 3.3. Los privilegios procesales El principio dispositivo 4.1. Explicaci\u00f3n general 4.2. Proyecciones del principio dispositivo 4.3. La voluntad de las partes en el proceso 4.4. Excepciones al principio dispositivo El principio de buena fe procesal 5.1. Explicaci\u00f3n te\u00f3rica 5.2. La protecci\u00f3n de la buena fe procesal El principio de preclusi\u00f3n procesal 6.1. Explicaci\u00f3n general 6.2. Reconocimiento jurisprudencial El principio de eventualidad El principio de econom\u00eda procesal El principio de inmediaci\u00f3n procesal El principio de publicidad CAP\u00cdTULO III EL PRESUPUESTO PROCESAL DE LA APTITUD FORMAL DE LA DEMANDA La demanda como acto procesal Requisitos formales de la demanda 2.1. Explicaci\u00f3n de la descripci\u00f3n de los hechos desde la teor\u00eda del discurso 2.2. La justificaci\u00f3n jur\u00eddica de la demanda 2.3. El principio del iura novt curiae 2.4. El petitorio de la demanda 2.5. Requisitos adjetivos de la demanda La admisibilidad de la demanda Defectos de que puede adolecer una demanda y los instrumentos para su control La prohibici\u00f3n de modificaci\u00f3n de la demanda El retiro y desistimiento de la demanda Contenido del derecho de defensa del demandado. Remisi\u00f3n Gestiones preparatorias prejudiciales para que la demanda sea eficaz 8.1. Las medidas prejudiciales o preliminares 8.2. Caracter\u00edsticas de las medidas prejudiciales 8.3. Sistematizaci\u00f3n general de las medidas 8.3.1. Las medidas prejudiciales preparatorias 8.3.2. Las medidas prejudiciales probatorias 8.4. Algunos problemas de la exhibici\u00f3n de documentos 8.5. Aspectos procesales de las medidas prejudiciales CAP\u00cdTULO IV LA ACUMULACI\u00d3N INICIAL DE ACCIONES Explicaci\u00f3n preliminar La demanda y acumulaci\u00f3n inicial de acciones 2.1. La pluralidad de acciones 2.2. La incompatibilidad entre las acciones 2.3. Que todas las acciones se tramiten en un mismo procedimiento Efectos de la acumulaci\u00f3n inicial simple La desacumulaci\u00f3n de acciones La acumulaci\u00f3n inicial condicional de acciones 5.1. Descripci\u00f3n general 5.2. La acumulaci\u00f3n eventual de acciones 5.2.1. Delimitaci\u00f3n de la figura 5.2.2. Utilidad pr\u00e1ctica 5.2.3. L\u00edmites de la acumulaci\u00f3n eventual 5.2.4. Acumulaci\u00f3n eventual y litisconsorcio voluntario 5.2.5. Aceptaci\u00f3n jurisprudencial 5.2.6. Efectos procesales de la acumulaci\u00f3n eventual 5.2.7. Acumulaci\u00f3n eventual y congruencia 5.3. La acumulaci\u00f3n sucesiva o accesoria 5.3.1. Explicaci\u00f3n general 5.3.2. Requisitos y efectos de la acumulaci\u00f3n sucesiva 5.3.3. Acumulaci\u00f3n sucesiva y litisconsorcio sucesivo 5.4. La acumulaci\u00f3n alternativa de acciones 5.4.1. Descripci\u00f3n de la instituci\u00f3n 5.4.2. Acumulaci\u00f3n alternativa y litisconsorcio 5.5. La indebida acumulaci\u00f3n de acciones 5.5.1. Delimitaci\u00f3n del fen\u00f3meno 5.5.2. El control de la indebida acumulaci\u00f3n de acciones CAP\u00cdTULO V EL EMPLAZAMIENTO LEGAL DEL DEMANDADO COMO PRESUPUESTO PROCESAL El emplazamiento legal del demandado Garant\u00edas procesales para practicar el emplazamiento La litispendencia 3.1. Sistemas de producci\u00f3n de este estado 3.2. Efectos de la litispendencia 3.3. Efectos materiales y procesales de la litispendencia 3.4. Efectos internos de la litispendencia 3.4.1. Efectos excluyentes de la litispendencia por identidad o por conexi\u00f3n 3.4.2. La vis atractiva entre procesos conexos o id\u00e9nticos Prejudicialidad civil y litispendencia La rebeld\u00eda del demandado 5.1. Explicaci\u00f3n general 5.2. La tutela de los derechos del rebelde CAP\u00cdTULO VI LA ADECUACI\u00d3N DEL PROCEDIMIENTO A LA ACCI\u00d3N QUE ES OBJETO DEL PROCESO Explicaci\u00f3n general Clasificaci\u00f3n de los procedimientos Proceso de declaraci\u00f3n y ejecutivos La cuant\u00eda del litigio como factor de determinaci\u00f3n del procedimiento La especial protecci\u00f3n para un determinado derecho o materia por su relevancia econ\u00f3mica o social La creaci\u00f3n de estatutos de privilegio para un determinado grupo de justiciables 6.1. El Estado como parte 6.2. Los Minusv\u00e1lidos 6.3. Protecci\u00f3n de personas con capacidad disminuida 6.4. Los arrendatarios 6.5. La protecci\u00f3n de los pueblos originarios 6.5.1. Marco normativo 6.5.2. Soluciones particulares Procesos singulares, universales y colectivos 7.1. Descripci\u00f3n general 7.2. El juicio de partici\u00f3n de bienes 7.3. La protecci\u00f3n de los consumidores como grupo Procedimientos de lato conocimiento, sumarios y sumar\u00edsimos El procedimiento sumario 9.1. Antecedentes hist\u00f3ricos 9.2. El juicio sumario ordinario o de aplicaci\u00f3n general 9.2.1. Caracter\u00edsticas del juicio sumario 9.2.2. Tramitaci\u00f3n del juicio sumario 9.2.3. La prueba en el juicio sumario 9.2.4. Otras cuestiones en la tramitaci\u00f3n del juicio sumario El juicio de cuentas 10.1. Explicaci\u00f3n general 10.2. La legitimaci\u00f3n 10.3. Contenido del derecho de defensa del legitimado pasivo a rendir la cuenta La tutela diferenciada del derecho 11.1. Los acuerdos extrajudiciales en libre competencia, como medida cautelar aut\u00f3noma 11.2. Los procesos monitorios CAP\u00cdTULO VII EL PRESUPUESTO PROCESAL DEL AGOTAMIENTO DE LA V\u00cdA ADMINISTRATIVA PREVIA Explicaci\u00f3n preliminar 2. Su admisi\u00f3n en nuestro sistema<\/p>\n","protected":false},"featured_media":3389,"comment_status":"open","ping_status":"closed","template":"","meta":{"inline_featured_image":false,"_joinchat":[]},"product_brand":[],"product_cat":[27,39],"product_tag":[],"class_list":{"0":"post-3347","1":"product","2":"type-product","3":"status-publish","4":"has-post-thumbnail","6":"product_cat-civil","7":"product_cat-procesal-civil","8":"product_shipping_class-a-convenir","10":"first","11":"instock","12":"shipping-taxable","13":"purchasable","14":"product-type-simple"},"_links":{"self":[{"href":"https:\/\/bibliotecajuridicavirtual.cl\/index.php\/wp-json\/wp\/v2\/product\/3347","targetHints":{"allow":["GET"]}}],"collection":[{"href":"https:\/\/bibliotecajuridicavirtual.cl\/index.php\/wp-json\/wp\/v2\/product"}],"about":[{"href":"https:\/\/bibliotecajuridicavirtual.cl\/index.php\/wp-json\/wp\/v2\/types\/product"}],"replies":[{"embeddable":true,"href":"https:\/\/bibliotecajuridicavirtual.cl\/index.php\/wp-json\/wp\/v2\/comments?post=3347"}],"wp:featuredmedia":[{"embeddable":true,"href":"https:\/\/bibliotecajuridicavirtual.cl\/index.php\/wp-json\/wp\/v2\/media\/3389"}],"wp:attachment":[{"href":"https:\/\/bibliotecajuridicavirtual.cl\/index.php\/wp-json\/wp\/v2\/media?parent=3347"}],"wp:term":[{"taxonomy":"product_brand","embeddable":true,"href":"https:\/\/bibliotecajuridicavirtual.cl\/index.php\/wp-json\/wp\/v2\/product_brand?post=3347"},{"taxonomy":"product_cat","embeddable":true,"href":"https:\/\/bibliotecajuridicavirtual.cl\/index.php\/wp-json\/wp\/v2\/product_cat?post=3347"},{"taxonomy":"product_tag","embeddable":true,"href":"https:\/\/bibliotecajuridicavirtual.cl\/index.php\/wp-json\/wp\/v2\/product_tag?post=3347"}],"curies":[{"name":"wp","href":"https:\/\/api.w.org\/{rel}","templated":true}]}}