{"id":3349,"date":"2026-02-28T01:12:29","date_gmt":"2026-02-28T04:12:29","guid":{"rendered":"https:\/\/bibliotecajuridicavirtual.cl\/?post_type=product&#038;p=3349"},"modified":"2026-02-28T01:13:24","modified_gmt":"2026-02-28T04:13:24","slug":"constitucion-politica-de-chile-2024-texto-actualizado-a-febrero-2024-ano-2024-184-pag-autor-editorial-tirant-lo-blanch","status":"publish","type":"product","link":"https:\/\/bibliotecajuridicavirtual.cl\/index.php\/product\/constitucion-politica-de-chile-2024-texto-actualizado-a-febrero-2024-ano-2024-184-pag-autor-editorial-tirant-lo-blanch\/","title":{"rendered":"Constituci\u00f3n Pol\u00edtica de Chile 2024 &#8211; Texto Actualizado a Febrero 2024 . A\u00f1o 2024\/184 P\u00e1g. Autor Editorial Tirant Lo Blanch"},"content":{"rendered":"<p><strong>Texto actualizado a febrero 2024<\/strong><\/p>\n<p>Este libro presenta el texto de la Constituci\u00f3n de Chile junto con las normas transitorias. Un libro corto de 184 paginas con un precio accesible que lo convierten en una opci\u00f3n ideal para cualquier persona (Personas que no sean abogados) que deseen tener una copia de la Constituci\u00f3n de Chile en su casa.<\/p>\n<p>Adem\u00e1s, est\u00e1 especialmente dirigido a estudiantes de \u00faltimos a\u00f1os de la secundaria, quienes necesitan familiarizarse con este importante documento para su formaci\u00f3n acad\u00e9mica.<\/p>\n<p>\u00cdndice<br \/>\nConstituci\u00f3n Pol\u00edtica de la Rep\u00fablica de Chile<br \/>\nCap\u00edtulo I. BASES DE LA INSTITUCIONALIDAD\u00a0\u00a0 \u00a0\u00a0\u00a0 \u00a09<br \/>\nCap\u00edtulo II. NACIONALIDAD Y CIUDADAN\u00cdA\u00a0\u00a0 \u00a0\u00a0\u00a0 \u00a012<br \/>\nCap\u00edtulo III. DE LOS DERECHOS Y DEBERES CONSTITUCIONALES\u00a0\u00a0 \u00a0\u00a0\u00a0 \u00a015<br \/>\nCap\u00edtulo IV. GOBIERNO\u00a0\u00a0 \u00a0\u00a0\u00a0 \u00a030<br \/>\nPresidente de la Rep\u00fablica\u00a0\u00a0 \u00a0\u00a0\u00a0 \u00a030<br \/>\nMinistros de Estado\u00a0\u00a0 \u00a0\u00a0\u00a0 \u00a038<br \/>\nBases generales de la Administraci\u00f3n del Estado\u00a0\u00a0 \u00a0\u00a0\u00a0 \u00a039<br \/>\nEstados de excepci\u00f3n constitucional\u00a0\u00a0 \u00a0\u00a0\u00a0 \u00a040<br \/>\nCap\u00edtulo V. CONGRESO NACIONAL\u00a0\u00a0 \u00a0\u00a0\u00a0 \u00a044<br \/>\nComposici\u00f3n y generaci\u00f3n de la C\u00e1mara de Diputados y del Senado\u00a0\u00a0 \u00a0\u00a0\u00a0 \u00a044<br \/>\nAtribuciones exclusivas de la C\u00e1mara de Diputados\u00a0\u00a0 \u00a0\u00a0\u00a0 \u00a046<br \/>\nAtribuciones exclusivas del Senado\u00a0\u00a0 \u00a0\u00a0\u00a0 \u00a048<br \/>\nAtribuciones exclusivas del Congreso\u00a0\u00a0 \u00a0\u00a0\u00a0 \u00a050<br \/>\nFuncionamiento del Congreso\u00a0\u00a0 \u00a0\u00a0\u00a0 \u00a052<br \/>\nNormas comunes para los diputados y senadores\u00a0\u00a0 \u00a0\u00a0\u00a0 \u00a052<br \/>\nMaterias de Ley\u00a0\u00a0 \u00a0\u00a0\u00a0 \u00a056<br \/>\nFormaci\u00f3n de la ley\u00a0\u00a0 \u00a0\u00a0\u00a0 \u00a059<br \/>\nCap\u00edtulo VI. PODER JUDICIAL\u00a0\u00a0 \u00a0\u00a0\u00a0 \u00a064<br \/>\nCap\u00edtulo VII. MINISTERIO P\u00daBLICO\u00a0\u00a0 \u00a0\u00a0\u00a0 \u00a068<br \/>\nCap\u00edtulo VIII. TRIBUNAL CONSTITUCIONAL\u00a0\u00a0 \u00a0\u00a0\u00a0 \u00a073<br \/>\nCap\u00edtulo IX. SERVICIO ELECTORAL Y JUSTICIA ELECTORAL\u00a0\u00a0 \u00a0\u00a0\u00a0 \u00a079<br \/>\nCap\u00edtulo X. CONTRALOR\u00cdA GENERAL DE LA REP\u00daBLICA\u00a0\u00a0 \u00a0\u00a0\u00a0 \u00a081<br \/>\nCap\u00edtulo XI. FUERZAS ARMADAS, DE ORDEN Y SEGURIDAD P\u00daBLICA\u00a0\u00a0 \u00a0\u00a0\u00a0 \u00a083<br \/>\nCap\u00edtulo XII. CONSEJO DE SEGURIDAD NACIONAL\u00a0\u00a0 \u00a0\u00a0\u00a0 \u00a085<br \/>\nCap\u00edtulo XIII. BANCO CENTRAL\u00a0\u00a0 \u00a0\u00a0\u00a0 \u00a085<br \/>\nCap\u00edtulo XIV. GOBIERNO Y ADMINISTRACI\u00d3N INTERIOR DEL ESTADO\u00a0\u00a0 \u00a0\u00a0\u00a0 \u00a086<br \/>\nGobierno y Administraci\u00f3n Regional\u00a0\u00a0 \u00a0\u00a0\u00a0 \u00a087<br \/>\nGobierno y Administraci\u00f3n Provincial\u00a0\u00a0 \u00a0\u00a0\u00a0 \u00a091<br \/>\nAdministraci\u00f3n Comunal\u00a0\u00a0 \u00a0\u00a0\u00a0 \u00a091<br \/>\nDisposiciones Generales\u00a0\u00a0 \u00a0\u00a0\u00a0 \u00a094<br \/>\nDisposiciones Especiales\u00a0\u00a0 \u00a0\u00a0\u00a0 \u00a096<br \/>\nCap\u00edtulo XV. REFORMA DE LA CONSTITUCI\u00d3N Y DEL PROCEDIMIENTO PARA ELABORAR UNA NUEVA CONSTITUCI\u00d3N DE LA REP\u00daBLICA\u00a0\u00a0 \u00a0\u00a0\u00a0 \u00a097<br \/>\nDel procedimiento para elaborar una nueva constituci\u00f3n pol\u00edtica de la rep\u00fablica\u00a0\u00a0 \u00a0\u00a0\u00a0 \u00a098<br \/>\nDEL NUEVO PROCEDIMIENTO PARA ELABORAR UNA CONSTITUCI\u00d3N POL\u00cdTICA DE LA REP\u00daBLICA\u00a0\u00a0 \u00a0\u00a0\u00a0 \u00a0111<br \/>\nDel Consejo Constitucional\u00a0\u00a0 \u00a0\u00a0\u00a0 \u00a0111<br \/>\nDe la Comisi\u00f3n Experta\u00a0\u00a0 \u00a0\u00a0\u00a0 \u00a0119<br \/>\nDel Comit\u00e9 T\u00e9cnico de Admisibilidad\u00a0\u00a0 \u00a0\u00a0\u00a0 \u00a0120<br \/>\nReglas aplicables a los integrantes del Consejo Constitucional, Comisi\u00f3n Experta y Comit\u00e9 T\u00e9cnico de Admisibilidad\u00a0\u00a0 \u00a0\u00a0\u00a0 \u00a0120<br \/>\nDel procedimiento\u00a0\u00a0 \u00a0\u00a0\u00a0 \u00a0122<br \/>\nDel requerimiento ante el Comit\u00e9 T\u00e9cnico de Admisibilidad\u00a0\u00a0 \u00a0\u00a0\u00a0 \u00a0126<br \/>\nDel funcionamiento y disoluci\u00f3n del Consejo Constitucional, la Comisi\u00f3n Experta y el Comit\u00e9 T\u00e9cnico de Admisibilidad\u00a0\u00a0 \u00a0\u00a0\u00a0 \u00a0128<br \/>\nDel plebiscito constitucional\u00a0\u00a0 \u00a0\u00a0\u00a0 \u00a0129<br \/>\nDISPOSICIONES TRANSITORIAS\u00a0\u00a0 \u00a0\u00a0\u00a0 \u00a0133<\/p>\n","protected":false},"excerpt":{"rendered":"<p>Texto actualizado a febrero 2024 Este libro presenta el texto de la Constituci\u00f3n de Chile junto con las normas transitorias. Un libro corto de 184 paginas con un precio accesible que lo convierten en una opci\u00f3n ideal para cualquier persona (Personas que no sean abogados) que deseen tener una copia de la Constituci\u00f3n de Chile en su casa. Adem\u00e1s, est\u00e1 especialmente dirigido a estudiantes de \u00faltimos a\u00f1os de la secundaria, quienes necesitan familiarizarse con este importante documento para su formaci\u00f3n acad\u00e9mica. \u00cdndice Constituci\u00f3n Pol\u00edtica de la Rep\u00fablica de Chile Cap\u00edtulo I. BASES DE LA INSTITUCIONALIDAD\u00a0\u00a0 \u00a0\u00a0\u00a0 \u00a09 Cap\u00edtulo II. NACIONALIDAD Y CIUDADAN\u00cdA\u00a0\u00a0 \u00a0\u00a0\u00a0 \u00a012 Cap\u00edtulo III. DE LOS DERECHOS Y DEBERES CONSTITUCIONALES\u00a0\u00a0 \u00a0\u00a0\u00a0 \u00a015 Cap\u00edtulo IV. GOBIERNO\u00a0\u00a0 \u00a0\u00a0\u00a0 \u00a030 Presidente de la Rep\u00fablica\u00a0\u00a0 \u00a0\u00a0\u00a0 \u00a030 Ministros de Estado\u00a0\u00a0 \u00a0\u00a0\u00a0 \u00a038 Bases generales de la Administraci\u00f3n del Estado\u00a0\u00a0 \u00a0\u00a0\u00a0 \u00a039 Estados de excepci\u00f3n constitucional\u00a0\u00a0 \u00a0\u00a0\u00a0 \u00a040 Cap\u00edtulo V. CONGRESO NACIONAL\u00a0\u00a0 \u00a0\u00a0\u00a0 \u00a044 Composici\u00f3n y generaci\u00f3n de la C\u00e1mara de Diputados y del Senado\u00a0\u00a0 \u00a0\u00a0\u00a0 \u00a044 Atribuciones exclusivas de la C\u00e1mara de Diputados\u00a0\u00a0 \u00a0\u00a0\u00a0 \u00a046 Atribuciones exclusivas del Senado\u00a0\u00a0 \u00a0\u00a0\u00a0 \u00a048 Atribuciones exclusivas del Congreso\u00a0\u00a0 \u00a0\u00a0\u00a0 \u00a050 Funcionamiento del Congreso\u00a0\u00a0 \u00a0\u00a0\u00a0 \u00a052 Normas comunes para los diputados y senadores\u00a0\u00a0 \u00a0\u00a0\u00a0 \u00a052 Materias de Ley\u00a0\u00a0 \u00a0\u00a0\u00a0 \u00a056 Formaci\u00f3n de la ley\u00a0\u00a0 \u00a0\u00a0\u00a0 \u00a059 Cap\u00edtulo VI. PODER JUDICIAL\u00a0\u00a0 \u00a0\u00a0\u00a0 \u00a064 Cap\u00edtulo VII. MINISTERIO P\u00daBLICO\u00a0\u00a0 \u00a0\u00a0\u00a0 \u00a068 Cap\u00edtulo VIII. TRIBUNAL CONSTITUCIONAL\u00a0\u00a0 \u00a0\u00a0\u00a0 \u00a073 Cap\u00edtulo IX. SERVICIO ELECTORAL Y JUSTICIA ELECTORAL\u00a0\u00a0 \u00a0\u00a0\u00a0 \u00a079 Cap\u00edtulo X. CONTRALOR\u00cdA GENERAL DE LA REP\u00daBLICA\u00a0\u00a0 \u00a0\u00a0\u00a0 \u00a081 Cap\u00edtulo XI. FUERZAS ARMADAS, DE ORDEN Y SEGURIDAD P\u00daBLICA\u00a0\u00a0 \u00a0\u00a0\u00a0 \u00a083 Cap\u00edtulo XII. CONSEJO DE SEGURIDAD NACIONAL\u00a0\u00a0 \u00a0\u00a0\u00a0 \u00a085 Cap\u00edtulo XIII. BANCO CENTRAL\u00a0\u00a0 \u00a0\u00a0\u00a0 \u00a085 Cap\u00edtulo XIV. GOBIERNO Y ADMINISTRACI\u00d3N INTERIOR DEL ESTADO\u00a0\u00a0 \u00a0\u00a0\u00a0 \u00a086 Gobierno y Administraci\u00f3n Regional\u00a0\u00a0 \u00a0\u00a0\u00a0 \u00a087 Gobierno y Administraci\u00f3n Provincial\u00a0\u00a0 \u00a0\u00a0\u00a0 \u00a091 Administraci\u00f3n Comunal\u00a0\u00a0 \u00a0\u00a0\u00a0 \u00a091 Disposiciones Generales\u00a0\u00a0 \u00a0\u00a0\u00a0 \u00a094 Disposiciones Especiales\u00a0\u00a0 \u00a0\u00a0\u00a0 \u00a096 Cap\u00edtulo XV. REFORMA DE LA CONSTITUCI\u00d3N Y DEL PROCEDIMIENTO PARA ELABORAR UNA NUEVA CONSTITUCI\u00d3N DE LA REP\u00daBLICA\u00a0\u00a0 \u00a0\u00a0\u00a0 \u00a097 Del procedimiento para elaborar una nueva constituci\u00f3n pol\u00edtica de la rep\u00fablica\u00a0\u00a0 \u00a0\u00a0\u00a0 \u00a098 DEL NUEVO PROCEDIMIENTO PARA ELABORAR UNA CONSTITUCI\u00d3N POL\u00cdTICA DE LA REP\u00daBLICA\u00a0\u00a0 \u00a0\u00a0\u00a0 \u00a0111 Del Consejo Constitucional\u00a0\u00a0 \u00a0\u00a0\u00a0 \u00a0111 De la Comisi\u00f3n Experta\u00a0\u00a0 \u00a0\u00a0\u00a0 \u00a0119 Del Comit\u00e9 T\u00e9cnico de Admisibilidad\u00a0\u00a0 \u00a0\u00a0\u00a0 \u00a0120 Reglas aplicables a los integrantes del Consejo Constitucional, Comisi\u00f3n Experta y Comit\u00e9 T\u00e9cnico de Admisibilidad\u00a0\u00a0 \u00a0\u00a0\u00a0 \u00a0120 Del procedimiento\u00a0\u00a0 \u00a0\u00a0\u00a0 \u00a0122 Del requerimiento ante el Comit\u00e9 T\u00e9cnico de Admisibilidad\u00a0\u00a0 \u00a0\u00a0\u00a0 \u00a0126 Del funcionamiento y disoluci\u00f3n del Consejo Constitucional, la Comisi\u00f3n Experta y el Comit\u00e9 T\u00e9cnico de Admisibilidad\u00a0\u00a0 \u00a0\u00a0\u00a0 \u00a0128 Del plebiscito constitucional\u00a0\u00a0 \u00a0\u00a0\u00a0 \u00a0129 DISPOSICIONES TRANSITORIAS\u00a0\u00a0 \u00a0\u00a0\u00a0 \u00a0133<\/p>\n","protected":false},"featured_media":3401,"comment_status":"open","ping_status":"closed","template":"","meta":{"inline_featured_image":false,"_joinchat":[]},"product_brand":[],"product_cat":[33],"product_tag":[],"class_list":{"0":"post-3349","1":"product","2":"type-product","3":"status-publish","4":"has-post-thumbnail","6":"product_cat-constitucional","7":"product_shipping_class-a-convenir","9":"first","10":"instock","11":"shipping-taxable","12":"purchasable","13":"product-type-simple"},"_links":{"self":[{"href":"https:\/\/bibliotecajuridicavirtual.cl\/index.php\/wp-json\/wp\/v2\/product\/3349","targetHints":{"allow":["GET"]}}],"collection":[{"href":"https:\/\/bibliotecajuridicavirtual.cl\/index.php\/wp-json\/wp\/v2\/product"}],"about":[{"href":"https:\/\/bibliotecajuridicavirtual.cl\/index.php\/wp-json\/wp\/v2\/types\/product"}],"replies":[{"embeddable":true,"href":"https:\/\/bibliotecajuridicavirtual.cl\/index.php\/wp-json\/wp\/v2\/comments?post=3349"}],"wp:featuredmedia":[{"embeddable":true,"href":"https:\/\/bibliotecajuridicavirtual.cl\/index.php\/wp-json\/wp\/v2\/media\/3401"}],"wp:attachment":[{"href":"https:\/\/bibliotecajuridicavirtual.cl\/index.php\/wp-json\/wp\/v2\/media?parent=3349"}],"wp:term":[{"taxonomy":"product_brand","embeddable":true,"href":"https:\/\/bibliotecajuridicavirtual.cl\/index.php\/wp-json\/wp\/v2\/product_brand?post=3349"},{"taxonomy":"product_cat","embeddable":true,"href":"https:\/\/bibliotecajuridicavirtual.cl\/index.php\/wp-json\/wp\/v2\/product_cat?post=3349"},{"taxonomy":"product_tag","embeddable":true,"href":"https:\/\/bibliotecajuridicavirtual.cl\/index.php\/wp-json\/wp\/v2\/product_tag?post=3349"}],"curies":[{"name":"wp","href":"https:\/\/api.w.org\/{rel}","templated":true}]}}