{"id":3352,"date":"2026-02-28T01:12:29","date_gmt":"2026-02-28T04:12:29","guid":{"rendered":"https:\/\/bibliotecajuridicavirtual.cl\/?post_type=product&#038;p=3352"},"modified":"2026-02-28T01:13:26","modified_gmt":"2026-02-28T04:13:26","slug":"estudios-sobre-el-sistema-tributario-chileno-la-ordenacion-de-los-tributos-nacionales-regionales-y-locales-ano-abril-2024-698-pag-autor-fundacion-de-estudios-sistemicos-tributarios","status":"publish","type":"product","link":"https:\/\/bibliotecajuridicavirtual.cl\/index.php\/product\/estudios-sobre-el-sistema-tributario-chileno-la-ordenacion-de-los-tributos-nacionales-regionales-y-locales-ano-abril-2024-698-pag-autor-fundacion-de-estudios-sistemicos-tributarios\/","title":{"rendered":"Estudios sobre el sistema tributario chileno. La ordenaci\u00f3n de los tributos nacionales, regionales y locales. A\u00f1o Abril 2024\/ 698 P\u00e1g. Autor  Fundaci\u00f3n de Estudios Sist\u00e9micos Tributarios"},"content":{"rendered":"<p>Un sistema tributario puede ser entendido como la ordenaci\u00f3n de los tributos nacionales, regionales y locales, conforme a criterios de razonabilidad, certeza, coherencia, simplicidad y justicia tributaria. Este es el entendimiento al que adscribe la Fundaci\u00f3n de estudios sist\u00e9micos tributarios (FESIT) y el que inspira los contenidos de este libro. Esta obra colectiva, partiendo de la premisa de que nuestro ordenamiento tributario no cumple con tales criterios, analiza cr\u00edtica y propositivamente una serie de materias que debiesen ser esenciales para transitar hacia un aut\u00e9ntico sistema tributario. Son muchos m\u00e1s los temas que podr\u00edan haber sido abordados, sin embargo, consideramos que las materias estudiadas ser\u00e1n importantes para intentar mejorar la estructura y funcionamiento de nuestro sistema tributario. El lector encontrar\u00e1 en este libro reflexiones sobre temas de Derecho tributario sustantivo y formal: principios constitucionales tributarios, integraci\u00f3n o desintegraci\u00f3n del sistema tributario, Defensor\u00eda del contribuyente, Impuesto a las emisiones de fuente fija e Impuesto a los combustibles, royalty minero, descentralizaci\u00f3n financiera y fiscal, combate a la elusi\u00f3n y evasi\u00f3n tributaria, norma general antielusiva, informalidad tributaria, inter\u00e9s penal tributario, rentas presuntas, tributaci\u00f3n de las ganancias de capital en la enajenaci\u00f3n de acciones de sociedades con cotizaci\u00f3n burs\u00e1til, r\u00e9gimen tributario de los fondos de inversi\u00f3n y jurisdicci\u00f3n tributaria.<\/p>\n","protected":false},"excerpt":{"rendered":"<p>Un sistema tributario puede ser entendido como la ordenaci\u00f3n de los tributos nacionales, regionales y locales, conforme a criterios de razonabilidad, certeza, coherencia, simplicidad y justicia tributaria. Este es el entendimiento al que adscribe la Fundaci\u00f3n de estudios sist\u00e9micos tributarios (FESIT) y el que inspira los contenidos de este libro. Esta obra colectiva, partiendo de la premisa de que nuestro ordenamiento tributario no cumple con tales criterios, analiza cr\u00edtica y propositivamente una serie de materias que debiesen ser esenciales para transitar hacia un aut\u00e9ntico sistema tributario. Son muchos m\u00e1s los temas que podr\u00edan haber sido abordados, sin embargo, consideramos que las materias estudiadas ser\u00e1n importantes para intentar mejorar la estructura y funcionamiento de nuestro sistema tributario. El lector encontrar\u00e1 en este libro reflexiones sobre temas de Derecho tributario sustantivo y formal: principios constitucionales tributarios, integraci\u00f3n o desintegraci\u00f3n del sistema tributario, Defensor\u00eda del contribuyente, Impuesto a las emisiones de fuente fija e Impuesto a los combustibles, royalty minero, descentralizaci\u00f3n financiera y fiscal, combate a la elusi\u00f3n y evasi\u00f3n tributaria, norma general antielusiva, informalidad tributaria, inter\u00e9s penal tributario, rentas presuntas, tributaci\u00f3n de las ganancias de capital en la enajenaci\u00f3n de acciones de sociedades con cotizaci\u00f3n burs\u00e1til, r\u00e9gimen tributario de los fondos de inversi\u00f3n y jurisdicci\u00f3n tributaria.<\/p>\n","protected":false},"featured_media":3404,"comment_status":"open","ping_status":"closed","template":"","meta":{"inline_featured_image":false,"_joinchat":[]},"product_brand":[],"product_cat":[28],"product_tag":[],"class_list":{"0":"post-3352","1":"product","2":"type-product","3":"status-publish","4":"has-post-thumbnail","6":"product_cat-tributario","7":"product_shipping_class-a-convenir","9":"first","10":"instock","11":"shipping-taxable","12":"purchasable","13":"product-type-simple"},"_links":{"self":[{"href":"https:\/\/bibliotecajuridicavirtual.cl\/index.php\/wp-json\/wp\/v2\/product\/3352","targetHints":{"allow":["GET"]}}],"collection":[{"href":"https:\/\/bibliotecajuridicavirtual.cl\/index.php\/wp-json\/wp\/v2\/product"}],"about":[{"href":"https:\/\/bibliotecajuridicavirtual.cl\/index.php\/wp-json\/wp\/v2\/types\/product"}],"replies":[{"embeddable":true,"href":"https:\/\/bibliotecajuridicavirtual.cl\/index.php\/wp-json\/wp\/v2\/comments?post=3352"}],"wp:featuredmedia":[{"embeddable":true,"href":"https:\/\/bibliotecajuridicavirtual.cl\/index.php\/wp-json\/wp\/v2\/media\/3404"}],"wp:attachment":[{"href":"https:\/\/bibliotecajuridicavirtual.cl\/index.php\/wp-json\/wp\/v2\/media?parent=3352"}],"wp:term":[{"taxonomy":"product_brand","embeddable":true,"href":"https:\/\/bibliotecajuridicavirtual.cl\/index.php\/wp-json\/wp\/v2\/product_brand?post=3352"},{"taxonomy":"product_cat","embeddable":true,"href":"https:\/\/bibliotecajuridicavirtual.cl\/index.php\/wp-json\/wp\/v2\/product_cat?post=3352"},{"taxonomy":"product_tag","embeddable":true,"href":"https:\/\/bibliotecajuridicavirtual.cl\/index.php\/wp-json\/wp\/v2\/product_tag?post=3352"}],"curies":[{"name":"wp","href":"https:\/\/api.w.org\/{rel}","templated":true}]}}