{"id":3353,"date":"2026-02-28T01:12:29","date_gmt":"2026-02-28T04:12:29","guid":{"rendered":"https:\/\/bibliotecajuridicavirtual.cl\/?post_type=product&#038;p=3353"},"modified":"2026-02-28T01:13:27","modified_gmt":"2026-02-28T04:13:27","slug":"derechos-de-las-personas-mayores-ano-marzo-2024-230-pag-autor-jessica-arenas-paredes","status":"publish","type":"product","link":"https:\/\/bibliotecajuridicavirtual.cl\/index.php\/product\/derechos-de-las-personas-mayores-ano-marzo-2024-230-pag-autor-jessica-arenas-paredes\/","title":{"rendered":"Derechos de las Personas Mayores. A\u00f1o Marzo 2024\/ 230 P\u00e1g. Autor  Jessica Arenas Paredes"},"content":{"rendered":"<p style=\"font-weight: 400;\">En una etapa de nuestra historia en la que el n\u00famero de personas mayores \u2013en muchas regiones del mundo\u2013 superan a los menores de edad, esta obra viene a tratar el envejecimiento como un fen\u00f3meno natural en el desarrollo de la persona humana y la vejez como una noci\u00f3n sociocultural que nos da cuenta del rol que se les asigna a quienes se encuentran en esta categor\u00eda etaria.<\/p>\n<p style=\"font-weight: 400;\">Asimismo, concibe a la persona mayor como sujeto de derechos fundamentales que, en el \u00e1mbito interamericano, se encuentran expresamente reconocidos en la Convenci\u00f3n sobre la Protecci\u00f3n de los Derechos Humanos de las Personas Mayores ratificada por Chile.<\/p>\n<p style=\"font-weight: 400;\">Estos contenidos permiten el an\u00e1lisis de la legislaci\u00f3n y pol\u00edticas p\u00fablicas que el Estado de Chile ha adoptado en esta materia, a la vez que favorecer\u00e1 las buenas pr\u00e1cticas para que permitan a los operadores judiciales concretar los fines de la Convenci\u00f3n y facilitar el acceso a la justica de las personas mayores.<\/p>\n<p style=\"font-weight: 400;\">De esta forma, se procura sensibilizar al lector con el fen\u00f3meno del envejecimiento y facilitar su comprensi\u00f3n a la luz de los derechos fundamentales que le han sido reconocidos por el ordenamiento jur\u00eddico internacional.<\/p>\n","protected":false},"excerpt":{"rendered":"<p>En una etapa de nuestra historia en la que el n\u00famero de personas mayores \u2013en muchas regiones del mundo\u2013 superan a los menores de edad, esta obra viene a tratar el envejecimiento como un fen\u00f3meno natural en el desarrollo de la persona humana y la vejez como una noci\u00f3n sociocultural que nos da cuenta del rol que se les asigna a quienes se encuentran en esta categor\u00eda etaria. Asimismo, concibe a la persona mayor como sujeto de derechos fundamentales que, en el \u00e1mbito interamericano, se encuentran expresamente reconocidos en la Convenci\u00f3n sobre la Protecci\u00f3n de los Derechos Humanos de las Personas Mayores ratificada por Chile. Estos contenidos permiten el an\u00e1lisis de la legislaci\u00f3n y pol\u00edticas p\u00fablicas que el Estado de Chile ha adoptado en esta materia, a la vez que favorecer\u00e1 las buenas pr\u00e1cticas para que permitan a los operadores judiciales concretar los fines de la Convenci\u00f3n y facilitar el acceso a la justica de las personas mayores. De esta forma, se procura sensibilizar al lector con el fen\u00f3meno del envejecimiento y facilitar su comprensi\u00f3n a la luz de los derechos fundamentales que le han sido reconocidos por el ordenamiento jur\u00eddico internacional.<\/p>\n","protected":false},"featured_media":3405,"comment_status":"open","ping_status":"closed","template":"","meta":{"inline_featured_image":false,"_joinchat":[]},"product_brand":[],"product_cat":[38,29],"product_tag":[],"class_list":{"0":"post-3353","1":"product","2":"type-product","3":"status-publish","4":"has-post-thumbnail","6":"product_cat-editorial-der-ediciones","7":"product_cat-familia-y-del-menor","8":"product_shipping_class-a-convenir","10":"first","11":"instock","12":"shipping-taxable","13":"purchasable","14":"product-type-simple"},"_links":{"self":[{"href":"https:\/\/bibliotecajuridicavirtual.cl\/index.php\/wp-json\/wp\/v2\/product\/3353","targetHints":{"allow":["GET"]}}],"collection":[{"href":"https:\/\/bibliotecajuridicavirtual.cl\/index.php\/wp-json\/wp\/v2\/product"}],"about":[{"href":"https:\/\/bibliotecajuridicavirtual.cl\/index.php\/wp-json\/wp\/v2\/types\/product"}],"replies":[{"embeddable":true,"href":"https:\/\/bibliotecajuridicavirtual.cl\/index.php\/wp-json\/wp\/v2\/comments?post=3353"}],"wp:featuredmedia":[{"embeddable":true,"href":"https:\/\/bibliotecajuridicavirtual.cl\/index.php\/wp-json\/wp\/v2\/media\/3405"}],"wp:attachment":[{"href":"https:\/\/bibliotecajuridicavirtual.cl\/index.php\/wp-json\/wp\/v2\/media?parent=3353"}],"wp:term":[{"taxonomy":"product_brand","embeddable":true,"href":"https:\/\/bibliotecajuridicavirtual.cl\/index.php\/wp-json\/wp\/v2\/product_brand?post=3353"},{"taxonomy":"product_cat","embeddable":true,"href":"https:\/\/bibliotecajuridicavirtual.cl\/index.php\/wp-json\/wp\/v2\/product_cat?post=3353"},{"taxonomy":"product_tag","embeddable":true,"href":"https:\/\/bibliotecajuridicavirtual.cl\/index.php\/wp-json\/wp\/v2\/product_tag?post=3353"}],"curies":[{"name":"wp","href":"https:\/\/api.w.org\/{rel}","templated":true}]}}