{"id":3354,"date":"2026-02-28T01:12:29","date_gmt":"2026-02-28T04:12:29","guid":{"rendered":"https:\/\/bibliotecajuridicavirtual.cl\/?post_type=product&#038;p=3354"},"modified":"2026-02-28T01:13:28","modified_gmt":"2026-02-28T04:13:28","slug":"manual-de-derecho-de-familia-tercera-edicion-actualizada-ano-abril-2024-594-pag-autor-maria-sara-rodriguez-pinto","status":"publish","type":"product","link":"https:\/\/bibliotecajuridicavirtual.cl\/index.php\/product\/manual-de-derecho-de-familia-tercera-edicion-actualizada-ano-abril-2024-594-pag-autor-maria-sara-rodriguez-pinto\/","title":{"rendered":"Manual de Derecho de Familia &#8211; Tercera Edici\u00f3n Actualizada . A\u00f1o Abril 2024\/ 594 P\u00e1g. Autor  Mar\u00eda Sara Rodr\u00edguez Pinto"},"content":{"rendered":"<p style=\"font-weight: 400;\">Siguiendo la l\u00ednea de ediciones anteriores, la autora re\u00fane en un solo libro todas las materias relacionadas con el derecho de familia, puesto al d\u00eda con sus reformas.<\/p>\n<p style=\"font-weight: 400;\">La parte general ofrece un an\u00e1lisis de contexto y de fuentes del derecho de familia. A continuaci\u00f3n, se estudia el parentesco entre personas y las relaciones de familia; adem\u00e1s las funciones del Registro Civil, con relaci\u00f3n a ellas. Las consecuencias jur\u00eddicas inmediatas de estas en los alimentos y en las guardas. En la segunda parte del libro se estudia el derecho matrimonial chileno desde su punto de partida, el matrimonio en s\u00ed mismo. La forma en que es reconocido por las leyes chilenas, especialmente por la Ley N\u00b019.947, de 2004, y por la Ley N\u00b021.400, de 2021. Se estudia la vida matrimonial hasta la disoluci\u00f3n del v\u00ednculo por la muerte. Las crisis conyugales y las normas comunes a todas ellas. La separaci\u00f3n de los c\u00f3nyuges. La nulidad del matrimonio. El divorcio.<\/p>\n<p style=\"font-weight: 400;\">La tercera parte aborda la filiaci\u00f3n. Las formas de determinaci\u00f3n de la filiaci\u00f3n a partir del hecho de la generaci\u00f3n y del parto. La filiaci\u00f3n por t\u00e9cnicas de reproducci\u00f3n asistida. La adopci\u00f3n. Termina esta secci\u00f3n con un estudio de los efectos personales y patrimoniales de la filiaci\u00f3n.<\/p>\n<p style=\"font-weight: 400;\">La \u00faltima parte es el estudio de los reg\u00edmenes matrimoniales. La sociedad conyugal como r\u00e9gimen legal. Su coexistencia con el patrimonio reservado de la mujer casada en este r\u00e9gimen y con eventuales patrimonios especiales. La separaci\u00f3n de bienes. El r\u00e9gimen del matrimonio contra\u00eddo en el extranjero. El r\u00e9gimen de participaci\u00f3n en los gananciales. Los bienes familiares.<\/p>\n<p style=\"font-weight: 400;\">Los dos \u00faltimos cap\u00edtulos est\u00e1n destinados a los efectos que se reconocen o podr\u00edan reconocerse a las uniones no matrimoniales, formalizadas o no. Se ofrece, por \u00faltimo, un tratamiento sistem\u00e1tico y completo de la Ley N\u00b020.830, de 2015, sobre acuerdo de uni\u00f3n civil, destacando sus conexiones con todas las tem\u00e1ticas anteriores.<\/p>\n<p style=\"font-weight: 400;\">Usando una sistem\u00e1tica renovada, el libro tiene una finalidad did\u00e1ctica. Se ofrece como instrumento para la ense\u00f1anza del derecho de familia en programas acad\u00e9micos de pre y posgrado, de la especialidad jur\u00eddica y tambi\u00e9n para las profesiones de apoyo a la familia.<\/p>\n","protected":false},"excerpt":{"rendered":"<p>Siguiendo la l\u00ednea de ediciones anteriores, la autora re\u00fane en un solo libro todas las materias relacionadas con el derecho de familia, puesto al d\u00eda con sus reformas. La parte general ofrece un an\u00e1lisis de contexto y de fuentes del derecho de familia. A continuaci\u00f3n, se estudia el parentesco entre personas y las relaciones de familia; adem\u00e1s las funciones del Registro Civil, con relaci\u00f3n a ellas. Las consecuencias jur\u00eddicas inmediatas de estas en los alimentos y en las guardas. En la segunda parte del libro se estudia el derecho matrimonial chileno desde su punto de partida, el matrimonio en s\u00ed mismo. La forma en que es reconocido por las leyes chilenas, especialmente por la Ley N\u00b019.947, de 2004, y por la Ley N\u00b021.400, de 2021. Se estudia la vida matrimonial hasta la disoluci\u00f3n del v\u00ednculo por la muerte. Las crisis conyugales y las normas comunes a todas ellas. La separaci\u00f3n de los c\u00f3nyuges. La nulidad del matrimonio. El divorcio. La tercera parte aborda la filiaci\u00f3n. Las formas de determinaci\u00f3n de la filiaci\u00f3n a partir del hecho de la generaci\u00f3n y del parto. La filiaci\u00f3n por t\u00e9cnicas de reproducci\u00f3n asistida. La adopci\u00f3n. Termina esta secci\u00f3n con un estudio de los efectos personales y patrimoniales de la filiaci\u00f3n. La \u00faltima parte es el estudio de los reg\u00edmenes matrimoniales. La sociedad conyugal como r\u00e9gimen legal. Su coexistencia con el patrimonio reservado de la mujer casada en este r\u00e9gimen y con eventuales patrimonios especiales. La separaci\u00f3n de bienes. El r\u00e9gimen del matrimonio contra\u00eddo en el extranjero. El r\u00e9gimen de participaci\u00f3n en los gananciales. Los bienes familiares. Los dos \u00faltimos cap\u00edtulos est\u00e1n destinados a los efectos que se reconocen o podr\u00edan reconocerse a las uniones no matrimoniales, formalizadas o no. Se ofrece, por \u00faltimo, un tratamiento sistem\u00e1tico y completo de la Ley N\u00b020.830, de 2015, sobre acuerdo de uni\u00f3n civil, destacando sus conexiones con todas las tem\u00e1ticas anteriores. Usando una sistem\u00e1tica renovada, el libro tiene una finalidad did\u00e1ctica. Se ofrece como instrumento para la ense\u00f1anza del derecho de familia en programas acad\u00e9micos de pre y posgrado, de la especialidad jur\u00eddica y tambi\u00e9n para las profesiones de apoyo a la familia.<\/p>\n","protected":false},"featured_media":3406,"comment_status":"open","ping_status":"closed","template":"","meta":{"inline_featured_image":false,"_joinchat":[]},"product_brand":[],"product_cat":[57,29],"product_tag":[],"class_list":{"0":"post-3354","1":"product","2":"type-product","3":"status-publish","4":"has-post-thumbnail","6":"product_cat-editorial-juridica-de-chile","7":"product_cat-familia-y-del-menor","8":"product_shipping_class-a-convenir","10":"first","11":"instock","12":"shipping-taxable","13":"purchasable","14":"product-type-simple"},"_links":{"self":[{"href":"https:\/\/bibliotecajuridicavirtual.cl\/index.php\/wp-json\/wp\/v2\/product\/3354","targetHints":{"allow":["GET"]}}],"collection":[{"href":"https:\/\/bibliotecajuridicavirtual.cl\/index.php\/wp-json\/wp\/v2\/product"}],"about":[{"href":"https:\/\/bibliotecajuridicavirtual.cl\/index.php\/wp-json\/wp\/v2\/types\/product"}],"replies":[{"embeddable":true,"href":"https:\/\/bibliotecajuridicavirtual.cl\/index.php\/wp-json\/wp\/v2\/comments?post=3354"}],"wp:featuredmedia":[{"embeddable":true,"href":"https:\/\/bibliotecajuridicavirtual.cl\/index.php\/wp-json\/wp\/v2\/media\/3406"}],"wp:attachment":[{"href":"https:\/\/bibliotecajuridicavirtual.cl\/index.php\/wp-json\/wp\/v2\/media?parent=3354"}],"wp:term":[{"taxonomy":"product_brand","embeddable":true,"href":"https:\/\/bibliotecajuridicavirtual.cl\/index.php\/wp-json\/wp\/v2\/product_brand?post=3354"},{"taxonomy":"product_cat","embeddable":true,"href":"https:\/\/bibliotecajuridicavirtual.cl\/index.php\/wp-json\/wp\/v2\/product_cat?post=3354"},{"taxonomy":"product_tag","embeddable":true,"href":"https:\/\/bibliotecajuridicavirtual.cl\/index.php\/wp-json\/wp\/v2\/product_tag?post=3354"}],"curies":[{"name":"wp","href":"https:\/\/api.w.org\/{rel}","templated":true}]}}