{"id":3355,"date":"2026-02-28T01:12:29","date_gmt":"2026-02-28T04:12:29","guid":{"rendered":"https:\/\/bibliotecajuridicavirtual.cl\/?post_type=product&#038;p=3355"},"modified":"2026-02-28T01:13:29","modified_gmt":"2026-02-28T04:13:29","slug":"introduccion-al-derecho-procesal-nuevas-aproximaciones-2da-edicion-ano-marzo-2024-352-pag-autor-claudio-fuentes-maureira-y-macarena-vargas-pavez","status":"publish","type":"product","link":"https:\/\/bibliotecajuridicavirtual.cl\/index.php\/product\/introduccion-al-derecho-procesal-nuevas-aproximaciones-2da-edicion-ano-marzo-2024-352-pag-autor-claudio-fuentes-maureira-y-macarena-vargas-pavez\/","title":{"rendered":"Introducci\u00f3n al Derecho Procesal &#8211; Nuevas Aproximaciones &#8211; 2da Edici\u00f3n. A\u00f1o Marzo 2024\/ 352 P\u00e1g. Autor  Claudio Fuentes Maureira  y Macarena Vargas Pavez"},"content":{"rendered":"<p style=\"font-weight: 400;\">Este libro aborda algunos de los principales temas con los que inicia el estudio del Derecho Procesal, proponiendo una perspectiva m\u00e1s amplia desde la cual acercarse a esta disciplina.<\/p>\n<p style=\"font-weight: 400;\">Se analizan t\u00f3picos que tradicionalmente no son tratados en los manuales y que se estiman como fundamentales para comprender el actual desarrollo de esta \u00e1rea del derecho, no solo en nuestro pa\u00eds, sino tambi\u00e9n fuera de nuestras fronteras. As\u00ed, el libro incluye una amplia secci\u00f3n dedicada a los mecanismos colaborativos de resoluci\u00f3n de conflictos (ADR), tem\u00e1tica que ha experimentado un significativo crecimiento normativo en los \u00faltimos a\u00f1os. Este crecimiento se ha visto potenciado en el \u00e1mbito procesal civil, aspecto que se aborda en esta segunda edici\u00f3n. Tambi\u00e9n, junto con actualizar el cap\u00edtulo que examina el derecho a un debido proceso, incluyendo los m\u00e1s recientes fallos de tribunales internacionales vinculantes para nuestro pa\u00eds, en la presente edici\u00f3n se incorpora un nuevo cap\u00edtulo referido al derecho de acceso a la justicia.<\/p>\n<p style=\"font-weight: 400;\">En esta segunda edici\u00f3n el libro ampl\u00eda el tratamiento de t\u00f3picos tradicionales, como los fines del proceso, el rol del juez y de las partes. Sin embargo, lo hace desde una perspectiva que integra consideraciones de pol\u00edticas p\u00fablicas, derecho comparado y de reformas procesales, ofreciendo una visi\u00f3n sist\u00e9mica del proceso judicial que lo sit\u00faa dentro del contexto nacional e internacional en vista de las demandas y exigencias ciudadanas que en la actualidad experimentan los sistemas de justicia.<\/p>\n<p style=\"font-weight: 400;\">Si bien la obra ofrece un an\u00e1lisis de inter\u00e9s para cualquier actor del sistema de justicia, destaca por su innovaci\u00f3n en aspectos de docencia para favorecer el aprendizaje de quienes se inician en el estudio de esta disciplina. Para ello, el texto emplea diversas estrategias docentes para asegurar la comprensi\u00f3n de los contenidos tratados. Estas estrategias incluyen el uso de esquemas, mapas conceptuales, referencias a casos reales, estad\u00edsticas, y al final de cada cap\u00edtulo, un conjunto de preguntas, casos hipot\u00e9ticos y an\u00e1lisis de jurisprudencia.<\/p>\n<p style=\"font-weight: 400;\"><b><strong>CAP\u00cdTULO I<\/strong><\/b><br \/>\n<b><strong>EL CONFLICTO Y SUS FORMAS DE SOLUCI\u00d3N<\/strong><\/b><\/p>\n<ol>\n<li style=\"font-weight: 400;\">ALGUNAS NOCIONES GENERALES SOBRE EL CONFLICTO<\/li>\n<li style=\"font-weight: 400;\">LAS FORMAS DE SOLUCI\u00d3N DE CONFLICTOS\n<p>2.1. Dogm\u00e1tica procesal tradicional<br \/>\nA) Autotutela<br \/>\nB) Autocomposici\u00f3n<br \/>\nC) Heterocomposici\u00f3n<\/p>\n<p>2.2. Resoluci\u00f3n Alternativa de Disputas (ADR)<br \/>\nA) Justificaciones para el establecimiento de los ADR<br \/>\na. Aumentar el acceso a la justicia<br \/>\nb. Mejorar la calidad de soluciones<br \/>\nc. Mejorar la eficiencia de la gesti\u00f3n de los tribunales<br \/>\nB) \u00bfCu\u00e1les son estos mecanismos y c\u00f3mo los recoge el derecho chileno? 22<\/li>\n<li style=\"font-weight: 400;\">APLICACI\u00d3N PR\u00c1CTICA<\/li>\n<\/ol>\n<p style=\"font-weight: 400;\">3.1. Conceptos clave<\/p>\n<p style=\"font-weight: 400;\">3.2. Pon a prueba tus conocimientos<\/p>\n<p style=\"font-weight: 400;\">3.3. An\u00e1lisis de casos<br \/>\nA) Caso 1<br \/>\nB) Caso 2<\/p>\n<p style=\"font-weight: 400;\">3.4. An\u00e1lisis de jurisprudencia<\/p>\n<ol>\n<li style=\"font-weight: 400;\">A) Preguntas de an\u00e1lisis<\/li>\n<\/ol>\n<p style=\"font-weight: 400;\"><b><strong>CAP\u00cdTULO II<\/strong><\/b><br \/>\n<b><strong>LAS FUENTES DEL DERECHO PROCESAL<\/strong><\/b><\/p>\n<ol>\n<li style=\"font-weight: 400;\">\u00bfQu\u00e9 estudia el derecho procesal y cu\u00e1les son sus rasgos distintivos?<\/li>\n<\/ol>\n<p style=\"font-weight: 400;\">1.1. Hacia un concepto de derecho procesal<br \/>\n1.2. Caracter\u00edsticas del derecho procesal<\/p>\n<ol start=\"2\">\n<li style=\"font-weight: 400;\">\u00bfde d\u00f3nde proviene el derecho procesal?<br \/>\n2.1. Fuentes directas<br \/>\nA) Los tratados internacionales<br \/>\nB) La Constituci\u00f3n Pol\u00edtica de la Rep\u00fablica<br \/>\nC) La ley procesal<br \/>\na. Efectos de la ley procesal en el espacio o en el territorio<br \/>\nb. Efectos de la ley procesal en el tiempo<br \/>\ni. Procesos terminados<br \/>\nii. Procesos no iniciados<br \/>\niii. Procesos pendientes<br \/>\nD) Los auto acordados<br \/>\n2.2. Fuentes indirectas<br \/>\nA) La jurisprudencia de los tribunales de justicia<br \/>\nB) La doctrina de los autores<br \/>\nC) Brev\u00edsimas notas sobre la costumbre<\/li>\n<li style=\"font-weight: 400;\">APLICACI\u00d3N PR\u00c1CTICA<\/li>\n<\/ol>\n<p style=\"font-weight: 400;\">3.1. Conceptos clave<\/p>\n<p style=\"font-weight: 400;\">3.2. Pon a prueba tus conocimientos<\/p>\n<p style=\"font-weight: 400;\">3.3. An\u00e1lisis de casos<br \/>\nA) Caso 1<br \/>\nB) Caso<\/p>\n<p style=\"font-weight: 400;\">3.4. An\u00e1lisis de jurisprudencia<br \/>\nA) Fallo 1<br \/>\nB) Fallo 2<\/p>\n<ol>\n<li style=\"font-weight: 400;\">C) Preguntas de an\u00e1lisis<\/li>\n<\/ol>\n<p style=\"font-weight: 400;\"><b><strong>CAP\u00cdTULO III<\/strong><\/b><br \/>\n<b><strong>EL SISTEMA PROCESAL<\/strong><\/b><\/p>\n<ol>\n<li style=\"font-weight: 400;\">El objeto de estudIo del derecho procesal<br \/>\n1.1. El proceso judicial como objeto de estudio del derecho procesal<br \/>\nA) El proceso judicial lo es todo. El enfoque \u201cproceso c\u00e9ntrico\u201d<br \/>\nB) La preocupaci\u00f3n por un \u00fanico caso. El enfoque \u201catomizado\u201d<br \/>\nC) El proceso como una pieza de museo. El enfoque de aislamiento<br \/>\n1.2. Del proceso judicial al sistema procesal<\/li>\n<li style=\"font-weight: 400;\">Los elementos del sistema procesal<br \/>\n2.1. El ciudadano<br \/>\n2.2. La infraestructura<br \/>\n2.3. El instrumento<br \/>\n2.4. La cultura jur\u00eddica<\/li>\n<li style=\"font-weight: 400;\">Din\u00e1micas del sistema procesal<\/li>\n<li style=\"font-weight: 400;\">Un sistema dentro de otro sistema<\/li>\n<li style=\"font-weight: 400;\">Aplicaci\u00f3n pr\u00e1ctica<br \/>\n5.1. Conceptos clave<br \/>\n5.2. Pon a prueba tus conocimientos<br \/>\n5.3. Material de an\u00e1lisis<br \/>\nA) Preguntas de an\u00e1lisis<\/li>\n<\/ol>\n<p style=\"font-weight: 400;\"><b><strong>CAP\u00cdTULO IV<br \/>\nLOS FINES DEL PROCESO Y EL ROL DE JUECES\u00a0Y LITIGANTES EN EL SISTEMA DE JUSTICIA<\/strong><\/b><\/p>\n<ol>\n<li style=\"font-weight: 400;\">El debate sobre los fines del proceso civil<br \/>\n1.2. La trilog\u00eda de objetivos como nueva respuesta<br \/>\n1.3. No olvidar el big picture: de un caso al conjunto de casos<\/li>\n<li style=\"font-weight: 400;\">El debate en torno al rol de jueces y litigantes en el sistema de justicia<br \/>\n2.1. El principio dispositivo y el principio de oficialidad como punto de partida<br \/>\n2.2. El principio de la cooperaci\u00f3n procesal: \u00bfuna nueva forma de entender el rol de jueces y litigantes?<br \/>\n2.3. \u00bfUn nuevo rol para los jueces en el sistema de justicia? Case management<\/li>\n<li style=\"font-weight: 400;\">Aplicaci\u00f3n pr\u00e1ctica<br \/>\n3.1. Conceptos clave<br \/>\n3.2. Pon a prueba tus conocimientos<br \/>\n3.3. An\u00e1lisis de jurisprudencia<br \/>\nA) Fallo N\u00ba 1<br \/>\nB) Fallo N\u00ba 2<br \/>\nC) Preguntas de an\u00e1lisis<\/li>\n<\/ol>\n<p style=\"font-weight: 400;\"><b><strong>CAP\u00cdTULO V<\/strong><\/b><br \/>\n<b><strong>EL DERECHO DE ACCESO A LA JUSTICIA<\/strong><\/b><\/p>\n<ol>\n<li style=\"font-weight: 400;\">\u00bfDe qu\u00e9 hablamos cuando hablamos de acceso a la justicia?<\/li>\n<li style=\"font-weight: 400;\">\u00bfCu\u00e1l es el alcance del derecho de acceso a la justicia?<br \/>\nA) El acceso a la justicia en sentido restringido<br \/>\nB) El acceso a la justicia en sentido amplio<br \/>\nC) Nueva noci\u00f3n de acceso a la justicia<\/li>\n<li style=\"font-weight: 400;\">Barreras de acceso a la justicia<br \/>\n3.1. Clasificaci\u00f3n de las barreras de acceso a la justicia<br \/>\nA) Barreras institucionales<br \/>\na. Localizaci\u00f3n de los tribunales de justicia<br \/>\nb. Formalismo y lenguaje t\u00e9cnico<br \/>\nc. Desconfianza en el sistema de justicia<br \/>\nB) Barreras socioculturales<br \/>\na. Barreras cognitivas o de conocimiento<br \/>\nb. Barreras econ\u00f3micas<br \/>\nc. Barreras de g\u00e9nero<\/li>\n<li style=\"font-weight: 400;\">Interculturalidad e interseccionalidad: los nuevos \u201clentes\u201d para estudiar las barreras de acceso a la justicia<br \/>\n4.1. Enfoque intercultural o de interculturalidad<br \/>\n4.2. El enfoque interseccional o de interseccionalidad<\/li>\n<li style=\"font-weight: 400;\">El acceso a la justicia y la ejecuci\u00f3n de las resoluciones judiciales<\/li>\n<li style=\"font-weight: 400;\">Aplicaci\u00f3n pr\u00e1ctica<br \/>\n6.1. Conceptos clave<br \/>\n6.2. Pon a prueba tus conocimientos<\/li>\n<li style=\"font-weight: 400;\">An\u00e1lisis de jurisprudencia<br \/>\nA) Preguntas de an\u00e1lisis<\/li>\n<\/ol>\n<p style=\"font-weight: 400;\"><b><strong>CAP\u00cdTULO VI<\/strong><\/b><br \/>\n<b><strong>EL DERECHO A UN DEBIDO PROCESO<\/strong><\/b><\/p>\n<ol>\n<li style=\"font-weight: 400;\">Derechos humanos y debido proceso<\/li>\n<li style=\"font-weight: 400;\">Concepto y caracter\u00edsticas del derecho a un debido proceso<br \/>\n2.1. El debido proceso es complejo<br \/>\n2.2. El debido proceso est\u00e1 compuesto por est\u00e1ndares<br \/>\n2.3. El debido proceso se aplica de forma gradual<br \/>\n2.4. El debido proceso es evolutivo<\/li>\n<li style=\"font-weight: 400;\">Principales garant\u00edas (o subderechos) del debido proceso<br \/>\n3.1. El derecho a la defensa<br \/>\nA) Dimensiones del derecho a la defensa<br \/>\na. Condiciones para el ejercicio efectivo de la defensa<br \/>\nb. Intervenci\u00f3n en el proceso<br \/>\nc. Defensa letrada<br \/>\nB) \u00bfEs el derecho a la defensa un derecho sin l\u00edmites?<br \/>\nC) La regulaci\u00f3n del derecho a la defensa a nivel constitucional<br \/>\n3.2. Derecho a ser juzgado dentro de un plazo razonable<br \/>\nA) La regulaci\u00f3n del derecho a un plazo razonable a nivel constitucional<br \/>\n3.3. Derecho a la igualdad de armas o igualdad procesal<br \/>\nA) La regulaci\u00f3n del derecho a la igualdad de armas a nivel constitucional<br \/>\n3.4. Derecho a ser juzgado por un tribunal imparcial<br \/>\nA) Imparcialidad subjetiva<br \/>\nB) Imparcialidad objetiva<br \/>\nC) La recusaci\u00f3n como instrumento procesal para proteger el derecho a un tribunal imparcial<br \/>\nD) El derecho a ser juzgado por un juez imparcial y el enfoque de g\u00e9nero<br \/>\nE) La regulaci\u00f3n del derecho a ser juzgado por un tribunal imparcial a nivel constitucional<br \/>\n3.5. Derecho a ser juzgado por un tribunal independiente<br \/>\nA) La regulaci\u00f3n del derecho a ser juzgado por un tribunal independiente a nivel constitucional<br \/>\n3.6. Derecho a un juez natural o un juez predeterminado por la ley<br \/>\nA) El \u00f3rgano que juzga debe ser un tribunal de justicia<br \/>\nB) Dicho tribunal debe ser establecido por ley<br \/>\nC) Dicho tribunal debe ser ordinario<br \/>\nD) Dicho tribunal debe haber sido establecido de forma previa a los hechos que dan origen al conflicto legal<br \/>\n3.7. El derecho a ser juzgado por el juez natural a nivel constitucional<\/li>\n<li style=\"font-weight: 400;\">Aplicaci\u00f3n pr\u00e1ctica<br \/>\n4.1. Conceptos clave<br \/>\n4.2. Pon a prueba tus conocimientos<br \/>\n4.3. An\u00e1lisis de casos<br \/>\nA) Caso 1<br \/>\nB) Caso 2<br \/>\n4.4. An\u00e1lisis de jurisprudencia<br \/>\nA) Preguntas de an\u00e1lisis<\/li>\n<\/ol>\n<p style=\"font-weight: 400;\"><b><strong>CAP\u00cdTULO VII<\/strong><\/b><br \/>\n<b><strong>LA ESTRUCTURA DE LOS TRIBUNALES DE JUSTICIA<\/strong><\/b><\/p>\n<ol>\n<li style=\"font-weight: 400;\">Rasgos generales de la estructura del Poder Judicial de Chile<br \/>\n1.1. Tribunales que no pertenecen al Poder Judicial<br \/>\n1.2. Tribunales que pertenecen al Poder Judicial<\/li>\n<li style=\"font-weight: 400;\">Clasificaci\u00f3n de los tribunales que pertenecen al Poder Judicial<br \/>\n2.1. Seg\u00fan su jerarqu\u00eda<br \/>\n2.2. Seg\u00fan la extensi\u00f3n de la competencia<br \/>\n2.3. Seg\u00fan su composici\u00f3n<br \/>\n2.4. Seg\u00fan su estabilidad o permanencia<\/li>\n<li style=\"font-weight: 400;\">Estructura interna de los tribunales<\/li>\n<li style=\"font-weight: 400;\">La estructura del poder judicial y el derecho a ser juzgado por un juez independiente<\/li>\n<li style=\"font-weight: 400;\">Aplicaci\u00f3n pr\u00e1ctica<br \/>\n5.1. Conceptos clave<br \/>\n5.2. Pon a prueba tus conocimientos<br \/>\n5.3. An\u00e1lisis de jurisprudencia<br \/>\nA) Preguntas de an\u00e1lisis<\/li>\n<\/ol>\n<p style=\"font-weight: 400;\"><b><strong>ANEXO<\/strong><\/b><br \/>\n<b><strong>APLICACI\u00d3N PR\u00c1CTICA: RESPUESTAS A PREGUNTAS Y CASOS HIPOT\u00c9TICOS<\/strong><\/b><\/p>\n","protected":false},"excerpt":{"rendered":"<p>Este libro aborda algunos de los principales temas con los que inicia el estudio del Derecho Procesal, proponiendo una perspectiva m\u00e1s amplia desde la cual acercarse a esta disciplina. Se analizan t\u00f3picos que tradicionalmente no son tratados en los manuales y que se estiman como fundamentales para comprender el actual desarrollo de esta \u00e1rea del derecho, no solo en nuestro pa\u00eds, sino tambi\u00e9n fuera de nuestras fronteras. As\u00ed, el libro incluye una amplia secci\u00f3n dedicada a los mecanismos colaborativos de resoluci\u00f3n de conflictos (ADR), tem\u00e1tica que ha experimentado un significativo crecimiento normativo en los \u00faltimos a\u00f1os. Este crecimiento se ha visto potenciado en el \u00e1mbito procesal civil, aspecto que se aborda en esta segunda edici\u00f3n. Tambi\u00e9n, junto con actualizar el cap\u00edtulo que examina el derecho a un debido proceso, incluyendo los m\u00e1s recientes fallos de tribunales internacionales vinculantes para nuestro pa\u00eds, en la presente edici\u00f3n se incorpora un nuevo cap\u00edtulo referido al derecho de acceso a la justicia. En esta segunda edici\u00f3n el libro ampl\u00eda el tratamiento de t\u00f3picos tradicionales, como los fines del proceso, el rol del juez y de las partes. Sin embargo, lo hace desde una perspectiva que integra consideraciones de pol\u00edticas p\u00fablicas, derecho comparado y de reformas procesales, ofreciendo una visi\u00f3n sist\u00e9mica del proceso judicial que lo sit\u00faa dentro del contexto nacional e internacional en vista de las demandas y exigencias ciudadanas que en la actualidad experimentan los sistemas de justicia. Si bien la obra ofrece un an\u00e1lisis de inter\u00e9s para cualquier actor del sistema de justicia, destaca por su innovaci\u00f3n en aspectos de docencia para favorecer el aprendizaje de quienes se inician en el estudio de esta disciplina. Para ello, el texto emplea diversas estrategias docentes para asegurar la comprensi\u00f3n de los contenidos tratados. Estas estrategias incluyen el uso de esquemas, mapas conceptuales, referencias a casos reales, estad\u00edsticas, y al final de cada cap\u00edtulo, un conjunto de preguntas, casos hipot\u00e9ticos y an\u00e1lisis de jurisprudencia. CAP\u00cdTULO I EL CONFLICTO Y SUS FORMAS DE SOLUCI\u00d3N ALGUNAS NOCIONES GENERALES SOBRE EL CONFLICTO LAS FORMAS DE SOLUCI\u00d3N DE CONFLICTOS 2.1. Dogm\u00e1tica procesal tradicional A) Autotutela B) Autocomposici\u00f3n C) Heterocomposici\u00f3n 2.2. Resoluci\u00f3n Alternativa de Disputas (ADR) A) Justificaciones para el establecimiento de los ADR a. Aumentar el acceso a la justicia b. Mejorar la calidad de soluciones c. Mejorar la eficiencia de la gesti\u00f3n de los tribunales B) \u00bfCu\u00e1les son estos mecanismos y c\u00f3mo los recoge el derecho chileno? 22 APLICACI\u00d3N PR\u00c1CTICA 3.1. Conceptos clave 3.2. Pon a prueba tus conocimientos 3.3. An\u00e1lisis de casos A) Caso 1 B) Caso 2 3.4. An\u00e1lisis de jurisprudencia A) Preguntas de an\u00e1lisis CAP\u00cdTULO II LAS FUENTES DEL DERECHO PROCESAL \u00bfQu\u00e9 estudia el derecho procesal y cu\u00e1les son sus rasgos distintivos? 1.1. Hacia un concepto de derecho procesal 1.2. Caracter\u00edsticas del derecho procesal \u00bfde d\u00f3nde proviene el derecho procesal? 2.1. Fuentes directas A) Los tratados internacionales B) La Constituci\u00f3n Pol\u00edtica de la Rep\u00fablica C) La ley procesal a. Efectos de la ley procesal en el espacio o en el territorio b. Efectos de la ley procesal en el tiempo i. Procesos terminados ii. Procesos no iniciados iii. Procesos pendientes D) Los auto acordados 2.2. Fuentes indirectas A) La jurisprudencia de los tribunales de justicia B) La doctrina de los autores C) Brev\u00edsimas notas sobre la costumbre APLICACI\u00d3N PR\u00c1CTICA 3.1. Conceptos clave 3.2. Pon a prueba tus conocimientos 3.3. An\u00e1lisis de casos A) Caso 1 B) Caso 3.4. An\u00e1lisis de jurisprudencia A) Fallo 1 B) Fallo 2 C) Preguntas de an\u00e1lisis CAP\u00cdTULO III EL SISTEMA PROCESAL El objeto de estudIo del derecho procesal 1.1. El proceso judicial como objeto de estudio del derecho procesal A) El proceso judicial lo es todo. El enfoque \u201cproceso c\u00e9ntrico\u201d B) La preocupaci\u00f3n por un \u00fanico caso. El enfoque \u201catomizado\u201d C) El proceso como una pieza de museo. El enfoque de aislamiento 1.2. Del proceso judicial al sistema procesal Los elementos del sistema procesal 2.1. El ciudadano 2.2. La infraestructura 2.3. El instrumento 2.4. La cultura jur\u00eddica Din\u00e1micas del sistema procesal Un sistema dentro de otro sistema Aplicaci\u00f3n pr\u00e1ctica 5.1. Conceptos clave 5.2. Pon a prueba tus conocimientos 5.3. Material de an\u00e1lisis A) Preguntas de an\u00e1lisis CAP\u00cdTULO IV LOS FINES DEL PROCESO Y EL ROL DE JUECES\u00a0Y LITIGANTES EN EL SISTEMA DE JUSTICIA El debate sobre los fines del proceso civil 1.2. La trilog\u00eda de objetivos como nueva respuesta 1.3. No olvidar el big picture: de un caso al conjunto de casos El debate en torno al rol de jueces y litigantes en el sistema de justicia 2.1. El principio dispositivo y el principio de oficialidad como punto de partida 2.2. El principio de la cooperaci\u00f3n procesal: \u00bfuna nueva forma de entender el rol de jueces y litigantes? 2.3. \u00bfUn nuevo rol para los jueces en el sistema de justicia? Case management Aplicaci\u00f3n pr\u00e1ctica 3.1. Conceptos clave 3.2. Pon a prueba tus conocimientos 3.3. An\u00e1lisis de jurisprudencia A) Fallo N\u00ba 1 B) Fallo N\u00ba 2 C) Preguntas de an\u00e1lisis CAP\u00cdTULO V EL DERECHO DE ACCESO A LA JUSTICIA \u00bfDe qu\u00e9 hablamos cuando hablamos de acceso a la justicia? \u00bfCu\u00e1l es el alcance del derecho de acceso a la justicia? A) El acceso a la justicia en sentido restringido B) El acceso a la justicia en sentido amplio C) Nueva noci\u00f3n de acceso a la justicia Barreras de acceso a la justicia 3.1. Clasificaci\u00f3n de las barreras de acceso a la justicia A) Barreras institucionales a. Localizaci\u00f3n de los tribunales de justicia b. Formalismo y lenguaje t\u00e9cnico c. Desconfianza en el sistema de justicia B) Barreras socioculturales a. Barreras cognitivas o de conocimiento b. Barreras econ\u00f3micas c. Barreras de g\u00e9nero Interculturalidad e interseccionalidad: los nuevos \u201clentes\u201d para estudiar las barreras de acceso a la justicia 4.1. Enfoque intercultural o de interculturalidad 4.2. El enfoque interseccional o de interseccionalidad El acceso a la justicia y la ejecuci\u00f3n de las resoluciones judiciales Aplicaci\u00f3n pr\u00e1ctica 6.1. Conceptos clave 6.2. Pon a prueba tus conocimientos An\u00e1lisis de jurisprudencia A) Preguntas de an\u00e1lisis CAP\u00cdTULO VI EL DERECHO A UN DEBIDO PROCESO Derechos humanos y debido<\/p>\n","protected":false},"featured_media":3407,"comment_status":"open","ping_status":"closed","template":"","meta":{"inline_featured_image":false,"_joinchat":[]},"product_brand":[],"product_cat":[38,39],"product_tag":[],"class_list":{"0":"post-3355","1":"product","2":"type-product","3":"status-publish","4":"has-post-thumbnail","6":"product_cat-editorial-der-ediciones","7":"product_cat-procesal-civil","8":"product_shipping_class-a-convenir","10":"first","11":"instock","12":"shipping-taxable","13":"purchasable","14":"product-type-simple"},"_links":{"self":[{"href":"https:\/\/bibliotecajuridicavirtual.cl\/index.php\/wp-json\/wp\/v2\/product\/3355","targetHints":{"allow":["GET"]}}],"collection":[{"href":"https:\/\/bibliotecajuridicavirtual.cl\/index.php\/wp-json\/wp\/v2\/product"}],"about":[{"href":"https:\/\/bibliotecajuridicavirtual.cl\/index.php\/wp-json\/wp\/v2\/types\/product"}],"replies":[{"embeddable":true,"href":"https:\/\/bibliotecajuridicavirtual.cl\/index.php\/wp-json\/wp\/v2\/comments?post=3355"}],"wp:featuredmedia":[{"embeddable":true,"href":"https:\/\/bibliotecajuridicavirtual.cl\/index.php\/wp-json\/wp\/v2\/media\/3407"}],"wp:attachment":[{"href":"https:\/\/bibliotecajuridicavirtual.cl\/index.php\/wp-json\/wp\/v2\/media?parent=3355"}],"wp:term":[{"taxonomy":"product_brand","embeddable":true,"href":"https:\/\/bibliotecajuridicavirtual.cl\/index.php\/wp-json\/wp\/v2\/product_brand?post=3355"},{"taxonomy":"product_cat","embeddable":true,"href":"https:\/\/bibliotecajuridicavirtual.cl\/index.php\/wp-json\/wp\/v2\/product_cat?post=3355"},{"taxonomy":"product_tag","embeddable":true,"href":"https:\/\/bibliotecajuridicavirtual.cl\/index.php\/wp-json\/wp\/v2\/product_tag?post=3355"}],"curies":[{"name":"wp","href":"https:\/\/api.w.org\/{rel}","templated":true}]}}