{"id":3368,"date":"2026-02-28T01:12:52","date_gmt":"2026-02-28T04:12:52","guid":{"rendered":"https:\/\/bibliotecajuridicavirtual.cl\/?post_type=product&#038;p=3368"},"modified":"2026-02-28T01:13:29","modified_gmt":"2026-02-28T04:13:29","slug":"curso-sobre-delitos-e-infracciones-tributarias-4ta-edicion-ano-marzo-2024-294-pag-autor-rodrigo-ugalde-prieto-y-jaime-garcia-escobar","status":"publish","type":"product","link":"https:\/\/bibliotecajuridicavirtual.cl\/index.php\/product\/curso-sobre-delitos-e-infracciones-tributarias-4ta-edicion-ano-marzo-2024-294-pag-autor-rodrigo-ugalde-prieto-y-jaime-garcia-escobar\/","title":{"rendered":"Curso sobre Delitos e Infracciones Tributarias &#8211; 4ta Edici\u00f3n. A\u00f1o Marzo 2024 \/ 294 P\u00e1g. Autor Rodrigo Ugalde Prieto y Jaime Garc\u00eda Escobar"},"content":{"rendered":"<p style=\"font-weight: 400;\"><b><strong>CAP\u00cdTULO PRIMERO<\/strong><\/b><br \/>\n<b><strong>GENERALIDADES SOBRE LOS DELITOS Y LAS INFRACCIONES TRIBUTARIAS<\/strong><\/b><\/p>\n<ol>\n<li style=\"font-weight: 400;\">Las infracciones y los delitos tributarios en el c\u00f3digo tributario<\/li>\n<\/ol>\n<p style=\"font-weight: 400;\">1.1. Concepto<br \/>\n1.2. Bien jur\u00eddico protegido<\/p>\n<ol start=\"2\">\n<li style=\"font-weight: 400;\">Clasificaci\u00f3n de las infracciones tributarias y delitos tributarios<\/li>\n<li style=\"font-weight: 400;\">Distinci\u00f3n entre planificaci\u00f3n tributaria, elusi\u00f3n y evasi\u00f3n<\/li>\n<li style=\"font-weight: 400;\">a) La econom\u00eda de opci\u00f3n o planificaci\u00f3n tributaria<br \/>\nb) La Elusi\u00f3n<br \/>\nc) La Evasi\u00f3n<br \/>\n1) Evasi\u00f3n involuntaria<br \/>\nc.2) Evasi\u00f3n voluntaria<\/li>\n<\/ol>\n<p style=\"font-weight: 400;\"><b><strong>CAP\u00cdTULO SEGUNDO<\/strong><\/b><br \/>\n<b><strong>AN\u00c1LISIS ESPEC\u00cdFICO DE CADA UNA DE LAS FIGURAS CALIFICADAS COMO DELITO TRIBUTARIO EN EL ART\u00cdCULO 97 DEL C\u00d3DIGO TRIBUTARIO<\/strong><\/b><\/p>\n<ol>\n<li style=\"font-weight: 400;\">Delitos contenidos en el N\u00b0 4 del art\u00edculo 97 del c\u00f3digo tributario<br \/>\n1.1. Primer delito contenido en el inciso 1\u00b0 del N\u00b0 4 del art\u00edculo 97<br \/>\n1.2. Segundo delito contenido en el inciso 1\u00b0 del N\u00b0 4 del art\u00edculo 97<br \/>\n1.3. Tercer delito contemplado en el inciso 1\u00b0 del N\u00b0 4 del art\u00edculo 97<br \/>\n1.4. Cuarto delito contemplado en el inciso 1\u00b0 del N\u00b0 4 del art\u00edculo 97<br \/>\n1.5. Quinto delito contenido en el inciso 1\u00b0 del N\u00b0 4 del art\u00edculo 97<br \/>\n1.6. Sexto delito contenido en el inciso 1\u00b0 del N\u00b0 4 del art\u00edculo 97<br \/>\n1.7. Delito contemplado en el inciso 2o del N\u00b0 4 del art\u00edculo 97<br \/>\n1.8. Delito contemplado en el inciso 3o del N\u00b0 4 del art\u00edculo 97<br \/>\n1.9. Delito contemplado en el inciso final del N\u00b0 4 del art\u00edculo 97<\/li>\n<li style=\"font-weight: 400;\">Delito contemplado en el N\u00b0 5 del art\u00edculo 97<\/li>\n<li style=\"font-weight: 400;\">Delito contemplado en el N\u00b0 8 del art\u00edculo 97<\/li>\n<li style=\"font-weight: 400;\">Delito contemplado en el N\u00b0 9 del art\u00edculo 97<\/li>\n<li style=\"font-weight: 400;\">Delito contemplado en el inciso tercero del N\u00b0 10 del art\u00edculo 97<\/li>\n<li style=\"font-weight: 400;\">Delito contemplado en el N\u00b0 12 del art\u00edculo 97<\/li>\n<li style=\"font-weight: 400;\">Delito contemplado en el N\u00b0 13 del art\u00edculo 97<\/li>\n<li style=\"font-weight: 400;\">Delitos previstos en el N\u00b0 14 del art\u00edculo 97<br \/>\n8.1. Delitos del inciso primero \u200369<br \/>\n8.2. Delito del inciso segundo \u200370<\/li>\n<li style=\"font-weight: 400;\">Delito contemplado en el N\u00b0 18 del art\u00edculo 97<\/li>\n<li style=\"font-weight: 400;\">Delito del N\u00b0 22 del art\u00edculo 97<\/li>\n<li style=\"font-weight: 400;\">Delitos del N\u00b0 23 del art\u00edculo 97<br \/>\n11.1. Delito del inciso 1\u00b0<br \/>\n11.2. Delito del inciso 2\u00b0<\/li>\n<li style=\"font-weight: 400;\">Delitos del N\u00b0 24 del art\u00edculo 97<br \/>\n12.1. Delitos del inciso primero<br \/>\n12.2. Delitos del inciso tercero<\/li>\n<li style=\"font-weight: 400;\">Delitos del N\u00b0 25 art\u00edculo 97<br \/>\n13.1. Primer delito: El que act\u00fae como usuario de las zonas francas establecidas por ley, sin tener la habilitaci\u00f3n correspondiente. (Inciso 1\u00b0del N\u00b025)<br \/>\na) Actuar como USUARIO de las ZONAS FRANCAS establecidas por ley<br \/>\nb) Sin tener la HABILITACI\u00d3N correspondiente<br \/>\n13.2. Segundo delito: El usuario de las zonas francas establecidas por ley, que utilice la habilitaci\u00f3n correspondiente para defraudar al Fisco. (Inciso 1o del N\u00b0 25)<br \/>\n13.3. Tercer delito: Sanciona a quien efect\u00fae transacciones con una persona que act\u00fae como usuario de zona franca, sabiendo que este no cuenta con la habilitaci\u00f3n correspondiente. (Inciso 2o del N\u00b025)<br \/>\n13.4. Cuarto delito: Sanciona a quien efect\u00fae transacciones con una persona que act\u00fae como usuario de zona franca, sabiendo que este utiliza dicha calidad para defraudar al fisco. (Inciso 2o del N\u00b0 25)<\/li>\n<li style=\"font-weight: 400;\">Delito del N\u00b0 26 art\u00edculo 97<\/li>\n<li style=\"font-weight: 400;\">Delito del art\u00edculo 100<\/li>\n<\/ol>\n<p style=\"font-weight: 400;\"><b><strong>CAP\u00cdTULO TERCERO<\/strong><\/b><br \/>\n<b><strong>CONCURSOS, PARTICIPACI\u00d3N Y COMUNICABILIDAD EN LOS DELITOS TRIBUTARIOS<\/strong><\/b><\/p>\n<ol>\n<li style=\"font-weight: 400;\">Concurso material o real<\/li>\n<li style=\"font-weight: 400;\">Concurso ideal<\/li>\n<li style=\"font-weight: 400;\">Participaci\u00f3n y delito tributario. El problema de la comunicabilidad<\/li>\n<\/ol>\n<p style=\"font-weight: 400;\"><b><strong>CAP\u00cdTULO CUARTO<\/strong><\/b><br \/>\n<b><strong>CONSTITUCIONALIDAD DE LA RECOPILACI\u00d3N DE ANTECEDENTES<\/strong><\/b><\/p>\n<p style=\"font-weight: 400;\">Recopilaci\u00f3n de antecedentes<\/p>\n<p style=\"font-weight: 400;\"><b><strong>CAP\u00cdTULO QUINTO<\/strong><\/b><br \/>\n<b><strong>CONTRAVENCIONES O INFRACCIONES ADMINISTRATIVAS TRIBUTARIAS<\/strong><\/b><\/p>\n<ol>\n<li style=\"font-weight: 400;\">Definici\u00f3n de infracci\u00f3n administrativa<\/li>\n<li style=\"font-weight: 400;\">Importancia de la diferenciaci\u00f3n entre delito tributario e infracci\u00f3n administrativa o contravenci\u00f3n<\/li>\n<\/ol>\n<p style=\"font-weight: 400;\">III. Terminolog\u00eda<\/p>\n<ol>\n<li style=\"font-weight: 400;\">Elementos de la infracci\u00f3n administrativa o contravenci\u00f3n<\/li>\n<li style=\"font-weight: 400;\">La acci\u00f3n u omisi\u00f3n<br \/>\n2. La legalidad y la tipicidad<br \/>\n3. La antijuridicidad<br \/>\n4. La culpabilidad<br \/>\n5. La sanci\u00f3n<\/li>\n<li style=\"font-weight: 400;\">An\u00e1lisis de las infracciones previstas en el art\u00edculo 97 del c\u00f3digo tributario<\/li>\n<li style=\"font-weight: 400;\">Infracciones previstas en el N\u00b0 1 del art\u00edculo 97<br \/>\n1.A. Infracciones del inciso primero<br \/>\n1.B. Infracciones inciso segundo<\/li>\n<li style=\"font-weight: 400;\">Infracciones del N\u00b0 2 del art\u00edculo 97<br \/>\n2.A. Infracciones del inciso primero<br \/>\n2.B. Infracciones del inciso tercero<\/li>\n<li style=\"font-weight: 400;\">Infracciones del N\u00b0 3 del art\u00edculo 97<\/li>\n<li style=\"font-weight: 400;\">Infracci\u00f3n del N\u00b0 6 del art\u00edculo 97<\/li>\n<li style=\"font-weight: 400;\">Infracciones del N\u00b0 7 del art\u00edculo 97<\/li>\n<li style=\"font-weight: 400;\">Infracciones del N\u00b0 10 del art\u00edculo 97<br \/>\na) La primera conducta que se sanciona es el NO otorgamiento de gu\u00edas de despacho, de facturas, notas de d\u00e9bito, notas de cr\u00e9dito o boletas en los casos y en la forma exigidos por, las leyes*<br \/>\nb) La segunda conducta que castiga el art\u00edculo 97 N\u00b0 10 del C\u00f3digo Tributario es EL USO de boletas no autorizadas o de facturas, notas de d\u00e9bito, notas de cr\u00e9dito o gu\u00edas de despacho sin el timbre correspondiente<br \/>\nc) La tercera conducta que sanciona el art\u00edculo 97 N\u00b0 10 del C\u00f3digo Tributario castiga el FRACCIONAMIENTO del monto de las ventas o el de otras operaciones, para eludir el otorgamiento de boletas. Se trata de sancionar la divisi\u00f3n de una venta (o de otra operaci\u00f3n) en partes o fracciones para, de ese modo, eludir el otorgamiento de boletas<\/li>\n<li style=\"font-weight: 400;\">Infracciones del N\u00b0 11 del art\u00edculo 97<br \/>\n7.A. Infracci\u00f3n del inciso primero<br \/>\n7.B. Aumenta de las multas. Nuevo inciso segundo incorporado por Ley N\u00b0 19.738 de 19 de junio de 2001 \u2003123<\/li>\n<li style=\"font-weight: 400;\">Infracci\u00f3n del N\u00b0 15 del art\u00edculo 97<\/li>\n<li style=\"font-weight: 400;\">Infracci\u00f3n del N\u00b0 16 del art\u00edculo 97<\/li>\n<li style=\"font-weight: 400;\">Infracciones del N\u00b0 17 del art\u00edculo 97<\/li>\n<li style=\"font-weight: 400;\">Infracciones del N\u00b0 19 del art\u00edculo 97<\/li>\n<li style=\"font-weight: 400;\">Infracciones del N\u00b0 20 del art\u00edculo 97<\/li>\n<li style=\"font-weight: 400;\">Infracci\u00f3n del N\u00b0 21 del art\u00edculo 97<\/li>\n<\/ol>\n<p style=\"font-weight: 400;\"><b><strong>CAP\u00cdTULO SEXTO<\/strong><\/b><br \/>\n<b><strong>RESPONSABILIDAD POR LAS INFRACCIONES Y DELITOS TRIBUTARIOS<\/strong><\/b><\/p>\n<ol>\n<li style=\"font-weight: 400;\">Responsabilidad por las infracciones administrativas y civiles<br \/>\n2. Responsabilidad por los delitos tributarios y por los apremios<\/li>\n<\/ol>\n<p style=\"font-weight: 400;\"><b><strong>CAP\u00cdTULO S\u00c9PTIMO<\/strong><\/b><br \/>\n<b><strong>CIRCUNSTANCIAS MODIFICATORIAS DE RESPONSABILIDAD POR LAS INFRACCIONES ADMINISTRATIVAS Y CIVILES Y POR LOS DELITOS TRIBUTARIOS<\/strong><\/b><\/p>\n<ol>\n<li style=\"font-weight: 400;\">Infracciones administrativas y civiles<\/li>\n<li style=\"font-weight: 400;\">Delitos tributarios<br \/>\n2.1. Eximente o atenuante especial<br \/>\n2.2. Atenuantes especiales<br \/>\n2.3. Agravantes especiales<\/li>\n<\/ol>\n<p style=\"font-weight: 400;\"><b><strong>CAP\u00cdTULO OCTAVO<\/strong><\/b><br \/>\n<b><strong>PRESCRIPCI\u00d3N DE LAS INFRACCIONES Y DELITOS TRIBUTARIOS<\/strong><\/b><\/p>\n<ol>\n<li style=\"font-weight: 400;\">Prescripci\u00f3n de la acci\u00f3n derivada de las contravenciones<br \/>\nA. Infracciones civiles<br \/>\nPrescripci\u00f3n de la acci\u00f3n para perseguir las infracciones civiles<br \/>\nB. Infracciones administrativas<br \/>\nPrescripci\u00f3n de la acci\u00f3n para perseguir las infracciones administrativas<\/li>\n<li style=\"font-weight: 400;\">Prescripci\u00f3n de la acci\u00f3n derivada de los delitos tributarios<br \/>\n2.1. El Servicio de Impuestos Internos o el Consejo de Defensa del Estado ejercen la acci\u00f3n penal por delito tributario de acuerdo a la facultad otorgada por el actual inciso 1\u00b0 del art\u00edculo 162 del C\u00f3digo Tributario<br \/>\n2.2. El Servicio de Impuestos Internos decide no ejercer la acci\u00f3n penal por delito tributario<\/li>\n<\/ol>\n<p style=\"font-weight: 400;\">Primera opini\u00f3n<br \/>\nSegunda opini\u00f3n<\/p>\n<p style=\"font-weight: 400;\"><b><strong>CAP\u00cdTULO NOVENO<\/strong><\/b><br \/>\n<b><strong>AN\u00c1LISIS DE LA ATRIBUCI\u00d3N DEL DIRECTOR DEL SERVICIO DE IMPUESTOS INTERNOS DE EJERCER LA ACCI\u00d3N PENAL, UNA VEZ INICIADO EL PROCEDIMIENTO INFRACCIONAL CONTEMPLADO EN EL ART\u00cdCULO 161 DEL C\u00d3DIGO TRIBUTARIO<\/strong><\/b><\/p>\n<ol>\n<li style=\"font-weight: 400;\">a) Primera situaci\u00f3n<br \/>\nb) Segunda situaci\u00f3n<\/li>\n<\/ol>\n<p style=\"font-weight: 400;\"><b><strong>ANEXOS<\/strong><\/b><\/p>\n<p style=\"font-weight: 400;\">Anexo 1<br \/>\nCircular N\u00b0 01 del 02 de enero del 2004. Pol\u00edtica de aplicaci\u00f3n de sanciones por infracciones tributarias contempladas en los n\u00fameros 6, 7, 10, 15, 16, 17, 19, 20 y 21 del art\u00edculo 97 y art\u00edculo 109 del c\u00f3digo Tributario, y de concesi\u00f3n de condonaciones en los casos que se describen. Deroga circular 36 del 2000<\/p>\n<p style=\"font-weight: 400;\">Anexo 2<br \/>\nCircular N\u00b0 42 del 22 de julio de 2005. Implementa procedimiento de atenci\u00f3n de denuncias y concesi\u00f3n de condonaciones on-line<\/p>\n<p style=\"font-weight: 400;\">Anexo 3<br \/>\nCircular N\u00b0 58 del 19 de octubre del 2006. Instruye sobre nuevo texto del N\u00b0 16 del art\u00edculo 97 del c\u00f3digo tributario<\/p>\n<p style=\"font-weight: 400;\">Anexo 4<br \/>\nSelecci\u00f3n de sentencias sobre delitos tributarios emanados de tribunales de juicio oral<\/p>\n<ol>\n<li style=\"font-weight: 400;\">Sentencia condenatoria por delitos tributarios sancionados en el art\u00edculo 97 N\u00b0 4, inciso 2\u00b0 y final del C\u00f3digo Tributario y por el delito previsto en el art\u00edculo 456 bis A del c\u00f3digo penal<br \/>\n2. Sentencia absolutoria por acusaci\u00f3n del delito previsto en los incisos 1\u00b0 y final del N\u00b0 4 del art\u00edculo 97 del c\u00f3digo Tributario y por el delito de uso de instrumento privado mercantil falso previsto en el art\u00edculo 198 en relaci\u00f3n con el art\u00edculo 197, ambos del c\u00f3digo penal<br \/>\n3. Sentencia absolutoria por acusaci\u00f3n de los delitos previstos en los incisos 1\u00b0 y 2\u00b0 del N\u00b0 4 del art\u00edculo 97 del C\u00f3digo Tributario. Inexistencia de dolo espec\u00edfico requerido en tales conductas<\/li>\n<\/ol>\n<p style=\"font-weight: 400;\">Anexo 5<br \/>\nCircular N\u00b0 08 del 14 de enero del 2010. Imparte instrucciones sobre procesos de recopilaci\u00f3n de antecedentes por delitos tributarios<\/p>\n","protected":false},"excerpt":{"rendered":"<p>CAP\u00cdTULO PRIMERO GENERALIDADES SOBRE LOS DELITOS Y LAS INFRACCIONES TRIBUTARIAS Las infracciones y los delitos tributarios en el c\u00f3digo tributario 1.1. Concepto 1.2. Bien jur\u00eddico protegido Clasificaci\u00f3n de las infracciones tributarias y delitos tributarios Distinci\u00f3n entre planificaci\u00f3n tributaria, elusi\u00f3n y evasi\u00f3n a) La econom\u00eda de opci\u00f3n o planificaci\u00f3n tributaria b) La Elusi\u00f3n c) La Evasi\u00f3n 1) Evasi\u00f3n involuntaria c.2) Evasi\u00f3n voluntaria CAP\u00cdTULO SEGUNDO AN\u00c1LISIS ESPEC\u00cdFICO DE CADA UNA DE LAS FIGURAS CALIFICADAS COMO DELITO TRIBUTARIO EN EL ART\u00cdCULO 97 DEL C\u00d3DIGO TRIBUTARIO Delitos contenidos en el N\u00b0 4 del art\u00edculo 97 del c\u00f3digo tributario 1.1. Primer delito contenido en el inciso 1\u00b0 del N\u00b0 4 del art\u00edculo 97 1.2. Segundo delito contenido en el inciso 1\u00b0 del N\u00b0 4 del art\u00edculo 97 1.3. Tercer delito contemplado en el inciso 1\u00b0 del N\u00b0 4 del art\u00edculo 97 1.4. Cuarto delito contemplado en el inciso 1\u00b0 del N\u00b0 4 del art\u00edculo 97 1.5. Quinto delito contenido en el inciso 1\u00b0 del N\u00b0 4 del art\u00edculo 97 1.6. Sexto delito contenido en el inciso 1\u00b0 del N\u00b0 4 del art\u00edculo 97 1.7. Delito contemplado en el inciso 2o del N\u00b0 4 del art\u00edculo 97 1.8. Delito contemplado en el inciso 3o del N\u00b0 4 del art\u00edculo 97 1.9. Delito contemplado en el inciso final del N\u00b0 4 del art\u00edculo 97 Delito contemplado en el N\u00b0 5 del art\u00edculo 97 Delito contemplado en el N\u00b0 8 del art\u00edculo 97 Delito contemplado en el N\u00b0 9 del art\u00edculo 97 Delito contemplado en el inciso tercero del N\u00b0 10 del art\u00edculo 97 Delito contemplado en el N\u00b0 12 del art\u00edculo 97 Delito contemplado en el N\u00b0 13 del art\u00edculo 97 Delitos previstos en el N\u00b0 14 del art\u00edculo 97 8.1. Delitos del inciso primero \u200369 8.2. Delito del inciso segundo \u200370 Delito contemplado en el N\u00b0 18 del art\u00edculo 97 Delito del N\u00b0 22 del art\u00edculo 97 Delitos del N\u00b0 23 del art\u00edculo 97 11.1. Delito del inciso 1\u00b0 11.2. Delito del inciso 2\u00b0 Delitos del N\u00b0 24 del art\u00edculo 97 12.1. Delitos del inciso primero 12.2. Delitos del inciso tercero Delitos del N\u00b0 25 art\u00edculo 97 13.1. Primer delito: El que act\u00fae como usuario de las zonas francas establecidas por ley, sin tener la habilitaci\u00f3n correspondiente. (Inciso 1\u00b0del N\u00b025) a) Actuar como USUARIO de las ZONAS FRANCAS establecidas por ley b) Sin tener la HABILITACI\u00d3N correspondiente 13.2. Segundo delito: El usuario de las zonas francas establecidas por ley, que utilice la habilitaci\u00f3n correspondiente para defraudar al Fisco. (Inciso 1o del N\u00b0 25) 13.3. Tercer delito: Sanciona a quien efect\u00fae transacciones con una persona que act\u00fae como usuario de zona franca, sabiendo que este no cuenta con la habilitaci\u00f3n correspondiente. (Inciso 2o del N\u00b025) 13.4. Cuarto delito: Sanciona a quien efect\u00fae transacciones con una persona que act\u00fae como usuario de zona franca, sabiendo que este utiliza dicha calidad para defraudar al fisco. (Inciso 2o del N\u00b0 25) Delito del N\u00b0 26 art\u00edculo 97 Delito del art\u00edculo 100 CAP\u00cdTULO TERCERO CONCURSOS, PARTICIPACI\u00d3N Y COMUNICABILIDAD EN LOS DELITOS TRIBUTARIOS Concurso material o real Concurso ideal Participaci\u00f3n y delito tributario. El problema de la comunicabilidad CAP\u00cdTULO CUARTO CONSTITUCIONALIDAD DE LA RECOPILACI\u00d3N DE ANTECEDENTES Recopilaci\u00f3n de antecedentes CAP\u00cdTULO QUINTO CONTRAVENCIONES O INFRACCIONES ADMINISTRATIVAS TRIBUTARIAS Definici\u00f3n de infracci\u00f3n administrativa Importancia de la diferenciaci\u00f3n entre delito tributario e infracci\u00f3n administrativa o contravenci\u00f3n III. Terminolog\u00eda Elementos de la infracci\u00f3n administrativa o contravenci\u00f3n La acci\u00f3n u omisi\u00f3n 2. La legalidad y la tipicidad 3. La antijuridicidad 4. La culpabilidad 5. La sanci\u00f3n An\u00e1lisis de las infracciones previstas en el art\u00edculo 97 del c\u00f3digo tributario Infracciones previstas en el N\u00b0 1 del art\u00edculo 97 1.A. Infracciones del inciso primero 1.B. Infracciones inciso segundo Infracciones del N\u00b0 2 del art\u00edculo 97 2.A. Infracciones del inciso primero 2.B. Infracciones del inciso tercero Infracciones del N\u00b0 3 del art\u00edculo 97 Infracci\u00f3n del N\u00b0 6 del art\u00edculo 97 Infracciones del N\u00b0 7 del art\u00edculo 97 Infracciones del N\u00b0 10 del art\u00edculo 97 a) La primera conducta que se sanciona es el NO otorgamiento de gu\u00edas de despacho, de facturas, notas de d\u00e9bito, notas de cr\u00e9dito o boletas en los casos y en la forma exigidos por, las leyes* b) La segunda conducta que castiga el art\u00edculo 97 N\u00b0 10 del C\u00f3digo Tributario es EL USO de boletas no autorizadas o de facturas, notas de d\u00e9bito, notas de cr\u00e9dito o gu\u00edas de despacho sin el timbre correspondiente c) La tercera conducta que sanciona el art\u00edculo 97 N\u00b0 10 del C\u00f3digo Tributario castiga el FRACCIONAMIENTO del monto de las ventas o el de otras operaciones, para eludir el otorgamiento de boletas. Se trata de sancionar la divisi\u00f3n de una venta (o de otra operaci\u00f3n) en partes o fracciones para, de ese modo, eludir el otorgamiento de boletas Infracciones del N\u00b0 11 del art\u00edculo 97 7.A. Infracci\u00f3n del inciso primero 7.B. Aumenta de las multas. Nuevo inciso segundo incorporado por Ley N\u00b0 19.738 de 19 de junio de 2001 \u2003123 Infracci\u00f3n del N\u00b0 15 del art\u00edculo 97 Infracci\u00f3n del N\u00b0 16 del art\u00edculo 97 Infracciones del N\u00b0 17 del art\u00edculo 97 Infracciones del N\u00b0 19 del art\u00edculo 97 Infracciones del N\u00b0 20 del art\u00edculo 97 Infracci\u00f3n del N\u00b0 21 del art\u00edculo 97 CAP\u00cdTULO SEXTO RESPONSABILIDAD POR LAS INFRACCIONES Y DELITOS TRIBUTARIOS Responsabilidad por las infracciones administrativas y civiles 2. Responsabilidad por los delitos tributarios y por los apremios CAP\u00cdTULO S\u00c9PTIMO CIRCUNSTANCIAS MODIFICATORIAS DE RESPONSABILIDAD POR LAS INFRACCIONES ADMINISTRATIVAS Y CIVILES Y POR LOS DELITOS TRIBUTARIOS Infracciones administrativas y civiles Delitos tributarios 2.1. Eximente o atenuante especial 2.2. Atenuantes especiales 2.3. Agravantes especiales CAP\u00cdTULO OCTAVO PRESCRIPCI\u00d3N DE LAS INFRACCIONES Y DELITOS TRIBUTARIOS Prescripci\u00f3n de la acci\u00f3n derivada de las contravenciones A. Infracciones civiles Prescripci\u00f3n de la acci\u00f3n para perseguir las infracciones civiles B. Infracciones administrativas Prescripci\u00f3n de la acci\u00f3n para perseguir las infracciones administrativas Prescripci\u00f3n de la acci\u00f3n derivada de los delitos tributarios 2.1. El Servicio de Impuestos Internos o el Consejo de Defensa del Estado ejercen la acci\u00f3n penal por delito tributario de acuerdo a la facultad otorgada por el actual<\/p>\n","protected":false},"featured_media":3408,"comment_status":"open","ping_status":"closed","template":"","meta":{"inline_featured_image":false,"_joinchat":[]},"product_brand":[],"product_cat":[28],"product_tag":[],"class_list":{"0":"post-3368","1":"product","2":"type-product","3":"status-publish","4":"has-post-thumbnail","6":"product_cat-tributario","7":"product_shipping_class-a-convenir","9":"first","10":"instock","11":"shipping-taxable","12":"purchasable","13":"product-type-simple"},"_links":{"self":[{"href":"https:\/\/bibliotecajuridicavirtual.cl\/index.php\/wp-json\/wp\/v2\/product\/3368","targetHints":{"allow":["GET"]}}],"collection":[{"href":"https:\/\/bibliotecajuridicavirtual.cl\/index.php\/wp-json\/wp\/v2\/product"}],"about":[{"href":"https:\/\/bibliotecajuridicavirtual.cl\/index.php\/wp-json\/wp\/v2\/types\/product"}],"replies":[{"embeddable":true,"href":"https:\/\/bibliotecajuridicavirtual.cl\/index.php\/wp-json\/wp\/v2\/comments?post=3368"}],"wp:featuredmedia":[{"embeddable":true,"href":"https:\/\/bibliotecajuridicavirtual.cl\/index.php\/wp-json\/wp\/v2\/media\/3408"}],"wp:attachment":[{"href":"https:\/\/bibliotecajuridicavirtual.cl\/index.php\/wp-json\/wp\/v2\/media?parent=3368"}],"wp:term":[{"taxonomy":"product_brand","embeddable":true,"href":"https:\/\/bibliotecajuridicavirtual.cl\/index.php\/wp-json\/wp\/v2\/product_brand?post=3368"},{"taxonomy":"product_cat","embeddable":true,"href":"https:\/\/bibliotecajuridicavirtual.cl\/index.php\/wp-json\/wp\/v2\/product_cat?post=3368"},{"taxonomy":"product_tag","embeddable":true,"href":"https:\/\/bibliotecajuridicavirtual.cl\/index.php\/wp-json\/wp\/v2\/product_tag?post=3368"}],"curies":[{"name":"wp","href":"https:\/\/api.w.org\/{rel}","templated":true}]}}