{"id":3370,"date":"2026-02-28T01:12:52","date_gmt":"2026-02-28T04:12:52","guid":{"rendered":"https:\/\/bibliotecajuridicavirtual.cl\/?post_type=product&#038;p=3370"},"modified":"2026-02-28T01:13:32","modified_gmt":"2026-02-28T04:13:32","slug":"curso-de-derecho-procesal-civil-tomo-v-los-medios-de-impugnacion-ano-2021-368-pag-autor-alejandro-romero-seguel","status":"publish","type":"product","link":"https:\/\/bibliotecajuridicavirtual.cl\/index.php\/product\/curso-de-derecho-procesal-civil-tomo-v-los-medios-de-impugnacion-ano-2021-368-pag-autor-alejandro-romero-seguel\/","title":{"rendered":"Curso de Derecho Procesal Civil &#8211;  Tomo V &#8211; Los Medios de Impugnaci\u00f3n. A\u00f1o 2021\/ 368 P\u00e1g. Autor  Alejandro Romero Seguel"},"content":{"rendered":"<p class=\"thomsonreuterscl-dynamic-description-0-x-dynamicDescriptionItem\">En este V tomo del Curso de Derecho Procesal Civil<\/p>\n<p class=\"thomsonreuterscl-dynamic-description-0-x-dynamicDescriptionItem\">Se estudian los medios de impugnaci\u00f3n previstos en el C\u00f3digo de Procedimiento Civil y el recurso de queja contenido en el C\u00f3digo Org\u00e1nico de Tribunales. Tomando como base varias instituciones procesales, se explica con sentido pr\u00e1ctico el sistema de control que llevan a cabo los jueces de las resoluciones judiciales. El trabajo presenta un estudio de la tramitaci\u00f3n de los recursos conforme a la ley de tramitaci\u00f3n electr\u00f3nica. El contenido de esta investigaci\u00f3n contin\u00faa con la propuesta innovadora que caracteriza este Curso, incluyendo un an\u00e1lisis de varios problemas sobre los efectos de los recursos hasta ahora no tratados en nuestro medio, como el efecto sustitutivo, el efecto com\u00fan personal del recurso. La utilizaci\u00f3n de abundante jurisprudencia permite conocer los criterios en los temas m\u00e1s relevantes abordados en este tomo.<\/p>\n<p style=\"font-weight: 400;\"><b><strong>CAP\u00cdTULO I<\/strong><\/b><br \/>\n<b><strong>CONCEPTOS FUNDAMENTALES<\/strong><\/b><\/p>\n<ol>\n<li style=\"font-weight: 400;\">\nExplicaci\u00f3n preliminar<\/li>\n<li style=\"font-weight: 400;\">La colegialidad como garant\u00eda<\/li>\n<li style=\"font-weight: 400;\">La Corte Suprema<\/li>\n<li style=\"font-weight: 400;\">Las Cortes de Apelaciones<\/li>\n<li style=\"font-weight: 400;\">El derecho al recurso y el debido proceso<\/li>\n<li style=\"font-weight: 400;\">El agravio como base de la impugnaci\u00f3n<br \/>\n6.1. Los errores que generan un agravio<br \/>\n6.2. Requisitos del agravio<\/p>\n<p>7. Los sujetos legitimados en la impugnaci\u00f3n<\/li>\n<li style=\"font-weight: 400;\">Las resoluciones judiciales como objeto de impugnaci\u00f3n<\/li>\n<li style=\"font-weight: 400;\">La eficacia del acto procesal de impugnaci\u00f3n<br \/>\n9.1. El estudio de admisibilidad<br \/>\n9.2. Las exigencias t\u00e9cnicas de la impugnaci\u00f3n<br \/>\n9.3. Los derechos del recurrido<\/li>\n<li style=\"font-weight: 400;\">Clasificaci\u00f3n de los medios de impugnaci\u00f3n<\/li>\n<li style=\"font-weight: 400;\">El principio de bilateralidad y la impugnaci\u00f3n<\/li>\n<li style=\"font-weight: 400;\">Tribunal a quo y tribunal ad quem<\/li>\n<li style=\"font-weight: 400;\">Los distintos modelos de impugnaci\u00f3n<\/li>\n<li style=\"font-weight: 400;\">El alcance de la pretensi\u00f3n impugnatoria\n<p>15. El efecto devolutivo y el efecto suspensivo<\/li>\n<li style=\"font-weight: 400;\">La ejecuci\u00f3n provisional de lo resuelto<\/li>\n<li style=\"font-weight: 400;\">La competencia del tribunal ad quem<\/li>\n<li style=\"font-weight: 400;\">El efecto sustitutivo de la sentencia<br \/>\n18.1. Delimitaci\u00f3n del tema<br \/>\n18.2. Forma de concretar el efecto sustitutivo<\/li>\n<li style=\"font-weight: 400;\">El recurso de nulidad y el efecto sustitutivo<\/li>\n<li style=\"font-weight: 400;\">Efecto sustitutivo y control de la Administraci\u00f3n<\/li>\n<li style=\"font-weight: 400;\">La prohibici\u00f3n de la reformatio in peius<\/li>\n<li style=\"font-weight: 400;\">El principio del iura novit curia y la competencia del ad quem<\/li>\n<li style=\"font-weight: 400;\">El efecto com\u00fan o personal del recurso<\/li>\n<li style=\"font-weight: 400;\">La renuncia de derechos y medios de impugnaci\u00f3n<br \/>\n24.1. Renuncia de las acciones<br \/>\n24.2. Renuncia de los recursos<br \/>\n24.3. Renuncia de las solicitudes<\/li>\n<li style=\"font-weight: 400;\">El control de oficio y su contraste con los recursos<\/li>\n<li style=\"font-weight: 400;\">El sistema de impugnaci\u00f3n y su organizaci\u00f3n formal<br \/>\n26.1. La tramitaci\u00f3n del asunto ante el tribunal colegiado<br \/>\n26.2. La instalaci\u00f3n del tribunal y el anuncio<br \/>\n26.3. La integraci\u00f3n del tribunal<br \/>\n26.4. Algunas cuestiones pr\u00e1cticas vinculadas a la vista de la causa<br \/>\n26.5. La vista de la causa por videoconferencia<\/li>\n<li style=\"font-weight: 400;\">El relator<\/li>\n<li style=\"font-weight: 400;\">El alegato<\/li>\n<li style=\"font-weight: 400;\">La minuta de alegato<\/li>\n<\/ol>\n<p style=\"font-weight: 400;\">\n<b><strong>CAP\u00cdTULO II<\/strong><\/b><br \/>\n<b><strong>LAS SOLICITUDES<\/strong><\/b><\/p>\n<ol>\n<li style=\"font-weight: 400;\">Explicaci\u00f3n previa<\/li>\n<li style=\"font-weight: 400;\">El recurso de reposici\u00f3n o reconsideraci\u00f3n<\/li>\n<li style=\"font-weight: 400;\">La solicitud de aclaraci\u00f3n, agregaci\u00f3n o rectificaci\u00f3n\n<p><b><strong><br \/>\nCAP\u00cdTULO III<\/strong><\/b><br \/>\n<b><strong>EL RECURSO DE APELACI\u00d3N<\/strong><\/b><\/li>\n<li style=\"font-weight: 400;\">Descripci\u00f3n general<\/li>\n<li style=\"font-weight: 400;\">El agravio en el recurso de apelaci\u00f3n<\/li>\n<li style=\"font-weight: 400;\">Requisitos del agravio<\/li>\n<li style=\"font-weight: 400;\">Los sujetos legitimados del recurso<\/li>\n<li style=\"font-weight: 400;\">Las resoluciones susceptibles del recurso<br \/>\n5.1. El r\u00e9gimen general<br \/>\n5.2. Algunos sistemas especiales de apelaci\u00f3n<br \/>\n5.3. Discusiones sobre la procedencia del recurso<\/li>\n<li style=\"font-weight: 400;\">El procedimiento de apelaci\u00f3n<br \/>\n6.1. El doble estudio de admisibilidad<br \/>\n6.2. Formalidades del escrito de apelaci\u00f3n<br \/>\n6.3. Lugar donde se deduce<br \/>\n6.4. El plazo para apelar<\/li>\n<li style=\"font-weight: 400;\">Efectos con el que se concede el recurso<br \/>\n7.1. El efecto devolutivo<br \/>\n7.2. El efecto suspensivo<\/li>\n<li style=\"font-weight: 400;\">La orden de no innovar<\/li>\n<li style=\"font-weight: 400;\">La fase de apelaci\u00f3n ante el Tribunal ad quem<\/li>\n<li style=\"font-weight: 400;\">Derechos del apelado en la fijaci\u00f3n del objeto en segunda instancia<\/li>\n<li style=\"font-weight: 400;\">Forma como se conoce el recurso de apelaci\u00f3n por el Tribunal ad quem<\/li>\n<li style=\"font-weight: 400;\">La adhesi\u00f3n a la apelaci\u00f3n<\/li>\n<li style=\"font-weight: 400;\">La prueba en segunda instancia<br \/>\n13.1. Su funci\u00f3n en la actividad de control<br \/>\n13.2. La actividad probatoria admisible a las partes<br \/>\n13.3. Hechos extintivos o impeditivos alegados por el demandado<br \/>\n13.4. La iniciativa probatoria del tribunal de alzada<\/li>\n<li style=\"font-weight: 400;\">Los incidentes en segunda instancia<\/li>\n<li style=\"font-weight: 400;\">La decisi\u00f3n del asunto en segunda instancia<br \/>\n15.1. L\u00edmites para resolver la litis<br \/>\n15.2. La congruencia y acumulaci\u00f3n de acciones<br \/>\n15.3. El control de oficio<\/li>\n<li style=\"font-weight: 400;\">El efecto sustitutivo de la sentencia de segunda instancia<br \/>\n16.1. Tipos de sentencias<br \/>\n16.2. El efecto sustitutivo de la sentencia modificatoria o revocatoria<\/li>\n<li style=\"font-weight: 400;\">Las notificaciones en segunda instancia<\/li>\n<li style=\"font-weight: 400;\">La conclusi\u00f3n de la segunda instancia y sus efectos<\/li>\n<li style=\"font-weight: 400;\">Las costas en segunda instancia<\/li>\n<li style=\"font-weight: 400;\">Los efectos de la sentencia de segunda instancia<\/li>\n<\/ol>\n<p style=\"font-weight: 400;\">\n<p style=\"font-weight: 400;\"><b><strong>CAP\u00cdTULO IV<\/strong><\/b><br \/>\n<b><strong>EL RECURSO DE HECHO<\/strong><\/b><\/p>\n<p style=\"font-weight: 400;\">\n<ol>\n<li style=\"font-weight: 400;\">Explicaci\u00f3n general<\/li>\n<li style=\"font-weight: 400;\">El verdadero recurso de hecho<\/li>\n<li style=\"font-weight: 400;\">El falso recurso de hecho<\/li>\n<li style=\"font-weight: 400;\">Algunas discusiones jurisprudenciales<\/li>\n<\/ol>\n<p style=\"font-weight: 400;\">\n<p style=\"font-weight: 400;\"><b><strong>CAP\u00cdTULO V<\/strong><\/b><br \/>\n<b><strong>EL RECURSO DE CASACI\u00d3N EN LA FORMA<\/strong><\/b><\/p>\n<p style=\"font-weight: 400;\">\n<ol>\n<li style=\"font-weight: 400;\">Antecedentes generales<\/li>\n<li style=\"font-weight: 400;\">Sujeto legitimado para recurrir<\/li>\n<li style=\"font-weight: 400;\">Resoluciones recurribles de casaci\u00f3n en la forma<\/li>\n<li style=\"font-weight: 400;\">Requisitos de admisibilidad del recurso<\/li>\n<li style=\"font-weight: 400;\">La preparaci\u00f3n del recurso<\/li>\n<li style=\"font-weight: 400;\">Sistematizaci\u00f3n de las causales de casaci\u00f3n en la forma<br \/>\n6.1. La protecci\u00f3n de los presupuestos procesales relativos al \u00f3rgano jurisdiccional<br \/>\n6.2. La protecci\u00f3n del presupuesto procesal del emplazamiento de las partes en la forma prescrita por la ley<br \/>\n6.3. La garant\u00eda relativa a la fundamentaci\u00f3n de la sentencia<br \/>\n6.4. La observancia del principio de congruencia<br \/>\n6.4.1. La ultra petita<br \/>\n6.4.2. La omisi\u00f3n del asunto controvertido<br \/>\n6.4.3. Las decisiones contradictorias<br \/>\n6.5. La observancia de los tr\u00e1mites esenciales en los procesos que se\u00f1ala la ley<br \/>\n6.6. La intangibilidad de la cosa juzgada<\/li>\n<li style=\"font-weight: 400;\">La interposici\u00f3n conjunta con el recurso de apelaci\u00f3n<\/li>\n<li style=\"font-weight: 400;\">Aspectos procesales o de tramitaci\u00f3n<br \/>\n8.1. El doble estudio de admisibilidad<br \/>\n8.2. Los efectos en que se concede el recurso de casaci\u00f3n y su ejecuci\u00f3n provisional<br \/>\n8.2.1. El concepto de cauci\u00f3n en el \u00e1mbito procesal<br \/>\n8.2.2. El car\u00e1cter conmutativo que debe tener la fianza de resultas8.3. La prueba de la causal de casaci\u00f3n<br \/>\n8.4. La vista de la causa en la casaci\u00f3n<\/li>\n<li style=\"font-weight: 400;\">La sentencia de casaci\u00f3n y el reenv\u00edo en la casaci\u00f3n en la forma<\/li>\n<li style=\"font-weight: 400;\">La conclusi\u00f3n del recurso<\/li>\n<li style=\"font-weight: 400;\">El recurso de casaci\u00f3n en la forma de oficio<\/li>\n<\/ol>\n<p style=\"font-weight: 400;\">\n<p style=\"font-weight: 400;\"><b><strong>CAP\u00cdTULO VI<\/strong><\/b><br \/>\n<b><strong>EL RECURSO DE CASACI\u00d3N EN EL FONDO<\/strong><\/b><\/p>\n<p style=\"font-weight: 400;\">\n<ol>\n<li style=\"font-weight: 400;\">Explicaci\u00f3n preliminar<\/li>\n<li style=\"font-weight: 400;\">Caracter\u00edsticas de nuestro sistema de casaci\u00f3n en el fondo<\/li>\n<li style=\"font-weight: 400;\">Sujeto legitimado para recurrir<\/li>\n<li style=\"font-weight: 400;\">Resoluciones recurribles de casaci\u00f3n en el fondo<\/li>\n<li style=\"font-weight: 400;\">La causal fundante del recurso<\/li>\n<li style=\"font-weight: 400;\">El agravio que se denuncia<br \/>\n6.1. El cuestionamiento expl\u00edcito de la legalidad<br \/>\n6.2. La alegaci\u00f3n previa de las normas decisorias<br \/>\n6.3. La infracci\u00f3n debe recaer en una norma decisoria litis<br \/>\n6.4. En algunos casos se debe denunciar perentoriamente infracciones a las leyes reguladoras de la prueba<br \/>\n6.4.1. Las reglas b\u00e1sicas del acto de prueba<br \/>\n6.4.2. Los sistemas de valoraci\u00f3n de la prueba<br \/>\n6.4.3. En el sistema de prueba legal<br \/>\n6.4.4. En el sistema de apreciaci\u00f3n conforme a la sana cr\u00edtica<br \/>\n6.4.5. La valoraci\u00f3n de la prueba en conciencia<\/li>\n<li style=\"font-weight: 400;\">Estudio de admisibilidad del recurso<br \/>\n7.1. Aspectos procesales<br \/>\n7.2. Panorama general de los requisitos de admisibilidad<br \/>\n7.3. La manifiesta falta de fundamentos como mecanismo de selecci\u00f3n<br \/>\n7.4. La vista de la causa y el derecho de defensa de las partes<\/li>\n<li style=\"font-weight: 400;\">La conclusi\u00f3n del recurso de casaci\u00f3n en el fondo<\/li>\n<li style=\"font-weight: 400;\">El recurso de casaci\u00f3n en el fondo y efecto sustitutivo<\/li>\n<li style=\"font-weight: 400;\">La infracci\u00f3n de normas jur\u00eddicas supra e infralegales<\/li>\n<li style=\"font-weight: 400;\">La infracci\u00f3n a la denominada ley del contrato<br \/>\n11.1. Explicaci\u00f3n previa<br \/>\n11.2. La infracci\u00f3n de la ley del contrato y de las leyes interpretativas. La decisi\u00f3n acerca de si hay contrato y su calificaci\u00f3n<br \/>\n11.3. La interpretaci\u00f3n propiamente tal del contrato<br \/>\n11.4. La tesis vigente y los desaf\u00edos<\/li>\n<li style=\"font-weight: 400;\">Casaci\u00f3n y principios generales del derecho<\/li>\n<li style=\"font-weight: 400;\">La infracci\u00f3n de jurisprudencia como causal<br \/>\n13.1. El retorno a la b\u00fasqueda del precedente judicial<br \/>\n13.2. El error in iudicando que surge de la prescindencia de los precedentes judiciales<br \/>\n13.3. Un ejemplo de ratio decidendi consolidada<br \/>\n13.4. La t\u00e9cnica de la distinci\u00f3n y el precedente<\/li>\n<li style=\"font-weight: 400;\">La igualdad del objeto del proceso<\/li>\n<li style=\"font-weight: 400;\">La acreditaci\u00f3n de la doctrina jurisprudencial<\/li>\n<li style=\"font-weight: 400;\">El recurso de casaci\u00f3n en el fondo para unificar doctrina civil<\/li>\n<\/ol>\n<p style=\"font-weight: 400;\"><b><strong>CAP\u00cdTULO VII<\/strong><\/b><br \/>\n<b><strong>EL RECURSO DE REVISI\u00d3N<\/strong><\/b><\/p>\n<p style=\"font-weight: 400;\">\n<ol>\n<li style=\"font-weight: 400;\">L\u00edmites a la impugnaci\u00f3n<\/li>\n<li style=\"font-weight: 400;\">La acci\u00f3n de revisi\u00f3n como mecanismo extraordinario<\/li>\n<li style=\"font-weight: 400;\">Las resoluciones de la Corte Suprema y la acci\u00f3n de revisi\u00f3n<\/li>\n<li style=\"font-weight: 400;\">La prejudicialidad como exigencia de la impugnaci\u00f3n<\/li>\n<li style=\"font-weight: 400;\">La cosa juzgada como causal<\/li>\n<li style=\"font-weight: 400;\">Aspectos procesales o de tramitaci\u00f3n<\/li>\n<li style=\"font-weight: 400;\">El efecto sustitutivo en la acci\u00f3n de revisi\u00f3n<\/li>\n<\/ol>\n<p style=\"font-weight: 400;\">\n<p style=\"font-weight: 400;\"><b><strong>CAP\u00cdTULO VIII<\/strong><\/b><br \/>\n<b><strong>EL RECURSO DE QUEJA<\/strong><\/b><\/p>\n<p style=\"font-weight: 400;\">\n<ol>\n<li style=\"font-weight: 400;\">Su especialidad como medio de impugnaci\u00f3n<\/li>\n<li style=\"font-weight: 400;\">Resoluciones susceptibles del recurso<\/li>\n<li style=\"font-weight: 400;\">Requisitos formales y estudio de admisibilidad<\/li>\n<li style=\"font-weight: 400;\">Tramitaci\u00f3n del recurso<\/li>\n<li style=\"font-weight: 400;\">Efectos del recurso<\/li>\n<li style=\"font-weight: 400;\">Recursos contra el fallo de un recurso de queja<\/li>\n<li style=\"font-weight: 400;\">La actuaci\u00f3n de oficio como suced\u00e1neo<\/li>\n<\/ol>\n","protected":false},"excerpt":{"rendered":"<p>En este V tomo del Curso de Derecho Procesal Civil Se estudian los medios de impugnaci\u00f3n previstos en el C\u00f3digo de Procedimiento Civil y el recurso de queja contenido en el C\u00f3digo Org\u00e1nico de Tribunales. Tomando como base varias instituciones procesales, se explica con sentido pr\u00e1ctico el sistema de control que llevan a cabo los jueces de las resoluciones judiciales. El trabajo presenta un estudio de la tramitaci\u00f3n de los recursos conforme a la ley de tramitaci\u00f3n electr\u00f3nica. El contenido de esta investigaci\u00f3n contin\u00faa con la propuesta innovadora que caracteriza este Curso, incluyendo un an\u00e1lisis de varios problemas sobre los efectos de los recursos hasta ahora no tratados en nuestro medio, como el efecto sustitutivo, el efecto com\u00fan personal del recurso. La utilizaci\u00f3n de abundante jurisprudencia permite conocer los criterios en los temas m\u00e1s relevantes abordados en este tomo. CAP\u00cdTULO I CONCEPTOS FUNDAMENTALES Explicaci\u00f3n preliminar La colegialidad como garant\u00eda La Corte Suprema Las Cortes de Apelaciones El derecho al recurso y el debido proceso El agravio como base de la impugnaci\u00f3n 6.1. Los errores que generan un agravio 6.2. Requisitos del agravio 7. Los sujetos legitimados en la impugnaci\u00f3n Las resoluciones judiciales como objeto de impugnaci\u00f3n La eficacia del acto procesal de impugnaci\u00f3n 9.1. El estudio de admisibilidad 9.2. Las exigencias t\u00e9cnicas de la impugnaci\u00f3n 9.3. Los derechos del recurrido Clasificaci\u00f3n de los medios de impugnaci\u00f3n El principio de bilateralidad y la impugnaci\u00f3n Tribunal a quo y tribunal ad quem Los distintos modelos de impugnaci\u00f3n El alcance de la pretensi\u00f3n impugnatoria 15. El efecto devolutivo y el efecto suspensivo La ejecuci\u00f3n provisional de lo resuelto La competencia del tribunal ad quem El efecto sustitutivo de la sentencia 18.1. Delimitaci\u00f3n del tema 18.2. Forma de concretar el efecto sustitutivo El recurso de nulidad y el efecto sustitutivo Efecto sustitutivo y control de la Administraci\u00f3n La prohibici\u00f3n de la reformatio in peius El principio del iura novit curia y la competencia del ad quem El efecto com\u00fan o personal del recurso La renuncia de derechos y medios de impugnaci\u00f3n 24.1. Renuncia de las acciones 24.2. Renuncia de los recursos 24.3. Renuncia de las solicitudes El control de oficio y su contraste con los recursos El sistema de impugnaci\u00f3n y su organizaci\u00f3n formal 26.1. La tramitaci\u00f3n del asunto ante el tribunal colegiado 26.2. La instalaci\u00f3n del tribunal y el anuncio 26.3. La integraci\u00f3n del tribunal 26.4. Algunas cuestiones pr\u00e1cticas vinculadas a la vista de la causa 26.5. La vista de la causa por videoconferencia El relator El alegato La minuta de alegato CAP\u00cdTULO II LAS SOLICITUDES Explicaci\u00f3n previa El recurso de reposici\u00f3n o reconsideraci\u00f3n La solicitud de aclaraci\u00f3n, agregaci\u00f3n o rectificaci\u00f3n CAP\u00cdTULO III EL RECURSO DE APELACI\u00d3N Descripci\u00f3n general El agravio en el recurso de apelaci\u00f3n Requisitos del agravio Los sujetos legitimados del recurso Las resoluciones susceptibles del recurso 5.1. El r\u00e9gimen general 5.2. Algunos sistemas especiales de apelaci\u00f3n 5.3. Discusiones sobre la procedencia del recurso El procedimiento de apelaci\u00f3n 6.1. El doble estudio de admisibilidad 6.2. Formalidades del escrito de apelaci\u00f3n 6.3. Lugar donde se deduce 6.4. El plazo para apelar Efectos con el que se concede el recurso 7.1. El efecto devolutivo 7.2. El efecto suspensivo La orden de no innovar La fase de apelaci\u00f3n ante el Tribunal ad quem Derechos del apelado en la fijaci\u00f3n del objeto en segunda instancia Forma como se conoce el recurso de apelaci\u00f3n por el Tribunal ad quem La adhesi\u00f3n a la apelaci\u00f3n La prueba en segunda instancia 13.1. Su funci\u00f3n en la actividad de control 13.2. La actividad probatoria admisible a las partes 13.3. Hechos extintivos o impeditivos alegados por el demandado 13.4. La iniciativa probatoria del tribunal de alzada Los incidentes en segunda instancia La decisi\u00f3n del asunto en segunda instancia 15.1. L\u00edmites para resolver la litis 15.2. La congruencia y acumulaci\u00f3n de acciones 15.3. El control de oficio El efecto sustitutivo de la sentencia de segunda instancia 16.1. Tipos de sentencias 16.2. El efecto sustitutivo de la sentencia modificatoria o revocatoria Las notificaciones en segunda instancia La conclusi\u00f3n de la segunda instancia y sus efectos Las costas en segunda instancia Los efectos de la sentencia de segunda instancia CAP\u00cdTULO IV EL RECURSO DE HECHO Explicaci\u00f3n general El verdadero recurso de hecho El falso recurso de hecho Algunas discusiones jurisprudenciales CAP\u00cdTULO V EL RECURSO DE CASACI\u00d3N EN LA FORMA Antecedentes generales Sujeto legitimado para recurrir Resoluciones recurribles de casaci\u00f3n en la forma Requisitos de admisibilidad del recurso La preparaci\u00f3n del recurso Sistematizaci\u00f3n de las causales de casaci\u00f3n en la forma 6.1. La protecci\u00f3n de los presupuestos procesales relativos al \u00f3rgano jurisdiccional 6.2. La protecci\u00f3n del presupuesto procesal del emplazamiento de las partes en la forma prescrita por la ley 6.3. La garant\u00eda relativa a la fundamentaci\u00f3n de la sentencia 6.4. La observancia del principio de congruencia 6.4.1. La ultra petita 6.4.2. La omisi\u00f3n del asunto controvertido 6.4.3. Las decisiones contradictorias 6.5. La observancia de los tr\u00e1mites esenciales en los procesos que se\u00f1ala la ley 6.6. La intangibilidad de la cosa juzgada La interposici\u00f3n conjunta con el recurso de apelaci\u00f3n Aspectos procesales o de tramitaci\u00f3n 8.1. El doble estudio de admisibilidad 8.2. Los efectos en que se concede el recurso de casaci\u00f3n y su ejecuci\u00f3n provisional 8.2.1. El concepto de cauci\u00f3n en el \u00e1mbito procesal 8.2.2. El car\u00e1cter conmutativo que debe tener la fianza de resultas8.3. La prueba de la causal de casaci\u00f3n 8.4. La vista de la causa en la casaci\u00f3n La sentencia de casaci\u00f3n y el reenv\u00edo en la casaci\u00f3n en la forma La conclusi\u00f3n del recurso El recurso de casaci\u00f3n en la forma de oficio CAP\u00cdTULO VI EL RECURSO DE CASACI\u00d3N EN EL FONDO Explicaci\u00f3n preliminar Caracter\u00edsticas de nuestro sistema de casaci\u00f3n en el fondo Sujeto legitimado para recurrir Resoluciones recurribles de casaci\u00f3n en el fondo La causal fundante del recurso El agravio que se denuncia 6.1. El cuestionamiento expl\u00edcito de la legalidad 6.2. La alegaci\u00f3n previa de las normas decisorias 6.3. La infracci\u00f3n debe recaer en una norma decisoria litis 6.4. En algunos casos se debe denunciar perentoriamente infracciones<\/p>\n","protected":false},"featured_media":3410,"comment_status":"open","ping_status":"closed","template":"","meta":{"inline_featured_image":false,"_joinchat":[]},"product_brand":[],"product_cat":[39,42],"product_tag":[],"class_list":{"0":"post-3370","1":"product","2":"type-product","3":"status-publish","4":"has-post-thumbnail","6":"product_cat-procesal-civil","7":"product_cat-thomson-reuters","8":"product_shipping_class-a-convenir","10":"first","11":"instock","12":"shipping-taxable","13":"purchasable","14":"product-type-simple"},"_links":{"self":[{"href":"https:\/\/bibliotecajuridicavirtual.cl\/index.php\/wp-json\/wp\/v2\/product\/3370","targetHints":{"allow":["GET"]}}],"collection":[{"href":"https:\/\/bibliotecajuridicavirtual.cl\/index.php\/wp-json\/wp\/v2\/product"}],"about":[{"href":"https:\/\/bibliotecajuridicavirtual.cl\/index.php\/wp-json\/wp\/v2\/types\/product"}],"replies":[{"embeddable":true,"href":"https:\/\/bibliotecajuridicavirtual.cl\/index.php\/wp-json\/wp\/v2\/comments?post=3370"}],"wp:featuredmedia":[{"embeddable":true,"href":"https:\/\/bibliotecajuridicavirtual.cl\/index.php\/wp-json\/wp\/v2\/media\/3410"}],"wp:attachment":[{"href":"https:\/\/bibliotecajuridicavirtual.cl\/index.php\/wp-json\/wp\/v2\/media?parent=3370"}],"wp:term":[{"taxonomy":"product_brand","embeddable":true,"href":"https:\/\/bibliotecajuridicavirtual.cl\/index.php\/wp-json\/wp\/v2\/product_brand?post=3370"},{"taxonomy":"product_cat","embeddable":true,"href":"https:\/\/bibliotecajuridicavirtual.cl\/index.php\/wp-json\/wp\/v2\/product_cat?post=3370"},{"taxonomy":"product_tag","embeddable":true,"href":"https:\/\/bibliotecajuridicavirtual.cl\/index.php\/wp-json\/wp\/v2\/product_tag?post=3370"}],"curies":[{"name":"wp","href":"https:\/\/api.w.org\/{rel}","templated":true}]}}