{"id":3371,"date":"2026-02-28T01:12:52","date_gmt":"2026-02-28T04:12:52","guid":{"rendered":"https:\/\/bibliotecajuridicavirtual.cl\/?post_type=product&#038;p=3371"},"modified":"2026-02-28T01:13:36","modified_gmt":"2026-02-28T04:13:36","slug":"curso-de-derecho-procesal-civil-de-los-actos-procesales-y-sus-efectos-tomo-iv-ano-marzo-2017-241-pag-autor-alejandro-romero-seguel","status":"publish","type":"product","link":"https:\/\/bibliotecajuridicavirtual.cl\/index.php\/product\/curso-de-derecho-procesal-civil-de-los-actos-procesales-y-sus-efectos-tomo-iv-ano-marzo-2017-241-pag-autor-alejandro-romero-seguel\/","title":{"rendered":"Curso de Derecho Procesal Civil &#8211;  De los Actos Procesales y sus Efectos &#8211; Tomo IV. A\u00f1o Marzo 2017 \/ 241 P\u00e1g. Autor Alejandro Romero Seguel"},"content":{"rendered":"<p>Este IV Tomo del Curso de Derecho Procesal Civil presenta un estudio de los actos procesales y sus efectos. Su objetivo es facilitar a los estudiantes de Derecho una visi\u00f3n de conjunto de varias instituciones procesales.<\/p>\n<p>La exposici\u00f3n toma como base los actos procesales, examinando sus requisitos y el r\u00e9gimen general de las ineficacias jur\u00eddicas que les afectan, como la inexistencia, la inadmisibilidad, la nulidad, la caducidad y la inoponibilidad.<\/p>\n<p>Un cap\u00edtulo separado se asigna a las resoluciones judiciales, cuya relevancia como acto procesal no requiere mayor justificaci\u00f3n.<\/p>\n<p>Dentro de sus efectos se examina con especial detenci\u00f3n la cosa juzgada y la prejudicialidad.<\/p>\n<p>Respecto de la cosa juzgada se ofrece una visi\u00f3n breve, pero lo m\u00e1s completa posible, de una instituci\u00f3n cl\u00e1sica del Derecho Procesal. El an\u00e1lisis incluye la distinci\u00f3n de la sentencia como un acto y como un hecho para explicar algunas proyecciones de la sentencia judicial, con el objeto de contribuir a solucionar problemas que se presentan en la pr\u00e1ctica judicial.<\/p>\n<p>En relaci\u00f3n a la prejudicialidad, se estudia las distintas manifestaciones que tiene en el proceso civil, conforme a los criterios aceptados por nuestro sistema jur\u00eddico, los que han sido enriquecidos por la explicaci\u00f3n te\u00f3rica.<\/p>\n<p>En cada cap\u00edtulo se incluyen las referencias doctrinales y jurisprudenciales. La experiencia pr\u00e1ctica del autor y su conocida trayectoria acad\u00e9mica garantizan que este aporte contribuya a solucionar los problemas procesales de jueces, abogados y contribuya a la formaci\u00f3n de los futuros abogados.<\/p>\n","protected":false},"excerpt":{"rendered":"<p>Este IV Tomo del Curso de Derecho Procesal Civil presenta un estudio de los actos procesales y sus efectos. Su objetivo es facilitar a los estudiantes de Derecho una visi\u00f3n de conjunto de varias instituciones procesales. La exposici\u00f3n toma como base los actos procesales, examinando sus requisitos y el r\u00e9gimen general de las ineficacias jur\u00eddicas que les afectan, como la inexistencia, la inadmisibilidad, la nulidad, la caducidad y la inoponibilidad. Un cap\u00edtulo separado se asigna a las resoluciones judiciales, cuya relevancia como acto procesal no requiere mayor justificaci\u00f3n. Dentro de sus efectos se examina con especial detenci\u00f3n la cosa juzgada y la prejudicialidad. Respecto de la cosa juzgada se ofrece una visi\u00f3n breve, pero lo m\u00e1s completa posible, de una instituci\u00f3n cl\u00e1sica del Derecho Procesal. El an\u00e1lisis incluye la distinci\u00f3n de la sentencia como un acto y como un hecho para explicar algunas proyecciones de la sentencia judicial, con el objeto de contribuir a solucionar problemas que se presentan en la pr\u00e1ctica judicial. En relaci\u00f3n a la prejudicialidad, se estudia las distintas manifestaciones que tiene en el proceso civil, conforme a los criterios aceptados por nuestro sistema jur\u00eddico, los que han sido enriquecidos por la explicaci\u00f3n te\u00f3rica. En cada cap\u00edtulo se incluyen las referencias doctrinales y jurisprudenciales. La experiencia pr\u00e1ctica del autor y su conocida trayectoria acad\u00e9mica garantizan que este aporte contribuya a solucionar los problemas procesales de jueces, abogados y contribuya a la formaci\u00f3n de los futuros abogados.<\/p>\n","protected":false},"featured_media":3411,"comment_status":"open","ping_status":"closed","template":"","meta":{"inline_featured_image":false,"_joinchat":[]},"product_brand":[],"product_cat":[39,42],"product_tag":[],"class_list":{"0":"post-3371","1":"product","2":"type-product","3":"status-publish","4":"has-post-thumbnail","6":"product_cat-procesal-civil","7":"product_cat-thomson-reuters","8":"product_shipping_class-a-convenir","10":"first","11":"instock","12":"shipping-taxable","13":"purchasable","14":"product-type-simple"},"_links":{"self":[{"href":"https:\/\/bibliotecajuridicavirtual.cl\/index.php\/wp-json\/wp\/v2\/product\/3371","targetHints":{"allow":["GET"]}}],"collection":[{"href":"https:\/\/bibliotecajuridicavirtual.cl\/index.php\/wp-json\/wp\/v2\/product"}],"about":[{"href":"https:\/\/bibliotecajuridicavirtual.cl\/index.php\/wp-json\/wp\/v2\/types\/product"}],"replies":[{"embeddable":true,"href":"https:\/\/bibliotecajuridicavirtual.cl\/index.php\/wp-json\/wp\/v2\/comments?post=3371"}],"wp:featuredmedia":[{"embeddable":true,"href":"https:\/\/bibliotecajuridicavirtual.cl\/index.php\/wp-json\/wp\/v2\/media\/3411"}],"wp:attachment":[{"href":"https:\/\/bibliotecajuridicavirtual.cl\/index.php\/wp-json\/wp\/v2\/media?parent=3371"}],"wp:term":[{"taxonomy":"product_brand","embeddable":true,"href":"https:\/\/bibliotecajuridicavirtual.cl\/index.php\/wp-json\/wp\/v2\/product_brand?post=3371"},{"taxonomy":"product_cat","embeddable":true,"href":"https:\/\/bibliotecajuridicavirtual.cl\/index.php\/wp-json\/wp\/v2\/product_cat?post=3371"},{"taxonomy":"product_tag","embeddable":true,"href":"https:\/\/bibliotecajuridicavirtual.cl\/index.php\/wp-json\/wp\/v2\/product_tag?post=3371"}],"curies":[{"name":"wp","href":"https:\/\/api.w.org\/{rel}","templated":true}]}}