{"id":3372,"date":"2026-02-28T01:12:52","date_gmt":"2026-02-28T04:12:52","guid":{"rendered":"https:\/\/bibliotecajuridicavirtual.cl\/?post_type=product&#038;p=3372"},"modified":"2026-02-28T01:13:37","modified_gmt":"2026-02-28T04:13:37","slug":"anuario-chileno-de-jurisprudencia-2021-ano-abril-2024-370-pag-autor-cristian-lepin-molina","status":"publish","type":"product","link":"https:\/\/bibliotecajuridicavirtual.cl\/index.php\/product\/anuario-chileno-de-jurisprudencia-2021-ano-abril-2024-370-pag-autor-cristian-lepin-molina\/","title":{"rendered":"Anuario chileno de Jurisprudencia 2021. A\u00f1o Abril 2024\/ 370 P\u00e1g. Autor Cristi\u00e1n Lepin Molina"},"content":{"rendered":"<p>El Anuario Chileno de Jurisprudencia es una obra de nuestra casa editorial que tiene por objeto analizar cr\u00edticamente las sentencias relevantes dictadas cada a\u00f1o por las Cortes de Apelaciones, Corte Suprema, por el Tribunal Constitucional o por la Corte Interamericana de Derechos Humanos. Se trata de una publicaci\u00f3n anual, que tiene su tercera edici\u00f3n en el a\u00f1o 2021.<br \/>\nLa importancia de la jurisprudencia como fuente del Derecho es conocida, aun en un sistema jur\u00eddico como el nuestro, en que el efecto de la sentencia es s\u00f3lo obligatorio para el caso concreto, pero m\u00e1s all\u00e1 de esta situaci\u00f3n, lo cierto es que el valor de la jurisprudencia es el de determinar el verdadero Derecho, ese que se aplica a las actos y conductas de los ciudadanos, y que supera la dimensi\u00f3n te\u00f3rica que abunda en nuestra tradici\u00f3n jur\u00eddica.<br \/>\nEs por ello, que esta obra pretende establecer un puente que genere un intercambio entre los acad\u00e9micos y litigantes con los tribunales de justicia, que enriquezca el debate por medio del estudio y an\u00e1lisis de las sentencias, formando un espacio de retroalimentaci\u00f3n que permita avanzar en la resoluci\u00f3n de los conflictos que afectan a las personas, especialmente de aquellas que pertenecen a grupos vulnerables.<br \/>\n\u00cdndice<br \/>\nPresentaci\u00f3n\u00a0\u00a0 \u00a0\u00a0\u00a0 \u00a011<br \/>\nComentario a la sentencia de la Corte Interamericana de Derechos Humanos en el Caso Vera Rojas y Otros vs. Chile\u00a0\u00a0 \u00a0\u00a0\u00a0 \u00a015<br \/>\nCecilia Dom\u00ednguez Valverde<br \/>\nExamen de convencionalidad en fallo del tribunal que acoge inaplicabilidad planteada por un juez de la Rep\u00fablica\u00a0\u00a0 \u00a0\u00a0\u00a0 \u00a033<br \/>\nJ\u00e9sica Torres Quintanilla<br \/>\nLa protecci\u00f3n ante el hostigamiento y\/o persecuci\u00f3n de un particular. \u00bfc\u00f3mo asegurar la eficacia de la decisi\u00f3n judicial?\u00a0\u00a0 \u00a0\u00a0\u00a0 \u00a0123<br \/>\nJorge Larroucau Torres<br \/>\nExenci\u00f3n de Impuesto de Primera Categor\u00eda para servicios sanitarios prestados por entidades estatales: el caso de la Municipalidad de Maip\u00fa\u00a0\u00a0 \u00a0\u00a0\u00a0 \u00a0137<br \/>\nSergio Endress G\u00f3mez<br \/>\nLa calificaci\u00f3n judicial del trabajo en plataformas digitales de servicios\u00a0\u00a0 \u00a0\u00a0\u00a0 \u00a0165<br \/>\nLuis Lizama Portal<br \/>\nProcedimiento de invalidaci\u00f3n iniciado durante una reclamaci\u00f3n contenciosa administrativa educacional: \u00bfun medio de impugnaci\u00f3n o una potestad de revisi\u00f3n unilateral? Audiencia previa del interesado como tr\u00e1mite esencial para proceder a invalidar el acto administrativo\u00a0\u00a0 \u00a0\u00a0\u00a0 \u00a0195<br \/>\nArturo Yuseff Rivers<br \/>\nLas relaciones derivadas del estado de familia y su fundamento como causal de oposici\u00f3n en los juicios civiles de precario\u00a0\u00a0 \u00a0\u00a0\u00a0 \u00a0209<br \/>\nGabriel Mu\u00f1oz Bonacic<br \/>\nLas relaciones de consumo en productos financieros: deberes de informaci\u00f3n, seguridad y est\u00e1ndares de diligencia en su manejo y cuidado. An\u00e1lisis a la luz de las leyes N\u00ba 19.496 y N\u00ba 20.009\u00a0\u00a0 \u00a0\u00a0\u00a0 \u00a0229<br \/>\nCarlos Corro Calder\u00f3n<br \/>\nSobre los Acuerdos Extrajudiciales en Libre Competencia\u00a0\u00a0 \u00a0\u00a0\u00a0 \u00a0243<br \/>\nNicol\u00e1s Carrasco Delgado<br \/>\nDeber de congruencia y facultades del tribunal oral en lo penal para recalificar los hechos materia de acusaci\u00f3n\u00a0\u00a0 \u00a0\u00a0\u00a0 \u00a0261<br \/>\nCristi\u00e1n Arias Vicencio<br \/>\nComentario a la Sentencia Rol N\u00ba 139.995-2020, de la Corte Suprema\u00a0\u00a0 \u00a0\u00a0\u00a0 \u00a0287<br \/>\nIgnacio Mujica Torres<br \/>\nPedro Cruz Maturana<br \/>\n(In)constitucionalidad del delito previsto en el inciso primero del art. 318 del C\u00f3digo penal, en cuanto ley penal en blanco\u00a0\u00a0 \u00a0\u00a0\u00a0 \u00a0311<br \/>\nFrancisco Maldonado Fuentes<\/p>\n","protected":false},"excerpt":{"rendered":"<p>El Anuario Chileno de Jurisprudencia es una obra de nuestra casa editorial que tiene por objeto analizar cr\u00edticamente las sentencias relevantes dictadas cada a\u00f1o por las Cortes de Apelaciones, Corte Suprema, por el Tribunal Constitucional o por la Corte Interamericana de Derechos Humanos. Se trata de una publicaci\u00f3n anual, que tiene su tercera edici\u00f3n en el a\u00f1o 2021. La importancia de la jurisprudencia como fuente del Derecho es conocida, aun en un sistema jur\u00eddico como el nuestro, en que el efecto de la sentencia es s\u00f3lo obligatorio para el caso concreto, pero m\u00e1s all\u00e1 de esta situaci\u00f3n, lo cierto es que el valor de la jurisprudencia es el de determinar el verdadero Derecho, ese que se aplica a las actos y conductas de los ciudadanos, y que supera la dimensi\u00f3n te\u00f3rica que abunda en nuestra tradici\u00f3n jur\u00eddica. Es por ello, que esta obra pretende establecer un puente que genere un intercambio entre los acad\u00e9micos y litigantes con los tribunales de justicia, que enriquezca el debate por medio del estudio y an\u00e1lisis de las sentencias, formando un espacio de retroalimentaci\u00f3n que permita avanzar en la resoluci\u00f3n de los conflictos que afectan a las personas, especialmente de aquellas que pertenecen a grupos vulnerables. \u00cdndice Presentaci\u00f3n\u00a0\u00a0 \u00a0\u00a0\u00a0 \u00a011 Comentario a la sentencia de la Corte Interamericana de Derechos Humanos en el Caso Vera Rojas y Otros vs. Chile\u00a0\u00a0 \u00a0\u00a0\u00a0 \u00a015 Cecilia Dom\u00ednguez Valverde Examen de convencionalidad en fallo del tribunal que acoge inaplicabilidad planteada por un juez de la Rep\u00fablica\u00a0\u00a0 \u00a0\u00a0\u00a0 \u00a033 J\u00e9sica Torres Quintanilla La protecci\u00f3n ante el hostigamiento y\/o persecuci\u00f3n de un particular. \u00bfc\u00f3mo asegurar la eficacia de la decisi\u00f3n judicial?\u00a0\u00a0 \u00a0\u00a0\u00a0 \u00a0123 Jorge Larroucau Torres Exenci\u00f3n de Impuesto de Primera Categor\u00eda para servicios sanitarios prestados por entidades estatales: el caso de la Municipalidad de Maip\u00fa\u00a0\u00a0 \u00a0\u00a0\u00a0 \u00a0137 Sergio Endress G\u00f3mez La calificaci\u00f3n judicial del trabajo en plataformas digitales de servicios\u00a0\u00a0 \u00a0\u00a0\u00a0 \u00a0165 Luis Lizama Portal Procedimiento de invalidaci\u00f3n iniciado durante una reclamaci\u00f3n contenciosa administrativa educacional: \u00bfun medio de impugnaci\u00f3n o una potestad de revisi\u00f3n unilateral? Audiencia previa del interesado como tr\u00e1mite esencial para proceder a invalidar el acto administrativo\u00a0\u00a0 \u00a0\u00a0\u00a0 \u00a0195 Arturo Yuseff Rivers Las relaciones derivadas del estado de familia y su fundamento como causal de oposici\u00f3n en los juicios civiles de precario\u00a0\u00a0 \u00a0\u00a0\u00a0 \u00a0209 Gabriel Mu\u00f1oz Bonacic Las relaciones de consumo en productos financieros: deberes de informaci\u00f3n, seguridad y est\u00e1ndares de diligencia en su manejo y cuidado. An\u00e1lisis a la luz de las leyes N\u00ba 19.496 y N\u00ba 20.009\u00a0\u00a0 \u00a0\u00a0\u00a0 \u00a0229 Carlos Corro Calder\u00f3n Sobre los Acuerdos Extrajudiciales en Libre Competencia\u00a0\u00a0 \u00a0\u00a0\u00a0 \u00a0243 Nicol\u00e1s Carrasco Delgado Deber de congruencia y facultades del tribunal oral en lo penal para recalificar los hechos materia de acusaci\u00f3n\u00a0\u00a0 \u00a0\u00a0\u00a0 \u00a0261 Cristi\u00e1n Arias Vicencio Comentario a la Sentencia Rol N\u00ba 139.995-2020, de la Corte Suprema\u00a0\u00a0 \u00a0\u00a0\u00a0 \u00a0287 Ignacio Mujica Torres Pedro Cruz Maturana (In)constitucionalidad del delito previsto en el inciso primero del art. 318 del C\u00f3digo penal, en cuanto ley penal en blanco\u00a0\u00a0 \u00a0\u00a0\u00a0 \u00a0311 Francisco Maldonado Fuentes<\/p>\n","protected":false},"featured_media":3412,"comment_status":"open","ping_status":"closed","template":"","meta":{"inline_featured_image":false,"_joinchat":[]},"product_brand":[],"product_cat":[27],"product_tag":[],"class_list":{"0":"post-3372","1":"product","2":"type-product","3":"status-publish","4":"has-post-thumbnail","6":"product_cat-civil","7":"product_shipping_class-a-convenir","9":"first","10":"instock","11":"shipping-taxable","12":"purchasable","13":"product-type-simple"},"_links":{"self":[{"href":"https:\/\/bibliotecajuridicavirtual.cl\/index.php\/wp-json\/wp\/v2\/product\/3372","targetHints":{"allow":["GET"]}}],"collection":[{"href":"https:\/\/bibliotecajuridicavirtual.cl\/index.php\/wp-json\/wp\/v2\/product"}],"about":[{"href":"https:\/\/bibliotecajuridicavirtual.cl\/index.php\/wp-json\/wp\/v2\/types\/product"}],"replies":[{"embeddable":true,"href":"https:\/\/bibliotecajuridicavirtual.cl\/index.php\/wp-json\/wp\/v2\/comments?post=3372"}],"wp:featuredmedia":[{"embeddable":true,"href":"https:\/\/bibliotecajuridicavirtual.cl\/index.php\/wp-json\/wp\/v2\/media\/3412"}],"wp:attachment":[{"href":"https:\/\/bibliotecajuridicavirtual.cl\/index.php\/wp-json\/wp\/v2\/media?parent=3372"}],"wp:term":[{"taxonomy":"product_brand","embeddable":true,"href":"https:\/\/bibliotecajuridicavirtual.cl\/index.php\/wp-json\/wp\/v2\/product_brand?post=3372"},{"taxonomy":"product_cat","embeddable":true,"href":"https:\/\/bibliotecajuridicavirtual.cl\/index.php\/wp-json\/wp\/v2\/product_cat?post=3372"},{"taxonomy":"product_tag","embeddable":true,"href":"https:\/\/bibliotecajuridicavirtual.cl\/index.php\/wp-json\/wp\/v2\/product_tag?post=3372"}],"curies":[{"name":"wp","href":"https:\/\/api.w.org\/{rel}","templated":true}]}}