{"id":3375,"date":"2026-02-28T01:12:53","date_gmt":"2026-02-28T04:12:53","guid":{"rendered":"https:\/\/bibliotecajuridicavirtual.cl\/?post_type=product&#038;p=3375"},"modified":"2026-02-28T01:13:40","modified_gmt":"2026-02-28T04:13:40","slug":"vision-jurisprudencial-actos-de-violencia-y-discriminacion-sexual-ano-abril-2024-237-pag-autor-editorial-hammurabi","status":"publish","type":"product","link":"https:\/\/bibliotecajuridicavirtual.cl\/index.php\/product\/vision-jurisprudencial-actos-de-violencia-y-discriminacion-sexual-ano-abril-2024-237-pag-autor-editorial-hammurabi\/","title":{"rendered":"Visi\u00f3n Jurisprudencial Actos de Violencia y  Discriminaci\u00f3n Sexual. A\u00f1o Abril 2024\/ 237 P\u00e1g. Autor  \tEditorial Hammurabi"},"content":{"rendered":"<ol>\n<li style=\"font-weight: 400;\"><b><strong> FICHAS &#8211; ACTOS DE VIOLENCIA Y DISCRIMINACI\u00d3N SEXUAL<\/strong><\/b><\/li>\n<\/ol>\n<p style=\"font-weight: 400;\">Ficha N\u00ba 1: Recurso de protecci\u00f3n. Derecho constitucional de igualdad ante la ley. Libertad de conciencia. Diversidad sexual. Discriminaci\u00f3n escolar. Entrega set de \u00fatiles escolares.<\/p>\n<p style=\"font-weight: 400;\">An\u00e1lisis de la pretensi\u00f3n y defensa<br \/>\n1. S\u00edntesis de los fallos<br \/>\n2. Conclusi\u00f3n<\/p>\n<p style=\"font-weight: 400;\">Ficha N\u00ba 2: Recurso de protecci\u00f3n. Bullying homof\u00f3bico. Negativa de estudiantes involucrados. Redes sociales.<\/p>\n<p style=\"font-weight: 400;\">An\u00e1lisis de la pretensi\u00f3n y defensa<br \/>\n1. S\u00edntesis de los fallos<br \/>\n2. Conclusi\u00f3n<\/p>\n<p style=\"font-weight: 400;\">Ficha N\u00ba 3: Recurso de protecci\u00f3n. perturbaci\u00f3n de los derechos de integridad f\u00edsica y ps\u00edquica. Publicaci\u00f3n de Movilh. \u201cFuna\u201d en redes sociales.<\/p>\n<p style=\"font-weight: 400;\">An\u00e1lisis de la pretensi\u00f3n y defensa<br \/>\n1. S\u00edntesis de los fallos<br \/>\n2. Conclusi\u00f3n<\/p>\n<p style=\"font-weight: 400;\">Ficha N\u00ba 4: Recurso de protecci\u00f3n. Acto arbitrario e ilegal consistente en la publicaci\u00f3n de expresiones agraviantes en redes sociales. Ataque homof\u00f3bico. Medida cautelar.<\/p>\n<p style=\"font-weight: 400;\">An\u00e1lisis de la pretensi\u00f3n y defensa<br \/>\n1. S\u00edntesis de los fallos<br \/>\n2. Conclusi\u00f3n<\/p>\n<p style=\"font-weight: 400;\">Ficha N\u00ba 5: Acci\u00f3n constitucional de protecci\u00f3n. Comunidad homosexual. Pedofilia. Movilh.<\/p>\n<p style=\"font-weight: 400;\">An\u00e1lisis de la pretensi\u00f3n y defensa<br \/>\n1. S\u00edntesis de los fallos<br \/>\n2. Conclusi\u00f3n<\/p>\n<p style=\"font-weight: 400;\">Ficha N\u00ba 6: Recurso de protecci\u00f3n. Diversidad sexual. Movilh. Acto arbitrario e ilegal. Consejo Nacional de Televisi\u00f3n.<\/p>\n<p style=\"font-weight: 400;\">An\u00e1lisis de la pretensi\u00f3n y defensa<br \/>\n1. S\u00edntesis de los fallos<br \/>\n2. Conclusi\u00f3n<\/p>\n<p style=\"font-weight: 400;\">Ficha N\u00ba 7: Recurso de nulidad. Acoso laboral. Trato xenof\u00f3bico, homof\u00f3bico y mis\u00f3gino. Despido. Cobro de prestaciones laborales.<\/p>\n<p style=\"font-weight: 400;\">An\u00e1lisis de la pretensi\u00f3n y defensa<br \/>\n1. S\u00edntesis de los fallos<br \/>\n2. Conclusi\u00f3n<\/p>\n<p style=\"font-weight: 400;\">Ficha N\u00ba 8: Recurso de protecci\u00f3n. Transg\u00e9nero femenina. Cambio de nombre. Movilh.<\/p>\n<p>An\u00e1lisis de la pretensi\u00f3n y defensa<br \/>\n1. S\u00edntesis de los fallos<br \/>\n2. Conclusi\u00f3n<\/p>\n<p style=\"font-weight: 400;\">Ficha N\u00ba 9: Acci\u00f3n de amparo constitucional. Medida cautelar de prisi\u00f3n preventiva. Movimiento de integraci\u00f3n y liberaci\u00f3n homosexual, Movilh. Delito de robo con fuerza en lugar no habitado.<\/p>\n<p style=\"font-weight: 400;\">An\u00e1lisis de la pretensi\u00f3n y defensa<br \/>\n1. S\u00edntesis de los fallos<br \/>\n2. Conclusi\u00f3n<\/p>\n<p style=\"font-weight: 400;\">Ficha N\u00ba 10: Recurso de protecci\u00f3n. Movilh. Voto en contra. Minor\u00edas sexuales.<\/p>\n<p style=\"font-weight: 400;\">An\u00e1lisis de la pretensi\u00f3n y defensa<br \/>\n1. S\u00edntesis de los fallos<br \/>\n2. Conclusi\u00f3n<\/p>\n<p style=\"font-weight: 400;\">Ficha N\u00ba 11: Reclamo de ilegalidad. Inaplicabilidad por inconstitucionalidad. Matrimonio homosexual celebrado en el extranjero. Movimiento de integraci\u00f3n y liberaci\u00f3n homosexual.<\/p>\n<p style=\"font-weight: 400;\">An\u00e1lisis de la pretensi\u00f3n y defensa<br \/>\n1. S\u00edntesis de los fallos<br \/>\n2. Conclusi\u00f3n<\/p>\n<p style=\"font-weight: 400;\">Ficha N\u00ba 12: Recurso de protecci\u00f3n. Cuento titulado \u201cNicol\u00e1s tiene dos pap\u00e1s\u201d. Movimiento de liberaci\u00f3n e integraci\u00f3n homosexual (Movilh). Pol\u00edtica educacional.<\/p>\n<p style=\"font-weight: 400;\">An\u00e1lisis de la pretensi\u00f3n y defensa<br \/>\n1. S\u00edntesis de los fallos<br \/>\n2. Conclusi\u00f3n<\/p>\n<ol>\n<li style=\"font-weight: 400;\"><b><strong> SENTENCIAS DE LA CORTES DE APELACIONES \u2013 ACTOS DE VIOLENCIA Y DISCRIMINACI\u00d3N SEXUAL<\/strong><\/b><\/li>\n<\/ol>\n<p style=\"font-weight: 400;\">Sentencia 1. Silvana P\u00eda Salvatierra Pino y otros contra Junta Nacional de Auxilio Escolar y becas.<br \/>\nSentencia 2. Sociedad Colegio persona contra ONG Movilh y otro.<br \/>\nSentencia 3. Giselle Jocelyn Campos N\u00fa\u00f1ez contra Mar\u00eda Elena Garc\u00eda Plaza y Alexis Salvador Arancibia V\u00e1squez.<br \/>\nSentencia 4. Christian Alonso Rubio Gaibor contra Organizaci\u00f3n no gubernamental de desarrollo movimiento de integraci\u00f3n y liberaci\u00f3n homosexual. (Movilh).<br \/>\nSentencia 5. Organizaci\u00f3n no gubernamental de desarrollo movimiento de integraci\u00f3n y liberaci\u00f3n homosexual, Movilh contra Natalia Nils Valderrama C\u00e9spedes.<br \/>\nSentencia 6. Jorge Alexis Lucero Rossel y otros contra Partido Pol\u00edtico Uni\u00f3n Dem\u00f3crata Independiente.<br \/>\nSentencia 7. Francisco Andr\u00e9s Rojas Sandoval contra Consultora Ainilebu SpA. e Ilustre Municipalidad de Valdivia.<br \/>\nSentencia 8. Ayleen Vergara Cornejo contra Red Salud UC-Christus (Christus Health).<br \/>\nSentencia 9. Juan Carlos Montalb\u00e1n P\u00e9rez, Sandro Antonio Rodr\u00edguez Porras, Alberto Alexandro Fa\u00fandez Pino, Fernanda Andrea Seguel Rodr\u00edguez y Fallon Vamira Poblete Araya.<br \/>\nSentencia 10. Edgardo Agust\u00edn Castro Leiva contra Movimiento de integraci\u00f3n y liberaci\u00f3n homosexual (Movilh).<br \/>\nSentencia 11. Mar\u00eda de los \u00c1ngeles Arrieta Ugarte con Consejo para la Transparencia.<br \/>\nSentencia 12. Igor Gustav Aros Osses y otra contra Junta Nacional de Jardines Infantiles (Junji).<\/p>\n<p style=\"font-weight: 400;\"><b><strong>III. LEGISLACI\u00d3N<\/strong><\/b><\/p>\n<p>Ley N\u00b0 20.609. Establece medidas contra la discriminaci\u00f3n ley N\u00b0 21.120. Reconoce y da protecci\u00f3n al derecho a la identidad de g\u00e9nero<br \/>\nLey N\u00b0 21.400. Modifica diversos cuerpos legales para regular, en igualdad de condiciones, el matrimonio entre personas del mismo sexo<br \/>\nLey N\u00b0 20.830. Crea el acuerdo de uni\u00f3n civil<br \/>\nLey N\u00b0 21.511. Establece el d\u00eda nacional de la diversidad<br \/>\nLey N\u00b0 20.968. Tipifica delitos de tortura y de tratos crueles, inhumanos y degradantes<\/p>\n","protected":false},"excerpt":{"rendered":"<p>FICHAS &#8211; ACTOS DE VIOLENCIA Y DISCRIMINACI\u00d3N SEXUAL Ficha N\u00ba 1: Recurso de protecci\u00f3n. Derecho constitucional de igualdad ante la ley. Libertad de conciencia. Diversidad sexual. Discriminaci\u00f3n escolar. Entrega set de \u00fatiles escolares. An\u00e1lisis de la pretensi\u00f3n y defensa 1. S\u00edntesis de los fallos 2. Conclusi\u00f3n Ficha N\u00ba 2: Recurso de protecci\u00f3n. Bullying homof\u00f3bico. Negativa de estudiantes involucrados. Redes sociales. An\u00e1lisis de la pretensi\u00f3n y defensa 1. S\u00edntesis de los fallos 2. Conclusi\u00f3n Ficha N\u00ba 3: Recurso de protecci\u00f3n. perturbaci\u00f3n de los derechos de integridad f\u00edsica y ps\u00edquica. Publicaci\u00f3n de Movilh. \u201cFuna\u201d en redes sociales. An\u00e1lisis de la pretensi\u00f3n y defensa 1. S\u00edntesis de los fallos 2. Conclusi\u00f3n Ficha N\u00ba 4: Recurso de protecci\u00f3n. Acto arbitrario e ilegal consistente en la publicaci\u00f3n de expresiones agraviantes en redes sociales. Ataque homof\u00f3bico. Medida cautelar. An\u00e1lisis de la pretensi\u00f3n y defensa 1. S\u00edntesis de los fallos 2. Conclusi\u00f3n Ficha N\u00ba 5: Acci\u00f3n constitucional de protecci\u00f3n. Comunidad homosexual. Pedofilia. Movilh. An\u00e1lisis de la pretensi\u00f3n y defensa 1. S\u00edntesis de los fallos 2. Conclusi\u00f3n Ficha N\u00ba 6: Recurso de protecci\u00f3n. Diversidad sexual. Movilh. Acto arbitrario e ilegal. Consejo Nacional de Televisi\u00f3n. An\u00e1lisis de la pretensi\u00f3n y defensa 1. S\u00edntesis de los fallos 2. Conclusi\u00f3n Ficha N\u00ba 7: Recurso de nulidad. Acoso laboral. Trato xenof\u00f3bico, homof\u00f3bico y mis\u00f3gino. Despido. Cobro de prestaciones laborales. An\u00e1lisis de la pretensi\u00f3n y defensa 1. S\u00edntesis de los fallos 2. Conclusi\u00f3n Ficha N\u00ba 8: Recurso de protecci\u00f3n. Transg\u00e9nero femenina. Cambio de nombre. Movilh. An\u00e1lisis de la pretensi\u00f3n y defensa 1. S\u00edntesis de los fallos 2. Conclusi\u00f3n Ficha N\u00ba 9: Acci\u00f3n de amparo constitucional. Medida cautelar de prisi\u00f3n preventiva. Movimiento de integraci\u00f3n y liberaci\u00f3n homosexual, Movilh. Delito de robo con fuerza en lugar no habitado. An\u00e1lisis de la pretensi\u00f3n y defensa 1. S\u00edntesis de los fallos 2. Conclusi\u00f3n Ficha N\u00ba 10: Recurso de protecci\u00f3n. Movilh. Voto en contra. Minor\u00edas sexuales. An\u00e1lisis de la pretensi\u00f3n y defensa 1. S\u00edntesis de los fallos 2. Conclusi\u00f3n Ficha N\u00ba 11: Reclamo de ilegalidad. Inaplicabilidad por inconstitucionalidad. Matrimonio homosexual celebrado en el extranjero. Movimiento de integraci\u00f3n y liberaci\u00f3n homosexual. An\u00e1lisis de la pretensi\u00f3n y defensa 1. S\u00edntesis de los fallos 2. Conclusi\u00f3n Ficha N\u00ba 12: Recurso de protecci\u00f3n. Cuento titulado \u201cNicol\u00e1s tiene dos pap\u00e1s\u201d. Movimiento de liberaci\u00f3n e integraci\u00f3n homosexual (Movilh). Pol\u00edtica educacional. An\u00e1lisis de la pretensi\u00f3n y defensa 1. S\u00edntesis de los fallos 2. Conclusi\u00f3n SENTENCIAS DE LA CORTES DE APELACIONES \u2013 ACTOS DE VIOLENCIA Y DISCRIMINACI\u00d3N SEXUAL Sentencia 1. Silvana P\u00eda Salvatierra Pino y otros contra Junta Nacional de Auxilio Escolar y becas. Sentencia 2. Sociedad Colegio persona contra ONG Movilh y otro. Sentencia 3. Giselle Jocelyn Campos N\u00fa\u00f1ez contra Mar\u00eda Elena Garc\u00eda Plaza y Alexis Salvador Arancibia V\u00e1squez. Sentencia 4. Christian Alonso Rubio Gaibor contra Organizaci\u00f3n no gubernamental de desarrollo movimiento de integraci\u00f3n y liberaci\u00f3n homosexual. (Movilh). Sentencia 5. Organizaci\u00f3n no gubernamental de desarrollo movimiento de integraci\u00f3n y liberaci\u00f3n homosexual, Movilh contra Natalia Nils Valderrama C\u00e9spedes. Sentencia 6. Jorge Alexis Lucero Rossel y otros contra Partido Pol\u00edtico Uni\u00f3n Dem\u00f3crata Independiente. Sentencia 7. Francisco Andr\u00e9s Rojas Sandoval contra Consultora Ainilebu SpA. e Ilustre Municipalidad de Valdivia. Sentencia 8. Ayleen Vergara Cornejo contra Red Salud UC-Christus (Christus Health). Sentencia 9. Juan Carlos Montalb\u00e1n P\u00e9rez, Sandro Antonio Rodr\u00edguez Porras, Alberto Alexandro Fa\u00fandez Pino, Fernanda Andrea Seguel Rodr\u00edguez y Fallon Vamira Poblete Araya. Sentencia 10. Edgardo Agust\u00edn Castro Leiva contra Movimiento de integraci\u00f3n y liberaci\u00f3n homosexual (Movilh). Sentencia 11. Mar\u00eda de los \u00c1ngeles Arrieta Ugarte con Consejo para la Transparencia. Sentencia 12. Igor Gustav Aros Osses y otra contra Junta Nacional de Jardines Infantiles (Junji). III. LEGISLACI\u00d3N Ley N\u00b0 20.609. Establece medidas contra la discriminaci\u00f3n ley N\u00b0 21.120. Reconoce y da protecci\u00f3n al derecho a la identidad de g\u00e9nero Ley N\u00b0 21.400. Modifica diversos cuerpos legales para regular, en igualdad de condiciones, el matrimonio entre personas del mismo sexo Ley N\u00b0 20.830. Crea el acuerdo de uni\u00f3n civil Ley N\u00b0 21.511. Establece el d\u00eda nacional de la diversidad Ley N\u00b0 20.968. Tipifica delitos de tortura y de tratos crueles, inhumanos y degradantes<\/p>\n","protected":false},"featured_media":3415,"comment_status":"open","ping_status":"closed","template":"","meta":{"inline_featured_image":false,"_joinchat":[]},"product_brand":[],"product_cat":[33],"product_tag":[],"class_list":{"0":"post-3375","1":"product","2":"type-product","3":"status-publish","4":"has-post-thumbnail","6":"product_cat-constitucional","7":"product_shipping_class-a-convenir","9":"first","10":"instock","11":"shipping-taxable","12":"purchasable","13":"product-type-simple"},"_links":{"self":[{"href":"https:\/\/bibliotecajuridicavirtual.cl\/index.php\/wp-json\/wp\/v2\/product\/3375","targetHints":{"allow":["GET"]}}],"collection":[{"href":"https:\/\/bibliotecajuridicavirtual.cl\/index.php\/wp-json\/wp\/v2\/product"}],"about":[{"href":"https:\/\/bibliotecajuridicavirtual.cl\/index.php\/wp-json\/wp\/v2\/types\/product"}],"replies":[{"embeddable":true,"href":"https:\/\/bibliotecajuridicavirtual.cl\/index.php\/wp-json\/wp\/v2\/comments?post=3375"}],"wp:featuredmedia":[{"embeddable":true,"href":"https:\/\/bibliotecajuridicavirtual.cl\/index.php\/wp-json\/wp\/v2\/media\/3415"}],"wp:attachment":[{"href":"https:\/\/bibliotecajuridicavirtual.cl\/index.php\/wp-json\/wp\/v2\/media?parent=3375"}],"wp:term":[{"taxonomy":"product_brand","embeddable":true,"href":"https:\/\/bibliotecajuridicavirtual.cl\/index.php\/wp-json\/wp\/v2\/product_brand?post=3375"},{"taxonomy":"product_cat","embeddable":true,"href":"https:\/\/bibliotecajuridicavirtual.cl\/index.php\/wp-json\/wp\/v2\/product_cat?post=3375"},{"taxonomy":"product_tag","embeddable":true,"href":"https:\/\/bibliotecajuridicavirtual.cl\/index.php\/wp-json\/wp\/v2\/product_tag?post=3375"}],"curies":[{"name":"wp","href":"https:\/\/api.w.org\/{rel}","templated":true}]}}