{"id":3378,"date":"2026-02-28T01:12:53","date_gmt":"2026-02-28T04:12:53","guid":{"rendered":"https:\/\/bibliotecajuridicavirtual.cl\/?post_type=product&#038;p=3378"},"modified":"2026-02-28T01:13:44","modified_gmt":"2026-02-28T04:13:44","slug":"acciones-de-separacion-nulidad-y-divorcio-ano-abril-2024-203-pag-autor-carlos-garrido-chacana","status":"publish","type":"product","link":"https:\/\/bibliotecajuridicavirtual.cl\/index.php\/product\/acciones-de-separacion-nulidad-y-divorcio-ano-abril-2024-203-pag-autor-carlos-garrido-chacana\/","title":{"rendered":"Acciones de Separaci\u00f3n, Nulidad y Divorcio. A\u00f1o Abril 2024\/ 203 P\u00e1g. Autor Carlos Garrido Chacana"},"content":{"rendered":"<p>El texto que hoy presentamos condensa una serie de an\u00e1lisis sobre los m\u00e1s diversos aspectos vinculados a la separaci\u00f3n de hecho; a las acciones de separaci\u00f3n judicial de los c\u00f3nyuges; a las acciones de nulidad de matrimonio; a las acciones de divorcio por culpa -causal gen\u00e9rica y espec\u00edficas-; a la acci\u00f3n de divorcio por cese de convivencia; a la solicitud conjunta de divorcio de los c\u00f3nyuges; y a las caracter\u00edsticas de la acci\u00f3n de divorcio, entre otras materias.<br \/>\nPor \u00faltimo -como se dijo en la Introducci\u00f3n-, el autor ha buscado desarrollar un trabajo que proporcionase a sus lectores una estructura que les permita obtener una visi\u00f3n m\u00e1s o menos completa de los temas analizados, cuesti\u00f3n cuya certeza o no podr\u00e1n corroborar una vez finalizado el recorrido por la obra, recorrido que esperamos sea ameno y did\u00e1ctico, pero por sobre todo, satisfactorio.<br \/>\nPor lo dicho y otras consideraciones que son de lata exposici\u00f3n, es que verdaderamente creemos, que el trabajo que nos presenta el autor en esta oportunidad ser\u00e1 de gran utilidad, tanto para la ense\u00f1anza del Derecho de Familia, pero especialmente, para el ejercicio profesional de abogados, jueces y dem\u00e1s funcionarios del orden judicial.<\/p>\n","protected":false},"excerpt":{"rendered":"<p>El texto que hoy presentamos condensa una serie de an\u00e1lisis sobre los m\u00e1s diversos aspectos vinculados a la separaci\u00f3n de hecho; a las acciones de separaci\u00f3n judicial de los c\u00f3nyuges; a las acciones de nulidad de matrimonio; a las acciones de divorcio por culpa -causal gen\u00e9rica y espec\u00edficas-; a la acci\u00f3n de divorcio por cese de convivencia; a la solicitud conjunta de divorcio de los c\u00f3nyuges; y a las caracter\u00edsticas de la acci\u00f3n de divorcio, entre otras materias. Por \u00faltimo -como se dijo en la Introducci\u00f3n-, el autor ha buscado desarrollar un trabajo que proporcionase a sus lectores una estructura que les permita obtener una visi\u00f3n m\u00e1s o menos completa de los temas analizados, cuesti\u00f3n cuya certeza o no podr\u00e1n corroborar una vez finalizado el recorrido por la obra, recorrido que esperamos sea ameno y did\u00e1ctico, pero por sobre todo, satisfactorio. Por lo dicho y otras consideraciones que son de lata exposici\u00f3n, es que verdaderamente creemos, que el trabajo que nos presenta el autor en esta oportunidad ser\u00e1 de gran utilidad, tanto para la ense\u00f1anza del Derecho de Familia, pero especialmente, para el ejercicio profesional de abogados, jueces y dem\u00e1s funcionarios del orden judicial.<\/p>\n","protected":false},"featured_media":3436,"comment_status":"open","ping_status":"closed","template":"","meta":{"inline_featured_image":false,"_joinchat":[]},"product_brand":[],"product_cat":[29],"product_tag":[],"class_list":{"0":"post-3378","1":"product","2":"type-product","3":"status-publish","4":"has-post-thumbnail","6":"product_cat-familia-y-del-menor","7":"product_shipping_class-a-convenir","9":"first","10":"instock","11":"shipping-taxable","12":"purchasable","13":"product-type-simple"},"_links":{"self":[{"href":"https:\/\/bibliotecajuridicavirtual.cl\/index.php\/wp-json\/wp\/v2\/product\/3378","targetHints":{"allow":["GET"]}}],"collection":[{"href":"https:\/\/bibliotecajuridicavirtual.cl\/index.php\/wp-json\/wp\/v2\/product"}],"about":[{"href":"https:\/\/bibliotecajuridicavirtual.cl\/index.php\/wp-json\/wp\/v2\/types\/product"}],"replies":[{"embeddable":true,"href":"https:\/\/bibliotecajuridicavirtual.cl\/index.php\/wp-json\/wp\/v2\/comments?post=3378"}],"wp:featuredmedia":[{"embeddable":true,"href":"https:\/\/bibliotecajuridicavirtual.cl\/index.php\/wp-json\/wp\/v2\/media\/3436"}],"wp:attachment":[{"href":"https:\/\/bibliotecajuridicavirtual.cl\/index.php\/wp-json\/wp\/v2\/media?parent=3378"}],"wp:term":[{"taxonomy":"product_brand","embeddable":true,"href":"https:\/\/bibliotecajuridicavirtual.cl\/index.php\/wp-json\/wp\/v2\/product_brand?post=3378"},{"taxonomy":"product_cat","embeddable":true,"href":"https:\/\/bibliotecajuridicavirtual.cl\/index.php\/wp-json\/wp\/v2\/product_cat?post=3378"},{"taxonomy":"product_tag","embeddable":true,"href":"https:\/\/bibliotecajuridicavirtual.cl\/index.php\/wp-json\/wp\/v2\/product_tag?post=3378"}],"curies":[{"name":"wp","href":"https:\/\/api.w.org\/{rel}","templated":true}]}}