{"id":3393,"date":"2026-02-28T01:13:22","date_gmt":"2026-02-28T04:13:22","guid":{"rendered":"https:\/\/bibliotecajuridicavirtual.cl\/?post_type=product&#038;p=3393"},"modified":"2026-02-28T01:13:47","modified_gmt":"2026-02-28T04:13:47","slug":"codigo-tributario-de-chile-2025-alvaro-magasich-airola-anillado-edicion-con-apendice-legislativo-indice-analitico-538-pag","status":"publish","type":"product","link":"https:\/\/bibliotecajuridicavirtual.cl\/index.php\/product\/codigo-tributario-de-chile-2025-alvaro-magasich-airola-anillado-edicion-con-apendice-legislativo-indice-analitico-538-pag\/","title":{"rendered":"C\u00f3digo Tributario de Chile 2025 * \u00c1lvaro Magasich Airola &#8211; Anillado, edici\u00f3n con ap\u00e9ndice legislativo. \u00cdndice anal\u00edtico &#8211; 538 P\u00e1g."},"content":{"rendered":"<p>&nbsp;<\/p>\n<p>C\u00f3digo Tributario de Chile<\/p>\n<p>4\u00aa Edici\u00f3n con ap\u00e9ndice legislativo<\/p>\n<p>\u00cdndice anal\u00edtico<\/p>\n<p>Texto a dos colores indicando los \u00faltimos cambios legislativos<\/p>\n<p>Texto actualizado a abril de 2025<\/p>\n<p>Incluye:<br \/>\nDecreto Ley N\u00ba 830 C\u00f3digo Tributario<br \/>\nDecreto con Fuerza de Ley N\u00ba 3 de 1969, crea Rol \u00danico Tributario<br \/>\nDecreto Ley N\u00ba 824 sobre Impuesto a la Renta<br \/>\nDecreto Ley N\u00ba 825 sobre Impuesto a las Ventas y Servicios<\/p>\n<p>Decreto Supremo N\u00ba 55 de Hacienda de 1977. Reglamento de la Ley de Impuesto a las Ventas y Servicios<br \/>\nLey N\u00ba 16.271 sobre Impuesto a las Herencias, Asignaciones y Donaciones<br \/>\nLey N\u00ba 17.235 sobre Impuesto Territorial<br \/>\nDecreto Ley N\u00b0 3.475 sobre Impuesto de Timbres y Estampillas<\/p>\n<p>\u00cdndice<br \/>\nPr\u00f3logo\u00a0\u00a0 \u00a0\u00a0\u00a0 \u00a013<br \/>\nDECRETO LEY N\u00ba 830<br \/>\nC\u00d3DIGO TRIBUTARIO<br \/>\nT\u00cdTULO PRELIMINAR\u00a0\u00a0 \u00a0\u00a0\u00a0 \u00a017<br \/>\nP\u00e1rrafo 1\u00ba. Disposiciones generales\u00a0\u00a0 \u00a0\u00a0\u00a0 \u00a017<br \/>\nP\u00e1rrafo 2\u00ba. De la fiscalizaci\u00f3n y aplicaci\u00f3n de las disposiciones tributarias\u00a0\u00a0 \u00a0\u00a0\u00a0 \u00a021<br \/>\nP\u00e1rrafo 3\u00ba. De algunas definiciones\u00a0\u00a0 \u00a0\u00a0\u00a0 \u00a026<br \/>\nP\u00e1rrafo 4\u00ba. Derechos de los Contribuyentes\u00a0\u00a0 \u00a0\u00a0\u00a0 \u00a030<br \/>\nLIBRO PRIMERO<br \/>\nDE LA ADMINISTRACI\u00d3N, FISCALIZACI\u00d3N Y PAGO<br \/>\nT\u00cdTULO I. NORMAS GENERALES\u00a0\u00a0 \u00a0\u00a0\u00a0 \u00a034<br \/>\nP\u00e1rrafo 1\u00ba. De la comparecencia, actuaciones y notificaciones\u00a0\u00a0 \u00a0\u00a0\u00a0 \u00a034<br \/>\nP\u00e1rrafo 2\u00ba. De algunas normas contables\u00a0\u00a0 \u00a0\u00a0\u00a0 \u00a039<br \/>\nP\u00e1rrafo 3\u00ba. Disposiciones varias\u00a0\u00a0 \u00a0\u00a0\u00a0 \u00a044<br \/>\nT\u00cdTULO II. De la declaraci\u00f3n y plazos de pago\u00a0\u00a0 \u00a0\u00a0\u00a0 \u00a049<br \/>\nT\u00edtulo III. GIROS, PAGOS, REAJUSTES E INTERESES\u00a0\u00a0 \u00a0\u00a0\u00a0 \u00a058<br \/>\nP\u00e1rrafo 1\u00ba. De los giros y pagos\u00a0\u00a0 \u00a0\u00a0\u00a0 \u00a058<br \/>\nP\u00e1rrafo 2\u00ba. Reajustes e Intereses moratorios\u00a0\u00a0 \u00a0\u00a0\u00a0 \u00a062<br \/>\nP\u00e1rrafo 3\u00ba. Reajustes e intereses en caso de devoluci\u00f3n o imputaci\u00f3n\u00a0\u00a0 \u00a0\u00a0\u00a0 \u00a064<br \/>\nT\u00cdTULO IV. Medios especiales de fiscalizaci\u00f3n\u00a0\u00a0 \u00a0\u00a0\u00a0 \u00a064<br \/>\nP\u00e1rrafo 1\u00ba. Del examen y secreto de las declaraciones y de la facultad de tasar\u00a0\u00a0 \u00a0\u00a0\u00a0 \u00a064<br \/>\nP\u00e1rrafo 2\u00ba. Del Rol \u00danico Tributario y de los avisos inicial y de t\u00e9rmino\u00a0\u00a0 \u00a0\u00a0\u00a0 \u00a084<br \/>\nP\u00e1rrafo 3\u00ba. De otros medios de fiscalizaci\u00f3n\u00a0\u00a0 \u00a0\u00a0\u00a0 \u00a094<br \/>\nLIBRO SEGUNDO<br \/>\nDe los apremios y de las infracciones y sanciones<br \/>\nT\u00cdTULO I. De los apremios\u00a0\u00a0 \u00a0\u00a0\u00a0 \u00a0107<br \/>\nT\u00cdTULO II. De las infracciones y sanciones\u00a0\u00a0 \u00a0\u00a0\u00a0 \u00a0108<br \/>\nP\u00e1rrafo 1\u00ba. De los contribuyentes y otros obligados\u00a0\u00a0 \u00a0\u00a0\u00a0 \u00a0108<br \/>\nP\u00e1rrafo 2\u00ba. De las infracciones cometidas por los funcionarios y ministros de fe y de las sanciones\u00a0\u00a0 \u00a0\u00a0\u00a0 \u00a0121<br \/>\nP\u00e1rrafo 3\u00ba. Disposiciones comunes\u00a0\u00a0 \u00a0\u00a0\u00a0 \u00a0122<br \/>\nLIBRO TERCERO<br \/>\nDe la competencia para conocer de los asuntos contenciosos tributarios, de los procedimientos y de la prescripci\u00f3n<br \/>\nT\u00cdTULO I. De la competencia para conocer de los asuntos contenciosos tributarios\u00a0\u00a0 \u00a0\u00a0\u00a0 \u00a0126<br \/>\nT\u00cdTULO II. Del procedimiento general de las reclamaciones\u00a0\u00a0 \u00a0\u00a0\u00a0 \u00a0128<br \/>\nT\u00cdTULO III. De los Procedimientos Especiales\u00a0\u00a0 \u00a0\u00a0\u00a0 \u00a0141<br \/>\nP\u00e1rrafo 1\u00ba. Del procedimiento de reclamo de los aval\u00faos de bienes ra\u00edces\u00a0\u00a0 \u00a0\u00a0\u00a0 \u00a0141<br \/>\nP\u00e1rrafo 2\u00ba. Del procedimiento especial de reclamo por vulneraci\u00f3n de derechos\u00a0\u00a0 \u00a0\u00a0\u00a0 \u00a0141<br \/>\nP\u00e1rrafo 3\u00ba. Del procedimiento de determinaci\u00f3n judicial del impuesto de Timbres y Estampillas\u00a0\u00a0 \u00a0\u00a0\u00a0 \u00a0142<br \/>\nP\u00e1rrafo 4\u00ba. Del procedimiento de declaraci\u00f3n judicial de la existencia de abuso o simulaci\u00f3n y de la determinaci\u00f3n de la responsabilidad respectiva\u00a0\u00a0 \u00a0\u00a0\u00a0 \u00a0143<br \/>\nT\u00cdTULO IV. Del Procedimiento para la Aplicaci\u00f3n de Sanciones\u00a0\u00a0 \u00a0\u00a0\u00a0 \u00a0145<br \/>\nP\u00e1rrafo 1\u00ba. Procedimiento general\u00a0\u00a0 \u00a0\u00a0\u00a0 \u00a0145<br \/>\nP\u00e1rrafo 2\u00ba. Procedimientos especiales para la aplicaci\u00f3n de ciertas multas\u00a0\u00a0 \u00a0\u00a0\u00a0 \u00a0149<br \/>\nP\u00e1rrafo 3\u00ba. De las denuncias por infracciones a los impuestos a las asignaciones por causa de muerte y a las donaciones\u00a0\u00a0 \u00a0\u00a0\u00a0 \u00a0150<br \/>\nT\u00cdTULO V. Del cobro ejecutivo de las obligaciones tributarias de dinero\u00a0\u00a0 \u00a0\u00a0\u00a0 \u00a0151<br \/>\nT\u00cdTULO VI. De la Prescripci\u00f3n\u00a0\u00a0 \u00a0\u00a0\u00a0 \u00a0167<br \/>\nT\u00cdTULO FINAL\u00a0\u00a0 \u00a0\u00a0\u00a0 \u00a0168<br \/>\nART\u00cdCULOS TRANSITORIOS\u00a0\u00a0 \u00a0\u00a0\u00a0 \u00a0169<br \/>\n\u00cdNDICE ANAL\u00cdTICO\u00a0\u00a0 \u00a0\u00a0\u00a0 \u00a0171<br \/>\nAP\u00c9NDICE<br \/>\nDECRETO CON FUERZA DE LEY N\u00ba 3 DE 1969, QUE CREA EL ROL \u00daNICO TRIBUTARIO Y ESTABLECE NORMAS PARA SU APLICACI\u00d3N\u00a0\u00a0 \u00a0\u00a0\u00a0 \u00a0181<br \/>\nDECRETO LEY N\u00ba 824 SOBRE IMPUESTO A LA RENTA\u00a0\u00a0 \u00a0\u00a0\u00a0 \u00a0189<br \/>\nT\u00cdTULO I. Normas Generales\u00a0\u00a0 \u00a0\u00a0\u00a0 \u00a0189<br \/>\nP\u00e1rrafo 1\u00ba De la materia y destino del impuesto\u00a0\u00a0 \u00a0\u00a0\u00a0 \u00a0189<br \/>\nP\u00e1rrafo 2\u00ba Definiciones\u00a0\u00a0 \u00a0\u00a0\u00a0 \u00a0189<br \/>\nP\u00e1rrafo 3\u00ba De los contribuyentes\u00a0\u00a0 \u00a0\u00a0\u00a0 \u00a0191<br \/>\nP\u00e1rrafo 4\u00ba Disposiciones varias\u00a0\u00a0 \u00a0\u00a0\u00a0 \u00a0193<br \/>\nT\u00cdTULO II. Del impuesto cedular por categor\u00edas\u00a0\u00a0 \u00a0\u00a0\u00a0 \u00a0237<br \/>\nPRIMERA CATEGOR\u00cdA. De las rentas del capital y de las empresas comerciales, industriales, mineras y otras\u00a0\u00a0 \u00a0\u00a0\u00a0 \u00a0237<br \/>\nP\u00e1rrafo 1\u00ba De los contribuyentes y de la tasa del impuesto\u00a0\u00a0 \u00a0\u00a0\u00a0 \u00a0237<br \/>\nP\u00e1rrafo 2\u00ba De los peque\u00f1os contribuyentes\u00a0\u00a0 \u00a0\u00a0\u00a0 \u00a0243<br \/>\nP\u00e1rrafo 3\u00ba De la base imponible\u00a0\u00a0 \u00a0\u00a0\u00a0 \u00a0247<br \/>\nP\u00e1rrafo 4\u00ba De las exenciones\u00a0\u00a0 \u00a0\u00a0\u00a0 \u00a0276<br \/>\nP\u00e1rrafo 5\u00ba De la correcci\u00f3n monetaria de los activos y pasivos\u00a0\u00a0 \u00a0\u00a0\u00a0 \u00a0278<br \/>\nP\u00e1rrafo 6\u00ba De las normas relativas a la tributaci\u00f3n internacional\u00a0\u00a0 \u00a0\u00a0\u00a0 \u00a0282<br \/>\nSEGUNDA CATEGOR\u00cdA. De las rentas del trabajo\u00a0\u00a0 \u00a0\u00a0\u00a0 \u00a0309<br \/>\nP\u00e1rrafo 1\u00ba De la materia y tasa del impuesto\u00a0\u00a0 \u00a0\u00a0\u00a0 \u00a0309<br \/>\nT\u00cdTULO III. Del Impuesto Global Complementario\u00a0\u00a0 \u00a0\u00a0\u00a0 \u00a0317<br \/>\nP\u00e1rrafo 1\u00ba De la materia y tasa del impuesto\u00a0\u00a0 \u00a0\u00a0\u00a0 \u00a0317<br \/>\nP\u00e1rrafo 2\u00ba De la base imponible\u00a0\u00a0 \u00a0\u00a0\u00a0 \u00a0319<br \/>\nT\u00cdTULO IV. Del impuesto adicional\u00a0\u00a0 \u00a0\u00a0\u00a0 \u00a0326<br \/>\nT\u00cdTULO IV BIS. Impuesto espec\u00edfico a la actividad minera\u00a0\u00a0 \u00a0\u00a0\u00a0 \u00a0336<br \/>\nT\u00cdTULO V. De la administraci\u00f3n del impuesto\u00a0\u00a0 \u00a0\u00a0\u00a0 \u00a0336<br \/>\nP\u00e1rrafo 1\u00ba De la declaraci\u00f3n y pago anual\u00a0\u00a0 \u00a0\u00a0\u00a0 \u00a0336<br \/>\nP\u00e1rrafo 2\u00ba. De la retenci\u00f3n del impuesto\u00a0\u00a0 \u00a0\u00a0\u00a0 \u00a0341<br \/>\nP\u00e1rrafo 3\u00ba Declaraci\u00f3n y pago mensual provisional\u00a0\u00a0 \u00a0\u00a0\u00a0 \u00a0348<br \/>\nP\u00e1rrafo 4\u00ba De los informes obligatorios\u00a0\u00a0 \u00a0\u00a0\u00a0 \u00a0355<br \/>\nP\u00e1rrafo 5\u00ba Disposiciones varias\u00a0\u00a0 \u00a0\u00a0\u00a0 \u00a0356<br \/>\nT\u00cdTULO VI. Disposiciones especiales relativas al mercado de capitales\u00a0\u00a0 \u00a0\u00a0\u00a0 \u00a0356<br \/>\nDISPOSICIONES TRANSITORIAS (Arts. 1-17)\u00a0\u00a0 \u00a0\u00a0\u00a0 \u00a0376<br \/>\nDECRETO LEY N\u00ba 825 SOBRE IMPUESTO A LAS VENTAS Y SERVICIOS\u00a0\u00a0 \u00a0\u00a0\u00a0 \u00a0385<br \/>\nT\u00cdTULO I. NORMAS GENERALES\u00a0\u00a0 \u00a0\u00a0\u00a0 \u00a0385<br \/>\nP\u00e1rrafo 1\u00ba De la materia y destino del impuesto\u00a0\u00a0 \u00a0\u00a0\u00a0 \u00a0385<br \/>\nP\u00e1rrafo 2\u00ba Definiciones\u00a0\u00a0 \u00a0\u00a0\u00a0 \u00a0385<br \/>\nP\u00e1rrafo 3\u00ba De los contribuyentes.\u00a0\u00a0 \u00a0\u00a0\u00a0 \u00a0386<br \/>\nP\u00e1rrafo 4\u00ba Otras disposiciones\u00a0\u00a0 \u00a0\u00a0\u00a0 \u00a0388<br \/>\nT\u00cdTULO II. IMPUESTO AL VALOR AGREGADO\u00a0\u00a0 \u00a0\u00a0\u00a0 \u00a0389<br \/>\nP\u00e1rrafo 1\u00ba Del hecho gravado\u00a0\u00a0 \u00a0\u00a0\u00a0 \u00a0389<br \/>\nP\u00e1rrafo 2\u00ba Del momento en que se devenga el impuesto.\u00a0\u00a0 \u00a0\u00a0\u00a0 \u00a0392<br \/>\nP\u00e1rrafo 3\u00ba Del sujeto del impuesto.\u00a0\u00a0 \u00a0\u00a0\u00a0 \u00a0393<br \/>\nP\u00e1rrafo 4\u00ba De las ventas y servicios exentos del impuesto\u00a0\u00a0 \u00a0\u00a0\u00a0 \u00a0394<br \/>\nP\u00e1rrafo 5\u00ba Tasa, base imponible y d\u00e9bito fiscal\u00a0\u00a0 \u00a0\u00a0\u00a0 \u00a0403<br \/>\nP\u00e1rrafo 6\u00ba Del Cr\u00e9dito Fiscal\u00a0\u00a0 \u00a0\u00a0\u00a0 \u00a0410<br \/>\nP\u00e1rrafo 7\u00ba Del r\u00e9gimen de tributaci\u00f3n simplificada para los peque\u00f1os contribuyentes\u00a0\u00a0 \u00a0\u00a0\u00a0 \u00a0417<br \/>\nP\u00e1rrafo 7\u00ba bis Del r\u00e9gimen simplificado para contribuyentes no domiciliados ni residentes en Chile\u00a0\u00a0 \u00a0\u00a0\u00a0 \u00a0418<br \/>\nP\u00e1rrafo 8\u00ba De los exportadores\u00a0\u00a0 \u00a0\u00a0\u00a0 \u00a0420<br \/>\nT\u00cdTULO III. Impuestos especiales a las ventas y servicios\u00a0\u00a0 \u00a0\u00a0\u00a0 \u00a0423<br \/>\nP\u00e1rrafo 1\u00ba Del impuesto adicional a ciertos productos\u00a0\u00a0 \u00a0\u00a0\u00a0 \u00a0423<br \/>\nP\u00e1rrafo 2\u00ba Del impuesto a la venta de autom\u00f3viles y otros veh\u00edculos\u00a0\u00a0 \u00a0\u00a0\u00a0 \u00a0424<br \/>\nP\u00e1rrafo 3\u00ba Del impuesto adicional a las bebidas alcoh\u00f3licas, analcoh\u00f3licas y productos similares.\u00a0\u00a0 \u00a0\u00a0\u00a0 \u00a0424<br \/>\nP\u00e1rrafo 4\u00ba Otros impuestos espec\u00edficos\u00a0\u00a0 \u00a0\u00a0\u00a0 \u00a0427<br \/>\nP\u00e1rrafo 5\u00ba Del impuesto a las compras de monedas extranjeras\u00a0\u00a0 \u00a0\u00a0\u00a0 \u00a0428<br \/>\nP\u00e1rrafo 6\u00ba Disposiciones varias\u00a0\u00a0 \u00a0\u00a0\u00a0 \u00a0428<br \/>\nT\u00cdTULO IV. De la administraci\u00f3n del impuesto\u00a0\u00a0 \u00a0\u00a0\u00a0 \u00a0428<br \/>\nP\u00e1rrafo 1\u00ba Del Registro de los contribuyentes\u00a0\u00a0 \u00a0\u00a0\u00a0 \u00a0428<br \/>\nP\u00e1rrafo 2\u00ba De las facturas y otros comprobantes de ventas y Servicios\u00a0\u00a0 \u00a0\u00a0\u00a0 \u00a0429<br \/>\nP\u00e1rrafo 3\u00ba De los libros y registros.\u00a0\u00a0 \u00a0\u00a0\u00a0 \u00a0433<br \/>\nP\u00e1rrafo 4\u00ba De la declaraci\u00f3n y pago del impuesto\u00a0\u00a0 \u00a0\u00a0\u00a0 \u00a0434<br \/>\nP\u00e1rrafo 5\u00ba Otras disposiciones\u00a0\u00a0 \u00a0\u00a0\u00a0 \u00a0437<br \/>\nP\u00e1rrafo 6\u00ba Procedimiento general para solicitar la devoluci\u00f3n o recuperaci\u00f3n de los impuestos de esta ley\u00a0\u00a0 \u00a0\u00a0\u00a0 \u00a0440<br \/>\nART\u00cdCULOS TRANSITORIOS\u00a0\u00a0 \u00a0\u00a0\u00a0 \u00a0442<br \/>\nDECRETO SUPREMO N\u00ba 55 DE HACIENDA, DE 1977. REGLAMENTO DE LA LEY SOBRE IMPUESTO A LAS VENTAS Y SERVICIOS\u00a0\u00a0 \u00a0\u00a0\u00a0 \u00a0443<br \/>\nT\u00cdTULO I. Generalidades\u00a0\u00a0 \u00a0\u00a0\u00a0 \u00a0443<br \/>\nT\u00cdTULO II. Hecho gravado con el Impuesto al Valor Agregado\u00a0\u00a0 \u00a0\u00a0\u00a0 \u00a0446<br \/>\nT\u00cdTULO III. Del momento en que se devenga el Impuesto al Valor Agregado\u00a0\u00a0 \u00a0\u00a0\u00a0 \u00a0447<br \/>\nT\u00cdTULO IV. Del sujeto del Impuesto al Valor Agregado\u00a0\u00a0 \u00a0\u00a0\u00a0 \u00a0449<br \/>\nT\u00cdTULO V. Exenciones del Impuesto al Valor Agregado\u00a0\u00a0 \u00a0\u00a0\u00a0 \u00a0449<br \/>\nT\u00cdTULO VI. Tasa y Base Imponible del Impuesto al Valor Agregado\u00a0\u00a0 \u00a0\u00a0\u00a0 \u00a0450<br \/>\nT\u00cdTULO VII. Determinaci\u00f3n del d\u00e9bito fiscal en el Impuesto al Valor Agregado\u00a0\u00a0 \u00a0\u00a0\u00a0 \u00a0452<br \/>\nT\u00cdTULO VIII. Del cr\u00e9dito fiscal en el Impuesto al Valor Agregado\u00a0\u00a0 \u00a0\u00a0\u00a0 \u00a0453<br \/>\nT\u00cdTULO IX. Determinaci\u00f3n del Impuesto al Valor Agregado\u00a0\u00a0 \u00a0\u00a0\u00a0 \u00a0456<br \/>\nT\u00cdTULO X. R\u00e9gimen de tributaci\u00f3n simplificada de los peque\u00f1os contribuyentes\u00a0\u00a0 \u00a0\u00a0\u00a0 \u00a0457<br \/>\nT\u00cdTULO XI. Impuestos Especiales a las Ventas y Servicios\u00a0\u00a0 \u00a0\u00a0\u00a0 \u00a0457<br \/>\nT\u00cdTULO XII. De los Veh\u00edculos Motorizados\u00a0\u00a0 \u00a0\u00a0\u00a0 \u00a0458<br \/>\nT\u00cdTULO XIII. De la administraci\u00f3n del Impuesto\u00a0\u00a0 \u00a0\u00a0\u00a0 \u00a0459<br \/>\nT\u00cdTULO XIV. De los Registros\u00a0\u00a0 \u00a0\u00a0\u00a0 \u00a0462<br \/>\nT\u00cdTULO XV. Normas sobre declaraci\u00f3n y pago\u00a0\u00a0 \u00a0\u00a0\u00a0 \u00a0464<br \/>\nT\u00cdTULO XVI. Otras disposiciones\u00a0\u00a0 \u00a0\u00a0\u00a0 \u00a0466<br \/>\nT\u00cdTULO XVII. Disposiciones reglamentarias sobre el impuesto adicional a las bebidas alcoh\u00f3licas\u00a0\u00a0 \u00a0\u00a0\u00a0 \u00a0466<br \/>\nLEY N\u00ba 16.271 sobre impuesto a las herencias, asignaciones y donaciones, fijado por el art\u00edculo 8 del D.F.L. N\u00ba 1 de 16.05.2000\u00a0\u00a0 \u00a0\u00a0\u00a0 \u00a0473<br \/>\nT\u00edtulo I. DEL IMPUESTO A LAS ASIGNACIONES Y DONACIONES\u00a0\u00a0 \u00a0\u00a0\u00a0 \u00a0473<br \/>\nCap\u00edtulo I. DEL IMPUESTO Y DE LA FORMA DE DETERMINAR EL MONTO IMPONIBLE\u00a0\u00a0 \u00a0\u00a0\u00a0 \u00a0473<br \/>\nCap\u00edtulo II. DE LAS ASIGNACIONES Y DONACIONES EXENTAS DE IMPUESTOS\u00a0\u00a0 \u00a0\u00a0\u00a0 \u00a0480<br \/>\nCap\u00edtulo III. DEL PAGO DEL IMPUESTO SOBRE LAS DONACIONES\u00a0\u00a0 \u00a0\u00a0\u00a0 \u00a0481<br \/>\nCap\u00edtulo IV. DE LA POSESI\u00d3N EFECTIVA\u00a0\u00a0 \u00a0\u00a0\u00a0 \u00a0482<br \/>\nCap\u00edtulo V. DE LOS VALORES EN CUSTODIA Y EN DEP\u00d3SITO\u00a0\u00a0 \u00a0\u00a0\u00a0 \u00a0484<br \/>\nCap\u00edtulo VI. DE LA VALORACI\u00d3N DE BIENES\u00a0\u00a0 \u00a0\u00a0\u00a0 \u00a0486<br \/>\nCap\u00edtulo VII. DE LA DETERMINACI\u00d3N DEFINITIVA DEL MONTO IMPONIBLE\u00a0\u00a0 \u00a0\u00a0\u00a0 \u00a0487<br \/>\nCap\u00edtulo VIII. DEL PAGO DEL IMPUESTO Y DE LAS GARANT\u00cdAS\u00a0\u00a0 \u00a0\u00a0\u00a0 \u00a0488<br \/>\nT\u00edtulo II\u00a0\u00a0 \u00a0\u00a0\u00a0 \u00a0491<br \/>\nCap\u00edtulo I. DE LAS INFRACCIONES A LA PRESENTE LEY Y DE SUS SANCIONES\u00a0\u00a0 \u00a0\u00a0\u00a0 \u00a0491<br \/>\nCap\u00edtulo II. DEL PROCEDIMIENTO JUDICIAL\u00a0\u00a0 \u00a0\u00a0\u00a0 \u00a0493<br \/>\nCap\u00edtulo III. DISPOSICIONES GENERALES\u00a0\u00a0 \u00a0\u00a0\u00a0 \u00a0493<br \/>\nCap\u00edtulo IV. DISPOSICIONES TRANSITORIAS\u00a0\u00a0 \u00a0\u00a0\u00a0 \u00a0493<br \/>\nLEY N\u00ba 17.235 SOBRE IMPUESTO TERRITORIAL\u00a0\u00a0 \u00a0\u00a0\u00a0 \u00a0495<br \/>\nT\u00cdTULO I. Del Objeto del Impuesto\u00a0\u00a0 \u00a0\u00a0\u00a0 \u00a0495<br \/>\nT\u00cdTULO II. De las Exenciones\u00a0\u00a0 \u00a0\u00a0\u00a0 \u00a0496<br \/>\nT\u00cdTULO III. De la Tasaci\u00f3n de los Bienes Ra\u00edces\u00a0\u00a0 \u00a0\u00a0\u00a0 \u00a0497<br \/>\nT\u00cdTULO IV. De la Tasa del Impuesto\u00a0\u00a0 \u00a0\u00a0\u00a0 \u00a0500<br \/>\nT\u00cdTULO V. De los Roles de Aval\u00faos y de Contribuciones\u00a0\u00a0 \u00a0\u00a0\u00a0 \u00a0504<br \/>\nP\u00e1rrafo 1\u00ba De los reajustes semestrales\u00a0\u00a0 \u00a0\u00a0\u00a0 \u00a0504<br \/>\nP\u00e1rrafo 2\u00ba De las modificaciones de aval\u00faos y de otros factores.\u00a0\u00a0 \u00a0\u00a0\u00a0 \u00a0504<br \/>\nP\u00e1rrafo 3\u00ba De los Roles de Contribuciones\u00a0\u00a0 \u00a0\u00a0\u00a0 \u00a0506<br \/>\nT\u00cdTULO VI. De los obligados al pago del impuesto\u00a0\u00a0 \u00a0\u00a0\u00a0 \u00a0508<br \/>\nT\u00cdTULO VII. Disposiciones varias\u00a0\u00a0 \u00a0\u00a0\u00a0 \u00a0509<br \/>\nART\u00cdCULOS TRANSITORIOS\u00a0\u00a0 \u00a0\u00a0\u00a0 \u00a0509<br \/>\nDECRETO LEY N\u00ba 3.475 SOBRE IMPUESTO DE TIMBRES Y ESTAMPILLAS\u00a0\u00a0 \u00a0\u00a0\u00a0 \u00a0515<br \/>\nT\u00cdTULO I. De los documentos gravados\u00a0\u00a0 \u00a0\u00a0\u00a0 \u00a0515<br \/>\nT\u00edtulo II. De la base imponible\u00a0\u00a0 \u00a0\u00a0\u00a0 \u00a0518<br \/>\nT\u00edtulo III. Del sujeto del impuesto y de los responsables de su pago\u00a0\u00a0 \u00a0\u00a0\u00a0 \u00a0519<br \/>\nT\u00edtulo IV. Del pago del impuesto\u00a0\u00a0 \u00a0\u00a0\u00a0 \u00a0520<br \/>\nT\u00edtulo V. De las exenciones\u00a0\u00a0 \u00a0\u00a0\u00a0 \u00a0523<br \/>\nT\u00edtulo VI. De las infracciones\u00a0\u00a0 \u00a0\u00a0\u00a0 \u00a0527<br \/>\nT\u00edtulo VII. Disposiciones generales\u00a0\u00a0 \u00a0\u00a0\u00a0 \u00a0527<\/p>\n","protected":false},"excerpt":{"rendered":"<p>Buscas un libro Jur\u00eddico.? Lo puedes encontrar en nuestra tienda virtual.<br \/>\nContamos con prestigiosos autores y muchas alternativas en sus diferentes materias al igual que grandes descuentos.! Vis\u00edtanos en <a class=\"FYFwKXYNhRNjjSvOyrNhgyvQhtApFmdaFNvUxIg \" tabindex=\"0\" href=\"https:\/\/lnkd.in\/eiAG7jdZ\" target=\"_blank\" rel=\"noopener\" data-test-app-aware-link=\"\">https:\/\/lnkd.in\/eiAG7jdZ<\/a><br \/>\nEscr\u00edbenos al +56930565235 \/ <a class=\"FYFwKXYNhRNjjSvOyrNhgyvQhtApFmdaFNvUxIg \" tabindex=\"0\" href=\"mailto:ventaslegallexglobal@gmail.com\" target=\"_self\" data-test-app-aware-link=\"\">ventaslegallexglobal@gmail.com<\/a><br \/>\nHacemos env\u00edos a todo Chile \u2013 Starken o Correos Chile \/ Te esperamos<\/p>\n","protected":false},"featured_media":3441,"comment_status":"open","ping_status":"closed","template":"","meta":{"inline_featured_image":false,"_joinchat":[]},"product_brand":[],"product_cat":[51,28],"product_tag":[],"class_list":{"0":"post-3393","1":"product","2":"type-product","3":"status-publish","4":"has-post-thumbnail","6":"product_cat-codigos-de-la-republica-de-chile-ano-2025","7":"product_cat-tributario","8":"product_shipping_class-a-convenir","10":"first","11":"instock","12":"shipping-taxable","13":"purchasable","14":"product-type-simple"},"_links":{"self":[{"href":"https:\/\/bibliotecajuridicavirtual.cl\/index.php\/wp-json\/wp\/v2\/product\/3393","targetHints":{"allow":["GET"]}}],"collection":[{"href":"https:\/\/bibliotecajuridicavirtual.cl\/index.php\/wp-json\/wp\/v2\/product"}],"about":[{"href":"https:\/\/bibliotecajuridicavirtual.cl\/index.php\/wp-json\/wp\/v2\/types\/product"}],"replies":[{"embeddable":true,"href":"https:\/\/bibliotecajuridicavirtual.cl\/index.php\/wp-json\/wp\/v2\/comments?post=3393"}],"wp:featuredmedia":[{"embeddable":true,"href":"https:\/\/bibliotecajuridicavirtual.cl\/index.php\/wp-json\/wp\/v2\/media\/3441"}],"wp:attachment":[{"href":"https:\/\/bibliotecajuridicavirtual.cl\/index.php\/wp-json\/wp\/v2\/media?parent=3393"}],"wp:term":[{"taxonomy":"product_brand","embeddable":true,"href":"https:\/\/bibliotecajuridicavirtual.cl\/index.php\/wp-json\/wp\/v2\/product_brand?post=3393"},{"taxonomy":"product_cat","embeddable":true,"href":"https:\/\/bibliotecajuridicavirtual.cl\/index.php\/wp-json\/wp\/v2\/product_cat?post=3393"},{"taxonomy":"product_tag","embeddable":true,"href":"https:\/\/bibliotecajuridicavirtual.cl\/index.php\/wp-json\/wp\/v2\/product_tag?post=3393"}],"curies":[{"name":"wp","href":"https:\/\/api.w.org\/{rel}","templated":true}]}}