{"id":3394,"date":"2026-02-28T01:13:22","date_gmt":"2026-02-28T04:13:22","guid":{"rendered":"https:\/\/bibliotecajuridicavirtual.cl\/?post_type=product&#038;p=3394"},"modified":"2026-03-27T23:59:42","modified_gmt":"2026-03-28T02:59:42","slug":"codigo-del-trabajo-de-chile-4a-edicion-con-apendice-legislativo-alfredo-sierra-herrero-francisco-vallejo-cardenas-indices-tematico-y-analitico-febrero-ano-2025-436-pag","status":"publish","type":"product","link":"https:\/\/bibliotecajuridicavirtual.cl\/index.php\/product\/codigo-del-trabajo-de-chile-4a-edicion-con-apendice-legislativo-alfredo-sierra-herrero-francisco-vallejo-cardenas-indices-tematico-y-analitico-febrero-ano-2025-436-pag\/","title":{"rendered":"C\u00f3digo del Trabajo de Chile 5\u00aa Edici\u00f3n con ap\u00e9ndice legislativo * Alfredo Sierra Herrero Francisco Vallejo C\u00e1rdenas"},"content":{"rendered":"<p style=\"font-weight: 400;\">Actualizado a enero 2026<\/p>\n<p style=\"font-weight: 400;\">Ap\u00e9ndice legislativo<\/p>\n<p style=\"font-weight: 400;\">\u00cdndices tem\u00e1tico y anal\u00edtico<\/p>\n<p style=\"font-weight: 400;\">Texto a dos colores indicando los \u00faltimos cambios legislativos<\/p>\n<p style=\"font-weight: 400;\">Incluye:<\/p>\n<p style=\"font-weight: 400;\">Ley N\u00ba 16.744, sobre accidentes del trabajo y enfermedades profesionales<\/p>\n<p style=\"font-weight: 400;\">Ley N\u00ba 19.728, sobre seguro de desempleo<\/p>\n<p style=\"font-weight: 400;\">Decreto con Fuerza de Ley N\u00ba 44 sobre subsidios de incapacidad laboral<\/p>\n<p style=\"font-weight: 400;\">Ley N\u00ba 17.322, sobre cobranza de cotizaciones provisionales<\/p>\n<p style=\"font-weight: 400;\">Ley N\u00ba 21.561, que reduce la jornada de trabajo a 40 horas semanales<\/p>\n<p style=\"font-weight: 400;\">Ley N\u00ba 21.643, que introduce modificaciones en materias de acoso sexual y laboral<\/p>\n<p>&nbsp;<\/p>\n<p>&nbsp;<\/p>\n","protected":false},"excerpt":{"rendered":"<p>\u00cdndices tem\u00e1tico y anal\u00edtico &#8211; Febrero a\u00f1o 2026 * 446 P\u00e1g.<\/p>\n<p>Buscas un libro Jur\u00eddico.? Lo puedes encontrar en nuestra tienda virtual.<br \/>\nContamos con prestigiosos autores y muchas alternativas en sus diferentes materias al igual que grandes descuentos.! Vis\u00edtanos en <a class=\"uBRuLksiXRXJNxzCdmDLlNvbeHoNnTVInTsbWCI \" href=\"https:\/\/lnkd.in\/eiAG7jdZ\" target=\"_blank\" rel=\"noopener\" data-test-app-aware-link=\"\">https:\/\/lnkd.in\/eiAG7jdZ<\/a><br \/>\nEscr\u00edbenos al +56930565235 \/ <a class=\"uBRuLksiXRXJNxzCdmDLlNvbeHoNnTVInTsbWCI \" href=\"mailto:ventaslegallexglobal@gmail.com\" target=\"_self\" rel=\"noopener\" data-test-app-aware-link=\"\">ventaslegallexglobal@gmail.com<\/a><br \/>\nHacemos env\u00edos a todo Chile &#8211; Starken o Correos Chile \/ Te esperamos<\/p>\n<p>&nbsp;<\/p>\n<p>&nbsp;<\/p>\n","protected":false},"featured_media":5344,"comment_status":"open","ping_status":"closed","template":"","meta":{"inline_featured_image":false,"_joinchat":[]},"product_brand":[],"product_cat":[32,28],"product_tag":[],"class_list":{"0":"post-3394","1":"product","2":"type-product","3":"status-publish","4":"has-post-thumbnail","6":"product_cat-codigos-de-la-republica-de-chile-ano-2026","7":"product_cat-tributario","8":"product_shipping_class-a-convenir","10":"first","11":"instock","12":"shipping-taxable","13":"purchasable","14":"product-type-simple"},"_links":{"self":[{"href":"https:\/\/bibliotecajuridicavirtual.cl\/index.php\/wp-json\/wp\/v2\/product\/3394","targetHints":{"allow":["GET"]}}],"collection":[{"href":"https:\/\/bibliotecajuridicavirtual.cl\/index.php\/wp-json\/wp\/v2\/product"}],"about":[{"href":"https:\/\/bibliotecajuridicavirtual.cl\/index.php\/wp-json\/wp\/v2\/types\/product"}],"replies":[{"embeddable":true,"href":"https:\/\/bibliotecajuridicavirtual.cl\/index.php\/wp-json\/wp\/v2\/comments?post=3394"}],"wp:featuredmedia":[{"embeddable":true,"href":"https:\/\/bibliotecajuridicavirtual.cl\/index.php\/wp-json\/wp\/v2\/media\/5344"}],"wp:attachment":[{"href":"https:\/\/bibliotecajuridicavirtual.cl\/index.php\/wp-json\/wp\/v2\/media?parent=3394"}],"wp:term":[{"taxonomy":"product_brand","embeddable":true,"href":"https:\/\/bibliotecajuridicavirtual.cl\/index.php\/wp-json\/wp\/v2\/product_brand?post=3394"},{"taxonomy":"product_cat","embeddable":true,"href":"https:\/\/bibliotecajuridicavirtual.cl\/index.php\/wp-json\/wp\/v2\/product_cat?post=3394"},{"taxonomy":"product_tag","embeddable":true,"href":"https:\/\/bibliotecajuridicavirtual.cl\/index.php\/wp-json\/wp\/v2\/product_tag?post=3394"}],"curies":[{"name":"wp","href":"https:\/\/api.w.org\/{rel}","templated":true}]}}