{"id":3398,"date":"2026-02-28T01:13:22","date_gmt":"2026-02-28T04:13:22","guid":{"rendered":"https:\/\/bibliotecajuridicavirtual.cl\/?post_type=product&#038;p=3398"},"modified":"2026-02-28T01:14:07","modified_gmt":"2026-02-28T04:14:07","slug":"lecciones-de-historia-herramientas-para-la-historia-del-derecho-ano-abril-2024-364-pag-autor-loris-de-nardi-y-mar-del-rosario-guridi-rivano","status":"publish","type":"product","link":"https:\/\/bibliotecajuridicavirtual.cl\/index.php\/product\/lecciones-de-historia-herramientas-para-la-historia-del-derecho-ano-abril-2024-364-pag-autor-loris-de-nardi-y-mar-del-rosario-guridi-rivano\/","title":{"rendered":"Lecciones de Historia. Herramientas para la historia del derecho. A\u00f1o Abril 2024\/ 364 P\u00e1g. Autor Loris De Nardi y  Mar del Rosario Guridi Rivano"},"content":{"rendered":"<p>Lecciones de Historia. Herramientas para la historia del derecho.<\/p>\n<p>&nbsp;<\/p>\n<p>\u00cdndice<br \/>\nPr\u00f3logo\u00a0\u00a0 \u00a0\u00a0\u00a0 \u00a013<br \/>\nEduardo Demetrio Mu\u00f1oz Saavedra<br \/>\nIntroducci\u00f3n\u00a0\u00a0 \u00a0\u00a0\u00a0 \u00a023<br \/>\nLoris De Nardi<br \/>\nMar del Rosario Guridi Rivano<br \/>\nI. Imperio Romano<br \/>\nCarlos Amun\u00e1tegui Perell\u00f3<br \/>\n1.\u00a0\u00a0 \u00a0Per\u00edodo Arcaico. Desde los or\u00edgenes al poder universal\u00a0\u00a0 \u00a0\u00a0\u00a0 \u00a029<br \/>\n2.\u00a0\u00a0 \u00a0El Per\u00edodo Central. El Mediod\u00eda (242 a.C.-235 d.C.)\u00a0\u00a0 \u00a0\u00a0\u00a0 \u00a039<br \/>\n3.\u00a0\u00a0 \u00a0Per\u00edodo Tard\u00edo. Un atardecer rojo\u00a0\u00a0 \u00a0\u00a0\u00a0 \u00a052<br \/>\nII. El cristianismo y la Iglesia primitiva<br \/>\nCarolina Isabel Correa Hansen<br \/>\n1.\u00a0\u00a0 \u00a0Or\u00edgenes del Cristianismo\u00a0\u00a0 \u00a0\u00a0\u00a0 \u00a063<br \/>\n2.\u00a0\u00a0 \u00a0El nacimiento de la Iglesia\u00a0\u00a0 \u00a0\u00a0\u00a0 \u00a066<br \/>\n3.\u00a0\u00a0 \u00a0La doctrina cristiana\u00a0\u00a0 \u00a0\u00a0\u00a0 \u00a067<br \/>\n4.\u00a0\u00a0 \u00a0Evangelizaci\u00f3n de Roma y reconocimiento del cristianismo\u00a0\u00a0 \u00a0\u00a0\u00a0 \u00a068<br \/>\n5.\u00a0\u00a0 \u00a0La recta doctrina y sus desviaciones\u00a0\u00a0 \u00a0\u00a0\u00a0 \u00a070<br \/>\n6.\u00a0\u00a0 \u00a0Los Evangelios y la literatura cristiana\u00a0\u00a0 \u00a0\u00a0\u00a0 \u00a072<br \/>\n7.\u00a0\u00a0 \u00a0El Derecho Can\u00f3nico y los primeros cristianos\u00a0\u00a0 \u00a0\u00a0\u00a0 \u00a073<br \/>\n8.\u00a0\u00a0 \u00a0Influencias del cristianismo en el derecho romano\u00a0\u00a0 \u00a0\u00a0\u00a0 \u00a075<br \/>\nIII. Los reinos Romano-b\u00e1rbaros<br \/>\nMiguel \u00c1ngel Arrondo Dur\u00e1n<br \/>\n1.\u00a0\u00a0 \u00a0Organizaci\u00f3n social de las poblaciones barb\u00e1ricas\u00a0\u00a0 \u00a0\u00a0\u00a0 \u00a079<br \/>\n2.\u00a0\u00a0 \u00a0Las invasiones y el colapso del imperio\u00a0\u00a0 \u00a0\u00a0\u00a0 \u00a081<br \/>\n3.\u00a0\u00a0 \u00a0Caracter\u00edsticas de los reinos romano-b\u00e1rbaros\u00a0\u00a0 \u00a0\u00a0\u00a0 \u00a087<br \/>\n4.\u00a0\u00a0 \u00a0Breve historia de los reinos romano-b\u00e1rbaros\u00a0\u00a0 \u00a0\u00a0\u00a0 \u00a090<br \/>\n5.\u00a0\u00a0 \u00a0El reino de los v\u00e1ndalos (411-534)\u00a0\u00a0 \u00a0\u00a0\u00a0 \u00a094<br \/>\n6.\u00a0\u00a0 \u00a0El reino de los francos hasta Clodoveo II (486-657)\u00a0\u00a0 \u00a0\u00a0\u00a0 \u00a095<br \/>\n7.\u00a0\u00a0 \u00a0La Italia ostrogoda (493-552)\u00a0\u00a0 \u00a0\u00a0\u00a0 \u00a098<br \/>\n8.\u00a0\u00a0 \u00a0Los reinos menores (burgundios, suevos, anglosajones)\u00a0\u00a0 \u00a0\u00a0\u00a0 \u00a0100<br \/>\n9.\u00a0\u00a0 \u00a0La Inglaterra anglosajona\u00a0\u00a0 \u00a0\u00a0\u00a0 \u00a0102<br \/>\nIV. Los lombardos<br \/>\nFernando Ciaramitaro<br \/>\nLoris De Nardi<br \/>\n1.\u00a0\u00a0 \u00a0Or\u00edgenes: entre mito y realidad\u00a0\u00a0 \u00a0\u00a0\u00a0 \u00a0106<br \/>\n2.\u00a0\u00a0 \u00a0Las caracter\u00edsticas sociales\u00a0\u00a0 \u00a0\u00a0\u00a0 \u00a0106<br \/>\n3.\u00a0\u00a0 \u00a0La ocupaci\u00f3n de Italia\u00a0\u00a0 \u00a0\u00a0\u00a0 \u00a0108<br \/>\n4.\u00a0\u00a0 \u00a0Fiscalidad, agricultura y pastoreo\u00a0\u00a0 \u00a0\u00a0\u00a0 \u00a0109<br \/>\n5.\u00a0\u00a0 \u00a0De Rotario a Liutprando\u00a0\u00a0 \u00a0\u00a0\u00a0 \u00a0110<br \/>\n6.\u00a0\u00a0 \u00a0La ca\u00edda de los lombardos\u00a0\u00a0 \u00a0\u00a0\u00a0 \u00a0113<br \/>\nV. Justiniano y el Imperio romano de Oriente<br \/>\n\u00c1lex Corona Encinas<br \/>\n1.\u00a0\u00a0 \u00a0Justiniano, soberano del Imperio de Oriente\u00a0\u00a0 \u00a0\u00a0\u00a0 \u00a0115<br \/>\n2.\u00a0\u00a0 \u00a0La pol\u00edtica exterior de Justiniano\u00a0\u00a0 \u00a0\u00a0\u00a0 \u00a0116<br \/>\n3.\u00a0\u00a0 \u00a0La pol\u00edtica interior de Justiniano\u00a0\u00a0 \u00a0\u00a0\u00a0 \u00a0119<br \/>\n4.\u00a0\u00a0 \u00a0El Imperio de Oriente despu\u00e9s de Justiniano\u00a0\u00a0 \u00a0\u00a0\u00a0 \u00a0125<br \/>\nVI. El nacimiento y expansi\u00f3n del Imperio \u00e1rabe-isl\u00e1mico<br \/>\nCarolina Isabel Correa Hansen<br \/>\n1.\u00a0\u00a0 \u00a0La Arabia antes de Mahoma\u00a0\u00a0 \u00a0\u00a0\u00a0 \u00a0134<br \/>\n2.\u00a0\u00a0 \u00a0Mahoma y es Islam\u00a0\u00a0 \u00a0\u00a0\u00a0 \u00a0136<br \/>\n3.\u00a0\u00a0 \u00a0El Califato electivo\u00a0\u00a0 \u00a0\u00a0\u00a0 \u00a0139<br \/>\n4.\u00a0\u00a0 \u00a0El Califato hereditario\u00a0\u00a0 \u00a0\u00a0\u00a0 \u00a0141<br \/>\n5.\u00a0\u00a0 \u00a0La expansi\u00f3n isl\u00e1mica\u00a0\u00a0 \u00a0\u00a0\u00a0 \u00a0143<br \/>\nVII. Del reino francocarolingio al declive del Sacro Romano Imperio (siglos VIII-IX)<br \/>\nJulia Pav\u00f3n Benito<br \/>\n1.\u00a0\u00a0 \u00a0Los \u00faltimos reyes francos y el ascenso de los mayordomos de palacio\u00a0\u00a0 \u00a0\u00a0\u00a0 \u00a0148<br \/>\n2.\u00a0\u00a0 \u00a0Carlos Martel (686-741), patricius Romanorum\u00a0\u00a0 \u00a0\u00a0\u00a0 \u00a0149<br \/>\n3.\u00a0\u00a0 \u00a0Afirmaci\u00f3n de la dinast\u00eda Carolingia: la restauraci\u00f3n imperial y la coronaci\u00f3n de Carlomagno por parte del Pont\u00edfice (768-814)\u00a0\u00a0 \u00a0\u00a0\u00a0 \u00a0151<br \/>\n4.\u00a0\u00a0 \u00a0Fronteras y frentes colonizadores ante Italia y Germania\u00a0\u00a0 \u00a0\u00a0\u00a0 \u00a0152<br \/>\n5.\u00a0\u00a0 \u00a0La batalla de Roncesvalles (778) y la incorporaci\u00f3n de los territorios hisp\u00e1nicos\u00a0\u00a0 \u00a0\u00a0\u00a0 \u00a0153<br \/>\n6.\u00a0\u00a0 \u00a0La coronaci\u00f3n imperial\u00a0\u00a0 \u00a0\u00a0\u00a0 \u00a0156<br \/>\n7.\u00a0\u00a0 \u00a0El sistema de gobierno de Carlomagno y la administraci\u00f3n del imperio (768-814). La Iglesia\u00a0\u00a0 \u00a0\u00a0\u00a0 \u00a0157<br \/>\n8.\u00a0\u00a0 \u00a0La iglesia en la \u00e9poca carolingia\u00a0\u00a0 \u00a0\u00a0\u00a0 \u00a0159<br \/>\n9.\u00a0\u00a0 \u00a0El \u201crenacimiento carolingio\u201d (768-877)\u00a0\u00a0 \u00a0\u00a0\u00a0 \u00a0160<br \/>\n10. La herencia de Carlomagno: Ludovico el P\u00edo; el tratado de Verd\u00fan\u00a0\u00a0 \u00a0\u00a0\u00a0 \u00a0162<br \/>\n11. Carlos el Gordo (876-888) y la reconstrucci\u00f3n de la unidad imperial\u00a0\u00a0 \u00a0\u00a0\u00a0 \u00a0164<br \/>\nVIII. La transformaci\u00f3n del continente europeo (siglos IX-X)<br \/>\nAnna K. Dulska<br \/>\n1.\u00a0\u00a0 \u00a0Transformaci\u00f3n etno-pol\u00edtica de la Europa b\u00e1rbara\u00a0\u00a0 \u00a0\u00a0\u00a0 \u00a0167<br \/>\n2.\u00a0\u00a0 \u00a0Transformaci\u00f3n socioecon\u00f3mica: el feudalismo\u00a0\u00a0 \u00a0\u00a0\u00a0 \u00a0176<br \/>\nIX. Afirmaci\u00f3n pol\u00edtica del Papa y el dominio universal<br \/>\nMacarena Cordero Fern\u00e1ndez<br \/>\n1.\u00a0\u00a0 \u00a0Hacia la consolidaci\u00f3n del poder papal\u00a0\u00a0 \u00a0\u00a0\u00a0 \u00a0185<br \/>\n2.\u00a0\u00a0 \u00a0Imperio y Papado\u00a0\u00a0 \u00a0\u00a0\u00a0 \u00a0188<br \/>\n3.\u00a0\u00a0 \u00a0La querella de las investiduras\u00a0\u00a0 \u00a0\u00a0\u00a0 \u00a0191<br \/>\n4.\u00a0\u00a0 \u00a0Continuidad de la querella de las investiduras y la Dieta de Worms\u00a0\u00a0 \u00a0\u00a0\u00a0 \u00a0194<br \/>\n5.\u00a0\u00a0 \u00a0Federico I Barbarroja y los comunes italianas\u00a0\u00a0 \u00a0\u00a0\u00a0 \u00a0197<br \/>\n6.\u00a0\u00a0 \u00a0El papado de Inocencio III\u00a0\u00a0 \u00a0\u00a0\u00a0 \u00a0199<br \/>\n7.\u00a0\u00a0 \u00a0Algunas consideraciones finales\u00a0\u00a0 \u00a0\u00a0\u00a0 \u00a0202<br \/>\nX. La cultura en la sociedad bajo medieval<br \/>\nPamela Searle Cauas<br \/>\n1.\u00a0\u00a0 \u00a0\u00bfA qu\u00e9 nos referimos con \u201csociedad bajo medieval\u201d?\u00a0\u00a0 \u00a0\u00a0\u00a0 \u00a0205<br \/>\n2.\u00a0\u00a0 \u00a0Arte y conocimientos en la Baja Edad Media\u00a0\u00a0 \u00a0\u00a0\u00a0 \u00a0208<br \/>\n3.\u00a0\u00a0 \u00a0La escol\u00e1stica\u00a0\u00a0 \u00a0\u00a0\u00a0 \u00a0209<br \/>\n4.\u00a0\u00a0 \u00a0Las universidades\u00a0\u00a0 \u00a0\u00a0\u00a0 \u00a0211<br \/>\n5.\u00a0\u00a0 \u00a0El Humanismo y el Renacimiento\u00a0\u00a0 \u00a0\u00a0\u00a0 \u00a0214<br \/>\nXI. Francia (siglos XI al XVI)<br \/>\nPatricio Zamora Navia<br \/>\n1.\u00a0\u00a0 \u00a0De la dinast\u00eda Capeta a la de los Valois\u00a0\u00a0 \u00a0\u00a0\u00a0 \u00a0220<br \/>\n2.\u00a0\u00a0 \u00a0La expansi\u00f3n territorial regia de Felipe Augusto a Luis IX\u00a0\u00a0 \u00a0\u00a0\u00a0 \u00a0224<br \/>\n3.\u00a0\u00a0 \u00a0Felipe el hermoso y el conflicto con el papado\u00a0\u00a0 \u00a0\u00a0\u00a0 \u00a0226<br \/>\n4.\u00a0\u00a0 \u00a0Guerra de los Cien A\u00f1os (1337-1453)\u00a0\u00a0 \u00a0\u00a0\u00a0 \u00a0228<br \/>\n5.\u00a0\u00a0 \u00a0Guerras de religi\u00f3n\u00a0\u00a0 \u00a0\u00a0\u00a0 \u00a0231<br \/>\nXII. Inglaterra (Siglos XI-XVII)<br \/>\nRocco Giurato<br \/>\n1.\u00a0\u00a0 \u00a0El reino de Inglaterra desde la conquista normanda hasta Eduardo I (1066-1307)\u00a0\u00a0 \u00a0\u00a0\u00a0 \u00a0235<br \/>\n2.\u00a0\u00a0 \u00a0Desde la muerte de Eduardo I hasta Eduardo III y la afirmaci\u00f3n del Parlamento (1307-1377)\u00a0\u00a0 \u00a0\u00a0\u00a0 \u00a0242<br \/>\n3.\u00a0\u00a0 \u00a0Las guerras de los Cien A\u00f1os y la instauraci\u00f3n de la dinast\u00eda Tudor (1337-1485)\u00a0\u00a0 \u00a0\u00a0\u00a0 \u00a0244<br \/>\n4.\u00a0\u00a0 \u00a0La evoluci\u00f3n constitucional inglesa desde los Tudor hasta los primeros Stuart (1485-1625)\u00a0\u00a0 \u00a0\u00a0\u00a0 \u00a0247<br \/>\n5.\u00a0\u00a0 \u00a0De las revoluciones del siglo XVII a la estabilizaci\u00f3n del sistema constitucional ingl\u00e9s (1625-1702)\u00a0\u00a0 \u00a0\u00a0\u00a0 \u00a0250<br \/>\n6.\u00a0\u00a0 \u00a0El advenimiento de la dinast\u00eda Hannover y la afirmaci\u00f3n definitiva del Parlamento\u00a0\u00a0 \u00a0\u00a0\u00a0 \u00a0254<br \/>\nXIII. La Pen\u00ednsula ib\u00e9rica, siglos VI-XVIII<br \/>\nJaime Lacueva Mu\u00f1oz<br \/>\n1.\u00a0\u00a0 \u00a0El reino visigodo\u00a0\u00a0 \u00a0\u00a0\u00a0 \u00a0257<br \/>\n2.\u00a0\u00a0 \u00a0De la invasi\u00f3n isl\u00e1mica al fin del Califato de C\u00f3rdoba\u00a0\u00a0 \u00a0\u00a0\u00a0 \u00a0259<br \/>\n3.\u00a0\u00a0 \u00a0La formaci\u00f3n de los reinos cristianos\u00a0\u00a0 \u00a0\u00a0\u00a0 \u00a0264<br \/>\n4.\u00a0\u00a0 \u00a0La expansi\u00f3n territorial de los reinos cristianos\u00a0\u00a0 \u00a0\u00a0\u00a0 \u00a0267<br \/>\n5.\u00a0\u00a0 \u00a0La Baja Edad media\u00a0\u00a0 \u00a0\u00a0\u00a0 \u00a0275<br \/>\n6.\u00a0\u00a0 \u00a0La Espa\u00f1a moderna\u00a0\u00a0 \u00a0\u00a0\u00a0 \u00a0279<br \/>\nXIV. El descubrimiento y conquista de Am\u00e9rica<br \/>\nGerm\u00e1n Morong Reyes<br \/>\n1.\u00a0\u00a0 \u00a0Espa\u00f1a y su expansi\u00f3n territorial: proleg\u00f3menos al descubrimiento\u00a0\u00a0 \u00a0\u00a0\u00a0 \u00a0297<br \/>\n2.\u00a0\u00a0 \u00a0El descubrimiento de Am\u00e9rica\u00a0\u00a0 \u00a0\u00a0\u00a0 \u00a0298<br \/>\n3.\u00a0\u00a0 \u00a0El repartimiento del Nuevo Mundo y los tratados ultramarinos\u00a0\u00a0 \u00a0\u00a0\u00a0 \u00a0301<br \/>\n4.\u00a0\u00a0 \u00a0La Conquista del Caribe y la clasificaci\u00f3n de los indios: una primera etapa colonizadora\u00a0\u00a0 \u00a0\u00a0\u00a0 \u00a0303<br \/>\n5.\u00a0\u00a0 \u00a0La conquista continental: M\u00e9xico y Per\u00fa (1521-1540)\u00a0\u00a0 \u00a0\u00a0\u00a0 \u00a0307<br \/>\nXV. La \u00e9poca de las revoluciones: las revoluciones atl\u00e1nticas<br \/>\nEna Lourdes Guridi Rivano<br \/>\nMar del Rosario Guridi Rivano<br \/>\n1.\u00a0\u00a0 \u00a0La revoluci\u00f3n americana\u00a0\u00a0 \u00a0\u00a0\u00a0 \u00a0313<br \/>\n2.\u00a0\u00a0 \u00a0Las revoluciones europeas\u00a0\u00a0 \u00a0\u00a0\u00a0 \u00a0316<br \/>\nXVI. El mundo hispanoamericano (siglo XIX)<br \/>\nV\u00edctor Brangier Pe\u00f1ailillo<br \/>\n1.\u00a0\u00a0 \u00a0Las Independencias\u00a0\u00a0 \u00a0\u00a0\u00a0 \u00a0341<br \/>\n2.\u00a0\u00a0 \u00a0Construcci\u00f3n de Estados y mercados\u00a0\u00a0 \u00a0\u00a0\u00a0 \u00a0350<\/p>\n<p>Curricula\u00a0\u00a0 \u00a0\u00a0\u00a0 \u00a0361<\/p>\n","protected":false},"excerpt":{"rendered":"<p>Lecciones de Historia. Herramientas para la historia del derecho. &nbsp; \u00cdndice Pr\u00f3logo\u00a0\u00a0 \u00a0\u00a0\u00a0 \u00a013 Eduardo Demetrio Mu\u00f1oz Saavedra Introducci\u00f3n\u00a0\u00a0 \u00a0\u00a0\u00a0 \u00a023 Loris De Nardi Mar del Rosario Guridi Rivano I. Imperio Romano Carlos Amun\u00e1tegui Perell\u00f3 1.\u00a0\u00a0 \u00a0Per\u00edodo Arcaico. Desde los or\u00edgenes al poder universal\u00a0\u00a0 \u00a0\u00a0\u00a0 \u00a029 2.\u00a0\u00a0 \u00a0El Per\u00edodo Central. El Mediod\u00eda (242 a.C.-235 d.C.)\u00a0\u00a0 \u00a0\u00a0\u00a0 \u00a039 3.\u00a0\u00a0 \u00a0Per\u00edodo Tard\u00edo. Un atardecer rojo\u00a0\u00a0 \u00a0\u00a0\u00a0 \u00a052 II. El cristianismo y la Iglesia primitiva Carolina Isabel Correa Hansen 1.\u00a0\u00a0 \u00a0Or\u00edgenes del Cristianismo\u00a0\u00a0 \u00a0\u00a0\u00a0 \u00a063 2.\u00a0\u00a0 \u00a0El nacimiento de la Iglesia\u00a0\u00a0 \u00a0\u00a0\u00a0 \u00a066 3.\u00a0\u00a0 \u00a0La doctrina cristiana\u00a0\u00a0 \u00a0\u00a0\u00a0 \u00a067 4.\u00a0\u00a0 \u00a0Evangelizaci\u00f3n de Roma y reconocimiento del cristianismo\u00a0\u00a0 \u00a0\u00a0\u00a0 \u00a068 5.\u00a0\u00a0 \u00a0La recta doctrina y sus desviaciones\u00a0\u00a0 \u00a0\u00a0\u00a0 \u00a070 6.\u00a0\u00a0 \u00a0Los Evangelios y la literatura cristiana\u00a0\u00a0 \u00a0\u00a0\u00a0 \u00a072 7.\u00a0\u00a0 \u00a0El Derecho Can\u00f3nico y los primeros cristianos\u00a0\u00a0 \u00a0\u00a0\u00a0 \u00a073 8.\u00a0\u00a0 \u00a0Influencias del cristianismo en el derecho romano\u00a0\u00a0 \u00a0\u00a0\u00a0 \u00a075 III. Los reinos Romano-b\u00e1rbaros Miguel \u00c1ngel Arrondo Dur\u00e1n 1.\u00a0\u00a0 \u00a0Organizaci\u00f3n social de las poblaciones barb\u00e1ricas\u00a0\u00a0 \u00a0\u00a0\u00a0 \u00a079 2.\u00a0\u00a0 \u00a0Las invasiones y el colapso del imperio\u00a0\u00a0 \u00a0\u00a0\u00a0 \u00a081 3.\u00a0\u00a0 \u00a0Caracter\u00edsticas de los reinos romano-b\u00e1rbaros\u00a0\u00a0 \u00a0\u00a0\u00a0 \u00a087 4.\u00a0\u00a0 \u00a0Breve historia de los reinos romano-b\u00e1rbaros\u00a0\u00a0 \u00a0\u00a0\u00a0 \u00a090 5.\u00a0\u00a0 \u00a0El reino de los v\u00e1ndalos (411-534)\u00a0\u00a0 \u00a0\u00a0\u00a0 \u00a094 6.\u00a0\u00a0 \u00a0El reino de los francos hasta Clodoveo II (486-657)\u00a0\u00a0 \u00a0\u00a0\u00a0 \u00a095 7.\u00a0\u00a0 \u00a0La Italia ostrogoda (493-552)\u00a0\u00a0 \u00a0\u00a0\u00a0 \u00a098 8.\u00a0\u00a0 \u00a0Los reinos menores (burgundios, suevos, anglosajones)\u00a0\u00a0 \u00a0\u00a0\u00a0 \u00a0100 9.\u00a0\u00a0 \u00a0La Inglaterra anglosajona\u00a0\u00a0 \u00a0\u00a0\u00a0 \u00a0102 IV. Los lombardos Fernando Ciaramitaro Loris De Nardi 1.\u00a0\u00a0 \u00a0Or\u00edgenes: entre mito y realidad\u00a0\u00a0 \u00a0\u00a0\u00a0 \u00a0106 2.\u00a0\u00a0 \u00a0Las caracter\u00edsticas sociales\u00a0\u00a0 \u00a0\u00a0\u00a0 \u00a0106 3.\u00a0\u00a0 \u00a0La ocupaci\u00f3n de Italia\u00a0\u00a0 \u00a0\u00a0\u00a0 \u00a0108 4.\u00a0\u00a0 \u00a0Fiscalidad, agricultura y pastoreo\u00a0\u00a0 \u00a0\u00a0\u00a0 \u00a0109 5.\u00a0\u00a0 \u00a0De Rotario a Liutprando\u00a0\u00a0 \u00a0\u00a0\u00a0 \u00a0110 6.\u00a0\u00a0 \u00a0La ca\u00edda de los lombardos\u00a0\u00a0 \u00a0\u00a0\u00a0 \u00a0113 V. Justiniano y el Imperio romano de Oriente \u00c1lex Corona Encinas 1.\u00a0\u00a0 \u00a0Justiniano, soberano del Imperio de Oriente\u00a0\u00a0 \u00a0\u00a0\u00a0 \u00a0115 2.\u00a0\u00a0 \u00a0La pol\u00edtica exterior de Justiniano\u00a0\u00a0 \u00a0\u00a0\u00a0 \u00a0116 3.\u00a0\u00a0 \u00a0La pol\u00edtica interior de Justiniano\u00a0\u00a0 \u00a0\u00a0\u00a0 \u00a0119 4.\u00a0\u00a0 \u00a0El Imperio de Oriente despu\u00e9s de Justiniano\u00a0\u00a0 \u00a0\u00a0\u00a0 \u00a0125 VI. El nacimiento y expansi\u00f3n del Imperio \u00e1rabe-isl\u00e1mico Carolina Isabel Correa Hansen 1.\u00a0\u00a0 \u00a0La Arabia antes de Mahoma\u00a0\u00a0 \u00a0\u00a0\u00a0 \u00a0134 2.\u00a0\u00a0 \u00a0Mahoma y es Islam\u00a0\u00a0 \u00a0\u00a0\u00a0 \u00a0136 3.\u00a0\u00a0 \u00a0El Califato electivo\u00a0\u00a0 \u00a0\u00a0\u00a0 \u00a0139 4.\u00a0\u00a0 \u00a0El Califato hereditario\u00a0\u00a0 \u00a0\u00a0\u00a0 \u00a0141 5.\u00a0\u00a0 \u00a0La expansi\u00f3n isl\u00e1mica\u00a0\u00a0 \u00a0\u00a0\u00a0 \u00a0143 VII. Del reino francocarolingio al declive del Sacro Romano Imperio (siglos VIII-IX) Julia Pav\u00f3n Benito 1.\u00a0\u00a0 \u00a0Los \u00faltimos reyes francos y el ascenso de los mayordomos de palacio\u00a0\u00a0 \u00a0\u00a0\u00a0 \u00a0148 2.\u00a0\u00a0 \u00a0Carlos Martel (686-741), patricius Romanorum\u00a0\u00a0 \u00a0\u00a0\u00a0 \u00a0149 3.\u00a0\u00a0 \u00a0Afirmaci\u00f3n de la dinast\u00eda Carolingia: la restauraci\u00f3n imperial y la coronaci\u00f3n de Carlomagno por parte del Pont\u00edfice (768-814)\u00a0\u00a0 \u00a0\u00a0\u00a0 \u00a0151 4.\u00a0\u00a0 \u00a0Fronteras y frentes colonizadores ante Italia y Germania\u00a0\u00a0 \u00a0\u00a0\u00a0 \u00a0152 5.\u00a0\u00a0 \u00a0La batalla de Roncesvalles (778) y la incorporaci\u00f3n de los territorios hisp\u00e1nicos\u00a0\u00a0 \u00a0\u00a0\u00a0 \u00a0153 6.\u00a0\u00a0 \u00a0La coronaci\u00f3n imperial\u00a0\u00a0 \u00a0\u00a0\u00a0 \u00a0156 7.\u00a0\u00a0 \u00a0El sistema de gobierno de Carlomagno y la administraci\u00f3n del imperio (768-814). La Iglesia\u00a0\u00a0 \u00a0\u00a0\u00a0 \u00a0157 8.\u00a0\u00a0 \u00a0La iglesia en la \u00e9poca carolingia\u00a0\u00a0 \u00a0\u00a0\u00a0 \u00a0159 9.\u00a0\u00a0 \u00a0El \u201crenacimiento carolingio\u201d (768-877)\u00a0\u00a0 \u00a0\u00a0\u00a0 \u00a0160 10. La herencia de Carlomagno: Ludovico el P\u00edo; el tratado de Verd\u00fan\u00a0\u00a0 \u00a0\u00a0\u00a0 \u00a0162 11. Carlos el Gordo (876-888) y la reconstrucci\u00f3n de la unidad imperial\u00a0\u00a0 \u00a0\u00a0\u00a0 \u00a0164 VIII. La transformaci\u00f3n del continente europeo (siglos IX-X) Anna K. Dulska 1.\u00a0\u00a0 \u00a0Transformaci\u00f3n etno-pol\u00edtica de la Europa b\u00e1rbara\u00a0\u00a0 \u00a0\u00a0\u00a0 \u00a0167 2.\u00a0\u00a0 \u00a0Transformaci\u00f3n socioecon\u00f3mica: el feudalismo\u00a0\u00a0 \u00a0\u00a0\u00a0 \u00a0176 IX. Afirmaci\u00f3n pol\u00edtica del Papa y el dominio universal Macarena Cordero Fern\u00e1ndez 1.\u00a0\u00a0 \u00a0Hacia la consolidaci\u00f3n del poder papal\u00a0\u00a0 \u00a0\u00a0\u00a0 \u00a0185 2.\u00a0\u00a0 \u00a0Imperio y Papado\u00a0\u00a0 \u00a0\u00a0\u00a0 \u00a0188 3.\u00a0\u00a0 \u00a0La querella de las investiduras\u00a0\u00a0 \u00a0\u00a0\u00a0 \u00a0191 4.\u00a0\u00a0 \u00a0Continuidad de la querella de las investiduras y la Dieta de Worms\u00a0\u00a0 \u00a0\u00a0\u00a0 \u00a0194 5.\u00a0\u00a0 \u00a0Federico I Barbarroja y los comunes italianas\u00a0\u00a0 \u00a0\u00a0\u00a0 \u00a0197 6.\u00a0\u00a0 \u00a0El papado de Inocencio III\u00a0\u00a0 \u00a0\u00a0\u00a0 \u00a0199 7.\u00a0\u00a0 \u00a0Algunas consideraciones finales\u00a0\u00a0 \u00a0\u00a0\u00a0 \u00a0202 X. La cultura en la sociedad bajo medieval Pamela Searle Cauas 1.\u00a0\u00a0 \u00a0\u00bfA qu\u00e9 nos referimos con \u201csociedad bajo medieval\u201d?\u00a0\u00a0 \u00a0\u00a0\u00a0 \u00a0205 2.\u00a0\u00a0 \u00a0Arte y conocimientos en la Baja Edad Media\u00a0\u00a0 \u00a0\u00a0\u00a0 \u00a0208 3.\u00a0\u00a0 \u00a0La escol\u00e1stica\u00a0\u00a0 \u00a0\u00a0\u00a0 \u00a0209 4.\u00a0\u00a0 \u00a0Las universidades\u00a0\u00a0 \u00a0\u00a0\u00a0 \u00a0211 5.\u00a0\u00a0 \u00a0El Humanismo y el Renacimiento\u00a0\u00a0 \u00a0\u00a0\u00a0 \u00a0214 XI. Francia (siglos XI al XVI) Patricio Zamora Navia 1.\u00a0\u00a0 \u00a0De la dinast\u00eda Capeta a la de los Valois\u00a0\u00a0 \u00a0\u00a0\u00a0 \u00a0220 2.\u00a0\u00a0 \u00a0La expansi\u00f3n territorial regia de Felipe Augusto a Luis IX\u00a0\u00a0 \u00a0\u00a0\u00a0 \u00a0224 3.\u00a0\u00a0 \u00a0Felipe el hermoso y el conflicto con el papado\u00a0\u00a0 \u00a0\u00a0\u00a0 \u00a0226 4.\u00a0\u00a0 \u00a0Guerra de los Cien A\u00f1os (1337-1453)\u00a0\u00a0 \u00a0\u00a0\u00a0 \u00a0228 5.\u00a0\u00a0 \u00a0Guerras de religi\u00f3n\u00a0\u00a0 \u00a0\u00a0\u00a0 \u00a0231 XII. Inglaterra (Siglos XI-XVII) Rocco Giurato 1.\u00a0\u00a0 \u00a0El reino de Inglaterra desde la conquista normanda hasta Eduardo I (1066-1307)\u00a0\u00a0 \u00a0\u00a0\u00a0 \u00a0235 2.\u00a0\u00a0 \u00a0Desde la muerte de Eduardo I hasta Eduardo III y la afirmaci\u00f3n del Parlamento (1307-1377)\u00a0\u00a0 \u00a0\u00a0\u00a0 \u00a0242 3.\u00a0\u00a0 \u00a0Las guerras de los Cien A\u00f1os y la instauraci\u00f3n de la dinast\u00eda Tudor (1337-1485)\u00a0\u00a0 \u00a0\u00a0\u00a0 \u00a0244 4.\u00a0\u00a0 \u00a0La evoluci\u00f3n constitucional inglesa desde los Tudor hasta los primeros Stuart (1485-1625)\u00a0\u00a0 \u00a0\u00a0\u00a0 \u00a0247 5.\u00a0\u00a0 \u00a0De las revoluciones del siglo XVII a la estabilizaci\u00f3n del sistema constitucional ingl\u00e9s (1625-1702)\u00a0\u00a0 \u00a0\u00a0\u00a0 \u00a0250 6.\u00a0\u00a0 \u00a0El advenimiento de la dinast\u00eda Hannover y la afirmaci\u00f3n definitiva del Parlamento\u00a0\u00a0 \u00a0\u00a0\u00a0 \u00a0254 XIII. La Pen\u00ednsula ib\u00e9rica, siglos VI-XVIII Jaime Lacueva Mu\u00f1oz 1.\u00a0\u00a0 \u00a0El reino visigodo\u00a0\u00a0 \u00a0\u00a0\u00a0 \u00a0257 2.\u00a0\u00a0 \u00a0De la invasi\u00f3n isl\u00e1mica al fin del Califato de C\u00f3rdoba\u00a0\u00a0 \u00a0\u00a0\u00a0 \u00a0259 3.\u00a0\u00a0 \u00a0La formaci\u00f3n de los reinos cristianos\u00a0\u00a0 \u00a0\u00a0\u00a0 \u00a0264 4.\u00a0\u00a0 \u00a0La expansi\u00f3n territorial de los reinos cristianos\u00a0\u00a0 \u00a0\u00a0\u00a0 \u00a0267 5.\u00a0\u00a0 \u00a0La Baja Edad media\u00a0\u00a0 \u00a0\u00a0\u00a0 \u00a0275 6.\u00a0\u00a0 \u00a0La Espa\u00f1a moderna\u00a0\u00a0 \u00a0\u00a0\u00a0 \u00a0279 XIV. El descubrimiento y conquista de Am\u00e9rica Germ\u00e1n Morong Reyes 1.\u00a0\u00a0 \u00a0Espa\u00f1a y su expansi\u00f3n territorial: proleg\u00f3menos al descubrimiento\u00a0\u00a0 \u00a0\u00a0\u00a0 \u00a0297 2.\u00a0\u00a0 \u00a0El descubrimiento de Am\u00e9rica\u00a0\u00a0 \u00a0\u00a0\u00a0 \u00a0298 3.\u00a0\u00a0 \u00a0El repartimiento del Nuevo Mundo y los tratados ultramarinos\u00a0\u00a0 \u00a0\u00a0\u00a0 \u00a0301 4.\u00a0\u00a0 \u00a0La Conquista del Caribe y la clasificaci\u00f3n de los indios: una primera etapa colonizadora\u00a0\u00a0 \u00a0\u00a0\u00a0 \u00a0303 5.\u00a0\u00a0 \u00a0La conquista continental: M\u00e9xico y Per\u00fa (1521-1540)\u00a0\u00a0 \u00a0\u00a0\u00a0 \u00a0307 XV. La \u00e9poca de las revoluciones: las revoluciones atl\u00e1nticas Ena Lourdes Guridi Rivano Mar del Rosario Guridi Rivano 1.\u00a0\u00a0 \u00a0La revoluci\u00f3n americana\u00a0\u00a0 \u00a0\u00a0\u00a0 \u00a0313 2.\u00a0\u00a0 \u00a0Las revoluciones europeas\u00a0\u00a0 \u00a0\u00a0\u00a0 \u00a0316 XVI.<\/p>\n","protected":false},"featured_media":3456,"comment_status":"open","ping_status":"closed","template":"","meta":{"inline_featured_image":false,"_joinchat":[]},"product_brand":[],"product_cat":[44],"product_tag":[],"class_list":{"0":"post-3398","1":"product","2":"type-product","3":"status-publish","4":"has-post-thumbnail","6":"product_cat-filosofia-del-derecho-y-introduccion","7":"product_shipping_class-a-convenir","9":"first","10":"instock","11":"shipping-taxable","12":"purchasable","13":"product-type-simple"},"_links":{"self":[{"href":"https:\/\/bibliotecajuridicavirtual.cl\/index.php\/wp-json\/wp\/v2\/product\/3398","targetHints":{"allow":["GET"]}}],"collection":[{"href":"https:\/\/bibliotecajuridicavirtual.cl\/index.php\/wp-json\/wp\/v2\/product"}],"about":[{"href":"https:\/\/bibliotecajuridicavirtual.cl\/index.php\/wp-json\/wp\/v2\/types\/product"}],"replies":[{"embeddable":true,"href":"https:\/\/bibliotecajuridicavirtual.cl\/index.php\/wp-json\/wp\/v2\/comments?post=3398"}],"wp:featuredmedia":[{"embeddable":true,"href":"https:\/\/bibliotecajuridicavirtual.cl\/index.php\/wp-json\/wp\/v2\/media\/3456"}],"wp:attachment":[{"href":"https:\/\/bibliotecajuridicavirtual.cl\/index.php\/wp-json\/wp\/v2\/media?parent=3398"}],"wp:term":[{"taxonomy":"product_brand","embeddable":true,"href":"https:\/\/bibliotecajuridicavirtual.cl\/index.php\/wp-json\/wp\/v2\/product_brand?post=3398"},{"taxonomy":"product_cat","embeddable":true,"href":"https:\/\/bibliotecajuridicavirtual.cl\/index.php\/wp-json\/wp\/v2\/product_cat?post=3398"},{"taxonomy":"product_tag","embeddable":true,"href":"https:\/\/bibliotecajuridicavirtual.cl\/index.php\/wp-json\/wp\/v2\/product_tag?post=3398"}],"curies":[{"name":"wp","href":"https:\/\/api.w.org\/{rel}","templated":true}]}}