{"id":3422,"date":"2026-02-28T01:13:43","date_gmt":"2026-02-28T04:13:43","guid":{"rendered":"https:\/\/bibliotecajuridicavirtual.cl\/?post_type=product&#038;p=3422"},"modified":"2026-02-28T01:14:12","modified_gmt":"2026-02-28T04:14:12","slug":"las-partes-en-el-proceso-ix-jornadas-nacionales-de-derecho-procesal-ano-2024-956-pag-autor-orlando-poblete-iturrate-y-flavia-cilveti-medina","status":"publish","type":"product","link":"https:\/\/bibliotecajuridicavirtual.cl\/index.php\/product\/las-partes-en-el-proceso-ix-jornadas-nacionales-de-derecho-procesal-ano-2024-956-pag-autor-orlando-poblete-iturrate-y-flavia-cilveti-medina\/","title":{"rendered":"Las Partes en el Proceso &#8211; IX Jornadas Nacionales de Derecho Procesal. A\u00f1o 2024\/ 956 P\u00e1g. Autor Orlando Poblete Iturrate y Flavia Cilveti Medina"},"content":{"rendered":"<p>La dedicaci\u00f3n de estas IX Jornadas Nacionales de Derecho Procesal al estudio de las partes busca avanzar\u00a0en la mejor comprensi\u00f3n de este concepto clave y determinante del proceso jurisdiccional, a la vez que\u00a0aquilatar su evoluci\u00f3n y sus consecuencias.<br \/>\nDesde el inicio del proceso, con el ejercicio de la acci\u00f3n, y tambi\u00e9n en los casos de una actividad preliminar\u00a0no jurisdiccional, la ley procesal obliga a defi nir qui\u00e9n es el que pide, qui\u00e9n requiere la tutela, y en\u00a0contra de qui\u00e9n lo hace, a qui\u00e9n exige sujetar a la voluntad de la ley.<br \/>\nLa existencia de dos partes contrapuestas es, desde siempre, presupuesto del proceso, porque la acci\u00f3n y\u00a0la tutela requerida en este, dicen normalmente relaci\u00f3n con otro sujeto, con aquel que no ha satisfecho el\u00a0inter\u00e9s del demandante, pero tambi\u00e9n porque la decisi\u00f3n jurisdiccional exige &#8220;el juego dial\u00e9ctico de las\u00a0opiniones en contraste&#8221;, al decir del mismo Calamandrei.<br \/>\nEste juego dial\u00e9ctico, expresado en afirmaciones y excepciones, en argumentaciones y defensas, requiere\u00a0necesariamente, desde los inicios del proceso, de actos formales en los cuales expresarse y estos, a su vez,\u00a0de garant\u00edas procesales, de imparcialidad, de igualdad, de audiencia, entre otras, de manera que el iter\u00a0hasta la sentencia y el desarrollo por las partes de los actos previstos ocurra en condiciones suficientes\u00a0de legitimidad y justicia.<\/p>\n<p>\u00cdndice<br \/>\nPr\u00f3logo\u00a0\u00a0 \u00a0\u00a0\u00a0 \u00a015<br \/>\nOrlando Poblete Iturrate<br \/>\nSesi\u00f3n 1: Conferencia<br \/>\nAntecedentes previos y problem\u00e1tica espec\u00edfica derivada de la incompleta regulaci\u00f3n del litisconsorcio necesario en la vigente Ley de Enjuiciamiento Civil\u00a0\u00a0 \u00a0\u00a0\u00a0 \u00a023<br \/>\nPiedad Gonz\u00e1lez Granda<br \/>\nSesi\u00f3n 2: Ponencias<br \/>\nLas partes en el sistema Procesal Civil<br \/>\nBuena fe y colaboraci\u00f3n procesal: principios informadores de los mecanismos alternativos de resoluci\u00f3n de conflictos\u00a0\u00a0 \u00a0\u00a0\u00a0 \u00a057<br \/>\nMar\u00eda Mercedes Moz\u00f3 Silva<br \/>\nFlavia Cilveti Medina<br \/>\nLa comparecencia remota v\u00eda videoconferencia: una respuesta pand\u00e9mica que lleg\u00f3 para quedarse. Ventajas y desventajas para las partes en el proceso\u00a0\u00a0 \u00a0\u00a0\u00a0 \u00a071<br \/>\nBenjam\u00edn Ubilla Morales<br \/>\nEl litisconsorcio necesario en el proceso civil chileno. En particular, sobre la acci\u00f3n de inoponibilidad como mecanismo de protecci\u00f3n del litisconsorte preterido en caso de falta o indebida constituci\u00f3n\u00a0\u00a0 \u00a0\u00a0\u00a0 \u00a097<br \/>\nRen\u00e9e Rivero Hurtado<br \/>\nLa Legitimaci\u00f3n ordinaria en el derecho procesal civil\u00a0\u00a0 \u00a0\u00a0\u00a0 \u00a0131<br \/>\nJuan Carlos Mar\u00edn Gonz\u00e1lez<br \/>\nEl estado como parte en el arbitraje\u00a0\u00a0 \u00a0\u00a0\u00a0 \u00a0189<br \/>\nAlejandro Romero Seguel<br \/>\nJuan Carlos Flores Rivas<br \/>\nDesaf\u00edos y dificultades de los acuerdos procesales de las partes en el proceso civil chileno\u00a0\u00a0 \u00a0\u00a0\u00a0 \u00a0225<br \/>\nAndr\u00e9s Pe\u00f1a Adasme<br \/>\nLas partes en el proyecto de reforma procesal civil<br \/>\nIgualdad sustantiva de partes, debido proceso y jurisdicci\u00f3n algor\u00edtmica en el proyecto de C\u00f3digo Procesal Civil chileno: \u00bfdiscusi\u00f3n presente o ausente?\u00a0\u00a0 \u00a0\u00a0\u00a0 \u00a0249<br \/>\nIsidora S\u00e1nchez Ceballos<br \/>\nLa capacidad procesal de las masas patrimoniales\u00a0\u00a0 \u00a0\u00a0\u00a0 \u00a0275<br \/>\nP\u00eda Tavolari Goycoolea<br \/>\nLa sucesi\u00f3n procesal en el proyecto de C\u00f3digo Procesal Civil chileno\u00a0\u00a0 \u00a0\u00a0\u00a0 \u00a0287<br \/>\nGonzalo Cortez Matcovich<br \/>\nDe los terceros: algunas dudas y las respuestas del proyecto de nuevo Codigo Procesal Civil\u00a0\u00a0 \u00a0\u00a0\u00a0 \u00a0309<br \/>\nRa\u00fal Tavolari Oliveros<br \/>\nLas partes en el sistema procesal penal<br \/>\nForzamiento de la acusaci\u00f3n y la formalizaci\u00f3n de la investigaci\u00f3n: el cambio interpretativo del tribunal constitucional\u00a0\u00a0 \u00a0\u00a0\u00a0 \u00a0327<br \/>\n\u00c1ngelo Rojas Adasme<br \/>\nEl art\u00edculo 387 del C\u00f3digo Procesal Penal en la reciente jurisprudencia del Tribunal Constitucional\u00a0\u00a0 \u00a0\u00a0\u00a0 \u00a0341<br \/>\nXimena Marcazzolo Awad<br \/>\n\u00bfTengo derecho a guardar silencio? declaraciones espont\u00e1neas dadas por el imputado durante entrevistas informales\u00a0\u00a0 \u00a0\u00a0\u00a0 \u00a0357<br \/>\nV\u00edctor Beltr\u00e1n Rom\u00e1n<br \/>\nIus ut procedatur y denegatio actionis: el problema constitucional del acusador penal particular y su derecho a la acci\u00f3n procesal\u00a0\u00a0 \u00a0\u00a0\u00a0 \u00a0381<br \/>\nCarlos del R\u00edo Ferretti<br \/>\nEl delirante procedimiento de medidas de seguridad contra el enajenado mental\u00a0\u00a0 \u00a0\u00a0\u00a0 \u00a0417<br \/>\nManuel Rodr\u00edguez Vega<br \/>\nLa relaci\u00f3n entre el Ministerio P\u00fablico y el querellante a la luz del derecho a la tutela judicial efectiva de la v\u00edctima\u00a0\u00a0 \u00a0\u00a0\u00a0 \u00a0449<br \/>\nMar\u00eda Elena Santib\u00e1\u00f1ez Torres<br \/>\nNicol\u00e1s Browne Arellano<br \/>\nLas partes en el procedimiento laboral<br \/>\nLa inspecci\u00f3n del trabajo como sujeto procesal en el procedimiento de tutela laboral\u00a0\u00a0 \u00a0\u00a0\u00a0 \u00a0473<br \/>\nFernanda Aguirre Mussa<br \/>\nMar\u00eda Gracia Villarreal Rodr\u00edguez<br \/>\nLegitimaci\u00f3n procesal en materia laboral. An\u00e1lisis doctrinario y jurisprudencial\u00a0\u00a0 \u00a0\u00a0\u00a0 \u00a0495<br \/>\nAbigail Tapia Alarc\u00f3n<br \/>\nEl recurso de nulidad laboral por infracci\u00f3n a las reglas de la sana cr\u00edtica: propuesta de una interpretaci\u00f3n y relectura que busque superar la excesiva excepcionalidad y recupere el valor central del control de la motivaci\u00f3n f\u00e1ctica\u00a0\u00a0 \u00a0\u00a0\u00a0 \u00a0515<br \/>\nDiego Palomo V\u00e9lez<br \/>\nJordi Delgado Castro<br \/>\nCristian Contreras Rojas<br \/>\nFrancisco Narv\u00e1ez Gallo<br \/>\nLa figura del demandado solidario en el procedimiento laboral\u00a0\u00a0 \u00a0\u00a0\u00a0 \u00a0551<br \/>\nAndr\u00e9s Bruna Ortiz<br \/>\nLas partes en el proceso colectivo<br \/>\nAsociaciones de consumidores y su rol en procedimientos voluntarios colectivos y acciones en protecci\u00f3n del inter\u00e9s colectivo o difuso\u00a0\u00a0 \u00a0\u00a0\u00a0 \u00a0565<br \/>\nEduardo Reveco Soto<br \/>\nAlgunas consideraciones sobre la noci\u00f3n de \u201cpartes\u201d en el contexto procedimiento voluntario para la protecci\u00f3n del inter\u00e9s colectivo o difuso de los consumidores\u00a0\u00a0 \u00a0\u00a0\u00a0 \u00a0581<br \/>\nFabiola Schencke Aedo<br \/>\nLa legitimaci\u00f3n del SERNAC como titular de la acci\u00f3n en el proceso colectivo\u00a0\u00a0 \u00a0\u00a0\u00a0 \u00a0599<br \/>\nMaite Aguirrezabal Gr\u00fcnstein<br \/>\nLas partes en el procedimiento medio ambiental<br \/>\nAlgunas precisiones respecto a la legitimaci\u00f3n activa en la responsabilidad por da\u00f1o ambiental\u00a0\u00a0 \u00a0\u00a0\u00a0 \u00a0623<br \/>\nGabriel Mar\u00edn Mery<br \/>\nLa intervenci\u00f3n de terceros en los procesos judiciales en que se ventilen acciones reparatorias del medio ambiente. Una propuesta de cambio\u00a0\u00a0 \u00a0\u00a0\u00a0 \u00a0637<br \/>\nJaime Carrasco Poblete<br \/>\nJuan Ignacio Contardo Gonz\u00e1lez<br \/>\nLa carrera en la demanda por da\u00f1o ambiental. Problemas de comparecer como terceros y no como parte principal\u00a0\u00a0 \u00a0\u00a0\u00a0 \u00a0659<br \/>\nJavier Mu\u00f1oz Saguas<br \/>\nCalidad de parte del Estado en la jurisdicci\u00f3n ambiental\u00a0\u00a0 \u00a0\u00a0\u00a0 \u00a0677<br \/>\nRuth Israel L\u00f3pez<br \/>\nRodrigo Rivera Cuevas<br \/>\nLas partes en el proceso de familia<br \/>\nLas partes en el proceso de familia. Particularidades procesales derivadas de los vinculos entre los litigantes\u00a0\u00a0 \u00a0\u00a0\u00a0 \u00a0695<br \/>\nJes\u00fas Ezurmendia \u00c1lvarez<br \/>\nLos terceros como partes en el juicio de familia. Panorama general y revisi\u00f3n cr\u00edtica\u00a0\u00a0 \u00a0\u00a0\u00a0 \u00a0713<br \/>\nSergio Arenas Benavides<br \/>\nLas partes en el proceso constitucional<br \/>\nNotas sobre la legitimaci\u00f3n activa de las municipalidades en el recurso de protecci\u00f3n\u00a0\u00a0 \u00a0\u00a0\u00a0 \u00a0733<br \/>\nClaudio Ag\u00fcero San Juan<br \/>\nIsapres y fallos de protecci\u00f3n con efectos erga omnes\u00a0\u00a0 \u00a0\u00a0\u00a0 \u00a0747<br \/>\nPriscila Machado Martins<br \/>\nLas partes en el procedimiento contencioso administrativo<br \/>\nLa legitimaci\u00f3n pasiva y el derecho a una buena administraci\u00f3n: \u00bfes necesaria la existencia de terceros en el contencioso administrativo sanitario?\u00a0\u00a0 \u00a0\u00a0\u00a0 \u00a0771<br \/>\nMauricio Abarz\u00faa Montecinos<br \/>\nLos terceros en el proceso contencioso administrativo: ejemplos en materia ambiental y urbanismo\u00a0\u00a0 \u00a0\u00a0\u00a0 \u00a0785<br \/>\nSoph\u00eda Romero Rodr\u00edguez<br \/>\nContencioso administrativo chileno: \u00bfun proceso sin partes?\u00a0\u00a0 \u00a0\u00a0\u00a0 \u00a0815<br \/>\nAndr\u00e9s Bordal\u00ed Salamanca<br \/>\nLegitimaci\u00f3n activa de la administraci\u00f3n para deducir la acci\u00f3n de nulidad de derecho p\u00fablico\u00a0\u00a0 \u00a0\u00a0\u00a0 \u00a0839<br \/>\nRosa G\u00f3mez Gonz\u00e1lez<br \/>\nSuspensi\u00f3n del acto administrativo a solicitud de interesado\u00a0\u00a0 \u00a0\u00a0\u00a0 \u00a0865<br \/>\nJuan Carlos Flores Rivas<br \/>\nLas partes en los procedimientos especiales<br \/>\nRol de la Fiscal\u00eda Nacional Econ\u00f3mica y participaci\u00f3n de los particulares en procedimientos contenciosos ante el Tribunal de Defensa de la Libre Competencia\u00a0\u00a0 \u00a0\u00a0\u00a0 \u00a0889<br \/>\nAng\u00e9lica Burmester Pinto<br \/>\nNotas sobre las partes en el procedimiento monitorio de la Ley 18.101, sobre arrendamiento de predios urbanos\u00a0\u00a0 \u00a0\u00a0\u00a0 \u00a0905<br \/>\nJaime Alcalde Silva<br \/>\nTutela efectiva de los derechos individuales de los consumidores en el derecho chileno: pasado, presente y perspectivas\u00a0\u00a0 \u00a0\u00a0\u00a0 \u00a0925<br \/>\nJos\u00e9 Luis Guerrero Becar<\/p>\n","protected":false},"excerpt":{"rendered":"<p>La dedicaci\u00f3n de estas IX Jornadas Nacionales de Derecho Procesal al estudio de las partes busca avanzar\u00a0en la mejor comprensi\u00f3n de este concepto clave y determinante del proceso jurisdiccional, a la vez que\u00a0aquilatar su evoluci\u00f3n y sus consecuencias. Desde el inicio del proceso, con el ejercicio de la acci\u00f3n, y tambi\u00e9n en los casos de una actividad preliminar\u00a0no jurisdiccional, la ley procesal obliga a defi nir qui\u00e9n es el que pide, qui\u00e9n requiere la tutela, y en\u00a0contra de qui\u00e9n lo hace, a qui\u00e9n exige sujetar a la voluntad de la ley. La existencia de dos partes contrapuestas es, desde siempre, presupuesto del proceso, porque la acci\u00f3n y\u00a0la tutela requerida en este, dicen normalmente relaci\u00f3n con otro sujeto, con aquel que no ha satisfecho el\u00a0inter\u00e9s del demandante, pero tambi\u00e9n porque la decisi\u00f3n jurisdiccional exige &#8220;el juego dial\u00e9ctico de las\u00a0opiniones en contraste&#8221;, al decir del mismo Calamandrei. Este juego dial\u00e9ctico, expresado en afirmaciones y excepciones, en argumentaciones y defensas, requiere\u00a0necesariamente, desde los inicios del proceso, de actos formales en los cuales expresarse y estos, a su vez,\u00a0de garant\u00edas procesales, de imparcialidad, de igualdad, de audiencia, entre otras, de manera que el iter\u00a0hasta la sentencia y el desarrollo por las partes de los actos previstos ocurra en condiciones suficientes\u00a0de legitimidad y justicia. \u00cdndice Pr\u00f3logo\u00a0\u00a0 \u00a0\u00a0\u00a0 \u00a015 Orlando Poblete Iturrate Sesi\u00f3n 1: Conferencia Antecedentes previos y problem\u00e1tica espec\u00edfica derivada de la incompleta regulaci\u00f3n del litisconsorcio necesario en la vigente Ley de Enjuiciamiento Civil\u00a0\u00a0 \u00a0\u00a0\u00a0 \u00a023 Piedad Gonz\u00e1lez Granda Sesi\u00f3n 2: Ponencias Las partes en el sistema Procesal Civil Buena fe y colaboraci\u00f3n procesal: principios informadores de los mecanismos alternativos de resoluci\u00f3n de conflictos\u00a0\u00a0 \u00a0\u00a0\u00a0 \u00a057 Mar\u00eda Mercedes Moz\u00f3 Silva Flavia Cilveti Medina La comparecencia remota v\u00eda videoconferencia: una respuesta pand\u00e9mica que lleg\u00f3 para quedarse. Ventajas y desventajas para las partes en el proceso\u00a0\u00a0 \u00a0\u00a0\u00a0 \u00a071 Benjam\u00edn Ubilla Morales El litisconsorcio necesario en el proceso civil chileno. En particular, sobre la acci\u00f3n de inoponibilidad como mecanismo de protecci\u00f3n del litisconsorte preterido en caso de falta o indebida constituci\u00f3n\u00a0\u00a0 \u00a0\u00a0\u00a0 \u00a097 Ren\u00e9e Rivero Hurtado La Legitimaci\u00f3n ordinaria en el derecho procesal civil\u00a0\u00a0 \u00a0\u00a0\u00a0 \u00a0131 Juan Carlos Mar\u00edn Gonz\u00e1lez El estado como parte en el arbitraje\u00a0\u00a0 \u00a0\u00a0\u00a0 \u00a0189 Alejandro Romero Seguel Juan Carlos Flores Rivas Desaf\u00edos y dificultades de los acuerdos procesales de las partes en el proceso civil chileno\u00a0\u00a0 \u00a0\u00a0\u00a0 \u00a0225 Andr\u00e9s Pe\u00f1a Adasme Las partes en el proyecto de reforma procesal civil Igualdad sustantiva de partes, debido proceso y jurisdicci\u00f3n algor\u00edtmica en el proyecto de C\u00f3digo Procesal Civil chileno: \u00bfdiscusi\u00f3n presente o ausente?\u00a0\u00a0 \u00a0\u00a0\u00a0 \u00a0249 Isidora S\u00e1nchez Ceballos La capacidad procesal de las masas patrimoniales\u00a0\u00a0 \u00a0\u00a0\u00a0 \u00a0275 P\u00eda Tavolari Goycoolea La sucesi\u00f3n procesal en el proyecto de C\u00f3digo Procesal Civil chileno\u00a0\u00a0 \u00a0\u00a0\u00a0 \u00a0287 Gonzalo Cortez Matcovich De los terceros: algunas dudas y las respuestas del proyecto de nuevo Codigo Procesal Civil\u00a0\u00a0 \u00a0\u00a0\u00a0 \u00a0309 Ra\u00fal Tavolari Oliveros Las partes en el sistema procesal penal Forzamiento de la acusaci\u00f3n y la formalizaci\u00f3n de la investigaci\u00f3n: el cambio interpretativo del tribunal constitucional\u00a0\u00a0 \u00a0\u00a0\u00a0 \u00a0327 \u00c1ngelo Rojas Adasme El art\u00edculo 387 del C\u00f3digo Procesal Penal en la reciente jurisprudencia del Tribunal Constitucional\u00a0\u00a0 \u00a0\u00a0\u00a0 \u00a0341 Ximena Marcazzolo Awad \u00bfTengo derecho a guardar silencio? declaraciones espont\u00e1neas dadas por el imputado durante entrevistas informales\u00a0\u00a0 \u00a0\u00a0\u00a0 \u00a0357 V\u00edctor Beltr\u00e1n Rom\u00e1n Ius ut procedatur y denegatio actionis: el problema constitucional del acusador penal particular y su derecho a la acci\u00f3n procesal\u00a0\u00a0 \u00a0\u00a0\u00a0 \u00a0381 Carlos del R\u00edo Ferretti El delirante procedimiento de medidas de seguridad contra el enajenado mental\u00a0\u00a0 \u00a0\u00a0\u00a0 \u00a0417 Manuel Rodr\u00edguez Vega La relaci\u00f3n entre el Ministerio P\u00fablico y el querellante a la luz del derecho a la tutela judicial efectiva de la v\u00edctima\u00a0\u00a0 \u00a0\u00a0\u00a0 \u00a0449 Mar\u00eda Elena Santib\u00e1\u00f1ez Torres Nicol\u00e1s Browne Arellano Las partes en el procedimiento laboral La inspecci\u00f3n del trabajo como sujeto procesal en el procedimiento de tutela laboral\u00a0\u00a0 \u00a0\u00a0\u00a0 \u00a0473 Fernanda Aguirre Mussa Mar\u00eda Gracia Villarreal Rodr\u00edguez Legitimaci\u00f3n procesal en materia laboral. An\u00e1lisis doctrinario y jurisprudencial\u00a0\u00a0 \u00a0\u00a0\u00a0 \u00a0495 Abigail Tapia Alarc\u00f3n El recurso de nulidad laboral por infracci\u00f3n a las reglas de la sana cr\u00edtica: propuesta de una interpretaci\u00f3n y relectura que busque superar la excesiva excepcionalidad y recupere el valor central del control de la motivaci\u00f3n f\u00e1ctica\u00a0\u00a0 \u00a0\u00a0\u00a0 \u00a0515 Diego Palomo V\u00e9lez Jordi Delgado Castro Cristian Contreras Rojas Francisco Narv\u00e1ez Gallo La figura del demandado solidario en el procedimiento laboral\u00a0\u00a0 \u00a0\u00a0\u00a0 \u00a0551 Andr\u00e9s Bruna Ortiz Las partes en el proceso colectivo Asociaciones de consumidores y su rol en procedimientos voluntarios colectivos y acciones en protecci\u00f3n del inter\u00e9s colectivo o difuso\u00a0\u00a0 \u00a0\u00a0\u00a0 \u00a0565 Eduardo Reveco Soto Algunas consideraciones sobre la noci\u00f3n de \u201cpartes\u201d en el contexto procedimiento voluntario para la protecci\u00f3n del inter\u00e9s colectivo o difuso de los consumidores\u00a0\u00a0 \u00a0\u00a0\u00a0 \u00a0581 Fabiola Schencke Aedo La legitimaci\u00f3n del SERNAC como titular de la acci\u00f3n en el proceso colectivo\u00a0\u00a0 \u00a0\u00a0\u00a0 \u00a0599 Maite Aguirrezabal Gr\u00fcnstein Las partes en el procedimiento medio ambiental Algunas precisiones respecto a la legitimaci\u00f3n activa en la responsabilidad por da\u00f1o ambiental\u00a0\u00a0 \u00a0\u00a0\u00a0 \u00a0623 Gabriel Mar\u00edn Mery La intervenci\u00f3n de terceros en los procesos judiciales en que se ventilen acciones reparatorias del medio ambiente. Una propuesta de cambio\u00a0\u00a0 \u00a0\u00a0\u00a0 \u00a0637 Jaime Carrasco Poblete Juan Ignacio Contardo Gonz\u00e1lez La carrera en la demanda por da\u00f1o ambiental. Problemas de comparecer como terceros y no como parte principal\u00a0\u00a0 \u00a0\u00a0\u00a0 \u00a0659 Javier Mu\u00f1oz Saguas Calidad de parte del Estado en la jurisdicci\u00f3n ambiental\u00a0\u00a0 \u00a0\u00a0\u00a0 \u00a0677 Ruth Israel L\u00f3pez Rodrigo Rivera Cuevas Las partes en el proceso de familia Las partes en el proceso de familia. Particularidades procesales derivadas de los vinculos entre los litigantes\u00a0\u00a0 \u00a0\u00a0\u00a0 \u00a0695 Jes\u00fas Ezurmendia \u00c1lvarez Los terceros como partes en el juicio de familia. Panorama general y revisi\u00f3n cr\u00edtica\u00a0\u00a0 \u00a0\u00a0\u00a0 \u00a0713 Sergio Arenas Benavides Las partes en el proceso constitucional Notas sobre la legitimaci\u00f3n activa de las municipalidades en el recurso de protecci\u00f3n\u00a0\u00a0 \u00a0\u00a0\u00a0 \u00a0733 Claudio Ag\u00fcero San Juan Isapres y fallos de protecci\u00f3n con efectos erga omnes\u00a0\u00a0 \u00a0\u00a0\u00a0 \u00a0747 Priscila Machado Martins Las partes en el procedimiento contencioso administrativo La legitimaci\u00f3n pasiva y el derecho a una buena administraci\u00f3n: \u00bfes necesaria la existencia de terceros en el<\/p>\n","protected":false},"featured_media":3462,"comment_status":"open","ping_status":"closed","template":"","meta":{"inline_featured_image":false,"_joinchat":[]},"product_brand":[],"product_cat":[27,26],"product_tag":[],"class_list":{"0":"post-3422","1":"product","2":"type-product","3":"status-publish","4":"has-post-thumbnail","6":"product_cat-civil","7":"product_cat-derecho","8":"product_shipping_class-a-convenir","10":"first","11":"instock","12":"shipping-taxable","13":"purchasable","14":"product-type-simple"},"_links":{"self":[{"href":"https:\/\/bibliotecajuridicavirtual.cl\/index.php\/wp-json\/wp\/v2\/product\/3422","targetHints":{"allow":["GET"]}}],"collection":[{"href":"https:\/\/bibliotecajuridicavirtual.cl\/index.php\/wp-json\/wp\/v2\/product"}],"about":[{"href":"https:\/\/bibliotecajuridicavirtual.cl\/index.php\/wp-json\/wp\/v2\/types\/product"}],"replies":[{"embeddable":true,"href":"https:\/\/bibliotecajuridicavirtual.cl\/index.php\/wp-json\/wp\/v2\/comments?post=3422"}],"wp:featuredmedia":[{"embeddable":true,"href":"https:\/\/bibliotecajuridicavirtual.cl\/index.php\/wp-json\/wp\/v2\/media\/3462"}],"wp:attachment":[{"href":"https:\/\/bibliotecajuridicavirtual.cl\/index.php\/wp-json\/wp\/v2\/media?parent=3422"}],"wp:term":[{"taxonomy":"product_brand","embeddable":true,"href":"https:\/\/bibliotecajuridicavirtual.cl\/index.php\/wp-json\/wp\/v2\/product_brand?post=3422"},{"taxonomy":"product_cat","embeddable":true,"href":"https:\/\/bibliotecajuridicavirtual.cl\/index.php\/wp-json\/wp\/v2\/product_cat?post=3422"},{"taxonomy":"product_tag","embeddable":true,"href":"https:\/\/bibliotecajuridicavirtual.cl\/index.php\/wp-json\/wp\/v2\/product_tag?post=3422"}],"curies":[{"name":"wp","href":"https:\/\/api.w.org\/{rel}","templated":true}]}}