{"id":3423,"date":"2026-02-28T01:13:43","date_gmt":"2026-02-28T04:13:43","guid":{"rendered":"https:\/\/bibliotecajuridicavirtual.cl\/?post_type=product&#038;p=3423"},"modified":"2026-02-28T01:14:13","modified_gmt":"2026-02-28T04:14:13","slug":"el-control-administrativo-del-gasto-publico-de-las-corporaciones-municipales-ano-2024-252-pag-autor-cesar-suarez-munoz","status":"publish","type":"product","link":"https:\/\/bibliotecajuridicavirtual.cl\/index.php\/product\/el-control-administrativo-del-gasto-publico-de-las-corporaciones-municipales-ano-2024-252-pag-autor-cesar-suarez-munoz\/","title":{"rendered":"El Control Administrativo del Gasto P\u00fablico de las Corporaciones Municipales. A\u00f1o 2024 \/ 252 P\u00e1g. Autor C\u00e9sar Su\u00e1rez Mu\u00f1oz"},"content":{"rendered":"<p>La presente obra tiene como objeto entregar propuestas concretas para propender a la resoluci\u00f3n de los problemas generados en el seno de las entidades de derecho privado, instrumentales a las municipalidades, conocidas como corporaciones, fundaciones y asociaciones municipales, en cuanto les son entregadas cuantiosos recursos p\u00fablicos, los cuales, en buena medida, sufrir\u00edan un \u201cdespilfarro\u201d, al dejar de estar sometidos a los rigores de un r\u00e9gimen de Derecho P\u00fablico. Para lo anterior, se articulan una serie de pilares jur\u00eddico-te\u00f3ricos que resultan fundamentales para abordar esta problem\u00e1tica del todo pr\u00e1ctica. En primer lugar, se exponen los fundamentos del Derecho Municipal, lo cual da el contexto necesario a la obra. En segundo lugar, se explora el fen\u00f3meno denominado como la \u201cHuida del Derecho Administrativo\u201d, respecto al cual ya se avecina un \u201cRetorno\u201d. En tercer lugar, se estudia el Derecho Presupuestario, siendo el presupuesto la pieza clave del Control. En cuarto lugar, se revisa el Derecho del Fomento, por cuanto es la Subvenci\u00f3n el instrumento jur\u00eddico por excelencia en esta materia. Y, en quinto lugar, se expone el Derecho del Control Administrativo, el cual, en todas sus variadas formas, permite darle un desenlace a esta obra. Todo lo anterior es puesto en relaci\u00f3n, tanto con los m\u00e1s recientes acontecimientos period\u00edsticos, como con los \u00faltimos desarrollos en materia de reforma legislativa.<\/p>\n<p>&nbsp;<\/p>\n","protected":false},"excerpt":{"rendered":"<p>La presente obra tiene como objeto entregar propuestas concretas para propender a la resoluci\u00f3n de los problemas generados en el seno de las entidades de derecho privado, instrumentales a las municipalidades, conocidas como corporaciones, fundaciones y asociaciones municipales, en cuanto les son entregadas cuantiosos recursos p\u00fablicos, los cuales, en buena medida, sufrir\u00edan un \u201cdespilfarro\u201d, al dejar de estar sometidos a los rigores de un r\u00e9gimen de Derecho P\u00fablico. Para lo anterior, se articulan una serie de pilares jur\u00eddico-te\u00f3ricos que resultan fundamentales para abordar esta problem\u00e1tica del todo pr\u00e1ctica. En primer lugar, se exponen los fundamentos del Derecho Municipal, lo cual da el contexto necesario a la obra. En segundo lugar, se explora el fen\u00f3meno denominado como la \u201cHuida del Derecho Administrativo\u201d, respecto al cual ya se avecina un \u201cRetorno\u201d. En tercer lugar, se estudia el Derecho Presupuestario, siendo el presupuesto la pieza clave del Control. En cuarto lugar, se revisa el Derecho del Fomento, por cuanto es la Subvenci\u00f3n el instrumento jur\u00eddico por excelencia en esta materia. Y, en quinto lugar, se expone el Derecho del Control Administrativo, el cual, en todas sus variadas formas, permite darle un desenlace a esta obra. Todo lo anterior es puesto en relaci\u00f3n, tanto con los m\u00e1s recientes acontecimientos period\u00edsticos, como con los \u00faltimos desarrollos en materia de reforma legislativa. &nbsp;<\/p>\n","protected":false},"featured_media":3463,"comment_status":"open","ping_status":"closed","template":"","meta":{"inline_featured_image":false,"_joinchat":[]},"product_brand":[],"product_cat":[45,58],"product_tag":[],"class_list":{"0":"post-3423","1":"product","2":"type-product","3":"status-publish","4":"has-post-thumbnail","6":"product_cat-administrativo","7":"product_cat-editorial-rubicon","8":"product_shipping_class-a-convenir","10":"first","11":"instock","12":"shipping-taxable","13":"purchasable","14":"product-type-simple"},"_links":{"self":[{"href":"https:\/\/bibliotecajuridicavirtual.cl\/index.php\/wp-json\/wp\/v2\/product\/3423","targetHints":{"allow":["GET"]}}],"collection":[{"href":"https:\/\/bibliotecajuridicavirtual.cl\/index.php\/wp-json\/wp\/v2\/product"}],"about":[{"href":"https:\/\/bibliotecajuridicavirtual.cl\/index.php\/wp-json\/wp\/v2\/types\/product"}],"replies":[{"embeddable":true,"href":"https:\/\/bibliotecajuridicavirtual.cl\/index.php\/wp-json\/wp\/v2\/comments?post=3423"}],"wp:featuredmedia":[{"embeddable":true,"href":"https:\/\/bibliotecajuridicavirtual.cl\/index.php\/wp-json\/wp\/v2\/media\/3463"}],"wp:attachment":[{"href":"https:\/\/bibliotecajuridicavirtual.cl\/index.php\/wp-json\/wp\/v2\/media?parent=3423"}],"wp:term":[{"taxonomy":"product_brand","embeddable":true,"href":"https:\/\/bibliotecajuridicavirtual.cl\/index.php\/wp-json\/wp\/v2\/product_brand?post=3423"},{"taxonomy":"product_cat","embeddable":true,"href":"https:\/\/bibliotecajuridicavirtual.cl\/index.php\/wp-json\/wp\/v2\/product_cat?post=3423"},{"taxonomy":"product_tag","embeddable":true,"href":"https:\/\/bibliotecajuridicavirtual.cl\/index.php\/wp-json\/wp\/v2\/product_tag?post=3423"}],"curies":[{"name":"wp","href":"https:\/\/api.w.org\/{rel}","templated":true}]}}