{"id":3424,"date":"2026-02-28T01:13:43","date_gmt":"2026-02-28T04:13:43","guid":{"rendered":"https:\/\/bibliotecajuridicavirtual.cl\/?post_type=product&#038;p=3424"},"modified":"2026-02-28T01:14:16","modified_gmt":"2026-02-28T04:14:16","slug":"codigo-de-la-familia-tomo-i-y-tomo-ii-8va-edicion-ano-2024-1-500-pag-autor-javier-barrientos-grandon","status":"publish","type":"product","link":"https:\/\/bibliotecajuridicavirtual.cl\/index.php\/product\/codigo-de-la-familia-tomo-i-y-tomo-ii-8va-edicion-ano-2024-1-500-pag-autor-javier-barrientos-grandon\/","title":{"rendered":"C\u00f3digo de la Familia &#8211; Tomo I y Tomo II &#8211; 8va Edici\u00f3n. A\u00f1o 2024\/ 1.500 P\u00e1g. Autor Javier Barrientos Grandon"},"content":{"rendered":"<p class=\"thomsonreuterscl-dynamic-description-0-x-dynamicDescriptionItem\">Esta nueva edici\u00f3n del C\u00f3digo de la familia, est\u00e1 concebida al amparo de una preocupaci\u00f3n que pretende ir m\u00e1s all\u00e1 de la simple finalidad de proveer un completo cuerpo normativo de la familia en Chile. La inclusi\u00f3n de los textos constitucionales, legales, tratados internacionales, autos acordados, reglamentos y jurisprudencia, descansa en el presupuesto de la complejidad del sistema de fuentes del actual derecho de familia. \u200b<\/p>\n<p class=\"thomsonreuterscl-dynamic-description-0-x-dynamicDescriptionItem\">La jurisprudencia, ha sido objeto de una inicial reflexi\u00f3n dogm\u00e1tica, que se refleja, en principio, en los enunciados que la organizan y explican. Pero tambi\u00e9n, esas sentencias son comentadas en su contexto, se las examina a la luz del propio desarrollo jurisprudencial y de los nuevos contextos jur\u00eddicos y sociales. \u200b<\/p>\n<p class=\"thomsonreuterscl-dynamic-description-0-x-dynamicDescriptionItem\">El C\u00f3digo de la familia puede, as\u00ed, alzarse como un texto que admite una pluralidad de lecturas y una variedad de intensidades en ella, sin olvidar tampoco su decidido prop\u00f3sito de auxiliar de la mejor manera a la pr\u00e1ctica profesional. \u200b<\/p>\n<p>INDICE<\/p>\n<p>TOMO I<\/p>\n<p class=\"IG_CapituloNumero\" lang=\"es-ES\">I.DE LOS PRINCIPIOS CONSTITUCIONALES DEL DERECHO DE LAS PERSONAS Y DE LA FAMILIA<\/p>\n<p class=\"IG_1\" lang=\"es-ES\">Constituci\u00f3n Pol\u00edtica de la Rep\u00fablica de Chile<\/p>\n<p class=\"IG_2\" lang=\"es-ES\">Cap\u00edtulo I. Bases de la institucionalidad<\/p>\n<p class=\"IG_2\" lang=\"es-ES\">Cap\u00edtulo III. De los Derechos y Deberes Constitucionales<\/p>\n<p class=\"IG_CapituloNumero\" lang=\"es-ES\">II. DE LAS PERSONAS EN GENERAL, DE SU EXISTENCIA, NACIONALIDAD,\u00a0<span class=\"Titulo-romano-cont\" lang=\"\">DOMICILIO, ESTADO CIVIL, NOM<\/span><span class=\"Titulo-romano-cont\" lang=\"\">BRE Y PARENTES<\/span><span class=\"Titulo-romano-cont\" lang=\"\">CO<\/span><\/p>\n<p class=\"IG_1\" lang=\"es-ES\">A. Tratados y Convenciones Internacionales<\/p>\n<p class=\"IG_2\" lang=\"es-ES\">1. Pacto Internacional de Derechos Civiles y Pol\u00edticos adoptado por la Asamblea General de la ONU por Resoluci\u00f3n N\u00ba 2.200 el 16 de diciembre de 1966 y suscrito por Chile en la misma fecha<\/p>\n<p class=\"IG_2\" lang=\"es-ES\">2. Convenci\u00f3n Americana sobre Derechos Humanos: \u201cPacto de San Jos\u00e9 de Costa Rica\u201d<\/p>\n<p class=\"IG_2\" lang=\"es-ES\">3. Convenci\u00f3n sobre la Eliminaci\u00f3n de todas las formas de Discriminaci\u00f3n contra la Mujer, adoptada por la Asamblea General de la ONU el 18 de diciembre de 1979, suscrita por Chile el 17 de julio de 1980<\/p>\n<p class=\"IG_2\" lang=\"es-ES\">4. Convenci\u00f3n sobre los Derechos del Ni\u00f1o<\/p>\n<p class=\"IG_2\" lang=\"es-ES\">5. Convenci\u00f3n sobre los Derechos de las Personas con Discapacidad, adoptada por la Asamblea General de la ONU el 13 de diciembre de 2006<\/p>\n<p class=\"IG_1\" lang=\"es-ES\">B. Constituci\u00f3n Pol\u00edtica de la Rep\u00fablica<\/p>\n<p class=\"IG_2\" lang=\"es-ES\">Cap\u00edtulo II. Nacionalidad y ciudadan\u00eda<\/p>\n<p class=\"IG_2\" lang=\"es-ES\">Cap\u00edtulo III. De los derechos y deberes constitucionales<\/p>\n<p class=\"IG_2\" lang=\"es-ES\">Cap\u00edtulo V. Congreso Nacional<\/p>\n<p class=\"IG_1\" lang=\"es-ES\">C. C\u00f3digo Civil<\/p>\n<p class=\"IG_2\" lang=\"es-ES\">a) T\u00edtulo Preliminar<\/p>\n<p class=\"IG_3\" lang=\"es-ES\">Efectos de la ley<\/p>\n<p class=\"IG_3\" lang=\"es-ES\">Definici\u00f3n de varias palabras de uso frecuente en las leyes<\/p>\n<p class=\"IG_2\" lang=\"es-ES\">b) Libro Primero.<\/p>\n<p class=\"IG_3\" lang=\"es-ES\">De las personas, en cuanto a su nombre, nacionalidad y domicilio<\/p>\n<p class=\"IG_3\" lang=\"es-ES\">Del principio y fin de la existencia de las personas<\/p>\n<p class=\"IG_3\" lang=\"es-ES\">De las pruebas del estado civil<\/p>\n<p class=\"IG_1\" lang=\"es-ES\">D. Ley N\u00ba 19.253. Establece Normas sobre Protecci\u00f3n, Fomento y Desarrollo de los Ind\u00edgenas, y crea la Corporaci\u00f3n Nacional de Desarrollo Ind\u00edgena<\/p>\n<p class=\"IG_1\" lang=\"es-ES\">E. Ley N\u00ba 20.609. Establece medidas contra la discriminaci\u00f3n<\/p>\n<p class=\"IG_1\" lang=\"es-ES\">F. Ley N\u00ba 20.120. Sobre la investigaci\u00f3n cient\u00edfica en el ser humano, su genoma, y proh\u00edbe la clonaci\u00f3n humana<\/p>\n<p class=\"IG_1\" lang=\"es-ES\">G. Decreto N\u00ba 5.142. Fija el texto refundido de las disposiciones sobre nacionalizaci\u00f3n de extranjeros<\/p>\n<p class=\"IG_1\" lang=\"es-ES\">H. Ley N\u00ba 17.344. Autoriza el cambio de nombres y apellidos en los casos que indica. Modifica Ley N\u00ba 4.808, Sobre Registro Civil<\/p>\n<p class=\"IG_1\" lang=\"es-ES\">I. Ley de Efecto Retroactivo de las Leyes<\/p>\n<p class=\"IG_1\" lang=\"es-ES\">J. Auto acordado que reglamenta la aplicaci\u00f3n del recurso de reclamaci\u00f3n en contra del decreto que dispone la p\u00e9rdida de la nacionalidad<\/p>\n<nav class=\"navbar\">\n<div class=\"hamb\">\n<div class=\"menu\">\n<div class=\"content\"><\/div>\n<\/div>\n<\/div>\n<\/nav>\n<section id=\"indice\">\n<div id=\"container\">\n<p class=\"IG_1\" lang=\"es-ES\">Introducci\u00f3n<\/p>\n<p class=\"IG_Tomo\" lang=\"es-ES\">TOMO I<\/p>\n<p class=\"IG_CapituloNumero\" lang=\"es-ES\">I. DE LOS PRINCIPIOS CONSTITUCIONALES DEL DERECHO DE LAS PERSONAS Y DE LA FAMILIA<\/p>\n<p class=\"IG_1\" lang=\"es-ES\">Constituci\u00f3n Pol\u00edtica de la Rep\u00fablica de Chile<\/p>\n<p class=\"IG_2\" lang=\"es-ES\">Cap\u00edtulo I. Bases de la institucionalidad<\/p>\n<p class=\"IG_2\" lang=\"es-ES\">Cap\u00edtulo III. De los Derechos y Deberes Constitucionales<\/p>\n<p class=\"IG_CapituloNumero\" lang=\"es-ES\">II. DE LAS PERSONAS EN GENERAL, DE SU EXISTENCIA, NACIONALIDAD,\u00a0<span class=\"Titulo-romano-cont\" lang=\"\">DOMICILIO, ESTADO CIVIL, NOM<\/span><span class=\"Titulo-romano-cont\" lang=\"\">BRE Y PARENTES<\/span><span class=\"Titulo-romano-cont\" lang=\"\">CO<\/span><\/p>\n<p class=\"IG_1\" lang=\"es-ES\">A. Tratados y Convenciones Internacionales<\/p>\n<p class=\"IG_2\" lang=\"es-ES\">1. Pacto Internacional de Derechos Civiles y Pol\u00edticos adoptado por la Asamblea General de la ONU por Resoluci\u00f3n N\u00ba 2.200 el 16 de diciembre de 1966 y suscrito por Chile en la misma fecha<\/p>\n<p class=\"IG_2\" lang=\"es-ES\">2. Convenci\u00f3n Americana sobre Derechos Humanos: \u201cPacto de San Jos\u00e9 de Costa Rica\u201d<\/p>\n<p class=\"IG_2\" lang=\"es-ES\">3. Convenci\u00f3n sobre la Eliminaci\u00f3n de todas las formas de Discriminaci\u00f3n contra la Mujer, adoptada por la Asamblea General de la ONU el 18 de diciembre de 1979, suscrita por Chile el 17 de julio de 1980<\/p>\n<p class=\"IG_2\" lang=\"es-ES\">4. Convenci\u00f3n sobre los Derechos del Ni\u00f1o<\/p>\n<p class=\"IG_2\" lang=\"es-ES\">5. Convenci\u00f3n sobre los Derechos de las Personas con Discapacidad, adoptada por la Asamblea General de la ONU el 13 de diciembre de 2006<\/p>\n<p class=\"IG_1\" lang=\"es-ES\">B. Constituci\u00f3n Pol\u00edtica de la Rep\u00fablica<\/p>\n<p class=\"IG_2\" lang=\"es-ES\">Cap\u00edtulo II. Nacionalidad y ciudadan\u00eda<\/p>\n<p class=\"IG_2\" lang=\"es-ES\">Cap\u00edtulo III. De los derechos y deberes constitucionales<\/p>\n<p class=\"IG_2\" lang=\"es-ES\">Cap\u00edtulo V. Congreso Nacional<\/p>\n<p class=\"IG_1\" lang=\"es-ES\">C. C\u00f3digo Civil<\/p>\n<p class=\"IG_2\" lang=\"es-ES\">a) T\u00edtulo Preliminar<\/p>\n<p class=\"IG_3\" lang=\"es-ES\">Efectos de la ley<\/p>\n<p class=\"IG_3\" lang=\"es-ES\">Definici\u00f3n de varias palabras de uso frecuente en las leyes<\/p>\n<p class=\"IG_2\" lang=\"es-ES\">b) Libro Primero.<\/p>\n<p class=\"IG_3\" lang=\"es-ES\">De las personas, en cuanto a su nombre, nacionalidad y domicilio<\/p>\n<p class=\"IG_3\" lang=\"es-ES\">Del principio y fin de la existencia de las personas<\/p>\n<p class=\"IG_3\" lang=\"es-ES\">De las pruebas del estado civil<\/p>\n<p class=\"IG_1\" lang=\"es-ES\">D. Ley N\u00ba 19.253. Establece Normas sobre Protecci\u00f3n, Fomento y Desarrollo de los Ind\u00edgenas, y crea la Corporaci\u00f3n Nacional de Desarrollo Ind\u00edgena<\/p>\n<p class=\"IG_1\" lang=\"es-ES\">E. Ley N\u00ba 20.609. Establece medidas contra la discriminaci\u00f3n<\/p>\n<p class=\"IG_1\" lang=\"es-ES\">F. Ley N\u00ba 20.120. Sobre la investigaci\u00f3n cient\u00edfica en el ser humano, su genoma, y proh\u00edbe la clonaci\u00f3n humana<\/p>\n<p class=\"IG_1\" lang=\"es-ES\">G. Decreto N\u00ba 5.142. Fija el texto refundido de las disposiciones sobre nacionalizaci\u00f3n de extranjeros<\/p>\n<p class=\"IG_1\" lang=\"es-ES\">H. Ley N\u00ba 17.344. Autoriza el cambio de nombres y apellidos en los casos que indica. Modifica Ley N\u00ba 4.808, Sobre Registro Civil<\/p>\n<p class=\"IG_1\" lang=\"es-ES\">I. Ley de Efecto Retroactivo de las Leyes<\/p>\n<p class=\"IG_1\" lang=\"es-ES\">J. Auto acordado que reglamenta la aplicaci\u00f3n del recurso de reclamaci\u00f3n en contra del decreto que dispone la p\u00e9rdida de la nacionalidad<\/p>\n<p class=\"IG_CapituloNumero\" lang=\"es-ES\">III. DEL MATRIMONIO<\/p>\n<p class=\"IG_1\" lang=\"es-ES\">A. Tratados y Convenciones internacionales<\/p>\n<p class=\"IG_2\" lang=\"es-ES\">1. Pacto internacional de Derechos Civiles y Pol\u00edticos adoptado por la asamblea general de la ONU por Resoluci\u00f3n N\u00ba 2.200 el 16 de diciembre de 1966 y suscrito por Chile en la misma fecha<\/p>\n<p class=\"IG_2\" lang=\"es-ES\">2. Pacto internacional de Derechos Econ\u00f3micos, Sociales y Culturales<\/p>\n<p class=\"IG_2\" lang=\"es-ES\">3. Convenci\u00f3n sobre la Eliminaci\u00f3n de todas las Formas de Discriminaci\u00f3n contra la Mujer<\/p>\n<p class=\"IG_2\" lang=\"es-ES\">4. Convenci\u00f3n Americana sobre Derechos Humanos: \u201cPacto de San Jos\u00e9 de Costa Rica\u201d<\/p>\n<p class=\"IG_2\" lang=\"es-ES\">5. Convenci\u00f3n sobre los Derechos de las Personas con Discapacidad<\/p>\n<p class=\"IG_1\" lang=\"es-ES\">B. C\u00f3digo Civil<\/p>\n<p class=\"IG_2\" lang=\"es-ES\">a) Libro I De las personas<\/p>\n<p class=\"IG_3\" lang=\"es-ES\">De los esponsales<\/p>\n<p class=\"IG_3\" lang=\"es-ES\">Del matrimonio<\/p>\n<p class=\"IG_3\" lang=\"es-ES\">De las segundas nupcias<\/p>\n<p class=\"IG_3\" lang=\"es-ES\">Obligaciones y derechos entre los c\u00f3nyuges<\/p>\n<p class=\"IG_2\" lang=\"es-ES\">b) Libro III. De la sucesi\u00f3n por causa de muerte y las donaciones entre vivos<\/p>\n<p class=\"IG_3\" lang=\"es-ES\">De las asignaciones testamentarias<\/p>\n<p class=\"IG_3\" lang=\"es-ES\">De la partici\u00f3n de bienes<\/p>\n<p class=\"IG_2\" lang=\"es-ES\">c) Libro IV. De las obligaciones en general y de los contratos<\/p>\n<p class=\"IG_3\" lang=\"es-ES\">De las convenciones matrimoniales y de la sociedad conyugal<\/p>\n<p class=\"IG_3\" lang=\"es-ES\">R\u00e9gimen de la participaci\u00f3n en los gananciales<\/p>\n<p class=\"IG_1\" lang=\"es-ES\">C. Ley N\u00ba 19.947. Establece nueva Ley de Matrimonio Civil<\/p>\n<p class=\"IG_1\" lang=\"es-ES\">D. Decreto N\u00ba 673. Aprueba normas reglamentarias sobre Matrimonio Civil y Registro de Mediadores<\/p>\n<p class=\"IG_1\" lang=\"es-ES\">E. Decreto Ley N\u00ba 824. Aprueba texto que indica de la Ley sobre Impuesto a la Renta<\/p>\n<p class=\"IG_1\" lang=\"es-ES\">F. Ley N\u00ba 20.255. Establece Reforma Previsional<\/p>\n<p class=\"IG_CapituloNumero\" lang=\"es-ES\">IV. DE LA FILIACI\u00d3N Y DE LOS MENORES<\/p>\n<p class=\"IG_1\" lang=\"es-ES\">A. Tratados y Convenciones Internacionales<\/p>\n<p class=\"IG_2\" lang=\"es-ES\">1. Convenci\u00f3n sobre los Derechos del Ni\u00f1o<\/p>\n<p class=\"IG_2\" lang=\"es-ES\">2. Convenci\u00f3n sobre protecci\u00f3n del Ni\u00f1o y Cooperaci\u00f3n en Materia de Adopci\u00f3n Internacional<\/p>\n<p class=\"IG_2\" lang=\"es-ES\">3. Convenci\u00f3n sobre los aspectos civiles del Secuestro Internacional de Ni\u00f1os<\/p>\n<p class=\"IG_1\" lang=\"es-ES\">B. C\u00f3digo Civil<\/p>\n<p class=\"IG_2\" lang=\"es-ES\">a) T\u00cdtulo preliminar<\/p>\n<p class=\"IG_2\" lang=\"es-ES\">b) Libro I. De las personas<\/p>\n<p class=\"IG_3\" lang=\"es-ES\">De la filiaci\u00f3n<\/p>\n<p class=\"IG_3\" lang=\"es-ES\">De las acciones de filiaci\u00f3n<\/p>\n<p class=\"IG_3\" lang=\"es-ES\">De los derechos y obligaciones entre los padres y los hijos<\/p>\n<p class=\"IG_3\" lang=\"es-ES\">De la patria potestad<\/p>\n<p>&nbsp;<\/p>\n<p>TOMO II<\/p>\n<p>TOMO II<\/p>\n<p>&nbsp;<\/p>\n<p>Ley N\u00ba 19.585. Modifica el C\u00f3digo Civil y Otros Cuerpos Legales en Materia de Filiaci\u00f3n<\/p>\n<p>&nbsp;<\/p>\n<p>Ley de Efecto Retroactivo de las Leyes<\/p>\n<p>&nbsp;<\/p>\n<p>Ley N\u00ba 16.618. Ley de Menores<\/p>\n<p>&nbsp;<\/p>\n<p>Ley N\u00ba 19.620. Dicta Normas sobre Adopci\u00f3n de Menores<\/p>\n<p>&nbsp;<\/p>\n<p>Decreto N\u00ba 944. Reglamento de la Ley N\u00ba 19.620 que dicta Normas sobre Adopci\u00f3n de Menores<\/p>\n<p>&nbsp;<\/p>\n<p>Autos Acordados<\/p>\n<p>&nbsp;<\/p>\n<p>Auto acordado de la Excma. Corte Suprema que modifica y refunde el texto del Auto Acordado sobre procedimiento aplicable al Convenio de La Haya relativo a los efectos civiles del secuestro internacional de ni\u00f1os y ni\u00f1as<\/p>\n<p>&nbsp;<\/p>\n<p>DE LAS TUTELAS Y CURADUR\u00cdAS<\/p>\n<p>&nbsp;<\/p>\n<p>C\u00f3digo Civil<\/p>\n<p>&nbsp;<\/p>\n<p>T\u00edtulo Preliminar<\/p>\n<p>&nbsp;<\/p>\n<p>De las tutelas y curadur\u00edas en general<\/p>\n<p>&nbsp;<\/p>\n<p>De las diligencias y formalidades que deben preceder al ejercicio de la tutela o curadur\u00eda<\/p>\n<p>&nbsp;<\/p>\n<p>De la administraci\u00f3n de los tutores y curadores relativamente a los bienes<\/p>\n<p>&nbsp;<\/p>\n<p>Reglas especiales relativas a la tutela<\/p>\n<p>&nbsp;<\/p>\n<p>Reglas especiales relativas a la curadur\u00eda del menor<\/p>\n<p>&nbsp;<\/p>\n<p>Reglas especiales relativas a la curadur\u00eda del disipador<\/p>\n<p>&nbsp;<\/p>\n<p>Reglas especiales relativas a la curadur\u00eda del demente<\/p>\n<p>&nbsp;<\/p>\n<p>Reglas especiales relativas a la curadur\u00eda del sordo o sordomudo<\/p>\n<p>&nbsp;<\/p>\n<p>De las curadur\u00edas de bienes<\/p>\n<p>&nbsp;<\/p>\n<p>De los curadores adjuntos<\/p>\n<p>&nbsp;<\/p>\n<p>De los curadores especiales<\/p>\n<p>&nbsp;<\/p>\n<p>De las incapacidades y excusas para la tutela o curadur\u00eda<\/p>\n<p>&nbsp;<\/p>\n<p>De la remuneraci\u00f3n de los tutores y curadores<\/p>\n<p>&nbsp;<\/p>\n<p>De la remoci\u00f3n de los tutores y curadores<\/p>\n<p>&nbsp;<\/p>\n<p>Ley de Efecto Retroactivo de las Leyes<\/p>\n<p>&nbsp;<\/p>\n<p>Ley N\u00ba 18.600. Establece normas sobre deficientes mentales<\/p>\n<p>&nbsp;<\/p>\n<p>DE LOS ALIMENTOS<\/p>\n<p>&nbsp;<\/p>\n<p>Tratados y Convenciones internacionales<\/p>\n<p>&nbsp;<\/p>\n<p>Convenci\u00f3n sobre Obtenci\u00f3n de Alimentos en el Extranjero<\/p>\n<p>&nbsp;<\/p>\n<p>C\u00f3digo Civil<\/p>\n<p>&nbsp;<\/p>\n<p>De los alimentos que se deben por ley a ciertas personas<\/p>\n<p>&nbsp;<\/p>\n<p>Ley N\u00ba 14.908 sobre Abandono de Familia y Pago de Pensiones Alimenticias<\/p>\n<p>&nbsp;<\/p>\n<p>Instrucci\u00f3n de la Excma. Corte Suprema sobre sistema de pago de pensiones alimenticias para los tribunales del pa\u00eds<\/p>\n<p>&nbsp;<\/p>\n<p>VII. DEL ACUERDO DE UNI\u00d3N CIVIL<\/p>\n<p>&nbsp;<\/p>\n<p>Ley N\u00ba 20.830. Crea el Acuerdo de Uni\u00f3n Civil<\/p>\n<p>&nbsp;<\/p>\n<p>C\u00f3digo del Trabajo<\/p>\n<p>&nbsp;<\/p>\n<p>a) De la protecci\u00f3n a la maternidad, la paternidad y la vida familiar<\/p>\n<p>&nbsp;<\/p>\n<p>C\u00f3digo Sanitario<\/p>\n<p>&nbsp;<\/p>\n<p>a) De las inhumaciones, exhumaciones y traslado de cad\u00e1veres<\/p>\n<p>&nbsp;<\/p>\n<p>Decreto Ley N\u00ba 3.500. Establece Nuevo Sistema de Pensiones<\/p>\n<p>&nbsp;<\/p>\n<p>Ley N\u00ba 20.255. Establece Reforma Previsional<\/p>\n<p>&nbsp;<\/p>\n<p>Ley N\u00ba 18.834. Estatuto Administrativo<\/p>\n<p>&nbsp;<\/p>\n<p>Ley N\u00ba 18.883. Estatuto Administrativo para Funcionarios Municipales<\/p>\n<p>&nbsp;<\/p>\n<p>VIII. DE LAS UNIONES DE HECHO<\/p>\n<p>&nbsp;<\/p>\n<p>Jurisprudencia constitucional y de los tribunales ordinarios<\/p>\n<p>&nbsp;<\/p>\n<p>Introducci\u00f3n<\/p>\n<p>&nbsp;<\/p>\n<p>De la noci\u00f3n de uni\u00f3n de hecho<\/p>\n<p>&nbsp;<\/p>\n<p>De la facticidad de la uni\u00f3n de hecho<\/p>\n<p>&nbsp;<\/p>\n<p>De las relaciones patrimoniales en la uni\u00f3n de hecho<\/p>\n<p>&nbsp;<\/p>\n<p>DE LA VIOLENCIA INTRAFAMILIAR<\/p>\n<p>&nbsp;<\/p>\n<p>Tratados y Convenciones internacionales<\/p>\n<p>&nbsp;<\/p>\n<p>Convenci\u00f3n interamericana para prevenir, sancionar y erradicar la violencia contra la mujer \u201cConvenci\u00f3n do Belem do Par\u00e1\u201d<\/p>\n<p>&nbsp;<\/p>\n<p>Ley N\u00ba 20.066. Establece Ley de Violencia Intrafamiliar<\/p>\n<p>&nbsp;<\/p>\n<p>DE LA RESPONSABILIDAD PENAL DE LOS ADOLESCENTES<\/p>\n<p>&nbsp;<\/p>\n<p>Ley N\u00ba 20.084. Establece un Sistema de Responsabilidad de los Adolescentes por Infracciones a la Ley Penal<\/p>\n<p>&nbsp;<\/p>\n<p>Decreto Supremo N\u00ba 1.378. Reglamento de la Ley N\u00ba 20.084 que Establece un Sistema de Responsabilidad de los Adolescentes por Infracciones a la Ley Penal<\/p>\n<p>&nbsp;<\/p>\n<p>Ley N\u00ba 19.733. Sobre libertades de opini\u00f3n e informaci\u00f3n y ejercicio del periodismo<\/p>\n<p>&nbsp;<\/p>\n<p>DE LAS NORMAS ORG\u00c1NICAS<\/p>\n<p>&nbsp;<\/p>\n<p>Ley N\u00ba 4.808 sobre Registro Civil<\/p>\n<p>&nbsp;<\/p>\n<p>Ley N\u00ba 19.968. Crea los Tribunales de Familia<\/p>\n<p>&nbsp;<\/p>\n<p>Decreto Supremo N\u00ba 763. Aprueba Reglamento de la Ley N\u00ba 19.968 que crea los Tribunales de Familia<\/p>\n<p>&nbsp;<\/p>\n<p>Ley N\u00ba 20.286. Introduce modificaciones org\u00e1nicas y procedimentales a la Ley N\u00ba 19.968, que crea los Tribunales de Familia<\/p>\n<p>&nbsp;<\/p>\n<p>Auto Acordado relativo al funcionamiento de los Juzgados de Familia.<\/p>\n<p>&nbsp;<\/p>\n<p>&nbsp;<\/p>\n<p>&nbsp;<\/p>\n<p>&nbsp;<\/p>\n<\/div>\n<\/section>\n","protected":false},"excerpt":{"rendered":"<p>Esta nueva edici\u00f3n del C\u00f3digo de la familia, est\u00e1 concebida al amparo de una preocupaci\u00f3n que pretende ir m\u00e1s all\u00e1 de la simple finalidad de proveer un completo cuerpo normativo de la familia en Chile. La inclusi\u00f3n de los textos constitucionales, legales, tratados internacionales, autos acordados, reglamentos y jurisprudencia, descansa en el presupuesto de la complejidad del sistema de fuentes del actual derecho de familia. \u200b La jurisprudencia, ha sido objeto de una inicial reflexi\u00f3n dogm\u00e1tica, que se refleja, en principio, en los enunciados que la organizan y explican. Pero tambi\u00e9n, esas sentencias son comentadas en su contexto, se las examina a la luz del propio desarrollo jurisprudencial y de los nuevos contextos jur\u00eddicos y sociales. \u200b El C\u00f3digo de la familia puede, as\u00ed, alzarse como un texto que admite una pluralidad de lecturas y una variedad de intensidades en ella, sin olvidar tampoco su decidido prop\u00f3sito de auxiliar de la mejor manera a la pr\u00e1ctica profesional. \u200b INDICE TOMO I I.DE LOS PRINCIPIOS CONSTITUCIONALES DEL DERECHO DE LAS PERSONAS Y DE LA FAMILIA Constituci\u00f3n Pol\u00edtica de la Rep\u00fablica de Chile Cap\u00edtulo I. Bases de la institucionalidad Cap\u00edtulo III. De los Derechos y Deberes Constitucionales II. DE LAS PERSONAS EN GENERAL, DE SU EXISTENCIA, NACIONALIDAD,\u00a0DOMICILIO, ESTADO CIVIL, NOMBRE Y PARENTESCO A. Tratados y Convenciones Internacionales 1. Pacto Internacional de Derechos Civiles y Pol\u00edticos adoptado por la Asamblea General de la ONU por Resoluci\u00f3n N\u00ba 2.200 el 16 de diciembre de 1966 y suscrito por Chile en la misma fecha 2. Convenci\u00f3n Americana sobre Derechos Humanos: \u201cPacto de San Jos\u00e9 de Costa Rica\u201d 3. Convenci\u00f3n sobre la Eliminaci\u00f3n de todas las formas de Discriminaci\u00f3n contra la Mujer, adoptada por la Asamblea General de la ONU el 18 de diciembre de 1979, suscrita por Chile el 17 de julio de 1980 4. Convenci\u00f3n sobre los Derechos del Ni\u00f1o 5. Convenci\u00f3n sobre los Derechos de las Personas con Discapacidad, adoptada por la Asamblea General de la ONU el 13 de diciembre de 2006 B. Constituci\u00f3n Pol\u00edtica de la Rep\u00fablica Cap\u00edtulo II. Nacionalidad y ciudadan\u00eda Cap\u00edtulo III. De los derechos y deberes constitucionales Cap\u00edtulo V. Congreso Nacional C. C\u00f3digo Civil a) T\u00edtulo Preliminar Efectos de la ley Definici\u00f3n de varias palabras de uso frecuente en las leyes b) Libro Primero. De las personas, en cuanto a su nombre, nacionalidad y domicilio Del principio y fin de la existencia de las personas De las pruebas del estado civil D. Ley N\u00ba 19.253. Establece Normas sobre Protecci\u00f3n, Fomento y Desarrollo de los Ind\u00edgenas, y crea la Corporaci\u00f3n Nacional de Desarrollo Ind\u00edgena E. Ley N\u00ba 20.609. Establece medidas contra la discriminaci\u00f3n F. Ley N\u00ba 20.120. Sobre la investigaci\u00f3n cient\u00edfica en el ser humano, su genoma, y proh\u00edbe la clonaci\u00f3n humana G. Decreto N\u00ba 5.142. Fija el texto refundido de las disposiciones sobre nacionalizaci\u00f3n de extranjeros H. Ley N\u00ba 17.344. Autoriza el cambio de nombres y apellidos en los casos que indica. Modifica Ley N\u00ba 4.808, Sobre Registro Civil I. Ley de Efecto Retroactivo de las Leyes J. Auto acordado que reglamenta la aplicaci\u00f3n del recurso de reclamaci\u00f3n en contra del decreto que dispone la p\u00e9rdida de la nacionalidad Introducci\u00f3n TOMO I I. DE LOS PRINCIPIOS CONSTITUCIONALES DEL DERECHO DE LAS PERSONAS Y DE LA FAMILIA Constituci\u00f3n Pol\u00edtica de la Rep\u00fablica de Chile Cap\u00edtulo I. Bases de la institucionalidad Cap\u00edtulo III. De los Derechos y Deberes Constitucionales II. DE LAS PERSONAS EN GENERAL, DE SU EXISTENCIA, NACIONALIDAD,\u00a0DOMICILIO, ESTADO CIVIL, NOMBRE Y PARENTESCO A. Tratados y Convenciones Internacionales 1. Pacto Internacional de Derechos Civiles y Pol\u00edticos adoptado por la Asamblea General de la ONU por Resoluci\u00f3n N\u00ba 2.200 el 16 de diciembre de 1966 y suscrito por Chile en la misma fecha 2. Convenci\u00f3n Americana sobre Derechos Humanos: \u201cPacto de San Jos\u00e9 de Costa Rica\u201d 3. Convenci\u00f3n sobre la Eliminaci\u00f3n de todas las formas de Discriminaci\u00f3n contra la Mujer, adoptada por la Asamblea General de la ONU el 18 de diciembre de 1979, suscrita por Chile el 17 de julio de 1980 4. Convenci\u00f3n sobre los Derechos del Ni\u00f1o 5. Convenci\u00f3n sobre los Derechos de las Personas con Discapacidad, adoptada por la Asamblea General de la ONU el 13 de diciembre de 2006 B. Constituci\u00f3n Pol\u00edtica de la Rep\u00fablica Cap\u00edtulo II. Nacionalidad y ciudadan\u00eda Cap\u00edtulo III. De los derechos y deberes constitucionales Cap\u00edtulo V. Congreso Nacional C. C\u00f3digo Civil a) T\u00edtulo Preliminar Efectos de la ley Definici\u00f3n de varias palabras de uso frecuente en las leyes b) Libro Primero. De las personas, en cuanto a su nombre, nacionalidad y domicilio Del principio y fin de la existencia de las personas De las pruebas del estado civil D. Ley N\u00ba 19.253. Establece Normas sobre Protecci\u00f3n, Fomento y Desarrollo de los Ind\u00edgenas, y crea la Corporaci\u00f3n Nacional de Desarrollo Ind\u00edgena E. Ley N\u00ba 20.609. Establece medidas contra la discriminaci\u00f3n F. Ley N\u00ba 20.120. Sobre la investigaci\u00f3n cient\u00edfica en el ser humano, su genoma, y proh\u00edbe la clonaci\u00f3n humana G. Decreto N\u00ba 5.142. Fija el texto refundido de las disposiciones sobre nacionalizaci\u00f3n de extranjeros H. Ley N\u00ba 17.344. Autoriza el cambio de nombres y apellidos en los casos que indica. Modifica Ley N\u00ba 4.808, Sobre Registro Civil I. Ley de Efecto Retroactivo de las Leyes J. Auto acordado que reglamenta la aplicaci\u00f3n del recurso de reclamaci\u00f3n en contra del decreto que dispone la p\u00e9rdida de la nacionalidad III. DEL MATRIMONIO A. Tratados y Convenciones internacionales 1. Pacto internacional de Derechos Civiles y Pol\u00edticos adoptado por la asamblea general de la ONU por Resoluci\u00f3n N\u00ba 2.200 el 16 de diciembre de 1966 y suscrito por Chile en la misma fecha 2. Pacto internacional de Derechos Econ\u00f3micos, Sociales y Culturales 3. Convenci\u00f3n sobre la Eliminaci\u00f3n de todas las Formas de Discriminaci\u00f3n contra la Mujer 4. Convenci\u00f3n Americana sobre Derechos Humanos: \u201cPacto de San Jos\u00e9 de Costa Rica\u201d 5. Convenci\u00f3n sobre los Derechos de las Personas con Discapacidad B. C\u00f3digo Civil a) Libro I De las personas De los esponsales Del matrimonio De las segundas nupcias Obligaciones y derechos entre los c\u00f3nyuges b) Libro<\/p>\n","protected":false},"featured_media":3464,"comment_status":"open","ping_status":"closed","template":"","meta":{"inline_featured_image":false,"_joinchat":[]},"product_brand":[],"product_cat":[61,29],"product_tag":[],"class_list":{"0":"post-3424","1":"product","2":"type-product","3":"status-publish","4":"has-post-thumbnail","6":"product_cat-codigos-de-la-republica-de-chile-ano-2024","7":"product_cat-familia-y-del-menor","8":"product_shipping_class-a-convenir","10":"first","11":"instock","12":"shipping-taxable","13":"purchasable","14":"product-type-simple"},"_links":{"self":[{"href":"https:\/\/bibliotecajuridicavirtual.cl\/index.php\/wp-json\/wp\/v2\/product\/3424","targetHints":{"allow":["GET"]}}],"collection":[{"href":"https:\/\/bibliotecajuridicavirtual.cl\/index.php\/wp-json\/wp\/v2\/product"}],"about":[{"href":"https:\/\/bibliotecajuridicavirtual.cl\/index.php\/wp-json\/wp\/v2\/types\/product"}],"replies":[{"embeddable":true,"href":"https:\/\/bibliotecajuridicavirtual.cl\/index.php\/wp-json\/wp\/v2\/comments?post=3424"}],"wp:featuredmedia":[{"embeddable":true,"href":"https:\/\/bibliotecajuridicavirtual.cl\/index.php\/wp-json\/wp\/v2\/media\/3464"}],"wp:attachment":[{"href":"https:\/\/bibliotecajuridicavirtual.cl\/index.php\/wp-json\/wp\/v2\/media?parent=3424"}],"wp:term":[{"taxonomy":"product_brand","embeddable":true,"href":"https:\/\/bibliotecajuridicavirtual.cl\/index.php\/wp-json\/wp\/v2\/product_brand?post=3424"},{"taxonomy":"product_cat","embeddable":true,"href":"https:\/\/bibliotecajuridicavirtual.cl\/index.php\/wp-json\/wp\/v2\/product_cat?post=3424"},{"taxonomy":"product_tag","embeddable":true,"href":"https:\/\/bibliotecajuridicavirtual.cl\/index.php\/wp-json\/wp\/v2\/product_tag?post=3424"}],"curies":[{"name":"wp","href":"https:\/\/api.w.org\/{rel}","templated":true}]}}