{"id":3428,"date":"2026-02-28T01:13:43","date_gmt":"2026-02-28T04:13:43","guid":{"rendered":"https:\/\/bibliotecajuridicavirtual.cl\/?post_type=product&#038;p=3428"},"modified":"2026-02-28T01:14:23","modified_gmt":"2026-02-28T04:14:23","slug":"doctrina-y-jurisprudencia-penal-n-51-argumentacion-juridica-en-el-contexto-penal-ano-2024-150-pag-autor-universidad-los-andes","status":"publish","type":"product","link":"https:\/\/bibliotecajuridicavirtual.cl\/index.php\/product\/doctrina-y-jurisprudencia-penal-n-51-argumentacion-juridica-en-el-contexto-penal-ano-2024-150-pag-autor-universidad-los-andes\/","title":{"rendered":"Doctrina y Jurisprudencia Penal N 51, Argumentaci\u00f3n Jur\u00eddica en el Contexto Penal. A\u00f1o 2024\/ 150 P\u00e1g. Autor  Universidad Los Andes"},"content":{"rendered":"<p class=\"thomsonreuterscl-dynamic-description-0-x-dynamicDescriptionItem\">La revista Doctrina y Jurisprudencia Penal es una publicaci\u00f3n trimestral preparada por el Departamento de Derecho Penal de la Universidad de los Andes con la colaboraci\u00f3n de destacados acad\u00e9micos del \u00e1rea, que forman parte de su comit\u00e9 editorial.\u200b<\/p>\n<p class=\"thomsonreuterscl-dynamic-description-0-x-dynamicDescriptionItem\">Aborda temas de inter\u00e9s penal y procesal penal desde una perspectiva pr\u00e1ctica. Se divide en tres secciones, una dedicada a la publicaci\u00f3n de estudios originales sobre problemas que repercuten en nuestra realidad jur\u00eddica, otra integrada por comentarios de sentencias, sistematizadas por su origen y, finalmente, una que agrupa una serie de sentencias clasificadas y sistematizadas por tema.\u200b<\/p>\n<p class=\"thomsonreuterscl-dynamic-description-0-x-dynamicDescriptionItem\">Esta publicaci\u00f3n aspira a desarrollar temas espec\u00edficos de la parte especial y general del Derecho Penal, de modo de ser un aporte trimestral efectivo al trabajo de los estudiosos del Derecho, pero muy especialmente a los operadores que lidian cotidianamente con estas cuestiones en nuestros tribunales de justicia.\u200b<\/p>\n<p class=\"thomsonreuterscl-dynamic-description-0-x-dynamicDescriptionItem\">En este n\u00famero se aborda especialmente la argumentaci\u00f3n jur\u00eddica en el contexto penal. \u200b<\/p>\n","protected":false},"excerpt":{"rendered":"<p>La revista Doctrina y Jurisprudencia Penal es una publicaci\u00f3n trimestral preparada por el Departamento de Derecho Penal de la Universidad de los Andes con la colaboraci\u00f3n de destacados acad\u00e9micos del \u00e1rea, que forman parte de su comit\u00e9 editorial.\u200b Aborda temas de inter\u00e9s penal y procesal penal desde una perspectiva pr\u00e1ctica. Se divide en tres secciones, una dedicada a la publicaci\u00f3n de estudios originales sobre problemas que repercuten en nuestra realidad jur\u00eddica, otra integrada por comentarios de sentencias, sistematizadas por su origen y, finalmente, una que agrupa una serie de sentencias clasificadas y sistematizadas por tema.\u200b Esta publicaci\u00f3n aspira a desarrollar temas espec\u00edficos de la parte especial y general del Derecho Penal, de modo de ser un aporte trimestral efectivo al trabajo de los estudiosos del Derecho, pero muy especialmente a los operadores que lidian cotidianamente con estas cuestiones en nuestros tribunales de justicia.\u200b En este n\u00famero se aborda especialmente la argumentaci\u00f3n jur\u00eddica en el contexto penal. \u200b<\/p>\n","protected":false},"featured_media":3468,"comment_status":"open","ping_status":"closed","template":"","meta":{"inline_featured_image":false,"_joinchat":[]},"product_brand":[],"product_cat":[30,42],"product_tag":[],"class_list":{"0":"post-3428","1":"product","2":"type-product","3":"status-publish","4":"has-post-thumbnail","6":"product_cat-penal","7":"product_cat-thomson-reuters","8":"product_shipping_class-a-convenir","10":"first","11":"instock","12":"shipping-taxable","13":"purchasable","14":"product-type-simple"},"_links":{"self":[{"href":"https:\/\/bibliotecajuridicavirtual.cl\/index.php\/wp-json\/wp\/v2\/product\/3428","targetHints":{"allow":["GET"]}}],"collection":[{"href":"https:\/\/bibliotecajuridicavirtual.cl\/index.php\/wp-json\/wp\/v2\/product"}],"about":[{"href":"https:\/\/bibliotecajuridicavirtual.cl\/index.php\/wp-json\/wp\/v2\/types\/product"}],"replies":[{"embeddable":true,"href":"https:\/\/bibliotecajuridicavirtual.cl\/index.php\/wp-json\/wp\/v2\/comments?post=3428"}],"wp:featuredmedia":[{"embeddable":true,"href":"https:\/\/bibliotecajuridicavirtual.cl\/index.php\/wp-json\/wp\/v2\/media\/3468"}],"wp:attachment":[{"href":"https:\/\/bibliotecajuridicavirtual.cl\/index.php\/wp-json\/wp\/v2\/media?parent=3428"}],"wp:term":[{"taxonomy":"product_brand","embeddable":true,"href":"https:\/\/bibliotecajuridicavirtual.cl\/index.php\/wp-json\/wp\/v2\/product_brand?post=3428"},{"taxonomy":"product_cat","embeddable":true,"href":"https:\/\/bibliotecajuridicavirtual.cl\/index.php\/wp-json\/wp\/v2\/product_cat?post=3428"},{"taxonomy":"product_tag","embeddable":true,"href":"https:\/\/bibliotecajuridicavirtual.cl\/index.php\/wp-json\/wp\/v2\/product_tag?post=3428"}],"curies":[{"name":"wp","href":"https:\/\/api.w.org\/{rel}","templated":true}]}}