{"id":3429,"date":"2026-02-28T01:13:43","date_gmt":"2026-02-28T04:13:43","guid":{"rendered":"https:\/\/bibliotecajuridicavirtual.cl\/?post_type=product&#038;p=3429"},"modified":"2026-02-28T01:14:30","modified_gmt":"2026-02-28T04:14:30","slug":"preparacion-de-examen-de-grado-esquemas-de-derecho-procesal-penal-ano-2024-175-pag-autor-cristobal-farias-soto","status":"publish","type":"product","link":"https:\/\/bibliotecajuridicavirtual.cl\/index.php\/product\/preparacion-de-examen-de-grado-esquemas-de-derecho-procesal-penal-ano-2024-175-pag-autor-cristobal-farias-soto\/","title":{"rendered":"Preparaci\u00f3n de Examen de Grado \u2013 Esquemas de Derecho Procesal Penal. A\u00f1o 2024\/ 175 P\u00e1g. Autor Crist\u00f3bal Farias Soto"},"content":{"rendered":"<p>&nbsp;<\/p>\n<h2 style=\"text-align: center;\">INDICE<\/h2>\n<p>&nbsp;<\/p>\n<ol>\n<li>\n<h3><em><strong>PROCESAL PENAL. GENERALIDADES<\/strong><\/em><\/h3>\n<\/li>\n<li>\n<h3><em><strong>SUJETOS PROCESALES E INTERVINIENTES<\/strong><\/em><\/h3>\n<\/li>\n<li>\n<h3><em><strong>EL MINISTERIO P\u00daBLICO<\/strong><\/em><\/h3>\n<\/li>\n<li>\n<h3><em><strong>LA POLIC\u00cdA<\/strong><\/em><\/h3>\n<\/li>\n<li>\n<h3><em><strong>EL IMPUTADO<\/strong><\/em><\/h3>\n<\/li>\n<li>\n<h3><em><strong>LA DEFENSA<\/strong><\/em><\/h3>\n<\/li>\n<li>\n<h3><em><strong>LA V\u00cdCTIMA Y EL QUERELLANTE<\/strong><\/em><\/h3>\n<\/li>\n<li>\n<h3><em><strong>LOS TRIBUNALES PENALES Y LA ACCI\u00d3N<\/strong><\/em><\/h3>\n<\/li>\n<li>\n<h3><em><strong>LA ETAPA DE INVESTIGACI\u00d3N<\/strong><\/em><\/h3>\n<\/li>\n<li>\n<h3><em><strong>LA ETAPA INTERMEDIA<\/strong><\/em><\/h3>\n<\/li>\n<li>\n<h3><em><strong>EL JUICIO ORAL<\/strong><\/em><\/h3>\n<\/li>\n<li>\n<h3><em><strong>LOS RECURSOS EN MATERIA PROCESAL PENAL<\/strong><\/em><\/h3>\n<\/li>\n<li>\n<h3><em><strong>EJECUCI\u00d3N DE LAS SENTENCIAS CONDENATORIAS Y MEDIDAS DE SEGURIDAD<\/strong><\/em><\/h3>\n<\/li>\n<\/ol>\n<p>&nbsp;<\/p>\n<p>&nbsp;<\/p>\n","protected":false},"excerpt":{"rendered":"<p>&nbsp; INDICE &nbsp; PROCESAL PENAL. GENERALIDADES SUJETOS PROCESALES E INTERVINIENTES EL MINISTERIO P\u00daBLICO LA POLIC\u00cdA EL IMPUTADO LA DEFENSA LA V\u00cdCTIMA Y EL QUERELLANTE LOS TRIBUNALES PENALES Y LA ACCI\u00d3N LA ETAPA DE INVESTIGACI\u00d3N LA ETAPA INTERMEDIA EL JUICIO ORAL LOS RECURSOS EN MATERIA PROCESAL PENAL EJECUCI\u00d3N DE LAS SENTENCIAS CONDENATORIAS Y MEDIDAS DE SEGURIDAD &nbsp; &nbsp;<\/p>\n","protected":false},"featured_media":3469,"comment_status":"open","ping_status":"closed","template":"","meta":{"inline_featured_image":false,"_joinchat":[]},"product_brand":[],"product_cat":[60,30,34],"product_tag":[],"class_list":{"0":"post-3429","1":"product","2":"type-product","3":"status-publish","4":"has-post-thumbnail","6":"product_cat-editorial-el-jurista","7":"product_cat-penal","8":"product_cat-procesal-penal","9":"product_shipping_class-a-convenir","11":"first","12":"instock","13":"shipping-taxable","14":"purchasable","15":"product-type-simple"},"_links":{"self":[{"href":"https:\/\/bibliotecajuridicavirtual.cl\/index.php\/wp-json\/wp\/v2\/product\/3429","targetHints":{"allow":["GET"]}}],"collection":[{"href":"https:\/\/bibliotecajuridicavirtual.cl\/index.php\/wp-json\/wp\/v2\/product"}],"about":[{"href":"https:\/\/bibliotecajuridicavirtual.cl\/index.php\/wp-json\/wp\/v2\/types\/product"}],"replies":[{"embeddable":true,"href":"https:\/\/bibliotecajuridicavirtual.cl\/index.php\/wp-json\/wp\/v2\/comments?post=3429"}],"wp:featuredmedia":[{"embeddable":true,"href":"https:\/\/bibliotecajuridicavirtual.cl\/index.php\/wp-json\/wp\/v2\/media\/3469"}],"wp:attachment":[{"href":"https:\/\/bibliotecajuridicavirtual.cl\/index.php\/wp-json\/wp\/v2\/media?parent=3429"}],"wp:term":[{"taxonomy":"product_brand","embeddable":true,"href":"https:\/\/bibliotecajuridicavirtual.cl\/index.php\/wp-json\/wp\/v2\/product_brand?post=3429"},{"taxonomy":"product_cat","embeddable":true,"href":"https:\/\/bibliotecajuridicavirtual.cl\/index.php\/wp-json\/wp\/v2\/product_cat?post=3429"},{"taxonomy":"product_tag","embeddable":true,"href":"https:\/\/bibliotecajuridicavirtual.cl\/index.php\/wp-json\/wp\/v2\/product_tag?post=3429"}],"curies":[{"name":"wp","href":"https:\/\/api.w.org\/{rel}","templated":true}]}}