{"id":3432,"date":"2026-02-28T01:13:43","date_gmt":"2026-02-28T04:13:43","guid":{"rendered":"https:\/\/bibliotecajuridicavirtual.cl\/?post_type=product&#038;p=3432"},"modified":"2026-02-28T01:14:43","modified_gmt":"2026-02-28T04:14:43","slug":"el-contrato-de-transporte-aereo-de-pasajeros-doctrina-y-jurisprudencia-ano-abril-2024-214-pag-autor-maximiliano-escobar-saavedra","status":"publish","type":"product","link":"https:\/\/bibliotecajuridicavirtual.cl\/index.php\/product\/el-contrato-de-transporte-aereo-de-pasajeros-doctrina-y-jurisprudencia-ano-abril-2024-214-pag-autor-maximiliano-escobar-saavedra\/","title":{"rendered":"El Contrato de Transporte A\u00e9reo de  Pasajeros &#8211; Doctrina y Jurisprudencia. A\u00f1o Abril 2024\/  214 P\u00e1g. Autor  Maximiliano Escobar Saavedra"},"content":{"rendered":"<p style=\"font-weight: 400;\">Esta obra propone estudiar de manera pormenorizada el r\u00e9gimen contractual del transporte a\u00e9reo de pasajeros para el derecho chileno, al alero de la doctrina y la jurisprudencia. Se analiza la realidad jur\u00eddica actual del contrato fijando su marco. Se tratan sus aspectos generales, su naturaleza, su formaci\u00f3n, legislaci\u00f3n aplicable, caracter\u00edsticas, partes intervinientes, efectos derivados y documentaci\u00f3n a que da origen.\u200b<\/p>\n<p style=\"font-weight: 400;\">Especial importancia se otorga a la relaci\u00f3n existente con el derecho de los consumidores, y la forma c\u00f3mo sus instituciones han sido reconocidas en esta materia por los tribunales (a trav\u00e9s del recurso de protecci\u00f3n), y el r\u00e9gimen jur\u00eddico, lo que ha dado lugar a importantes modificaciones sobre la materia en los \u00faltimos a\u00f1os, en especial del C\u00f3digo Aeron\u00e1utico en materia de denegaci\u00f3n de embarque, cancelaci\u00f3n de vuelos, grandes retratos, cesi\u00f3n del pasaje a\u00e9reo, pasajeros disruptivos, etc.<\/p>\n<p style=\"font-weight: 400;\">Finalmente, se aborda de manera especial el r\u00e9gimen de responsabilidad derivado de este contrato, a partir de sus supuestos generadores y las soluciones proyectadas por el Ordenamiento nacional e Internacional. Todo lo anterior se examina sin dejar de atender aquellas situaciones no descritas, como es el caso de la responsabilidad por accidentes de naves del estado, o a causa de la falta de servicio en las infraestructuras aeroportuarias.\u200b<\/p>\n<p style=\"font-weight: 400;\">\n<p style=\"font-weight: 400;\">\n<ol>\n<li style=\"font-weight: 400;\">Introducci\u00f3n<\/li>\n<\/ol>\n<p style=\"font-weight: 400;\"><b><strong>CAP\u00cdTULO I<\/strong><\/b><br \/>\n<b><strong>ASPECTOS GENERALES DEL CONTRATO DE TRANSPORTE A\u00c9REO EN EL DERECHO CHILENO<\/strong><\/b><\/p>\n<ol start=\"2\">\n<li style=\"font-weight: 400;\">Generalidades del contrato de transporte a\u00e9reo en Chile<br \/>\n2.1. Concepto, elementos y naturaleza jur\u00eddica<br \/>\n2.2. Normativa jur\u00eddica aplicable en Chile<br \/>\n2.3. La empresa a\u00e9rea como explotador aeron\u00e1utico<br \/>\n2.4. El modelo de la Uni\u00f3n Europea<br \/>\n2.5. Un caso de estudio. El Chapter 11\u00ba de Latam<br \/>\n2.5.1. Antecedentes<br \/>\n2.5.2. El reconocimiento en la ley concursal chilena (LCCH)<br \/>\n2.5.3. Las oposiciones al reconocimiento<br \/>\n2.5.4. El t\u00e9rmino del Chapter 11\u00ba de Latam Airlines. La aprobaci\u00f3n de la propuesta de reorganizaci\u00f3n y el cumplimiento de la ordenanza corporativa<\/li>\n<li style=\"font-weight: 400;\">Clasificaci\u00f3n del contrato de transporte a\u00e9reo<br \/>\n3.1. Contrato de Transporte A\u00e9reo de Personas. Concepto y caracter\u00edsticas<br \/>\n3.2. El contrato de transporte a\u00e9reo de pasajeros y su relaci\u00f3n con el derecho de los consumidores<br \/>\n3.2.1. Cuestiones generales<br \/>\n3.2.2. Las l\u00edneas a\u00e9reas de bajo coste o low cost<\/li>\n<li style=\"font-weight: 400;\">Contrato de Transporte A\u00e9reo de Mercanc\u00edas. Concepto y caracter\u00edsticas<\/li>\n<li style=\"font-weight: 400;\">La formaci\u00f3n del consentimiento en el contrato de transporte a\u00e9reo<br \/>\n5.1. Aspectos generales<br \/>\n5.2. Los Sistemas Informatizados de Reserva (SIR)<br \/>\n5.3. Los SIR como elemento de la competencia en la industria aeron\u00e1utica<br \/>\n5.4. Regulaci\u00f3n de los SIR<br \/>\n5.5. R\u00e9gimen jur\u00eddico de los SIR en el ordenamiento chileno<br \/>\n5.6. El mercado de la distribuci\u00f3n del transporte a\u00e9reo frente a las actuales tendencias<br \/>\n5.7. The New Distribution Capability (NDC)<\/li>\n<li style=\"font-weight: 400;\">La documentaci\u00f3n del contrato de transporte a\u00e9reo de pasajeros<br \/>\n6.1. Aspectos generales<br \/>\n6.2. El billete de pasaje. Concepto y naturaleza jur\u00eddica<br \/>\n6.2.1. La transferibilidad del billete de pasaje<br \/>\n6.2.2. El billete de pasaje a\u00e9reo electr\u00f3nico<br \/>\n6.2.3. Menciones del billete de pasaje<br \/>\n6.3. Tarjeta de embarque<br \/>\n6.4. El tal\u00f3n de equipaje<\/li>\n<\/ol>\n<p style=\"font-weight: 400;\"><b><strong>CAP\u00cdTULO II<\/strong><\/b><br \/>\n<b><strong>LOS EFECTOS DEL CONTRATO DE TRANSPORTE DE PASAJEROS<\/strong><\/b><\/p>\n<ol start=\"7\">\n<li style=\"font-weight: 400;\">Cuestiones generales<br \/>\n7.1. La denegaci\u00f3n de embarque<br \/>\n7.2. El retraso o cancelaci\u00f3n del vuelo<br \/>\n7.3. El retraso o cancelaci\u00f3n de un vuelo ante la jurisprudencia<br \/>\n7.4. La modificaci\u00f3n o devoluci\u00f3n del pasaje por causas m\u00e9dicas<\/li>\n<\/ol>\n<p style=\"font-weight: 400;\"><b><strong>CAP\u00cdTULO III<\/strong><\/b><br \/>\n<b><strong>LA RESPONSABILIDAD EN EL TRANSPORTE A\u00c9REO DE PASAJEROS<\/strong><\/b><\/p>\n<ol start=\"8\">\n<li style=\"font-weight: 400;\">Cuestiones generales\n<p>9. Responsabilidad por muerte o lesiones<\/p>\n<p>10. Responsabilidad en caso de retraso<\/p>\n<p>11. Responsabilidad por incidencias en el equipaje<\/p>\n<p>12. La jurisdicci\u00f3n en el contrato de transporte a\u00e9reo<br \/>\n12.1. Aspectos generales<br \/>\n12.2. La jurisdicci\u00f3n en los Convenios Internacionales sobre transporte a\u00e9reo<br \/>\n12.3. Los problemas de las jurisdicciones del CV y el CM. Su relaci\u00f3n con la contrataci\u00f3n electr\u00f3nica del transporte a\u00e9reo<\/li>\n<\/ol>\n","protected":false},"excerpt":{"rendered":"<p>Esta obra propone estudiar de manera pormenorizada el r\u00e9gimen contractual del transporte a\u00e9reo de pasajeros para el derecho chileno, al alero de la doctrina y la jurisprudencia. Se analiza la realidad jur\u00eddica actual del contrato fijando su marco. Se tratan sus aspectos generales, su naturaleza, su formaci\u00f3n, legislaci\u00f3n aplicable, caracter\u00edsticas, partes intervinientes, efectos derivados y documentaci\u00f3n a que da origen.\u200b Especial importancia se otorga a la relaci\u00f3n existente con el derecho de los consumidores, y la forma c\u00f3mo sus instituciones han sido reconocidas en esta materia por los tribunales (a trav\u00e9s del recurso de protecci\u00f3n), y el r\u00e9gimen jur\u00eddico, lo que ha dado lugar a importantes modificaciones sobre la materia en los \u00faltimos a\u00f1os, en especial del C\u00f3digo Aeron\u00e1utico en materia de denegaci\u00f3n de embarque, cancelaci\u00f3n de vuelos, grandes retratos, cesi\u00f3n del pasaje a\u00e9reo, pasajeros disruptivos, etc. Finalmente, se aborda de manera especial el r\u00e9gimen de responsabilidad derivado de este contrato, a partir de sus supuestos generadores y las soluciones proyectadas por el Ordenamiento nacional e Internacional. Todo lo anterior se examina sin dejar de atender aquellas situaciones no descritas, como es el caso de la responsabilidad por accidentes de naves del estado, o a causa de la falta de servicio en las infraestructuras aeroportuarias.\u200b Introducci\u00f3n CAP\u00cdTULO I ASPECTOS GENERALES DEL CONTRATO DE TRANSPORTE A\u00c9REO EN EL DERECHO CHILENO Generalidades del contrato de transporte a\u00e9reo en Chile 2.1. Concepto, elementos y naturaleza jur\u00eddica 2.2. Normativa jur\u00eddica aplicable en Chile 2.3. La empresa a\u00e9rea como explotador aeron\u00e1utico 2.4. El modelo de la Uni\u00f3n Europea 2.5. Un caso de estudio. El Chapter 11\u00ba de Latam 2.5.1. Antecedentes 2.5.2. El reconocimiento en la ley concursal chilena (LCCH) 2.5.3. Las oposiciones al reconocimiento 2.5.4. El t\u00e9rmino del Chapter 11\u00ba de Latam Airlines. La aprobaci\u00f3n de la propuesta de reorganizaci\u00f3n y el cumplimiento de la ordenanza corporativa Clasificaci\u00f3n del contrato de transporte a\u00e9reo 3.1. Contrato de Transporte A\u00e9reo de Personas. Concepto y caracter\u00edsticas 3.2. El contrato de transporte a\u00e9reo de pasajeros y su relaci\u00f3n con el derecho de los consumidores 3.2.1. Cuestiones generales 3.2.2. Las l\u00edneas a\u00e9reas de bajo coste o low cost Contrato de Transporte A\u00e9reo de Mercanc\u00edas. Concepto y caracter\u00edsticas La formaci\u00f3n del consentimiento en el contrato de transporte a\u00e9reo 5.1. Aspectos generales 5.2. Los Sistemas Informatizados de Reserva (SIR) 5.3. Los SIR como elemento de la competencia en la industria aeron\u00e1utica 5.4. Regulaci\u00f3n de los SIR 5.5. R\u00e9gimen jur\u00eddico de los SIR en el ordenamiento chileno 5.6. El mercado de la distribuci\u00f3n del transporte a\u00e9reo frente a las actuales tendencias 5.7. The New Distribution Capability (NDC) La documentaci\u00f3n del contrato de transporte a\u00e9reo de pasajeros 6.1. Aspectos generales 6.2. El billete de pasaje. Concepto y naturaleza jur\u00eddica 6.2.1. La transferibilidad del billete de pasaje 6.2.2. El billete de pasaje a\u00e9reo electr\u00f3nico 6.2.3. Menciones del billete de pasaje 6.3. Tarjeta de embarque 6.4. El tal\u00f3n de equipaje CAP\u00cdTULO II LOS EFECTOS DEL CONTRATO DE TRANSPORTE DE PASAJEROS Cuestiones generales 7.1. La denegaci\u00f3n de embarque 7.2. El retraso o cancelaci\u00f3n del vuelo 7.3. El retraso o cancelaci\u00f3n de un vuelo ante la jurisprudencia 7.4. La modificaci\u00f3n o devoluci\u00f3n del pasaje por causas m\u00e9dicas CAP\u00cdTULO III LA RESPONSABILIDAD EN EL TRANSPORTE A\u00c9REO DE PASAJEROS Cuestiones generales 9. Responsabilidad por muerte o lesiones 10. Responsabilidad en caso de retraso 11. Responsabilidad por incidencias en el equipaje 12. La jurisdicci\u00f3n en el contrato de transporte a\u00e9reo 12.1. Aspectos generales 12.2. La jurisdicci\u00f3n en los Convenios Internacionales sobre transporte a\u00e9reo 12.3. Los problemas de las jurisdicciones del CV y el CM. Su relaci\u00f3n con la contrataci\u00f3n electr\u00f3nica del transporte a\u00e9reo<\/p>\n","protected":false},"featured_media":3486,"comment_status":"open","ping_status":"closed","template":"","meta":{"inline_featured_image":false,"_joinchat":[]},"product_brand":[],"product_cat":[27,42],"product_tag":[],"class_list":{"0":"post-3432","1":"product","2":"type-product","3":"status-publish","4":"has-post-thumbnail","6":"product_cat-civil","7":"product_cat-thomson-reuters","8":"product_shipping_class-a-convenir","10":"first","11":"instock","12":"shipping-taxable","13":"purchasable","14":"product-type-simple"},"_links":{"self":[{"href":"https:\/\/bibliotecajuridicavirtual.cl\/index.php\/wp-json\/wp\/v2\/product\/3432","targetHints":{"allow":["GET"]}}],"collection":[{"href":"https:\/\/bibliotecajuridicavirtual.cl\/index.php\/wp-json\/wp\/v2\/product"}],"about":[{"href":"https:\/\/bibliotecajuridicavirtual.cl\/index.php\/wp-json\/wp\/v2\/types\/product"}],"replies":[{"embeddable":true,"href":"https:\/\/bibliotecajuridicavirtual.cl\/index.php\/wp-json\/wp\/v2\/comments?post=3432"}],"wp:featuredmedia":[{"embeddable":true,"href":"https:\/\/bibliotecajuridicavirtual.cl\/index.php\/wp-json\/wp\/v2\/media\/3486"}],"wp:attachment":[{"href":"https:\/\/bibliotecajuridicavirtual.cl\/index.php\/wp-json\/wp\/v2\/media?parent=3432"}],"wp:term":[{"taxonomy":"product_brand","embeddable":true,"href":"https:\/\/bibliotecajuridicavirtual.cl\/index.php\/wp-json\/wp\/v2\/product_brand?post=3432"},{"taxonomy":"product_cat","embeddable":true,"href":"https:\/\/bibliotecajuridicavirtual.cl\/index.php\/wp-json\/wp\/v2\/product_cat?post=3432"},{"taxonomy":"product_tag","embeddable":true,"href":"https:\/\/bibliotecajuridicavirtual.cl\/index.php\/wp-json\/wp\/v2\/product_tag?post=3432"}],"curies":[{"name":"wp","href":"https:\/\/api.w.org\/{rel}","templated":true}]}}