{"id":3435,"date":"2026-02-28T01:13:43","date_gmt":"2026-02-28T04:13:43","guid":{"rendered":"https:\/\/bibliotecajuridicavirtual.cl\/?post_type=product&#038;p=3435"},"modified":"2026-02-28T01:14:54","modified_gmt":"2026-02-28T04:14:54","slug":"magister-en-derecho-publico-facultad-de-ciencias-juridicas-y-sociales-universidad-de-concepcion-ano-2024-610-pag-autor-baltazar-morales-espinoza","status":"publish","type":"product","link":"https:\/\/bibliotecajuridicavirtual.cl\/index.php\/product\/magister-en-derecho-publico-facultad-de-ciencias-juridicas-y-sociales-universidad-de-concepcion-ano-2024-610-pag-autor-baltazar-morales-espinoza\/","title":{"rendered":"Magister en Derecho P\u00fablico &#8211; Facultad de Ciencias Jur\u00eddicas y Sociales &#8211; Universidad de Concepci\u00f3n. A\u00f1o 2024\/ 610 P\u00e1g. Autor Baltazar Morales Espinoza"},"content":{"rendered":"<p style=\"font-weight: 400;\">La presente obra es una publicaci\u00f3n que re\u00fane los trabajos m\u00e1s destacados de los egresados del programa de posgrado Mag\u00edster en Derecho P\u00fablico de la Facultad de Ciencias Jur\u00eddicas y Sociales de la Universidad de Concepci\u00f3n, en Chile. Se trata de una obra colectiva que abarca cinco \u00e1reas de inter\u00e9s para el derecho p\u00fablico: Bases Generales, Derechos Fundamentales, Administraci\u00f3n y Gobierno, Regulaci\u00f3n y Medio Ambiente, y Responsabilidad del Estado.\u200b<\/p>\n<p style=\"font-weight: 400;\">Los autores presentan sus tesis, en cada una de estas \u00e1reas, con una rigurosa metodolog\u00eda, una amplia revisi\u00f3n bibliogr\u00e1fica y una clara exposici\u00f3n de sus argumentos y conclusiones.<\/p>\n<p style=\"font-weight: 400;\">Los temas que se abordan son de actualidad y relevancia para el debate jur\u00eddico y ofrecen una visi\u00f3n cr\u00edtica y propositiva sobre los desaf\u00edos que enfrenta el derecho p\u00fablico.\u200b<\/p>\n<p style=\"font-weight: 400;\">La obra es una muestra del nivel acad\u00e9mico y la calidad investigativa del Mag\u00edster en Derecho P\u00fablico de la Universidad de Concepci\u00f3n, que se ha consolidado como un referente en la formaci\u00f3n de profesionales del derecho con una s\u00f3lida base te\u00f3rica y pr\u00e1ctica, capaces de aportar al desarrollo de la ciencia jur\u00eddica y al fortalecimiento del Estado de derecho.<\/p>\n<p style=\"font-weight: 400;\">\n<p style=\"font-weight: 400;\"><b><strong>BASES GENERALES<\/strong><\/b><\/p>\n<p style=\"font-weight: 400;\">Aplicaci\u00f3n del principio de servicialidad del Estado en Chile<br \/>\nCarlos Alberto Contreras Quintana<\/p>\n<p style=\"font-weight: 400;\">El rol del Estado en materia econ\u00f3mica y el principio de subsidiariedad. Una visi\u00f3n comparada<br \/>\nPaula Montecinos Arias<\/p>\n<p style=\"font-weight: 400;\">\n<p style=\"font-weight: 400;\"><b><strong>DERECHOS FUNDAMENTALES<\/strong><\/b><\/p>\n<p style=\"font-weight: 400;\">La legitimidad de las limitaciones del derecho a sufragar en el sistema jur\u00eddico nacional<br \/>\nNicol\u00e1s Arriagada Ruiz<\/p>\n<p style=\"font-weight: 400;\">Ley N\u00ba 21.057, que \u201cRegula entrevistas grabadas en video y, otras medidas de resguardo a menores de edad, v\u00edctimas de delitos sexuales\u201d. Una aproximaci\u00f3n desde la perspectiva de la normativa internacional sobre la participaci\u00f3n de los ni\u00f1os, ni\u00f1as y adolescentes en procesos judiciales<br \/>\nCristian Guti\u00e9rrez Lecaros<\/p>\n<p style=\"font-weight: 400;\">\n<p style=\"font-weight: 400;\"><b><strong>ADMINISTRACI\u00d3N Y GOBIERNO<\/strong><\/b><\/p>\n<p style=\"font-weight: 400;\">Prueba de la desviaci\u00f3n de poder en los actos administrativos<br \/>\nMar\u00eda Ester Cisternas V\u00e1squez<\/p>\n<p style=\"font-weight: 400;\">Tendencias jurisprudenciales en la aplicaci\u00f3n del principio de la confianza leg\u00edtima en materia de contratas<br \/>\nTamara Caama\u00f1o Toledo<\/p>\n<p style=\"font-weight: 400;\">La seguridad nacional como causal de reserva o secreto ante la jurisprudencia administrativa y jurisprudencia judicial<br \/>\nHugo Gajardo Briones<\/p>\n<p style=\"font-weight: 400;\">Revisio\u0301n jurisprudencial de algunos t\u00f3picos recurrentes en el control judicial de facultades discrecionales de la administraci\u00f3n<br \/>\nEmilio Cisternas Hern\u00e1ndez<\/p>\n<p style=\"font-weight: 400;\">\n<p style=\"font-weight: 400;\"><b><strong>REGULACI\u00d3N Y MEDIOAMBIENTE<\/strong><\/b><\/p>\n<p style=\"font-weight: 400;\">Competencias del Servicio Agr\u00edcola y Ganadero en la evaluaci\u00f3n y fiscalizaci\u00f3n de proyectos referidos a animales destinados al consumo humano: desaf\u00edos a la luz de la clausura del plantel porcino Santa Josefina<br \/>\nGisela Patricia Melita Rodr\u00edguez<\/p>\n<p style=\"font-weight: 400;\">An\u00e1lisis jur\u00eddico de los loteos irregulares o \u201cbrujos\u201d en el \u00e1rea rural. En b\u00fasqueda de la irregularidad y acciones ante su aparici\u00f3n<br \/>\nIgnacio Sep\u00falveda S\u00e1nchez<\/p>\n<p style=\"font-weight: 400;\">Ilegalidades como supuestos de nulidad en el procedimiento de Evaluaci\u00f3n Ambiental<br \/>\nCarolina Andrea S\u00e1nchez Medina<\/p>\n<p style=\"font-weight: 400;\">\n<p style=\"font-weight: 400;\"><b><strong>RESPONSABILIDAD DEL ESTADO<\/strong><\/b><\/p>\n<p style=\"font-weight: 400;\">Legitimaci\u00f3n pasiva de los hospitales autogestionados en materia de responsabilidad patrimonial por da\u00f1os sanitarios<br \/>\nEl\u00edas Jana Pilgrim<\/p>\n<p style=\"font-weight: 400;\">Aspectos generales de la responsabilidad patrimonial del Estado por violaciones a Derechos Humanos<br \/>\nRodrigo Castillo Jofr\u00e9<\/p>\n","protected":false},"excerpt":{"rendered":"<p>La presente obra es una publicaci\u00f3n que re\u00fane los trabajos m\u00e1s destacados de los egresados del programa de posgrado Mag\u00edster en Derecho P\u00fablico de la Facultad de Ciencias Jur\u00eddicas y Sociales de la Universidad de Concepci\u00f3n, en Chile. Se trata de una obra colectiva que abarca cinco \u00e1reas de inter\u00e9s para el derecho p\u00fablico: Bases Generales, Derechos Fundamentales, Administraci\u00f3n y Gobierno, Regulaci\u00f3n y Medio Ambiente, y Responsabilidad del Estado.\u200b Los autores presentan sus tesis, en cada una de estas \u00e1reas, con una rigurosa metodolog\u00eda, una amplia revisi\u00f3n bibliogr\u00e1fica y una clara exposici\u00f3n de sus argumentos y conclusiones. Los temas que se abordan son de actualidad y relevancia para el debate jur\u00eddico y ofrecen una visi\u00f3n cr\u00edtica y propositiva sobre los desaf\u00edos que enfrenta el derecho p\u00fablico.\u200b La obra es una muestra del nivel acad\u00e9mico y la calidad investigativa del Mag\u00edster en Derecho P\u00fablico de la Universidad de Concepci\u00f3n, que se ha consolidado como un referente en la formaci\u00f3n de profesionales del derecho con una s\u00f3lida base te\u00f3rica y pr\u00e1ctica, capaces de aportar al desarrollo de la ciencia jur\u00eddica y al fortalecimiento del Estado de derecho. BASES GENERALES Aplicaci\u00f3n del principio de servicialidad del Estado en Chile Carlos Alberto Contreras Quintana El rol del Estado en materia econ\u00f3mica y el principio de subsidiariedad. Una visi\u00f3n comparada Paula Montecinos Arias DERECHOS FUNDAMENTALES La legitimidad de las limitaciones del derecho a sufragar en el sistema jur\u00eddico nacional Nicol\u00e1s Arriagada Ruiz Ley N\u00ba 21.057, que \u201cRegula entrevistas grabadas en video y, otras medidas de resguardo a menores de edad, v\u00edctimas de delitos sexuales\u201d. Una aproximaci\u00f3n desde la perspectiva de la normativa internacional sobre la participaci\u00f3n de los ni\u00f1os, ni\u00f1as y adolescentes en procesos judiciales Cristian Guti\u00e9rrez Lecaros ADMINISTRACI\u00d3N Y GOBIERNO Prueba de la desviaci\u00f3n de poder en los actos administrativos Mar\u00eda Ester Cisternas V\u00e1squez Tendencias jurisprudenciales en la aplicaci\u00f3n del principio de la confianza leg\u00edtima en materia de contratas Tamara Caama\u00f1o Toledo La seguridad nacional como causal de reserva o secreto ante la jurisprudencia administrativa y jurisprudencia judicial Hugo Gajardo Briones Revisio\u0301n jurisprudencial de algunos t\u00f3picos recurrentes en el control judicial de facultades discrecionales de la administraci\u00f3n Emilio Cisternas Hern\u00e1ndez REGULACI\u00d3N Y MEDIOAMBIENTE Competencias del Servicio Agr\u00edcola y Ganadero en la evaluaci\u00f3n y fiscalizaci\u00f3n de proyectos referidos a animales destinados al consumo humano: desaf\u00edos a la luz de la clausura del plantel porcino Santa Josefina Gisela Patricia Melita Rodr\u00edguez An\u00e1lisis jur\u00eddico de los loteos irregulares o \u201cbrujos\u201d en el \u00e1rea rural. En b\u00fasqueda de la irregularidad y acciones ante su aparici\u00f3n Ignacio Sep\u00falveda S\u00e1nchez Ilegalidades como supuestos de nulidad en el procedimiento de Evaluaci\u00f3n Ambiental Carolina Andrea S\u00e1nchez Medina RESPONSABILIDAD DEL ESTADO Legitimaci\u00f3n pasiva de los hospitales autogestionados en materia de responsabilidad patrimonial por da\u00f1os sanitarios El\u00edas Jana Pilgrim Aspectos generales de la responsabilidad patrimonial del Estado por violaciones a Derechos Humanos Rodrigo Castillo Jofr\u00e9<\/p>\n","protected":false},"featured_media":3489,"comment_status":"open","ping_status":"closed","template":"","meta":{"inline_featured_image":false,"_joinchat":[]},"product_brand":[],"product_cat":[45,42],"product_tag":[],"class_list":{"0":"post-3435","1":"product","2":"type-product","3":"status-publish","4":"has-post-thumbnail","6":"product_cat-administrativo","7":"product_cat-thomson-reuters","8":"product_shipping_class-a-convenir","10":"first","11":"instock","12":"shipping-taxable","13":"purchasable","14":"product-type-simple"},"_links":{"self":[{"href":"https:\/\/bibliotecajuridicavirtual.cl\/index.php\/wp-json\/wp\/v2\/product\/3435","targetHints":{"allow":["GET"]}}],"collection":[{"href":"https:\/\/bibliotecajuridicavirtual.cl\/index.php\/wp-json\/wp\/v2\/product"}],"about":[{"href":"https:\/\/bibliotecajuridicavirtual.cl\/index.php\/wp-json\/wp\/v2\/types\/product"}],"replies":[{"embeddable":true,"href":"https:\/\/bibliotecajuridicavirtual.cl\/index.php\/wp-json\/wp\/v2\/comments?post=3435"}],"wp:featuredmedia":[{"embeddable":true,"href":"https:\/\/bibliotecajuridicavirtual.cl\/index.php\/wp-json\/wp\/v2\/media\/3489"}],"wp:attachment":[{"href":"https:\/\/bibliotecajuridicavirtual.cl\/index.php\/wp-json\/wp\/v2\/media?parent=3435"}],"wp:term":[{"taxonomy":"product_brand","embeddable":true,"href":"https:\/\/bibliotecajuridicavirtual.cl\/index.php\/wp-json\/wp\/v2\/product_brand?post=3435"},{"taxonomy":"product_cat","embeddable":true,"href":"https:\/\/bibliotecajuridicavirtual.cl\/index.php\/wp-json\/wp\/v2\/product_cat?post=3435"},{"taxonomy":"product_tag","embeddable":true,"href":"https:\/\/bibliotecajuridicavirtual.cl\/index.php\/wp-json\/wp\/v2\/product_tag?post=3435"}],"curies":[{"name":"wp","href":"https:\/\/api.w.org\/{rel}","templated":true}]}}