{"id":3450,"date":"2026-02-28T01:14:06","date_gmt":"2026-02-28T04:14:06","guid":{"rendered":"https:\/\/bibliotecajuridicavirtual.cl\/?post_type=product&#038;p=3450"},"modified":"2026-02-28T01:15:01","modified_gmt":"2026-02-28T04:15:01","slug":"las-sanciones-disciplinarias-un-analisis-funcional-ano-2024-276-pag-autor-daniel-silva-horta","status":"publish","type":"product","link":"https:\/\/bibliotecajuridicavirtual.cl\/index.php\/product\/las-sanciones-disciplinarias-un-analisis-funcional-ano-2024-276-pag-autor-daniel-silva-horta\/","title":{"rendered":"Las Sanciones Disciplinarias. Un an\u00e1lisis funcional. A\u00f1o 2024\/ 276 P\u00e1g. Autor Daniel Silva Horta"},"content":{"rendered":"<p style=\"font-weight: 400;\">Esta obra centra su atenci\u00f3n en uno de los temas menos estudiados por la dogm\u00e1tica administrativa nacional: las sanciones disciplinarias. Espec\u00edficamente, se analizan las sanciones disciplinarias en el \u00e1mbito de la funci\u00f3n p\u00fablica. La pregunta central que se aborda en este libro es la siguiente: \u00bfcu\u00e1l es la funci\u00f3n de las sanciones disciplinarias?<\/p>\n<p style=\"font-weight: 400;\">En la primera parte de esta obra se explica qu\u00e9 se entiende en el ordenamiento jur\u00eddico chileno como sanci\u00f3n disciplinaria. As\u00ed, se identifican y presentan de forma ordenada las diversas consecuencias jur\u00eddicas que son calificadas en Chile como sanci\u00f3n disciplinaria.<\/p>\n<p style=\"font-weight: 400;\">En la segunda parte se aborda la funci\u00f3n interna de estas sanciones. En este sentido, se explica el rol que cumplen las sanciones disciplinarias para que las reglas de conducta que rigen a los funcionarios p\u00fablicos se constituyan en deberes en sentido jur\u00eddico. Adem\u00e1s, se analiza el papel esencial que tienen las sanciones disciplinarias en el modelo burocr\u00e1tico funcionarial.<\/p>\n<p style=\"font-weight: 400;\">En la tercera parte se estudia la funci\u00f3n externa. Se abordan cuestiones como por qu\u00e9 necesitamos amenazar con sanciones disciplinarias a los funcionarios p\u00fablicos; la funci\u00f3n espec\u00edfica de las sanciones disciplinarias expulsivas, y las distintas herramientas con las que cuenta la Administraci\u00f3n para encauzar el comportamiento de los funcionarios.<\/p>\n<p style=\"font-weight: 400;\">Este libro, por medio de un an\u00e1lisis te\u00f3rico-funcional, pretende contribuir a llenar un espacio de escasez dogm\u00e1tica en el derecho administrativo chileno.<\/p>\n<p style=\"font-weight: 400;\">\n<p style=\"font-weight: 400;\"><b><strong>CAP\u00cdTULO I<\/strong><\/b><br \/>\n<b><strong>EL SINTAGMA \u201cSANCI\u00d3N DISCIPLINARIA\u201d EN EL ORDENAMIENTO JUR\u00cdDICO CHILENO<\/strong><\/b><\/p>\n<p><b><strong>1. INTRODUCCI\u00d3N<\/strong><\/b><\/p>\n<p><b><strong>2. TAXONOM\u00cdA DE LAS SANCIONES DISCIPLINARIAS<\/strong><\/b><\/p>\n<p>2.1. Sanciones disciplinarias no expulsivas<br \/>\nA) Sanciones disciplinarias que no suspenden derechos ni privan de ellos<br \/>\na. La representaci\u00f3n de la comisi\u00f3n de una infracci\u00f3n como sanci\u00f3n disciplinaria<br \/>\ni. La amonestaci\u00f3n como sanci\u00f3n disciplinaria<br \/>\nii. La advertencia de eventual expulsi\u00f3n como sanci\u00f3n disciplinaria<br \/>\nb. El ritual de paz como sanci\u00f3n disciplinaria<br \/>\nc. La reuni\u00f3n con una autoridad como sanci\u00f3n disciplinaria<br \/>\nB) Sanciones disciplinarias que suspenden derechos o privan de ellos<br \/>\na. Sanciones disciplinarias pecuniarias<br \/>\ni. La privaci\u00f3n de un porcentaje de la remuneraci\u00f3n como sanci\u00f3n disciplinaria<br \/>\nii. La prohibici\u00f3n de recibir encomiendas como sanci\u00f3n disciplinaria<br \/>\niii. La obligaci\u00f3n de reparar materialmente el da\u00f1o como sanci\u00f3n disciplinaria<br \/>\nb. Sanciones disciplinarias no pecuniarias<br \/>\ni. El ejercicio corporal como sanci\u00f3n disciplinaria<br \/>\nii. La restricci\u00f3n del contacto con otras personas como sanci\u00f3n disciplinaria<br \/>\niii. La prohibici\u00f3n de asistencia a una actividad como sanci\u00f3n disciplinaria<br \/>\niv. El servicio o trabajo extraordinario como sanci\u00f3n disciplinaria<br \/>\nv. El encierro como sanci\u00f3n disciplinaria<br \/>\nvi. La suspensi\u00f3n como sanci\u00f3n disciplinaria<br \/>\nvii. La salida forzosa de un espacio f\u00edsico como sanci\u00f3n disciplinaria<br \/>\nc. Sanciones disciplinarias mixtas<\/p>\n<p>2.2. Sanciones disciplinarias expulsivas<br \/>\nA) La privaci\u00f3n del derecho a permanecer en un establecimiento educacional como sanci\u00f3n disciplinaria<br \/>\nB) La privaci\u00f3n del derecho a acceder a prestaciones de salud como sanci\u00f3n disciplinaria<br \/>\nC) El t\u00e9rmino de un v\u00ednculo asociativo como sanci\u00f3n disciplinaria<br \/>\nD) El t\u00e9rmino de una relaci\u00f3n laboral como sanci\u00f3n disciplinaria<\/p>\n<p><b><strong>3. DELIMITANDO LA INVESTIGACI\u00d3N: EL SINTAGMA \u201cSANCI\u00d3N DISCIPLINARIA\u201d EN EL \u00c1MBITO DE LA FUNCI\u00d3N P\u00daBLICA<\/strong><\/b><\/p>\n<p>3.1. Sanciones disciplinarias funcionariales no expulsivas<br \/>\nA) Sanciones disciplinarias funcionariales que no suspenden derechos ni privan de ellos<br \/>\na. Sanci\u00f3n disciplinaria como representaci\u00f3n de una infracci\u00f3n<br \/>\nb. Sanci\u00f3n disciplinaria como reuni\u00f3n con una autoridad<br \/>\nB) Sanciones disciplinarias funcionariales que suspenden derechos o privan de ellos<br \/>\na. Sanciones disciplinarias funcionariales pecuniarias (privaci\u00f3n de un porcentaje de la remuneraci\u00f3n)<br \/>\nb. Sanciones disciplinarias funcionariales no pecuniarias<br \/>\ni. Sanci\u00f3n disciplinaria como ejercicio corporal<br \/>\nii. Sanci\u00f3n disciplinaria como servicio o trabajo extraordinario<br \/>\niii. Sanci\u00f3n disciplinaria como encierro<br \/>\nc. Sanciones disciplinarias funcionariales mixtas<\/p>\n<p>3.2. Sanciones disciplinarias funcionariales expulsivas<\/p>\n<p><b><strong>4. COMENTARIOS FINALES<\/strong><\/b><\/p>\n<p style=\"font-weight: 400;\"><b><strong>CAP\u00cdTULO II<\/strong><\/b><br \/>\n<b><strong>LA FUNCI\u00d3N INTERNA DE LAS SANCIONES DISCIPLINARIAS: LA CONSTITUCI\u00d3N DE LOS \u201cDEBERES\u201d FUNCIONARIOS<\/strong><\/b><\/p>\n<ol>\n<li style=\"font-weight: 400;\"><b><strong> INTRODUCCI\u00d3N<\/strong><\/b><\/li>\n<li style=\"font-weight: 400;\"><b><strong> LA SANCI\u00d3N COMO ELEMENTO DE LA ESENCIAL DEL DERECHO<\/strong><\/b><\/li>\n<li style=\"font-weight: 400;\"><b><strong> LA \u201cSANCI\u00d3N DISCIPLINARIA\u201d COMO ELEMENTO CONSTITUTIVO DE LOS \u201cDEBERES FUNCIONARIOS\u201d<\/strong><\/b>\n<p>3.1. \u00bfQu\u00e9 son los deberes funcionarios?<br \/>\nA) Sobre el uso del concepto \u201cdeberes\u201d en la dogm\u00e1tica administrativa<br \/>\nB) Consideraciones metodol\u00f3gicas<\/p>\n<p>3.2. Los derechos fundamentales de los funcionarios p\u00fablicos<br \/>\nA) Deber de contribuir diligentemente al cumplimiento de los fines institucionales<br \/>\nB) Deber de integridad<br \/>\nC) Deber de sujeci\u00f3n al ordenamiento jur\u00eddico<br \/>\nD) Deber de obediencia jer\u00e1rquica<br \/>\nE) Deber de resguardar el prestigio de la administraci\u00f3n p\u00fablica<\/li>\n<li style=\"font-weight: 400;\"><b><strong> LA FUNCI\u00d3N P\u00daBLICA COMO CONTEXTO DE LAS SANCIONES DISCIPLINARIAS<\/strong><\/b>\n<p>4.1. La administraci\u00f3n p\u00fablica y sus fines<\/p>\n<p>4.2. El funcionario como medio humano de la administraci\u00f3n para el cumplimiento de sus fines<br \/>\nA) Algunas precisiones sobre el concepto \u201cfuncionario\u201d<br \/>\na. Es un concepto jur\u00eddico-administrativo<br \/>\nb. Es un concepto empleado en el marco de la diversidad de regulaciones que rigen al personal de la administraci\u00f3n<br \/>\nc. El concepto \u201cfuncionario p\u00fablico\u201d en el ordenamiento jur\u00eddico chileno<br \/>\nB) La vinculaci\u00f3n del funcionario con el cumplimiento de los fines de la administraci\u00f3n<\/p>\n<p>4.3. La organizaci\u00f3n de los funcionarios p\u00fablicos para el cumplimiento de los fines institucionales: la burocracia funcionarial<br \/>\nA) El poder de organizaci\u00f3n de la administraci\u00f3n p\u00fablica<br \/>\nB) La burocracia como modelo de organizaci\u00f3n de los funcionarios p\u00fablicos<\/p>\n<p>4.4. Las sanciones disciplinarias como elemento esencial de la burocracia funcionaria<\/p>\n<p><b><strong>5.COMENTARIOS FINALES<\/strong><\/b><\/li>\n<\/ol>\n<p style=\"font-weight: 400;\"><b><strong>CAP\u00cdTULO III<\/strong><\/b><br \/>\n<b><strong>LA FUNCI\u00d3N EXTERNA DE LAS SANCIONES DISCIPLINARIAS: EL ENCAUZAMIENTO DE LA CONDUCTA DE LOS FUNCIONARIOS<\/strong><\/b><\/p>\n<p><b><strong>1. INTRODUCCI\u00d3N<\/strong><\/b><\/p>\n<ol start=\"2\">\n<li style=\"font-weight: 400;\"><b><strong> \u00bfPOR QU\u00c9 ES NECESARIO ENCAUZAR LA CONDUCTA DE LOS FUNCIONARIOS P\u00daBLICOS MEDIANTE SANCIONES DISCIPLINARIAS?<\/strong><\/b>\n<p>2.1. La administraci\u00f3n no es una comunidad de \u00e1ngeles ni de funcionarios desconcertados<br \/>\n2.2. El funcionario ego\u00edsta y la necesidad de encauzar su conducta<br \/>\n2.3. El funcionario bienintencionado y la necesidad de encauzar su conducta<\/li>\n<li style=\"font-weight: 400;\"><b><strong> LA FUNCI\u00d3N PREVENTIVA Y GENERAL DE LAS SANCIONES DISCIPLINARIAS EN LA FUNCI\u00d3N P\u00daBLICA<\/strong><\/b><\/li>\n<li style=\"font-weight: 400;\"><b><strong> LAS FUNCIONES \u201cESPEC\u00cdFICAS\u201d DE LAS SANCIONES DISCIPLINARIAS<\/strong><\/b>\n<p>4.1. La funci\u00f3n espec\u00edfica de las sanciones disciplinarias no expulsivas: la correcci\u00f3n de la conducta del funcionario<br \/>\n4.2. La funci\u00f3n espec\u00edfica de las sanciones disciplinarias expulsivas: la depuraci\u00f3n de la administraci\u00f3n<\/li>\n<li style=\"font-weight: 400;\"><b><strong> EL ENCAUZAMIENTO DE LAS CONDUCTAS COMO \u201cDISCIPLINA\u201d DE LOS FUNCIONARIOS<\/strong><\/b><\/li>\n<li style=\"font-weight: 400;\"><b><strong> LA \u201cDISCIPLINA FUNCIONARIAL\u201d COMO T\u00c9CNICA PARA ENCAUZAR EL COMPORTAMIENTO DE LOS FUNCIONARIOS HACIA EL CUMPLIMIENTO DE LOS FINES DE LA ADMINISTRACI\u00d3N<\/strong><\/b>\n<p>6.1. Instrumentos normativos<br \/>\nA) Reglamentos<br \/>\nB) Circulares e instrucciones<\/p>\n<p>6.2. Instrumentos no normativos<br \/>\nA) Capacitaciones<br \/>\nB) Calificaciones<br \/>\nC) Recompensas<br \/>\nD) Sanciones disciplinarias<\/li>\n<li style=\"font-weight: 400;\"><b><strong> COMENTARIOS FINALES<\/strong><\/b><\/li>\n<\/ol>\n","protected":false},"excerpt":{"rendered":"<p>Esta obra centra su atenci\u00f3n en uno de los temas menos estudiados por la dogm\u00e1tica administrativa nacional: las sanciones disciplinarias. Espec\u00edficamente, se analizan las sanciones disciplinarias en el \u00e1mbito de la funci\u00f3n p\u00fablica. La pregunta central que se aborda en este libro es la siguiente: \u00bfcu\u00e1l es la funci\u00f3n de las sanciones disciplinarias? En la primera parte de esta obra se explica qu\u00e9 se entiende en el ordenamiento jur\u00eddico chileno como sanci\u00f3n disciplinaria. As\u00ed, se identifican y presentan de forma ordenada las diversas consecuencias jur\u00eddicas que son calificadas en Chile como sanci\u00f3n disciplinaria. En la segunda parte se aborda la funci\u00f3n interna de estas sanciones. En este sentido, se explica el rol que cumplen las sanciones disciplinarias para que las reglas de conducta que rigen a los funcionarios p\u00fablicos se constituyan en deberes en sentido jur\u00eddico. Adem\u00e1s, se analiza el papel esencial que tienen las sanciones disciplinarias en el modelo burocr\u00e1tico funcionarial. En la tercera parte se estudia la funci\u00f3n externa. Se abordan cuestiones como por qu\u00e9 necesitamos amenazar con sanciones disciplinarias a los funcionarios p\u00fablicos; la funci\u00f3n espec\u00edfica de las sanciones disciplinarias expulsivas, y las distintas herramientas con las que cuenta la Administraci\u00f3n para encauzar el comportamiento de los funcionarios. Este libro, por medio de un an\u00e1lisis te\u00f3rico-funcional, pretende contribuir a llenar un espacio de escasez dogm\u00e1tica en el derecho administrativo chileno. CAP\u00cdTULO I EL SINTAGMA \u201cSANCI\u00d3N DISCIPLINARIA\u201d EN EL ORDENAMIENTO JUR\u00cdDICO CHILENO 1. INTRODUCCI\u00d3N 2. TAXONOM\u00cdA DE LAS SANCIONES DISCIPLINARIAS 2.1. Sanciones disciplinarias no expulsivas A) Sanciones disciplinarias que no suspenden derechos ni privan de ellos a. La representaci\u00f3n de la comisi\u00f3n de una infracci\u00f3n como sanci\u00f3n disciplinaria i. La amonestaci\u00f3n como sanci\u00f3n disciplinaria ii. La advertencia de eventual expulsi\u00f3n como sanci\u00f3n disciplinaria b. El ritual de paz como sanci\u00f3n disciplinaria c. La reuni\u00f3n con una autoridad como sanci\u00f3n disciplinaria B) Sanciones disciplinarias que suspenden derechos o privan de ellos a. Sanciones disciplinarias pecuniarias i. La privaci\u00f3n de un porcentaje de la remuneraci\u00f3n como sanci\u00f3n disciplinaria ii. La prohibici\u00f3n de recibir encomiendas como sanci\u00f3n disciplinaria iii. La obligaci\u00f3n de reparar materialmente el da\u00f1o como sanci\u00f3n disciplinaria b. Sanciones disciplinarias no pecuniarias i. El ejercicio corporal como sanci\u00f3n disciplinaria ii. La restricci\u00f3n del contacto con otras personas como sanci\u00f3n disciplinaria iii. La prohibici\u00f3n de asistencia a una actividad como sanci\u00f3n disciplinaria iv. El servicio o trabajo extraordinario como sanci\u00f3n disciplinaria v. El encierro como sanci\u00f3n disciplinaria vi. La suspensi\u00f3n como sanci\u00f3n disciplinaria vii. La salida forzosa de un espacio f\u00edsico como sanci\u00f3n disciplinaria c. Sanciones disciplinarias mixtas 2.2. Sanciones disciplinarias expulsivas A) La privaci\u00f3n del derecho a permanecer en un establecimiento educacional como sanci\u00f3n disciplinaria B) La privaci\u00f3n del derecho a acceder a prestaciones de salud como sanci\u00f3n disciplinaria C) El t\u00e9rmino de un v\u00ednculo asociativo como sanci\u00f3n disciplinaria D) El t\u00e9rmino de una relaci\u00f3n laboral como sanci\u00f3n disciplinaria 3. DELIMITANDO LA INVESTIGACI\u00d3N: EL SINTAGMA \u201cSANCI\u00d3N DISCIPLINARIA\u201d EN EL \u00c1MBITO DE LA FUNCI\u00d3N P\u00daBLICA 3.1. Sanciones disciplinarias funcionariales no expulsivas A) Sanciones disciplinarias funcionariales que no suspenden derechos ni privan de ellos a. Sanci\u00f3n disciplinaria como representaci\u00f3n de una infracci\u00f3n b. Sanci\u00f3n disciplinaria como reuni\u00f3n con una autoridad B) Sanciones disciplinarias funcionariales que suspenden derechos o privan de ellos a. Sanciones disciplinarias funcionariales pecuniarias (privaci\u00f3n de un porcentaje de la remuneraci\u00f3n) b. Sanciones disciplinarias funcionariales no pecuniarias i. Sanci\u00f3n disciplinaria como ejercicio corporal ii. Sanci\u00f3n disciplinaria como servicio o trabajo extraordinario iii. Sanci\u00f3n disciplinaria como encierro c. Sanciones disciplinarias funcionariales mixtas 3.2. Sanciones disciplinarias funcionariales expulsivas 4. COMENTARIOS FINALES CAP\u00cdTULO II LA FUNCI\u00d3N INTERNA DE LAS SANCIONES DISCIPLINARIAS: LA CONSTITUCI\u00d3N DE LOS \u201cDEBERES\u201d FUNCIONARIOS INTRODUCCI\u00d3N LA SANCI\u00d3N COMO ELEMENTO DE LA ESENCIAL DEL DERECHO LA \u201cSANCI\u00d3N DISCIPLINARIA\u201d COMO ELEMENTO CONSTITUTIVO DE LOS \u201cDEBERES FUNCIONARIOS\u201d 3.1. \u00bfQu\u00e9 son los deberes funcionarios? A) Sobre el uso del concepto \u201cdeberes\u201d en la dogm\u00e1tica administrativa B) Consideraciones metodol\u00f3gicas 3.2. Los derechos fundamentales de los funcionarios p\u00fablicos A) Deber de contribuir diligentemente al cumplimiento de los fines institucionales B) Deber de integridad C) Deber de sujeci\u00f3n al ordenamiento jur\u00eddico D) Deber de obediencia jer\u00e1rquica E) Deber de resguardar el prestigio de la administraci\u00f3n p\u00fablica LA FUNCI\u00d3N P\u00daBLICA COMO CONTEXTO DE LAS SANCIONES DISCIPLINARIAS 4.1. La administraci\u00f3n p\u00fablica y sus fines 4.2. El funcionario como medio humano de la administraci\u00f3n para el cumplimiento de sus fines A) Algunas precisiones sobre el concepto \u201cfuncionario\u201d a. Es un concepto jur\u00eddico-administrativo b. Es un concepto empleado en el marco de la diversidad de regulaciones que rigen al personal de la administraci\u00f3n c. El concepto \u201cfuncionario p\u00fablico\u201d en el ordenamiento jur\u00eddico chileno B) La vinculaci\u00f3n del funcionario con el cumplimiento de los fines de la administraci\u00f3n 4.3. La organizaci\u00f3n de los funcionarios p\u00fablicos para el cumplimiento de los fines institucionales: la burocracia funcionarial A) El poder de organizaci\u00f3n de la administraci\u00f3n p\u00fablica B) La burocracia como modelo de organizaci\u00f3n de los funcionarios p\u00fablicos 4.4. Las sanciones disciplinarias como elemento esencial de la burocracia funcionaria 5.COMENTARIOS FINALES CAP\u00cdTULO III LA FUNCI\u00d3N EXTERNA DE LAS SANCIONES DISCIPLINARIAS: EL ENCAUZAMIENTO DE LA CONDUCTA DE LOS FUNCIONARIOS 1. INTRODUCCI\u00d3N \u00bfPOR QU\u00c9 ES NECESARIO ENCAUZAR LA CONDUCTA DE LOS FUNCIONARIOS P\u00daBLICOS MEDIANTE SANCIONES DISCIPLINARIAS? 2.1. La administraci\u00f3n no es una comunidad de \u00e1ngeles ni de funcionarios desconcertados 2.2. El funcionario ego\u00edsta y la necesidad de encauzar su conducta 2.3. El funcionario bienintencionado y la necesidad de encauzar su conducta LA FUNCI\u00d3N PREVENTIVA Y GENERAL DE LAS SANCIONES DISCIPLINARIAS EN LA FUNCI\u00d3N P\u00daBLICA LAS FUNCIONES \u201cESPEC\u00cdFICAS\u201d DE LAS SANCIONES DISCIPLINARIAS 4.1. La funci\u00f3n espec\u00edfica de las sanciones disciplinarias no expulsivas: la correcci\u00f3n de la conducta del funcionario 4.2. La funci\u00f3n espec\u00edfica de las sanciones disciplinarias expulsivas: la depuraci\u00f3n de la administraci\u00f3n EL ENCAUZAMIENTO DE LAS CONDUCTAS COMO \u201cDISCIPLINA\u201d DE LOS FUNCIONARIOS LA \u201cDISCIPLINA FUNCIONARIAL\u201d COMO T\u00c9CNICA PARA ENCAUZAR EL COMPORTAMIENTO DE LOS FUNCIONARIOS HACIA EL CUMPLIMIENTO DE LOS FINES DE LA ADMINISTRACI\u00d3N 6.1. Instrumentos normativos A) Reglamentos B) Circulares e instrucciones 6.2. Instrumentos no normativos A) Capacitaciones B) Calificaciones C) Recompensas D) Sanciones disciplinarias COMENTARIOS FINALES<\/p>\n","protected":false},"featured_media":3500,"comment_status":"open","ping_status":"closed","template":"","meta":{"inline_featured_image":false,"_joinchat":[]},"product_brand":[],"product_cat":[45,38],"product_tag":[],"class_list":{"0":"post-3450","1":"product","2":"type-product","3":"status-publish","4":"has-post-thumbnail","6":"product_cat-administrativo","7":"product_cat-editorial-der-ediciones","8":"product_shipping_class-a-convenir","10":"first","11":"instock","12":"shipping-taxable","13":"purchasable","14":"product-type-simple"},"_links":{"self":[{"href":"https:\/\/bibliotecajuridicavirtual.cl\/index.php\/wp-json\/wp\/v2\/product\/3450","targetHints":{"allow":["GET"]}}],"collection":[{"href":"https:\/\/bibliotecajuridicavirtual.cl\/index.php\/wp-json\/wp\/v2\/product"}],"about":[{"href":"https:\/\/bibliotecajuridicavirtual.cl\/index.php\/wp-json\/wp\/v2\/types\/product"}],"replies":[{"embeddable":true,"href":"https:\/\/bibliotecajuridicavirtual.cl\/index.php\/wp-json\/wp\/v2\/comments?post=3450"}],"wp:featuredmedia":[{"embeddable":true,"href":"https:\/\/bibliotecajuridicavirtual.cl\/index.php\/wp-json\/wp\/v2\/media\/3500"}],"wp:attachment":[{"href":"https:\/\/bibliotecajuridicavirtual.cl\/index.php\/wp-json\/wp\/v2\/media?parent=3450"}],"wp:term":[{"taxonomy":"product_brand","embeddable":true,"href":"https:\/\/bibliotecajuridicavirtual.cl\/index.php\/wp-json\/wp\/v2\/product_brand?post=3450"},{"taxonomy":"product_cat","embeddable":true,"href":"https:\/\/bibliotecajuridicavirtual.cl\/index.php\/wp-json\/wp\/v2\/product_cat?post=3450"},{"taxonomy":"product_tag","embeddable":true,"href":"https:\/\/bibliotecajuridicavirtual.cl\/index.php\/wp-json\/wp\/v2\/product_tag?post=3450"}],"curies":[{"name":"wp","href":"https:\/\/api.w.org\/{rel}","templated":true}]}}