{"id":3453,"date":"2026-02-28T01:14:06","date_gmt":"2026-02-28T04:14:06","guid":{"rendered":"https:\/\/bibliotecajuridicavirtual.cl\/?post_type=product&#038;p=3453"},"modified":"2026-02-28T01:15:03","modified_gmt":"2026-02-28T04:15:03","slug":"la-democracia-y-sus-desafios-en-el-cambio-de-epoca-ano-mayo-2024-612-pag-autor-jaime-abedrapo-rojas","status":"publish","type":"product","link":"https:\/\/bibliotecajuridicavirtual.cl\/index.php\/product\/la-democracia-y-sus-desafios-en-el-cambio-de-epoca-ano-mayo-2024-612-pag-autor-jaime-abedrapo-rojas\/","title":{"rendered":"La Democracia y sus desaf\u00edos en el cambio de \u00e9poca. A\u00f1o Mayo 2024\/ 612 P\u00e1g. Autor Jaime Abedrapo Rojas"},"content":{"rendered":"<p>La democracia y sus desaf\u00edos en el Cambio de \u00c9poca<br \/>\nEl fen\u00f3meno de la globalizaci\u00f3n incontrarrestable ha exhibido grandes cambios en nuestras formas de relacionarnos y comprender el mundo. Somos testigos de una intensa modificaci\u00f3n axiol\u00f3gica que impacta en aspectos relevantes de nuestra cultura y en los mapas mentales (paradigmas) con los que observamos la realidad.<br \/>\nPor lo tanto, levantar hip\u00f3tesis de trabajo para encontrar claves que nos permitan decodificar o comprender los elementos de continuidad y cambio entre las democracias liberales herederas de la modernidad y las nuevas tendencias postmodernas, nos permiten una mejor adaptaci\u00f3n que facilite la gobernabilidad del r\u00e9gimen democr\u00e1tico ante un mundo que se muestra m\u00e1s ca\u00f3tico y con una alta complejidad social inserta en una agenda global desafiante. Algunos de sus temas como el cambio clim\u00e1tico nos plantea dudas con la propia sobrevivencia de la especia humana, mientras que otros como la IA o la desordenada e intensa inmigraci\u00f3n nos ponen en el dilema de renovar o no los compromisos con algunos principios esenciales de la democracia &#8211; humanismo.<br \/>\nLa obra que Usted tiene en su mano pretende observar, describir y proponer respuestas a los desaf\u00edos globales postmodernos que est\u00e1n presentes, principalmente, en las democracias liberales. Ello con el prop\u00f3sito de contrarrestar el socavamiento del sentido de pertenencia de los pueblos debido a la erosi\u00f3n del tejido social y el alto malestar o frustraci\u00f3n existente.<br \/>\nEn consecuencia, la Facultad de Derecho y Ciencias Sociales de la Universidad San Sebasti\u00e1n ha realizado una contribuci\u00f3n por medio de su cuerpo docente, m\u00e1s un invitado especial de la Universidad de Alcal\u00e1 de Henares, para reflexionar y hacer propuestas que permitan responder a los desaf\u00edos globales en el Cambio de \u00c9poca.<br \/>\nEn definitiva, esta obra est\u00e1 inspirada en la defensa de la democracia como el r\u00e9gimen que coloca en el centro de su atenci\u00f3n y acci\u00f3n a la persona humana.<\/p>\n<p>Rese\u00f1a autores&#8230;&#8230;&#8230;&#8230;&#8230;&#8230;&#8230;&#8230;&#8230;&#8230;&#8230;&#8230;&#8230;&#8230;&#8230;&#8230;&#8230;&#8230;&#8230;&#8230;&#8230;&#8230;&#8230;&#8230;&#8230;&#8230;&#8230;.13<br \/>\nPr\u00f3logo&#8230;&#8230;&#8230;&#8230;&#8230;&#8230;&#8230;&#8230;&#8230;&#8230;&#8230;&#8230;&#8230;&#8230;&#8230;&#8230;&#8230;&#8230;&#8230;&#8230;&#8230;&#8230;&#8230;&#8230;&#8230;&#8230;&#8230;&#8230;&#8230;&#8230;..21<br \/>\nJaime Abedrapo<br \/>\nPRIMER CAP\u00cdTULO<br \/>\nLA REVISI\u00d3N AXIOL\u00d3GICA Y DE LOS PRINCIPIOS DEMOCR\u00c1TICOS EN EL CAMBIO DE \u00c9POCA<br \/>\n1. Democracia e inmigraci\u00f3n en el cambio de \u00e9poca&#8230;&#8230;&#8230;&#8230;&#8230;&#8230;&#8230;&#8230;&#8230;&#8230;&#8230;37<br \/>\nJaime Abedrapo Rojas<br \/>\n2. Democracia liberal en Am\u00e9rica Latina. La amenaza populista&#8230;&#8230;&#8230;&#8230;.65<br \/>\nGonzalo Arenas H\u00f6dar<br \/>\n3. Educaci\u00f3n bajo acoso: una respuesta desde la libertad&#8230;&#8230;&#8230;&#8230;&#8230;&#8230;&#8230;&#8230;.97<br \/>\nMarcela Cubillos Sigall<br \/>\n4. Relativismo sem\u00e1ntico como desaf\u00edo para la hermen\u00e9utica jur\u00eddica&#8230;&#8230;127<br \/>\nDiego P\u00e9rez Lasserre<br \/>\n5. Democracia, autonom\u00eda de la voluntad y buena fe&#8230;&#8230;&#8230;&#8230;&#8230;&#8230;&#8230;&#8230;&#8230;.145<br \/>\nJos\u00e9 Maximiliano Rivera Restrepo<br \/>\n6. La democracia en Iberoam\u00e9rica y la doctrina del control de convencionalidad: una aproximaci\u00f3n&#8230;&#8230;&#8230;&#8230;&#8230;&#8230;&#8230;&#8230;&#8230;&#8230;&#8230;&#8230;&#8230;&#8230;&#8230;&#8230;&#8230;&#8230;.181<br \/>\nMax Silva Abbott<br \/>\n7. La libertad religiosa y su reconocimiento en la legislaci\u00f3n chilena y en los instrumentos internacionales. Desaf\u00edo a la democracia y perspectivas actuales&#8230;&#8230;&#8230;&#8230;&#8230;&#8230;&#8230;&#8230;&#8230;&#8230;&#8230;&#8230;&#8230;&#8230;&#8230;&#8230;&#8230;&#8230;&#8230;&#8230;&#8230;&#8230;237<br \/>\nCarlos Villarroel Contreras<br \/>\nSEGUNDO CAP\u00cdTULO<br \/>\nDEMOCRACIA Y ECOSISTEMA: SOSTENIBILIDAD<br \/>\nSOCIAL Y MEDIOAMBIENTAL<br \/>\n8. La escasez h\u00eddrica y el desaf\u00edo global de la conservaci\u00f3n&#8230;&#8230;&#8230;&#8230;&#8230;&#8230;&#8230; 285<br \/>\nTatiana Celume Byrne<br \/>\n9. Gobernanza de los espacios comunes globales: desaf\u00edo para la humanidad.315<br \/>\nCristi\u00e1n de la Maza Riquelme<br \/>\n10. La criminalidad en Am\u00e9rica Latina: \u00bfla causa o la consecuencia<br \/>\nde sus problemas?&#8230;&#8230;&#8230;&#8230;&#8230;&#8230;&#8230;&#8230;&#8230;&#8230;&#8230;&#8230;&#8230;&#8230;&#8230;&#8230;&#8230;&#8230;&#8230;&#8230;&#8230;&#8230;&#8230;&#8230;. 345<br \/>\nP\u00eda Greene Meersohn<br \/>\nJuan Ignacio Brito Munita<br \/>\nFrancisco Javier Tagle Montt<br \/>\n11. The Equitable and Reasonable Utilization of Shared Waters&#8230;&#8230;&#8230;&#8230;. 409<br \/>\nMichael Hantke-Domas<br \/>\n12. Amenazas globales al bienestar de los pueblos&#8230;&#8230;&#8230;&#8230;&#8230;&#8230;&#8230;&#8230;&#8230;&#8230;&#8230; 435<br \/>\nRoberto Mayorga-Lorca<br \/>\n13. Representaci\u00f3n y participaci\u00f3n pol\u00edtica de las di\u00e1sporas:<br \/>\nun desaf\u00edo global&#8230;&#8230;&#8230;&#8230;&#8230;&#8230;&#8230;&#8230;&#8230;&#8230;&#8230;&#8230;&#8230;&#8230;&#8230;&#8230;&#8230;&#8230;&#8230;&#8230;&#8230;&#8230;&#8230;&#8230; 467<br \/>\nLuis Guillermo Palacios Sanabria<br \/>\nTERCER CAP\u00cdTULO<br \/>\nDESAF\u00cdOS INSTITUCIONALES DE LAS DEMOCRACIAS<br \/>\nEN EL MARCO DE LAS NUEVAS TECNOLOG\u00cdAS<br \/>\n14. La repercusi\u00f3n de la inteligencia artificial en el empleo: retos<br \/>\nde empleabilidad y de pol\u00edtica de empleo&#8230;&#8230;&#8230;&#8230;&#8230;&#8230;&#8230;&#8230;&#8230;&#8230;&#8230;&#8230;. 489<br \/>\nJos\u00e9 Eduardo L\u00f3pez Ahumada<br \/>\n15. T\u00e9cnicas especiales de investigaci\u00f3n en delitos vinculados al crimen organizado&#8230;.517<br \/>\nLuis Toledo R\u00edos<br \/>\nCarolina Suazo Schwencke<br \/>\n16. Los sistemas de justicia: la defensa de los pilares de la democracia<br \/>\nfrente al uso de las nuevas tecnolog\u00edas&#8230;&#8230;&#8230;&#8230;&#8230;&#8230;&#8230;&#8230;&#8230;&#8230;&#8230;&#8230;&#8230;&#8230;&#8230; 549<br \/>\nMarion Soto Vivar<br \/>\nAlejandro Gacit\u00faa<br \/>\nRen\u00e9 Villacura<br \/>\n17. Est\u00e1ndares y formatos de la relaci\u00f3n de las personas con las Administraciones<br \/>\nP\u00fablicas en el siglo XXI&#8230;&#8230;&#8230;&#8230;&#8230;&#8230;&#8230;&#8230;&#8230;&#8230;&#8230;&#8230;&#8230;&#8230;&#8230;.. 583<br \/>\nMiguel \u00c1ngel Reyes Poblete<\/p>\n","protected":false},"excerpt":{"rendered":"<p>La democracia y sus desaf\u00edos en el Cambio de \u00c9poca El fen\u00f3meno de la globalizaci\u00f3n incontrarrestable ha exhibido grandes cambios en nuestras formas de relacionarnos y comprender el mundo. Somos testigos de una intensa modificaci\u00f3n axiol\u00f3gica que impacta en aspectos relevantes de nuestra cultura y en los mapas mentales (paradigmas) con los que observamos la realidad. Por lo tanto, levantar hip\u00f3tesis de trabajo para encontrar claves que nos permitan decodificar o comprender los elementos de continuidad y cambio entre las democracias liberales herederas de la modernidad y las nuevas tendencias postmodernas, nos permiten una mejor adaptaci\u00f3n que facilite la gobernabilidad del r\u00e9gimen democr\u00e1tico ante un mundo que se muestra m\u00e1s ca\u00f3tico y con una alta complejidad social inserta en una agenda global desafiante. Algunos de sus temas como el cambio clim\u00e1tico nos plantea dudas con la propia sobrevivencia de la especia humana, mientras que otros como la IA o la desordenada e intensa inmigraci\u00f3n nos ponen en el dilema de renovar o no los compromisos con algunos principios esenciales de la democracia &#8211; humanismo. La obra que Usted tiene en su mano pretende observar, describir y proponer respuestas a los desaf\u00edos globales postmodernos que est\u00e1n presentes, principalmente, en las democracias liberales. Ello con el prop\u00f3sito de contrarrestar el socavamiento del sentido de pertenencia de los pueblos debido a la erosi\u00f3n del tejido social y el alto malestar o frustraci\u00f3n existente. En consecuencia, la Facultad de Derecho y Ciencias Sociales de la Universidad San Sebasti\u00e1n ha realizado una contribuci\u00f3n por medio de su cuerpo docente, m\u00e1s un invitado especial de la Universidad de Alcal\u00e1 de Henares, para reflexionar y hacer propuestas que permitan responder a los desaf\u00edos globales en el Cambio de \u00c9poca. En definitiva, esta obra est\u00e1 inspirada en la defensa de la democracia como el r\u00e9gimen que coloca en el centro de su atenci\u00f3n y acci\u00f3n a la persona humana. Rese\u00f1a autores&#8230;&#8230;&#8230;&#8230;&#8230;&#8230;&#8230;&#8230;&#8230;&#8230;&#8230;&#8230;&#8230;&#8230;&#8230;&#8230;&#8230;&#8230;&#8230;&#8230;&#8230;&#8230;&#8230;&#8230;&#8230;&#8230;&#8230;.13 Pr\u00f3logo&#8230;&#8230;&#8230;&#8230;&#8230;&#8230;&#8230;&#8230;&#8230;&#8230;&#8230;&#8230;&#8230;&#8230;&#8230;&#8230;&#8230;&#8230;&#8230;&#8230;&#8230;&#8230;&#8230;&#8230;&#8230;&#8230;&#8230;&#8230;&#8230;&#8230;..21 Jaime Abedrapo PRIMER CAP\u00cdTULO LA REVISI\u00d3N AXIOL\u00d3GICA Y DE LOS PRINCIPIOS DEMOCR\u00c1TICOS EN EL CAMBIO DE \u00c9POCA 1. Democracia e inmigraci\u00f3n en el cambio de \u00e9poca&#8230;&#8230;&#8230;&#8230;&#8230;&#8230;&#8230;&#8230;&#8230;&#8230;&#8230;37 Jaime Abedrapo Rojas 2. Democracia liberal en Am\u00e9rica Latina. La amenaza populista&#8230;&#8230;&#8230;&#8230;.65 Gonzalo Arenas H\u00f6dar 3. Educaci\u00f3n bajo acoso: una respuesta desde la libertad&#8230;&#8230;&#8230;&#8230;&#8230;&#8230;&#8230;&#8230;.97 Marcela Cubillos Sigall 4. Relativismo sem\u00e1ntico como desaf\u00edo para la hermen\u00e9utica jur\u00eddica&#8230;&#8230;127 Diego P\u00e9rez Lasserre 5. Democracia, autonom\u00eda de la voluntad y buena fe&#8230;&#8230;&#8230;&#8230;&#8230;&#8230;&#8230;&#8230;&#8230;.145 Jos\u00e9 Maximiliano Rivera Restrepo 6. La democracia en Iberoam\u00e9rica y la doctrina del control de convencionalidad: una aproximaci\u00f3n&#8230;&#8230;&#8230;&#8230;&#8230;&#8230;&#8230;&#8230;&#8230;&#8230;&#8230;&#8230;&#8230;&#8230;&#8230;&#8230;&#8230;&#8230;.181 Max Silva Abbott 7. La libertad religiosa y su reconocimiento en la legislaci\u00f3n chilena y en los instrumentos internacionales. Desaf\u00edo a la democracia y perspectivas actuales&#8230;&#8230;&#8230;&#8230;&#8230;&#8230;&#8230;&#8230;&#8230;&#8230;&#8230;&#8230;&#8230;&#8230;&#8230;&#8230;&#8230;&#8230;&#8230;&#8230;&#8230;&#8230;237 Carlos Villarroel Contreras SEGUNDO CAP\u00cdTULO DEMOCRACIA Y ECOSISTEMA: SOSTENIBILIDAD SOCIAL Y MEDIOAMBIENTAL 8. La escasez h\u00eddrica y el desaf\u00edo global de la conservaci\u00f3n&#8230;&#8230;&#8230;&#8230;&#8230;&#8230;&#8230; 285 Tatiana Celume Byrne 9. Gobernanza de los espacios comunes globales: desaf\u00edo para la humanidad.315 Cristi\u00e1n de la Maza Riquelme 10. La criminalidad en Am\u00e9rica Latina: \u00bfla causa o la consecuencia de sus problemas?&#8230;&#8230;&#8230;&#8230;&#8230;&#8230;&#8230;&#8230;&#8230;&#8230;&#8230;&#8230;&#8230;&#8230;&#8230;&#8230;&#8230;&#8230;&#8230;&#8230;&#8230;&#8230;&#8230;&#8230;. 345 P\u00eda Greene Meersohn Juan Ignacio Brito Munita Francisco Javier Tagle Montt 11. The Equitable and Reasonable Utilization of Shared Waters&#8230;&#8230;&#8230;&#8230;. 409 Michael Hantke-Domas 12. Amenazas globales al bienestar de los pueblos&#8230;&#8230;&#8230;&#8230;&#8230;&#8230;&#8230;&#8230;&#8230;&#8230;&#8230; 435 Roberto Mayorga-Lorca 13. Representaci\u00f3n y participaci\u00f3n pol\u00edtica de las di\u00e1sporas: un desaf\u00edo global&#8230;&#8230;&#8230;&#8230;&#8230;&#8230;&#8230;&#8230;&#8230;&#8230;&#8230;&#8230;&#8230;&#8230;&#8230;&#8230;&#8230;&#8230;&#8230;&#8230;&#8230;&#8230;&#8230;&#8230; 467 Luis Guillermo Palacios Sanabria TERCER CAP\u00cdTULO DESAF\u00cdOS INSTITUCIONALES DE LAS DEMOCRACIAS EN EL MARCO DE LAS NUEVAS TECNOLOG\u00cdAS 14. La repercusi\u00f3n de la inteligencia artificial en el empleo: retos de empleabilidad y de pol\u00edtica de empleo&#8230;&#8230;&#8230;&#8230;&#8230;&#8230;&#8230;&#8230;&#8230;&#8230;&#8230;&#8230;. 489 Jos\u00e9 Eduardo L\u00f3pez Ahumada 15. T\u00e9cnicas especiales de investigaci\u00f3n en delitos vinculados al crimen organizado&#8230;.517 Luis Toledo R\u00edos Carolina Suazo Schwencke 16. Los sistemas de justicia: la defensa de los pilares de la democracia frente al uso de las nuevas tecnolog\u00edas&#8230;&#8230;&#8230;&#8230;&#8230;&#8230;&#8230;&#8230;&#8230;&#8230;&#8230;&#8230;&#8230;&#8230;&#8230; 549 Marion Soto Vivar Alejandro Gacit\u00faa Ren\u00e9 Villacura 17. Est\u00e1ndares y formatos de la relaci\u00f3n de las personas con las Administraciones P\u00fablicas en el siglo XXI&#8230;&#8230;&#8230;&#8230;&#8230;&#8230;&#8230;&#8230;&#8230;&#8230;&#8230;&#8230;&#8230;&#8230;&#8230;.. 583 Miguel \u00c1ngel Reyes Poblete<\/p>\n","protected":false},"featured_media":3503,"comment_status":"open","ping_status":"closed","template":"","meta":{"inline_featured_image":false,"_joinchat":[]},"product_brand":[],"product_cat":[33],"product_tag":[],"class_list":{"0":"post-3453","1":"product","2":"type-product","3":"status-publish","4":"has-post-thumbnail","6":"product_cat-constitucional","7":"product_shipping_class-a-convenir","9":"first","10":"instock","11":"shipping-taxable","12":"purchasable","13":"product-type-simple"},"_links":{"self":[{"href":"https:\/\/bibliotecajuridicavirtual.cl\/index.php\/wp-json\/wp\/v2\/product\/3453","targetHints":{"allow":["GET"]}}],"collection":[{"href":"https:\/\/bibliotecajuridicavirtual.cl\/index.php\/wp-json\/wp\/v2\/product"}],"about":[{"href":"https:\/\/bibliotecajuridicavirtual.cl\/index.php\/wp-json\/wp\/v2\/types\/product"}],"replies":[{"embeddable":true,"href":"https:\/\/bibliotecajuridicavirtual.cl\/index.php\/wp-json\/wp\/v2\/comments?post=3453"}],"wp:featuredmedia":[{"embeddable":true,"href":"https:\/\/bibliotecajuridicavirtual.cl\/index.php\/wp-json\/wp\/v2\/media\/3503"}],"wp:attachment":[{"href":"https:\/\/bibliotecajuridicavirtual.cl\/index.php\/wp-json\/wp\/v2\/media?parent=3453"}],"wp:term":[{"taxonomy":"product_brand","embeddable":true,"href":"https:\/\/bibliotecajuridicavirtual.cl\/index.php\/wp-json\/wp\/v2\/product_brand?post=3453"},{"taxonomy":"product_cat","embeddable":true,"href":"https:\/\/bibliotecajuridicavirtual.cl\/index.php\/wp-json\/wp\/v2\/product_cat?post=3453"},{"taxonomy":"product_tag","embeddable":true,"href":"https:\/\/bibliotecajuridicavirtual.cl\/index.php\/wp-json\/wp\/v2\/product_tag?post=3453"}],"curies":[{"name":"wp","href":"https:\/\/api.w.org\/{rel}","templated":true}]}}