{"id":3454,"date":"2026-02-28T01:14:06","date_gmt":"2026-02-28T04:14:06","guid":{"rendered":"https:\/\/bibliotecajuridicavirtual.cl\/?post_type=product&#038;p=3454"},"modified":"2026-02-28T01:15:04","modified_gmt":"2026-02-28T04:15:04","slug":"estudios-de-derecho-comercial-xiii-jornadas-chilenas-de-derecho-comercial-ano-mayo-2024-450-pag-autor-andrea-martinez-freile-y-osvaldo-lagos-villareal","status":"publish","type":"product","link":"https:\/\/bibliotecajuridicavirtual.cl\/index.php\/product\/estudios-de-derecho-comercial-xiii-jornadas-chilenas-de-derecho-comercial-ano-mayo-2024-450-pag-autor-andrea-martinez-freile-y-osvaldo-lagos-villareal\/","title":{"rendered":"Estudios de Derecho Comercial. XIII Jornadas Chilenas de Derecho Comercial. A\u00f1o Mayo 2024\/ 450 P\u00e1g. Autor Andrea Mart\u00ednez Freile y Osvaldo Lagos Villareal"},"content":{"rendered":"<p>El presente volumen re\u00fane los trabajos presentados en las XIII Jornadas de Derecho Comercial, organizadas en 2022 por la Universidad Adolfo Ib\u00e1\u00f1ez.<br \/>\nSe trata de trabajos arbitrados que recogen las investigaciones recientes de acad\u00e9micos de las universidades m\u00e1s prestigiosas del pa\u00eds, en diversas \u00e1reas del Derecho Comercial como Derecho de Sociedades, Derecho Concursal, Derecho de Seguros, Competencia Desleal, Contratos Mercantiles y Arbitraje.<br \/>\nLos autores abordan problemas espec\u00edficos del Derecho Comercial, de gran inter\u00e9s pr\u00e1ctico, aportando perspectivas originales. En materia de Derecho de Sociedades, se tratan temas como la disoluci\u00f3n y liquidaci\u00f3n de sociedades, el inter\u00e9s social, los grupos de sociedades, las acciones y participaciones sociales, compliance, sostenibilidad, control societario, divulgaci\u00f3n de informaci\u00f3n sobre operaciones con partes relacionadas e \u00edndices o rankings sobre institucionalidad de la actividad empresarial.<br \/>\nEn cuanto al Derecho Concursal, los trabajos tratan sobre PYMEs y stakeholders, cr\u00e9ditos p\u00fablicos, acreedores y conflictos de intereses. En Derecho de Seguros, las ponencias analizan el seguro de cauci\u00f3n, desde la perspectiva del inter\u00e9s y abstracci\u00f3n y de la reclamaci\u00f3n de la p\u00e9rdida, adem\u00e1s de los seguros param\u00e9tricos. Por su parte, los trabajos sobre Competencia Desleal analizan las pr\u00e1cticas agresivas y los usos expresivos en marcas comerciales. Esta compilaci\u00f3n tambi\u00e9n recoge un an\u00e1lisis sobre inteligencia artificial y contratos. Por \u00faltimo, en el texto se analizan cuestiones relativas al arbitraje, como su autonom\u00eda ante la ineficacia del contrato y su admisibilidad respecto a conocimientos de embarque.<\/p>\n<p>\u00cdndice<br \/>\nNota Editorial\u00a0\u00a0 \u00a0\u00a0\u00a0 \u00a09<br \/>\nLa disoluci\u00f3n por causa grave de la sociedad an\u00f3nima cerrada en concurso\u00a0\u00a0 \u00a0\u00a0\u00a0 \u00a011<br \/>\nLa unidad de la liquidaci\u00f3n societaria de la sociedad de responsabilidad limitada\u00a0\u00a0 \u00a0\u00a0\u00a0 \u00a037<br \/>\nAlgunos problemas que conlleva la afectaci\u00f3n de los derechos sociales y acciones como bienes familiares para el Derecho Comercial\u00a0\u00a0 \u00a0\u00a0\u00a0 \u00a063<br \/>\nEl inter\u00e9s social en la actividad empresarial del Estado\u00a0\u00a0 \u00a0\u00a0\u00a0 \u00a079<br \/>\nAlgunas ense\u00f1anzas del derecho alem\u00e1n de grupos de sociedades\u00a0\u00a0 \u00a0\u00a0\u00a0 \u00a0111<br \/>\nTratamiento del compliance en la Norma de Car\u00e1cter General N\u00ba 461 de la Comisi\u00f3n para el Mercado Financiero\u00a0\u00a0 \u00a0\u00a0\u00a0 \u00a0127<br \/>\nNuevos est\u00e1ndares de referencia y coercibilidad de las declaraciones de sostenibilidad en virtud de la NCG CMF N\u00b0 461 de 2021\u00a0\u00a0 \u00a0\u00a0\u00a0 \u00a0155<br \/>\nLa cambiante (y problem\u00e1tica) interpretaci\u00f3n administrativa sobre el concepto de control del art\u00edculo 199 de la Ley N\u00b0 18.045\u00a0\u00a0 \u00a0\u00a0\u00a0 \u00a0181<br \/>\nInformaci\u00f3n al mercado sobre operaciones con partes relacionadas \u00bfc\u00f3mo aprovechar la oportunidad de regular?\u00a0\u00a0 \u00a0\u00a0\u00a0 \u00a0199<br \/>\nSobre el fin de doingbusiness\u00a0\u00a0 \u00a0\u00a0\u00a0 \u00a0219<br \/>\nLos stakeholders de la mipyme insolvente\u00a0\u00a0 \u00a0\u00a0\u00a0 \u00a0237<br \/>\nA vueltas con la problem\u00e1tica de los cr\u00e9ditos p\u00fablicos en la exoneraci\u00f3n del pasivo insatisfecho en el texto refundido de la ley concursal espa\u00f1ol\u00a0\u00a0 \u00a0\u00a0\u00a0 \u00a0257<br \/>\nEl conflicto de intereses en la configuraci\u00f3n de la comisi\u00f3n de acreedores en el acuerdo de reorganizaci\u00f3n\u00a0\u00a0 \u00a0\u00a0\u00a0 \u00a0273<br \/>\nAbstracci\u00f3n, inter\u00e9s y obligaci\u00f3n de indemnizar en el seguro de cauci\u00f3n\u00a0\u00a0 \u00a0\u00a0\u00a0 \u00a0293<br \/>\nLa reclamaci\u00f3n de la p\u00e9rdida indemnizable en los seguros de cauci\u00f3n o garant\u00eda\u00a0\u00a0 \u00a0\u00a0\u00a0 \u00a0305<br \/>\nLas pr\u00e1cticas agresivas desleales: formulaci\u00f3n, sistematizaci\u00f3n y tutela del competidor afectado en el derecho chileno\u00a0\u00a0 \u00a0\u00a0\u00a0 \u00a0327<br \/>\nLos usos expresivos de las marcas comerciales: Un estudio comparado y una propuesta para el derecho chileno\u00a0\u00a0 \u00a0\u00a0\u00a0 \u00a0365<br \/>\nInteligencia artificial y contratos inteligentes\u00a0\u00a0 \u00a0\u00a0\u00a0 \u00a0395<br \/>\nRegulaci\u00f3n sobre coberturas o soluciones param\u00e9tricas: efectos frente al principio de indemnizaci\u00f3n y las cargas de comunicaci\u00f3n y acreditaci\u00f3n del siniestro\u00a0\u00a0 \u00a0\u00a0\u00a0 \u00a0407<br \/>\nNotas sobre el fundamento de la autonom\u00eda del arbitraje frente a la ineficacia del contrato que le origina. el aporte del arbitraje comercial internacional\u00a0\u00a0 \u00a0\u00a0\u00a0 \u00a0423<br \/>\nAdmisibilidad del arbitraje en los conocimientos de embarque mar\u00edtimo\u00a0\u00a0 \u00a0\u00a0\u00a0 \u00a0441<\/p>\n","protected":false},"excerpt":{"rendered":"<p>Buscas un libro Jur\u00eddico.? Lo puedes encontrar en nuestra tienda virtual.<br \/>\nContamos con prestigiosos autores y muchas alternativas en sus diferentes materias al igual que grandes descuentos.! Vis\u00edtanos en <a class=\"BZlYAjikHPGRJsJDVXcEAIgyCHVdMWfWWELYvU \" tabindex=\"0\" href=\"https:\/\/lnkd.in\/eiAG7jdZ\" target=\"_self\" data-test-app-aware-link=\"\">https:\/\/lnkd.in\/eiAG7jdZ<\/a><br \/>\nEscr\u00edbenos al +56930565235 \/ <a class=\"BZlYAjikHPGRJsJDVXcEAIgyCHVdMWfWWELYvU \" tabindex=\"0\" href=\"mailto:ventaslegallexglobal@gmail.com\" target=\"_self\" data-test-app-aware-link=\"\">ventaslegallexglobal@gmail.com<\/a><br \/>\nHacemos env\u00edos a todo Chile \u2013 Starken o Correos Chile \/ Te esperamos.<\/p>\n","protected":false},"featured_media":3504,"comment_status":"open","ping_status":"closed","template":"","meta":{"inline_featured_image":false,"_joinchat":[]},"product_brand":[],"product_cat":[45],"product_tag":[],"class_list":{"0":"post-3454","1":"product","2":"type-product","3":"status-publish","4":"has-post-thumbnail","6":"product_cat-administrativo","7":"product_shipping_class-a-convenir","9":"first","10":"instock","11":"shipping-taxable","12":"purchasable","13":"product-type-simple"},"_links":{"self":[{"href":"https:\/\/bibliotecajuridicavirtual.cl\/index.php\/wp-json\/wp\/v2\/product\/3454","targetHints":{"allow":["GET"]}}],"collection":[{"href":"https:\/\/bibliotecajuridicavirtual.cl\/index.php\/wp-json\/wp\/v2\/product"}],"about":[{"href":"https:\/\/bibliotecajuridicavirtual.cl\/index.php\/wp-json\/wp\/v2\/types\/product"}],"replies":[{"embeddable":true,"href":"https:\/\/bibliotecajuridicavirtual.cl\/index.php\/wp-json\/wp\/v2\/comments?post=3454"}],"wp:featuredmedia":[{"embeddable":true,"href":"https:\/\/bibliotecajuridicavirtual.cl\/index.php\/wp-json\/wp\/v2\/media\/3504"}],"wp:attachment":[{"href":"https:\/\/bibliotecajuridicavirtual.cl\/index.php\/wp-json\/wp\/v2\/media?parent=3454"}],"wp:term":[{"taxonomy":"product_brand","embeddable":true,"href":"https:\/\/bibliotecajuridicavirtual.cl\/index.php\/wp-json\/wp\/v2\/product_brand?post=3454"},{"taxonomy":"product_cat","embeddable":true,"href":"https:\/\/bibliotecajuridicavirtual.cl\/index.php\/wp-json\/wp\/v2\/product_cat?post=3454"},{"taxonomy":"product_tag","embeddable":true,"href":"https:\/\/bibliotecajuridicavirtual.cl\/index.php\/wp-json\/wp\/v2\/product_tag?post=3454"}],"curies":[{"name":"wp","href":"https:\/\/api.w.org\/{rel}","templated":true}]}}