{"id":3455,"date":"2026-02-28T01:14:06","date_gmt":"2026-02-28T04:14:06","guid":{"rendered":"https:\/\/bibliotecajuridicavirtual.cl\/?post_type=product&#038;p=3455"},"modified":"2026-02-28T01:15:05","modified_gmt":"2026-02-28T04:15:05","slug":"derecho-de-alimentos-6ta-edicion-ano-enero-2024-380-pag-autor-antonio-vodanovic-haklicka","status":"publish","type":"product","link":"https:\/\/bibliotecajuridicavirtual.cl\/index.php\/product\/derecho-de-alimentos-6ta-edicion-ano-enero-2024-380-pag-autor-antonio-vodanovic-haklicka\/","title":{"rendered":"Derecho de Alimentos &#8211; 6ta Edici\u00f3n. A\u00f1o Enero 2024\/ 380 P\u00e1g. Autor Antonio Vodanovic Haklicka"},"content":{"rendered":"<p style=\"font-weight: 400;\">El derecho de alimentos, es la obra jur\u00eddica mas completa que se ha escrito sobre esta materia, y que ha servido para orientar a la doctrina jur\u00eddica y la funci\u00f3n judicial en el establecimiento y la concurrencia de los elementos que la ley contempla para su procedencia, otorgamiento y valoraci\u00f3n del importe en su caso.<\/p>\n<p style=\"font-weight: 400;\">El destacado autor don Antonio Vodanovic Haklicka escribi\u00f3 y nos dej\u00f3 como legado este aporte a la ciencia del derecho civil, no obstante el transcurso del tiempo no ha sido indiferente con su contenido, en raz\u00f3n que los cambios legislativos han producido innovaciones estructurales que han sido abordadas en la presente edici\u00f3n, como, por ejemplo: la mediaci\u00f3n obligatoria como instancia previa, la competencia, procedimiento, la forma de conceder los alimentos provisorios, las garant\u00edas y seguridades para el cumplimiento de la obligaci\u00f3n alimenticia, entre otras modificaciones.<\/p>\n<p style=\"font-weight: 400;\">De este modo esta Quinta edici\u00f3n demuestra especial utilidad a quienes se acercan al estudio especifico del derecho civil y para el abogado litigante, y no solamente por la evoluci\u00f3n promovida diariamente por la jurisprudencia sino que principalmente por la marcada tendencia a la especializaci\u00f3n en esta materia, como consecuencia evidente de la creaci\u00f3n de la judicatura de familia competente para el conocimiento y resoluci\u00f3n de los conflictos que surgen a prop\u00f3sito del requerimiento de este derecho por parte de su titular.<\/p>\n<p style=\"font-weight: 400;\">En definitiva el presente texto aparece fundamental en la funci\u00f3n de comprender la regulaci\u00f3n del contenido del derecho subjetivo se\u00f1alado, y que se encuentra inserto en el v\u00e9rtice que vincula al derecho de familia con el derecho patrimonial, sin perder de vista que la intenci\u00f3n legislativa en orden a proporcionar los medios b\u00e1sicos requeridos para darle curso a una protecci\u00f3n de sus ciudadanos en el desarrollo de sus derechos fundamentales.<\/p>\n<p style=\"font-weight: 400;\"><b><strong>PRIMERA PARTE<br \/>\nEL DERECHO DE ALIMENTOS EN GENERAL<\/strong><\/b><\/p>\n<p style=\"font-weight: 400;\"><b><strong>CAP\u00cdTULO I<br \/>\nNOCIONES FUNDAMENTALES Y TERMINOLOG\u00cdA<\/strong><\/b><\/p>\n<p style=\"font-weight: 400;\"><b><strong>SEGUNDA PARTE<br \/>\nDE LOS ALIMENTOS QUE SE DEBEN POR LEY<\/strong><\/b><\/p>\n<p style=\"font-weight: 400;\"><b><strong>CAP\u00cdTULO II<br \/>\nDIVERSAS CUESTIONES GENERALES RELATIVAS A LOS ALIMENTOS FORZOSOS O LEGALES<\/strong><\/b><\/p>\n<p style=\"font-weight: 400;\"><b><strong>CAP\u00cdTULO III<br \/>\nALIMENTOS PROVISORIOS Y ALIMENTOS DEFINITIVOS<\/strong><\/b><\/p>\n<p style=\"font-weight: 400;\"><b><strong>CAP\u00cdTULO IV<br \/>\nREQUISITOS NECESARIOS PARA EXIGIR ALIMENTOS LEGALES<\/strong><\/b><\/p>\n<p style=\"font-weight: 400;\"><b><strong>CAP\u00cdTULO V<br \/>\nTITULARES DEL DERECHO DE ALIMENTOS ESTABLECIDOS POR EL C\u00d3DIGO CIVIL<\/strong><\/b><\/p>\n<p style=\"font-weight: 400;\"><b><strong>CAP\u00cdTULO VI<br \/>\nTITULARES DEL DERECHO DE ALIMENTOS ESTABLECIDOS EN CUERPOS LEGALES DISTINTOS DEL C\u00d3DIGO CIVIL<\/strong><\/b><\/p>\n<p style=\"font-weight: 400;\"><b><strong>CAP\u00cdTULO VII<br \/>\nDETERMINACI\u00d3N Y VALORACI\u00d3N DE LOS ELEMENTOS QUE SIRVEN PARA TASAR LA PENSI\u00d3N ALIMENTICIA<\/strong><\/b><\/p>\n<p style=\"font-weight: 400;\"><b><strong>CAP\u00cdTULO VIII<br \/>\nTASACI\u00d3N O FIJACI\u00d3N DE LA CUANT\u00cdA DE LOS ALIMENTOS<\/strong><\/b><\/p>\n<p style=\"font-weight: 400;\"><b><strong>CAP\u00cdTULO IX<br \/>\nMODOS O FORMAS DE SUMINISTRAR ALIMENTOS<\/strong><\/b><\/p>\n<p style=\"font-weight: 400;\"><b><strong>CAP\u00cdTULO X<br \/>\nNACIMIENTO, MODIFICACI\u00d3N Y EXTINCI\u00d3N DE LA OBLIGACI\u00d3N ALIMENTICIA<\/strong><\/b><\/p>\n<p style=\"font-weight: 400;\"><b><strong>CAP\u00cdTULO XI<br \/>\nGARANT\u00cdAS QUE ASEGURAN EL PAGO DE LAS PENSIONES ALIMENTICIAS<\/strong><\/b><\/p>\n<p style=\"font-weight: 400;\"><b><strong>CAP\u00cdTULO XII<br \/>\nCARACTERES DEL DERECHO DE ALIMENTOS<\/strong><\/b><\/p>\n<p style=\"font-weight: 400;\"><b><strong>CAP\u00cdTULO XIII<br \/>\nJUICIO DE ALIMENTOS<\/strong><\/b><\/p>\n<p style=\"font-weight: 400;\"><b><strong>CAP\u00cdTULO XIV<br \/>\nLITIS EXPENSAS, ABANDONO DEL PROCEDIMIENTO Y OTRAS CUESTIONES PROCESALES RELATIVAS A LOS JUICIOS DE ALIMENTOS<\/strong><\/b><\/p>\n<p style=\"font-weight: 400;\"><b><strong>CAP\u00cdTULO XV<br \/>\nLA COSA JUZGADA EN LOS JUICIOS DE ALIMENTOS<\/p>\n<p>TERCERA PARTE<br \/>\nALIMENTOS VOLUNTARIOS<\/strong><\/b><\/p>\n<p style=\"font-weight: 400;\"><b><strong>CAP\u00cdTULO XVI<\/strong><\/b><br \/>\n<b><strong>CONCEPTO Y DIVERSAS CUESTIONES RELATIVAS A ESOS ALIMENTOS<\/strong><\/b><\/p>\n<p><b><strong>T\u00cdTULO FINAL<\/strong><\/b><br \/>\n<b><strong>DEL REGISTRO NACIONAL DE DEUDORES DE PENSIONES DE ALIMENTOS<\/strong><\/b><\/p>\n","protected":false},"excerpt":{"rendered":"<p>El derecho de alimentos, es la obra jur\u00eddica mas completa que se ha escrito sobre esta materia, y que ha servido para orientar a la doctrina jur\u00eddica y la funci\u00f3n judicial en el establecimiento y la concurrencia de los elementos que la ley contempla para su procedencia, otorgamiento y valoraci\u00f3n del importe en su caso. El destacado autor don Antonio Vodanovic Haklicka escribi\u00f3 y nos dej\u00f3 como legado este aporte a la ciencia del derecho civil, no obstante el transcurso del tiempo no ha sido indiferente con su contenido, en raz\u00f3n que los cambios legislativos han producido innovaciones estructurales que han sido abordadas en la presente edici\u00f3n, como, por ejemplo: la mediaci\u00f3n obligatoria como instancia previa, la competencia, procedimiento, la forma de conceder los alimentos provisorios, las garant\u00edas y seguridades para el cumplimiento de la obligaci\u00f3n alimenticia, entre otras modificaciones. De este modo esta Quinta edici\u00f3n demuestra especial utilidad a quienes se acercan al estudio especifico del derecho civil y para el abogado litigante, y no solamente por la evoluci\u00f3n promovida diariamente por la jurisprudencia sino que principalmente por la marcada tendencia a la especializaci\u00f3n en esta materia, como consecuencia evidente de la creaci\u00f3n de la judicatura de familia competente para el conocimiento y resoluci\u00f3n de los conflictos que surgen a prop\u00f3sito del requerimiento de este derecho por parte de su titular. En definitiva el presente texto aparece fundamental en la funci\u00f3n de comprender la regulaci\u00f3n del contenido del derecho subjetivo se\u00f1alado, y que se encuentra inserto en el v\u00e9rtice que vincula al derecho de familia con el derecho patrimonial, sin perder de vista que la intenci\u00f3n legislativa en orden a proporcionar los medios b\u00e1sicos requeridos para darle curso a una protecci\u00f3n de sus ciudadanos en el desarrollo de sus derechos fundamentales. PRIMERA PARTE EL DERECHO DE ALIMENTOS EN GENERAL CAP\u00cdTULO I NOCIONES FUNDAMENTALES Y TERMINOLOG\u00cdA SEGUNDA PARTE DE LOS ALIMENTOS QUE SE DEBEN POR LEY CAP\u00cdTULO II DIVERSAS CUESTIONES GENERALES RELATIVAS A LOS ALIMENTOS FORZOSOS O LEGALES CAP\u00cdTULO III ALIMENTOS PROVISORIOS Y ALIMENTOS DEFINITIVOS CAP\u00cdTULO IV REQUISITOS NECESARIOS PARA EXIGIR ALIMENTOS LEGALES CAP\u00cdTULO V TITULARES DEL DERECHO DE ALIMENTOS ESTABLECIDOS POR EL C\u00d3DIGO CIVIL CAP\u00cdTULO VI TITULARES DEL DERECHO DE ALIMENTOS ESTABLECIDOS EN CUERPOS LEGALES DISTINTOS DEL C\u00d3DIGO CIVIL CAP\u00cdTULO VII DETERMINACI\u00d3N Y VALORACI\u00d3N DE LOS ELEMENTOS QUE SIRVEN PARA TASAR LA PENSI\u00d3N ALIMENTICIA CAP\u00cdTULO VIII TASACI\u00d3N O FIJACI\u00d3N DE LA CUANT\u00cdA DE LOS ALIMENTOS CAP\u00cdTULO IX MODOS O FORMAS DE SUMINISTRAR ALIMENTOS CAP\u00cdTULO X NACIMIENTO, MODIFICACI\u00d3N Y EXTINCI\u00d3N DE LA OBLIGACI\u00d3N ALIMENTICIA CAP\u00cdTULO XI GARANT\u00cdAS QUE ASEGURAN EL PAGO DE LAS PENSIONES ALIMENTICIAS CAP\u00cdTULO XII CARACTERES DEL DERECHO DE ALIMENTOS CAP\u00cdTULO XIII JUICIO DE ALIMENTOS CAP\u00cdTULO XIV LITIS EXPENSAS, ABANDONO DEL PROCEDIMIENTO Y OTRAS CUESTIONES PROCESALES RELATIVAS A LOS JUICIOS DE ALIMENTOS CAP\u00cdTULO XV LA COSA JUZGADA EN LOS JUICIOS DE ALIMENTOS TERCERA PARTE ALIMENTOS VOLUNTARIOS CAP\u00cdTULO XVI CONCEPTO Y DIVERSAS CUESTIONES RELATIVAS A ESOS ALIMENTOS T\u00cdTULO FINAL DEL REGISTRO NACIONAL DE DEUDORES DE PENSIONES DE ALIMENTOS<\/p>\n","protected":false},"featured_media":3505,"comment_status":"open","ping_status":"closed","template":"","meta":{"inline_featured_image":false,"_joinchat":[]},"product_brand":[],"product_cat":[29],"product_tag":[],"class_list":{"0":"post-3455","1":"product","2":"type-product","3":"status-publish","4":"has-post-thumbnail","6":"product_cat-familia-y-del-menor","7":"product_shipping_class-a-convenir","9":"first","10":"instock","11":"shipping-taxable","12":"purchasable","13":"product-type-simple"},"_links":{"self":[{"href":"https:\/\/bibliotecajuridicavirtual.cl\/index.php\/wp-json\/wp\/v2\/product\/3455","targetHints":{"allow":["GET"]}}],"collection":[{"href":"https:\/\/bibliotecajuridicavirtual.cl\/index.php\/wp-json\/wp\/v2\/product"}],"about":[{"href":"https:\/\/bibliotecajuridicavirtual.cl\/index.php\/wp-json\/wp\/v2\/types\/product"}],"replies":[{"embeddable":true,"href":"https:\/\/bibliotecajuridicavirtual.cl\/index.php\/wp-json\/wp\/v2\/comments?post=3455"}],"wp:featuredmedia":[{"embeddable":true,"href":"https:\/\/bibliotecajuridicavirtual.cl\/index.php\/wp-json\/wp\/v2\/media\/3505"}],"wp:attachment":[{"href":"https:\/\/bibliotecajuridicavirtual.cl\/index.php\/wp-json\/wp\/v2\/media?parent=3455"}],"wp:term":[{"taxonomy":"product_brand","embeddable":true,"href":"https:\/\/bibliotecajuridicavirtual.cl\/index.php\/wp-json\/wp\/v2\/product_brand?post=3455"},{"taxonomy":"product_cat","embeddable":true,"href":"https:\/\/bibliotecajuridicavirtual.cl\/index.php\/wp-json\/wp\/v2\/product_cat?post=3455"},{"taxonomy":"product_tag","embeddable":true,"href":"https:\/\/bibliotecajuridicavirtual.cl\/index.php\/wp-json\/wp\/v2\/product_tag?post=3455"}],"curies":[{"name":"wp","href":"https:\/\/api.w.org\/{rel}","templated":true}]}}