{"id":3473,"date":"2026-02-28T01:14:31","date_gmt":"2026-02-28T04:14:31","guid":{"rendered":"https:\/\/bibliotecajuridicavirtual.cl\/?post_type=product&#038;p=3473"},"modified":"2026-02-28T01:15:20","modified_gmt":"2026-02-28T04:15:20","slug":"derecho-colectivo-del-trabajo-en-chile-aspectos-practicos-y-analisis-jurisprudencial-ano-marzo-2024-176-pag-autor-gabriela-lanata-fuenzalida-catalina-condeza-lanata-camila-kopplin-lanata","status":"publish","type":"product","link":"https:\/\/bibliotecajuridicavirtual.cl\/index.php\/product\/derecho-colectivo-del-trabajo-en-chile-aspectos-practicos-y-analisis-jurisprudencial-ano-marzo-2024-176-pag-autor-gabriela-lanata-fuenzalida-catalina-condeza-lanata-camila-kopplin-lanata\/","title":{"rendered":"Derecho Colectivo del Trabajo en Chile &#8211; Aspectos Pr\u00e1cticos y An\u00e1lisis Jurisprudencial. A\u00f1o Marzo 2024\/ 176 P\u00e1g. Autor Gabriela Lanata Fuenzalida &#8211; Catalina Condeza Lanata &#8211; Camila Kopplin Lanata"},"content":{"rendered":"<p style=\"font-weight: 400;\">Este material busca orientar a abogados de las distintas \u00e1reas sobre los aspectos m\u00e1s importantes del Derecho Colectivo, rama del derecho que resulta sumamente importante para regular las relaciones entre trabajadores y empleadores.<\/p>\n<p style=\"font-weight: 400;\">Encontrar\u00e1n en este libro diversos aspectos de la materia y un tratamiento muy completo referido a la libertad sindical. Tambi\u00e9n contiene un tratamiento extenso y acabado de la negociaci\u00f3n colectiva, en todos sus diversos aspectos.<\/p>\n<p style=\"font-weight: 400;\">Cada materia tratada va acompa\u00f1ada de un an\u00e1lisis de la jurisprudencia actual emanada de los tribunales superiores de justicia de nuestro pa\u00eds.<\/p>\n<ol>\n<li style=\"font-weight: 400;\"><b><strong> INTRODUCCI\u00d3N<\/strong><\/b><\/li>\n<\/ol>\n<p style=\"font-weight: 400;\">1.1. Fuentes del derecho colectivo del trabajo y formas que asume su interpretaci\u00f3n por parte de la judicatura<\/p>\n<ol start=\"2\">\n<li style=\"font-weight: 400;\"><b><strong> LIBERTAD SINDICAL COMO DERECHO FUNDAMENTAL Y SUS MANIFESTACIONES EN EL DERECHO CHILENO<\/strong><\/b><\/li>\n<\/ol>\n<p style=\"font-weight: 400;\">2.1. Concepto de la libertad sindical<\/p>\n<p>2.2. Atributos o expresiones de la libertad sindical<br \/>\nA) Primera expresi\u00f3n<br \/>\nB) Segunda expresi\u00f3n<\/p>\n<p>2.3. Contenido de la libertad sindical<\/p>\n<p>2.4. La libertad sindical en la Organizaci\u00f3n Internacional del Trabajo<br \/>\nA) Convenio N\u00ba 87 de la Organizaci\u00f3n Internacional del Trabajo<br \/>\na. Derecho de constituci\u00f3n sin autorizaci\u00f3n previa<br \/>\nb. Derecho a constituir las organizaciones que estimen convenientes<br \/>\nc. Derecho de libre afiliaci\u00f3n<br \/>\nd. Derecho de reglamentaci\u00f3n<br \/>\ne. Derecho de representaci\u00f3n<br \/>\nf. Derecho a determinar su organizaci\u00f3n y funcionamiento<br \/>\ng. Garant\u00edas en la disoluci\u00f3n<br \/>\nh. Garant\u00eda de legalidad<br \/>\nB) Convenio N\u00ba 98 de la Organizaci\u00f3n Internacional del Trabajo<br \/>\na. Protecci\u00f3n contra actos de discriminaci\u00f3n<br \/>\nb. Autonom\u00eda sindical<br \/>\nc. Establecimiento de mecanismos de protecci\u00f3n<br \/>\nC) \u00d3rganos de control para el cumplimiento de los Convenios N\u00bas. 87 y 98<\/p>\n<p>2.5. Libertad sindical en la Constituci\u00f3n de 1980<\/p>\n<p>2.6. Tutela a trav\u00e9s de recurso de protecci\u00f3n<\/p>\n<p>2.7. Organizaciones sindicales<br \/>\nA) Caracter\u00edsticas de los sindicatos<br \/>\nB) Las organizaciones sindicales y su regulaci\u00f3n en el C\u00f3digo del Trabajo<br \/>\na. Titulares del derecho a sindicaci\u00f3n<br \/>\nb. Caracter\u00edsticas del derecho a sindicaci\u00f3n<br \/>\nc. Tipos de sindicatos<br \/>\nd. Objetivos de los sindicatos<br \/>\ne. Constituci\u00f3n de los sindicatos<br \/>\nf. Los estatutos<br \/>\ng. Organizaci\u00f3n interna del sindicato<br \/>\nh. Patrimonio sindical<br \/>\ni. Disoluci\u00f3n de los sindicatos<br \/>\nj. Organizaciones sindicales complejas<br \/>\nk. Fusi\u00f3n de las organizaciones sindicales<\/p>\n<p>2.8. Fuero sindical<br \/>\nA) Casos de fuero sindical<br \/>\na. Fuero de los trabajadores y las trabajadoras que concurren a la constituci\u00f3n de un sindicato<br \/>\nb. Fuero de los candidatos a directores sindicales<br \/>\nc. Fuero de los directores y las directoras<br \/>\nd. Fuero del delegado sindical<br \/>\nB) Limitaciones comunes a ciertas clases de fuero<br \/>\nC) Situaci\u00f3n especial de los sindicatos de trabajadores eventuales o transitorios<\/p>\n<p>2.9. Delegado sindical<\/p>\n<p>2.10. Las infracciones a la libertad sindical<br \/>\nA) Tipos de conductas antisindicales<br \/>\na. Pr\u00e1cticas antisindicales del empleador<br \/>\nb. Pr\u00e1cticas antisindicales del trabajador o la trabajadora, de las organizaciones sindicales o de estos y de la entidad empleadora<br \/>\nc. Conductas que pueden provenir de cualquier persona<br \/>\nB) Sanciones<br \/>\nC) Procedimiento de denuncia<br \/>\na. Titulares de la acci\u00f3n para denunciar<br \/>\nb. Plazo para efectuar la denuncia<br \/>\nc. Contenido de la denuncia<br \/>\nd. Tramitaci\u00f3n<br \/>\ne. Situaci\u00f3n especial de despido de un trabajador aforado<br \/>\nf. Situaci\u00f3n especial del despido de un trabajador no aforado<\/p>\n<p><b><strong>3. LA NEGOCIACI\u00d3N COLECTIVA Y SUS MODALIDADES<\/strong><\/b><\/p>\n<p>3.1. Regulaci\u00f3n legal<\/p>\n<p>3.2. \u00c1mbito de aplicaci\u00f3n<br \/>\nA) Punto de vista subjetivo<br \/>\na. \u00c1mbito gen\u00e9rico<br \/>\nb. \u00c1mbito espec\u00edfico<br \/>\nc. Limitaciones temporales al derecho a negociar colectivamente<br \/>\nB) Punto de vista objetivo<\/p>\n<p>3.3. Tipos de procedimiento de negociaci\u00f3n colectiva<\/p>\n<p>3.4. Formas de negociaci\u00f3n colectiva<br \/>\nA) Normas generales<br \/>\na. Negociaci\u00f3n de buena fe<br \/>\nb. Plazos<br \/>\nc. Ministros de fe<br \/>\nB) Negociaci\u00f3n por sindicatos de empresa<br \/>\na. Procedimiento de negociaci\u00f3n<br \/>\nb. Ejercicio del derecho a huelga<br \/>\nc. Procedimiento de la huelga<br \/>\nd. Efectos de la huelga<br \/>\ne. Limitaciones al ejercicio del derecho a huelga<br \/>\nf. Posici\u00f3n de la Corte Suprema respecto del derecho a huelga<br \/>\nC) Negociaci\u00f3n reglada de sindicatos interempresa y de trabajadores afiliados al sindicato interempresa<br \/>\nD) Negociaci\u00f3n colectiva de trabajadores eventuales, de temporada, obra o faena transitoria<br \/>\na. Presentaci\u00f3n del proyecto<br \/>\nb. Contenido m\u00ednimo del proyecto<br \/>\nc. Respuesta del empleador<br \/>\nd. Contenido m\u00ednimo de la contestaci\u00f3n<br \/>\ne. Reuniones<br \/>\nf. Otras normas especiales en este tipo de negociaci\u00f3n<br \/>\nE) Negociaci\u00f3n reglada de organizaciones de nivel superior<br \/>\nF) Negociaci\u00f3n no reglada<br \/>\nG) Negociaci\u00f3n por grupos de trabajadores<br \/>\nH) Unidad de empleador en relaci\u00f3n con la negociaci\u00f3n colectiva<\/p>\n<p>3.5. Pr\u00e1cticas desleales en la negociaci\u00f3n colectiva<br \/>\nA) Tipos de pr\u00e1cticas desleales<br \/>\na. Pr\u00e1cticas desleales del empleador<br \/>\nb. Pr\u00e1cticas desleales del trabajador, de las organizaciones sindicales o de estos y del empleador<br \/>\nc. Conductas de la empresa principal<br \/>\nB) Sanciones<br \/>\nC) Procedimiento de denuncia<br \/>\na. Titulares de la acci\u00f3n para denunciar<br \/>\nb. Tramitaci\u00f3n<br \/>\nc. Registro<\/p>\n<ol start=\"4\">\n<li style=\"font-weight: 400;\"><b><strong> DE LOS INSTRUMENTOS COLECTIVOS Y DE LA TITULARIDAD SINDICAL<\/strong><\/b>4.1. Tipos de instrumentos colectivos<br \/>\nA) Contrato colectivo<br \/>\nB) Convenio colectivo<br \/>\nC) Fallo o laudo arbitral<\/li>\n<\/ol>\n<p style=\"font-weight: 400;\">4.2. Formalidades de los instrumentos colectivos (art\u00edculo 320)<\/p>\n<p style=\"font-weight: 400;\">4.3. Contenido de los instrumentos colectivos<\/p>\n<p style=\"font-weight: 400;\">4.4. Modificaci\u00f3n del instrumento colectivo<\/p>\n<p style=\"font-weight: 400;\">4.5. Efectos del instrumento colectivo<br \/>\nA) Efecto normativo<br \/>\na. Relaci\u00f3n entre el instrumento colectivo y el contrato individual de trabajo<br \/>\nB) Efecto extensivo<br \/>\nC) Ultraactividad<\/p>\n<p>4.6. Vinculaci\u00f3n del trabajador con el instrumento colectivo<\/p>\n<p>4.7. Duraci\u00f3n y vigencia de los instrumentos colectivos<br \/>\nA) Duraci\u00f3n<br \/>\nB) Vigencia<\/p>\n<p>4.8. M\u00e9rito ejecutivo de los instrumentos colectivos<\/p>\n<ol start=\"5\">\n<li style=\"font-weight: 400;\"><b><strong> LA JUDICIALIZACI\u00d3N EN EL DERECHO COLECTIVO DEL TRABAJO<\/strong><\/b><\/li>\n<\/ol>\n<p style=\"font-weight: 400;\">5.1. Acciones judiciales en materia sindical<br \/>\nA) Observaciones de legalidad en la constituci\u00f3n de los sindicatos<br \/>\nB) Objeciones de legalidad a los estatutos o al acto de constituci\u00f3n de centrales sindicales<br \/>\nC) Conocimiento de las pr\u00e1cticas antisindicales<br \/>\nD) Intervenci\u00f3n en la disoluci\u00f3n de sindicatos<\/p>\n<p>5.2. Acciones judiciales en materia de negociaci\u00f3n colectiva<br \/>\nA) Reglas de aplicaci\u00f3n general en materia de reclamaciones<br \/>\nB) Normas comunes a todos los procedimientos<br \/>\nC) Situaciones reguladas de manera especial en el T\u00edtulo VIII del Libro IV del C\u00f3digo del Trabajo<br \/>\na. Retiro de reemplazantes en caso de huelga<br \/>\nb. Reclamaci\u00f3n de la determinaci\u00f3n de empresas sin derecho a huelga<br \/>\nc. Otras situaciones<\/p>\n","protected":false},"excerpt":{"rendered":"<p>Buscas un libro Jur\u00eddico.? Lo puedes encontrar en nuestra tienda virtual.<br \/>\nContamos con prestigiosos autores y muchas alternativas en sus diferentes materias al igual que grandes descuentos.! Vis\u00edtanos en <a class=\"tykvYtnSECpeoMKlqvoreUufywOfzdchUlzs \" href=\"https:\/\/lnkd.in\/eiAG7jdZ\" target=\"_blank\" rel=\"noopener\" data-test-app-aware-link=\"\">https:\/\/lnkd.in\/eiAG7jdZ<\/a><br \/>\nEscr\u00edbenos al +56930565235 \/ <a class=\"tykvYtnSECpeoMKlqvoreUufywOfzdchUlzs \" href=\"mailto:ventaslegallexglobal@gmail.com\" target=\"_self\" data-test-app-aware-link=\"\">ventaslegallexglobal@gmail.com<\/a><br \/>\nHacemos env\u00edos a todo Chile \u2013 Starken o Correos Chile \/ Te esperamos<\/p>\n","protected":false},"featured_media":3522,"comment_status":"open","ping_status":"closed","template":"","meta":{"inline_featured_image":false,"_joinchat":[]},"product_brand":[],"product_cat":[38,41],"product_tag":[],"class_list":{"0":"post-3473","1":"product","2":"type-product","3":"status-publish","4":"has-post-thumbnail","6":"product_cat-editorial-der-ediciones","7":"product_cat-laboral","8":"product_shipping_class-a-convenir","10":"first","11":"instock","12":"shipping-taxable","13":"purchasable","14":"product-type-simple"},"_links":{"self":[{"href":"https:\/\/bibliotecajuridicavirtual.cl\/index.php\/wp-json\/wp\/v2\/product\/3473","targetHints":{"allow":["GET"]}}],"collection":[{"href":"https:\/\/bibliotecajuridicavirtual.cl\/index.php\/wp-json\/wp\/v2\/product"}],"about":[{"href":"https:\/\/bibliotecajuridicavirtual.cl\/index.php\/wp-json\/wp\/v2\/types\/product"}],"replies":[{"embeddable":true,"href":"https:\/\/bibliotecajuridicavirtual.cl\/index.php\/wp-json\/wp\/v2\/comments?post=3473"}],"wp:featuredmedia":[{"embeddable":true,"href":"https:\/\/bibliotecajuridicavirtual.cl\/index.php\/wp-json\/wp\/v2\/media\/3522"}],"wp:attachment":[{"href":"https:\/\/bibliotecajuridicavirtual.cl\/index.php\/wp-json\/wp\/v2\/media?parent=3473"}],"wp:term":[{"taxonomy":"product_brand","embeddable":true,"href":"https:\/\/bibliotecajuridicavirtual.cl\/index.php\/wp-json\/wp\/v2\/product_brand?post=3473"},{"taxonomy":"product_cat","embeddable":true,"href":"https:\/\/bibliotecajuridicavirtual.cl\/index.php\/wp-json\/wp\/v2\/product_cat?post=3473"},{"taxonomy":"product_tag","embeddable":true,"href":"https:\/\/bibliotecajuridicavirtual.cl\/index.php\/wp-json\/wp\/v2\/product_tag?post=3473"}],"curies":[{"name":"wp","href":"https:\/\/api.w.org\/{rel}","templated":true}]}}