{"id":3477,"date":"2026-02-28T01:14:31","date_gmt":"2026-02-28T04:14:31","guid":{"rendered":"https:\/\/bibliotecajuridicavirtual.cl\/?post_type=product&#038;p=3477"},"modified":"2026-02-28T01:15:36","modified_gmt":"2026-02-28T04:15:36","slug":"tribunales-ambientales-en-chile-a-mas-de-10-anos-de-la-ley-no-20-600-ano-marzo-2024-124-pag-autor-kim-echeverria-r","status":"publish","type":"product","link":"https:\/\/bibliotecajuridicavirtual.cl\/index.php\/product\/tribunales-ambientales-en-chile-a-mas-de-10-anos-de-la-ley-no-20-600-ano-marzo-2024-124-pag-autor-kim-echeverria-r\/","title":{"rendered":"Tribunales ambientales en Chile. A m\u00e1s de 10 a\u00f1os de la Ley N\u00ba 20.600. A\u00f1o Marzo 2024\/  124 P\u00e1g. Autor Kim Echeverr\u00eda R."},"content":{"rendered":"<p style=\"font-weight: 400;\">M\u00e1s de 10 a\u00f1os han transcurrido de la publicaci\u00f3n de la Ley N\u00b0 20.600, que Crea los Tribunales Ambientales, y es por ello que el Primer Tribunal Ambiental se impuso el desaf\u00edo de generar esta obra que busca difundir y promover el rol que han tenido estos \u00f3rganos jurisdiccionales especiales desde su creaci\u00f3n, mostrando, a partir de una mirada acad\u00e9mica, los avances, las dificultades y los desaf\u00edos que han enfrentado y enfrentar\u00e1n.<\/p>\n<p style=\"font-weight: 400;\">A trav\u00e9s de aportes de destacadas acad\u00e9micas y acad\u00e9micos, la obra incorpora art\u00edculos que abordan diversas tem\u00e1ticas y enfoques, incluyendo una visi\u00f3n que no solo se agota en el plano nacional, sino que tambi\u00e9n a nivel comparado e internacional.<\/p>\n<p style=\"font-weight: 400;\">Esperamos que esta publicaci\u00f3n promueva el estudio y la discusi\u00f3n de temas que contribuyan al fortalecimiento de la justicia ambiental en Chile.<\/p>\n<p style=\"font-weight: 400;\">\n<ol>\n<li style=\"font-weight: 400;\"><em><b><strong> Criterios judiciales y potestad sancionadora ambiental. A 10 a\u00f1os de la publicaci\u00f3n de la Ley N\u00ba 20.600.<\/strong><\/b><\/em><br \/>\nRosa Fernanda G\u00f3mez Gonz\u00e1lez<\/li>\n<li style=\"font-weight: 400;\"><em><b><strong> Fundamentos del art\u00edculo 30 de la Ley N\u00b0 20.600 y el equilibrio entre el control y el criterio de deferencia en el actuar administrativo ambiental.<\/strong><\/b><\/em><br \/>\nRicardo Irarr\u00e1zabal S\u00e1nchez<\/li>\n<li style=\"font-weight: 400;\"><em><b><strong> Los programas de cumplimiento ambiental: un examen a su delineamiento responsivo.<br \/>\n<\/strong><\/b>Gladys Camacho C\u00e9peda<\/em><\/li>\n<li style=\"font-weight: 400;\"><em><b><strong> Recursos procesales en la Ley N\u00b0 20.600.<\/strong><\/b><\/em><br \/>\nRa\u00fal Tavolari Oliveros<\/li>\n<li style=\"font-weight: 400;\"><em><b><strong> La consideraci\u00f3n del cambio clim\u00e1tico a la luz de un caso concreto.<\/strong><\/b><\/em><br \/>\nPilar Moraga Sariego<\/li>\n<li style=\"font-weight: 400;\"><em><b><strong> Constituci\u00f3n y ley N\u00b0 20.600: los tribunales ambientales en el proceso constituyente.<\/strong><\/b><br \/>\n<\/em>Jos\u00e9 Luis Lara Arroyo y Gaspar Jenkins Pe\u00f1a y Lillo<\/li>\n<li style=\"font-weight: 400;\"><em><b><strong> Justicia Ambiental a nivel europeo y espa\u00f1ol.<\/strong><\/b><\/em><br \/>\nI\u00f1igo Sanz Rubiales<\/li>\n<li style=\"font-weight: 400;\"><em><b><strong> Litigaci\u00f3n Internacional y Da\u00f1o Ambiental Transfronterizo.<\/strong><\/b><\/em><br \/>\nP\u00eda Moscoso Restovic<\/li>\n<\/ol>\n","protected":false},"excerpt":{"rendered":"<p>M\u00e1s de 10 a\u00f1os han transcurrido de la publicaci\u00f3n de la Ley N\u00b0 20.600, que Crea los Tribunales Ambientales, y es por ello que el Primer Tribunal Ambiental se impuso el desaf\u00edo de generar esta obra que busca difundir y promover el rol que han tenido estos \u00f3rganos jurisdiccionales especiales desde su creaci\u00f3n, mostrando, a partir de una mirada acad\u00e9mica, los avances, las dificultades y los desaf\u00edos que han enfrentado y enfrentar\u00e1n. A trav\u00e9s de aportes de destacadas acad\u00e9micas y acad\u00e9micos, la obra incorpora art\u00edculos que abordan diversas tem\u00e1ticas y enfoques, incluyendo una visi\u00f3n que no solo se agota en el plano nacional, sino que tambi\u00e9n a nivel comparado e internacional. Esperamos que esta publicaci\u00f3n promueva el estudio y la discusi\u00f3n de temas que contribuyan al fortalecimiento de la justicia ambiental en Chile. Criterios judiciales y potestad sancionadora ambiental. A 10 a\u00f1os de la publicaci\u00f3n de la Ley N\u00ba 20.600. Rosa Fernanda G\u00f3mez Gonz\u00e1lez Fundamentos del art\u00edculo 30 de la Ley N\u00b0 20.600 y el equilibrio entre el control y el criterio de deferencia en el actuar administrativo ambiental. Ricardo Irarr\u00e1zabal S\u00e1nchez Los programas de cumplimiento ambiental: un examen a su delineamiento responsivo. Gladys Camacho C\u00e9peda Recursos procesales en la Ley N\u00b0 20.600. Ra\u00fal Tavolari Oliveros La consideraci\u00f3n del cambio clim\u00e1tico a la luz de un caso concreto. Pilar Moraga Sariego Constituci\u00f3n y ley N\u00b0 20.600: los tribunales ambientales en el proceso constituyente. Jos\u00e9 Luis Lara Arroyo y Gaspar Jenkins Pe\u00f1a y Lillo Justicia Ambiental a nivel europeo y espa\u00f1ol. I\u00f1igo Sanz Rubiales Litigaci\u00f3n Internacional y Da\u00f1o Ambiental Transfronterizo. P\u00eda Moscoso Restovic<\/p>\n","protected":false},"featured_media":3526,"comment_status":"open","ping_status":"closed","template":"","meta":{"inline_featured_image":false,"_joinchat":[]},"product_brand":[],"product_cat":[45],"product_tag":[],"class_list":{"0":"post-3477","1":"product","2":"type-product","3":"status-publish","4":"has-post-thumbnail","6":"product_cat-administrativo","7":"product_shipping_class-a-convenir","9":"first","10":"instock","11":"shipping-taxable","12":"purchasable","13":"product-type-simple"},"_links":{"self":[{"href":"https:\/\/bibliotecajuridicavirtual.cl\/index.php\/wp-json\/wp\/v2\/product\/3477","targetHints":{"allow":["GET"]}}],"collection":[{"href":"https:\/\/bibliotecajuridicavirtual.cl\/index.php\/wp-json\/wp\/v2\/product"}],"about":[{"href":"https:\/\/bibliotecajuridicavirtual.cl\/index.php\/wp-json\/wp\/v2\/types\/product"}],"replies":[{"embeddable":true,"href":"https:\/\/bibliotecajuridicavirtual.cl\/index.php\/wp-json\/wp\/v2\/comments?post=3477"}],"wp:featuredmedia":[{"embeddable":true,"href":"https:\/\/bibliotecajuridicavirtual.cl\/index.php\/wp-json\/wp\/v2\/media\/3526"}],"wp:attachment":[{"href":"https:\/\/bibliotecajuridicavirtual.cl\/index.php\/wp-json\/wp\/v2\/media?parent=3477"}],"wp:term":[{"taxonomy":"product_brand","embeddable":true,"href":"https:\/\/bibliotecajuridicavirtual.cl\/index.php\/wp-json\/wp\/v2\/product_brand?post=3477"},{"taxonomy":"product_cat","embeddable":true,"href":"https:\/\/bibliotecajuridicavirtual.cl\/index.php\/wp-json\/wp\/v2\/product_cat?post=3477"},{"taxonomy":"product_tag","embeddable":true,"href":"https:\/\/bibliotecajuridicavirtual.cl\/index.php\/wp-json\/wp\/v2\/product_tag?post=3477"}],"curies":[{"name":"wp","href":"https:\/\/api.w.org\/{rel}","templated":true}]}}