{"id":3479,"date":"2026-02-28T01:14:31","date_gmt":"2026-02-28T04:14:31","guid":{"rendered":"https:\/\/bibliotecajuridicavirtual.cl\/?post_type=product&#038;p=3479"},"modified":"2026-02-28T01:15:42","modified_gmt":"2026-02-28T04:15:42","slug":"procedimientos-juzgados-laborales-duodecima-edicion-ano-2024-406-pag-autor-eric-andres-chavez-chavez","status":"publish","type":"product","link":"https:\/\/bibliotecajuridicavirtual.cl\/index.php\/product\/procedimientos-juzgados-laborales-duodecima-edicion-ano-2024-406-pag-autor-eric-andres-chavez-chavez\/","title":{"rendered":"Procedimientos Juzgados Laborales, Duod\u00e9cima Edici\u00f3n. A\u00f1o 2024 \/ 406 P\u00e1g. Autor Eric Andres Chavez Chavez"},"content":{"rendered":"<h6 style=\"font-weight: 400;\"><strong>Los\u00a0&#8220;Procedimientos Juzgados Laborales. Pr\u00e1ctica Forense y Jurisprudencia&#8221;,\u00a0del abogado\u00a0<em>Eric Andr\u00e9s Ch\u00e1vez Ch\u00e1vez<\/em>, es una obra que incluye en su\u00a0<u>1\u00aa Parte<\/u>,\u00a0un an\u00e1lisis completo y actualizado de los Procedimientos Laborales, destinado a los abogados, en el desempe\u00f1o de su actividad jurisdiccional en los estrados de manera did\u00e1ctica y precisa, cuya utilidad se ver\u00e1 en el uso diario de este texto.<\/strong><\/p>\n<p><strong>Cuenta, adem\u00e1s, el libro en su\u00a0<u>2\u00aa Parte<\/u>\u00a0con una\u00a0<em>Jurisprudencia<\/em>\u00a0para que los usuarios puedan tener a la vista los \u00faltimos criterios de los Tribunales Superiores de Justicia en la materia que pretende ejercer su acci\u00f3n a lo menos como forma referencial.<\/strong><\/p>\n<p><strong>En su\u00a0<u>3\u00aa Parte<\/u>\u00a0cuenta con una\u00a0<em>pr\u00e1ctica forense,\u00a0<\/em>que contiene las principales demandas y escritos de mera tramitaci\u00f3n, para dar la agilidad a la redacci\u00f3n de los escritos por parte del abogado [<em>record\u00e1ndose los principales<\/em>] y as\u00ed tener un libro \u00edntegro para su estudio.<\/strong><\/h6>\n","protected":false},"excerpt":{"rendered":"<p>Los\u00a0&#8220;Procedimientos Juzgados Laborales. Pr\u00e1ctica Forense y Jurisprudencia&#8221;,\u00a0del abogado\u00a0Eric Andr\u00e9s Ch\u00e1vez Ch\u00e1vez, es una obra que incluye en su\u00a01\u00aa Parte,\u00a0un an\u00e1lisis completo y actualizado de los Procedimientos Laborales, destinado a los abogados, en el desempe\u00f1o de su actividad jurisdiccional en los estrados de manera did\u00e1ctica y precisa, cuya utilidad se ver\u00e1 en el uso diario de este texto. Cuenta, adem\u00e1s, el libro en su\u00a02\u00aa Parte\u00a0con una\u00a0Jurisprudencia\u00a0para que los usuarios puedan tener a la vista los \u00faltimos criterios de los Tribunales Superiores de Justicia en la materia que pretende ejercer su acci\u00f3n a lo menos como forma referencial. En su\u00a03\u00aa Parte\u00a0cuenta con una\u00a0pr\u00e1ctica forense,\u00a0que contiene las principales demandas y escritos de mera tramitaci\u00f3n, para dar la agilidad a la redacci\u00f3n de los escritos por parte del abogado [record\u00e1ndose los principales] y as\u00ed tener un libro \u00edntegro para su estudio.<\/p>\n","protected":false},"featured_media":3534,"comment_status":"open","ping_status":"closed","template":"","meta":{"inline_featured_image":false,"_joinchat":[]},"product_brand":[],"product_cat":[41],"product_tag":[],"class_list":{"0":"post-3479","1":"product","2":"type-product","3":"status-publish","4":"has-post-thumbnail","6":"product_cat-laboral","7":"product_shipping_class-a-convenir","9":"first","10":"instock","11":"shipping-taxable","12":"purchasable","13":"product-type-simple"},"_links":{"self":[{"href":"https:\/\/bibliotecajuridicavirtual.cl\/index.php\/wp-json\/wp\/v2\/product\/3479","targetHints":{"allow":["GET"]}}],"collection":[{"href":"https:\/\/bibliotecajuridicavirtual.cl\/index.php\/wp-json\/wp\/v2\/product"}],"about":[{"href":"https:\/\/bibliotecajuridicavirtual.cl\/index.php\/wp-json\/wp\/v2\/types\/product"}],"replies":[{"embeddable":true,"href":"https:\/\/bibliotecajuridicavirtual.cl\/index.php\/wp-json\/wp\/v2\/comments?post=3479"}],"wp:featuredmedia":[{"embeddable":true,"href":"https:\/\/bibliotecajuridicavirtual.cl\/index.php\/wp-json\/wp\/v2\/media\/3534"}],"wp:attachment":[{"href":"https:\/\/bibliotecajuridicavirtual.cl\/index.php\/wp-json\/wp\/v2\/media?parent=3479"}],"wp:term":[{"taxonomy":"product_brand","embeddable":true,"href":"https:\/\/bibliotecajuridicavirtual.cl\/index.php\/wp-json\/wp\/v2\/product_brand?post=3479"},{"taxonomy":"product_cat","embeddable":true,"href":"https:\/\/bibliotecajuridicavirtual.cl\/index.php\/wp-json\/wp\/v2\/product_cat?post=3479"},{"taxonomy":"product_tag","embeddable":true,"href":"https:\/\/bibliotecajuridicavirtual.cl\/index.php\/wp-json\/wp\/v2\/product_tag?post=3479"}],"curies":[{"name":"wp","href":"https:\/\/api.w.org\/{rel}","templated":true}]}}