{"id":3482,"date":"2026-02-28T01:14:31","date_gmt":"2026-02-28T04:14:31","guid":{"rendered":"https:\/\/bibliotecajuridicavirtual.cl\/?post_type=product&#038;p=3482"},"modified":"2026-02-28T01:15:46","modified_gmt":"2026-02-28T04:15:46","slug":"tratado-de-derecho-penal-5ta-edicion-vii-tomos-tapa-dura-autor-luis-jimenez-de-asua","status":"publish","type":"product","link":"https:\/\/bibliotecajuridicavirtual.cl\/index.php\/product\/tratado-de-derecho-penal-5ta-edicion-vii-tomos-tapa-dura-autor-luis-jimenez-de-asua\/","title":{"rendered":"Tratado de Derecho Penal &#8211; 5ta Edici\u00f3n &#8211;  VII Tomos &#8211; Tapa Dura. Autor Luis Jim\u00e9nez de As\u00faa"},"content":{"rendered":"<p>Tomo I: Concepto de Derecho Penal y de la Criminolog\u00eda, Historia y Legislaci\u00f3n\u00a0 Penal Comparada.<\/p>\n<p>Tomo II: Filosof\u00eda y Ley Penal<\/p>\n<p>Tomo III: El Delito.<\/p>\n<p>Tomo IV: El Delito<\/p>\n<p>Tomo V: La Culpabilidad<\/p>\n<p>Tomo VI: La Culpabilidad y su Exclusi\u00f3n<\/p>\n<p>Tomo VII: El Delito y su Exteriorizaci\u00f3n<\/p>\n","protected":false},"excerpt":{"rendered":"<h5 style=\"text-align: right;\"><span style=\"color: #ff0000;\">LIBRO EXTRANJERO\u00a0<\/span><\/h5>\n","protected":false},"featured_media":3537,"comment_status":"open","ping_status":"closed","template":"","meta":{"inline_featured_image":false,"_joinchat":[]},"product_brand":[],"product_cat":[30],"product_tag":[],"class_list":{"0":"post-3482","1":"product","2":"type-product","3":"status-publish","4":"has-post-thumbnail","6":"product_cat-penal","7":"product_shipping_class-a-convenir","9":"first","10":"instock","11":"shipping-taxable","12":"purchasable","13":"product-type-simple"},"_links":{"self":[{"href":"https:\/\/bibliotecajuridicavirtual.cl\/index.php\/wp-json\/wp\/v2\/product\/3482","targetHints":{"allow":["GET"]}}],"collection":[{"href":"https:\/\/bibliotecajuridicavirtual.cl\/index.php\/wp-json\/wp\/v2\/product"}],"about":[{"href":"https:\/\/bibliotecajuridicavirtual.cl\/index.php\/wp-json\/wp\/v2\/types\/product"}],"replies":[{"embeddable":true,"href":"https:\/\/bibliotecajuridicavirtual.cl\/index.php\/wp-json\/wp\/v2\/comments?post=3482"}],"wp:featuredmedia":[{"embeddable":true,"href":"https:\/\/bibliotecajuridicavirtual.cl\/index.php\/wp-json\/wp\/v2\/media\/3537"}],"wp:attachment":[{"href":"https:\/\/bibliotecajuridicavirtual.cl\/index.php\/wp-json\/wp\/v2\/media?parent=3482"}],"wp:term":[{"taxonomy":"product_brand","embeddable":true,"href":"https:\/\/bibliotecajuridicavirtual.cl\/index.php\/wp-json\/wp\/v2\/product_brand?post=3482"},{"taxonomy":"product_cat","embeddable":true,"href":"https:\/\/bibliotecajuridicavirtual.cl\/index.php\/wp-json\/wp\/v2\/product_cat?post=3482"},{"taxonomy":"product_tag","embeddable":true,"href":"https:\/\/bibliotecajuridicavirtual.cl\/index.php\/wp-json\/wp\/v2\/product_tag?post=3482"}],"curies":[{"name":"wp","href":"https:\/\/api.w.org\/{rel}","templated":true}]}}